{"id":34,"date":"2017-06-28T12:52:52","date_gmt":"2017-06-28T12:52:52","guid":{"rendered":"http:\/\/www.ull.es\/masteres\/desarrollo-y-gestion-de-recursos-humanos\/?page_id=24"},"modified":"2025-12-11T07:33:00","modified_gmt":"2025-12-11T07:33:00","slug":"estructura-del-plan-de-estudios","status":"publish","type":"page","link":"https:\/\/www.ull.es\/grados\/ingenieria-quimica-industrial\/en\/plan-de-estudios\/estructura-del-plan-de-estudios\/","title":{"rendered":"Curriculum Structure"},"content":{"rendered":"\n<div class=\"wp-block-stackable-columns alignfull stk-block-columns stk-block stk-8657999\" data-block-id=\"8657999\"><style>.stk-8657999 {padding-bottom:0px !important;margin-top:-30px !important;margin-bottom:0px !important;}@media screen and (max-width: 767px){.stk-8657999 {margin-top:-10% !important;}}<\/style><div class=\"stk-row stk-inner-blocks stk-block-content stk-content-align stk-8657999-column alignfull\">\n<div class=\"wp-block-stackable-column stk-block-column stk-column stk-block stk-914f03e\" data-v=\"4\" data-block-id=\"914f03e\"><div class=\"stk-column-wrapper stk-block-column__content stk-container stk-914f03e-container stk--no-background stk--no-padding\"><div class=\"stk-block-content stk-inner-blocks stk-914f03e-inner-blocks\"><style id=\"depicter-1-inline-pre-css\">\n\n.depicter-1:not(.depicter-ready){\n\theight:450px;\n}\n\n\/***** Tablet *****\/\n@media screen and (max-width: 1024px){\n\n.depicter-1:not(.depicter-ready){\n\theight:700px;\n}\n\n}\n\/***** Mobile *****\/\n@media screen and (max-width: 767px){\n\n.depicter-1:not(.depicter-ready){\n\theight:360px;\n}\n\n}\n<\/style>\n<div id=\"depicter-1\" class=\"depicter depicter-document depicter-revert depicter-1 depicter-layout-fullwidth\">\n\n<div class=\"depicter-loading-container depicter-loading dotFlashing-dark\"><div class=\"depicter-loading-dark depicter-dot-flashing\">\n   <span><\/span>\n   <span><\/span>\n   <span><\/span>\n<\/div>\n<\/div>\n<div id=\"depicter-1-section-1\" class=\"depicter-section depicter-1-section-1\" data-name=\"Section 1\" data-type=\"section\" data-local-id=\"section-1\">\n<picture class=\"depicter-bg\">\n<source data-depicter-srcset=\"https:\/\/www.ull.es\/grados\/ingenieria-quimica-industrial\/wp-content\/uploads\/sites\/15\/2025\/04\/Slider_Ingenieri\u0301a_Qui\u0301mica_Industrial-768x248.jpg, https:\/\/www.ull.es\/grados\/ingenieria-quimica-industrial\/wp-content\/uploads\/sites\/15\/2025\/04\/Slider_Ingenieri\u0301a_Qui\u0301mica_Industrial.jpg 2x\" srcset=\"data:image\/gif;base64,R0lGODlhAQABAIAAAAAAAP\/\/\/yH5BAEAAAAALAAAAAABAAEAAAIBRAA7\" media=\"(max-width: 1024px)\" \/>\n\n<source data-depicter-srcset=\"https:\/\/www.ull.es\/grados\/ingenieria-quimica-industrial\/wp-content\/uploads\/sites\/15\/2025\/04\/Slider_Ingenieri\u0301a_Qui\u0301mica_Industrial.jpg, https:\/\/www.ull.es\/grados\/ingenieria-quimica-industrial\/wp-content\/uploads\/sites\/15\/2025\/04\/Slider_Ingenieri\u0301a_Qui\u0301mica_Industrial-1921x621.jpg 2x\" srcset=\"data:image\/gif;base64,R0lGODlhAQABAIAAAAAAAP\/\/\/yH5BAEAAAAALAAAAAABAAEAAAIBRAA7\" media=\"(min-width: 1025px)\" \/>\n<img decoding=\"async\" src=\"data:image\/gif;base64,R0lGODlhAQABAIAAAAAAAP\/\/\/yH5BAEAAAAALAAAAAABAAEAAAIBRAA7\" data-ken-burns=\"false\" data-tablet-ken-burns=\"false\" data-mobile-ken-burns=\"false\" alt=\"\" data-depicter-src=\"https:\/\/www.ull.es\/grados\/ingenieria-quimica-industrial\/wp-content\/uploads\/sites\/15\/2025\/04\/Slider_Ingenieri\u0301a_Qui\u0301mica_Industrial.jpg\" data-object-fit=\"custom,custom,\" data-object-position=\"center top,,\" data-crop=\"{'focalPoint':{'x':0.5,'y':0.5},'mediaSize':{'width':1392.028985507246261477121151983737945556640625,'height':450}}\" data-tablet-crop=\"{'focalPoint':{'x':0.5,'y':0.5},'mediaSize':{'width':2165.3784219001609017141163349151611328125,'height':699.9999999999998863131622783839702606201171875}}\" data-mobile-crop=\"{'focalPoint':{'x':0.5,'y':0.5},'mediaSize':{'width':1113.623188405797236555372364819049835205078125,'height':360}}\" \/>\n<\/picture>\n\n\n<h1 id=\"depicter-1-element-5\" class=\"depicter-element depicter-layer depicter-1-element-5\" data-type=\"text\" data-wrap=\"true\" data-name=\"Text 2\" data-local-id=\"element-5\" data-offset=\"x:87px;y:125px;origin:tl\" data-tablet-offset=\"x:232px;y:293px;origin:tl\" data-mobile-offset=\"x:6px;y:-159px;origin:tl\" data-width=\"1027px,589px,348px\" data-height=\"auto,auto,auto\" data-responsive-scale=\"true,,\">Grado en Ingenier\u00eda Qu\u00edmica Industrial<\/h1>\n\n<div id=\"depicter-1-element-10\" class=\"depicter-element depicter-layer depicter-1-element-10\" data-type=\"shape\" data-wrap=\"true\" data-name=\"Shape 1\" data-local-id=\"element-10\" data-offset=\"x:87px;y:338px;origin:tl\" data-tablet-offset=\"x:232px;y:426px;origin:tl\" data-mobile-offset=\"x:6px;y:33px;origin:tl\" data-width=\"968px,555px,309px\" data-height=\"8px,8px,8px\" data-responsive-scale=\"true,,\"><\/div>\n<\/div>\n<\/div>\n<script>\n(window.depicterSetups = window.depicterSetups || []).push(function(){\n\tDepicter.basePath = 'https:\/\/www.ull.es\/grados\/ingenieria-quimica-industrial\/wp-content\/plugins\/depicter\/resources\/scripts\/player\/';\n\tconst dpPlayer = Depicter.setup('.depicter-1',\n\t\t{\"width\":[\"1200\",\"1024\",\"360\"],\"height\":[\"450\",\"700\",\"360\"],\"view\":\"basic\",\"keepAspectRatio\":true,\"preload\":0,\"layout\":\"fullwidth\",\"rtl\":false,\"initAfterAppear\":false,\"ajaxApiUrl\":\"https:\\\/\\\/www.ull.es\\\/grados\\\/ingenieria-quimica-industrial\\\/wp-admin\\\/admin-ajax.php\",\"mouseSwipe\":true,\"touchSwipe\":true,\"useWatermark\":false}\n\t);\n});\n<\/script><\/div><\/div><\/div>\n<\/div><\/div>\n\n\n\n<div class=\"wp-block-stackable-columns alignfull stk-block-columns stk--hide-mobile stk-block stk-ceecbdc stk-block-background\" data-block-id=\"ceecbdc\"><style>.stk-ceecbdc {background-color:#360060 !important;padding-top:35px !important;padding-right:0px !important;padding-bottom:2px !important;padding-left:0px !important;margin-top:-20px !important;margin-bottom:70px !important;}.stk-ceecbdc:before{background-color:#360060 !important;}<\/style><div class=\"stk-row stk-inner-blocks stk-block-content stk-content-align stk-ceecbdc-column alignfull\">\n<div class=\"wp-block-stackable-column stk-block-column stk-column stk-block stk-fc60a5d\" data-v=\"4\" data-block-id=\"fc60a5d\"><div class=\"stk-column-wrapper stk-block-column__content stk-container stk-fc60a5d-container stk--no-background stk--no-padding\"><div class=\"stk-block-content stk-inner-blocks stk-fc60a5d-inner-blocks\">\n<div class=\"wp-block-stackable-spacer stk-block-spacer stk--no-padding stk-block stk-a3a8a68\" data-block-id=\"a3a8a68\"><style>.stk-a3a8a68 {height:0px !important;}<\/style><\/div>\n<\/div><\/div><\/div>\n<\/div><\/div>\n\n\n\n<div class=\"wp-block-stackable-columns stk-block-columns stk-block stk-8b59b96\" data-block-id=\"8b59b96\"><style>.stk-8b59b96 .stk--block-align-8b59b96{align-items:flex-start !important;}.stk-8b59b96 {margin-top:25px !important;}.stk-8b59b96-column{--stk-columns-spacing:0px !important;--stk-column-gap:50px !important;}@media screen and (max-width: 767px){.stk-8b59b96-column{row-gap:var(--stk--preset--spacing--60, 2.25rem) !important;}}<\/style><div class=\"stk-row stk-inner-blocks stk--block-align-8b59b96 stk-block-content stk-content-align stk-8b59b96-column\">\n<div class=\"wp-block-stackable-column stk-block-column stk-column stk-block stk-dbb7e15\" data-v=\"4\" data-block-id=\"dbb7e15\"><div class=\"stk-column-wrapper stk-block-column__content stk-container stk-dbb7e15-container stk--no-background stk--no-padding\"><div class=\"stk-block-content stk-inner-blocks stk-dbb7e15-inner-blocks\">\n<div class=\"wp-block-stackable-heading stk-block-heading stk-block-heading--v2 stk-block stk-689c258\" id=\"estructura-del-plan-de-estudios\" data-block-id=\"689c258\"><style>.stk-689c258 .stk-block-heading__text{color:#5c068c !important;}<\/style><h1 class=\"stk-block-heading__text has-text-color\">Estructura del Plan de estudios<\/h1><\/div>\n\n\n\n<h2 class=\"wp-block-heading\">Distribuci\u00f3n del plan de estudios en cr\u00e9ditos ECTS, por tipo de materia<\/h2>\n\n\n\n<p>De acuerdo con el Art. 5 del RD 1125\/2003, \u201cel cr\u00e9dito europeo es la unidad de medida del haber acad\u00e9mico que representa la cantidad de trabajo del estudiante para cumplir los objetivos del programa de estudios y que se obtiene por la superaci\u00f3n de cada una de las materias que integran los planes de estudios de las diversas ense\u00f1anzas conducentes a la obtenci\u00f3n de t\u00edtulos universitarios de car\u00e1cter oficial y validez en todo el territorio nacional. En esta unidad de medida se integran las ense\u00f1anzas te\u00f3ricas y pr\u00e1cticas, as\u00ed como otras actividades acad\u00e9micas dirigidas, con inclusi\u00f3n de las horas de estudio y de trabajo que el alumnado debe realizar para alcanzar los objetivos formativos propios de cada una de las materias del correspondiente plan de estudios.\u201d La distribuci\u00f3n del Plan de Estudios queda resumida en la tabla siguiente:<\/p>\n\n\n\n<div class=\"wp-block-stackable-spacer stk-block-spacer stk--no-padding stk-block stk-7352001\" data-block-id=\"7352001\"><\/div>\n\n\n\n<style>\ntable td, table th {\n  transition: transform 0.2s, box-shadow 0.2s;\n}\ntable td:hover, table th:hover {\n  transform: scale(1.02);\n  box-shadow: 0 0.75rem 1.5rem rgba(0,0,0,0.15);\n}\n<\/style>\n<table class=\"table table-bordered table-striped align-middle text-center shadow\" style=\"border-collapse: separate; border-spacing: 0; box-shadow: 0 0.5rem 1rem rgba(0,0,0,0.15); border-radius:2rem;\">\n  <thead style=\"background-color: #360060; color: #fff;\">\n    <tr>\n      <th scope=\"col\" colspan=\"10\" style=\"text-align:center; border-top-left-radius: 1.5rem; border-top-right-radius: 1.5rem;\">Distribuci\u00f3n del plan de estudios por tipo de materia<\/th>\n    <\/tr>\n  <\/thead>\n  <tbody>\n    <tr class=\"fw-bold text-white\" style=\"background-color: #490a79; color:#fff;\">\n      <td style=\"color:#fff; font-weight:bold;\">&#8211;<\/td>\n      <td style=\"font-weight:bold;\">Cr\u00e9ditos<\/td>\n    <\/tr>\n    <tr>\n      <td>Formaci\u00f3n b\u00e1sica<\/td>\n      <td>60<\/td>\n    <\/tr>\n    <tr class=\"table-light\">\n      <td>Obligatorias<\/td>\n      <td>144<\/td>\n    <\/tr>\n    <tr>\n      <td>Optativas<\/td>\n      <td>24<\/td>\n    <\/tr>\n    <tr class=\"table-light\">\n      <td>Pr\u00e1cticas Externas<\/td>\n      <td>12<\/td>\n    <\/tr>\n    <tr>\n      <td>Trabajo Fin de Grado<\/td>\n      <td>12<\/td>\n    <\/tr>\n    <tr class=\"fw-bold text-white\" style=\"background-color: #490a79; color:#fff;\">\n      <td style=\"border-bottom-left-radius: 1.5rem; color:#fff; font-weight:bold;\">Cr\u00e9ditos totales<\/td>\n      <td style=\"font-weight:bold; border-bottom-right-radius: 1.5rem;\">240<\/td>\n    <\/tr>\n  <\/tbody>\n<\/table>\n\n\n\n<h2 class=\"wp-block-heading\"><strong>Descripci\u00f3n detallada de las materias de ense\u00f1anza-aprendizaje de que consta el plan de estudios<\/strong><\/h2>\n\n\n\n<p>Se detalla a continuaci\u00f3n las materias de que consta el Plan de Estudios de Grado en Ingenier\u00eda Qu\u00edmica Industrial por la Universidad de La Laguna indicando: nombre de la asignatura, materia b\u00e1sica correspondiente al Anexo II de la rama de Arquitectura e Ingenier\u00eda (RD 1393\/2007), cr\u00e9ditos ECTS, tipo de materia (seg\u00fan RD 139372007), m\u00f3dulo al que pertenece (seg\u00fan Orden CIN\/351\/2009), y la planificaci\u00f3n temporal en cursos y cuatrimestres.<\/p>\n\n\n\n<style>\n\/* Efectos hover globales *\/\ntable td, table th {\n  transition: transform 0.2s, box-shadow 0.2s;\n}\ntable td:hover, table th:hover {\n  transform: scale(1.02);\n  box-shadow: 0 0.75rem 1.5rem rgba(0,0,0,0.15);\n}\n\/* Estilo general de tabla *\/\ntable {\n  border-collapse: separate;\n  border-spacing: 0;\n  width: 100%;\n  box-shadow: 0 0.5rem 1rem rgba(0,0,0,0.15);\n  border-radius: 1.5rem;\n  overflow: hidden;\n  font-family: 'Segoe UI', Tahoma, Geneva, Verdana, sans-serif;\n  margin-bottom: 2rem;\n}\ntable th, table td {\n  border: 1px solid #dee2e6;\n  padding: 10px 12px;\n  vertical-align: middle;\n  text-align: center;\n}\ntable th {\n  background-color: #360060;\n  color: #fff;\n  font-weight: bold;\n}\ntr:nth-child(even) td {\n  background-color: #f8f8fc;\n}\n.th1 {\n  background-color: #490a79 !important;\n  color: #fff !important;\n  font-weight: bold;\n}\n.th2 {\n  background-color: #5C068C !important;\n  color: #fff !important;\n  font-weight: bold;\n}\n.td1 {\n  background-color: #ffffff;\n}\n.td2 {\n  background-color: #f8f8fc;\n}\n<\/style>\n<table width=\"78%\">\n<tbody>\n<tr>\n<th colspan=\"8\">Primer Curso<\/th>\n<\/tr>\n<tr>\n<td class=\"th1\" width=\"84%\">Asignatura<\/td>\n<td class=\"th1\" width=\"50%\">Materia B\u00e1sica(1)<\/td>\n<td class=\"th1\" width=\"50%\">ECTS(2)<\/td>\n<td class=\"th1\" width=\"93%\">C(3)<\/td>\n<td class=\"th1\" width=\"93%\">Tipo(4)<\/td>\n<td class=\"th1\" width=\"93%\">M\u00f3dulo(5)<\/td>\n<\/tr>\n<tr>\n<td class=\"td2\">Fundamentos Qu\u00edmicos en la Ingenier\u00eda<\/td>\n<td class=\"td2\">Qu\u00edmica<\/td>\n<td class=\"td2\">9<\/td>\n<td class=\"td2\">1C<\/td>\n<td class=\"td2\">FB<\/td>\n<td class=\"td2\">DFB<\/td>\n<\/tr>\n<tr>\n<td class=\"td1\">Fundamentos Matem\u00e1ticos<\/td>\n<td class=\"td1\">Matem\u00e1ticas<\/td>\n<td class=\"td1\">9<\/td>\n<td class=\"td1\">1C<\/td>\n<td class=\"td1\">FB<\/td>\n<td class=\"td1\">DFB<\/td>\n<\/tr>\n<tr>\n<td class=\"td2\">Inform\u00e1tica<\/td>\n<td class=\"td2\">Inform\u00e1tica<\/td>\n<td class=\"td2\">6<\/td>\n<td class=\"td2\">1C<\/td>\n<td class=\"td2\">FB<\/td>\n<td class=\"td2\">DFB<\/td>\n<\/tr>\n<tr>\n<td class=\"td1\">F\u00edsica I<\/td>\n<td class=\"td1\">F\u00edsica<\/td>\n<td class=\"td1\">6<\/td>\n<td class=\"td1\">1C<\/td>\n<td class=\"td1\">FB<\/td>\n<td class=\"td1\">DFB<\/td>\n<\/tr>\n<tr>\n<td class=\"td2\">F\u00edsica II<\/td>\n<td class=\"td2\">F\u00edsica<\/td>\n<td class=\"td2\">6<\/td>\n<td class=\"td2\">2C<\/td>\n<td class=\"td2\">FB<\/td>\n<td class=\"td2\">DFB<\/td>\n<\/tr>\n<tr>\n<td class=\"td1\">M\u00e9todos Estad\u00edsticos en la Ingenier\u00eda<\/td>\n<td class=\"td1\">Matem\u00e1ticas<\/td>\n<td class=\"td1\">6<\/td>\n<td class=\"td1\">2C<\/td>\n<td class=\"td1\">FB<\/td>\n<td class=\"td1\">DFB<\/td>\n<\/tr>\n<tr>\n<td class=\"td2\">C\u00e1lculo<\/td>\n<td class=\"td2\">Matem\u00e1ticas<\/td>\n<td class=\"td2\">6<\/td>\n<td class=\"td2\">2C<\/td>\n<td class=\"td2\">FB<\/td>\n<td class=\"td2\">DFB<\/td>\n<\/tr>\n<tr>\n<td class=\"td1\">Expresi\u00f3n Gr\u00e1fica y Dise\u00f1o Asistido por Ordenador<\/td>\n<td class=\"td1\">Expresi\u00f3n Gr\u00e1fica<\/td>\n<td class=\"td1\">6<\/td>\n<td class=\"td1\">2C<\/td>\n<td class=\"td1\">FB<\/td>\n<td class=\"td1\">DFB<\/td>\n<\/tr>\n<tr>\n<td class=\"td2\">Organizaci\u00f3n y Gesti\u00f3n Empresarial<\/td>\n<td class=\"td2\">Empresa<\/td>\n<td class=\"td2\">6<\/td>\n<td class=\"td2\">2C<\/td>\n<td class=\"td2\">FB<\/td>\n<td class=\"td2\">DFB<\/td>\n<\/tr>\n<tr>\n<td class=\"th1\" colspan=\"6\">Cr\u00e9ditos totales 60<\/td>\n<\/tr>\n<\/tbody>\n<\/table>\n&nbsp;\n<table width=\"78%\">\n<tbody>\n<tr>\n<th colspan=\"8\">Segundo Curso<\/th>\n<\/tr>\n<tr>\n<td class=\"th1\" width=\"84%\">Asignatura<\/td>\n<td class=\"th1\" width=\"50%\">ECTS(2)<\/td>\n<td class=\"th1\" width=\"93%\">C(3)<\/td>\n<td class=\"th1\" width=\"93%\">Tipo(4)<\/td>\n<td class=\"th1\" width=\"93%\">M\u00f3dulo(5)<\/td>\n<\/tr>\n<tr>\n<td class=\"td2\">Fundamentos de Ingenier\u00eda Qu\u00edmica<\/td>\n<td class=\"td2\">6<\/td>\n<td class=\"td2\">3C<\/td>\n<td class=\"td2\">OB<\/td>\n<td class=\"td2\">TEQI<\/td>\n<\/tr>\n<tr>\n<td class=\"td1\">Qu\u00edmica Org\u00e1nica<\/td>\n<td class=\"td1\">6<\/td>\n<td class=\"td1\">3C<\/td>\n<td class=\"td1\">FB<\/td>\n<td class=\"td1\">DFB<\/td>\n<\/tr>\n<tr>\n<td class=\"td2\">Mec\u00e1nica de M\u00e1quinas<\/td>\n<td class=\"td2\">6<\/td>\n<td class=\"td2\">3C<\/td>\n<td class=\"td2\">OB<\/td>\n<td class=\"td2\">CRI<\/td>\n<\/tr>\n<tr>\n<td class=\"td1\">Automatizaci\u00f3n y Control Industrial<\/td>\n<td class=\"td1\">6<\/td>\n<td class=\"td1\">3C<\/td>\n<td class=\"td1\">OB<\/td>\n<td class=\"td1\">CRI<\/td>\n<\/tr>\n<tr>\n<td class=\"td2\">Fundamentos de Ingenier\u00eda El\u00e9ctrica<\/td>\n<td class=\"td2\">6<\/td>\n<td class=\"td2\">3C<\/td>\n<td class=\"td2\">OB<\/td>\n<td class=\"td2\">CRI<\/td>\n<\/tr>\n<tr>\n<td class=\"td1\">Ingenier\u00eda Fluidomec\u00e1nica<\/td>\n<td class=\"td1\">6<\/td>\n<td class=\"td1\">4C<\/td>\n<td class=\"td1\">OB<\/td>\n<td class=\"td1\">CRI<\/td>\n<\/tr>\n<tr>\n<td class=\"td2\">Fundamentos de Ingenier\u00eda El\u00e9ctronica<\/td>\n<td class=\"td2\">6<\/td>\n<td class=\"td2\">4C<\/td>\n<td class=\"td2\">OB<\/td>\n<td class=\"td2\">CRI<\/td>\n<\/tr>\n<tr>\n<td class=\"td1\">Elasticidad y Resistencia de Materiales<\/td>\n<td class=\"td1\">6<\/td>\n<td class=\"td1\">4C<\/td>\n<td class=\"td1\">OB<\/td>\n<td class=\"td1\">CRI<\/td>\n<\/tr>\n<tr>\n<td class=\"td2\">Ingenier\u00eda T\u00e9rmica<\/td>\n<td class=\"td2\">6<\/td>\n<td class=\"td2\">4C<\/td>\n<td class=\"td2\">OB<\/td>\n<td class=\"td2\">CRI<\/td>\n<\/tr>\n<tr>\n<td class=\"td1\">Ciencia y Tecnolog\u00eda de Materiales<\/td>\n<td class=\"td1\">6<\/td>\n<td class=\"td1\">4C<\/td>\n<td class=\"td1\">OB<\/td>\n<td class=\"td1\">CRI<\/td>\n<\/tr>\n<tr>\n<td class=\"th1\" colspan=\"6\">Cr\u00e9ditos totales 60<\/td>\n<\/tr>\n<\/tbody>\n<\/table>\n&nbsp;\n<table width=\"78%\">\n<tbody>\n<tr>\n<th colspan=\"8\">Tercer Curso<\/th>\n<\/tr>\n<tr>\n<td class=\"th1\" width=\"84%\">Asignatura<\/td>\n<td class=\"th1\" width=\"50%\">ECTS(2)<\/td>\n<td class=\"th1\" width=\"93%\">c(3)<\/td>\n<td class=\"th1\" width=\"93%\">Tipo(4)<\/td>\n<td class=\"th1\" width=\"93%\">M\u00f3dulo(5)<\/td>\n<\/tr>\n<tr>\n<td class=\"td2\">Qu\u00edmica Anal\u00edtica<\/td>\n<td class=\"td2\">6<\/td>\n<td class=\"td2\">5C<\/td>\n<td class=\"td2\">FB<\/td>\n<td class=\"td2\">DFB<\/td>\n<\/tr>\n<tr>\n<td class=\"td1\">Termodin\u00e1mica Aplicada y Propiedades de Transporte<\/td>\n<td class=\"td1\">6<\/td>\n<td class=\"td1\">5C<\/td>\n<td class=\"td1\">OB<\/td>\n<td class=\"td1\">TEQI<\/td>\n<\/tr>\n<tr>\n<td class=\"td2\">Tecnolog\u00eda de Procesos de Fabricaci\u00f3n<\/td>\n<td class=\"td2\">6<\/td>\n<td class=\"td2\">5C<\/td>\n<td class=\"td2\">OB<\/td>\n<td class=\"td2\">CRI<\/td>\n<\/tr>\n<tr>\n<td class=\"td1\">Qu\u00edmica Industrial<\/td>\n<td class=\"td1\">6<\/td>\n<td class=\"td1\">5C<\/td>\n<td class=\"td1\">OB<\/td>\n<td class=\"td1\">TEQI<\/td>\n<\/tr>\n<tr>\n<td class=\"td2\">Control e Instrumentaci\u00f3n de los Procesos Qu\u00edmicos<\/td>\n<td class=\"td2\">6<\/td>\n<td class=\"td2\">5C<\/td>\n<td class=\"td2\">OB<\/td>\n<td class=\"td2\">TEQI<\/td>\n<\/tr>\n<tr>\n<td class=\"td1\">Operaciones de Separaci\u00f3n<\/td>\n<td class=\"td1\">6<\/td>\n<td class=\"td1\">6C<\/td>\n<td class=\"td1\">OB<\/td>\n<td class=\"td1\">TEQI<\/td>\n<\/tr>\n<tr>\n<td class=\"td2\">Ingenier\u00eda de las Reacciones Qu\u00edmicas<\/td>\n<td class=\"td2\">6<\/td>\n<td class=\"td2\">6C<\/td>\n<td class=\"td2\">OB<\/td>\n<td class=\"td2\">TEQI<\/td>\n<\/tr>\n<tr>\n<td class=\"td1\">Experimentaci\u00f3n en Ingenier\u00eda Qu\u00edmica I<\/td>\n<td class=\"td1\">6<\/td>\n<td class=\"td1\">6C<\/td>\n<td class=\"td1\">OB<\/td>\n<td class=\"td1\">TEQI<\/td>\n<\/tr>\n<tr>\n<td class=\"td2\">Fundamentos de Ingenier\u00eda y Tecnolog\u00eda Ambiental<\/td>\n<td class=\"td2\">6<\/td>\n<td class=\"td2\">6C<\/td>\n<td class=\"td2\">OB<\/td>\n<td class=\"td2\">TEQI<\/td>\n<\/tr>\n<tr>\n<td class=\"td1\">Seguridad y Prevenci\u00f3n de Riesgos en Procesos Industriales<\/td>\n<td class=\"td1\">6<\/td>\n<td class=\"td1\">6C<\/td>\n<td class=\"td1\">OB<\/td>\n<td class=\"td1\">TEQI<\/td>\n<\/tr>\n<tr>\n<td class=\"th1\" colspan=\"6\">Cr\u00e9ditos totales 60<\/td>\n<\/tr>\n<\/tbody>\n<\/table>\n&nbsp;\n<table width=\"78%\">\n<tbody>\n<tr>\n<th colspan=\"8\">Cuarto Curso<\/th>\n<\/tr>\n<tr>\n<td class=\"th1\" width=\"84%\">Asignatura<\/td>\n<td class=\"th1\" width=\"50%\">ECTS(2)<\/td>\n<td class=\"th1\" width=\"93%\">c(3)<\/td>\n<td class=\"th1\" width=\"93%\">Tipo(4)<\/td>\n<td class=\"th1\" width=\"93%\">M\u00f3dulo(5)<\/td>\n<\/tr>\n<tr>\n<td class=\"td2\">Dise\u00f1o de Procesos en Ingenier\u00eda Qu\u00edmica<\/td>\n<td class=\"td2\">6<\/td>\n<td class=\"td2\">7C<\/td>\n<td class=\"td2\">OB<\/td>\n<td class=\"td2\">TEQI<\/td>\n<\/tr>\n<tr>\n<td class=\"td1\">Oficina T\u00e9cnica\/Proyectos<\/td>\n<td class=\"td1\">6<\/td>\n<td class=\"td1\">7C<\/td>\n<td class=\"td1\">OB<\/td>\n<td class=\"td1\">CRI<\/td>\n<\/tr>\n<tr>\n<td class=\"td2\">Experimentaci\u00f3n en Ingenier\u00eda Qu\u00edmica II<\/td>\n<td class=\"td2\">6<\/td>\n<td class=\"td2\">7C<\/td>\n<td class=\"td2\">OB<\/td>\n<td class=\"td2\">TEQI<\/td>\n<\/tr>\n<tr>\n<td class=\"td1\">Optativa I\/II (Tecnolog\u00eda Energ\u00e9tica\/ Sistemas de Gesti\u00f3n de Calidad)<\/td>\n<td class=\"td1\">6<\/td>\n<td class=\"td1\">7C<\/td>\n<td class=\"td1\">OP<\/td>\n<td class=\"td1\">TEQI<\/td>\n<\/tr>\n<tr>\n<td class=\"td2\">Optativa III\/IV (Ingenier\u00eda Ambiental\/ Ingenier\u00eda e Industrias Alimentarias)<\/td>\n<td class=\"td2\">6<\/td>\n<td class=\"td2\">7C<\/td>\n<td class=\"td2\">OP<\/td>\n<td class=\"td2\">TEQI<\/td>\n<\/tr>\n<tr>\n<td class=\"td1\">Simulaci\u00f3n y Optimizaci\u00f3n de Procesos Qu\u00edmicos<\/td>\n<td class=\"td1\">6<\/td>\n<td class=\"td1\">8C<\/td>\n<td class=\"td1\">OB<\/td>\n<td class=\"td1\">TEQI<\/td>\n<\/tr>\n<tr>\n<td class=\"td2\">Pr\u00e1cticas Externas<\/td>\n<td class=\"td2\">12<\/td>\n<td class=\"td2\">8C<\/td>\n<td class=\"td2\">PEX<\/td>\n<td class=\"td2\"><\/td>\n<\/tr>\n<tr>\n<td class=\"td1\">Trabajo Fin de Grado<\/td>\n<td class=\"td1\">12<\/td>\n<td class=\"td1\">8C<\/td>\n<td class=\"td1\">TFG<\/td>\n<td class=\"td1\">TFG<\/td>\n<\/tr>\n<tr>\n<td class=\"th1\" colspan=\"6\">Cr\u00e9ditos totales 60<\/td>\n<\/tr>\n<\/tbody>\n<\/table>\n<div><\/div>\n<div><\/div>\n<div>(1)\u00a0\u00a0\u00a0\u00a0\u00a0Materias B\u00e1sicas Rama de Arquitectura e Ingenier\u00eda (Anexo II del RD 1393\/2007)<\/div>\n<div>(2)\u00a0\u00a0\u00a0\u00a0\u00a0European Credit Transfer System (Real Decreto 1125\/2003, de 5 de septiembre)<\/div>\n<div>(3)\u00a0\u00a0\u00a0\u00a0\u00a0C: cuatrimestre. 1C: 1<sup>er<\/sup>\u00a0cuat.; 2C: 2\u00ba cuat.; 3C: 3<sup>er<\/sup>\u00a0cuat.; 4C: 4\u00ba cuat.; 5C: 5\u00ba Cuat.; 6C: 6\u00ba Cuat.; 7C: 7\u00ba Cuat.; 8C: 8\u00ba Cuat.; A: anual<\/div>\n<div>(4)\u00a0\u00a0\u00a0\u00a0\u00a0Tipo (Tipo de Materia, RD 1393\/2007). FB: Formaci\u00f3n B\u00e1sica. OB: Obligatoria. OP: Optativa. PEX: Pr\u00e1cticas Externas. TFG: Trabajo Fin de Grado<\/div>\n<div>(5)\u00a0\u00a0\u00a0\u00a0\u00a0M\u00f3dulo (Orden CIN\/351\/2009). DFB: De Formaci\u00f3n B\u00e1sica. CRI: Com\u00fan a la Rama Industrial. TEQI: De Tecnolog\u00eda Espec\u00edfica: Qu\u00edmica Industrial. TFG: Trabajo Fin de Grado<\/div>\n<\/div><\/div><\/div>\n<\/div><\/div>\n","protected":false},"excerpt":{"rendered":"<p>Estructura del Plan de estudios Distribuci\u00f3n del plan de estudios en cr\u00e9ditos ECTS, por tipo de materia De acuerdo con el Art. 5 del RD 1125\/2003, \u201cel cr\u00e9dito europeo es la unidad de medida del haber acad\u00e9mico que representa la cantidad de trabajo del estudiante para cumplir los objetivos del programa de estudios y que&#8230;<\/p>","protected":false},"author":1,"featured_media":0,"parent":270,"menu_order":0,"comment_status":"closed","ping_status":"closed","template":"templates\/template-frontpage.php","meta":{"footnotes":""},"class_list":["post-34","page","type-page","status-publish","hentry"],"_links":{"self":[{"href":"https:\/\/www.ull.es\/grados\/ingenieria-quimica-industrial\/en\/wp-json\/wp\/v2\/pages\/34","targetHints":{"allow":["GET"]}}],"collection":[{"href":"https:\/\/www.ull.es\/grados\/ingenieria-quimica-industrial\/en\/wp-json\/wp\/v2\/pages"}],"about":[{"href":"https:\/\/www.ull.es\/grados\/ingenieria-quimica-industrial\/en\/wp-json\/wp\/v2\/types\/page"}],"author":[{"embeddable":true,"href":"https:\/\/www.ull.es\/grados\/ingenieria-quimica-industrial\/en\/wp-json\/wp\/v2\/users\/1"}],"replies":[{"embeddable":true,"href":"https:\/\/www.ull.es\/grados\/ingenieria-quimica-industrial\/en\/wp-json\/wp\/v2\/comments?post=34"}],"version-history":[{"count":29,"href":"https:\/\/www.ull.es\/grados\/ingenieria-quimica-industrial\/en\/wp-json\/wp\/v2\/pages\/34\/revisions"}],"predecessor-version":[{"id":1186,"href":"https:\/\/www.ull.es\/grados\/ingenieria-quimica-industrial\/en\/wp-json\/wp\/v2\/pages\/34\/revisions\/1186"}],"up":[{"embeddable":true,"href":"https:\/\/www.ull.es\/grados\/ingenieria-quimica-industrial\/en\/wp-json\/wp\/v2\/pages\/270"}],"wp:attachment":[{"href":"https:\/\/www.ull.es\/grados\/ingenieria-quimica-industrial\/en\/wp-json\/wp\/v2\/media?parent=34"}],"curies":[{"name":"wp","href":"https:\/\/api.w.org\/{rel}","templated":true}]}}