{"id":1052,"date":"2024-07-24T06:54:23","date_gmt":"2024-07-24T06:54:23","guid":{"rendered":"https:\/\/www.ull.es\/grados\/ingenieria-quimica-industrial\/?page_id=1052"},"modified":"2026-03-26T16:08:01","modified_gmt":"2026-03-26T16:08:01","slug":"curso-cero-de-matematicas","status":"publish","type":"page","link":"https:\/\/www.ull.es\/grados\/ingenieria-quimica-industrial\/fr\/curso-cero-de-matematicas\/","title":{"rendered":"Cours de math\u00e9matiques z\u00e9ro"},"content":{"rendered":"\n<div class=\"wp-block-stackable-columns alignfull stk-block-columns stk-block stk-8657999\" data-block-id=\"8657999\"><style>.stk-8657999 {padding-bottom:0px !important;margin-top:-30px !important;margin-bottom:0px !important;}@media screen and (max-width: 767px){.stk-8657999 {margin-top:-10% !important;}}<\/style><div class=\"stk-row stk-inner-blocks stk-block-content stk-content-align stk-8657999-column alignfull\">\n<div class=\"wp-block-stackable-column stk-block-column stk-column stk-block stk-914f03e\" data-v=\"4\" data-block-id=\"914f03e\"><div class=\"stk-column-wrapper stk-block-column__content stk-container stk-914f03e-container stk--no-background stk--no-padding\"><div class=\"stk-block-content stk-inner-blocks stk-914f03e-inner-blocks\"><style id=\"depicter-1-inline-pre-css\">\n\n.depicter-1:not(.depicter-ready){\n\theight:450px;\n}\n\n\/***** Tablet *****\/\n@media screen and (max-width: 1024px){\n\n.depicter-1:not(.depicter-ready){\n\theight:700px;\n}\n\n}\n\/***** Mobile *****\/\n@media screen and (max-width: 767px){\n\n.depicter-1:not(.depicter-ready){\n\theight:360px;\n}\n\n}\n<\/style>\n<div id=\"depicter-1\" class=\"depicter depicter-document depicter-revert depicter-1 depicter-layout-fullwidth\">\n\n<div class=\"depicter-loading-container depicter-loading dotFlashing-dark\"><div class=\"depicter-loading-dark depicter-dot-flashing\">\n   <span><\/span>\n   <span><\/span>\n   <span><\/span>\n<\/div>\n<\/div>\n<div id=\"depicter-1-section-1\" class=\"depicter-section depicter-1-section-1\" data-name=\"Section 1\" data-type=\"section\" data-local-id=\"section-1\">\n<picture class=\"depicter-bg\">\n<source data-depicter-srcset=\"https:\/\/www.ull.es\/grados\/ingenieria-quimica-industrial\/wp-content\/uploads\/sites\/15\/2025\/04\/Slider_Ingenieri\u0301a_Qui\u0301mica_Industrial-768x248.jpg, https:\/\/www.ull.es\/grados\/ingenieria-quimica-industrial\/wp-content\/uploads\/sites\/15\/2025\/04\/Slider_Ingenieri\u0301a_Qui\u0301mica_Industrial.jpg 2x\" srcset=\"data:image\/gif;base64,R0lGODlhAQABAIAAAAAAAP\/\/\/yH5BAEAAAAALAAAAAABAAEAAAIBRAA7\" media=\"(max-width: 1024px)\" \/>\n\n<source data-depicter-srcset=\"https:\/\/www.ull.es\/grados\/ingenieria-quimica-industrial\/wp-content\/uploads\/sites\/15\/2025\/04\/Slider_Ingenieri\u0301a_Qui\u0301mica_Industrial.jpg, https:\/\/www.ull.es\/grados\/ingenieria-quimica-industrial\/wp-content\/uploads\/sites\/15\/2025\/04\/Slider_Ingenieri\u0301a_Qui\u0301mica_Industrial-1921x621.jpg 2x\" srcset=\"data:image\/gif;base64,R0lGODlhAQABAIAAAAAAAP\/\/\/yH5BAEAAAAALAAAAAABAAEAAAIBRAA7\" media=\"(min-width: 1025px)\" \/>\n<img decoding=\"async\" src=\"data:image\/gif;base64,R0lGODlhAQABAIAAAAAAAP\/\/\/yH5BAEAAAAALAAAAAABAAEAAAIBRAA7\" data-ken-burns=\"false\" data-tablet-ken-burns=\"false\" data-mobile-ken-burns=\"false\" alt=\"\" data-depicter-src=\"https:\/\/www.ull.es\/grados\/ingenieria-quimica-industrial\/wp-content\/uploads\/sites\/15\/2025\/04\/Slider_Ingenieri\u0301a_Qui\u0301mica_Industrial.jpg\" data-object-fit=\"custom,custom,\" data-object-position=\"center top,,\" data-crop=\"{'focalPoint':{'x':0.5,'y':0.5},'mediaSize':{'width':1392.028985507246261477121151983737945556640625,'height':450}}\" data-tablet-crop=\"{'focalPoint':{'x':0.5,'y':0.5},'mediaSize':{'width':2165.3784219001609017141163349151611328125,'height':699.9999999999998863131622783839702606201171875}}\" data-mobile-crop=\"{'focalPoint':{'x':0.5,'y':0.5},'mediaSize':{'width':1113.623188405797236555372364819049835205078125,'height':360}}\" \/>\n<\/picture>\n\n\n<h1 id=\"depicter-1-element-5\" class=\"depicter-element depicter-layer depicter-1-element-5\" data-type=\"text\" data-wrap=\"true\" data-name=\"Text 2\" data-local-id=\"element-5\" data-offset=\"x:87px;y:125px;origin:tl\" data-tablet-offset=\"x:232px;y:293px;origin:tl\" data-mobile-offset=\"x:6px;y:-159px;origin:tl\" data-width=\"1027px,589px,348px\" data-height=\"auto,auto,auto\" data-responsive-scale=\"true,,\">Grado en Ingenier\u00eda Qu\u00edmica Industrial<\/h1>\n\n<div id=\"depicter-1-element-10\" class=\"depicter-element depicter-layer depicter-1-element-10\" data-type=\"shape\" data-wrap=\"true\" data-name=\"Shape 1\" data-local-id=\"element-10\" data-offset=\"x:87px;y:338px;origin:tl\" data-tablet-offset=\"x:232px;y:426px;origin:tl\" data-mobile-offset=\"x:6px;y:33px;origin:tl\" data-width=\"968px,555px,309px\" data-height=\"8px,8px,8px\" data-responsive-scale=\"true,,\"><\/div>\n<\/div>\n<\/div>\n<script>\n(window.depicterSetups = window.depicterSetups || []).push(function(){\n\tDepicter.basePath = 'https:\/\/www.ull.es\/grados\/ingenieria-quimica-industrial\/wp-content\/plugins\/depicter\/resources\/scripts\/player\/';\n\tconst dpPlayer = Depicter.setup('.depicter-1',\n\t\t{\"width\":[\"1200\",\"1024\",\"360\"],\"height\":[\"450\",\"700\",\"360\"],\"view\":\"basic\",\"keepAspectRatio\":true,\"preload\":0,\"layout\":\"fullwidth\",\"rtl\":false,\"initAfterAppear\":false,\"ajaxApiUrl\":\"https:\\\/\\\/www.ull.es\\\/grados\\\/ingenieria-quimica-industrial\\\/wp-admin\\\/admin-ajax.php\",\"mouseSwipe\":true,\"touchSwipe\":true,\"useWatermark\":false}\n\t);\n});\n<\/script><\/div><\/div><\/div>\n<\/div><\/div>\n\n\n\n<div class=\"wp-block-stackable-columns alignfull stk-block-columns stk--hide-mobile stk-block stk-ceecbdc stk-block-background\" data-block-id=\"ceecbdc\"><style>.stk-ceecbdc {background-color:#360060 !important;padding-top:35px !important;padding-right:0px !important;padding-bottom:2px !important;padding-left:0px !important;margin-top:-20px !important;margin-bottom:70px !important;}.stk-ceecbdc:before{background-color:#360060 !important;}<\/style><div class=\"stk-row stk-inner-blocks stk-block-content stk-content-align stk-ceecbdc-column alignfull\">\n<div class=\"wp-block-stackable-column stk-block-column stk-column stk-block stk-fc60a5d\" data-v=\"4\" data-block-id=\"fc60a5d\"><div class=\"stk-column-wrapper stk-block-column__content stk-container stk-fc60a5d-container stk--no-background stk--no-padding\"><div class=\"stk-block-content stk-inner-blocks stk-fc60a5d-inner-blocks\">\n<div class=\"wp-block-stackable-spacer stk-block-spacer stk--no-padding stk-block stk-a3a8a68\" data-block-id=\"a3a8a68\"><style>.stk-a3a8a68 {height:0px !important;}<\/style><\/div>\n<\/div><\/div><\/div>\n<\/div><\/div>\n\n\n\n<div class=\"wp-block-stackable-columns stk-block-columns stk-block stk-8b59b96\" data-block-id=\"8b59b96\"><style>.stk-8b59b96 .stk--block-align-8b59b96{align-items:flex-start !important;}.stk-8b59b96 {margin-top:25px !important;}.stk-8b59b96-column{--stk-columns-spacing:0px !important;--stk-column-gap:50px !important;}@media screen and (max-width: 767px){.stk-8b59b96-column{row-gap:var(--stk--preset--spacing--60, 2.25rem) !important;}}<\/style><div class=\"stk-row stk-inner-blocks stk--block-align-8b59b96 stk-block-content stk-content-align stk-8b59b96-column\">\n<div class=\"wp-block-stackable-column stk-block-column stk-column stk-block stk-dbb7e15\" data-v=\"4\" data-block-id=\"dbb7e15\"><style>@media screen and (min-width: 768px){.stk-dbb7e15 {flex:var(--stk-flex-grow, 1) 1 calc(75% - var(--stk-column-gap, 0px) * 1 \/ 2 ) !important;}}<\/style><div class=\"stk-column-wrapper stk-block-column__content stk-container stk-dbb7e15-container stk--no-background stk--no-padding\"><div class=\"stk-block-content stk-inner-blocks stk-dbb7e15-inner-blocks\">\n<div class=\"wp-block-stackable-heading stk-block-heading stk-block-heading--v2 stk-block stk-689c258\" id=\"curso-cero-de-matematicas\" data-block-id=\"689c258\"><style>.stk-689c258 .stk-block-heading__text{color:#5c068c !important;}<\/style><h1 class=\"stk-block-heading__text has-text-color\">Curso Cero de Matem\u00e1ticas<\/h1><\/div>\n\n\n\n<details class=\"wp-block-stackable-accordion stk-block-accordion stk-inner-blocks stk-block-content stk-block stk-7c390cd is-style-default\" id=\"curso-introductorio-a-las-matematicas-universitarias\" data-block-id=\"7c390cd\"><style>.stk-7c390cd {border-style:solid !important;border-top-width:0px !important;border-right-width:0px !important;border-bottom-width:1px !important;border-left-width:0px !important;margin-bottom:11px !important;}<\/style>\n<summary class=\"wp-block-stackable-column stk-block-column stk-column stk-block stk-c927805 stk--container-small stk-block-accordion__heading\" data-v=\"4\" data-block-id=\"c927805\"><style>.stk-c927805 {padding-top:2px !important;padding-right:2px !important;padding-bottom:2px !important;padding-left:2px !important;}<\/style><div class=\"stk-column-wrapper stk-block-column__content stk-container stk-c927805-container stk--no-background stk--no-padding\"><div class=\"stk-block-content stk-inner-blocks stk-c927805-inner-blocks\">\n<div class=\"wp-block-stackable-icon-label stk-block-icon-label stk-block stk-7935446\" data-block-id=\"7935446\"><style>.stk-7935446 .stk-inner-blocks{gap:39px !important;}@media screen and (max-width: 1023px){.stk-7935446 .stk-inner-blocks{gap:39px !important;}}@media screen and (max-width: 767px){.stk-7935446 .stk-inner-blocks{gap:39px !important;}}<\/style><div class=\"stk-row stk-inner-blocks stk-block-content\">\n<div class=\"wp-block-stackable-icon stk-block-icon stk-block stk-9a468d5\" data-block-id=\"9a468d5\"><style>.stk-9a468d5 .stk--svg-wrapper .stk--inner-svg svg:last-child{height:25px !important;width:25px !important;}.stk-9a468d5 .stk--svg-wrapper .stk--inner-svg svg:last-child, .stk-9a468d5 .stk--svg-wrapper .stk--inner-svg svg:last-child :is(g, path, rect, polygon, ellipse){fill:#5c068c !important;}<\/style><span class=\"stk--svg-wrapper stk--has-icon2\"><div class=\"stk--inner-svg\"><svg style=\"height:0;width:0\"><defs><linearGradient id=\"linear-gradient-9a468d5\" x1=\"0\" x2=\"100%\" y1=\"0\" y2=\"0\"><stop offset=\"0%\" style=\"stop-opacity:1;stop-color:var(--linear-gradient-9-a-468-d-5-color-1)\"><\/stop><stop offset=\"100%\" style=\"stop-opacity:1;stop-color:var(--linear-gradient-9-a-468-d-5-color-2)\"><\/stop><\/linearGradient><\/defs><\/svg><svg xmlns=\"http:\/\/www.w3.org\/2000\/svg\" viewBox=\"0 0 576 512\" aria-hidden=\"true\" width=\"32\" height=\"32\"><path d=\"M282.6 78.1c8-27.3 33-46.1 61.4-46.1H544c17.7 0 32 14.3 32 32s-14.3 32-32 32H344L238.7 457c-3.6 12.3-14.1 21.2-26.8 22.8s-25.1-4.6-31.5-15.6L77.6 288H32c-17.7 0-32-14.3-32-32s14.3-32 32-32H77.6c22.8 0 43.8 12.1 55.3 31.8l65.2 111.8L282.6 78.1zM393.4 233.4c12.5-12.5 32.8-12.5 45.3 0L480 274.7l41.4-41.4c12.5-12.5 32.8-12.5 45.3 0s12.5 32.8 0 45.3L525.3 320l41.4 41.4c12.5 12.5 12.5 32.8 0 45.3s-32.8 12.5-45.3 0L480 365.3l-41.4 41.4c-12.5 12.5-32.8 12.5-45.3 0s-12.5-32.8 0-45.3L434.7 320l-41.4-41.4c-12.5-12.5-12.5-32.8 0-45.3z\"\/><\/svg><\/div><div class=\"stk--inner-svg stk--icon-2\" style=\"display:none\"><svg style=\"height:0;width:0\"><defs><linearGradient id=\"linear-gradient-9a468d5\" x1=\"0\" x2=\"100%\" y1=\"0\" y2=\"0\"><stop offset=\"0%\" style=\"stop-opacity:1;stop-color:var(--linear-gradient-9-a-468-d-5-color-1)\"><\/stop><stop offset=\"100%\" style=\"stop-opacity:1;stop-color:var(--linear-gradient-9-a-468-d-5-color-2)\"><\/stop><\/linearGradient><\/defs><\/svg><svg xmlns=\"http:\/\/www.w3.org\/2000\/svg\" viewBox=\"0 0 384 512\" aria-hidden=\"true\" width=\"32\" height=\"32\"><path d=\"M224 32c0-17.7-14.3-32-32-32s-32 14.3-32 32V144H48c-17.7 0-32 14.3-32 32s14.3 32 32 32H160V320c0 17.7 14.3 32 32 32s32-14.3 32-32V208H336c17.7 0 32-14.3 32-32s-14.3-32-32-32H224V32zM0 480c0 17.7 14.3 32 32 32H352c17.7 0 32-14.3 32-32s-14.3-32-32-32H32c-17.7 0-32 14.3-32 32z\"\/><\/svg><\/div><\/span><\/div>\n\n\n\n<div class=\"wp-block-stackable-heading stk-block-heading stk-block-heading--v2 stk-block stk-31863c1\" id=\"acceso\" data-block-id=\"31863c1\"><style>.stk-31863c1 .stk-block-heading__text{color:#000000 !important;font-weight:500 !important;font-family:\"ArgentumSans\", Sans-serif !important;}<\/style><h4 class=\"stk-block-heading__text has-text-color\"><span style=\"color: #000000;\" class=\"stk-highlight\">Curso Introductorio a las Matem\u00e1ticas Universitarias<\/span><\/h4><\/div>\n<\/div><\/div>\n<\/div><\/div><\/summary>\n\n\n\n<div class=\"wp-block-stackable-column stk-block-column stk-column stk-block stk-5222666 stk-block-accordion__content\" data-v=\"4\" data-block-id=\"5222666\"><style>.stk-5222666 {margin-top:-30px !important;}<\/style><div class=\"stk-column-wrapper stk-block-column__content stk-container stk-5222666-container stk--no-background stk--no-padding\"><div class=\"stk-block-content stk-inner-blocks stk-5222666-inner-blocks\">\n<div class=\"wp-block-stackable-image stk-block-image stk-block stk-051bdb7\" data-block-id=\"051bdb7\"><style>.stk-051bdb7 .stk-img-wrapper{width:750px !important;}<\/style><figure><span class=\"stk-img-wrapper stk-image--shape-stretch\"><img loading=\"lazy\" decoding=\"async\" class=\"stk-img wp-image-1056\" src=\"https:\/\/www.ull.es\/grados\/arquitectura-tecnica\/wp-content\/uploads\/sites\/10\/2025\/07\/Curso-introductorio-a-las-matematicas-universitarias_Banner-eventos.png\" width=\"750\" height=\"370\"\/><\/span><\/figure><\/div>\n\n\n\n<p><strong><u>Objetivos<\/u><\/strong>:<\/p>\n\n\n\n<ul class=\"wp-block-list\">\n<li>Proporcionar un material adaptado, organizado, y orientado para el alumnado de nuevo ingreso.<\/li>\n\n\n\n<li>Ofrecer, durante todo el curso acad\u00e9mico, una plataforma de estudio y aprendizaje que complemente o subsane posibles deficiencias de conocimientos necesarios, y que pueda revisarse en el momento que se detecte y se precise.<\/li>\n<\/ul>\n\n\n\n<p>Este&nbsp;curso&nbsp;se dirige al alumnado de nuevo ingreso que tenga identificado deficiencias en contenidos del curr\u00edculum de 2\u00ba de Bachillerato. Como orientaci\u00f3n, te recomendamos cursar si est\u00e1s en alguna de estas condiciones:<\/p>\n\n\n\n<ul class=\"wp-block-list\">\n<li>Has obtenido en PAU o en 2\u00ba Bachillerato una puntuaci\u00f3n inferior a 7 en la asignatura Matem\u00e1ticas II.<\/li>\n\n\n\n<li>Has dejado sin estudiar alg\u00fan bloque del temario de la asignatura Matem\u00e1ticas II.<\/li>\n\n\n\n<li>Identificar claramente que tienes deficiencias en el manejo de la asignatura de matem\u00e1ticas.<\/li>\n<\/ul>\n\n\n\n<p><strong>Temporalizaci\u00f3n<\/strong>: Durante todo el curso acad\u00e9mico (disponible desde el 25 de julio de 2025).<\/p>\n\n\n\n<p><strong>Modalidad<\/strong>: Online<\/p>\n\n\n\n<p><strong>Matriculaci\u00f3n<\/strong>: Se les enviar\u00e1 un mensaje a los estudiantes de nuevo ingreso con las instrucciones para matricularse.<\/p>\n\n\n\n<p><strong>Organizaci\u00f3n y contenidos<\/strong>: Este curso es totalmente voluntario y gratuito. Se ofrece en formato online, no tiene l\u00edmite de tiempo para su realizaci\u00f3n pero recomendamos realizarlo antes del inicio oficial de las clases del curso 2025-26.<\/p>\n\n\n\n<p>Tiene estructura modular, y puede realizarse de forma secuencial (m\u00f3dulo a m\u00f3dulo en orden, lo que recomendamos) o de forma selectiva (los m\u00f3dulos que interesen exclusivamente, para los que deseen subsanar una deficiencia de conocimiento concreta).<br>Los contenidos del&nbsp;curso&nbsp;de organizan en 5 Bloques:<\/p>\n\n\n\n<ul class=\"wp-block-list\">\n<li>Bloque 1: N\u00fameros y operaciones<br>N\u00fameros, exponentes, radicales y notaci\u00f3n cient\u00edfica. Expresiones algebraicas, identidades notables y ecuaciones.<\/li>\n\n\n\n<li>Bloque 2: Geometr\u00eda<br>Figuras planas. Cuerpos s\u00f3lidos. Superficies y vol\u00famenes. Trigonometr\u00eda. Vectores, rectas y planos en el plano y el espacio.<\/li>\n\n\n\n<li>Bloque 3: \u00c1lgebra<br>Matrices y sistemas de ecuaciones lineales. \u00c1lgebra de matrices. Inversas de matrices y ecuaciones matriciales. Determinantes. Regla de Cramer<\/li>\n\n\n\n<li>Bloque 4: Funciones. C\u00e1lculo Diferencial<br>Funciones b\u00e1sicas. Transformaciones elementales. Raz\u00f3n de cambio. L\u00edmites. Derivadas. Aplicaciones<\/li>\n\n\n\n<li>Bloque 5: C\u00e1lculo Integral<br>Integraci\u00f3n indefinida: Primitivas. Integral indefinida. Integrales inmediatas. Integraci\u00f3n por sustituci\u00f3n. Integraci\u00f3n por partes. Integrales de funciones racionales.<\/li>\n<\/ul>\n\n\n\n<p>Puedes acceder a cada bloque en el orden que consideres, pero en cada bloque deber\u00e1s ir superando unos cuestionarios.<\/p>\n\n\n\n<p><strong>Metodolog\u00eda<\/strong>: Cada bloque consta de los siguientes materiales did\u00e1cticos:<\/p>\n\n\n\n<ul class=\"wp-block-list\">\n<li>Apuntes en PDF: Muy visuales, muy gr\u00e1ficos, con definiciones, propiedades, ejemplos y ejercicios.<\/li>\n\n\n\n<li>V\u00eddeos donde se explican el material de los apuntes.<\/li>\n\n\n\n<li>V\u00eddeos con resoluci\u00f3n de problemas tipo.<\/li>\n\n\n\n<li>Hojas de problemas propuestos.<\/li>\n\n\n\n<li>Cuestionarios de progreso: seg\u00fan vayas consiguiendo la nota m\u00ednima en los intentos podr\u00e1s ir accediendo a los contenidos siguientes.<\/li>\n<\/ul>\n\n\n\n<p><strong>Evaluaci\u00f3n y certificaci\u00f3n<\/strong>: Para obtener el certificado de aprovechamiento, deber\u00e1n completarse al menos el 75% de los cuestionarios del&nbsp;curso&nbsp;y obtener una nota media de ellos de al menos 5 puntos. Una vez completados estos requisitos, se emitir\u00e1 un certificado acreditativo de aprovechamiento de 3 cr\u00e9ditos.<\/p>\n\n\n\n<p><strong><u>Cr\u00e9ditos<\/u><\/strong>: 3 ECTS<\/p>\n\n\n\n<p><strong><u>Comunicaci\u00f3n<\/u><\/strong>: El&nbsp;curso&nbsp;tiene habilitado un Foro donde podr\u00e1s plantear las dudas con respecto al desarrollo del&nbsp;curso.<br>Para cualquier duda o consulta individual sobre la organizaci\u00f3n del&nbsp;curso, puedes dirigirte a la coordinadora del&nbsp;curso&nbsp;en la direcci\u00f3n de correo:&nbsp;<a href=\"https:\/\/web.archive.org\/web\/20250809114741\/mailto:cursoceromat@ull.edu.es\" target=\"_blank\" rel=\"noreferrer noopener\" target=\"_blank\" rel=\"noopener\">cursoceromat@ull.edu.<wbr>es<\/a><\/p>\n<\/div><\/div><\/div>\n<\/details>\n\n\n\n<div class=\"wp-block-stackable-image stk-block-image has-text-align-left stk-block stk-ebd33df\" data-block-id=\"ebd33df\"><style>.stk-ebd33df .stk-img-wrapper{width:50% !important;}<\/style><figure><span class=\"stk-img-wrapper stk-image--shape-stretch\"><img loading=\"lazy\" decoding=\"async\" class=\"stk-img wp-image-971\" src=\"https:\/\/www.ull.es\/grados\/arquitectura-tecnica\/wp-content\/uploads\/sites\/10\/2024\/07\/midjourneytoools_httpss.mj_.runfg30_32l6uU_Create_an_illustrat_ee0004a8-0f7c-430b-a2d4-f10fbb3924e0_3.jpg\" width=\"1024\" height=\"1024\"\/><\/span><\/figure><\/div>\n<\/div><\/div><\/div>\n\n\n\n<div class=\"wp-block-stackable-column stk-block-column stk-column stk-block stk-6bd3cab\" data-v=\"4\" data-block-id=\"6bd3cab\"><style>@media screen and (min-width: 768px){.stk-6bd3cab {flex:var(--stk-flex-grow, 1) 1 calc(25% - var(--stk-column-gap, 0px) * 1 \/ 2 ) !important;}}<\/style><div class=\"stk-column-wrapper stk-block-column__content stk-container stk-6bd3cab-container stk--no-background stk--no-padding\"><div class=\"stk-block-content stk-inner-blocks stk-6bd3cab-inner-blocks\">\n<div class=\"wp-block-stackable-image stk-block-image stk-block stk-aa0155f\" data-block-id=\"aa0155f\"><style>.stk-aa0155f .stk-img-wrapper{width:100% !important;}<\/style><figure><span class=\"stk-img-wrapper stk-image--shape-stretch\"><img loading=\"lazy\" decoding=\"async\" class=\"stk-img wp-image-970\" src=\"https:\/\/www.ull.es\/grados\/arquitectura-tecnica\/wp-content\/uploads\/sites\/10\/2024\/07\/midjourneytoools_httpss.mj_.runfg30_32l6uU_Create_an_illustrat_2c7c56b0-2c9d-4991-98e7-7a10b585089c_1.jpg\" width=\"1024\" height=\"1024\"\/><\/span><\/figure><\/div>\n<\/div><\/div><\/div>\n<\/div><\/div>\n","protected":false},"excerpt":{"rendered":"<p>Cours de math\u00e9matiques z\u00e9ro\u00a0: Introduction aux math\u00e9matiques universitaires. Objectifs\u00a0: Ce cours s\u2019adresse aux \u00e9tudiants nouvellement admis qui ont identifi\u00e9 des lacunes dans le programme de deuxi\u00e8me ann\u00e9e du baccalaur\u00e9at. \u00c0 titre indicatif, nous recommandons de suivre ce cours si vous remplissez l\u2019une des conditions suivantes\u00a0: P\u00e9riode\u00a0: Tout au long de l\u2019ann\u00e9e universitaire (disponible \u00e0 partir du 25\u00a0juillet\u2026)<\/p>","protected":false},"author":53,"featured_media":0,"parent":0,"menu_order":0,"comment_status":"closed","ping_status":"closed","template":"templates\/template-frontpage.php","meta":{"footnotes":""},"class_list":["post-1052","page","type-page","status-publish","hentry"],"_links":{"self":[{"href":"https:\/\/www.ull.es\/grados\/ingenieria-quimica-industrial\/fr\/wp-json\/wp\/v2\/pages\/1052","targetHints":{"allow":["GET"]}}],"collection":[{"href":"https:\/\/www.ull.es\/grados\/ingenieria-quimica-industrial\/fr\/wp-json\/wp\/v2\/pages"}],"about":[{"href":"https:\/\/www.ull.es\/grados\/ingenieria-quimica-industrial\/fr\/wp-json\/wp\/v2\/types\/page"}],"author":[{"embeddable":true,"href":"https:\/\/www.ull.es\/grados\/ingenieria-quimica-industrial\/fr\/wp-json\/wp\/v2\/users\/53"}],"replies":[{"embeddable":true,"href":"https:\/\/www.ull.es\/grados\/ingenieria-quimica-industrial\/fr\/wp-json\/wp\/v2\/comments?post=1052"}],"version-history":[{"count":10,"href":"https:\/\/www.ull.es\/grados\/ingenieria-quimica-industrial\/fr\/wp-json\/wp\/v2\/pages\/1052\/revisions"}],"predecessor-version":[{"id":1215,"href":"https:\/\/www.ull.es\/grados\/ingenieria-quimica-industrial\/fr\/wp-json\/wp\/v2\/pages\/1052\/revisions\/1215"}],"wp:attachment":[{"href":"https:\/\/www.ull.es\/grados\/ingenieria-quimica-industrial\/fr\/wp-json\/wp\/v2\/media?parent=1052"}],"curies":[{"name":"wp","href":"https:\/\/api.w.org\/{rel}","templated":true}]}}