{"id":261,"date":"2017-07-11T12:42:10","date_gmt":"2017-07-11T12:42:10","guid":{"rendered":"http:\/\/www.ull.es\/masteres\/desarrollo-y-gestion-de-recursos-humanos\/?page_id=261"},"modified":"2020-05-19T09:42:40","modified_gmt":"2020-05-19T09:42:40","slug":"calidad-y-resultados","status":"publish","type":"page","link":"https:\/\/www.ull.es\/grados\/logopedia\/en\/calidad-y-resultados\/","title":{"rendered":"Quality and results"},"content":{"rendered":"<p>[vc_row][vc_column][vc_column_text]<\/p>\n<h1>Calidad y resultados<\/h1>\n<p>[\/vc_column_text][\/vc_column][\/vc_row][vc_row][vc_column width=\u00bb2\/3&#8243;][vc_column_text]<\/p>\n<ul>\n<li><a href=\"https:\/\/www.ull.es\/grados\/logopedia\/calidad-y-resultados\/documentacion-de-evaluacion-del-titulo\/\" target=\"_blank\" rel=\"noopener\">Documentaci\u00f3n de evaluaci\u00f3n del t\u00edtulo<\/a><\/li>\n<li><a href=\"https:\/\/www.ull.es\/grados\/logopedia\/calidad-y-resultados\/indicadores-y-resultados-del-titulo\/\" target=\"_blank\" rel=\"noopener\">Indicadores y resultados del t\u00edtulo<\/a><\/li>\n<li><a href=\"https:\/\/www.ull.es\/grados\/logopedia\/calidad-y-resultados\/reclamaciones-quejas-y-sugerencias\/\" target=\"_blank\" rel=\"noopener\">Quejas, sugerencias y felicitaciones<\/a><\/li>\n<li><a href=\"https:\/\/www.ull.es\/grados\/logopedia\/calidad-y-resultados\/sistema-de-garantia-interna-de-calidad\/\" target=\"_blank\" rel=\"noopener\">Sistema de Garant\u00eda Interna de Calidad<\/a><\/li>\n<\/ul>\n<p>[\/vc_column_text][\/vc_column][vc_column width=\u00bb1\/3&#8243;][vc_column_text]\n<ul class=\"widget-box\">\n<li class='contacto-header'>Informaci\u00f3n de contacto<\/li><li><i class=\"fa fa-map-marker\"><\/i> C\/ Profesor Jos\u00e9 Luis Moreno Becerra s\/n. Campus de Guajara. Apartado 456. C\u00f3digo postal 38200. San Crist\u00f3bal de La Laguna. S\/C de Tenerife<\/li><li><i class=\"fa fa-phone\"><\/i> (+34) 922 31 74 60<\/li><li><i class=\"fa fa-envelope\"><\/i>  <a href=mailto:psicologia@ull.es>psicologia@ull.es<\/a><\/li><li><i class=\"fa fa-globe\"><\/i><a href=\"https:\/\/www.ull.es\/centros\/facultad-psicologia-logopedia\/\"> Web de Facultad de Psicolog\u00eda y Logopedia<\/a><\/li><li><i class=\"fa fa-calendar\"><\/i><a href=\"http:\/\/citaprevia.ull.es\/\"> Cita previa<\/a><\/li>\n<\/ul>\n\n[\/vc_column_text][\/vc_column][\/vc_row]<\/p>\n","protected":false},"excerpt":{"rendered":"<p>[vc_row][vc_column][vc_column_text] Calidad y resultados [\/vc_column_text][\/vc_column][\/vc_row][vc_row][vc_column width=\u00bb2\/3&#8243;][vc_column_text] Documentaci\u00f3n de evaluaci\u00f3n del t\u00edtulo Indicadores y resultados del t\u00edtulo Quejas, sugerencias y felicitaciones Sistema de Garant\u00eda Interna de Calidad [\/vc_column_text][\/vc_column][vc_column width=\u00bb1\/3&#8243;][vc_column_text][\/vc_column_text][\/vc_column][\/vc_row]<\/p>\n","protected":false},"author":1,"featured_media":0,"parent":0,"menu_order":0,"comment_status":"closed","ping_status":"closed","template":"","meta":{"footnotes":""},"class_list":["post-261","page","type-page","status-publish","hentry"],"_links":{"self":[{"href":"https:\/\/www.ull.es\/grados\/logopedia\/en\/wp-json\/wp\/v2\/pages\/261","targetHints":{"allow":["GET"]}}],"collection":[{"href":"https:\/\/www.ull.es\/grados\/logopedia\/en\/wp-json\/wp\/v2\/pages"}],"about":[{"href":"https:\/\/www.ull.es\/grados\/logopedia\/en\/wp-json\/wp\/v2\/types\/page"}],"author":[{"embeddable":true,"href":"https:\/\/www.ull.es\/grados\/logopedia\/en\/wp-json\/wp\/v2\/users\/1"}],"replies":[{"embeddable":true,"href":"https:\/\/www.ull.es\/grados\/logopedia\/en\/wp-json\/wp\/v2\/comments?post=261"}],"version-history":[{"count":4,"href":"https:\/\/www.ull.es\/grados\/logopedia\/en\/wp-json\/wp\/v2\/pages\/261\/revisions"}],"predecessor-version":[{"id":803,"href":"https:\/\/www.ull.es\/grados\/logopedia\/en\/wp-json\/wp\/v2\/pages\/261\/revisions\/803"}],"wp:attachment":[{"href":"https:\/\/www.ull.es\/grados\/logopedia\/en\/wp-json\/wp\/v2\/media?parent=261"}],"curies":[{"name":"wp","href":"https:\/\/api.w.org\/{rel}","templated":true}]}}