{"id":37,"date":"2017-06-28T12:58:45","date_gmt":"2017-06-28T12:58:45","guid":{"rendered":"http:\/\/www.ull.es\/masteres\/desarrollo-y-gestion-de-recursos-humanos\/?page_id=30"},"modified":"2025-11-18T10:39:03","modified_gmt":"2025-11-18T10:39:03","slug":"perfil-de-ingreso-y-egreso","status":"publish","type":"page","link":"https:\/\/www.ull.es\/grados\/logopedia\/fr\/informacion-academica\/perfil-de-ingreso-y-egreso\/","title":{"rendered":"Profil d&#039;admission et de sortie"},"content":{"rendered":"\n<div class=\"wp-block-stackable-columns alignfull stk-block-columns stk-block stk-8657999\" data-block-id=\"8657999\"><style>.stk-8657999 {padding-bottom:0px !important;margin-top:-30px !important;margin-bottom:0px !important;}@media screen and (max-width: 767px){.stk-8657999 {margin-top:-10% !important;}}<\/style><div class=\"stk-row stk-inner-blocks stk-block-content stk-content-align stk-8657999-column alignfull\">\n<div class=\"wp-block-stackable-column stk-block-column stk-column stk-block stk-914f03e\" data-v=\"4\" data-block-id=\"914f03e\"><div class=\"stk-column-wrapper stk-block-column__content stk-container stk-914f03e-container stk--no-background stk--no-padding\"><div class=\"stk-block-content stk-inner-blocks stk-914f03e-inner-blocks\"><style id=\"depicter-1-inline-pre-css\">\n\n.depicter-1:not(.depicter-ready){\n\theight:500px;\n}\n\n\/***** Tablet *****\/\n@media screen and (max-width: 1024px){\n\n.depicter-1:not(.depicter-ready){\n\theight:700px;\n}\n\n}\n\/***** Mobile *****\/\n@media screen and (max-width: 767px){\n\n.depicter-1:not(.depicter-ready){\n\theight:360px;\n}\n\n}\n<\/style>\n<div id=\"depicter-1\" class=\"depicter depicter-document depicter-revert depicter-1 depicter-layout-fullwidth\">\n\n<div class=\"depicter-loading-container depicter-loading dotFlashing-dark\"><div class=\"depicter-loading-dark depicter-dot-flashing\">\n   <span><\/span>\n   <span><\/span>\n   <span><\/span>\n<\/div>\n<\/div>\n<div id=\"depicter-1-section-1\" class=\"depicter-section depicter-1-section-1\" data-name=\"Section 1\" data-type=\"section\" data-local-id=\"section-1\">\n<picture class=\"depicter-bg\">\n<source data-depicter-srcset=\"https:\/\/www.ull.es\/grados\/logopedia\/wp-content\/uploads\/sites\/30\/2025\/03\/Slider_Logopedia-768x248.jpg, https:\/\/www.ull.es\/grados\/logopedia\/wp-content\/uploads\/sites\/30\/2025\/03\/Slider_Logopedia.jpg 2x\" srcset=\"data:image\/gif;base64,R0lGODlhAQABAIAAAAAAAP\/\/\/yH5BAEAAAAALAAAAAABAAEAAAIBRAA7\" media=\"(max-width: 1024px)\" \/>\n\n<source data-depicter-srcset=\"https:\/\/www.ull.es\/grados\/logopedia\/wp-content\/uploads\/sites\/30\/2025\/03\/Slider_Logopedia.jpg, https:\/\/www.ull.es\/grados\/logopedia\/wp-content\/uploads\/sites\/30\/2025\/03\/Slider_Logopedia-1920x620.jpg 2x\" srcset=\"data:image\/gif;base64,R0lGODlhAQABAIAAAAAAAP\/\/\/yH5BAEAAAAALAAAAAABAAEAAAIBRAA7\" media=\"(min-width: 1025px)\" \/>\n<img decoding=\"async\" src=\"data:image\/gif;base64,R0lGODlhAQABAIAAAAAAAP\/\/\/yH5BAEAAAAALAAAAAABAAEAAAIBRAA7\" data-ken-burns=\"false\" data-tablet-ken-burns=\"false\" data-mobile-ken-burns=\"false\" alt=\"\" data-depicter-src=\"https:\/\/www.ull.es\/grados\/logopedia\/wp-content\/uploads\/sites\/30\/2025\/03\/Slider_Logopedia.jpg\" data-object-fit=\"custom,custom,\" data-object-position=\"center top,,\" data-crop=\"{'focalPoint':{'x':0.5,'y':0.5},'mediaSize':{'width':1393.54838709677414954057894647121429443359375,'height':450}}\" data-tablet-crop=\"{'focalPoint':{'x':0.5,'y':0.5},'mediaSize':{'width':2167.7419354838712024502456188201904296875,'height':700.0000000000001136868377216160297393798828125}}\" data-mobile-crop=\"{'focalPoint':{'x':0.5,'y':0.5},'mediaSize':{'width':1114.8387096774195015314035117626190185546875,'height':360}}\" \/>\n<\/picture>\n\n\n<h1 id=\"depicter-1-element-5\" class=\"depicter-element depicter-layer depicter-1-element-5\" data-type=\"text\" data-wrap=\"true\" data-name=\"Text 2\" data-local-id=\"element-5\" data-offset=\"x:179px;y:201px;origin:tl\" data-tablet-offset=\"x:263px;y:321px;origin:tl\" data-mobile-offset=\"x:60px;y:-105px;origin:tl\" data-width=\"843px,498px,354px\" data-height=\"auto,auto,auto\" data-responsive-scale=\"true,,\">Grado en Logopedia<\/h1>\n\n<div id=\"depicter-1-element-10\" class=\"depicter-element depicter-layer depicter-1-element-10\" data-type=\"shape\" data-wrap=\"true\" data-name=\"Shape 1\" data-local-id=\"element-10\" data-offset=\"x:190px;y:303px;origin:tl\" data-tablet-offset=\"x:263px;y:385px;origin:tl\" data-mobile-offset=\"x:6px;y:0px;origin:tl\" data-width=\"820px,487px,309px\" data-height=\"8px,8px,8px\" data-responsive-scale=\"true,,\"><\/div>\n<\/div>\n<\/div>\n<script>\n(window.depicterSetups = window.depicterSetups || []).push(function(){\n\tDepicter.basePath = 'https:\/\/www.ull.es\/grados\/logopedia\/wp-content\/plugins\/depicter\/resources\/scripts\/player\/';\n\tconst dpPlayer = Depicter.setup('.depicter-1',\n\t\t{\"width\":[\"1200\",\"1024\",\"360\"],\"height\":[\"500\",\"700\",\"360\"],\"view\":\"basic\",\"keepAspectRatio\":true,\"preload\":0,\"layout\":\"fullwidth\",\"rtl\":false,\"initAfterAppear\":false,\"ajaxApiUrl\":\"https:\\\/\\\/www.ull.es\\\/grados\\\/logopedia\\\/wp-admin\\\/admin-ajax.php\",\"mouseSwipe\":true,\"touchSwipe\":true,\"useWatermark\":false}\n\t);\n});\n<\/script><\/div><\/div><\/div>\n<\/div><\/div>\n\n\n\n<div class=\"wp-block-stackable-columns alignfull stk-block-columns stk--hide-mobile stk-block stk-ceecbdc stk-block-background\" data-block-id=\"ceecbdc\"><style>.stk-ceecbdc {background-color:#360060 !important;padding-top:35px !important;padding-right:0px !important;padding-bottom:2px !important;padding-left:0px !important;margin-top:-20px !important;margin-bottom:70px !important;}.stk-ceecbdc:before{background-color:#360060 !important;}<\/style><div class=\"stk-row stk-inner-blocks stk-block-content stk-content-align stk-ceecbdc-column alignfull\">\n<div class=\"wp-block-stackable-column stk-block-column stk-column stk-block stk-fc60a5d\" data-v=\"4\" data-block-id=\"fc60a5d\"><div class=\"stk-column-wrapper stk-block-column__content stk-container stk-fc60a5d-container stk--no-background stk--no-padding\"><div class=\"stk-block-content stk-inner-blocks stk-fc60a5d-inner-blocks\">\n<div class=\"wp-block-stackable-spacer stk-block-spacer stk--no-padding stk-block stk-a3a8a68\" data-block-id=\"a3a8a68\"><style>.stk-a3a8a68 {height:0px !important;}<\/style><\/div>\n<\/div><\/div><\/div>\n<\/div><\/div>\n\n\n\n<div class=\"wp-block-stackable-columns alignwide stk-block-columns stk-block stk-3627255\" data-block-id=\"3627255\"><style>.stk-3627255 {padding-right:16% !important;padding-left:16% !important;margin-bottom:18px !important;}<\/style><div class=\"stk-row stk-inner-blocks stk-block-content stk-content-align stk-3627255-column alignwide\">\n<div class=\"wp-block-stackable-column stk-block-column stk-column stk-block stk-81e665a\" data-v=\"4\" data-block-id=\"81e665a\"><div class=\"stk-column-wrapper stk-block-column__content stk-container stk-81e665a-container stk--no-background stk--no-padding\"><div class=\"stk-block-content stk-inner-blocks stk-81e665a-inner-blocks\">\n<div class=\"wp-block-stackable-heading stk-block-heading stk-block-heading--v2 stk-block stk-97878e6\" id=\"perfil-de-ingreso-y-egreso\" data-block-id=\"97878e6\"><style>.stk-97878e6 .stk-block-heading__text{color:#5c068c !important;}<\/style><h1 class=\"stk-block-heading__text has-text-color\">Perfil de ingreso y egreso<\/h1><\/div>\n\n\n\n<div class=\"wp-block-stackable-heading stk-block-heading stk-block-heading--v2 stk-block stk-c1637bd\" id=\"perfil-de-ingreso-recomendado\" data-block-id=\"c1637bd\"><style>.stk-c1637bd .stk-block-heading__text{color:#5c068c !important;}<\/style><h2 class=\"stk-block-heading__text has-text-color\">Perfil de ingreso recomendado<\/h2><\/div>\n\n\n\n<p>Atendiendo a lo que establece la normativa vigente relativa al acceso a la Universidad, el alumnado acceder\u00e1 a estos estudios mediante la superaci\u00f3n de las Pruebas de Acceso a la Universidad, despu\u00e9s de haber cursado cualquiera de las modalidades de bachillerato.<\/p>\n\n\n\n<p>En el caso de que hubiera una demanda superior a la oferta de plazas (establecida inicialmente en 80), se baremar\u00e1 por la nota final lograda en las Pruebas de Acceso a la Universidad (PAU).<\/p>\n\n\n\n<p>Para el alumnado que carezca del Bachillerato y de la PAU, la Universidad de La Laguna oferta la posibilidad de acceder a los estudios de Logopedia mediante el curso (PAM25) y la prueba de acceso para mayores de 25 a\u00f1os, en funci\u00f3n de lo establecido en el Real Decreto 743\/2003, de 20 de junio, por el que se regula la prueba de acceso a la universidad de los mayores de 25 a\u00f1os (BOE de 4 de julio de 2003).<\/p>\n\n\n\n<p>Para el alumnado que est\u00e9 en posesi\u00f3n de titulaci\u00f3n universitaria o equivalente se reserva un n\u00famero de plazas no inferior al 1 por 100 ni superior al 3 por 100.<\/p>\n\n\n\n<p>Todos aquel alumnado que est\u00e9 en posesi\u00f3n de un t\u00edtulo de Ciclo Formativo de Grado superior, M\u00f3dulo Profesional de nivel III o Formaci\u00f3n Profesional de Segundo Grado pueden acceder directamente a determinados estudios universitarios, conforme al Anexo X de la orden ECI\/2527\/2005, de 4 de julio (B.O.E. de 5 de agosto de 2005), As\u00ed, podr\u00e1n acceder estudiantes procedentes del Ciclo Formativo Superior: Interpretaci\u00f3n de la Lengua de Signos, Educaci\u00f3n Infantil, Integraci\u00f3n Social, Anatom\u00eda Patol\u00f3gica y Citolog\u00eda, Laboratorio de Diagn\u00f3stico Cl\u00ednico, Salud Ambiental, Imagen para el Diagn\u00f3stico, Radioterapia.<\/p>\n\n\n\n<p>De acuerdo al perfil profesional del logopeda, el futuro alumnado que cursase esta titulaci\u00f3n deber\u00edan tener definida su perspectiva vocacional en el \u00e1mbito de la Logopedia. En este mismo contexto, deben presentar un vivo inter\u00e9s por la investigaci\u00f3n, tanto b\u00e1sica como aplicada.<\/p>\n\n\n\n<p>Por tanto, ser\u00eda oportuno que demostrasen su inter\u00e9s por adquirir todos aquellos conocimientos que le permitieran situarse profesionalmente en el \u00e1mbito de la Logopedia y, adem\u00e1s, poder mantener una actitud de an\u00e1lisis y de cr\u00edtica argumentada, desde el punto de vista cient\u00edfico y profesional, ante los avances y hallazgos de la Logopedia cient\u00edfica tanto en el \u00e1mbito b\u00e1sico como aplicado, as\u00ed como con las t\u00e9cnicas y estrategias de evaluaci\u00f3n e intervenci\u00f3n disponibles para la resoluci\u00f3n de los problemas de \u00edndole Logop\u00e9dica que afecten al individuo o al grupo en la sociedad actual.<\/p>\n\n\n\n<p>En consecuencia, los alumnos y alumnas que optasen por formarse como logopedas mediante su incorporaci\u00f3n en el proyecto formativo articulado en este t\u00edtulo de Grado deber\u00edan manifestar inter\u00e9s:<\/p>\n\n\n\n<ul class=\"wp-block-list\">\n<li>por los hallazgos de la investigaci\u00f3n cient\u00edfica en el \u00e1mbito de la Logopedia, tanto en los \u00e1mbitos b\u00e1sicos como aplicados.<\/li>\n\n\n\n<li>por las estrategias y m\u00e9todos de intervenci\u00f3n\u00a0 propios de la Logopedia en su abordaje para la resoluci\u00f3n de la diversa problem\u00e1tica que afecta al individuo humano y al grupo en la sociedad actual.<\/li>\n\n\n\n<li>por las t\u00e9cnicas y metodolog\u00eda de la investigaci\u00f3n cient\u00edfica en el \u00e1mbito de la Logopedia, y su n\u00edtida separaci\u00f3n de las denominadas pseudociencias asociadas a la ausencia de pensamiento cr\u00edtico.<\/li>\n<\/ul>\n\n\n\n<p>En t\u00e9rminos motivacionales, es importante la predisposici\u00f3n a la interacci\u00f3n interpersonal y grupal, al trabajo en grupo, as\u00ed como una buena disposici\u00f3n para el afrontamiento e intervenci\u00f3n de situaciones complejas de manera met\u00f3dica y planificada con el objeto de resolver los problemas biopsicosociales que competen a la Logopedia. Adicionalmente, disponer de un dominio adecuado de la expresi\u00f3n oral y escrita.<\/p>\n\n\n\n<div class=\"wp-block-stackable-divider stk-block-divider stk-block stk-9cf9731\" data-block-id=\"9cf9731\"><style>.stk-9cf9731 hr.stk-block-divider__hr{width:100% !important;}<\/style><hr class=\"stk-block-divider__hr\"\/><\/div>\n\n\n\n<div class=\"wp-block-stackable-heading stk-block-heading stk-block-heading--v2 stk-block stk-ed628e4\" id=\"perfil-de-egreso\" data-block-id=\"ed628e4\"><style>.stk-ed628e4 .stk-block-heading__text{color:#5c068c !important;}<\/style><h2 class=\"stk-block-heading__text has-text-color\">Perfil de egreso<\/h2><\/div>\n\n\n\n<p>De acuerdo al perfil profesional del logopeda, son universitarios\/as con un acusado ejercicio profesional vocacional en el \u00e1mbito. En este mismo contexto, presentan tambi\u00e9n un vivo inter\u00e9s por la investigaci\u00f3n, tanto b\u00e1sica como aplicada. Mantienen una actualizaci\u00f3n de conocimientos que le permiten mantener una actitud de an\u00e1lisis y de cr\u00edtica argumentada, desde el punto de vista cient\u00edfico y profesional, ante los avances y hallazgos de la Logopedia cient\u00edfica, as\u00ed como con las t\u00e9cnicas y estrategias de evaluaci\u00f3n e intervenci\u00f3n disponibles para la resoluci\u00f3n de los problemas de \u00edndole Logop\u00e9dico que afecten al individuo o al grupo en la sociedad actual.<\/p>\n\n\n\n<p>Por lo expuesto, se puede concluir que el profesional de la logopedia est\u00e1 capacitado para ejercer tanto en el \u00e1mbito sanitario como en el educativo, y en sus vertientes tanto profesionales, docentes como &nbsp;investigadoras.<\/p>\n<\/div><\/div><\/div>\n<\/div><\/div>\n","protected":false},"excerpt":{"rendered":"<p>Profil d&#039;entr\u00e9e et de sortie Profil d&#039;entr\u00e9e recommand\u00e9 Conform\u00e9ment \u00e0 la r\u00e9glementation en vigueur relative \u00e0 l&#039;acc\u00e8s \u00e0 l&#039;universit\u00e9, les \u00e9l\u00e8ves seront admis \u00e0 ces \u00e9tudes en r\u00e9ussissant les examens d&#039;entr\u00e9e \u00e0 l&#039;universit\u00e9, apr\u00e8s avoir valid\u00e9 l&#039;une des fili\u00e8res du baccalaur\u00e9at. Dans le cas o\u00f9\u2026<\/p>","protected":false},"author":1,"featured_media":0,"parent":252,"menu_order":1,"comment_status":"closed","ping_status":"closed","template":"templates\/template-frontpage.php","meta":{"footnotes":""},"class_list":["post-37","page","type-page","status-publish","hentry"],"_links":{"self":[{"href":"https:\/\/www.ull.es\/grados\/logopedia\/fr\/wp-json\/wp\/v2\/pages\/37","targetHints":{"allow":["GET"]}}],"collection":[{"href":"https:\/\/www.ull.es\/grados\/logopedia\/fr\/wp-json\/wp\/v2\/pages"}],"about":[{"href":"https:\/\/www.ull.es\/grados\/logopedia\/fr\/wp-json\/wp\/v2\/types\/page"}],"author":[{"embeddable":true,"href":"https:\/\/www.ull.es\/grados\/logopedia\/fr\/wp-json\/wp\/v2\/users\/1"}],"replies":[{"embeddable":true,"href":"https:\/\/www.ull.es\/grados\/logopedia\/fr\/wp-json\/wp\/v2\/comments?post=37"}],"version-history":[{"count":15,"href":"https:\/\/www.ull.es\/grados\/logopedia\/fr\/wp-json\/wp\/v2\/pages\/37\/revisions"}],"predecessor-version":[{"id":1093,"href":"https:\/\/www.ull.es\/grados\/logopedia\/fr\/wp-json\/wp\/v2\/pages\/37\/revisions\/1093"}],"up":[{"embeddable":true,"href":"https:\/\/www.ull.es\/grados\/logopedia\/fr\/wp-json\/wp\/v2\/pages\/252"}],"wp:attachment":[{"href":"https:\/\/www.ull.es\/grados\/logopedia\/fr\/wp-json\/wp\/v2\/media?parent=37"}],"curies":[{"name":"wp","href":"https:\/\/api.w.org\/{rel}","templated":true}]}}