{"id":42,"date":"2017-06-28T13:01:59","date_gmt":"2017-06-28T13:01:59","guid":{"rendered":"http:\/\/www.ull.es\/masteres\/desarrollo-y-gestion-de-recursos-humanos\/?page_id=42"},"modified":"2025-11-18T10:50:07","modified_gmt":"2025-11-18T10:50:07","slug":"coordinacion-docente","status":"publish","type":"page","link":"https:\/\/www.ull.es\/grados\/logopedia\/fr\/informacion-academica\/coordinacion-docente\/","title":{"rendered":"Coordination p\u00e9dagogique"},"content":{"rendered":"\n<div class=\"wp-block-stackable-columns alignfull stk-block-columns stk-block stk-8657999\" data-block-id=\"8657999\"><style>.stk-8657999 {padding-bottom:0px !important;margin-top:-30px !important;margin-bottom:0px !important;}@media screen and (max-width: 767px){.stk-8657999 {margin-top:-10% !important;}}<\/style><div class=\"stk-row stk-inner-blocks stk-block-content stk-content-align stk-8657999-column alignfull\">\n<div class=\"wp-block-stackable-column stk-block-column stk-column stk-block stk-914f03e\" data-v=\"4\" data-block-id=\"914f03e\"><div class=\"stk-column-wrapper stk-block-column__content stk-container stk-914f03e-container stk--no-background stk--no-padding\"><div class=\"stk-block-content stk-inner-blocks stk-914f03e-inner-blocks\"><style id=\"depicter-1-inline-pre-css\">\n\n.depicter-1:not(.depicter-ready){\n\theight:500px;\n}\n\n\/***** Tablet *****\/\n@media screen and (max-width: 1024px){\n\n.depicter-1:not(.depicter-ready){\n\theight:700px;\n}\n\n}\n\/***** Mobile *****\/\n@media screen and (max-width: 767px){\n\n.depicter-1:not(.depicter-ready){\n\theight:360px;\n}\n\n}\n<\/style>\n<div id=\"depicter-1\" class=\"depicter depicter-document depicter-revert depicter-1 depicter-layout-fullwidth\">\n\n<div class=\"depicter-loading-container depicter-loading dotFlashing-dark\"><div class=\"depicter-loading-dark depicter-dot-flashing\">\n   <span><\/span>\n   <span><\/span>\n   <span><\/span>\n<\/div>\n<\/div>\n<div id=\"depicter-1-section-1\" class=\"depicter-section depicter-1-section-1\" data-name=\"Section 1\" data-type=\"section\" data-local-id=\"section-1\">\n<picture class=\"depicter-bg\">\n<source data-depicter-srcset=\"https:\/\/www.ull.es\/grados\/logopedia\/wp-content\/uploads\/sites\/30\/2025\/03\/Slider_Logopedia-768x248.jpg, https:\/\/www.ull.es\/grados\/logopedia\/wp-content\/uploads\/sites\/30\/2025\/03\/Slider_Logopedia.jpg 2x\" srcset=\"data:image\/gif;base64,R0lGODlhAQABAIAAAAAAAP\/\/\/yH5BAEAAAAALAAAAAABAAEAAAIBRAA7\" media=\"(max-width: 1024px)\" \/>\n\n<source data-depicter-srcset=\"https:\/\/www.ull.es\/grados\/logopedia\/wp-content\/uploads\/sites\/30\/2025\/03\/Slider_Logopedia.jpg, https:\/\/www.ull.es\/grados\/logopedia\/wp-content\/uploads\/sites\/30\/2025\/03\/Slider_Logopedia-1920x620.jpg 2x\" srcset=\"data:image\/gif;base64,R0lGODlhAQABAIAAAAAAAP\/\/\/yH5BAEAAAAALAAAAAABAAEAAAIBRAA7\" media=\"(min-width: 1025px)\" \/>\n<img decoding=\"async\" src=\"data:image\/gif;base64,R0lGODlhAQABAIAAAAAAAP\/\/\/yH5BAEAAAAALAAAAAABAAEAAAIBRAA7\" data-ken-burns=\"false\" data-tablet-ken-burns=\"false\" data-mobile-ken-burns=\"false\" alt=\"\" data-depicter-src=\"https:\/\/www.ull.es\/grados\/logopedia\/wp-content\/uploads\/sites\/30\/2025\/03\/Slider_Logopedia.jpg\" data-object-fit=\"custom,custom,\" data-object-position=\"center top,,\" data-crop=\"{'focalPoint':{'x':0.5,'y':0.5},'mediaSize':{'width':1393.54838709677414954057894647121429443359375,'height':450}}\" data-tablet-crop=\"{'focalPoint':{'x':0.5,'y':0.5},'mediaSize':{'width':2167.7419354838712024502456188201904296875,'height':700.0000000000001136868377216160297393798828125}}\" data-mobile-crop=\"{'focalPoint':{'x':0.5,'y':0.5},'mediaSize':{'width':1114.8387096774195015314035117626190185546875,'height':360}}\" \/>\n<\/picture>\n\n\n<h1 id=\"depicter-1-element-5\" class=\"depicter-element depicter-layer depicter-1-element-5\" data-type=\"text\" data-wrap=\"true\" data-name=\"Text 2\" data-local-id=\"element-5\" data-offset=\"x:179px;y:201px;origin:tl\" data-tablet-offset=\"x:263px;y:321px;origin:tl\" data-mobile-offset=\"x:60px;y:-105px;origin:tl\" data-width=\"843px,498px,354px\" data-height=\"auto,auto,auto\" data-responsive-scale=\"true,,\">Grado en Logopedia<\/h1>\n\n<div id=\"depicter-1-element-10\" class=\"depicter-element depicter-layer depicter-1-element-10\" data-type=\"shape\" data-wrap=\"true\" data-name=\"Shape 1\" data-local-id=\"element-10\" data-offset=\"x:190px;y:303px;origin:tl\" data-tablet-offset=\"x:263px;y:385px;origin:tl\" data-mobile-offset=\"x:6px;y:0px;origin:tl\" data-width=\"820px,487px,309px\" data-height=\"8px,8px,8px\" data-responsive-scale=\"true,,\"><\/div>\n<\/div>\n<\/div>\n<script>\n(window.depicterSetups = window.depicterSetups || []).push(function(){\n\tDepicter.basePath = 'https:\/\/www.ull.es\/grados\/logopedia\/wp-content\/plugins\/depicter\/resources\/scripts\/player\/';\n\tconst dpPlayer = Depicter.setup('.depicter-1',\n\t\t{\"width\":[\"1200\",\"1024\",\"360\"],\"height\":[\"500\",\"700\",\"360\"],\"view\":\"basic\",\"keepAspectRatio\":true,\"preload\":0,\"layout\":\"fullwidth\",\"rtl\":false,\"initAfterAppear\":false,\"ajaxApiUrl\":\"https:\\\/\\\/www.ull.es\\\/grados\\\/logopedia\\\/wp-admin\\\/admin-ajax.php\",\"mouseSwipe\":true,\"touchSwipe\":true,\"useWatermark\":false}\n\t);\n});\n<\/script><\/div><\/div><\/div>\n<\/div><\/div>\n\n\n\n<div class=\"wp-block-stackable-columns alignfull stk-block-columns stk--hide-mobile stk-block stk-ceecbdc stk-block-background\" data-block-id=\"ceecbdc\"><style>.stk-ceecbdc {background-color:#360060 !important;padding-top:35px !important;padding-right:0px !important;padding-bottom:2px !important;padding-left:0px !important;margin-top:-20px !important;margin-bottom:70px !important;}.stk-ceecbdc:before{background-color:#360060 !important;}<\/style><div class=\"stk-row stk-inner-blocks stk-block-content stk-content-align stk-ceecbdc-column alignfull\">\n<div class=\"wp-block-stackable-column stk-block-column stk-column stk-block stk-fc60a5d\" data-v=\"4\" data-block-id=\"fc60a5d\"><div class=\"stk-column-wrapper stk-block-column__content stk-container stk-fc60a5d-container stk--no-background stk--no-padding\"><div class=\"stk-block-content stk-inner-blocks stk-fc60a5d-inner-blocks\">\n<div class=\"wp-block-stackable-spacer stk-block-spacer stk--no-padding stk-block stk-a3a8a68\" data-block-id=\"a3a8a68\"><style>.stk-a3a8a68 {height:0px !important;}<\/style><\/div>\n<\/div><\/div><\/div>\n<\/div><\/div>\n\n\n\n<div class=\"wp-block-stackable-columns stk-block-columns stk-block stk-8b59b96\" data-block-id=\"8b59b96\"><style>.stk-8b59b96 .stk--block-align-8b59b96{align-items:flex-start !important;}.stk-8b59b96 {margin-top:25px !important;}.stk-8b59b96-column{--stk-columns-spacing:0px !important;--stk-column-gap:50px !important;}@media screen and (max-width: 767px){.stk-8b59b96-column{row-gap:var(--stk--preset--spacing--60, 2.25rem) !important;}}<\/style><div class=\"stk-row stk-inner-blocks stk--block-align-8b59b96 stk-block-content stk-content-align stk-8b59b96-column\">\n<div class=\"wp-block-stackable-column stk-block-column stk-column stk-block stk-dbb7e15\" data-v=\"4\" data-block-id=\"dbb7e15\"><div class=\"stk-column-wrapper stk-block-column__content stk-container stk-dbb7e15-container stk--no-background stk--no-padding\"><div class=\"stk-block-content stk-inner-blocks stk-dbb7e15-inner-blocks\">\n<div class=\"wp-block-stackable-heading stk-block-heading stk-block-heading--v2 stk-block stk-689c258\" id=\"coordinacion-docente\" data-block-id=\"689c258\"><style>.stk-689c258 .stk-block-heading__text{color:#5c068c !important;}<\/style><h1 class=\"stk-block-heading__text has-text-color\">Coordinaci\u00f3n docente<\/h1><\/div>\n\n\n\n<p>Las funciones de coordinaci\u00f3n docente recaen en nuestra facultad en los siguinetes estamentos:<\/p>\n\n\n\n<div class=\"wp-block-stackable-heading stk-block-heading stk-block-heading--v2 stk-block stk-439a176\" id=\"strong-comision-de-calidad-del-centro-strong\" data-block-id=\"439a176\"><style>.stk-439a176 .stk-block-heading__text{color:#5c068c !important;}<\/style><h2 class=\"stk-block-heading__text has-text-color\"><strong>Comisi\u00f3n de Calidad del Centro<\/strong><\/h2><\/div>\n\n\n\n<p>Es un \u00f3rgano asesor del Equipo Decanal de la facultad, que participa en tareas de planificaci\u00f3n y seguimiento del SGIC, y act\u00faa como uno de los veh\u00edculos de comunicaci\u00f3n interna de la pol\u00edtica, objetivos, planes, programas, responsabilidades y logros del mismo.<\/p>\n\n\n\n<p>Est\u00e1 compuesto por el\/la decano\/a, que act\u00faa como presidente, el Personal Coordinador de Calidad, un representante de cada titulaci\u00f3n (de grado y postgrado), un representante de cada departamento que tenga una carga docente superior al 7%, adem\u00e1s de otro representante del conjunto de departamentos con una carga docente inferior al 7%, dos representantes del Personal de Administraci\u00f3n y Servicios (administrador y otro), y un representante del alumnado (preferiblemente egresado\/a o estudiante de tercer ciclo). Asimismo formaran parte de la Comisi\u00f3n tres miembros externos, que por su relaci\u00f3n con las materias propias de las titulaciones de la facultad, actualmente Psicolog\u00eda y Logopedia, suponen una aportan singular para la mejor consecuci\u00f3n de los objetivos de la misma contenidos en el SGIC. Como secretario de la CCC actuar\u00e1 el secretario de la facultad.<\/p>\n\n\n\n<p>Son funciones de la CCC:<\/p>\n\n\n\n<ul class=\"wp-block-list\">\n<li>Dise\u00f1ar el SGIC de la Facultad de Psicolog\u00eda<\/li>\n\n\n\n<li>Recibir informaci\u00f3n del\/la decano\/a sobre los proyectos de modificaci\u00f3n del organigrama de centro y tomar\u00e1 posici\u00f3n ante los mismos<\/li>\n\n\n\n<li>Ser informado por el\/la decano\/a respecto a la pol\u00edtica y los objetivos generales de la calidad de la facultad y difundir esta informaci\u00f3n en todos los grupos de inter\u00e9s del centro<\/li>\n\n\n\n<li>Verificar la planificaci\u00f3n del SGIC de la facultad<\/li>\n\n\n\n<li>Realizar el seguimiento del SGIC<\/li>\n\n\n\n<li>Desarrollar procesos de revisi\u00f3n y mejora de los programas formativos<\/li>\n\n\n\n<li>Realizar el seguimiento de la eficacia de los procesos establecidos en el SGIC<\/li>\n\n\n\n<li>Estudiar y, en su caso, aprobar la implantaci\u00f3n de las propuestas de mejora del SGIC sugeridas por los restantes miembros de la facultad<\/li>\n\n\n\n<li>Controlar la ejecuci\u00f3n de las acciones correctivas y\/o preventivas, de las actuaciones derivadas de la revisi\u00f3n del SGIC, de las acciones de respuesta a las sugerencias, quejas y reclamaciones y, en general, de cualquier proyecto o proceso que no tenga asignado espec\u00edficamente un responsable para su seguimiento.<\/li>\n<\/ul>\n\n\n\n<p>La CCC se reunir\u00e1, al menos, con una periodicidad trimestral, previa convocatoria del secretario\/a. De las sesiones, el\/la secretario\/a levantar\u00e1 un acta que enviar\u00e1 a todos los componentes de la CCC, quienes dispondr\u00e1n de una semana para proponer correcciones. Si no se formularan correcciones se considerar\u00e1 aprobada y se publicar\u00e1 en la web de la Facultad de Psicolog\u00eda, de modo que est\u00e9 disponible para toda la comunidad universitaria.<\/p>\n\n\n\n<div class=\"wp-block-stackable-heading stk-block-heading stk-block-heading--v2 stk-block stk-da90578\" id=\"vicedecanato-de-ordenacion-academica\" data-block-id=\"da90578\"><style>.stk-da90578 .stk-block-heading__text{color:#5c068c !important;}<\/style><h2 class=\"stk-block-heading__text has-text-color\">Vicedecanato de Ordenaci\u00f3n Acad\u00e9mica<\/h2><\/div>\n\n\n\n<p id=\"vicedecanato-de-ordenacion-academica\">Corresponde al Vicedecanato de Ordenaci\u00f3n Acad\u00e9mica, la facultad de elevar informes y propuestas a la Junta de Facultad sobre las siguientes materias:<\/p>\n\n\n\n<ul id=\"vicedecanato-de-ordenacion-academica\" class=\"wp-block-list\">\n<li>La definici\u00f3n, aprobaci\u00f3n y coordinaci\u00f3n de la actuaci\u00f3n de la facultad en lo que concierne a la docencia.<\/li>\n\n\n\n<li>La organizaci\u00f3n y coordinaci\u00f3n de las ense\u00f1anzas que hayan de impartirse en el centro para la obtenci\u00f3n de las titulaciones acad\u00e9micas contempladas en sus planes de estudio.<\/li>\n\n\n\n<li>La elaboraci\u00f3n y modificaci\u00f3n de los planes de estudio y de ordenaci\u00f3n docente del centro.<\/li>\n\n\n\n<li>La determinaci\u00f3n de las normas para la implantaci\u00f3n y desarrollo de los planes de estudio.<\/li>\n\n\n\n<li>El informe sobre los programas docentes de los departamentos que impartan docencia en el centro.<\/li>\n\n\n\n<li>Velar por el cumplimiento efectivo del principio de libertad de estudio y de evaluaci\u00f3n continuada previsto en el art\u00edculo 10 del presente reglamento.<\/li>\n\n\n\n<li>Cualquier otro asunto de ordenaci\u00f3n acad\u00e9mica que fuera acordado por el Pleno de la Junta, por mayor\u00eda simple.<\/li>\n<\/ul>\n\n\n\n<div class=\"wp-block-stackable-heading stk-block-heading stk-block-heading--v2 stk-block stk-9693326\" id=\"comisiones-de-curso\" data-block-id=\"9693326\"><style>.stk-9693326 .stk-block-heading__text{color:#5c068c !important;}<\/style><h2 class=\"stk-block-heading__text has-text-color\">Comisiones de curso<\/h2><\/div>\n\n\n\n<p>La finalidad de las comisiones de curso es crear un espacio de di\u00e1logo entre alumnado y profesorado para coordinar la actividad acad\u00e9mica y con ello velar porque se consigan y mantengan los est\u00e1ndares de calidad en la ense\u00f1anza y el aprendizaje.<br>composici\u00f3n y periodicidad:<\/p>\n\n\n\n<ul class=\"wp-block-list\">\n<li>Las comisiones de curso tienen una duraci\u00f3n semestral. Es decir, en un curso acad\u00e9mico habr\u00e1 dos comisiones de curso, una en el semestre A y otra\u00a0 en el semestre B, para cada uno de los cursos del grado y la licenciatura.<\/li>\n\n\n\n<li>Cada comisi\u00f3n estar\u00e1 formada por todo el profesorado que imparte docencia en cada semestre y los representantes del estudiantado, elegidos seg\u00fan plantea el reglamento regulador de los delegados de grupo o curso de la Universidad de La Laguna. De este reglamento se desprende que la representaci\u00f3n de alumnado debe ser delegado\u00a0 y subdelegado por curso y grupo. En nuestro caso, dos de ma\u00f1ana y dos de tarde en Psicolog\u00eda y dos en Logopedia.<\/li>\n\n\n\n<li>Cada comisi\u00f3n estar\u00e1 coordinada por un profesor o profesora de una de las asignaturas con car\u00e1cter rotatorio.<\/li>\n\n\n\n<li>Las comisiones tendr\u00e1n al menos dos reuniones ordinarias al semestre: una inicial de constituci\u00f3n y\u00a0 seguimiento del semestre y otra de evaluaci\u00f3n del mismo.<\/li>\n\n\n\n<li>Al mismo tiempo podr\u00e1n convocarse todas las reuniones extraordinarias que sean precisas<\/li>\n<\/ul>\n\n\n\n<p>La convocatoria la realizar\u00e1 el coordinador o coordinadora de cada comisi\u00f3n con un m\u00ednimo de 48 horas de antelaci\u00f3n, salvo que sean de car\u00e1cter extraordinario o urgente que podr\u00e1n convocarse con 24 horas de antelaci\u00f3n.<\/p>\n\n\n\n<p>Funciones:<\/p>\n\n\n\n<ul class=\"wp-block-list\">\n<li>La Comisi\u00f3n de curso tendr\u00e1 como principal objetivo analizar la actividad docente que redunde en la mejora de la calidad de la ense\u00f1anza y el aprendizaje. Esto supone poner en com\u00fan el contenido, metodolog\u00eda docente y evaluaci\u00f3n que se realice, con el objetivo de evitar solapamientos de contenidos, incorporar metodolog\u00edas docentes \u00fatiles y cualquier otra iniciativa que favorezca el proceso de ense\u00f1anza-aprendizaje.<\/li>\n\n\n\n<li>La comisi\u00f3n recoger\u00e1 las sugerencias del profesorado y alumnado para la mejor marcha del curso (aspectos estructurales, infraestructura, etc.)<\/li>\n\n\n\n<li>La Comisi\u00f3n de curso velar\u00e1 por el debido cumplimiento del calendario lectivo y los acuerdos recogidos en la comisi\u00f3n de ordenaci\u00f3n acad\u00e9mica del centro.<\/li>\n\n\n\n<li>La Comisi\u00f3n de curso intentar\u00e1 dar soluci\u00f3n a las dificultades que puedan\u00a0 originarse en el curso y que no impliquen a otras instancias superiores.<\/li>\n\n\n\n<li>El coordinador o coordinadora del curso tiene las siguientes funciones:<br>a)\u00a0convocar las reuniones de las comisiones de curso<br>b)\u00a0recoger el acta de las reuniones, remitirlas a los miembros de la misma y al decanato de la facultad,<br>c)\u00a0dinamizar las reuniones para que se cumpla el objetivo del curso<br>d)\u00a0canalizar las peticiones del alumnado, siendo un referente expl\u00edcito para \u00e9ste.<br>e)\u00a0revisar el horario y elaborar los grupos de pr\u00e1cticas y tutor\u00edas acad\u00e9micas del curso correspondiente.<\/li>\n<\/ul>\n<\/div><\/div><\/div>\n<\/div><\/div>\n","protected":false},"excerpt":{"rendered":"<p>Coordination p\u00e9dagogique Les fonctions de coordination p\u00e9dagogique au sein de notre facult\u00e9 sont assur\u00e9es par les instances suivantes\u00a0: Comit\u00e9 qualit\u00e9 du centre Cet organe consultatif aupr\u00e8s de l\u2019\u00e9quipe du doyen de la facult\u00e9 participe \u00e0 la planification et au suivi des activit\u00e9s du SGIC et contribue \u00e0 la communication interne des politiques, objectifs et plans\u2026<\/p>","protected":false},"author":1,"featured_media":0,"parent":252,"menu_order":6,"comment_status":"closed","ping_status":"closed","template":"templates\/template-frontpage.php","meta":{"footnotes":""},"class_list":["post-42","page","type-page","status-publish","hentry"],"_links":{"self":[{"href":"https:\/\/www.ull.es\/grados\/logopedia\/fr\/wp-json\/wp\/v2\/pages\/42","targetHints":{"allow":["GET"]}}],"collection":[{"href":"https:\/\/www.ull.es\/grados\/logopedia\/fr\/wp-json\/wp\/v2\/pages"}],"about":[{"href":"https:\/\/www.ull.es\/grados\/logopedia\/fr\/wp-json\/wp\/v2\/types\/page"}],"author":[{"embeddable":true,"href":"https:\/\/www.ull.es\/grados\/logopedia\/fr\/wp-json\/wp\/v2\/users\/1"}],"replies":[{"embeddable":true,"href":"https:\/\/www.ull.es\/grados\/logopedia\/fr\/wp-json\/wp\/v2\/comments?post=42"}],"version-history":[{"count":21,"href":"https:\/\/www.ull.es\/grados\/logopedia\/fr\/wp-json\/wp\/v2\/pages\/42\/revisions"}],"predecessor-version":[{"id":1102,"href":"https:\/\/www.ull.es\/grados\/logopedia\/fr\/wp-json\/wp\/v2\/pages\/42\/revisions\/1102"}],"up":[{"embeddable":true,"href":"https:\/\/www.ull.es\/grados\/logopedia\/fr\/wp-json\/wp\/v2\/pages\/252"}],"wp:attachment":[{"href":"https:\/\/www.ull.es\/grados\/logopedia\/fr\/wp-json\/wp\/v2\/media?parent=42"}],"curies":[{"name":"wp","href":"https:\/\/api.w.org\/{rel}","templated":true}]}}