{"id":252,"date":"2017-07-11T12:30:00","date_gmt":"2017-07-11T12:30:00","guid":{"rendered":"http:\/\/www.ull.es\/masteres\/desarrollo-y-gestion-de-recursos-humanos\/?page_id=252"},"modified":"2018-06-06T13:34:56","modified_gmt":"2018-06-06T13:34:56","slug":"informacion-academica","status":"publish","type":"page","link":"https:\/\/www.ull.es\/grados\/maestro-educacion-primaria\/informacion-academica\/","title":{"rendered":"Informaci\u00f3n Acad\u00e9mica"},"content":{"rendered":"<p>[vc_row][vc_column][vc_column_text]<\/p>\n<h1>Informaci\u00f3n acad\u00e9mica<\/h1>\n<p>[\/vc_column_text][\/vc_column][\/vc_row][vc_row][vc_column width=\u00bb2\/3&#8243;][vc_column_text]<\/p>\n<ul>\n<li><a href=\"https:\/\/www.ull.es\/grados\/maestro-educacion-primaria\/informacion-academica\/descripcion-del-titulo\/\" target=\"_blank\" rel=\"noopener\">Descripci\u00f3n del t\u00edtulo<\/a><\/li>\n<li><a href=\"https:\/\/www.ull.es\/grados\/maestro-educacion-primaria\/informacion-academica\/perfil-de-ingreso-y-egreso\/\" target=\"_blank\" rel=\"noopener\">Perfil de ingreso y egreso<\/a><\/li>\n<li><a href=\"https:\/\/www.ull.es\/grados\/maestro-educacion-primaria\/informacion-academica\/acceso-admision-y-matricula\/\" target=\"_blank\" rel=\"noopener\">Acceso, admisi\u00f3n y matr\u00edcula<\/a><\/li>\n<li><a href=\"https:\/\/www.ull.es\/grados\/maestro-educacion-primaria\/informacion-academica\/reconocimiento-y-transferencia-de-creditos\/\" target=\"_blank\" rel=\"noopener\">Reconocimiento y transferencia de cr\u00e9ditos<\/a><\/li>\n<li><a href=\"https:\/\/www.ull.es\/grados\/maestro-educacion-primaria\/informacion-academica\/horarios-y-calendario-examenes\/\" target=\"_blank\" rel=\"noopener\">Horarios y calendarios de ex\u00e1menes<\/a><\/li>\n<li><a href=\"https:\/\/www.ull.es\/grados\/maestro-educacion-primaria\/informacion-academica\/coordinacion-docente\/\" target=\"_blank\" rel=\"noopener\">Coordinaci\u00f3n docente<\/a><\/li>\n<li><a href=\"https:\/\/www.ull.es\/grados\/maestro-educacion-primaria\/informacion-academica\/apoyo-y-orientacion\/\" target=\"_blank\" rel=\"noopener\">Apoyo y orientaci\u00f3n<\/a><\/li>\n<li><a href=\"https:\/\/www.ull.es\/grados\/maestro-educacion-primaria\/informacion-academica\/comisiones-de-centrotitulo\/\" target=\"_blank\" rel=\"noopener\">Comisiones de centro\/t\u00edtulo<\/a><\/li>\n<li><a href=\"https:\/\/www.ull.es\/grados\/maestro-educacion-primaria\/informacion-academica\/movilidad\/\" target=\"_blank\" rel=\"noopener\">Movilidad<\/a><\/li>\n<li><a href=\"https:\/\/www.ull.es\/grados\/maestro-educacion-primaria\/informacion-academica\/normativa-y-reglamentos\/\" target=\"_blank\" rel=\"noopener\">Normativa y reglamentos<\/a><\/li>\n<\/ul>\n<p>[\/vc_column_text][\/vc_column][vc_column width=\u00bb1\/3&#8243;][vc_column_text]\n<ul class=\"widget-box\">\n<li class='contacto-header'>Informaci\u00f3n de contacto<\/li><li><i class=\"fa fa-map-marker\"><\/i> C\/ Pedro Zerolo, s\/n. Edificio Central. Apartado 456. C\u00f3digo postal 38200. San Crist\u00f3bal de La Laguna. S\/C de Tenerife<\/li><li><i class=\"fa fa-phone\"><\/i> (+34) 922 31 90 11<\/li><li><i class=\"fa fa-envelope\"><\/i>  <a href=mailto:secedu@ull.edu.es>secedu@ull.edu.es<\/a><\/li><li><i class=\"fa fa-globe\"><\/i><a href=\"https:\/\/www.ull.es\/centros\/facultad-educacion\"> Web de la Facultad de Educaci\u00f3n<\/a><\/li><li><i class=\"fa fa-calendar\"><\/i><a href=\"http:\/\/citaprevia.ull.es\/index.php?s=educacion\"> Cita previa<\/a><\/li>\n<\/ul>\n\n[\/vc_column_text][\/vc_column][\/vc_row]<\/p>\n","protected":false},"excerpt":{"rendered":"<p>[vc_row][vc_column][vc_column_text] Informaci\u00f3n acad\u00e9mica [\/vc_column_text][\/vc_column][\/vc_row][vc_row][vc_column width=\u00bb2\/3&#8243;][vc_column_text] Descripci\u00f3n del t\u00edtulo Perfil de ingreso y egreso Acceso, admisi\u00f3n y matr\u00edcula Reconocimiento y transferencia de cr\u00e9ditos Horarios y calendarios de ex\u00e1menes Coordinaci\u00f3n docente Apoyo y orientaci\u00f3n Comisiones de centro\/t\u00edtulo Movilidad Normativa y reglamentos [\/vc_column_text][\/vc_column][vc_column width=\u00bb1\/3&#8243;][vc_column_text][\/vc_column_text][\/vc_column][\/vc_row]<\/p>\n","protected":false},"author":1,"featured_media":0,"parent":0,"menu_order":0,"comment_status":"closed","ping_status":"closed","template":"","meta":{"footnotes":""},"class_list":["post-252","page","type-page","status-publish","hentry"],"_links":{"self":[{"href":"https:\/\/www.ull.es\/grados\/maestro-educacion-primaria\/wp-json\/wp\/v2\/pages\/252","targetHints":{"allow":["GET"]}}],"collection":[{"href":"https:\/\/www.ull.es\/grados\/maestro-educacion-primaria\/wp-json\/wp\/v2\/pages"}],"about":[{"href":"https:\/\/www.ull.es\/grados\/maestro-educacion-primaria\/wp-json\/wp\/v2\/types\/page"}],"author":[{"embeddable":true,"href":"https:\/\/www.ull.es\/grados\/maestro-educacion-primaria\/wp-json\/wp\/v2\/users\/1"}],"replies":[{"embeddable":true,"href":"https:\/\/www.ull.es\/grados\/maestro-educacion-primaria\/wp-json\/wp\/v2\/comments?post=252"}],"version-history":[{"count":2,"href":"https:\/\/www.ull.es\/grados\/maestro-educacion-primaria\/wp-json\/wp\/v2\/pages\/252\/revisions"}],"predecessor-version":[{"id":719,"href":"https:\/\/www.ull.es\/grados\/maestro-educacion-primaria\/wp-json\/wp\/v2\/pages\/252\/revisions\/719"}],"wp:attachment":[{"href":"https:\/\/www.ull.es\/grados\/maestro-educacion-primaria\/wp-json\/wp\/v2\/media?parent=252"}],"curies":[{"name":"wp","href":"https:\/\/api.w.org\/{rel}","templated":true}]}}