{"id":42,"date":"2017-06-28T13:01:59","date_gmt":"2017-06-28T13:01:59","guid":{"rendered":"http:\/\/www.ull.es\/masteres\/desarrollo-y-gestion-de-recursos-humanos\/?page_id=42"},"modified":"2025-11-13T10:40:26","modified_gmt":"2025-11-13T10:40:26","slug":"coordinacion-docente","status":"publish","type":"page","link":"https:\/\/www.ull.es\/grados\/matematicas\/fr\/informacion-academica\/coordinacion-docente\/","title":{"rendered":"Coordination p\u00e9dagogique"},"content":{"rendered":"\n<div class=\"wp-block-stackable-columns alignfull stk-block-columns stk-block stk-8657999\" data-block-id=\"8657999\"><style>.stk-8657999 {padding-bottom:0px !important;margin-top:-30px !important;margin-bottom:0px !important;}@media screen and (max-width: 767px){.stk-8657999 {margin-top:-10% !important;}}<\/style><div class=\"stk-row stk-inner-blocks stk-block-content stk-content-align stk-8657999-column alignfull\">\n<div class=\"wp-block-stackable-column stk-block-column stk-column stk-block stk-914f03e\" data-v=\"4\" data-block-id=\"914f03e\"><div class=\"stk-column-wrapper stk-block-column__content stk-container stk-914f03e-container stk--no-background stk--no-padding\"><div class=\"stk-block-content stk-inner-blocks stk-914f03e-inner-blocks\"><style id=\"depicter-1-inline-pre-css\">\n\n.depicter-1:not(.depicter-ready){\n\theight:500px;\n}\n\n\/***** Tablet *****\/\n@media screen and (max-width: 1024px){\n\n.depicter-1:not(.depicter-ready){\n\theight:700px;\n}\n\n}\n\/***** Mobile *****\/\n@media screen and (max-width: 767px){\n\n.depicter-1:not(.depicter-ready){\n\theight:360px;\n}\n\n}\n<\/style>\n<div id=\"depicter-1\" class=\"depicter depicter-document depicter-revert depicter-1 depicter-layout-fullwidth\">\n\n<div class=\"depicter-loading-container depicter-loading dotFlashing-dark\"><div class=\"depicter-loading-dark depicter-dot-flashing\">\n   <span><\/span>\n   <span><\/span>\n   <span><\/span>\n<\/div>\n<\/div>\n<div id=\"depicter-1-section-1\" class=\"depicter-section depicter-1-section-1\" data-name=\"Section 1\" data-type=\"section\" data-local-id=\"section-1\">\n<picture class=\"depicter-bg\">\n<source data-depicter-srcset=\"https:\/\/www.ull.es\/grados\/matematicas\/wp-content\/uploads\/sites\/45\/2025\/03\/blackboard-inscribed-with-scientific-formulas-calculations-768x511.jpg, https:\/\/www.ull.es\/grados\/matematicas\/wp-content\/uploads\/sites\/45\/2025\/03\/blackboard-inscribed-with-scientific-formulas-calculations.jpg 2x\" srcset=\"data:image\/gif;base64,R0lGODlhAQABAIAAAAAAAP\/\/\/yH5BAEAAAAALAAAAAABAAEAAAIBRAA7\" media=\"(max-width: 1024px)\" \/>\n\n<source data-depicter-srcset=\"https:\/\/www.ull.es\/grados\/matematicas\/wp-content\/uploads\/sites\/45\/2025\/03\/blackboard-inscribed-with-scientific-formulas-calculations.jpg, https:\/\/www.ull.es\/grados\/matematicas\/wp-content\/uploads\/sites\/45\/2025\/03\/blackboard-inscribed-with-scientific-formulas-calculations-1600x1065.jpg 2x\" srcset=\"data:image\/gif;base64,R0lGODlhAQABAIAAAAAAAP\/\/\/yH5BAEAAAAALAAAAAABAAEAAAIBRAA7\" media=\"(min-width: 1025px)\" \/>\n<img decoding=\"async\" src=\"data:image\/gif;base64,R0lGODlhAQABAIAAAAAAAP\/\/\/yH5BAEAAAAALAAAAAABAAEAAAIBRAA7\" data-ken-burns=\"false\" data-tablet-ken-burns=\"false\" data-mobile-ken-burns=\"false\" alt=\"\" data-depicter-src=\"https:\/\/www.ull.es\/grados\/matematicas\/wp-content\/uploads\/sites\/45\/2025\/03\/blackboard-inscribed-with-scientific-formulas-calculations.jpg\" data-object-fit=\"custom,custom,\" data-object-position=\"center top,,\" data-crop=\"{'focalPoint':{'x':0.5,'y':0.5},'mediaSize':{'width':1200,'height':798.75}}\" data-tablet-crop=\"{'focalPoint':{'x':0.5,'y':0.5},'mediaSize':{'width':1051.643192488262911865604110062122344970703125,'height':700}}\" data-mobile-crop=\"{'focalPoint':{'x':0.5,'y':0.5},'mediaSize':{'width':540.8450704225351728382520377635955810546875,'height':360}}\" \/>\n<\/picture>\n\n\n<h1 id=\"depicter-1-element-5\" class=\"depicter-element depicter-layer depicter-1-element-5\" data-type=\"text\" data-wrap=\"true\" data-name=\"Text 2\" data-local-id=\"element-5\" data-offset=\"x:122px;y:200px;origin:tl\" data-tablet-offset=\"x:218px;y:321px;origin:tl\" data-mobile-offset=\"x:28px;y:-100px;origin:tl\" data-width=\"956px,589px,348px\" data-height=\"auto,auto,auto\" data-responsive-scale=\"true,,\">Grado en Matem\u00e1ticas<\/h1>\n\n<div id=\"depicter-1-element-10\" class=\"depicter-element depicter-layer depicter-1-element-10\" data-type=\"shape\" data-wrap=\"true\" data-name=\"Shape 1\" data-local-id=\"element-10\" data-offset=\"x:134px;y:306px;origin:tl\" data-tablet-offset=\"x:224px;y:385px;origin:tl\" data-mobile-offset=\"x:28px;y:15px;origin:tl\" data-width=\"933px,532px,269px\" data-height=\"8px,8px,8px\" data-responsive-scale=\"true,,\"><\/div>\n<\/div>\n<\/div>\n<script>\n(window.depicterSetups = window.depicterSetups || []).push(function(){\n\tDepicter.basePath = 'https:\/\/www.ull.es\/grados\/matematicas\/wp-content\/plugins\/depicter\/resources\/scripts\/player\/';\n\tconst dpPlayer = Depicter.setup('.depicter-1',\n\t\t{\"width\":[\"1200\",\"1024\",\"360\"],\"height\":[\"500\",\"700\",\"360\"],\"view\":\"basic\",\"keepAspectRatio\":true,\"preload\":0,\"layout\":\"fullwidth\",\"rtl\":false,\"initAfterAppear\":false,\"ajaxApiUrl\":\"https:\\\/\\\/www.ull.es\\\/grados\\\/matematicas\\\/wp-admin\\\/admin-ajax.php\",\"mouseSwipe\":true,\"touchSwipe\":true,\"useWatermark\":false}\n\t);\n});\n<\/script><\/div><\/div><\/div>\n<\/div><\/div>\n\n\n\n<div class=\"wp-block-stackable-columns alignfull stk-block-columns stk--hide-mobile stk-block stk-ceecbdc stk-block-background\" data-block-id=\"ceecbdc\"><style>.stk-ceecbdc {background-color:#360060 !important;padding-top:35px !important;padding-right:0px !important;padding-bottom:2px !important;padding-left:0px !important;margin-top:-20px !important;margin-bottom:70px !important;}.stk-ceecbdc:before{background-color:#360060 !important;}<\/style><div class=\"stk-row stk-inner-blocks stk-block-content stk-content-align stk-ceecbdc-column alignfull\">\n<div class=\"wp-block-stackable-column stk-block-column stk-column stk-block stk-fc60a5d\" data-v=\"4\" data-block-id=\"fc60a5d\"><div class=\"stk-column-wrapper stk-block-column__content stk-container stk-fc60a5d-container stk--no-background stk--no-padding\"><div class=\"stk-block-content stk-inner-blocks stk-fc60a5d-inner-blocks\">\n<div class=\"wp-block-stackable-spacer stk-block-spacer stk--no-padding stk-block stk-a3a8a68\" data-block-id=\"a3a8a68\"><style>.stk-a3a8a68 {height:0px !important;}<\/style><\/div>\n<\/div><\/div><\/div>\n<\/div><\/div>\n\n\n\n<div class=\"wp-block-stackable-columns stk-block-columns stk-block stk-8b59b96\" data-block-id=\"8b59b96\"><style>.stk-8b59b96 .stk--block-align-8b59b96{align-items:flex-start !important;}.stk-8b59b96 {margin-top:25px !important;}.stk-8b59b96-column{--stk-columns-spacing:0px !important;--stk-column-gap:50px !important;}@media screen and (max-width: 767px){.stk-8b59b96-column{row-gap:var(--stk--preset--spacing--60, 2.25rem) !important;}}<\/style><div class=\"stk-row stk-inner-blocks stk--block-align-8b59b96 stk-block-content stk-content-align stk-8b59b96-column\">\n<div class=\"wp-block-stackable-column stk-block-column stk-column stk-block stk-dbb7e15\" data-v=\"4\" data-block-id=\"dbb7e15\"><div class=\"stk-column-wrapper stk-block-column__content stk-container stk-dbb7e15-container stk--no-background stk--no-padding\"><div class=\"stk-block-content stk-inner-blocks stk-dbb7e15-inner-blocks\">\n<div class=\"wp-block-stackable-heading stk-block-heading stk-block-heading--v2 stk-block stk-689c258\" id=\"coordinacion-docente\" data-block-id=\"689c258\"><style>.stk-689c258 .stk-block-heading__text{color:#5c068c !important;}<\/style><h1 class=\"stk-block-heading__text has-text-color\">Coordinaci\u00f3n docente<\/h1><\/div>\n\n\n\n<div class=\"wp-block-stackable-heading stk-block-heading stk-block-heading--v2 stk-block stk-439a176\" id=\"strong-coordinacion-de-cuatrimestre-por-curso-strong\" data-block-id=\"439a176\"><style>.stk-439a176 .stk-block-heading__text{color:#5c068c !important;}<\/style><h2 class=\"stk-block-heading__text has-text-color\"><strong>Coordinaci\u00f3n de cuatrimestre por curso<\/strong><\/h2><\/div>\n\n\n\n<p>Para garantizar la necesaria coordinaci\u00f3n docente del Grado en Matem\u00e1ticas se dispone de los siguientes \u00f3rganos y agentes: Comisi\u00f3n de T\u00edtulo, coordinaciones de m\u00f3dulo, coordinaciones de curso, coordinadores de asignatura y Coordinador de Calidad e Innovaci\u00f3n Docente.<\/p>\n\n\n\n<ul class=\"wp-block-list\">\n<li><strong>Comisi\u00f3n de T\u00edtulo<\/strong>\u00a0(Coordinaci\u00f3n vertical). La coordinaci\u00f3n entre los diferentes cursos del Grado en Matem\u00e1ticas se lleva a cabo en el seno de esta comisi\u00f3n.<\/li>\n<\/ul>\n\n\n\n<p>En la Junta de Secci\u00f3n de Matem\u00e1ticas del 16 de diciembre de 2022, se aprueba la composici\u00f3n actual: adem\u00e1s de la persona que ocupa el vicedecanato responsable del Grado en Matem\u00e1ticas, el Vicedecano de Calidad y POAT de la Facultad de Ciencias, adem\u00e1s de otros coordinadores propios del t\u00edtulo (Calidad, TFG, Pr\u00e1cticas Externas y POAT), profesores representantes de las \u00e1reas de conocimiento con mayor docencia en el Grado (\u00c1lgebra, An\u00e1lisis Matem\u00e1tico, Estad\u00edstica e Investigaci\u00f3n Operativa, Geometr\u00eda y Topolog\u00eda, y Matem\u00e1tica Aplicada) y un representante del PTGAS, se pasa de 2 a 4 representantes del alumnado, exactamente los 4 delegados de curso y, actuando como suplentes, los subdelegados; se incluye, entre el grupo de coordinadores, al de movilidad del Grado en Matem\u00e1ticas; y en el de representaci\u00f3n del PDI, a los 4 Coordinadores de Curso. Adem\u00e1s de mejorar el contacto e informaci\u00f3n con el alumnado y poder valorar las deficiencias y posibles soluciones respecto a la orientaci\u00f3n y atenci\u00f3n propuesta, se fortalecen las relaciones entre la coordinaci\u00f3n horizontal (por cursos), y la vertical que lleva a cabo la Comisi\u00f3n de T\u00edtulo.<\/p>\n\n\n\n<p>Sus funciones vienen recogidas en el Reglamento de R\u00e9gimen Interno de la Facultad de Ciencias. En concreto, la Comisi\u00f3n de T\u00edtulo es responsable de:<\/p>\n\n\n\n<ol class=\"wp-block-list\">\n<li>La definici\u00f3n, aprobaci\u00f3n y coordinaci\u00f3n de la actuaci\u00f3n en lo que concierne a la docencia. En ese sentido se encarga de:<\/li>\n<\/ol>\n\n\n\n<ul class=\"wp-block-list\">\n<li>Realizar una revisi\u00f3n continua del proceso ense\u00f1anza-aprendizaje para la actualizaci\u00f3n y mejora del programa formativo de la titulaci\u00f3n. En su caso, proponer grupos de trabajo de an\u00e1lisis de la situaci\u00f3n.<\/li>\n\n\n\n<li>Analizar en profundidad los posibles solapamientos o carencias que se detecten en los diferentes programas de las asignaturas, o\u00eddas las coordinaciones de m\u00f3dulo, de curso y\/o de asignatura, con el fin de corregir la situaci\u00f3n.<\/li>\n\n\n\n<li>Realizar el seguimiento del plan de estudios.<\/li>\n\n\n\n<li>Participar en el an\u00e1lisis, evoluci\u00f3n, reflexi\u00f3n y propuesta de acciones a partir de los resultados de rendimiento acad\u00e9mico y de satisfacci\u00f3n de la titulaci\u00f3n a fin de tomar decisiones encaminadas a la mejora.<\/li>\n<\/ul>\n\n\n\n<ol class=\"wp-block-list\">\n<li>La organizaci\u00f3n de las ense\u00f1anzas para la obtenci\u00f3n de la titulaci\u00f3n acad\u00e9mica contemplada en su plan de estudios. En este sentido, se ocupa, entre otros, de:<\/li>\n<\/ol>\n\n\n\n<ul class=\"wp-block-list\">\n<li>La elaboraci\u00f3n de la propuesta de grupos de teor\u00eda, problemas en aula, pr\u00e1cticas de laboratorio, seminarios\u2026, para cada curso acad\u00e9mico, atendiendo a la previsi\u00f3n de alumnos matriculados, al personal docente del que disponen los Departamentos adscritos a la docencia del t\u00edtulo y al espacio disponible para realizar dichas actividades.<\/li>\n\n\n\n<li>La confecci\u00f3n de la propuesta de horarios, as\u00ed como de la correspondiente agenda por cuatrimestre y curso.<\/li>\n\n\n\n<li>La elaboraci\u00f3n de la propuesta de calendario de ex\u00e1menes para cada una de las convocatorias.<\/li>\n<\/ul>\n\n\n\n<ol class=\"wp-block-list\">\n<li>La aprobaci\u00f3n de las gu\u00edas docentes de las asignaturas de la titulaci\u00f3n.<\/li>\n\n\n\n<li>La determinaci\u00f3n de las normas para la implantaci\u00f3n y desarrollo de los planes de estudio.<\/li>\n<\/ol>\n\n\n\n<ul class=\"wp-block-list\">\n<li><strong>Coordinaci\u00f3n de m\u00f3dulo<\/strong>\u00a0(Coordinaci\u00f3n vertical de materia). Las asignaturas que componen el plan de estudios se agrupan en m\u00f3dulos, bloques tem\u00e1ticos de materias que constituyen una unidad organizativa dentro del plan de estudios. Se han definido atendiendo a la coordinaci\u00f3n desarrollada en el proceso de modificaci\u00f3n del Grado en Matem\u00e1ticas, que arranca en 2016, tras la primera acreditaci\u00f3n, y culmina en 2019 con su aprobaci\u00f3n. La concepci\u00f3n de m\u00f3dulo cambia para hacerlo m\u00e1s operativo y eficaz, y son las \u00e1reas de conocimiento de los Departamentos las que coordinar\u00e1n verticalmente la metodolog\u00eda de ense\u00f1anza-aprendizaje y los criterios de evaluaci\u00f3n, asegur\u00e1ndose de que no haya redundancia o carencias en los temarios de las diferentes asignaturas del m\u00f3dulo. Presentar\u00e1n su balance al Coordinador de Calidad e Innovaci\u00f3n Educativa y\/o a la Comisi\u00f3n de T\u00edtulo, o si la situaci\u00f3n lo requiere, a trav\u00e9s del procedimiento correspondiente para la gesti\u00f3n y revisi\u00f3n de incidencias, reclamaciones y sugerencias del SGIC. Conviene indicar que, para el M\u00f3dulo Matem\u00e1ticas para la Ense\u00f1anza, integrado por una \u00fanica asignatura optativa, la coordinaci\u00f3n se realizar\u00e1 a nivel asignatura. Los dos m\u00f3dulos Trabajo Fin de Grado y Pr\u00e1cticas Externas cuentan cada uno con un coordinador, apoyado por una comisi\u00f3n espec\u00edfica, que se encarga de todos los procesos relacionados con su gesti\u00f3n: la Comisi\u00f3n de TFG y la Comisi\u00f3n de Pr\u00e1cticas Externas de Matem\u00e1ticas.<\/li>\n\n\n\n<li><strong>Coordinaci\u00f3n horizontal o de curso<\/strong>. Cada uno de los cuatro cursos del Grado en Matem\u00e1ticas cuenta con un Coordinador, un profesor coordinador de alguna de las asignaturas que imparte docencia en el curso en cuesti\u00f3n, y cuyo nombramiento ser\u00e1 ratificado en la primera Junta de Secci\u00f3n o de Facultad del curso. Preside la Comisi\u00f3n de Coordinaci\u00f3n del curso, conformada por el resto de coordinadores de asignaturas de ese curso, para coordinar las actividades que se llevan a cabo en las distintas asignaturas. Los objetivos de esta Comisi\u00f3n son, entre otros, evitar el solapamiento de las actividades que supongan mayor carga de trabajo puntual para los estudiantes cumplimentando las agendas de ambos cuatrimestres con la distribuci\u00f3n de las distintas actividades formativas: clases te\u00f3ricas, clases pr\u00e1cticas de problema en el aula, laboratorio de inform\u00e1tica, seguimientos, seminarios\u2026, antes de que se inicie el correspondiente cuatrimestre y publicitarla, actualizada, en la p\u00e1gina web del Grado en Matem\u00e1ticas. Se encarga tambi\u00e9n de asignar los estudiantes a los diferentes grupos que se originen, y de analizar los resultados parciales que van surgiendo en la evaluaci\u00f3n continua del aprendizaje.<\/li>\n<\/ul>\n\n\n\n<p>La evaluaci\u00f3n continua y formativa se implementar\u00e1 en cada cuatrimestre, y en cada asignatura, de forma realista e integrada en las propias actividades de ense\u00f1anza y aprendizaje. Las coordinaciones de curso gestionar\u00e1n una agenda viable para que las actividades propuestas puedan ser atendidas por los estudiantes de una manera razonable.<\/p>\n\n\n\n<p>Cada curso de la titulaci\u00f3n cuenta adem\u00e1s con un entorno colaborativo en el campus virtual de la Universidad de La Laguna donde est\u00e1 incorporado todo el profesorado y el Coordinador del curso correspondiente, adem\u00e1s del Coordinador de Calidad e Innovaci\u00f3n Docente de Matem\u00e1ticas.<\/p>\n\n\n\n<p>En el caso particular de cuarto curso, son tambi\u00e9n miembros los coordinadores de las asignaturas anuales Trabajo Fin de Grado y Pr\u00e1cticas Externas.<\/p>\n\n\n\n<ul class=\"wp-block-list\">\n<li><strong>Coordinador de asignatura<\/strong>. Es el responsable de la elaboraci\u00f3n de la gu\u00eda docente de la asignatura y de los aspectos organizativos de la misma. Le corresponde al Consejo de Departamento implicado en la docencia de la asignatura, aprobar su nombramiento, excepto en el caso de los coordinadores de Trabajo Fin de Grado y Pr\u00e1cticas Externas, cuyo nombramiento es aprobado por la Junta de Secci\u00f3n y\/o Facultad, y elevado al Rectorado de la Universidad de La Laguna. El Coordinador de asignatura es el referente para la gesti\u00f3n de cualquier disfunci\u00f3n que pudiera darse a lo largo del curso, poni\u00e9ndola en conocimiento del Director del Departamento y\/o Vicedecano de la Secci\u00f3n de Matem\u00e1ticas. Se encarga de coordinar la teor\u00eda, los grupos pr\u00e1cticos, las pruebas a realizar, los criterios de evaluaci\u00f3n de la asignatura, la revisi\u00f3n del material docente\u2026, adem\u00e1s de asistir a cuantas reuniones le convoque el Coordinador de curso.<\/li>\n<\/ul>\n\n\n\n<p><strong>Entornos virtuales de coordinaci\u00f3n docente (acceso restringido)<\/strong><\/p>\n\n\n\n<ul class=\"wp-block-list\">\n<li><a href=\"https:\/\/campusvirtual.ull.es\/facultades\/course\/view.php?id=103\" target=\"_blank\" rel=\"noreferrer noopener\" target=\"_blank\" rel=\"noopener\">Coordinaci\u00f3n de Primer Curso<\/a><\/li>\n\n\n\n<li><a href=\"https:\/\/campusvirtual.ull.es\/facultades\/course\/view.php?id=105\" target=\"_blank\" rel=\"noreferrer noopener\" target=\"_blank\" rel=\"noopener\">Coordinaci\u00f3n de Segundo Curso<\/a><\/li>\n\n\n\n<li><a href=\"https:\/\/campusvirtual.ull.es\/facultades\/course\/view.php?id=138\" target=\"_blank\" rel=\"noreferrer noopener\" target=\"_blank\" rel=\"noopener\">Coordinaci\u00f3n de Tercer Curso<\/a><\/li>\n\n\n\n<li><a href=\"https:\/\/campusvirtual.ull.es\/facultades\/course\/view.php?id=283\" target=\"_blank\" rel=\"noreferrer noopener\" target=\"_blank\" rel=\"noopener\">Coordinaci\u00f3n de Cuarto Curso<\/a><\/li>\n<\/ul>\n<\/div><\/div><\/div>\n<\/div><\/div>\n","protected":false},"excerpt":{"rendered":"<p>Coordinaci\u00f3n docente Coordinaci\u00f3n de cuatrimestre por curso Para garantizar la necesaria coordinaci\u00f3n docente del Grado en Matem\u00e1ticas se dispone de los siguientes \u00f3rganos y agentes: Comisi\u00f3n de T\u00edtulo, coordinaciones de m\u00f3dulo, coordinaciones de curso, coordinadores de asignatura y Coordinador de Calidad e Innovaci\u00f3n Docente. En la Junta de Secci\u00f3n de Matem\u00e1ticas del 16 de diciembre&#8230;<\/p>","protected":false},"author":1,"featured_media":0,"parent":252,"menu_order":6,"comment_status":"closed","ping_status":"closed","template":"templates\/template-frontpage.php","meta":{"footnotes":""},"class_list":["post-42","page","type-page","status-publish","hentry"],"_links":{"self":[{"href":"https:\/\/www.ull.es\/grados\/matematicas\/fr\/wp-json\/wp\/v2\/pages\/42","targetHints":{"allow":["GET"]}}],"collection":[{"href":"https:\/\/www.ull.es\/grados\/matematicas\/fr\/wp-json\/wp\/v2\/pages"}],"about":[{"href":"https:\/\/www.ull.es\/grados\/matematicas\/fr\/wp-json\/wp\/v2\/types\/page"}],"author":[{"embeddable":true,"href":"https:\/\/www.ull.es\/grados\/matematicas\/fr\/wp-json\/wp\/v2\/users\/1"}],"replies":[{"embeddable":true,"href":"https:\/\/www.ull.es\/grados\/matematicas\/fr\/wp-json\/wp\/v2\/comments?post=42"}],"version-history":[{"count":26,"href":"https:\/\/www.ull.es\/grados\/matematicas\/fr\/wp-json\/wp\/v2\/pages\/42\/revisions"}],"predecessor-version":[{"id":1486,"href":"https:\/\/www.ull.es\/grados\/matematicas\/fr\/wp-json\/wp\/v2\/pages\/42\/revisions\/1486"}],"up":[{"embeddable":true,"href":"https:\/\/www.ull.es\/grados\/matematicas\/fr\/wp-json\/wp\/v2\/pages\/252"}],"wp:attachment":[{"href":"https:\/\/www.ull.es\/grados\/matematicas\/fr\/wp-json\/wp\/v2\/media?parent=42"}],"curies":[{"name":"wp","href":"https:\/\/api.w.org\/{rel}","templated":true}]}}