{"id":33,"date":"2017-06-28T12:48:33","date_gmt":"2017-06-28T12:48:33","guid":{"rendered":"http:\/\/www.ull.es\/masteres\/desarrollo-y-gestion-de-recursos-humanos\/?page_id=20"},"modified":"2025-11-13T15:03:15","modified_gmt":"2025-11-13T15:03:15","slug":"trabajo-fin-de-grado","status":"publish","type":"page","link":"https:\/\/www.ull.es\/grados\/matematicas\/plan-de-estudios\/trabajo-fin-de-grado\/","title":{"rendered":"Trabajo Fin de Grado"},"content":{"rendered":"\n<div class=\"wp-block-stackable-columns alignfull stk-block-columns stk-block stk-8657999\" data-block-id=\"8657999\"><style>.stk-8657999 {padding-bottom:0px !important;margin-top:-30px !important;margin-bottom:0px !important;}@media screen and (max-width: 767px){.stk-8657999 {margin-top:-10% !important;}}<\/style><div class=\"stk-row stk-inner-blocks stk-block-content stk-content-align stk-8657999-column alignfull\">\n<div class=\"wp-block-stackable-column stk-block-column stk-column stk-block stk-914f03e\" data-v=\"4\" data-block-id=\"914f03e\"><div class=\"stk-column-wrapper stk-block-column__content stk-container stk-914f03e-container stk--no-background stk--no-padding\"><div class=\"stk-block-content stk-inner-blocks stk-914f03e-inner-blocks\"><style id=\"depicter-1-inline-pre-css\">\n\n.depicter-1:not(.depicter-ready){\n\theight:500px;\n}\n\n\/***** Tablet *****\/\n@media screen and (max-width: 1024px){\n\n.depicter-1:not(.depicter-ready){\n\theight:700px;\n}\n\n}\n\/***** Mobile *****\/\n@media screen and (max-width: 767px){\n\n.depicter-1:not(.depicter-ready){\n\theight:360px;\n}\n\n}\n<\/style>\n<div id=\"depicter-1\" class=\"depicter depicter-document depicter-revert depicter-1 depicter-layout-fullwidth\">\n\n<div class=\"depicter-loading-container depicter-loading dotFlashing-dark\"><div class=\"depicter-loading-dark depicter-dot-flashing\">\n   <span><\/span>\n   <span><\/span>\n   <span><\/span>\n<\/div>\n<\/div>\n<div id=\"depicter-1-section-1\" class=\"depicter-section depicter-1-section-1\" data-name=\"Section 1\" data-type=\"section\" data-local-id=\"section-1\">\n<picture class=\"depicter-bg\">\n<source data-depicter-srcset=\"https:\/\/www.ull.es\/grados\/matematicas\/wp-content\/uploads\/sites\/45\/2025\/03\/blackboard-inscribed-with-scientific-formulas-calculations-768x511.jpg, https:\/\/www.ull.es\/grados\/matematicas\/wp-content\/uploads\/sites\/45\/2025\/03\/blackboard-inscribed-with-scientific-formulas-calculations.jpg 2x\" srcset=\"data:image\/gif;base64,R0lGODlhAQABAIAAAAAAAP\/\/\/yH5BAEAAAAALAAAAAABAAEAAAIBRAA7\" media=\"(max-width: 1024px)\" \/>\n\n<source data-depicter-srcset=\"https:\/\/www.ull.es\/grados\/matematicas\/wp-content\/uploads\/sites\/45\/2025\/03\/blackboard-inscribed-with-scientific-formulas-calculations.jpg, https:\/\/www.ull.es\/grados\/matematicas\/wp-content\/uploads\/sites\/45\/2025\/03\/blackboard-inscribed-with-scientific-formulas-calculations-1600x1065.jpg 2x\" srcset=\"data:image\/gif;base64,R0lGODlhAQABAIAAAAAAAP\/\/\/yH5BAEAAAAALAAAAAABAAEAAAIBRAA7\" media=\"(min-width: 1025px)\" \/>\n<img decoding=\"async\" src=\"data:image\/gif;base64,R0lGODlhAQABAIAAAAAAAP\/\/\/yH5BAEAAAAALAAAAAABAAEAAAIBRAA7\" data-ken-burns=\"false\" data-tablet-ken-burns=\"false\" data-mobile-ken-burns=\"false\" alt=\"\" data-depicter-src=\"https:\/\/www.ull.es\/grados\/matematicas\/wp-content\/uploads\/sites\/45\/2025\/03\/blackboard-inscribed-with-scientific-formulas-calculations.jpg\" data-object-fit=\"custom,custom,\" data-object-position=\"center top,,\" data-crop=\"{'focalPoint':{'x':0.5,'y':0.5},'mediaSize':{'width':1200,'height':798.75}}\" data-tablet-crop=\"{'focalPoint':{'x':0.5,'y':0.5},'mediaSize':{'width':1051.643192488262911865604110062122344970703125,'height':700}}\" data-mobile-crop=\"{'focalPoint':{'x':0.5,'y':0.5},'mediaSize':{'width':540.8450704225351728382520377635955810546875,'height':360}}\" \/>\n<\/picture>\n\n\n<h1 id=\"depicter-1-element-5\" class=\"depicter-element depicter-layer depicter-1-element-5\" data-type=\"text\" data-wrap=\"true\" data-name=\"Text 2\" data-local-id=\"element-5\" data-offset=\"x:122px;y:200px;origin:tl\" data-tablet-offset=\"x:218px;y:321px;origin:tl\" data-mobile-offset=\"x:28px;y:-100px;origin:tl\" data-width=\"956px,589px,348px\" data-height=\"auto,auto,auto\" data-responsive-scale=\"true,,\">Grado en Matem\u00e1ticas<\/h1>\n\n<div id=\"depicter-1-element-10\" class=\"depicter-element depicter-layer depicter-1-element-10\" data-type=\"shape\" data-wrap=\"true\" data-name=\"Shape 1\" data-local-id=\"element-10\" data-offset=\"x:134px;y:306px;origin:tl\" data-tablet-offset=\"x:224px;y:385px;origin:tl\" data-mobile-offset=\"x:28px;y:15px;origin:tl\" data-width=\"933px,532px,269px\" data-height=\"8px,8px,8px\" data-responsive-scale=\"true,,\"><\/div>\n<\/div>\n<\/div>\n<script>\n(window.depicterSetups = window.depicterSetups || []).push(function(){\n\tDepicter.basePath = 'https:\/\/www.ull.es\/grados\/matematicas\/wp-content\/plugins\/depicter\/resources\/scripts\/player\/';\n\tconst dpPlayer = Depicter.setup('.depicter-1',\n\t\t{\"width\":[\"1200\",\"1024\",\"360\"],\"height\":[\"500\",\"700\",\"360\"],\"view\":\"basic\",\"keepAspectRatio\":true,\"preload\":0,\"layout\":\"fullwidth\",\"rtl\":false,\"initAfterAppear\":false,\"ajaxApiUrl\":\"https:\\\/\\\/www.ull.es\\\/grados\\\/matematicas\\\/wp-admin\\\/admin-ajax.php\",\"mouseSwipe\":true,\"touchSwipe\":true,\"useWatermark\":false}\n\t);\n});\n<\/script><\/div><\/div><\/div>\n<\/div><\/div>\n\n\n\n<div class=\"wp-block-stackable-columns alignfull stk-block-columns stk--hide-mobile stk-block stk-ceecbdc stk-block-background\" data-block-id=\"ceecbdc\"><style>.stk-ceecbdc {background-color:#360060 !important;padding-top:35px !important;padding-right:0px !important;padding-bottom:2px !important;padding-left:0px !important;margin-top:-20px !important;margin-bottom:70px !important;}.stk-ceecbdc:before{background-color:#360060 !important;}<\/style><div class=\"stk-row stk-inner-blocks stk-block-content stk-content-align stk-ceecbdc-column alignfull\">\n<div class=\"wp-block-stackable-column stk-block-column stk-column stk-block stk-fc60a5d\" data-v=\"4\" data-block-id=\"fc60a5d\"><div class=\"stk-column-wrapper stk-block-column__content stk-container stk-fc60a5d-container stk--no-background stk--no-padding\"><div class=\"stk-block-content stk-inner-blocks stk-fc60a5d-inner-blocks\">\n<div class=\"wp-block-stackable-spacer stk-block-spacer stk--no-padding stk-block stk-a3a8a68\" data-block-id=\"a3a8a68\"><style>.stk-a3a8a68 {height:0px !important;}<\/style><\/div>\n<\/div><\/div><\/div>\n<\/div><\/div>\n\n\n\n<div class=\"wp-block-stackable-columns stk-block-columns stk-block stk-8b59b96\" data-block-id=\"8b59b96\"><style>.stk-8b59b96 .stk--block-align-8b59b96{align-items:flex-start !important;}.stk-8b59b96 {margin-top:25px !important;}.stk-8b59b96-column{--stk-columns-spacing:0px !important;--stk-column-gap:50px !important;}@media screen and (max-width: 767px){.stk-8b59b96-column{row-gap:var(--stk--preset--spacing--60, 2.25rem) !important;}}<\/style><div class=\"stk-row stk-inner-blocks stk--block-align-8b59b96 stk-block-content stk-content-align stk-8b59b96-column\">\n<div class=\"wp-block-stackable-column stk-block-column stk-column stk-block stk-dbb7e15\" data-v=\"4\" data-block-id=\"dbb7e15\"><div class=\"stk-column-wrapper stk-block-column__content stk-container stk-dbb7e15-container stk--no-background stk--no-padding\"><div class=\"stk-block-content stk-inner-blocks stk-dbb7e15-inner-blocks\">\n<div class=\"wp-block-stackable-heading stk-block-heading stk-block-heading--v2 stk-block stk-689c258\" id=\"trabajo-de-fin-de-grado\" data-block-id=\"689c258\"><style>.stk-689c258 .stk-block-heading__text{color:#5c068c !important;}<\/style><h1 class=\"stk-block-heading__text has-text-color\">Trabajo de Fin de Grado<\/h1><\/div>\n\n\n\n<p>El plan de estudios del Grado en Matem\u00e1ticas por la Universidad de La Laguna se ha configurado con un total de 240 cr\u00e9ditos, distribuidos en 4 cursos de 60 cr\u00e9ditos cada uno, de los cuales 12 pertenecen al Trabajo de Fin de Grado (TFG).<\/p>\n\n\n\n<h4 class=\"wp-block-heading\"><strong>Resultados del aprendizaje:<\/strong><\/h4>\n\n\n\n<p>Desarrollar habilidades de aprendizaje necesarias para emprender estudios posteriores en Matem\u00e1ticas con un alto grado de autonom\u00eda. Planificar la resoluci\u00f3n de problemas de naturaleza matem\u00e1tica en funci\u00f3n de las herramientas de que se disponga y de las restricciones de tiempo y recursos. Utilizar bibliograf\u00eda y herramientas de b\u00fasqueda de recursos bibliogr\u00e1ficos en Matem\u00e1ticas, incluyendo los recursos telem\u00e1ticos. Leer y comprender textos cient\u00edficos tanto en lengua propia como en otras de relevancia en el \u00e1mbito cient\u00edfico, especialmente la inglesa. Conocer y utilizar recursos inform\u00e1ticos de car\u00e1cter general y tecnolog\u00edas de la informaci\u00f3n y las comunicaciones como medios de comunicaci\u00f3n, organizaci\u00f3n, aprendizaje e investigaci\u00f3n. Transmitir informaci\u00f3n matem\u00e1tica en p\u00fablico.<\/p>\n\n\n\n<h4 class=\"wp-block-heading\"><strong>Breve descripci\u00f3n de los contenidos:<\/strong><\/h4>\n\n\n\n<p>El Trabajo de Fin de Grado, mediante del cual los estudiantes deber\u00e1n demostrar la adquisici\u00f3n de competencias asociadas al t\u00edtulo, se realizar\u00e1 de manera aut\u00f3noma por el alumnado, estar\u00e1 tutorizado por un profesor o profesora y culminar\u00e1 con la realizaci\u00f3n de una memoria escrita y una presentaci\u00f3n y defensa p\u00fablica de la misma.<\/p>\n\n\n\n<p>Los contenidos de los trabajos variar\u00e1n seg\u00fan la naturaleza de la propuesta realizada por el tutor. El TFG podr\u00e1 desarrollarse en departamentos, centros de la Universidad de la Laguna o de otras universidades, instituciones o empresas. En caso de realizarse en empresas externas a la universidad deber\u00e1 existir un convenio con las mismas.<\/p>\n\n\n\n<p>Los contenidos espec\u00edficos depender\u00e1n del trabajo asignado al alumnado, salvo el m\u00f3dulo de Procesamiento de textos cient\u00edficos, com\u00fan a todos el alumnado:<\/p>\n\n\n\n<p><a href=\"https:\/\/drive.google.com\/file\/d\/1JbWK3UYtDkA58Vs1SCX4wQoJphZRKZIT\/view?usp=sharing\" target=\"_blank\" rel=\"noreferrer noopener\" target=\"_blank\" rel=\"noopener\">Formulario de solicitud del alumnado<\/a><\/p>\n\n\n\n<p>En el entorno virtual de la asignatura Trabajo Fin de Grado se publicar\u00e1 toda la informaci\u00f3n relativa a oferta, plazos y calendario de aplicaci\u00f3n.<\/p>\n\n\n\n<details class=\"wp-block-stackable-accordion stk-block-accordion stk-inner-blocks stk-block-content stk-block stk-1eb2680 is-style-default\" id=\"normativa\" data-block-id=\"1eb2680\"><style>.stk-1eb2680 {border-style:solid !important;border-top-width:0px !important;border-right-width:0px !important;border-bottom-width:1px !important;border-left-width:0px !important;margin-bottom:10px !important;}<\/style>\n<summary class=\"wp-block-stackable-column stk-block-column stk-column stk-block stk-627d528 stk--container-small stk-block-accordion__heading\" data-v=\"4\" data-block-id=\"627d528\"><style>.stk-627d528 {padding-top:2px !important;padding-right:2px !important;padding-bottom:2px !important;padding-left:2px !important;}<\/style><div class=\"stk-column-wrapper stk-block-column__content stk-container stk-627d528-container stk--no-background stk--no-padding\"><div class=\"stk-block-content stk-inner-blocks stk-627d528-inner-blocks\">\n<div class=\"wp-block-stackable-icon-label stk-block-icon-label stk-block stk-b4a4cbd\" data-block-id=\"b4a4cbd\"><style>.stk-b4a4cbd .stk-inner-blocks{gap:39px !important;}@media screen and (max-width: 1023px){.stk-b4a4cbd .stk-inner-blocks{gap:39px !important;}}@media screen and (max-width: 767px){.stk-b4a4cbd .stk-inner-blocks{gap:39px !important;}}<\/style><div class=\"stk-row stk-inner-blocks stk-block-content\">\n<div class=\"wp-block-stackable-icon stk-block-icon stk-block stk-ca07eb5\" data-block-id=\"ca07eb5\"><style>.stk-ca07eb5 .stk--svg-wrapper .stk--inner-svg svg:last-child{height:25px !important;width:25px !important;}.stk-ca07eb5 .stk--svg-wrapper .stk--inner-svg svg:last-child, .stk-ca07eb5 .stk--svg-wrapper .stk--inner-svg svg:last-child :is(g, path, rect, polygon, ellipse){fill:#5c068c !important;}<\/style><span class=\"stk--svg-wrapper stk--has-icon2\"><div class=\"stk--inner-svg\"><svg style=\"height:0;width:0\"><defs><linearGradient id=\"linear-gradient-ca07eb5\" x1=\"0\" x2=\"100%\" y1=\"0\" y2=\"0\"><stop offset=\"0%\" style=\"stop-opacity:1;stop-color:var(--linear-gradient-ca-07-eb-5-color-1)\"><\/stop><stop offset=\"100%\" style=\"stop-opacity:1;stop-color:var(--linear-gradient-ca-07-eb-5-color-2)\"><\/stop><\/linearGradient><\/defs><\/svg><svg xmlns=\"http:\/\/www.w3.org\/2000\/svg\" viewBox=\"0 0 448 512\" aria-hidden=\"true\" width=\"32\" height=\"32\"><path d=\"M96 0C43 0 0 43 0 96V416c0 53 43 96 96 96H384h32c17.7 0 32-14.3 32-32s-14.3-32-32-32V384c17.7 0 32-14.3 32-32V32c0-17.7-14.3-32-32-32H384 96zm0 384H352v64H96c-17.7 0-32-14.3-32-32s14.3-32 32-32zm32-240c0-8.8 7.2-16 16-16H336c8.8 0 16 7.2 16 16s-7.2 16-16 16H144c-8.8 0-16-7.2-16-16zm16 48H336c8.8 0 16 7.2 16 16s-7.2 16-16 16H144c-8.8 0-16-7.2-16-16s7.2-16 16-16z\"><\/path><\/svg><\/div><div class=\"stk--inner-svg stk--icon-2\" style=\"display:none\"><svg style=\"height:0;width:0\"><defs><linearGradient id=\"linear-gradient-ca07eb5\" x1=\"0\" x2=\"100%\" y1=\"0\" y2=\"0\"><stop offset=\"0%\" style=\"stop-opacity:1;stop-color:var(--linear-gradient-ca-07-eb-5-color-1)\"><\/stop><stop offset=\"100%\" style=\"stop-opacity:1;stop-color:var(--linear-gradient-ca-07-eb-5-color-2)\"><\/stop><\/linearGradient><\/defs><\/svg><svg xmlns=\"http:\/\/www.w3.org\/2000\/svg\" viewBox=\"0 0 576 512\" aria-hidden=\"true\" width=\"32\" height=\"32\"><path d=\"M249.6 471.5c10.8 3.8 22.4-4.1 22.4-15.5V78.6c0-4.2-1.6-8.4-5-11C247.4 52 202.4 32 144 32C93.5 32 46.3 45.3 18.1 56.1C6.8 60.5 0 71.7 0 83.8V454.1c0 11.9 12.8 20.2 24.1 16.5C55.6 460.1 105.5 448 144 448c33.9 0 79 14 105.6 23.5zm76.8 0C353 462 398.1 448 432 448c38.5 0 88.4 12.1 119.9 22.6c11.3 3.8 24.1-4.6 24.1-16.5V83.8c0-12.1-6.8-23.3-18.1-27.6C529.7 45.3 482.5 32 432 32c-58.4 0-103.4 20-123 35.6c-3.3 2.6-5 6.8-5 11V456c0 11.4 11.7 19.3 22.4 15.5z\"><\/path><\/svg><\/div><\/span><\/div>\n\n\n\n<div class=\"wp-block-stackable-heading stk-block-heading stk-block-heading--v2 stk-block stk-a08b1ac\" id=\"span-style-color-000000-class-stk-highlight-normativa-span\" data-block-id=\"a08b1ac\"><style>.stk-a08b1ac .stk-block-heading__text{color:#000000 !important;font-weight:500 !important;font-family:\"ArgentumSans\", Sans-serif !important;}<\/style><h4 class=\"stk-block-heading__text has-text-color\"><span style=\"color: #000000;\" class=\"stk-highlight\">Normativa<\/span><\/h4><\/div>\n<\/div><\/div>\n<\/div><\/div><\/summary>\n\n\n\n<div class=\"wp-block-stackable-column stk-block-column stk-column stk-block stk-6028bc6 stk-block-accordion__content\" data-v=\"4\" data-block-id=\"6028bc6\"><style>.stk-6028bc6 {margin-top:-30px !important;}<\/style><div class=\"stk-column-wrapper stk-block-column__content stk-container stk-6028bc6-container stk--no-background stk--no-padding\"><div class=\"stk-block-content stk-inner-blocks stk-6028bc6-inner-blocks\">\n<ul class=\"wp-block-list\">\n<li><a href=\"https:\/\/drive.google.com\/file\/d\/14vi3eI04BHMzxFOAoXf3P9e6rVIBbCf8\/view?usp=drive_link\" target=\"_blank\" rel=\"noreferrer noopener\" target=\"_blank\" rel=\"noopener\">Reglamento de la Asignatura \u201cTrabajo Fin de Grado\u201d de la Universidad de La Laguna<\/a>\u00a0(Aprobado en la sesi\u00f3n de Consejo de Gobierno de 2\/12\/2015 y Modificado en Consejo de Gobierno de 26\/07\/2024).<\/li>\n\n\n\n<li><a href=\"https:\/\/drive.google.com\/file\/d\/14uPxCk9wsCPITh3Y_e_tJskbY8au0HwQ\/view?usp=drive_link\" target=\"_blank\" rel=\"noreferrer noopener\" target=\"_blank\" rel=\"noopener\">Procedimiento para la Elaboraci\u00f3n, Presentaci\u00f3n, Evaluaci\u00f3n y Gesti\u00f3n de los TFG del Grado en Matem\u00e1ticas<\/a>\u00a0(Aprobado en Junta de Facultad de Ciencias del 10\/04\/2025)<\/li>\n<\/ul>\n<\/div><\/div><\/div>\n<\/details>\n<\/div><\/div><\/div>\n<\/div><\/div>\n","protected":false},"excerpt":{"rendered":"<p>Trabajo de Fin de Grado El plan de estudios del Grado en Matem\u00e1ticas por la Universidad de La Laguna se ha configurado con un total de 240 cr\u00e9ditos, distribuidos en 4 cursos de 60 cr\u00e9ditos cada uno, de los cuales 12 pertenecen al Trabajo de Fin de Grado (TFG). Resultados del aprendizaje: Desarrollar habilidades de&#8230;<\/p>\n","protected":false},"author":1,"featured_media":0,"parent":270,"menu_order":3,"comment_status":"closed","ping_status":"closed","template":"templates\/template-frontpage.php","meta":{"footnotes":""},"class_list":["post-33","page","type-page","status-publish","hentry"],"_links":{"self":[{"href":"https:\/\/www.ull.es\/grados\/matematicas\/wp-json\/wp\/v2\/pages\/33","targetHints":{"allow":["GET"]}}],"collection":[{"href":"https:\/\/www.ull.es\/grados\/matematicas\/wp-json\/wp\/v2\/pages"}],"about":[{"href":"https:\/\/www.ull.es\/grados\/matematicas\/wp-json\/wp\/v2\/types\/page"}],"author":[{"embeddable":true,"href":"https:\/\/www.ull.es\/grados\/matematicas\/wp-json\/wp\/v2\/users\/1"}],"replies":[{"embeddable":true,"href":"https:\/\/www.ull.es\/grados\/matematicas\/wp-json\/wp\/v2\/comments?post=33"}],"version-history":[{"count":52,"href":"https:\/\/www.ull.es\/grados\/matematicas\/wp-json\/wp\/v2\/pages\/33\/revisions"}],"predecessor-version":[{"id":1527,"href":"https:\/\/www.ull.es\/grados\/matematicas\/wp-json\/wp\/v2\/pages\/33\/revisions\/1527"}],"up":[{"embeddable":true,"href":"https:\/\/www.ull.es\/grados\/matematicas\/wp-json\/wp\/v2\/pages\/270"}],"wp:attachment":[{"href":"https:\/\/www.ull.es\/grados\/matematicas\/wp-json\/wp\/v2\/media?parent=33"}],"curies":[{"name":"wp","href":"https:\/\/api.w.org\/{rel}","templated":true}]}}