{"id":40,"date":"2017-06-28T13:01:41","date_gmt":"2017-06-28T13:01:41","guid":{"rendered":"http:\/\/www.ull.es\/masteres\/desarrollo-y-gestion-de-recursos-humanos\/?page_id=40"},"modified":"2026-03-19T11:32:42","modified_gmt":"2026-03-19T11:32:42","slug":"reconocimiento-y-transferencia-de-creditos","status":"publish","type":"page","link":"https:\/\/www.ull.es\/grados\/matematicas\/informacion-academica\/reconocimiento-y-transferencia-de-creditos\/","title":{"rendered":"Reconocimiento y transferencia de cr\u00e9ditos"},"content":{"rendered":"\n<div class=\"wp-block-stackable-columns alignfull stk-block-columns stk-block stk-8657999\" data-block-id=\"8657999\"><style>.stk-8657999 {padding-bottom:0px !important;margin-top:-30px !important;margin-bottom:0px !important;}@media screen and (max-width: 767px){.stk-8657999 {margin-top:-10% !important;}}<\/style><div class=\"stk-row stk-inner-blocks stk-block-content stk-content-align stk-8657999-column alignfull\">\n<div class=\"wp-block-stackable-column stk-block-column stk-column stk-block stk-914f03e\" data-v=\"4\" data-block-id=\"914f03e\"><div class=\"stk-column-wrapper stk-block-column__content stk-container stk-914f03e-container stk--no-background stk--no-padding\"><div class=\"stk-block-content stk-inner-blocks stk-914f03e-inner-blocks\"><style id=\"depicter-1-inline-pre-css\">\n\n.depicter-1:not(.depicter-ready){\n\theight:500px;\n}\n\n\/***** Tablet *****\/\n@media screen and (max-width: 1024px){\n\n.depicter-1:not(.depicter-ready){\n\theight:700px;\n}\n\n}\n\/***** Mobile *****\/\n@media screen and (max-width: 767px){\n\n.depicter-1:not(.depicter-ready){\n\theight:360px;\n}\n\n}\n<\/style>\n<div id=\"depicter-1\" class=\"depicter depicter-document depicter-revert depicter-1 depicter-layout-fullwidth\">\n\n<div class=\"depicter-loading-container depicter-loading dotFlashing-dark\"><div class=\"depicter-loading-dark depicter-dot-flashing\">\n   <span><\/span>\n   <span><\/span>\n   <span><\/span>\n<\/div>\n<\/div>\n<div id=\"depicter-1-section-1\" class=\"depicter-section depicter-1-section-1\" data-name=\"Section 1\" data-type=\"section\" data-local-id=\"section-1\">\n<picture class=\"depicter-bg\">\n<source data-depicter-srcset=\"https:\/\/www.ull.es\/grados\/matematicas\/wp-content\/uploads\/sites\/45\/2025\/03\/blackboard-inscribed-with-scientific-formulas-calculations-768x511.jpg, https:\/\/www.ull.es\/grados\/matematicas\/wp-content\/uploads\/sites\/45\/2025\/03\/blackboard-inscribed-with-scientific-formulas-calculations.jpg 2x\" srcset=\"data:image\/gif;base64,R0lGODlhAQABAIAAAAAAAP\/\/\/yH5BAEAAAAALAAAAAABAAEAAAIBRAA7\" media=\"(max-width: 1024px)\" \/>\n\n<source data-depicter-srcset=\"https:\/\/www.ull.es\/grados\/matematicas\/wp-content\/uploads\/sites\/45\/2025\/03\/blackboard-inscribed-with-scientific-formulas-calculations.jpg, https:\/\/www.ull.es\/grados\/matematicas\/wp-content\/uploads\/sites\/45\/2025\/03\/blackboard-inscribed-with-scientific-formulas-calculations-1600x1065.jpg 2x\" srcset=\"data:image\/gif;base64,R0lGODlhAQABAIAAAAAAAP\/\/\/yH5BAEAAAAALAAAAAABAAEAAAIBRAA7\" media=\"(min-width: 1025px)\" \/>\n<img decoding=\"async\" src=\"data:image\/gif;base64,R0lGODlhAQABAIAAAAAAAP\/\/\/yH5BAEAAAAALAAAAAABAAEAAAIBRAA7\" data-ken-burns=\"false\" data-tablet-ken-burns=\"false\" data-mobile-ken-burns=\"false\" alt=\"\" data-depicter-src=\"https:\/\/www.ull.es\/grados\/matematicas\/wp-content\/uploads\/sites\/45\/2025\/03\/blackboard-inscribed-with-scientific-formulas-calculations.jpg\" data-object-fit=\"custom,custom,\" data-object-position=\"center top,,\" data-crop=\"{'focalPoint':{'x':0.5,'y':0.5},'mediaSize':{'width':1200,'height':798.75}}\" data-tablet-crop=\"{'focalPoint':{'x':0.5,'y':0.5},'mediaSize':{'width':1051.643192488262911865604110062122344970703125,'height':700}}\" data-mobile-crop=\"{'focalPoint':{'x':0.5,'y':0.5},'mediaSize':{'width':540.8450704225351728382520377635955810546875,'height':360}}\" \/>\n<\/picture>\n\n\n<h1 id=\"depicter-1-element-5\" class=\"depicter-element depicter-layer depicter-1-element-5\" data-type=\"text\" data-wrap=\"true\" data-name=\"Text 2\" data-local-id=\"element-5\" data-offset=\"x:122px;y:200px;origin:tl\" data-tablet-offset=\"x:218px;y:321px;origin:tl\" data-mobile-offset=\"x:28px;y:-100px;origin:tl\" data-width=\"956px,589px,348px\" data-height=\"auto,auto,auto\" data-responsive-scale=\"true,,\">Grado en Matem\u00e1ticas<\/h1>\n\n<div id=\"depicter-1-element-10\" class=\"depicter-element depicter-layer depicter-1-element-10\" data-type=\"shape\" data-wrap=\"true\" data-name=\"Shape 1\" data-local-id=\"element-10\" data-offset=\"x:134px;y:306px;origin:tl\" data-tablet-offset=\"x:224px;y:385px;origin:tl\" data-mobile-offset=\"x:28px;y:15px;origin:tl\" data-width=\"933px,532px,269px\" data-height=\"8px,8px,8px\" data-responsive-scale=\"true,,\"><\/div>\n<\/div>\n<\/div>\n<script>\n(window.depicterSetups = window.depicterSetups || []).push(function(){\n\tDepicter.basePath = 'https:\/\/www.ull.es\/grados\/matematicas\/wp-content\/plugins\/depicter\/resources\/scripts\/player\/';\n\tconst dpPlayer = Depicter.setup('.depicter-1',\n\t\t{\"width\":[\"1200\",\"1024\",\"360\"],\"height\":[\"500\",\"700\",\"360\"],\"view\":\"basic\",\"keepAspectRatio\":true,\"preload\":0,\"layout\":\"fullwidth\",\"rtl\":false,\"initAfterAppear\":false,\"ajaxApiUrl\":\"https:\\\/\\\/www.ull.es\\\/grados\\\/matematicas\\\/wp-admin\\\/admin-ajax.php\",\"mouseSwipe\":true,\"touchSwipe\":true,\"useWatermark\":false}\n\t);\n});\n<\/script><\/div><\/div><\/div>\n<\/div><\/div>\n\n\n\n<div class=\"wp-block-stackable-columns alignfull stk-block-columns stk--hide-mobile stk-block stk-ceecbdc stk-block-background\" data-block-id=\"ceecbdc\"><style>.stk-ceecbdc {background-color:#360060 !important;padding-top:35px !important;padding-right:0px !important;padding-bottom:2px !important;padding-left:0px !important;margin-top:-20px !important;margin-bottom:70px !important;}.stk-ceecbdc:before{background-color:#360060 !important;}<\/style><div class=\"stk-row stk-inner-blocks stk-block-content stk-content-align stk-ceecbdc-column alignfull\">\n<div class=\"wp-block-stackable-column stk-block-column stk-column stk-block stk-fc60a5d\" data-v=\"4\" data-block-id=\"fc60a5d\"><div class=\"stk-column-wrapper stk-block-column__content stk-container stk-fc60a5d-container stk--no-background stk--no-padding\"><div class=\"stk-block-content stk-inner-blocks stk-fc60a5d-inner-blocks\">\n<div class=\"wp-block-stackable-spacer stk-block-spacer stk--no-padding stk-block stk-a3a8a68\" data-block-id=\"a3a8a68\"><style>.stk-a3a8a68 {height:0px !important;}<\/style><\/div>\n<\/div><\/div><\/div>\n<\/div><\/div>\n\n\n\n<div class=\"wp-block-stackable-columns alignwide stk-block-columns stk-block stk-72bb06b\" data-block-id=\"72bb06b\"><style>.stk-72bb06b {padding-right:14% !important;padding-left:14% !important;margin-bottom:18px !important;}.stk-72bb06b-column{--stk-column-gap:var(--stk--preset--spacing--60, 2.25rem) !important;}<\/style><div class=\"stk-row stk-inner-blocks stk-block-content stk-content-align stk-72bb06b-column alignwide\">\n<div class=\"wp-block-stackable-column stk-block-column stk-column stk-block stk-65c3a7b\" data-v=\"4\" data-block-id=\"65c3a7b\"><div class=\"stk-column-wrapper stk-block-column__content stk-container stk-65c3a7b-container stk--no-background stk--no-padding\"><div class=\"stk-block-content stk-inner-blocks stk-65c3a7b-inner-blocks\">\n<div class=\"wp-block-stackable-heading stk-block-heading stk-block-heading--v2 stk-block stk-2859387\" id=\"reconocimiento-y-transferencia-de-creditos\" data-block-id=\"2859387\"><style>.stk-2859387 .stk-block-heading__text{color:#5c068c !important;}<\/style><h1 class=\"stk-block-heading__text has-text-color\">Reconocimiento y transferencia de cr\u00e9ditos<\/h1><\/div>\n<\/div><\/div><\/div>\n<\/div><\/div>\n\n\n\n<div class=\"wp-block-stackable-columns alignwide stk-block-columns stk-block stk-3627255\" data-block-id=\"3627255\"><style>.stk-3627255 {padding-right:14% !important;padding-left:14% !important;margin-bottom:18px !important;}.stk-3627255-column{--stk-column-gap:var(--stk--preset--spacing--60, 2.25rem) !important;}<\/style><div class=\"stk-row stk-inner-blocks stk-block-content stk-content-align stk-3627255-column alignwide\">\n<div class=\"wp-block-stackable-column stk-block-column stk-column stk-block stk-81e665a\" data-v=\"4\" data-block-id=\"81e665a\"><style>@media screen and (min-width: 768px){.stk-81e665a {flex:var(--stk-flex-grow, 1) 1 calc(60% - var(--stk-column-gap, 0px) * 1 \/ 2 ) !important;}}<\/style><div class=\"stk-column-wrapper stk-block-column__content stk-container stk-81e665a-container stk--no-background stk--no-padding\"><div class=\"stk-block-content stk-inner-blocks stk-81e665a-inner-blocks\">\n<p>Se entiende por&nbsp;<strong>reconocimiento de cr\u00e9ditos<\/strong>&nbsp;la aceptaci\u00f3n por la universidad de los cr\u00e9ditos obtenidos en una formaci\u00f3n\/experiencia previa, para su c\u00f3mputo a efectos de la obtenci\u00f3n de un t\u00edtulo oficial.&nbsp;<\/p>\n\n\n\n<p>Atendiendo al Real Decreto 822\/2021, de 28 de septiembre, por el que se establece la organizaci\u00f3n de las ense\u00f1anzas universitarias y del procedimiento de aseguramiento de su calidad, la Universidad de La Laguna elabor\u00f3 su Reglamento de reconocimiento y transferencia de cr\u00e9ditos de la Universidad de La Laguna (RRTC-ULL). El art\u00edculo 6 apartado 1 del RRTC-ULL establece que \u201c<em>entre t\u00edtulos de grado del mismo \u00e1mbito de conocimiento, ser\u00e1n objeto de reconocimiento autom\u00e1tico los cr\u00e9ditos de formaci\u00f3n b\u00e1sica obtenidos en la titulaci\u00f3n de origen<\/em>\u201d.<\/p>\n\n\n\n<p>El Grado en Matem\u00e1ticas de la Universidad de La Laguna, desde su Modificaci\u00f3n no Sustancial aprobada el 27 de octubre de 2025, se adscribe al \u00e1mbito de conocimiento de <strong>Matem\u00e1ticas y Estad\u00edstica<\/strong>, por lo que el reconocimiento autom\u00e1tico de cr\u00e9ditos de formaci\u00f3n b\u00e1sica s\u00f3lo se aplicar\u00e1 a titulaciones pertenecientes a este \u00e1mbito.<\/p>\n\n\n\n<p>Para el resto de las titulaciones universitarias se atender\u00e1 a lo establecido en el art\u00edculo 6 apartado 2 del RRTC-ULL, que establece que \u201c<em>ser\u00e1n objeto de estos procedimientos tambi\u00e9n los cr\u00e9ditos del resto de materias y asignaturas entre t\u00edtulos del mismo \u00e1mbito de conocimiento o de \u00e1mbitos diferentes, siempre atendiendo a los criterios de coherencia acad\u00e9mica y formativa recogido en el art\u00edculo 3.3<\/em>\u201d. As\u00ed, el Art\u00edculo 3.3 del RRTC-ULL establece que \u201c<em>en el reconocimiento de cr\u00e9ditos se considerar\u00e1 la adecuaci\u00f3n en los resultados de aprendizaje, siempre atendiendo a la coherencia acad\u00e9mica y formativa de los conocimientos, las competencias y las habilidades que definen las materias o asignaturas a reconocer con las existentes en el plan de estudios del t\u00edtulo al que se quiere acceder, y no a la denominaci\u00f3n, identidad o afinidad entre asignaturas y programas. Deber\u00e1 haber una equivalencia de, al menos, el 75 % de los resultados de aprendizaje, y, en concreto, de conocimientos, competencias y habilidades para poder reconocerse una asignatura<\/em>\u201d.<\/p>\n\n\n\n<p>El procedimiento para la <strong>solicitud de reconocimiento <\/strong>de cr\u00e9ditos est\u00e1 disponible en la <a href=\"https:\/\/sede.ull.es\/ecivilis-site\/catalog\/showProcedure\/508\" target=\"_blank\" rel=\"noopener\">Sede Electr\u00f3nica de la ULL<\/a><\/p>\n\n\n\n<p>Por su parte, la <strong>transferencia de cr\u00e9ditos <\/strong>consiste en la inclusi\u00f3n en el expediente acad\u00e9mico y en el Suplemento Europeo al T\u00edtulo, de la totalidad de los cr\u00e9ditos obtenidos en ense\u00f1anzas oficiales cursadas con anterioridad, indistintamente de la universidad, que no hayan sido objeto de reconocimiento ni hayan conducido a la obtenci\u00f3n de un t\u00edtulo oficial.<\/p>\n\n\n\n<ul class=\"wp-block-list\">\n<li><\/li>\n<\/ul>\n\n\n\n<p><\/p>\n\n\n\n<h1 class=\"wp-block-heading\"><span style=\"color: #5c068c\" class=\"stk-highlight\">Doble Titulaci\u00f3n F\u00edsica-Matem\u00e1ticas<\/span><\/h1>\n\n\n\n<p>Seg\u00fan acuerdo aprobado en la Junta de Facultad de Matem\u00e1ticas del 15 de junio de 2012, toda persona&nbsp;<strong>Graduada en F\u00edsica por la Universidad de La Laguna<\/strong>&nbsp;puede acceder al t\u00edtulo de Grado en Matem\u00e1ticas y concluirlo en dos cursos acad\u00e9micos, siguiendo el itinerario recomendado&nbsp;[<a href=\"https:\/\/drive.google.com\/file\/d\/1w4b2pURPsO3Xqjdl6AOyYwOo9mxtpmbp\/view?usp=sharing\" target=\"_blank\" rel=\"noreferrer noopener\" target=\"_blank\" rel=\"noopener\">pdf<\/a>].<\/p>\n\n\n\n<p>Seg\u00fan acuerdo aprobado en la Junta de Facultad de F\u00edsica del 18 de mayo de 2012, toda persona&nbsp;<strong>Graduada en Matem\u00e1ticas por la Universidad de La Laguna<\/strong>&nbsp;puede acceder al t\u00edtulo de Grado en F\u00edsica y concluirlo en dos cursos acad\u00e9micos, siguiendo el itinerario recomendado [<a href=\"https:\/\/drive.google.com\/file\/d\/1FOxfzvAXdc1EHEbMc2j2P_fYzHjkFsnd\/view?usp=sharing\" target=\"_blank\" rel=\"noreferrer noopener\" target=\"_blank\" rel=\"noopener\">pdf<\/a>].<\/p>\n<\/div><\/div><\/div>\n\n\n\n<div class=\"wp-block-stackable-column stk-block-column stk-column stk-block stk-f501395\" data-v=\"4\" data-block-id=\"f501395\"><style>@media screen and (min-width: 768px){.stk-f501395 {flex:var(--stk-flex-grow, 1) 1 calc(40% - var(--stk-column-gap, 0px) * 1 \/ 2 ) !important;}}<\/style><div class=\"stk-column-wrapper stk-block-column__content stk-container stk-f501395-container stk--no-background stk--no-padding\"><div class=\"stk-block-content stk-inner-blocks stk-f501395-inner-blocks\">\n<div class=\"wp-block-stackable-icon-label stk-block-icon-label stk-block stk-e63cb4f stk-block-background\" data-block-id=\"e63cb4f\"><style>.stk-e63cb4f {background-color:#5c068c !important;padding-top:20px !important;padding-right:20px !important;padding-bottom:20px !important;padding-left:20px !important;}.stk-e63cb4f:hover{background-color:#0f0e17 !important;}.stk-e63cb4f:before{background-color:#5c068c !important;}.stk-e63cb4f:hover:before{background-color:#0f0e17 !important;}<\/style><div class=\"stk-row stk-inner-blocks stk-block-content\">\n<div class=\"wp-block-stackable-heading stk-block-heading stk-block-heading--v2 stk-block stk-68b185a\" id=\"a-href-https-www-ull-es-estudios-docencia-reconocimiento-adaptacion-transferencia-span-style-color-fffffe-class-stk-highlight-reconocimiento-adaptacion-y-transferencia-span-a\" data-block-id=\"68b185a\"><style>.stk-68b185a .stk-block-heading__text{font-size:22px !important;color:#fffffe !important;line-height:1.3em !important;}@media screen and (max-width: 1023px){.stk-68b185a .stk-block-heading__text{font-size:22px !important;}}<\/style><p class=\"stk-block-heading__text has-text-color\"><a href=\"https:\/\/www.ull.es\/estudios-docencia\/reconocimiento-adaptacion-transferencia\/\" target=\"_blank\" rel=\"noopener\"><span style=\"color: #fffffe\" class=\"stk-highlight\">Reconocimiento, adaptaci\u00f3n y transferencia<\/span><\/a><\/p><\/div>\n\n\n\n<div class=\"wp-block-stackable-icon stk-block-icon has-text-align-left stk-block stk-34dedbe\" data-block-id=\"34dedbe\"><style>.stk-34dedbe .stk--svg-wrapper .stk--inner-svg svg:last-child{height:18px !important;width:18px !important;}.stk-34dedbe .stk--svg-wrapper .stk--inner-svg svg:last-child, .stk-34dedbe .stk--svg-wrapper .stk--inner-svg svg:last-child :is(g, path, rect, polygon, ellipse){fill:#fffffe !important;}<\/style><span class=\"stk--svg-wrapper\"><div class=\"stk--inner-svg\"><svg style=\"height:0;width:0\"><defs><linearGradient id=\"linear-gradient-34dedbe\" x1=\"0\" x2=\"100%\" y1=\"0\" y2=\"0\"><stop offset=\"0%\" style=\"stop-opacity:1;stop-color:var(--linear-gradient-34-dedbe-color-1)\"><\/stop><stop offset=\"100%\" style=\"stop-opacity:1;stop-color:var(--linear-gradient-34-dedbe-color-2)\"><\/stop><\/linearGradient><\/defs><\/svg><svg xmlns=\"http:\/\/www.w3.org\/2000\/svg\" viewBox=\"0 0 448 512\" aria-hidden=\"true\" width=\"32\" height=\"32\"><path d=\"M438.6 278.6c12.5-12.5 12.5-32.8 0-45.3l-160-160c-12.5-12.5-32.8-12.5-45.3 0s-12.5 32.8 0 45.3L338.8 224 32 224c-17.7 0-32 14.3-32 32s14.3 32 32 32l306.7 0L233.4 393.4c-12.5 12.5-12.5 32.8 0 45.3s32.8 12.5 45.3 0l160-160z\" \/><\/svg><\/div><\/span><\/div>\n<\/div><\/div>\n\n\n\n<div class=\"wp-block-stackable-icon-label stk-block-icon-label stk-block stk-814a222 stk-block-background\" data-block-id=\"814a222\"><style>.stk-814a222 {background-color:#5c068c !important;padding-top:20px !important;padding-right:20px !important;padding-bottom:20px !important;padding-left:20px !important;}.stk-814a222:hover{background-color:#0f0e17 !important;}.stk-814a222:before{background-color:#5c068c !important;}.stk-814a222:hover:before{background-color:#0f0e17 !important;}<\/style><div class=\"stk-row stk-inner-blocks stk-block-content\">\n<div class=\"wp-block-stackable-heading stk-block-heading stk-block-heading--v2 stk-block stk-c0dafed\" id=\"a-href-https-drive-google-com-file-d-1-x-qd-5-m-dc-hwd-9-w-7-n-4-ym-1-t-0-awux-ak-ds-jc-7-view-usp-sharing-data-type-link-data-id-https-drive-google-com-file-d-1-w-4-b-2-p-ur-ps-o-3-xqjdl-6-a-oy-yw-oo-9-mxtpmbp-view-span-style-color-fffffe-class-stk-highlight-reconocimiento-de-creditos-por-ciclos-formativos-de-fp-de-grado-superior-span-a\" data-block-id=\"c0dafed\"><style>.stk-c0dafed .stk-block-heading__text{font-size:22px !important;line-height:1.3em !important;}@media screen and (max-width: 1023px){.stk-c0dafed .stk-block-heading__text{font-size:22px !important;}}<\/style><p class=\"stk-block-heading__text\"><a href=\"https:\/\/drive.google.com\/file\/d\/1XQd5MDcHwd9W7n4ym1T-0awuxAKDsJC7\/view?usp=sharing\" data-type=\"link\" data-id=\"https:\/\/drive.google.com\/file\/d\/1w4b2pURPsO3Xqjdl6AOyYwOo9mxtpmbp\/view\" target=\"_blank\" rel=\"noopener\"><span style=\"color: #fffffe\" class=\"stk-highlight\">Reconocimiento de cr\u00e9ditos por Ciclos Formativos de FP de Grado Superior<\/span><\/a><\/p><\/div>\n\n\n\n<div class=\"wp-block-stackable-icon stk-block-icon has-text-align-left stk-block stk-2126402\" data-block-id=\"2126402\"><style>.stk-2126402 .stk--svg-wrapper .stk--inner-svg svg:last-child{height:18px !important;width:18px !important;}.stk-2126402 .stk--svg-wrapper .stk--inner-svg svg:last-child, .stk-2126402 .stk--svg-wrapper .stk--inner-svg svg:last-child :is(g, path, rect, polygon, ellipse){fill:#fffffe !important;}<\/style><span class=\"stk--svg-wrapper\"><div class=\"stk--inner-svg\"><svg style=\"height:0;width:0\"><defs><linearGradient id=\"linear-gradient-2126402\" x1=\"0\" x2=\"100%\" y1=\"0\" y2=\"0\"><stop offset=\"0%\" style=\"stop-opacity:1;stop-color:var(--linear-gradient-2126402-color-1)\"><\/stop><stop offset=\"100%\" style=\"stop-opacity:1;stop-color:var(--linear-gradient-2126402-color-2)\"><\/stop><\/linearGradient><\/defs><\/svg><svg xmlns=\"http:\/\/www.w3.org\/2000\/svg\" viewBox=\"0 0 448 512\" aria-hidden=\"true\" width=\"32\" height=\"32\"><path d=\"M438.6 278.6c12.5-12.5 12.5-32.8 0-45.3l-160-160c-12.5-12.5-32.8-12.5-45.3 0s-12.5 32.8 0 45.3L338.8 224 32 224c-17.7 0-32 14.3-32 32s14.3 32 32 32l306.7 0L233.4 393.4c-12.5 12.5-12.5 32.8 0 45.3s32.8 12.5 45.3 0l160-160z\" \/><\/svg><\/div><\/span><\/div>\n<\/div><\/div>\n\n\n\n<div class=\"wp-block-stackable-icon-label stk-block-icon-label stk-block stk-67731cf stk-block-background\" data-block-id=\"67731cf\"><style>.stk-67731cf {background-color:#5c068c !important;padding-top:20px !important;padding-right:20px !important;padding-bottom:20px !important;padding-left:20px !important;}.stk-67731cf:hover{background-color:#0f0e17 !important;}.stk-67731cf:before{background-color:#5c068c !important;}.stk-67731cf:hover:before{background-color:#0f0e17 !important;}<\/style><div class=\"stk-row stk-inner-blocks stk-block-content\">\n<div class=\"wp-block-stackable-heading stk-block-heading stk-block-heading--v2 stk-block stk-ccb44b2\" id=\"a-href-https-docs-google-com-spreadsheets-d-1-lmf-h-ul-2-pbl-62-d-su-nlz-t-9-w-9-smwc-1-g-sr-rq-4-tn-1-q-7-x-mgo-edit-pli-1-amp-gid-565008229-gid-565008229-data-type-link-data-id-https-drive-google-com-file-d-1-w-4-b-2-p-ur-ps-o-3-xqjdl-6-a-oy-yw-oo-9-mxtpmbp-view-span-style-color-fffffe-class-stk-highlight-actividades-academicas-formativas-reconocibles-en-la-facultad-de-ciencias-span-a\" data-block-id=\"ccb44b2\"><style>.stk-ccb44b2 .stk-block-heading__text{font-size:22px !important;line-height:1.3em !important;}@media screen and (max-width: 1023px){.stk-ccb44b2 .stk-block-heading__text{font-size:22px !important;}}<\/style><p class=\"stk-block-heading__text\"><a href=\"https:\/\/docs.google.com\/spreadsheets\/d\/1LmfHUl2Pbl62dSUNlzT9w9Smwc1gSRRq4TN1Q7X-mgo\/edit?pli=1&amp;gid=565008229#gid=565008229\" data-type=\"link\" data-id=\"https:\/\/drive.google.com\/file\/d\/1w4b2pURPsO3Xqjdl6AOyYwOo9mxtpmbp\/view\" target=\"_blank\" rel=\"noopener\"><span style=\"color: #fffffe\" class=\"stk-highlight\">Actividades Acad\u00e9micas Formativas reconocibles en la Facultad de Ciencias<\/span><\/a><\/p><\/div>\n\n\n\n<div class=\"wp-block-stackable-icon stk-block-icon has-text-align-left stk-block stk-8b5e7bd\" data-block-id=\"8b5e7bd\"><style>.stk-8b5e7bd .stk--svg-wrapper .stk--inner-svg svg:last-child{height:18px !important;width:18px !important;}.stk-8b5e7bd .stk--svg-wrapper .stk--inner-svg svg:last-child, .stk-8b5e7bd .stk--svg-wrapper .stk--inner-svg svg:last-child :is(g, path, rect, polygon, ellipse){fill:#fffffe !important;}<\/style><span class=\"stk--svg-wrapper\"><div class=\"stk--inner-svg\"><svg style=\"height:0;width:0\"><defs><linearGradient id=\"linear-gradient-8b5e7bd\" x1=\"0\" x2=\"100%\" y1=\"0\" y2=\"0\"><stop offset=\"0%\" style=\"stop-opacity:1;stop-color:var(--linear-gradient-8-b-5-e-7-bd-color-1)\"><\/stop><stop offset=\"100%\" style=\"stop-opacity:1;stop-color:var(--linear-gradient-8-b-5-e-7-bd-color-2)\"><\/stop><\/linearGradient><\/defs><\/svg><svg xmlns=\"http:\/\/www.w3.org\/2000\/svg\" viewBox=\"0 0 448 512\" aria-hidden=\"true\" width=\"32\" height=\"32\"><path d=\"M438.6 278.6c12.5-12.5 12.5-32.8 0-45.3l-160-160c-12.5-12.5-32.8-12.5-45.3 0s-12.5 32.8 0 45.3L338.8 224 32 224c-17.7 0-32 14.3-32 32s14.3 32 32 32l306.7 0L233.4 393.4c-12.5 12.5-12.5 32.8 0 45.3s32.8 12.5 45.3 0l160-160z\" \/><\/svg><\/div><\/span><\/div>\n<\/div><\/div>\n<\/div><\/div><\/div>\n<\/div><\/div>\n","protected":false},"excerpt":{"rendered":"<p>Reconocimiento y transferencia de cr\u00e9ditos Se entiende por&nbsp;reconocimiento de cr\u00e9ditos&nbsp;la aceptaci\u00f3n por la universidad de los cr\u00e9ditos obtenidos en una formaci\u00f3n\/experiencia previa, para su c\u00f3mputo a efectos de la obtenci\u00f3n de un t\u00edtulo oficial.&nbsp; Atendiendo al Real Decreto 822\/2021, de 28 de septiembre, por el que se establece la organizaci\u00f3n de las ense\u00f1anzas universitarias y&#8230;<\/p>\n","protected":false},"author":1,"featured_media":0,"parent":252,"menu_order":3,"comment_status":"closed","ping_status":"closed","template":"templates\/template-frontpage.php","meta":{"footnotes":""},"class_list":["post-40","page","type-page","status-publish","hentry"],"_links":{"self":[{"href":"https:\/\/www.ull.es\/grados\/matematicas\/wp-json\/wp\/v2\/pages\/40","targetHints":{"allow":["GET"]}}],"collection":[{"href":"https:\/\/www.ull.es\/grados\/matematicas\/wp-json\/wp\/v2\/pages"}],"about":[{"href":"https:\/\/www.ull.es\/grados\/matematicas\/wp-json\/wp\/v2\/types\/page"}],"author":[{"embeddable":true,"href":"https:\/\/www.ull.es\/grados\/matematicas\/wp-json\/wp\/v2\/users\/1"}],"replies":[{"embeddable":true,"href":"https:\/\/www.ull.es\/grados\/matematicas\/wp-json\/wp\/v2\/comments?post=40"}],"version-history":[{"count":32,"href":"https:\/\/www.ull.es\/grados\/matematicas\/wp-json\/wp\/v2\/pages\/40\/revisions"}],"predecessor-version":[{"id":1581,"href":"https:\/\/www.ull.es\/grados\/matematicas\/wp-json\/wp\/v2\/pages\/40\/revisions\/1581"}],"up":[{"embeddable":true,"href":"https:\/\/www.ull.es\/grados\/matematicas\/wp-json\/wp\/v2\/pages\/252"}],"wp:attachment":[{"href":"https:\/\/www.ull.es\/grados\/matematicas\/wp-json\/wp\/v2\/media?parent=40"}],"curies":[{"name":"wp","href":"https:\/\/api.w.org\/{rel}","templated":true}]}}