{"id":202,"date":"2017-07-11T10:11:11","date_gmt":"2017-07-11T10:11:11","guid":{"rendered":"http:\/\/www.ull.es\/masteres\/desarrollo-y-gestion-de-recursos-humanos\/?page_id=202"},"modified":"2025-11-18T15:19:55","modified_gmt":"2025-11-18T15:19:55","slug":"acceso-admision-y-matricula","status":"publish","type":"page","link":"https:\/\/www.ull.es\/grados\/medicina\/en\/informacion-academica\/acceso-admision-y-matricula\/","title":{"rendered":"Access, admission and registration"},"content":{"rendered":"\n<div class=\"wp-block-stackable-columns alignfull stk-block-columns stk-block stk-8657999\" data-block-id=\"8657999\"><style>.stk-8657999 {padding-bottom:0px !important;margin-top:-30px !important;margin-bottom:0px !important;}@media screen and (max-width: 767px){.stk-8657999 {margin-top:-10% !important;}}<\/style><div class=\"stk-row stk-inner-blocks stk-block-content stk-content-align stk-8657999-column alignfull\">\n<div class=\"wp-block-stackable-column stk-block-column stk-column stk-block stk-914f03e\" data-v=\"4\" data-block-id=\"914f03e\"><div class=\"stk-column-wrapper stk-block-column__content stk-container stk-914f03e-container stk--no-background stk--no-padding\"><div class=\"stk-block-content stk-inner-blocks stk-914f03e-inner-blocks\"><style id=\"depicter-1-inline-pre-css\">\n\n.depicter-1:not(.depicter-ready){\n\theight:500px;\n}\n\n\/***** Tablet *****\/\n@media screen and (max-width: 1024px){\n\n.depicter-1:not(.depicter-ready){\n\theight:700px;\n}\n\n}\n\/***** Mobile *****\/\n@media screen and (max-width: 767px){\n\n.depicter-1:not(.depicter-ready){\n\theight:360px;\n}\n\n}\n<\/style>\n<div id=\"depicter-1\" class=\"depicter depicter-document depicter-revert depicter-1 depicter-layout-fullwidth\">\n\n<div class=\"depicter-loading-container depicter-loading dotFlashing-dark\"><div class=\"depicter-loading-dark depicter-dot-flashing\">\n   <span><\/span>\n   <span><\/span>\n   <span><\/span>\n<\/div>\n<\/div>\n<div id=\"depicter-1-section-1\" class=\"depicter-section depicter-1-section-1\" data-name=\"Section 1\" data-type=\"section\" data-local-id=\"section-1\">\n<picture class=\"depicter-bg\">\n<source data-depicter-srcset=\"https:\/\/www.ull.es\/grados\/medicina\/wp-content\/uploads\/sites\/5\/2025\/03\/Slider_Medicina-768x248.jpg, https:\/\/www.ull.es\/grados\/medicina\/wp-content\/uploads\/sites\/5\/2025\/03\/Slider_Medicina.jpg 2x\" srcset=\"data:image\/gif;base64,R0lGODlhAQABAIAAAAAAAP\/\/\/yH5BAEAAAAALAAAAAABAAEAAAIBRAA7\" media=\"(max-width: 1024px)\" \/>\n\n<source data-depicter-srcset=\"https:\/\/www.ull.es\/grados\/medicina\/wp-content\/uploads\/sites\/5\/2025\/03\/Slider_Medicina.jpg, https:\/\/www.ull.es\/grados\/medicina\/wp-content\/uploads\/sites\/5\/2025\/03\/Slider_Medicina-1920x620.jpg 2x\" srcset=\"data:image\/gif;base64,R0lGODlhAQABAIAAAAAAAP\/\/\/yH5BAEAAAAALAAAAAABAAEAAAIBRAA7\" media=\"(min-width: 1025px)\" \/>\n<img decoding=\"async\" src=\"data:image\/gif;base64,R0lGODlhAQABAIAAAAAAAP\/\/\/yH5BAEAAAAALAAAAAABAAEAAAIBRAA7\" data-ken-burns=\"false\" data-tablet-ken-burns=\"false\" data-mobile-ken-burns=\"false\" alt=\"\" data-depicter-src=\"https:\/\/www.ull.es\/grados\/medicina\/wp-content\/uploads\/sites\/5\/2025\/03\/Slider_Medicina.jpg\" data-object-fit=\"custom,custom,\" data-object-position=\"center top,,\" data-crop=\"{'focalPoint':{'x':0.5,'y':0.5},'mediaSize':{'width':1393.54838709677414954057894647121429443359375,'height':450}}\" data-tablet-crop=\"{'focalPoint':{'x':0.5,'y':0.5},'mediaSize':{'width':2167.7419354838712024502456188201904296875,'height':700.0000000000001136868377216160297393798828125}}\" data-mobile-crop=\"{'focalPoint':{'x':0.5,'y':0.5},'mediaSize':{'width':1114.8387096774195015314035117626190185546875,'height':360}}\" \/>\n<\/picture>\n\n\n<h1 id=\"depicter-1-element-5\" class=\"depicter-element depicter-layer depicter-1-element-5\" data-type=\"text\" data-wrap=\"true\" data-name=\"Text 2\" data-local-id=\"element-5\" data-offset=\"x:176px;y:201px;origin:tl\" data-tablet-offset=\"x:281px;y:321px;origin:tl\" data-mobile-offset=\"x:6px;y:-136px;origin:tl\" data-width=\"793px,462px,348px\" data-height=\"auto,auto,auto\" data-responsive-scale=\"true,,\">Grado en Medicina<\/h1>\n\n<div id=\"depicter-1-element-10\" class=\"depicter-element depicter-layer depicter-1-element-10\" data-type=\"shape\" data-wrap=\"true\" data-name=\"Shape 1\" data-local-id=\"element-10\" data-offset=\"x:194px;y:313px;origin:tl\" data-tablet-offset=\"x:289px;y:378px;origin:tl\" data-mobile-offset=\"x:6px;y:14px;origin:tl\" data-width=\"758px,442px,245px\" data-height=\"8px,8px,8px\" data-responsive-scale=\"true,,\"><\/div>\n<\/div>\n<\/div>\n<script>\n(window.depicterSetups = window.depicterSetups || []).push(function(){\n\tDepicter.basePath = 'https:\/\/www.ull.es\/grados\/medicina\/wp-content\/plugins\/depicter\/resources\/scripts\/player\/';\n\tconst dpPlayer = Depicter.setup('.depicter-1',\n\t\t{\"width\":[\"1200\",\"1024\",\"360\"],\"height\":[\"500\",\"700\",\"360\"],\"view\":\"basic\",\"keepAspectRatio\":true,\"preload\":0,\"layout\":\"fullwidth\",\"rtl\":false,\"initAfterAppear\":false,\"ajaxApiUrl\":\"https:\\\/\\\/www.ull.es\\\/grados\\\/medicina\\\/wp-admin\\\/admin-ajax.php\",\"mouseSwipe\":true,\"touchSwipe\":true,\"useWatermark\":false}\n\t);\n});\n<\/script><\/div><\/div><\/div>\n<\/div><\/div>\n\n\n\n<div class=\"wp-block-stackable-columns alignfull stk-block-columns stk--hide-mobile stk-block stk-ceecbdc stk-block-background\" data-block-id=\"ceecbdc\"><style>.stk-ceecbdc {background-color:#360060 !important;padding-top:35px !important;padding-right:0px !important;padding-bottom:2px !important;padding-left:0px !important;margin-top:-20px !important;margin-bottom:70px !important;}.stk-ceecbdc:before{background-color:#360060 !important;}<\/style><div class=\"stk-row stk-inner-blocks stk-block-content stk-content-align stk-ceecbdc-column alignfull\">\n<div class=\"wp-block-stackable-column stk-block-column stk-column stk-block stk-fc60a5d\" data-v=\"4\" data-block-id=\"fc60a5d\"><div class=\"stk-column-wrapper stk-block-column__content stk-container stk-fc60a5d-container stk--no-background stk--no-padding\"><div class=\"stk-block-content stk-inner-blocks stk-fc60a5d-inner-blocks\">\n<div class=\"wp-block-stackable-spacer stk-block-spacer stk--no-padding stk-block stk-a3a8a68\" data-block-id=\"a3a8a68\"><style>.stk-a3a8a68 {height:0px !important;}<\/style><\/div>\n<\/div><\/div><\/div>\n<\/div><\/div>\n\n\n\n<div class=\"wp-block-stackable-columns stk-block-columns stk-block stk-8b59b96\" data-block-id=\"8b59b96\"><style>.stk-8b59b96 .stk--block-align-8b59b96{align-items:flex-start !important;}.stk-8b59b96 {margin-top:25px !important;}.stk-8b59b96-column{--stk-columns-spacing:0px !important;--stk-column-gap:50px !important;}@media screen and (max-width: 767px){.stk-8b59b96-column{row-gap:var(--stk--preset--spacing--60, 2.25rem) !important;}}<\/style><div class=\"stk-row stk-inner-blocks stk--block-align-8b59b96 stk-block-content stk-content-align stk-8b59b96-column\">\n<div class=\"wp-block-stackable-column stk-block-column stk-column stk-block stk-dbb7e15\" data-v=\"4\" data-block-id=\"dbb7e15\"><div class=\"stk-column-wrapper stk-block-column__content stk-container stk-dbb7e15-container stk--no-background stk--no-padding\"><div class=\"stk-block-content stk-inner-blocks stk-dbb7e15-inner-blocks\">\n<div class=\"wp-block-stackable-heading stk-block-heading stk-block-heading--v2 stk-block stk-689c258\" id=\"acceso-admision-y-matricula\" data-block-id=\"689c258\"><style>.stk-689c258 .stk-block-heading__text{color:#5c068c !important;}<\/style><h1 class=\"stk-block-heading__text has-text-color\">Acceso, admisi\u00f3n y matr\u00edcula<\/h1><\/div>\n\n\n\n<h3 class=\"wp-block-heading\"><a href=\"https:\/\/www.ull.es\/grados\/medicina\/informacion-academica\/acceso-admision-y-matricula\/#acceso\" target=\"_blank\" rel=\"noopener\"><span style=\"color: #0f0e17;\" class=\"stk-highlight\">Acceso<\/span><\/a><\/h3>\n\n\n\n<p>El acceso es el conjunto de requisitos establecidos para cursar las ense\u00f1anzas universitarias oficiales de grado. Su cumplimiento es necesario y previo para poder solicitar plaza en las titulaciones oficiales de la ULL, mediante el procedimiento de admisi\u00f3n a la universidad.<\/p>\n\n\n\n<p>Se pueden consultar los requisitos de acceso a los estudios de grado en el siguiente&nbsp;<a href=\"https:\/\/www.ull.es\/admision-becas\/que-es-el-acceso\/\" target=\"_blank\" rel=\"noreferrer noopener\" target=\"_blank\" rel=\"noopener\">enlace<\/a>.<\/p>\n\n\n\n<p>Existen diferentes modalidades de acceso. Pueden acceder a la informaci\u00f3n detallada de las principales modalidades desde los siguientes enlaces:<\/p>\n\n\n\n<ul class=\"wp-block-list\">\n<li><a href=\"https:\/\/www.ull.es\/admision-becas\/ebau\/\" target=\"_blank\" rel=\"noreferrer noopener\" target=\"_blank\" rel=\"noopener\">EBAU<\/a><\/li>\n\n\n\n<li><a href=\"https:\/\/www.ull.es\/admision-becas\/acceso-mayores\/\" target=\"_blank\" rel=\"noreferrer noopener\" target=\"_blank\" rel=\"noopener\">Mayores de 25, 40 y 45 a\u00f1os<\/a><\/li>\n\n\n\n<li><a href=\"https:\/\/www.ull.es\/admision-becas\/acceso-extranjeros\/\" target=\"_blank\" rel=\"noreferrer noopener\" target=\"_blank\" rel=\"noopener\">Extranjeros<\/a><\/li>\n<\/ul>\n\n\n\n<p>Para el Grado en Medicina no es necesario realizar ninguna prueba especial de acceso.<\/p>\n\n\n\n<h3 class=\"wp-block-heading\"><a href=\"https:\/\/www.ull.es\/grados\/medicina\/informacion-academica\/acceso-admision-y-matricula\/#admision\" target=\"_blank\" rel=\"noopener\"><span style=\"color: #0f0e17;\" class=\"stk-highlight\">Admisi\u00f3n (solicitud de plaza)<\/span><\/a><\/h3>\n\n\n\n<p>La admisi\u00f3n es el proceso de la adjudicaci\u00f3n de las plazas ofertadas por la ULL para cursar ense\u00f1anzas oficiales universitarias entre quienes, cumpliendo con alguno de los requisitos de acceso, las han solicitado.<\/p>\n\n\n\n<p>En el Grado en Medicina se oferta un cupo limitado de 130 plazas de nuevo ingreso.<\/p>\n\n\n\n<p>Los procedimientos de admisi\u00f3n que existen en la ULL son los siguientes:<\/p>\n\n\n\n<ol class=\"wp-block-list\">\n<li><a href=\"https:\/\/www.ull.es\/admision-becas\/solicitud-plaza-grados__trashed\/preinscripcion\/\" target=\"_blank\" rel=\"noreferrer noopener\" target=\"_blank\" rel=\"noopener\">Preinscripci\u00f3n<\/a><\/li>\n\n\n\n<li><a href=\"https:\/\/www.ull.es\/admision-becas\/traslado-de-expediente\/\" target=\"_blank\" rel=\"noreferrer noopener\" target=\"_blank\" rel=\"noopener\">Cambio de universidad y\/o estudios universitarios oficiales espa\u00f1oles (traslado de expediente)<\/a><\/li>\n\n\n\n<li><a href=\"https:\/\/www.ull.es\/admision-becas\/acceso-extranjeros\/convalidacion-estudios-parciales-extranjeros\/\" target=\"_blank\" rel=\"noreferrer noopener\" target=\"_blank\" rel=\"noopener\">Estudios universitarios extranjeros (convalidaci\u00f3n parcial de estudios extranjeros)<\/a><\/li>\n\n\n\n<li><a href=\"https:\/\/www.ull.es\/admision-becas\/simultaneidad\/\" target=\"_blank\" rel=\"noreferrer noopener\" target=\"_blank\" rel=\"noopener\">Simultaneidad de estudios<\/a><\/li>\n<\/ol>\n\n\n\n<h3 class=\"wp-block-heading\"><a href=\"https:\/\/www.ull.es\/grados\/medicina\/informacion-academica\/acceso-admision-y-matricula\/#matricula\" target=\"_blank\" rel=\"noopener\"><span style=\"color: #0f0e17;\" class=\"stk-highlight\">Matr\u00edcula<\/span><\/a><\/h3>\n\n\n\n<p>La matr\u00edcula es el instrumento a trav\u00e9s del que se adquiere la condici\u00f3n de estudiante universitario. Para realizar la matr\u00edcula, el alumnado de nuevo ingreso debe reunir alguno de los requisitos de acceso y haber obtenido plaza a trav\u00e9s del procedimiento de admisi\u00f3n correspondiente.<\/p>\n\n\n\n<p>Cada curso acad\u00e9mico se publica un documento denominado \u201cInstrucci\u00f3n de admisi\u00f3n y matr\u00edcula\u201d (ver&nbsp;<a href=\"https:\/\/www.ull.es\/admision-becas\/matricula\/#normativa\" target=\"_blank\" rel=\"noreferrer noopener\" target=\"_blank\" rel=\"noopener\">enlace<\/a>), que recoge contiene la informaci\u00f3n necesaria para su correcto desarrollo (modalidades, periodos, calendario, documentaci\u00f3n a presentar, formas de pago,\u2026).<\/p>\n\n\n\n<p>Pueden acceder a la informaci\u00f3n en detalle sobre el proceso de matr\u00edcula en los estudios de grado en el siguiente&nbsp;&nbsp;<a href=\"https:\/\/www.ull.es\/admision-becas\/matricula\/\" target=\"_blank\" rel=\"noreferrer noopener\" target=\"_blank\" rel=\"noopener\">enlace<\/a>.<\/p>\n<\/div><\/div><\/div>\n<\/div><\/div>\n","protected":false},"excerpt":{"rendered":"<p>Access, Admission, and Enrollment. Access: Access refers to the set of requirements established for pursuing official undergraduate university studies. Meeting these requirements is a prerequisite for applying for a place in official degree programs at the University of La Laguna (ULL) through the university admissions process. The access requirements can be found\u2026<\/p>","protected":false},"author":1,"featured_media":0,"parent":252,"menu_order":2,"comment_status":"closed","ping_status":"closed","template":"templates\/template-frontpage.php","meta":{"footnotes":""},"class_list":["post-202","page","type-page","status-publish","hentry"],"_links":{"self":[{"href":"https:\/\/www.ull.es\/grados\/medicina\/en\/wp-json\/wp\/v2\/pages\/202","targetHints":{"allow":["GET"]}}],"collection":[{"href":"https:\/\/www.ull.es\/grados\/medicina\/en\/wp-json\/wp\/v2\/pages"}],"about":[{"href":"https:\/\/www.ull.es\/grados\/medicina\/en\/wp-json\/wp\/v2\/types\/page"}],"author":[{"embeddable":true,"href":"https:\/\/www.ull.es\/grados\/medicina\/en\/wp-json\/wp\/v2\/users\/1"}],"replies":[{"embeddable":true,"href":"https:\/\/www.ull.es\/grados\/medicina\/en\/wp-json\/wp\/v2\/comments?post=202"}],"version-history":[{"count":27,"href":"https:\/\/www.ull.es\/grados\/medicina\/en\/wp-json\/wp\/v2\/pages\/202\/revisions"}],"predecessor-version":[{"id":1187,"href":"https:\/\/www.ull.es\/grados\/medicina\/en\/wp-json\/wp\/v2\/pages\/202\/revisions\/1187"}],"up":[{"embeddable":true,"href":"https:\/\/www.ull.es\/grados\/medicina\/en\/wp-json\/wp\/v2\/pages\/252"}],"wp:attachment":[{"href":"https:\/\/www.ull.es\/grados\/medicina\/en\/wp-json\/wp\/v2\/media?parent=202"}],"curies":[{"name":"wp","href":"https:\/\/api.w.org\/{rel}","templated":true}]}}