{"id":37,"date":"2017-06-28T12:58:45","date_gmt":"2017-06-28T12:58:45","guid":{"rendered":"http:\/\/www.ull.es\/masteres\/desarrollo-y-gestion-de-recursos-humanos\/?page_id=30"},"modified":"2025-11-18T15:17:57","modified_gmt":"2025-11-18T15:17:57","slug":"perfil-de-ingreso-y-egreso","status":"publish","type":"page","link":"https:\/\/www.ull.es\/grados\/medicina\/en\/informacion-academica\/perfil-de-ingreso-y-egreso\/","title":{"rendered":"Admission and exit profile"},"content":{"rendered":"\n<div class=\"wp-block-stackable-columns alignfull stk-block-columns stk-block stk-8657999\" data-block-id=\"8657999\"><style>.stk-8657999 {padding-bottom:0px !important;margin-top:-30px !important;margin-bottom:0px !important;}@media screen and (max-width: 767px){.stk-8657999 {margin-top:-10% !important;}}<\/style><div class=\"stk-row stk-inner-blocks stk-block-content stk-content-align stk-8657999-column alignfull\">\n<div class=\"wp-block-stackable-column stk-block-column stk-column stk-block stk-914f03e\" data-v=\"4\" data-block-id=\"914f03e\"><div class=\"stk-column-wrapper stk-block-column__content stk-container stk-914f03e-container stk--no-background stk--no-padding\"><div class=\"stk-block-content stk-inner-blocks stk-914f03e-inner-blocks\"><style id=\"depicter-1-inline-pre-css\">\n\n.depicter-1:not(.depicter-ready){\n\theight:500px;\n}\n\n\/***** Tablet *****\/\n@media screen and (max-width: 1024px){\n\n.depicter-1:not(.depicter-ready){\n\theight:700px;\n}\n\n}\n\/***** Mobile *****\/\n@media screen and (max-width: 767px){\n\n.depicter-1:not(.depicter-ready){\n\theight:360px;\n}\n\n}\n<\/style>\n<div id=\"depicter-1\" class=\"depicter depicter-document depicter-revert depicter-1 depicter-layout-fullwidth\">\n\n<div class=\"depicter-loading-container depicter-loading dotFlashing-dark\"><div class=\"depicter-loading-dark depicter-dot-flashing\">\n   <span><\/span>\n   <span><\/span>\n   <span><\/span>\n<\/div>\n<\/div>\n<div id=\"depicter-1-section-1\" class=\"depicter-section depicter-1-section-1\" data-name=\"Section 1\" data-type=\"section\" data-local-id=\"section-1\">\n<picture class=\"depicter-bg\">\n<source data-depicter-srcset=\"https:\/\/www.ull.es\/grados\/medicina\/wp-content\/uploads\/sites\/5\/2025\/03\/Slider_Medicina-768x248.jpg, https:\/\/www.ull.es\/grados\/medicina\/wp-content\/uploads\/sites\/5\/2025\/03\/Slider_Medicina.jpg 2x\" srcset=\"data:image\/gif;base64,R0lGODlhAQABAIAAAAAAAP\/\/\/yH5BAEAAAAALAAAAAABAAEAAAIBRAA7\" media=\"(max-width: 1024px)\" \/>\n\n<source data-depicter-srcset=\"https:\/\/www.ull.es\/grados\/medicina\/wp-content\/uploads\/sites\/5\/2025\/03\/Slider_Medicina.jpg, https:\/\/www.ull.es\/grados\/medicina\/wp-content\/uploads\/sites\/5\/2025\/03\/Slider_Medicina-1920x620.jpg 2x\" srcset=\"data:image\/gif;base64,R0lGODlhAQABAIAAAAAAAP\/\/\/yH5BAEAAAAALAAAAAABAAEAAAIBRAA7\" media=\"(min-width: 1025px)\" \/>\n<img decoding=\"async\" src=\"data:image\/gif;base64,R0lGODlhAQABAIAAAAAAAP\/\/\/yH5BAEAAAAALAAAAAABAAEAAAIBRAA7\" data-ken-burns=\"false\" data-tablet-ken-burns=\"false\" data-mobile-ken-burns=\"false\" alt=\"\" data-depicter-src=\"https:\/\/www.ull.es\/grados\/medicina\/wp-content\/uploads\/sites\/5\/2025\/03\/Slider_Medicina.jpg\" data-object-fit=\"custom,custom,\" data-object-position=\"center top,,\" data-crop=\"{'focalPoint':{'x':0.5,'y':0.5},'mediaSize':{'width':1393.54838709677414954057894647121429443359375,'height':450}}\" data-tablet-crop=\"{'focalPoint':{'x':0.5,'y':0.5},'mediaSize':{'width':2167.7419354838712024502456188201904296875,'height':700.0000000000001136868377216160297393798828125}}\" data-mobile-crop=\"{'focalPoint':{'x':0.5,'y':0.5},'mediaSize':{'width':1114.8387096774195015314035117626190185546875,'height':360}}\" \/>\n<\/picture>\n\n\n<h1 id=\"depicter-1-element-5\" class=\"depicter-element depicter-layer depicter-1-element-5\" data-type=\"text\" data-wrap=\"true\" data-name=\"Text 2\" data-local-id=\"element-5\" data-offset=\"x:176px;y:201px;origin:tl\" data-tablet-offset=\"x:281px;y:321px;origin:tl\" data-mobile-offset=\"x:6px;y:-136px;origin:tl\" data-width=\"793px,462px,348px\" data-height=\"auto,auto,auto\" data-responsive-scale=\"true,,\">Grado en Medicina<\/h1>\n\n<div id=\"depicter-1-element-10\" class=\"depicter-element depicter-layer depicter-1-element-10\" data-type=\"shape\" data-wrap=\"true\" data-name=\"Shape 1\" data-local-id=\"element-10\" data-offset=\"x:194px;y:313px;origin:tl\" data-tablet-offset=\"x:289px;y:378px;origin:tl\" data-mobile-offset=\"x:6px;y:14px;origin:tl\" data-width=\"758px,442px,245px\" data-height=\"8px,8px,8px\" data-responsive-scale=\"true,,\"><\/div>\n<\/div>\n<\/div>\n<script>\n(window.depicterSetups = window.depicterSetups || []).push(function(){\n\tDepicter.basePath = 'https:\/\/www.ull.es\/grados\/medicina\/wp-content\/plugins\/depicter\/resources\/scripts\/player\/';\n\tconst dpPlayer = Depicter.setup('.depicter-1',\n\t\t{\"width\":[\"1200\",\"1024\",\"360\"],\"height\":[\"500\",\"700\",\"360\"],\"view\":\"basic\",\"keepAspectRatio\":true,\"preload\":0,\"layout\":\"fullwidth\",\"rtl\":false,\"initAfterAppear\":false,\"ajaxApiUrl\":\"https:\\\/\\\/www.ull.es\\\/grados\\\/medicina\\\/wp-admin\\\/admin-ajax.php\",\"mouseSwipe\":true,\"touchSwipe\":true,\"useWatermark\":false}\n\t);\n});\n<\/script><\/div><\/div><\/div>\n<\/div><\/div>\n\n\n\n<div class=\"wp-block-stackable-columns alignfull stk-block-columns stk--hide-mobile stk-block stk-ceecbdc stk-block-background\" data-block-id=\"ceecbdc\"><style>.stk-ceecbdc {background-color:#360060 !important;padding-top:35px !important;padding-right:0px !important;padding-bottom:2px !important;padding-left:0px !important;margin-top:-20px !important;margin-bottom:70px !important;}.stk-ceecbdc:before{background-color:#360060 !important;}<\/style><div class=\"stk-row stk-inner-blocks stk-block-content stk-content-align stk-ceecbdc-column alignfull\">\n<div class=\"wp-block-stackable-column stk-block-column stk-column stk-block stk-fc60a5d\" data-v=\"4\" data-block-id=\"fc60a5d\"><div class=\"stk-column-wrapper stk-block-column__content stk-container stk-fc60a5d-container stk--no-background stk--no-padding\"><div class=\"stk-block-content stk-inner-blocks stk-fc60a5d-inner-blocks\">\n<div class=\"wp-block-stackable-spacer stk-block-spacer stk--no-padding stk-block stk-a3a8a68\" data-block-id=\"a3a8a68\"><style>.stk-a3a8a68 {height:0px !important;}<\/style><\/div>\n<\/div><\/div><\/div>\n<\/div><\/div>\n\n\n\n<div class=\"wp-block-stackable-columns alignwide stk-block-columns stk-block stk-3627255\" data-block-id=\"3627255\"><style>.stk-3627255 {padding-right:16% !important;padding-left:16% !important;margin-bottom:18px !important;}<\/style><div class=\"stk-row stk-inner-blocks stk-block-content stk-content-align stk-3627255-column alignwide\">\n<div class=\"wp-block-stackable-column stk-block-column stk-column stk-block stk-81e665a\" data-v=\"4\" data-block-id=\"81e665a\"><div class=\"stk-column-wrapper stk-block-column__content stk-container stk-81e665a-container stk--no-background stk--no-padding\"><div class=\"stk-block-content stk-inner-blocks stk-81e665a-inner-blocks\">\n<div class=\"wp-block-stackable-heading stk-block-heading stk-block-heading--v2 stk-block stk-97878e6\" id=\"perfil-de-ingreso-y-egreso\" data-block-id=\"97878e6\"><style>.stk-97878e6 .stk-block-heading__text{color:#5c068c !important;}<\/style><h1 class=\"stk-block-heading__text has-text-color\">Perfil de ingreso y egreso<\/h1><\/div>\n\n\n\n<div class=\"wp-block-stackable-heading stk-block-heading stk-block-heading--v2 stk-block stk-c1637bd\" id=\"perfil-de-ingreso\" data-block-id=\"c1637bd\"><style>.stk-c1637bd .stk-block-heading__text{color:#5c068c !important;}<\/style><h2 class=\"stk-block-heading__text has-text-color\">Perfil de ingreso<\/h2><\/div>\n\n\n\n<p>El perfil de ingreso son los conocimientos, habilidades y capacidades de partida de un nivel de bachillerato.<\/p>\n\n\n\n<p>Aunque la profesi\u00f3n m\u00e9dica, su actividad en el ejercicio de la medicina, en especial la rama cl\u00ednica, es conocida por la sociedad, y el futuro estudiantado pueden albergar una aproximaci\u00f3n del proceso formativo y de las expectativas que supone la pr\u00e1ctica de la profesi\u00f3n, a trav\u00e9s de la dimensi\u00f3n divulgativa de la medicina, del contacto personal o como paciente con profesionales de la medicina\u2026, a continuaci\u00f3n se concretan las caracter\u00edsticas personales y acad\u00e9micas recomendables para iniciar los estudios de Grado en Medicina:<\/p>\n\n\n\n<p><strong>Capacidades<\/strong><\/p>\n\n\n\n<ul class=\"wp-block-list\">\n<li>Vocaci\u00f3n de servicio y solidaridad con los dem\u00e1s<\/li>\n\n\n\n<li>Capacidad de trabajo<\/li>\n\n\n\n<li>Aptitud de trabajo en equipo y liderazgo<\/li>\n\n\n\n<li>Mentalidad anal\u00edtica y de razonamiento l\u00f3gico<\/li>\n\n\n\n<li>Cierta habilidad manual<\/li>\n<\/ul>\n\n\n\n<p><strong>Competencias<\/strong><\/p>\n\n\n\n<ul class=\"wp-block-list\">\n<li>Conocimientos suficientes de ciencias b\u00e1sicas: qu\u00edmica, biolog\u00eda, f\u00edsica, matem\u00e1ticas.<\/li>\n\n\n\n<li>Lectura comprensiva y capacidad de redacci\u00f3n<\/li>\n\n\n\n<li>Inform\u00e1tica a nivel de usuario<\/li>\n\n\n\n<li>Conocimientos de ingl\u00e9s<\/li>\n\n\n\n<li>Capacidad en la b\u00fasqueda de fuentes bibliogr\u00e1ficas<\/li>\n<\/ul>\n\n\n\n<div class=\"wp-block-stackable-divider stk-block-divider stk-block stk-9cf9731\" data-block-id=\"9cf9731\"><style>.stk-9cf9731 hr.stk-block-divider__hr{width:100% !important;}<\/style><hr class=\"stk-block-divider__hr\"\/><\/div>\n\n\n\n<div class=\"wp-block-stackable-heading stk-block-heading stk-block-heading--v2 stk-block stk-ed628e4\" id=\"perfil-de-egreso\" data-block-id=\"ed628e4\"><style>.stk-ed628e4 .stk-block-heading__text{color:#5c068c !important;}<\/style><h2 class=\"stk-block-heading__text has-text-color\">Perfil de egreso<\/h2><\/div>\n\n\n\n<p>El perfil de egreso son las capacidades, los conocimientos y habilidades que debe haber adquirido el alumnado al finalizar la titulaci\u00f3n. Esta informaci\u00f3n se recoge en el apartado de&nbsp;<a href=\"https:\/\/www.ull.es\/grados\/medicina\/plan-de-estudios\/competencias\/\" target=\"_blank\" rel=\"noreferrer noopener\" target=\"_blank\" rel=\"noopener\">competencias\/resultados de aprendizaje<\/a>&nbsp;definidos para el t\u00edtulo.<\/p>\n\n\n\n<p>La formaci\u00f3n del\/la Graduado\/a en Medicina por la Universidad de la Laguna garantizar\u00e1 que los\/las estudiantes que han concluido sus estudios hayan adquirido los siguientes conocimientos y competencias propias del \u00e1mbito profesional hacia el que se orienta:<\/p>\n\n\n\n<ul class=\"wp-block-list\">\n<li>Conocimiento adecuado de las ciencias en las que se funda la medicina, as\u00ed como una buena comprensi\u00f3n de los m\u00e9todos cient\u00edficos, incluidos los principios de medida de las funciones biol\u00f3gicas, de evaluaci\u00f3n de los hechos cient\u00edficamente probados y del an\u00e1lisis de datos, que le permitan la autoformaci\u00f3n y la capacidad de progresar en la investigaci\u00f3n.<\/li>\n\n\n\n<li>Conocimiento adecuado de la estructura, funciones y comportamiento de los seres humanos, sanos y enfermos, as\u00ed como de las relaciones entre el estado de salud del hombre y su entorno f\u00edsico y social.<\/li>\n\n\n\n<li>Conocimiento adecuado de la teor\u00eda y de la pr\u00e1ctica cl\u00ednica que le proporcione una visi\u00f3n coherente de las enfermedades mentales y f\u00edsicas en sus aspectos preventivo, diagn\u00f3stico y terap\u00e9utico, as\u00ed como de la reproducci\u00f3n humana.<\/li>\n\n\n\n<li>Experiencia cl\u00ednica adecuada adquirida en hospitales bajo la oportuna supervisi\u00f3n, incluida la aptitud para una comunicaci\u00f3n efectiva y respetuosa con el paciente y su entorno.<\/li>\n\n\n\n<li>Conocimiento razonado de los principios de equidad y \u00e9tica m\u00e9dica.<\/li>\n\n\n\n<li>Capacidad de gesti\u00f3n de sus propios recursos diagn\u00f3sticos y terap\u00e9uticos y los de la sanidad p\u00fablica, as\u00ed como un conocimiento suficiente de la normativa en el \u00e1mbito de la salud.<\/li>\n<\/ul>\n\n\n\n<p>La titulaci\u00f3n de Medicina y el ejercicio profesional m\u00e9dico se encuentran estrictamente regulados en el \u00e1mbito europeo y espa\u00f1ol. La existencia de una directiva y una regulaci\u00f3n nacional determina unos objetivos y contenidos comunes en todos los pa\u00edses de la Uni\u00f3n Europea.<\/p>\n\n\n\n<p>Adicionalmente, la propia normativa prescribe la obligatoriedad de un periodo formativo pr\u00e1ctico para todo m\u00e9dico, posterior a su graduaci\u00f3n. En el caso espa\u00f1ol, dicha formaci\u00f3n sanitaria postgraduada viene siendo cubierta por el sistema MIR (M\u00e9dico Interno\/a Residente), que formaliza la especializaci\u00f3n. Puesto que el ejercicio efectivo de la medicina, al menos en el sector p\u00fablico, va a ir ligado a dicha formaci\u00f3n postgraduada, la orientaci\u00f3n general del t\u00edtulo y el perfil de egreso contempla unas capacidades generalistas t\u00e9cnicas y de aprendizaje que posibiliten el acceso a la formaci\u00f3n postgraduada con las m\u00e1ximas garant\u00edas de aprovechamiento, as\u00ed como el bagaje intelectual, social y humano que el ejercicio de la medicina demanda. Dicho de otro modo, las competencias en el momento de la graduaci\u00f3n deben ser las adecuadas para acceder y progresar en sistema de especializaci\u00f3n MIR\u201d<\/p>\n<\/div><\/div><\/div>\n<\/div><\/div>\n","protected":false},"excerpt":{"rendered":"<p>Admission and Graduation Profile Admission Profile The admission profile represents the knowledge, skills, and abilities that begin with a high school diploma. Although the medical profession, its activity in the practice of medicine, especially the clinical branch, is well-known to society, prospective students may have a general understanding\u2026<\/p>","protected":false},"author":1,"featured_media":0,"parent":252,"menu_order":1,"comment_status":"closed","ping_status":"closed","template":"templates\/template-frontpage.php","meta":{"footnotes":""},"class_list":["post-37","page","type-page","status-publish","hentry"],"_links":{"self":[{"href":"https:\/\/www.ull.es\/grados\/medicina\/en\/wp-json\/wp\/v2\/pages\/37","targetHints":{"allow":["GET"]}}],"collection":[{"href":"https:\/\/www.ull.es\/grados\/medicina\/en\/wp-json\/wp\/v2\/pages"}],"about":[{"href":"https:\/\/www.ull.es\/grados\/medicina\/en\/wp-json\/wp\/v2\/types\/page"}],"author":[{"embeddable":true,"href":"https:\/\/www.ull.es\/grados\/medicina\/en\/wp-json\/wp\/v2\/users\/1"}],"replies":[{"embeddable":true,"href":"https:\/\/www.ull.es\/grados\/medicina\/en\/wp-json\/wp\/v2\/comments?post=37"}],"version-history":[{"count":10,"href":"https:\/\/www.ull.es\/grados\/medicina\/en\/wp-json\/wp\/v2\/pages\/37\/revisions"}],"predecessor-version":[{"id":1184,"href":"https:\/\/www.ull.es\/grados\/medicina\/en\/wp-json\/wp\/v2\/pages\/37\/revisions\/1184"}],"up":[{"embeddable":true,"href":"https:\/\/www.ull.es\/grados\/medicina\/en\/wp-json\/wp\/v2\/pages\/252"}],"wp:attachment":[{"href":"https:\/\/www.ull.es\/grados\/medicina\/en\/wp-json\/wp\/v2\/media?parent=37"}],"curies":[{"name":"wp","href":"https:\/\/api.w.org\/{rel}","templated":true}]}}