{"id":518,"date":"2017-10-11T10:05:01","date_gmt":"2017-10-11T10:05:01","guid":{"rendered":"https:\/\/www.ull.es\/grados\/medicina\/?page_id=518"},"modified":"2025-11-18T16:03:19","modified_gmt":"2025-11-18T16:03:19","slug":"comisiones-de-centrotitulo","status":"publish","type":"page","link":"https:\/\/www.ull.es\/grados\/medicina\/fr\/informacion-academica\/comisiones-de-centrotitulo\/","title":{"rendered":"Commissions de centre\/de degr\u00e9"},"content":{"rendered":"\n<div class=\"wp-block-stackable-columns alignfull stk-block-columns stk-block stk-8657999\" data-block-id=\"8657999\"><style>.stk-8657999 {padding-bottom:0px !important;margin-top:-30px !important;margin-bottom:0px !important;}@media screen and (max-width: 767px){.stk-8657999 {margin-top:-10% !important;}}<\/style><div class=\"stk-row stk-inner-blocks stk-block-content stk-content-align stk-8657999-column alignfull\">\n<div class=\"wp-block-stackable-column stk-block-column stk-column stk-block stk-914f03e\" data-v=\"4\" data-block-id=\"914f03e\"><div class=\"stk-column-wrapper stk-block-column__content stk-container stk-914f03e-container stk--no-background stk--no-padding\"><div class=\"stk-block-content stk-inner-blocks stk-914f03e-inner-blocks\"><style id=\"depicter-1-inline-pre-css\">\n\n.depicter-1:not(.depicter-ready){\n\theight:500px;\n}\n\n\/***** Tablet *****\/\n@media screen and (max-width: 1024px){\n\n.depicter-1:not(.depicter-ready){\n\theight:700px;\n}\n\n}\n\/***** Mobile *****\/\n@media screen and (max-width: 767px){\n\n.depicter-1:not(.depicter-ready){\n\theight:360px;\n}\n\n}\n<\/style>\n<div id=\"depicter-1\" class=\"depicter depicter-document depicter-revert depicter-1 depicter-layout-fullwidth\">\n\n<div class=\"depicter-loading-container depicter-loading dotFlashing-dark\"><div class=\"depicter-loading-dark depicter-dot-flashing\">\n   <span><\/span>\n   <span><\/span>\n   <span><\/span>\n<\/div>\n<\/div>\n<div id=\"depicter-1-section-1\" class=\"depicter-section depicter-1-section-1\" data-name=\"Section 1\" data-type=\"section\" data-local-id=\"section-1\">\n<picture class=\"depicter-bg\">\n<source data-depicter-srcset=\"https:\/\/www.ull.es\/grados\/medicina\/wp-content\/uploads\/sites\/5\/2025\/03\/Slider_Medicina-768x248.jpg, https:\/\/www.ull.es\/grados\/medicina\/wp-content\/uploads\/sites\/5\/2025\/03\/Slider_Medicina.jpg 2x\" srcset=\"data:image\/gif;base64,R0lGODlhAQABAIAAAAAAAP\/\/\/yH5BAEAAAAALAAAAAABAAEAAAIBRAA7\" media=\"(max-width: 1024px)\" \/>\n\n<source data-depicter-srcset=\"https:\/\/www.ull.es\/grados\/medicina\/wp-content\/uploads\/sites\/5\/2025\/03\/Slider_Medicina.jpg, https:\/\/www.ull.es\/grados\/medicina\/wp-content\/uploads\/sites\/5\/2025\/03\/Slider_Medicina-1920x620.jpg 2x\" srcset=\"data:image\/gif;base64,R0lGODlhAQABAIAAAAAAAP\/\/\/yH5BAEAAAAALAAAAAABAAEAAAIBRAA7\" media=\"(min-width: 1025px)\" \/>\n<img decoding=\"async\" src=\"data:image\/gif;base64,R0lGODlhAQABAIAAAAAAAP\/\/\/yH5BAEAAAAALAAAAAABAAEAAAIBRAA7\" data-ken-burns=\"false\" data-tablet-ken-burns=\"false\" data-mobile-ken-burns=\"false\" alt=\"\" data-depicter-src=\"https:\/\/www.ull.es\/grados\/medicina\/wp-content\/uploads\/sites\/5\/2025\/03\/Slider_Medicina.jpg\" data-object-fit=\"custom,custom,\" data-object-position=\"center top,,\" data-crop=\"{'focalPoint':{'x':0.5,'y':0.5},'mediaSize':{'width':1393.54838709677414954057894647121429443359375,'height':450}}\" data-tablet-crop=\"{'focalPoint':{'x':0.5,'y':0.5},'mediaSize':{'width':2167.7419354838712024502456188201904296875,'height':700.0000000000001136868377216160297393798828125}}\" data-mobile-crop=\"{'focalPoint':{'x':0.5,'y':0.5},'mediaSize':{'width':1114.8387096774195015314035117626190185546875,'height':360}}\" \/>\n<\/picture>\n\n\n<h1 id=\"depicter-1-element-5\" class=\"depicter-element depicter-layer depicter-1-element-5\" data-type=\"text\" data-wrap=\"true\" data-name=\"Text 2\" data-local-id=\"element-5\" data-offset=\"x:176px;y:201px;origin:tl\" data-tablet-offset=\"x:281px;y:321px;origin:tl\" data-mobile-offset=\"x:6px;y:-136px;origin:tl\" data-width=\"793px,462px,348px\" data-height=\"auto,auto,auto\" data-responsive-scale=\"true,,\">Grado en Medicina<\/h1>\n\n<div id=\"depicter-1-element-10\" class=\"depicter-element depicter-layer depicter-1-element-10\" data-type=\"shape\" data-wrap=\"true\" data-name=\"Shape 1\" data-local-id=\"element-10\" data-offset=\"x:194px;y:313px;origin:tl\" data-tablet-offset=\"x:289px;y:378px;origin:tl\" data-mobile-offset=\"x:6px;y:14px;origin:tl\" data-width=\"758px,442px,245px\" data-height=\"8px,8px,8px\" data-responsive-scale=\"true,,\"><\/div>\n<\/div>\n<\/div>\n<script>\n(window.depicterSetups = window.depicterSetups || []).push(function(){\n\tDepicter.basePath = 'https:\/\/www.ull.es\/grados\/medicina\/wp-content\/plugins\/depicter\/resources\/scripts\/player\/';\n\tconst dpPlayer = Depicter.setup('.depicter-1',\n\t\t{\"width\":[\"1200\",\"1024\",\"360\"],\"height\":[\"500\",\"700\",\"360\"],\"view\":\"basic\",\"keepAspectRatio\":true,\"preload\":0,\"layout\":\"fullwidth\",\"rtl\":false,\"initAfterAppear\":false,\"ajaxApiUrl\":\"https:\\\/\\\/www.ull.es\\\/grados\\\/medicina\\\/wp-admin\\\/admin-ajax.php\",\"mouseSwipe\":true,\"touchSwipe\":true,\"useWatermark\":false}\n\t);\n});\n<\/script><\/div><\/div><\/div>\n<\/div><\/div>\n\n\n\n<div class=\"wp-block-stackable-columns alignfull stk-block-columns stk--hide-mobile stk-block stk-ceecbdc stk-block-background\" data-block-id=\"ceecbdc\"><style>.stk-ceecbdc {background-color:#360060 !important;padding-top:35px !important;padding-right:0px !important;padding-bottom:2px !important;padding-left:0px !important;margin-top:-20px !important;margin-bottom:70px !important;}.stk-ceecbdc:before{background-color:#360060 !important;}<\/style><div class=\"stk-row stk-inner-blocks stk-block-content stk-content-align stk-ceecbdc-column alignfull\">\n<div class=\"wp-block-stackable-column stk-block-column stk-column stk-block stk-fc60a5d\" data-v=\"4\" data-block-id=\"fc60a5d\"><div class=\"stk-column-wrapper stk-block-column__content stk-container stk-fc60a5d-container stk--no-background stk--no-padding\"><div class=\"stk-block-content stk-inner-blocks stk-fc60a5d-inner-blocks\">\n<div class=\"wp-block-stackable-spacer stk-block-spacer stk--no-padding stk-block stk-a3a8a68\" data-block-id=\"a3a8a68\"><style>.stk-a3a8a68 {height:0px !important;}<\/style><\/div>\n<\/div><\/div><\/div>\n<\/div><\/div>\n\n\n\n<div class=\"wp-block-stackable-columns stk-block-columns stk-block stk-8b59b96\" data-block-id=\"8b59b96\"><style>.stk-8b59b96 .stk--block-align-8b59b96{align-items:flex-start !important;}.stk-8b59b96 {margin-top:25px !important;}.stk-8b59b96-column{--stk-columns-spacing:0px !important;--stk-column-gap:50px !important;}@media screen and (max-width: 767px){.stk-8b59b96-column{row-gap:var(--stk--preset--spacing--60, 2.25rem) !important;}}<\/style><div class=\"stk-row stk-inner-blocks stk--block-align-8b59b96 stk-block-content stk-content-align stk-8b59b96-column\">\n<div class=\"wp-block-stackable-column stk-block-column stk-column stk-block stk-dbb7e15\" data-v=\"4\" data-block-id=\"dbb7e15\"><div class=\"stk-column-wrapper stk-block-column__content stk-container stk-dbb7e15-container stk--no-background stk--no-padding\"><div class=\"stk-block-content stk-inner-blocks stk-dbb7e15-inner-blocks\">\n<div class=\"wp-block-stackable-heading stk-block-heading stk-block-heading--v2 stk-block stk-689c258\" id=\"comisiones-de-centro-titulo\" data-block-id=\"689c258\"><style>.stk-689c258 .stk-block-heading__text{color:#5c068c !important;}<\/style><h1 class=\"stk-block-heading__text has-text-color\">Comisiones de centro\/t\u00edtulo<\/h1><\/div>\n\n\n\n<style>\n.hoverable {\n  transition: transform 0.3s, box-shadow 0.3s;\n  cursor: pointer;\n}\n.hoverable:hover {\n  transform: scale(1.02);\n  box-shadow: 0 0.5rem 1rem rgba(0,0,0,0.25);\n  \/* Mantiene el color de fondo original *\/\n}\n<\/style>\n\n<!-- Tabla general con estilo similar -->\n<table class=\"table table-bordered table-striped align-middle text-center shadow-sm rounded overflow-hidden table-hover-effect\" style=\"border-collapse: separate; border-spacing: 0; box-shadow: 0 0.5rem 1rem rgba(0,0,0,0.15); border-radius:2rem; width:100%;\">\n  <tbody>\n    <tr style=\"background-color:#360060; color:#fff;\">\n      <td colspan=\"10\" class=\"hoverable fw-bold\" style=\"width:30%; font-weight:bold; border-top-left-radius: 1.5rem; border-top-right-radius: 1.5rem;\">Comisi\u00f3n de Titulaci\u00f3n de Medicina<\/td>\n    <\/tr>\n    <tr style=\"background-color:#f8f9fa;\">\n      <td class=\"hoverable\" style=\"font-weight: bold;\">Decano<\/td>\n      <td class=\"hoverable\">Jos\u00e9 Luis Pais Brito<\/td>\n    <\/tr>\n    <tr style=\"background-color:#f8f9fa;\">\n      <td class=\"hoverable\" style=\"font-weight: bold;\">Secretaria<\/a><\/td>\n      <td class=\"hoverable\">M\u00aa Candelaria Mart\u00edn Gonz\u00e1lez<\/td>\n    <\/tr>\n    <tr style=\"background-color:#f8f9fa;\">\n      <td class=\"hoverable\" style=\"font-weight: bold;\">Prof. Medicina<\/td>\n      <td class=\"hoverable\">Jos\u00e9 David Machado Ponce<\/td>\n    <\/tr>\n    <tr style=\"background-color:#f8f9fa;\">\n      <td class=\"hoverable\" style=\"font-weight: bold;\">Vic. Medicina<\/td>\n      <td class=\"hoverable\">Agust\u00edn Valenzuela Fern\u00e1ndez<\/td>\n    <\/tr>\n    <tr style=\"background-color:#f8f9fa;\">\n      <td class=\"hoverable\" style=\"font-weight: bold;\">Prof. Medicina<\/td>\n      <td class=\"hoverable\">Ciro Casanova Macario<\/td>\n    <\/tr>\n    <tr style=\"background-color:#f8f9fa;\">\n      <td class=\"hoverable\" style=\"font-weight: bold;\">Prof. Medicina<\/td>\n      <td class=\"hoverable\">Jos\u00e9 Luis Carrasco Juan<\/td>\n    <\/tr>\n    <tr style=\"background-color:#f8f9fa;\">\n      <td class=\"hoverable\" style=\"font-weight: bold;\">Prof. Medicina<\/td>\n      <td class=\"hoverable\">Fernando Ot\u00f3n S\u00e1nchez<\/td>\n    <\/tr>\n    <tr style=\"background-color:#f8f9fa;\">\n      <td class=\"hoverable\" style=\"font-weight: bold;\">Prof. Medicina<\/td>\n      <td class=\"hoverable\">Judith L\u00f3pez Fern\u00e1ndez<\/td>\n    <\/tr>\n    <tr style=\"background-color:#f8f9fa;\">\n      <td class=\"hoverable\" style=\"font-weight: bold;\">Prof. Medicina<\/td>\n      <td class=\"hoverable\">Arturo Hardisson de la Torre<\/td>\n    <\/tr>\n    <tr style=\"background-color:#f8f9fa;\">\n      <td class=\"hoverable\" style=\"font-weight: bold;\">Prof. Medicina<\/td>\n      <td class=\"hoverable\">Guillermo Burillo Putze<\/td>\n    <\/tr>\n    <tr style=\"background-color:#f8f9fa;\">\n      <td class=\"hoverable\" style=\"font-weight: bold;\">Estudiante<\/td>\n      <td class=\"hoverable\">Gisela Saavedra Rocamora<\/td>\n    <\/tr>\n    <tr style=\"background-color:#f8f9fa;\">\n      <td class=\"hoverable\" style=\"font-weight: bold;\">Estudiante<\/td>\n      <td class=\"hoverable\">Kevin Ben\u00edtez Herrer<\/td>\n    <\/tr>\n    <tr style=\"background-color:#f8f9fa;\">\n      <td class=\"hoverable\" style=\"font-weight: bold;\">Administrador<\/td>\n      <td class=\"hoverable\">Juan Miguel Segovia Bonnet<\/td>\n    <\/tr>\n  <\/tbody>\n<\/table>\n\n\n\n<style>\n.hoverable {\n  transition: transform 0.3s, box-shadow 0.3s;\n  cursor: pointer;\n}\n.hoverable:hover {\n  transform: scale(1.02);\n  box-shadow: 0 0.5rem 1rem rgba(0,0,0,0.25);\n  \/* Mantiene el color de fondo original *\/\n}\n<\/style>\n\n<!-- Tabla general con estilo similar -->\n<table class=\"table table-bordered table-striped align-middle text-center shadow-sm rounded overflow-hidden table-hover-effect\" style=\"border-collapse: separate; border-spacing: 0; box-shadow: 0 0.5rem 1rem rgba(0,0,0,0.15); border-radius:2rem; width:100%;\">\n  <tbody>\n    <tr style=\"background-color:#360060; color:#fff;\">\n      <td colspan=\"10\" class=\"hoverable fw-bold\" style=\"width:30%; font-weight:bold; border-top-left-radius: 1.5rem; border-top-right-radius: 1.5rem;\">Comisi\u00f3n de Calidad e Innovaci\u00f3n<\/td>\n    <\/tr>\n    <tr style=\"background-color:#f8f9fa;\">\n      <td class=\"hoverable\" style=\"font-weight: bold;\">Vic. Calidad Medicina<\/td>\n      <td class=\"hoverable\">Miriam Gonz\u00e1lez G\u00f3mez<\/td>\n    <\/tr>\n    <tr style=\"background-color:#f8f9fa;\">\n      <td class=\"hoverable\" style=\"font-weight: bold;\">Prof. Medicina<\/a><\/td>\n      <td class=\"hoverable\">Emilio Sanz \u00c1lvarez<\/td>\n    <\/tr>\n    <tr style=\"background-color:#f8f9fa;\">\n      <td class=\"hoverable\" style=\"font-weight: bold;\">Prof. Medicina<\/td>\n      <td class=\"hoverable\">Mario Ulises Herrera P\u00e9rez<\/td>\n    <\/tr>\n    <tr style=\"background-color:#f8f9fa;\">\n      <td class=\"hoverable\" style=\"font-weight: bold;\">Prof. Medicina<\/td>\n      <td class=\"hoverable\">Mar\u00eda Candelaria Mart\u00edn Gonz\u00e1lez<\/td>\n    <\/tr>\n    <tr style=\"background-color:#f8f9fa;\">\n      <td class=\"hoverable\" style=\"font-weight: bold;\">Prof. Medicina<\/td>\n      <td class=\"hoverable\">Luciano Delgado Plasencia<\/td>\n    <\/tr>\n    <tr style=\"background-color:#f8f9fa;\">\n      <td class=\"hoverable\" style=\"font-weight: bold;\">Prof. Medicina<\/td>\n      <td class=\"hoverable\">Manuel Hern\u00e1ndez Guerra de Aguilar<\/td>\n    <\/tr>\n    <tr style=\"background-color:#f8f9fa;\">\n      <td class=\"hoverable\" style=\"font-weight: bold;\">Estudiante<\/td>\n      <td class=\"hoverable\">Jessica Paola M\u00e1rquez Mart\u00edn<\/td>\n    <\/tr>\n    <tr style=\"background-color:#f8f9fa;\">\n      <td class=\"hoverable\" style=\"font-weight: bold;\">Administrador<\/td>\n      <td class=\"hoverable\">Juan Miguel Segovia Bonnet<\/td>\n    <\/tr>\n  <\/tbody>\n<\/table>\n\n\n\n<style>\n.hoverable {\n  transition: transform 0.3s, box-shadow 0.3s;\n  cursor: pointer;\n}\n.hoverable:hover {\n  transform: scale(1.02);\n  box-shadow: 0 0.5rem 1rem rgba(0,0,0,0.25);\n  \/* Mantiene el color de fondo original *\/\n}\n<\/style>\n\n<!-- Tabla general con estilo similar -->\n<table class=\"table table-bordered table-striped align-middle text-center shadow-sm rounded overflow-hidden table-hover-effect\" style=\"border-collapse: separate; border-spacing: 0; box-shadow: 0 0.5rem 1rem rgba(0,0,0,0.15); border-radius:2rem; width:100%;\">\n  <tbody>\n    <tr style=\"background-color:#360060; color:#fff;\">\n      <td colspan=\"10\" class=\"hoverable fw-bold\" style=\"width:30%; font-weight:bold; border-top-left-radius: 1.5rem; border-top-right-radius: 1.5rem;\">Comisi\u00f3n de TFG de Medicina<\/td>\n    <\/tr>\n    <tr style=\"background-color:#f8f9fa;\">\n      <td class=\"hoverable\" style=\"font-weight: bold;\">Vic. Calidad Medicina<\/td>\n      <td class=\"hoverable\">Jos\u00e9 David Machado Ponce<\/td>\n    <\/tr>\n    <tr style=\"background-color:#f8f9fa;\">\n      <td class=\"hoverable\" style=\"font-weight: bold;\">Coordinador TFG<\/a><\/td>\n      <td class=\"hoverable\">Mario Ulises Herrera P\u00e9rez<\/td>\n    <\/tr>\n    <tr style=\"background-color:#f8f9fa;\">\n      <td class=\"hoverable\" style=\"font-weight: bold;\">Prof. Medicina<\/td>\n      <td class=\"hoverable\">Ciro Casanova Macario<\/td>\n    <\/tr>\n    <tr style=\"background-color:#f8f9fa;\">\n      <td class=\"hoverable\" style=\"font-weight: bold;\">Prof. Medicina<\/td>\n      <td class=\"hoverable\">Araceli Fern\u00e1ndez Rodr\u00edguez<\/td>\n    <\/tr>\n    <tr style=\"background-color:#f8f9fa;\">\n      <td class=\"hoverable\" style=\"font-weight: bold;\">Prof. Medicina<\/td>\n      <td class=\"hoverable\">Luciano Delgado Plasencia<\/td>\n    <\/tr>\n  <\/tbody>\n<\/table>\n\n\n\n<style>\n.hoverable {\n  transition: transform 0.3s, box-shadow 0.3s;\n  cursor: pointer;\n}\n.hoverable:hover {\n  transform: scale(1.02);\n  box-shadow: 0 0.5rem 1rem rgba(0,0,0,0.25);\n  \/* Mantiene el color de fondo original *\/\n}\n<\/style>\n\n<!-- Tabla general con estilo similar -->\n<table class=\"table table-bordered table-striped align-middle text-center shadow-sm rounded overflow-hidden table-hover-effect\" style=\"border-collapse: separate; border-spacing: 0; box-shadow: 0 0.5rem 1rem rgba(0,0,0,0.15); border-radius:2rem; width:100%;\">\n  <tbody>\n    <tr style=\"background-color:#360060; color:#fff;\">\n      <td colspan=\"10\" class=\"hoverable fw-bold\" style=\"width:30%; font-weight:bold; border-top-left-radius: 1.5rem; border-top-right-radius: 1.5rem;\">Comisi\u00f3n REC Medicina<\/td>\n    <\/tr>\n    <tr style=\"background-color:#f8f9fa;\">\n      <td class=\"hoverable\" style=\"font-weight: bold;\">Vic. Calidad Medicina<\/td>\n      <td class=\"hoverable\">Jos\u00e9 David Machado Ponce<\/td>\n    <\/tr>\n    <tr style=\"background-color:#f8f9fa;\">\n      <td class=\"hoverable\" style=\"font-weight: bold;\">Administrador<\/td>\n      <td class=\"hoverable\">Juan Miguel Segovia Bonnet<\/td>\n    <\/tr>\n    <tr style=\"background-color:#f8f9fa;\">\n      <td class=\"hoverable\" style=\"font-weight: bold;\">Prof. Medicina<\/td>\n      <td class=\"hoverable\">Herminia P\u00e9rez Gonz\u00e1lez<\/td>\n    <\/tr>\n    <tr style=\"background-color:#f8f9fa;\">\n      <td class=\"hoverable\" style=\"font-weight: bold;\">Prof. Medicina<\/td>\n      <td class=\"hoverable\">Yvelise Barrios del Pino<\/td>\n    <\/tr>\n    <tr style=\"background-color:#f8f9fa;\">\n      <td class=\"hoverable\" style=\"font-weight: bold;\">Prof. Medicina<\/td>\n      <td class=\"hoverable\">Miriam Gonz\u00e1lez G\u00f3mez<\/td>\n    <\/tr>\n  <\/tbody>\n<\/table>\n\n\n\n<style>\n.hoverable {\n  transition: transform 0.3s, box-shadow 0.3s;\n  cursor: pointer;\n}\n.hoverable:hover {\n  transform: scale(1.02);\n  box-shadow: 0 0.5rem 1rem rgba(0,0,0,0.25);\n  \/* Mantiene el color de fondo original *\/\n}\n<\/style>\n\n<!-- Tabla general con estilo similar -->\n<table class=\"table table-bordered table-striped align-middle text-center shadow-sm rounded overflow-hidden table-hover-effect\" style=\"border-collapse: separate; border-spacing: 0; box-shadow: 0 0.5rem 1rem rgba(0,0,0,0.15); border-radius:2rem; width:100%;\">\n  <tbody>\n    <tr style=\"background-color:#360060; color:#fff;\">\n      <td colspan=\"10\" class=\"hoverable fw-bold\" style=\"width:30%; font-weight:bold; border-top-left-radius: 1.5rem; border-top-right-radius: 1.5rem;\">Comisi\u00f3n de Asuntos Econ\u00f3micos, Infraestructuras y sostenibilidad Medicina<\/td>\n    <\/tr>\n    <tr style=\"background-color:#f8f9fa;\">\n      <td class=\"hoverable\" style=\"font-weight: bold;\">Decano<\/td>\n      <td class=\"hoverable\">Jos\u00e9 Luis Pais Brito<\/td>\n    <\/tr>\n    <tr style=\"background-color:#f8f9fa;\">\n      <td class=\"hoverable\" style=\"font-weight: bold;\">Secretaria<\/td>\n      <td class=\"hoverable\">JMar\u00eda Candelaria Mart\u00edn Gonz\u00e1lez<\/td>\n    <\/tr>\n    <tr style=\"background-color:#f8f9fa;\">\n      <td class=\"hoverable\" style=\"font-weight: bold;\">Vic. Medicina<\/td>\n      <td class=\"hoverable\">Jos\u00e9 David Machado Ponce<\/td>\n    <\/tr>\n    <tr style=\"background-color:#f8f9fa;\">\n      <td class=\"hoverable\" style=\"font-weight: bold;\">Prof. Medicina<\/td>\n      <td class=\"hoverable\">Federico D\u00edaz Gonz\u00e1lez<\/td>\n    <\/tr>\n    <tr style=\"background-color:#f8f9fa;\">\n      <td class=\"hoverable\" style=\"font-weight: bold;\">Prof. Medicina<\/td>\n      <td class=\"hoverable\">Jos\u00e9 Luis Carrasco Juan<\/td>\n    <\/tr>\n    <tr style=\"background-color:#f8f9fa;\">\n      <td class=\"hoverable\" style=\"font-weight: bold;\">Prof. Medicina<\/td>\n      <td class=\"hoverable\">Julio M. Plata Bello<\/td>\n    <\/tr>\n    <tr style=\"background-color:#f8f9fa;\">\n      <td class=\"hoverable\" style=\"font-weight: bold;\">Prof. Medicina<\/td>\n      <td class=\"hoverable\">Judith Est\u00e9vez Herrera<\/td>\n    <\/tr>\n    <tr style=\"background-color:#f8f9fa;\">\n      <td class=\"hoverable\" style=\"font-weight: bold;\">Prof. Medicina<\/td>\n      <td class=\"hoverable\">Marcos Exp\u00f3sito Rodr\u00edguez<\/td>\n    <\/tr>\n    <tr style=\"background-color:#f8f9fa;\">\n      <td class=\"hoverable\" style=\"font-weight: bold;\">Estudiante<\/td>\n      <td class=\"hoverable\">Jorge Calvo Gonz\u00e1lez<\/td>\n    <\/tr>\n    <tr style=\"background-color:#f8f9fa;\">\n      <td class=\"hoverable\" style=\"font-weight: bold;\">Estudiante<\/td>\n      <td class=\"hoverable\">Luis Rodr\u00edguez Fagundo<\/td>\n    <\/tr>\n    <tr style=\"background-color:#f8f9fa;\">\n      <td class=\"hoverable\" style=\"font-weight: bold;\">Administrador<\/td>\n      <td class=\"hoverable\">Juan Miguel Segovia Bonnet<\/td>\n    <\/tr>\n  <\/tbody>\n<\/table>\n\n\n\n<style>\n.hoverable {\n  transition: transform 0.3s, box-shadow 0.3s;\n  cursor: pointer;\n}\n.hoverable:hover {\n  transform: scale(1.02);\n  box-shadow: 0 0.5rem 1rem rgba(0,0,0,0.25);\n  \/* Mantiene el color de fondo original *\/\n}\n<\/style>\n\n<!-- Tabla general con estilo similar -->\n<table class=\"table table-bordered table-striped align-middle text-center shadow-sm rounded overflow-hidden table-hover-effect\" style=\"border-collapse: separate; border-spacing: 0; box-shadow: 0 0.5rem 1rem rgba(0,0,0,0.15); border-radius:2rem; width:100%;\">\n  <tbody>\n    <tr style=\"background-color:#360060; color:#fff;\">\n      <td colspan=\"10\" class=\"hoverable fw-bold\" style=\"width:30%; font-weight:bold; border-top-left-radius: 1.5rem; border-top-right-radius: 1.5rem;\">Comisi\u00f3n de Movilidad Medicina<\/td>\n    <\/tr>\n    <tr style=\"background-color:#f8f9fa;\">\n      <td class=\"hoverable\" style=\"font-weight: bold;\">Movilidad Internacional<\/td>\n      <td class=\"hoverable\">Cristian D. Modro\u00f1o Pascual<\/td>\n    <\/tr>\n    <tr style=\"background-color:#f8f9fa;\">\n      <td class=\"hoverable\" style=\"font-weight: bold;\">Coordinador Movilidad SICUE<\/td>\n      <td class=\"hoverable\">Manuel Morales Gonz\u00e1lez<\/td>\n    <\/tr>\n    <tr style=\"background-color:#f8f9fa;\">\n      <td class=\"hoverable\" style=\"font-weight: bold;\">Estudiante<\/td>\n      <td class=\"hoverable\">Kiana Zand<\/td>\n    <\/tr>\n    <tr style=\"background-color:#f8f9fa;\">\n      <td class=\"hoverable\" style=\"font-weight: bold;\">Administrador<\/td>\n      <td class=\"hoverable\">Juan Miguel Segovia Bonnet<\/td>\n    <\/tr>\n  <\/tbody>\n<\/table>\n<\/div><\/div><\/div>\n<\/div><\/div>\n","protected":false},"excerpt":{"rendered":"<p>Comit\u00e9s des centres\/dipl\u00f4mes Comit\u00e9 des dipl\u00f4mes de m\u00e9decine Doyen Jos\u00e9 Luis Pais Brito Secr\u00e9taire M\u00aa Candelaria Mart\u00edn Gonz\u00e1lez Professeur de m\u00e9decine Jos\u00e9 David Machado Ponce Vice-professeur de m\u00e9decine Agust\u00edn Valenzuela Fern\u00e1ndez Professeur de m\u00e9decine Ciro Casanova Macario Professeur de m\u00e9decine Jos\u00e9 Luis Carrasco Juan Professeur de m\u00e9decine Fernando Ot\u00f3n S\u00e1nchez Professeur de m\u00e9decine Judith L\u00f3pez Fern\u00e1ndez Professeur de m\u00e9decine Arturo Hardisson de\u2026<\/p>","protected":false},"author":1,"featured_media":0,"parent":252,"menu_order":7,"comment_status":"closed","ping_status":"closed","template":"templates\/template-frontpage.php","meta":{"footnotes":""},"class_list":["post-518","page","type-page","status-publish","hentry"],"_links":{"self":[{"href":"https:\/\/www.ull.es\/grados\/medicina\/fr\/wp-json\/wp\/v2\/pages\/518","targetHints":{"allow":["GET"]}}],"collection":[{"href":"https:\/\/www.ull.es\/grados\/medicina\/fr\/wp-json\/wp\/v2\/pages"}],"about":[{"href":"https:\/\/www.ull.es\/grados\/medicina\/fr\/wp-json\/wp\/v2\/types\/page"}],"author":[{"embeddable":true,"href":"https:\/\/www.ull.es\/grados\/medicina\/fr\/wp-json\/wp\/v2\/users\/1"}],"replies":[{"embeddable":true,"href":"https:\/\/www.ull.es\/grados\/medicina\/fr\/wp-json\/wp\/v2\/comments?post=518"}],"version-history":[{"count":34,"href":"https:\/\/www.ull.es\/grados\/medicina\/fr\/wp-json\/wp\/v2\/pages\/518\/revisions"}],"predecessor-version":[{"id":1205,"href":"https:\/\/www.ull.es\/grados\/medicina\/fr\/wp-json\/wp\/v2\/pages\/518\/revisions\/1205"}],"up":[{"embeddable":true,"href":"https:\/\/www.ull.es\/grados\/medicina\/fr\/wp-json\/wp\/v2\/pages\/252"}],"wp:attachment":[{"href":"https:\/\/www.ull.es\/grados\/medicina\/fr\/wp-json\/wp\/v2\/media?parent=518"}],"curies":[{"name":"wp","href":"https:\/\/api.w.org\/{rel}","templated":true}]}}