{"id":285,"date":"2017-07-11T13:40:30","date_gmt":"2017-07-11T13:40:30","guid":{"rendered":"http:\/\/www.ull.es\/masteres\/desarrollo-y-gestion-de-recursos-humanos\/?page_id=285"},"modified":"2018-06-07T09:36:26","modified_gmt":"2018-06-07T09:36:26","slug":"profesorado-y-recursos","status":"publish","type":"page","link":"https:\/\/www.ull.es\/grados\/nautica-transportes-maritimos\/fr\/profesorado-y-recursos\/","title":{"rendered":"Facult\u00e9 et ressources"},"content":{"rendered":"<p>[vc_row][vc_column][vc_column_text]<\/p>\n<h1>Profesorado y Recursos<\/h1>\n<p>[\/vc_column_text][\/vc_column][\/vc_row][vc_row][vc_column width=\u00bb2\/3&#8243;][vc_column_text]<\/p>\n<ul>\n<li><a href=\"https:\/\/www.ull.es\/grados\/nautica-transportes-maritimos\/profesorado-y-recursos\/profesorado\/\" target=\"_blank\" rel=\"noopener\">Profesorado<\/a><\/li>\n<li><a href=\"https:\/\/www.ull.es\/grados\/nautica-transportes-maritimos\/profesorado-y-recursos\/personal-de-apoyo-a-la-docencia\/\" target=\"_blank\" rel=\"noopener\">Personal de Apoyo a la Docencia<\/a><\/li>\n<li><a href=\"https:\/\/www.ull.es\/grados\/nautica-transportes-maritimos\/profesorado-y-recursos\/recursos-materiales-e-infraestructuras\/\" target=\"_blank\" rel=\"noopener\">Recursos materiales e infraestructuras<\/a><\/li>\n<li><a href=\"https:\/\/www.ull.es\/grados\/nautica-transportes-maritimos\/profesorado-y-recursos\/servicios\/\" target=\"_blank\" rel=\"noopener\">Servicios<\/a><\/li>\n<\/ul>\n<p>[\/vc_column_text][\/vc_column][vc_column width=\u00bb1\/3&#8243;][vc_column_text]\n<ul class=\"widget-box\">\n<li class='contacto-header'>Informaci\u00f3n de contacto<\/li><li><i class=\"fa fa-map-marker\"><\/i> Avenida \u00c1ngel Guimer\u00e1 Jorge, s\/n. Escuela Polit\u00e9cnica Superior de Ingenier\u00eda. Apartado 456. C\u00f3digo postal 38200. San Crist\u00f3bal de La Laguna. S\/C de Tenerife<\/li><li><i class=\"fa fa-phone\"><\/i> (+34) 922 31 81 95<\/li><li><i class=\"fa fa-envelope\"><\/i>  <a href=mailto:direcepsi@ull.es>direcepsi@ull.es<\/a><\/li><li><i class=\"fa fa-globe\"><\/i><a href=\"https:\/\/www.ull.es\/centros\/escuela-politecnica-superior-de-ingenieria\/informacion-general\/infraestructuras-y-servicios\/infraestructuras-y-servicios-nautica-maquinas-y-radioelectronica-naval\/\"> Web de Escuela Polit\u00e9cnica Superior de Ingenier\u00eda<\/a><\/li>\n<\/ul>\n\n[\/vc_column_text][\/vc_column][\/vc_row]<\/p>\n","protected":false},"excerpt":{"rendered":"<p>[vc_row][vc_column][vc_column_text] Profesorado y Recursos [\/vc_column_text][\/vc_column][\/vc_row][vc_row][vc_column width=\u00bb2\/3&#8243;][vc_column_text] Profesorado Personal de Apoyo a la Docencia Recursos materiales e infraestructuras Servicios [\/vc_column_text][\/vc_column][vc_column width=\u00bb1\/3&#8243;][vc_column_text][\/vc_column_text][\/vc_column][\/vc_row]<\/p>\n","protected":false},"author":1,"featured_media":0,"parent":0,"menu_order":0,"comment_status":"closed","ping_status":"closed","template":"","meta":{"footnotes":""},"class_list":["post-285","page","type-page","status-publish","hentry"],"_links":{"self":[{"href":"https:\/\/www.ull.es\/grados\/nautica-transportes-maritimos\/fr\/wp-json\/wp\/v2\/pages\/285","targetHints":{"allow":["GET"]}}],"collection":[{"href":"https:\/\/www.ull.es\/grados\/nautica-transportes-maritimos\/fr\/wp-json\/wp\/v2\/pages"}],"about":[{"href":"https:\/\/www.ull.es\/grados\/nautica-transportes-maritimos\/fr\/wp-json\/wp\/v2\/types\/page"}],"author":[{"embeddable":true,"href":"https:\/\/www.ull.es\/grados\/nautica-transportes-maritimos\/fr\/wp-json\/wp\/v2\/users\/1"}],"replies":[{"embeddable":true,"href":"https:\/\/www.ull.es\/grados\/nautica-transportes-maritimos\/fr\/wp-json\/wp\/v2\/comments?post=285"}],"version-history":[{"count":1,"href":"https:\/\/www.ull.es\/grados\/nautica-transportes-maritimos\/fr\/wp-json\/wp\/v2\/pages\/285\/revisions"}],"predecessor-version":[{"id":688,"href":"https:\/\/www.ull.es\/grados\/nautica-transportes-maritimos\/fr\/wp-json\/wp\/v2\/pages\/285\/revisions\/688"}],"wp:attachment":[{"href":"https:\/\/www.ull.es\/grados\/nautica-transportes-maritimos\/fr\/wp-json\/wp\/v2\/media?parent=285"}],"curies":[{"name":"wp","href":"https:\/\/api.w.org\/{rel}","templated":true}]}}