{"id":1135,"date":"2024-07-24T08:26:23","date_gmt":"2024-07-24T08:26:23","guid":{"rendered":"https:\/\/www.ull.es\/grados\/nutricion-humana-dietetica\/?page_id=1135"},"modified":"2025-07-10T08:38:28","modified_gmt":"2025-07-10T08:38:28","slug":"curso-cero-de-matematicas","status":"publish","type":"page","link":"https:\/\/www.ull.es\/grados\/nutricion-humana-dietetica\/en\/curso-cero-de-matematicas\/","title":{"rendered":"Zero Course in Mathematics"},"content":{"rendered":"<p>[vc_row full_width=\u00bbstretch_row_content\u00bb css=\u00bb.vc_custom_1690376062396{background-color: #d0bee5 !important;background-position: center !important;background-repeat: no-repeat !important;background-size: cover !important;}\u00bb][vc_column css=\u00bb.vc_custom_1690376187434{margin-top: 20px !important;padding-top: 50px !important;}\u00bb][vc_column_text css=\u00bb.vc_custom_1721810831283{margin-top: -15px !important;padding-top: 0px !important;padding-bottom: 40px !important;}\u00bb el_class=\u00bbmatematicas\u00bb]<\/p>\n<h1 style=\"text-align: center;\"><span style=\"color: #ffffff;\"><strong>Curso Cero de Matem\u00e1ticas<\/strong><\/span><\/h1>\n<p>[\/vc_column_text][\/vc_column][\/vc_row][vc_row][vc_column][vc_empty_space height=\u00bb50px\u00bb][\/vc_column][\/vc_row][vc_row css=\u00bb.vc_custom_1690376077555{margin-top: 0px !important;}\u00bb][vc_column css=\u00bb.vc_custom_1690375988906{background-position: center !important;background-repeat: no-repeat !important;background-size: contain !important;}\u00bb][\/vc_column][\/vc_row][vc_row][vc_column width=\u00bb2\/3&#8243;][vc_tta_accordion color=\u00bbviolet\u00bb c_icon=\u00bbchevron\u00bb c_position=\u00bbright\u00bb active_section=\u00bb1&#8243; no_fill=\u00bbtrue\u00bb collapsible_all=\u00bbtrue\u00bb][vc_tta_section title=\u00bbCurso Introductorio a las Matem\u00e1ticas Universitarias\u00bb tab_id=\u00bbmatematicas-universitarias\u00bb][vc_single_image image=\u00bb1273&#8243; img_size=\u00bbfull\u00bb][vc_column_text]<\/p>\n<div><\/div>\n<div>\n<div>\n<p><b><u>Objetivos<\/u><\/b>:<\/p>\n<ul>\n<li>Proporcionar un material adaptado, organizado, y orientado para el alumnado de nuevo ingreso.<\/li>\n<li>Ofrecer, durante todo el curso acad\u00e9mico, una plataforma de estudio y aprendizaje que complemente o subsane posibles deficiencias de conocimientos necesarios, y que pueda revisarse en el momento que se detecte y se precise.<\/li>\n<\/ul>\n<p>Este\u00a0curso\u00a0se dirige al alumnado de nuevo ingreso que tenga identificado deficiencias en contenidos del curr\u00edculum de 2\u00ba de Bachillerato. Como orientaci\u00f3n, te recomendamos cursar si est\u00e1s en alguna de estas condiciones:<\/p>\n<ul>\n<li>Has obtenido en PAU o en 2\u00ba Bachillerato una puntuaci\u00f3n inferior a 7 en la asignatura Matem\u00e1ticas II.<\/li>\n<li>Has dejado sin estudiar alg\u00fan bloque del temario de la asignatura Matem\u00e1ticas II.<\/li>\n<li>Identificar claramente que tienes deficiencias en el manejo de la asignatura de matem\u00e1ticas.<\/li>\n<\/ul>\n<p><u><b>Temporalizaci\u00f3n<\/b><\/u>: Durante todo el curso acad\u00e9mico (disponible desde el 25 de julio de 2025).<\/p>\n<p><u><b>Modalidad<\/b><\/u>: Online<\/p>\n<p><u><b>Matriculaci\u00f3n<\/b><\/u>: Se les enviar\u00e1 un mensaje a los estudiantes de nuevo ingreso con las instrucciones para matricularse.<\/p>\n<p><u><b>Organizaci\u00f3n y contenidos<\/b><\/u>: Este curso es totalmente voluntario y gratuito. Se ofrece en formato online, no tiene l\u00edmite de tiempo para su realizaci\u00f3n pero recomendamos realizarlo antes del inicio oficial de las clases del curso 2025-26.<\/p>\n<p>Tiene estructura modular, y puede realizarse de forma secuencial (m\u00f3dulo a m\u00f3dulo en orden, lo que recomendamos) o de forma selectiva (los m\u00f3dulos que interesen exclusivamente, para los que deseen subsanar una deficiencia de conocimiento concreta).<br \/>\nLos contenidos del\u00a0curso\u00a0de organizan en 5 Bloques:<\/p>\n<ul>\n<li>Bloque 1: N\u00fameros y operaciones<br \/>\nN\u00fameros, exponentes, radicales y notaci\u00f3n cient\u00edfica. Expresiones algebraicas, identidades notables y ecuaciones.<\/li>\n<li>Bloque 2: Geometr\u00eda<br \/>\nFiguras planas. Cuerpos s\u00f3lidos. Superficies y vol\u00famenes. Trigonometr\u00eda. Vectores, rectas y planos en el plano y el espacio.<\/li>\n<li>Bloque 3: \u00c1lgebra<br \/>\nMatrices y sistemas de ecuaciones lineales. \u00c1lgebra de matrices. Inversas de matrices y ecuaciones matriciales. Determinantes. Regla de Cramer<\/li>\n<li>Bloque 4: Funciones. C\u00e1lculo Diferencial<br \/>\nFunciones b\u00e1sicas. Transformaciones elementales. Raz\u00f3n de cambio. L\u00edmites. Derivadas. Aplicaciones<\/li>\n<li>Bloque 5: C\u00e1lculo Integral<br \/>\nIntegraci\u00f3n indefinida: Primitivas. Integral indefinida. Integrales inmediatas. Integraci\u00f3n por sustituci\u00f3n. Integraci\u00f3n por partes. Integrales de funciones racionales.<\/li>\n<\/ul>\n<p>Puedes acceder a cada bloque en el orden que consideres, pero en cada bloque deber\u00e1s ir superando unos cuestionarios.<\/p>\n<p><u><b>Metodolog\u00eda<\/b><\/u>: Cada bloque consta de los siguientes materiales did\u00e1cticos:<\/p>\n<ul>\n<li>Apuntes en PDF: Muy visuales, muy gr\u00e1ficos, con definiciones, propiedades, ejemplos y ejercicios.<\/li>\n<li>V\u00eddeos donde se explican el material de los apuntes.<\/li>\n<li>V\u00eddeos con resoluci\u00f3n de problemas tipo.<\/li>\n<li>Hojas de problemas propuestos.<\/li>\n<li>Cuestionarios de progreso: seg\u00fan vayas consiguiendo la nota m\u00ednima en los intentos podr\u00e1s ir accediendo a los contenidos siguientes.<\/li>\n<\/ul>\n<\/div>\n<div>\n<p><u><b>Evaluaci\u00f3n y certificaci\u00f3n<\/b><\/u>: Para obtener el certificado de aprovechamiento, deber\u00e1n completarse al menos el 75% de los cuestionarios del\u00a0curso\u00a0y obtener una nota media de ellos de al menos 5 puntos. Una vez completados estos requisitos, se emitir\u00e1 un certificado acreditativo de aprovechamiento de 3 cr\u00e9ditos.<\/p>\n<p><b><u>Cr\u00e9ditos<\/u><\/b>: 3 ECTS<\/p>\n<p><b><u>Comunicaci\u00f3n<\/u><\/b>: El\u00a0curso\u00a0tiene habilitado un Foro donde podr\u00e1s plantear las dudas con respecto al desarrollo del\u00a0curso.<br \/>\nPara cualquier duda o consulta individual sobre la organizaci\u00f3n del\u00a0curso, puedes dirigirte a la coordinadora del\u00a0curso\u00a0en la direcci\u00f3n de correo:\u00a0<a href=\"mailto:cursoceromat@ull.edu.es\" target=\"_blank\" rel=\"noopener\" target=\"_blank\" rel=\"noopener\">cursoceromat@ull.edu.<wbr \/>es<\/a><\/p>\n<\/div>\n<div class=\"gmail_signature\" dir=\"ltr\" data-smartmail=\"gmail_signature\">\n<div dir=\"ltr\">\n<div dir=\"ltr\">\n<div dir=\"ltr\">\n<p>&nbsp;<\/p>\n<\/div>\n<\/div>\n<\/div>\n<\/div>\n<\/div>\n<p>[\/vc_column_text][\/vc_tta_section][\/vc_tta_accordion][\/vc_column][vc_column width=\u00bb1\/3&#8243;][vc_single_image image=\u00bb1142&#8243; img_size=\u00bbfull\u00bb alignment=\u00bbright\u00bb css=\u00bb.vc_custom_1721809932988{margin-top: -150px !important;margin-bottom: -150px !important;}\u00bb][\/vc_column][\/vc_row][vc_row][vc_column][vc_empty_space height=\u00bb30px\u00bb][\/vc_column][\/vc_row][vc_row][vc_column width=\u00bb2\/3&#8243;][vc_single_image image=\u00bb1141&#8243; img_size=\u00bb400&#215;400&#8243; css=\u00bb.vc_custom_1721809891670{margin-bottom: -100px !important;}\u00bb][\/vc_column][vc_column width=\u00bb1\/3&#8243;][\/vc_column][\/vc_row]<\/p>\n","protected":false},"excerpt":{"rendered":"<p>[vc_row full_width=\u00bbstretch_row_content\u00bb css=\u00bb.vc_custom_1690376062396{background-color: #d0bee5 !important;background-position: center !important;background-repeat: no-repeat !important;background-size: cover !important;}\u00bb][vc_column css=\u00bb.vc_custom_1690376187434{margin-top: 20px !important;padding-top: 50px !important;}\u00bb][vc_column_text css=\u00bb.vc_custom_1721810831283{margin-top: -15px !important;padding-top: 0px !important;padding-bottom: 40px !important;}\u00bb el_class=\u00bbmatematicas\u00bb] Curso Cero de Matem\u00e1ticas [\/vc_column_text][\/vc_column][\/vc_row][vc_row][vc_column][vc_empty_space height=\u00bb50px\u00bb][\/vc_column][\/vc_row][vc_row css=\u00bb.vc_custom_1690376077555{margin-top: 0px !important;}\u00bb][vc_column css=\u00bb.vc_custom_1690375988906{background-position: center !important;background-repeat: no-repeat !important;background-size: contain !important;}\u00bb][\/vc_column][\/vc_row][vc_row][vc_column width=\u00bb2\/3&#8243;][vc_tta_accordion color=\u00bbviolet\u00bb c_icon=\u00bbchevron\u00bb c_position=\u00bbright\u00bb active_section=\u00bb1&#8243; no_fill=\u00bbtrue\u00bb collapsible_all=\u00bbtrue\u00bb][vc_tta_section title=\u00bbCurso Introductorio a las Matem\u00e1ticas Universitarias\u00bb tab_id=\u00bbmatematicas-universitarias\u00bb][vc_single_image image=\u00bb1273&#8243;&#8230;<\/p>\n","protected":false},"author":53,"featured_media":0,"parent":0,"menu_order":0,"comment_status":"closed","ping_status":"closed","template":"templates\/template-frontpage.php","meta":{"footnotes":""},"class_list":["post-1135","page","type-page","status-publish","hentry"],"_links":{"self":[{"href":"https:\/\/www.ull.es\/grados\/nutricion-humana-dietetica\/en\/wp-json\/wp\/v2\/pages\/1135","targetHints":{"allow":["GET"]}}],"collection":[{"href":"https:\/\/www.ull.es\/grados\/nutricion-humana-dietetica\/en\/wp-json\/wp\/v2\/pages"}],"about":[{"href":"https:\/\/www.ull.es\/grados\/nutricion-humana-dietetica\/en\/wp-json\/wp\/v2\/types\/page"}],"author":[{"embeddable":true,"href":"https:\/\/www.ull.es\/grados\/nutricion-humana-dietetica\/en\/wp-json\/wp\/v2\/users\/53"}],"replies":[{"embeddable":true,"href":"https:\/\/www.ull.es\/grados\/nutricion-humana-dietetica\/en\/wp-json\/wp\/v2\/comments?post=1135"}],"version-history":[{"count":9,"href":"https:\/\/www.ull.es\/grados\/nutricion-humana-dietetica\/en\/wp-json\/wp\/v2\/pages\/1135\/revisions"}],"predecessor-version":[{"id":1275,"href":"https:\/\/www.ull.es\/grados\/nutricion-humana-dietetica\/en\/wp-json\/wp\/v2\/pages\/1135\/revisions\/1275"}],"wp:attachment":[{"href":"https:\/\/www.ull.es\/grados\/nutricion-humana-dietetica\/en\/wp-json\/wp\/v2\/media?parent=1135"}],"curies":[{"name":"wp","href":"https:\/\/api.w.org\/{rel}","templated":true}]}}