{"id":42,"date":"2017-06-28T13:01:59","date_gmt":"2017-06-28T13:01:59","guid":{"rendered":"http:\/\/www.ull.es\/masteres\/desarrollo-y-gestion-de-recursos-humanos\/?page_id=42"},"modified":"2025-11-17T08:27:41","modified_gmt":"2025-11-17T08:27:41","slug":"coordinacion-docente","status":"publish","type":"page","link":"https:\/\/www.ull.es\/grados\/nutricion-humana-dietetica\/en\/informacion-academica\/coordinacion-docente\/","title":{"rendered":"Teaching coordination"},"content":{"rendered":"\n<div class=\"wp-block-stackable-columns alignfull stk-block-columns stk-block stk-8657999\" data-block-id=\"8657999\"><style>.stk-8657999 {padding-bottom:0px !important;margin-top:-30px !important;margin-bottom:0px !important;}@media screen and (max-width: 767px){.stk-8657999 {margin-top:-10% !important;}}<\/style><div class=\"stk-row stk-inner-blocks stk-block-content stk-content-align stk-8657999-column alignfull\">\n<div class=\"wp-block-stackable-column stk-block-column stk-column stk-block stk-914f03e\" data-v=\"4\" data-block-id=\"914f03e\"><div class=\"stk-column-wrapper stk-block-column__content stk-container stk-914f03e-container stk--no-background stk--no-padding\"><div class=\"stk-block-content stk-inner-blocks stk-914f03e-inner-blocks\"><style id=\"depicter-1-inline-pre-css\">\n\n.depicter-1:not(.depicter-ready){\n\theight:500px;\n}\n\n\/***** Tablet *****\/\n@media screen and (max-width: 1024px){\n\n.depicter-1:not(.depicter-ready){\n\theight:700px;\n}\n\n}\n\/***** Mobile *****\/\n@media screen and (max-width: 767px){\n\n.depicter-1:not(.depicter-ready){\n\theight:360px;\n}\n\n}\n<\/style>\n<div id=\"depicter-1\" class=\"depicter depicter-document depicter-revert depicter-1 depicter-layout-fullwidth\">\n\n<div class=\"depicter-loading-container depicter-loading dotFlashing-dark\"><div class=\"depicter-loading-dark depicter-dot-flashing\">\n   <span><\/span>\n   <span><\/span>\n   <span><\/span>\n<\/div>\n<\/div>\n<div id=\"depicter-1-section-1\" class=\"depicter-section depicter-1-section-1\" data-name=\"Section 1\" data-type=\"section\" data-local-id=\"section-1\">\n<picture class=\"depicter-bg\">\n<source data-depicter-srcset=\"https:\/\/www.ull.es\/grados\/nutricion-humana-dietetica\/wp-content\/uploads\/sites\/48\/2025\/03\/Slider_Nutricion-768x248.jpg, https:\/\/www.ull.es\/grados\/nutricion-humana-dietetica\/wp-content\/uploads\/sites\/48\/2025\/03\/Slider_Nutricion.jpg 2x\" srcset=\"data:image\/gif;base64,R0lGODlhAQABAIAAAAAAAP\/\/\/yH5BAEAAAAALAAAAAABAAEAAAIBRAA7\" media=\"(max-width: 1024px)\" \/>\n\n<source data-depicter-srcset=\"https:\/\/www.ull.es\/grados\/nutricion-humana-dietetica\/wp-content\/uploads\/sites\/48\/2025\/03\/Slider_Nutricion.jpg, https:\/\/www.ull.es\/grados\/nutricion-humana-dietetica\/wp-content\/uploads\/sites\/48\/2025\/03\/Slider_Nutricion-1920x620.jpg 2x\" srcset=\"data:image\/gif;base64,R0lGODlhAQABAIAAAAAAAP\/\/\/yH5BAEAAAAALAAAAAABAAEAAAIBRAA7\" media=\"(min-width: 1025px)\" \/>\n<img decoding=\"async\" src=\"data:image\/gif;base64,R0lGODlhAQABAIAAAAAAAP\/\/\/yH5BAEAAAAALAAAAAABAAEAAAIBRAA7\" data-ken-burns=\"false\" data-tablet-ken-burns=\"false\" data-mobile-ken-burns=\"false\" alt=\"\" data-depicter-src=\"https:\/\/www.ull.es\/grados\/nutricion-humana-dietetica\/wp-content\/uploads\/sites\/48\/2025\/03\/Slider_Nutricion.jpg\" data-object-fit=\"custom,custom,\" data-object-position=\"center top,,\" data-crop=\"{'focalPoint':{'x':0.5,'y':0.59999999999999997779553950749686919152736663818359375},'mediaSize':{'width':1792,'height':578}}\" data-tablet-crop=\"{'focalPoint':{'x':0.5,'y':0.5},'mediaSize':{'width':2167.7419354838712024502456188201904296875,'height':700.0000000000001136868377216160297393798828125}}\" data-mobile-crop=\"{'focalPoint':{'x':0.5,'y':0.5},'mediaSize':{'width':1114.8387096774195015314035117626190185546875,'height':360}}\" \/>\n<\/picture>\n\n\n<h1 id=\"depicter-1-element-5\" class=\"depicter-element depicter-layer depicter-1-element-5\" data-type=\"text\" data-wrap=\"true\" data-name=\"Text 2\" data-local-id=\"element-5\" data-offset=\"x:87px;y:149px;origin:tl\" data-tablet-offset=\"x:232px;y:293px;origin:tl\" data-mobile-offset=\"x:6px;y:-136px;origin:tl\" data-width=\"1027px,589px,348px\" data-height=\"auto,auto,auto\" data-responsive-scale=\"true,,\">Grado en Nutrici\u00f3n y Diet\u00e9tica<\/h1>\n\n<div id=\"depicter-1-element-10\" class=\"depicter-element depicter-layer depicter-1-element-10\" data-type=\"shape\" data-wrap=\"true\" data-name=\"Shape 1\" data-local-id=\"element-10\" data-offset=\"x:77px;y:354px;origin:tl\" data-tablet-offset=\"x:232px;y:426px;origin:tl\" data-mobile-offset=\"x:6px;y:15px;origin:tl\" data-width=\"897px,555px,309px\" data-height=\"8px,8px,8px\" data-responsive-scale=\"true,,\"><\/div>\n<\/div>\n<\/div>\n<script>\n(window.depicterSetups = window.depicterSetups || []).push(function(){\n\tDepicter.basePath = 'https:\/\/www.ull.es\/grados\/nutricion-humana-dietetica\/wp-content\/plugins\/depicter\/resources\/scripts\/player\/';\n\tconst dpPlayer = Depicter.setup('.depicter-1',\n\t\t{\"width\":[\"1200\",\"1024\",\"360\"],\"height\":[\"500\",\"700\",\"360\"],\"view\":\"basic\",\"keepAspectRatio\":true,\"preload\":0,\"layout\":\"fullwidth\",\"rtl\":false,\"initAfterAppear\":false,\"ajaxApiUrl\":\"https:\\\/\\\/www.ull.es\\\/grados\\\/nutricion-humana-dietetica\\\/wp-admin\\\/admin-ajax.php\",\"mouseSwipe\":true,\"touchSwipe\":true,\"useWatermark\":false}\n\t);\n});\n<\/script><\/div><\/div><\/div>\n<\/div><\/div>\n\n\n\n<div class=\"wp-block-stackable-columns alignfull stk-block-columns stk--hide-mobile stk-block stk-ceecbdc stk-block-background\" data-block-id=\"ceecbdc\"><style>.stk-ceecbdc {background-color:#360060 !important;padding-top:35px !important;padding-right:0px !important;padding-bottom:2px !important;padding-left:0px !important;margin-top:-20px !important;margin-bottom:70px !important;}.stk-ceecbdc:before{background-color:#360060 !important;}<\/style><div class=\"stk-row stk-inner-blocks stk-block-content stk-content-align stk-ceecbdc-column alignfull\">\n<div class=\"wp-block-stackable-column stk-block-column stk-column stk-block stk-fc60a5d\" data-v=\"4\" data-block-id=\"fc60a5d\"><div class=\"stk-column-wrapper stk-block-column__content stk-container stk-fc60a5d-container stk--no-background stk--no-padding\"><div class=\"stk-block-content stk-inner-blocks stk-fc60a5d-inner-blocks\">\n<div class=\"wp-block-stackable-spacer stk-block-spacer stk--no-padding stk-block stk-a3a8a68\" data-block-id=\"a3a8a68\"><style>.stk-a3a8a68 {height:0px !important;}<\/style><\/div>\n<\/div><\/div><\/div>\n<\/div><\/div>\n\n\n\n<div class=\"wp-block-stackable-columns stk-block-columns stk-block stk-8b59b96\" data-block-id=\"8b59b96\"><style>.stk-8b59b96 .stk--block-align-8b59b96{align-items:flex-start !important;}.stk-8b59b96 {margin-top:25px !important;}.stk-8b59b96-column{--stk-columns-spacing:0px !important;--stk-column-gap:50px !important;}@media screen and (max-width: 767px){.stk-8b59b96-column{row-gap:var(--stk--preset--spacing--60, 2.25rem) !important;}}<\/style><div class=\"stk-row stk-inner-blocks stk--block-align-8b59b96 stk-block-content stk-content-align stk-8b59b96-column\">\n<div class=\"wp-block-stackable-column stk-block-column stk-column stk-block stk-dbb7e15\" data-v=\"4\" data-block-id=\"dbb7e15\"><div class=\"stk-column-wrapper stk-block-column__content stk-container stk-dbb7e15-container stk--no-background stk--no-padding\"><div class=\"stk-block-content stk-inner-blocks stk-dbb7e15-inner-blocks\">\n<div class=\"wp-block-stackable-heading stk-block-heading stk-block-heading--v2 stk-block stk-689c258\" id=\"coordinacion-docente\" data-block-id=\"689c258\"><style>.stk-689c258 .stk-block-heading__text{color:#5c068c !important;}<\/style><h1 class=\"stk-block-heading__text has-text-color\">Coordinaci\u00f3n docente<\/h1><\/div>\n\n\n\n<p>La Coordinaci\u00f3n docente del Grado de Nutrici\u00f3n Humana y Diet\u00e9tica se basa en las siguientes figuras: coordinador\/a de la titulaci\u00f3n, coordinador\/a de curso y coordinador\/a de asignatura.&nbsp;<\/p>\n\n\n\n<p><strong>Coordinador\/a de titulaci\u00f3n.<\/strong>&nbsp;Ser\u00e1 nombrado\/a por el\/la Decano\/a de la Facultad. Sus funciones ser\u00edan:&nbsp;<\/p>\n\n\n\n<ol class=\"wp-block-list\">\n<li>Realizar una revisi\u00f3n continua del proceso ense\u00f1anza-aprendizaje para la actualizaci\u00f3n y mejora del programa formativo de la titulaci\u00f3n.\u00a0<\/li>\n\n\n\n<li>Analizar en profundidad los posibles solapamientos o carencias que se detecten en los diferentes programas de las asignaturas que puedan tener relaci\u00f3n entre s\u00ed, con el fin de corregir estas situaciones de tal modo que el Plan de Estudios forme un todo compacto y homog\u00e9neo.\u00a0<\/li>\n\n\n\n<li>Realizar el seguimiento de la correspondencia entre las diferentes asignaturas y las competencias de la titulaci\u00f3n.\u00a0<\/li>\n<\/ol>\n\n\n\n<p><strong>Coordinador\/a de curso.<\/strong>&nbsp;Es el referente para todos\/as los\/las coordinadores\/as de asignatura de un mismo curso y su objetivo principal es coordinar la planificaci\u00f3n docente del curso. Los\/las coordinadores\/as de las asignaturas de un curso deber\u00e1n proponer a la Junta de Facultad un\/a coordinador\/a de curso; una vez aprobada la propuesta por la Junta de Facultad, ser\u00e1 nombrado por el\/la Decano\/a. Entre sus funciones se encuentran:&nbsp;&nbsp;<\/p>\n\n\n\n<ol class=\"wp-block-list\">\n<li>Convocar y moderar las reuniones con los\/las coordinadores\/as de asignatura, centralizando sus aportaciones. Estas reuniones ser\u00e1n, al menos:\n<ul class=\"wp-block-list\">\n<li>Antes de la elaboraci\u00f3n de las Gu\u00edas Docentes\u00a0<\/li>\n\n\n\n<li>Antes del inicio del cuatrimestre para planificarlo<\/li>\n\n\n\n<li>Al finalizar el cuatrimestre para realizar la evaluaci\u00f3n<\/li>\n<\/ul>\n<\/li>\n\n\n\n<li>Analizar, junto a los\/las coordinadores\/as de asignatura, los contenidos horizontales y verticales de las mismas detectando duplicidades y prestando especial atenci\u00f3n a la secuencialidad de dichos contenidos.\u00a0<\/li>\n\n\n\n<li>Armonizar la distribuci\u00f3n de la carga de trabajo del curso, difundiendo entre los\/las coordinadores\/as de las asignaturas la planificaci\u00f3n de la teor\u00eda, los problemas, los laboratorios, los seminarios, las pr\u00e1cticas de campo, las visitas, el trabajo personal, las pruebas de evaluaci\u00f3n (controles, parciales y finales) proponiendo modificaciones, si ha lugar, para una adecuada distribuci\u00f3n, etc.<\/li>\n\n\n\n<li>Colaborar con el\/la Coordinador\/a de Titulaci\u00f3n en la elaboraci\u00f3n de horarios, distribuci\u00f3n de actividades y la formaci\u00f3n de grupos por actividades\u00a0<\/li>\n<\/ol>\n\n\n\n<p><strong>Coordinador\/a de asignatura.&nbsp;<\/strong>Es la persona responsable de los aspectos organizativos de los grupos te\u00f3ricos y pr\u00e1cticos de la asignatura. Es el referente para la gesti\u00f3n de cualquier disfunci\u00f3n que pudiera darse a lo largo del curso poni\u00e9ndola en conocimiento del Director\/a del Departamento y\/o Vicedecano\/a de la Titulaci\u00f3n. Asimismo, es la persona encargada de comunicar al Coordinador\/a de curso cualquier aspecto relativo a la organizaci\u00f3n de la asignatura: modificaci\u00f3n de horarios, fechas de examen, etc.&nbsp;<\/p>\n<\/div><\/div><\/div>\n<\/div><\/div>\n","protected":false},"excerpt":{"rendered":"<p>Coordinaci\u00f3n docente La Coordinaci\u00f3n docente del Grado de Nutrici\u00f3n Humana y Diet\u00e9tica se basa en las siguientes figuras: coordinador\/a de la titulaci\u00f3n, coordinador\/a de curso y coordinador\/a de asignatura.&nbsp; Coordinador\/a de titulaci\u00f3n.&nbsp;Ser\u00e1 nombrado\/a por el\/la Decano\/a de la Facultad. Sus funciones ser\u00edan:&nbsp; Coordinador\/a de curso.&nbsp;Es el referente para todos\/as los\/las coordinadores\/as de asignatura de un&#8230;<\/p>","protected":false},"author":9,"featured_media":0,"parent":252,"menu_order":6,"comment_status":"closed","ping_status":"closed","template":"templates\/template-frontpage.php","meta":{"footnotes":""},"class_list":["post-42","page","type-page","status-publish","hentry"],"_links":{"self":[{"href":"https:\/\/www.ull.es\/grados\/nutricion-humana-dietetica\/en\/wp-json\/wp\/v2\/pages\/42","targetHints":{"allow":["GET"]}}],"collection":[{"href":"https:\/\/www.ull.es\/grados\/nutricion-humana-dietetica\/en\/wp-json\/wp\/v2\/pages"}],"about":[{"href":"https:\/\/www.ull.es\/grados\/nutricion-humana-dietetica\/en\/wp-json\/wp\/v2\/types\/page"}],"author":[{"embeddable":true,"href":"https:\/\/www.ull.es\/grados\/nutricion-humana-dietetica\/en\/wp-json\/wp\/v2\/users\/9"}],"replies":[{"embeddable":true,"href":"https:\/\/www.ull.es\/grados\/nutricion-humana-dietetica\/en\/wp-json\/wp\/v2\/comments?post=42"}],"version-history":[{"count":7,"href":"https:\/\/www.ull.es\/grados\/nutricion-humana-dietetica\/en\/wp-json\/wp\/v2\/pages\/42\/revisions"}],"predecessor-version":[{"id":1295,"href":"https:\/\/www.ull.es\/grados\/nutricion-humana-dietetica\/en\/wp-json\/wp\/v2\/pages\/42\/revisions\/1295"}],"up":[{"embeddable":true,"href":"https:\/\/www.ull.es\/grados\/nutricion-humana-dietetica\/en\/wp-json\/wp\/v2\/pages\/252"}],"wp:attachment":[{"href":"https:\/\/www.ull.es\/grados\/nutricion-humana-dietetica\/en\/wp-json\/wp\/v2\/media?parent=42"}],"curies":[{"name":"wp","href":"https:\/\/api.w.org\/{rel}","templated":true}]}}