{"id":275,"date":"2017-07-11T13:24:24","date_gmt":"2017-07-11T13:24:24","guid":{"rendered":"http:\/\/www.ull.es\/masteres\/desarrollo-y-gestion-de-recursos-humanos\/?page_id=275"},"modified":"2025-11-17T08:33:50","modified_gmt":"2025-11-17T08:33:50","slug":"movilidad","status":"publish","type":"page","link":"https:\/\/www.ull.es\/grados\/nutricion-humana-dietetica\/informacion-academica\/movilidad\/","title":{"rendered":"Movilidad"},"content":{"rendered":"\n<div class=\"wp-block-stackable-columns alignfull stk-block-columns stk-block stk-8657999\" data-block-id=\"8657999\"><style>.stk-8657999 {padding-bottom:0px !important;margin-top:-30px !important;margin-bottom:0px !important;}@media screen and (max-width: 767px){.stk-8657999 {margin-top:-10% !important;}}<\/style><div class=\"stk-row stk-inner-blocks stk-block-content stk-content-align stk-8657999-column alignfull\">\n<div class=\"wp-block-stackable-column stk-block-column stk-column stk-block stk-914f03e\" data-v=\"4\" data-block-id=\"914f03e\"><div class=\"stk-column-wrapper stk-block-column__content stk-container stk-914f03e-container stk--no-background stk--no-padding\"><div class=\"stk-block-content stk-inner-blocks stk-914f03e-inner-blocks\"><style id=\"depicter-1-inline-pre-css\">\n\n.depicter-1:not(.depicter-ready){\n\theight:500px;\n}\n\n\/***** Tablet *****\/\n@media screen and (max-width: 1024px){\n\n.depicter-1:not(.depicter-ready){\n\theight:700px;\n}\n\n}\n\/***** Mobile *****\/\n@media screen and (max-width: 767px){\n\n.depicter-1:not(.depicter-ready){\n\theight:360px;\n}\n\n}\n<\/style>\n<div id=\"depicter-1\" class=\"depicter depicter-document depicter-revert depicter-1 depicter-layout-fullwidth\">\n\n<div class=\"depicter-loading-container depicter-loading dotFlashing-dark\"><div class=\"depicter-loading-dark depicter-dot-flashing\">\n   <span><\/span>\n   <span><\/span>\n   <span><\/span>\n<\/div>\n<\/div>\n<div id=\"depicter-1-section-1\" class=\"depicter-section depicter-1-section-1\" data-name=\"Section 1\" data-type=\"section\" data-local-id=\"section-1\">\n<picture class=\"depicter-bg\">\n<source data-depicter-srcset=\"https:\/\/www.ull.es\/grados\/nutricion-humana-dietetica\/wp-content\/uploads\/sites\/48\/2025\/03\/Slider_Nutricion-768x248.jpg, https:\/\/www.ull.es\/grados\/nutricion-humana-dietetica\/wp-content\/uploads\/sites\/48\/2025\/03\/Slider_Nutricion.jpg 2x\" srcset=\"data:image\/gif;base64,R0lGODlhAQABAIAAAAAAAP\/\/\/yH5BAEAAAAALAAAAAABAAEAAAIBRAA7\" media=\"(max-width: 1024px)\" \/>\n\n<source data-depicter-srcset=\"https:\/\/www.ull.es\/grados\/nutricion-humana-dietetica\/wp-content\/uploads\/sites\/48\/2025\/03\/Slider_Nutricion.jpg, https:\/\/www.ull.es\/grados\/nutricion-humana-dietetica\/wp-content\/uploads\/sites\/48\/2025\/03\/Slider_Nutricion-1920x620.jpg 2x\" srcset=\"data:image\/gif;base64,R0lGODlhAQABAIAAAAAAAP\/\/\/yH5BAEAAAAALAAAAAABAAEAAAIBRAA7\" media=\"(min-width: 1025px)\" \/>\n<img decoding=\"async\" src=\"data:image\/gif;base64,R0lGODlhAQABAIAAAAAAAP\/\/\/yH5BAEAAAAALAAAAAABAAEAAAIBRAA7\" data-ken-burns=\"false\" data-tablet-ken-burns=\"false\" data-mobile-ken-burns=\"false\" alt=\"\" data-depicter-src=\"https:\/\/www.ull.es\/grados\/nutricion-humana-dietetica\/wp-content\/uploads\/sites\/48\/2025\/03\/Slider_Nutricion.jpg\" data-object-fit=\"custom,custom,\" data-object-position=\"center top,,\" data-crop=\"{'focalPoint':{'x':0.5,'y':0.59999999999999997779553950749686919152736663818359375},'mediaSize':{'width':1792,'height':578}}\" data-tablet-crop=\"{'focalPoint':{'x':0.5,'y':0.5},'mediaSize':{'width':2167.7419354838712024502456188201904296875,'height':700.0000000000001136868377216160297393798828125}}\" data-mobile-crop=\"{'focalPoint':{'x':0.5,'y':0.5},'mediaSize':{'width':1114.8387096774195015314035117626190185546875,'height':360}}\" \/>\n<\/picture>\n\n\n<h1 id=\"depicter-1-element-5\" class=\"depicter-element depicter-layer depicter-1-element-5\" data-type=\"text\" data-wrap=\"true\" data-name=\"Text 2\" data-local-id=\"element-5\" data-offset=\"x:87px;y:149px;origin:tl\" data-tablet-offset=\"x:232px;y:293px;origin:tl\" data-mobile-offset=\"x:6px;y:-136px;origin:tl\" data-width=\"1027px,589px,348px\" data-height=\"auto,auto,auto\" data-responsive-scale=\"true,,\">Grado en Nutrici\u00f3n y Diet\u00e9tica<\/h1>\n\n<div id=\"depicter-1-element-10\" class=\"depicter-element depicter-layer depicter-1-element-10\" data-type=\"shape\" data-wrap=\"true\" data-name=\"Shape 1\" data-local-id=\"element-10\" data-offset=\"x:77px;y:354px;origin:tl\" data-tablet-offset=\"x:232px;y:426px;origin:tl\" data-mobile-offset=\"x:6px;y:15px;origin:tl\" data-width=\"897px,555px,309px\" data-height=\"8px,8px,8px\" data-responsive-scale=\"true,,\"><\/div>\n<\/div>\n<\/div>\n<script>\n(window.depicterSetups = window.depicterSetups || []).push(function(){\n\tDepicter.basePath = 'https:\/\/www.ull.es\/grados\/nutricion-humana-dietetica\/wp-content\/plugins\/depicter\/resources\/scripts\/player\/';\n\tconst dpPlayer = Depicter.setup('.depicter-1',\n\t\t{\"width\":[\"1200\",\"1024\",\"360\"],\"height\":[\"500\",\"700\",\"360\"],\"view\":\"basic\",\"keepAspectRatio\":true,\"preload\":0,\"layout\":\"fullwidth\",\"rtl\":false,\"initAfterAppear\":false,\"ajaxApiUrl\":\"https:\\\/\\\/www.ull.es\\\/grados\\\/nutricion-humana-dietetica\\\/wp-admin\\\/admin-ajax.php\",\"mouseSwipe\":true,\"touchSwipe\":true,\"useWatermark\":false}\n\t);\n});\n<\/script><\/div><\/div><\/div>\n<\/div><\/div>\n\n\n\n<div class=\"wp-block-stackable-columns alignfull stk-block-columns stk--hide-mobile stk-block stk-ceecbdc stk-block-background\" data-block-id=\"ceecbdc\"><style>.stk-ceecbdc {background-color:#360060 !important;padding-top:35px !important;padding-right:0px !important;padding-bottom:2px !important;padding-left:0px !important;margin-top:-20px !important;margin-bottom:70px !important;}.stk-ceecbdc:before{background-color:#360060 !important;}<\/style><div class=\"stk-row stk-inner-blocks stk-block-content stk-content-align stk-ceecbdc-column alignfull\">\n<div class=\"wp-block-stackable-column stk-block-column stk-column stk-block stk-fc60a5d\" data-v=\"4\" data-block-id=\"fc60a5d\"><div class=\"stk-column-wrapper stk-block-column__content stk-container stk-fc60a5d-container stk--no-background stk--no-padding\"><div class=\"stk-block-content stk-inner-blocks stk-fc60a5d-inner-blocks\">\n<div class=\"wp-block-stackable-spacer stk-block-spacer stk--no-padding stk-block stk-a3a8a68\" data-block-id=\"a3a8a68\"><style>.stk-a3a8a68 {height:0px !important;}<\/style><\/div>\n<\/div><\/div><\/div>\n<\/div><\/div>\n\n\n\n<div class=\"wp-block-stackable-columns stk-block-columns stk-block stk-8b59b96\" data-block-id=\"8b59b96\"><style>.stk-8b59b96 .stk--block-align-8b59b96{align-items:flex-start !important;}.stk-8b59b96 {margin-top:25px !important;}.stk-8b59b96-column{--stk-columns-spacing:0px !important;--stk-column-gap:50px !important;}@media screen and (max-width: 767px){.stk-8b59b96-column{row-gap:var(--stk--preset--spacing--60, 2.25rem) !important;}}<\/style><div class=\"stk-row stk-inner-blocks stk--block-align-8b59b96 stk-block-content stk-content-align stk-8b59b96-column\">\n<div class=\"wp-block-stackable-column stk-block-column stk-column stk-block stk-dbb7e15\" data-v=\"4\" data-block-id=\"dbb7e15\"><div class=\"stk-column-wrapper stk-block-column__content stk-container stk-dbb7e15-container stk--no-background stk--no-padding\"><div class=\"stk-block-content stk-inner-blocks stk-dbb7e15-inner-blocks\">\n<div class=\"wp-block-stackable-heading stk-block-heading stk-block-heading--v2 stk-block stk-689c258\" id=\"movilidad\" data-block-id=\"689c258\"><style>.stk-689c258 .stk-block-heading__text{color:#5c068c !important;}<\/style><h1 class=\"stk-block-heading__text has-text-color\">Movilidad<\/h1><\/div>\n\n\n\n<p>Las actuaciones en materia de movilidad del estudiantado se encuentran centralizadas en la Universidad de La Laguna en:<\/p>\n\n\n\n<ul class=\"wp-block-list\">\n<li><a href=\"https:\/\/www.ull.es\/servicios\/oficina-de-relaciones-internacionales\/\" target=\"_blank\" rel=\"noreferrer noopener\" target=\"_blank\" rel=\"noopener\">Oficina de Relaciones Internacionales, ORI (Programas de movilidad internacional)<\/a><\/li>\n\n\n\n<li><a href=\"https:\/\/www.ull.es\/servicios\/becas\/\" target=\"_blank\" rel=\"noreferrer noopener\" target=\"_blank\" rel=\"noopener\">Negociado de Becas (Programa de movilidad nacional SICUE)<\/a><\/li>\n<\/ul>\n\n\n\n<p>La ORI centraliza toda la planificaci\u00f3n y gesti\u00f3n de la movilidad del estudiantado de intercambio.<\/p>\n\n\n\n<p>Posee la Carta Universitaria Erasmus Ampliada otorgada el a\u00f1o 2007 para el per\u00edodo 2007-2013, y que le da derecho a participar en una nueva acci\u00f3n Erasmus, la movilidad de estudiantes en pr\u00e1cticas, lo que abre la posibilidad de que el futuro alumnado del grado pueda realizar las Pr\u00e1cticas en aquellos pa\u00edses europeos con los que se firmen convenios de colaboraci\u00f3n.<br>Tanto la ORI como el Negociado de Becas tiene establecido un completo protocolo de actuaci\u00f3n que se concreta en una gran facilidad en el acceso a toda la informaci\u00f3n requerida por el alumnado para su inscripci\u00f3n, as\u00ed como la planificaci\u00f3n, seguimiento y apoyo a todas las acciones de movilidad que lleven acabo.<\/p>\n\n\n\n<p>Para la Titulaci\u00f3n de Grado en Nutrici\u00f3n Humana y Diet\u00e9tica, la Facultad de Farmacia contar\u00e1 con:<\/p>\n\n\n\n<ul class=\"wp-block-list\">\n<li>Coordinador\/a de Movilidad Nacional<\/li>\n\n\n\n<li>Coordinador\/a para la Movilidad Internacional que coordinar\u00e1 a:\n<ul class=\"wp-block-list\">\n<li>Coordinador\/a de ERASMUS<\/li>\n\n\n\n<li>Coordinador\/a de EIBES<\/li>\n\n\n\n<li>Responsable de Pr\u00e1cticas en Empresas<\/li>\n<\/ul>\n<\/li>\n<\/ul>\n\n\n\n<p>La ORI y el Negociado de Becas informar\u00e1n a los y las estudiantes a trav\u00e9s de sus p\u00e1ginas web sobre la existencia de los diferentes programas de movilidad, la universidad y Titulaci\u00f3n de acogida, el n\u00famero de plazas ofertadas, los requisitos para poder optar a alguna de las plazas de movilidad ofertadas, las ayudas&nbsp; econ\u00f3micas, etc.<\/p>\n\n\n\n<p>Una vez que el alumnado ha sido seleccionado\/a y acepta la beca de movilidad, la ORI\/Negociado de Becas gestiona la documentaci\u00f3n para presentarla en la Universidad de destino y, junto al Coordinador\/a correspondiente, resuelve cualquier incidencia que pudiera presentarse.<\/p>\n\n\n\n<p>Finalizada la estancia, el alumnado participante ver\u00e1n reconocidos, seg\u00fan la normativa en vigor, las asignaturas cursadas de acuerdo con la valoraci\u00f3n asignada por la Universidad receptora.<\/p>\n\n\n\n<p>Los convenios de movilidad para estudiantes procedentes de otras universidades son establecidos por la ORI\/Negociado de Becas. Las acciones de acogida del alumnado entrante ser\u00e1n realizadas por la ORI y por el Coordinador\/a de Movilidad para los programas internacionales y nacionales, respectivamente.<\/p>\n\n\n\n<p>La matriculaci\u00f3n, orientaci\u00f3n e informaci\u00f3n de estos alumnos y alumnas se hace de manera conjunta entre la ORI, los Coordinadores\/as de Movilidad y la Secretar\u00eda de la Facultad, que tambi\u00e9n ser\u00e1n los encargados de solucionar cualquier incidencia que surja durante la estancia del alumnado en la ULL. Estas incidencias, caso de producirse, ser\u00e1n tenidas en cuenta para la mejora de los programas de movilidad.<\/p>\n\n\n\n<p>Por \u00faltimo, conviene destacar que existe en la Universidad de La Laguna la&nbsp;<a href=\"https:\/\/www.facebook.com\/auri.ull\/\" target=\"_blank\" rel=\"noreferrer noopener\" target=\"_blank\" rel=\"noopener\">Asociaci\u00f3n Universitaria de Relaciones Internacionales (AURI)<\/a>, cuyo objetivo fundamental es ayudar a la formaci\u00f3n, servir de enlace cultural, informar, ayudar en lo posible durante la estancia y organizar actividades para los estudiantes de intercambio provenientes del extranjero, adem\u00e1s de proporcionar informaci\u00f3n a los estudiantes de la Universidad de La Laguna que se dispongan a realizar estudios en el extranjero. Entre las actividades que se realizan destacamos: visitas a los distintos museos de la isla y a aquellos municipios de la isla de inter\u00e9s tur\u00edstico y\/o de inter\u00e9s por su hist\u00f3rico, ense\u00f1anza de la historia, la relevancia, las tradiciones, costumbres y peculiaridades canarias, y en particular tinerfe\u00f1as, excursiones por las distintas zonas de inter\u00e9s paisaj\u00edstico de la isla y diferentes actividades l\u00fadicas (cert\u00e1menes de cocina internacional, exposici\u00f3n de las costumbres y peculiaridades del pa\u00eds de origen de cada estudiante o grupo de estudiantes, proyecci\u00f3n de v\u00eddeos, fiestas y reuniones).<\/p>\n\n\n\n<p>Podr\u00edamos concluir que, entre los objetivos del plan de movilidad, est\u00e1 que los y las estudiantes que se acojan a los Programas de Movilidad puedan beneficiarse de la experiencia social y cultural, mejorar su curriculum de cara a la incorporaci\u00f3n laboral, etc. Adem\u00e1s, la participaci\u00f3n del alumnado en estos programas fortalece la capacidad de comunicaci\u00f3n, cooperaci\u00f3n, adaptaci\u00f3n y comprensi\u00f3n de otras culturas.<\/p>\n\n\n\n<p>Adem\u00e1s, el Plan Estrat\u00e9gico de la Universidad de La Laguna contiene varias iniciativas de proyecci\u00f3n exterior orientadas a conseguir una meta valiosa y exigente al final del proceso estrat\u00e9gico, convertir a la Universidad de La Laguna en la Universidad Europea del Atl\u00e1ntico, un centro de prestigio, orgullo y s\u00edmbolo de Canarias y reconocido a nivel internacional por la calidad de sus servicios docentes y la proyecci\u00f3n de sus investigadores y grupos de mayor potencial. En este sentido, dentro de los servicios docentes, el Plan Estrat\u00e9gico contempla el fomento del intercambio de estudiantes de la ULL con universidades europeas, generando redes de apoyo e informaci\u00f3n que faciliten la movilidad del alumnado.<\/p>\n\n\n\n<p>Para ello, se crear\u00e1 una convocatoria espec\u00edfica de becas para estudiantes de intercambio en universidades europeas a cambio de la prestaci\u00f3n de servicios de informaci\u00f3n y difusi\u00f3n entre el estudiantado sobre los programas de intercambio. Se pretende con ello conseguir al final del periodo que al menos el 5% del alumnado de nuevo ingreso en las titulaciones de grado haya realizado un periodo de intercambio en alguna universidad europea antes de terminar la carrera.<\/p>\n\n\n\n<p>La universidad hasta el momento ha firmado los siguientes convenios de movilidad, tanto nacional como internacional:<\/p>\n\n\n\n<p><strong>Convenios Erasmus+<\/strong><\/p>\n\n\n\n<ul class=\"wp-block-list\">\n<li>Universit\u00e9 Montpellier I<\/li>\n\n\n\n<li>Universit\u00e1 degli Studi Di Padova-Il Bo<\/li>\n\n\n\n<li>Universidade de Lisboa<\/li>\n\n\n\n<li>Universit\u00e1 degli Studi G. D\u2019Annunzio-Chieti<\/li>\n\n\n\n<li>Universidade Lus\u00f3fona<\/li>\n<\/ul>\n\n\n\n<p><strong>Convenios SICUE<\/strong><\/p>\n\n\n\n<ul class=\"wp-block-list\">\n<li>Universidad de Zaragoza<\/li>\n\n\n\n<li>Universidad d\u2019 Alacant<\/li>\n\n\n\n<li>Universitat de Barcelona<\/li>\n\n\n\n<li>Universitat de Val\u00e8ncia<\/li>\n\n\n\n<li>Universidad de Santiago de Compostela<\/li>\n\n\n\n<li>Universidad Cat\u00f3lica de Murcia<\/li>\n\n\n\n<li>Universitat Rovira i Virgili \u2013 Tarragona<\/li>\n\n\n\n<li>Universidad del Pa\u00eds Vasco<\/li>\n\n\n\n<li>Universidad Rey Juan Carlos<\/li>\n\n\n\n<li>Universidad Complutense de Madrid<\/li>\n\n\n\n<li>Universitat Polit\u00e9cnica de Val\u00e8ncia<\/li>\n\n\n\n<li>Universidad de Murcia<\/li>\n<\/ul>\n<\/div><\/div><\/div>\n<\/div><\/div>\n","protected":false},"excerpt":{"rendered":"<p>Movilidad Las actuaciones en materia de movilidad del estudiantado se encuentran centralizadas en la Universidad de La Laguna en: La ORI centraliza toda la planificaci\u00f3n y gesti\u00f3n de la movilidad del estudiantado de intercambio. Posee la Carta Universitaria Erasmus Ampliada otorgada el a\u00f1o 2007 para el per\u00edodo 2007-2013, y que le da derecho a participar&#8230;<\/p>\n","protected":false},"author":9,"featured_media":0,"parent":252,"menu_order":8,"comment_status":"closed","ping_status":"closed","template":"templates\/template-frontpage.php","meta":{"footnotes":""},"class_list":["post-275","page","type-page","status-publish","hentry"],"_links":{"self":[{"href":"https:\/\/www.ull.es\/grados\/nutricion-humana-dietetica\/wp-json\/wp\/v2\/pages\/275","targetHints":{"allow":["GET"]}}],"collection":[{"href":"https:\/\/www.ull.es\/grados\/nutricion-humana-dietetica\/wp-json\/wp\/v2\/pages"}],"about":[{"href":"https:\/\/www.ull.es\/grados\/nutricion-humana-dietetica\/wp-json\/wp\/v2\/types\/page"}],"author":[{"embeddable":true,"href":"https:\/\/www.ull.es\/grados\/nutricion-humana-dietetica\/wp-json\/wp\/v2\/users\/9"}],"replies":[{"embeddable":true,"href":"https:\/\/www.ull.es\/grados\/nutricion-humana-dietetica\/wp-json\/wp\/v2\/comments?post=275"}],"version-history":[{"count":10,"href":"https:\/\/www.ull.es\/grados\/nutricion-humana-dietetica\/wp-json\/wp\/v2\/pages\/275\/revisions"}],"predecessor-version":[{"id":1301,"href":"https:\/\/www.ull.es\/grados\/nutricion-humana-dietetica\/wp-json\/wp\/v2\/pages\/275\/revisions\/1301"}],"up":[{"embeddable":true,"href":"https:\/\/www.ull.es\/grados\/nutricion-humana-dietetica\/wp-json\/wp\/v2\/pages\/252"}],"wp:attachment":[{"href":"https:\/\/www.ull.es\/grados\/nutricion-humana-dietetica\/wp-json\/wp\/v2\/media?parent=275"}],"curies":[{"name":"wp","href":"https:\/\/api.w.org\/{rel}","templated":true}]}}