{"id":42,"date":"2017-06-28T13:01:59","date_gmt":"2017-06-28T13:01:59","guid":{"rendered":"http:\/\/www.ull.es\/masteres\/desarrollo-y-gestion-de-recursos-humanos\/?page_id=42"},"modified":"2025-12-16T09:08:16","modified_gmt":"2025-12-16T09:08:16","slug":"coordinacion-docente","status":"publish","type":"page","link":"https:\/\/www.ull.es\/grados\/pedagogia\/informacion-academica\/coordinacion-docente\/","title":{"rendered":"Coordinaci\u00f3n docente"},"content":{"rendered":"\n<div class=\"wp-block-stackable-columns alignfull stk-block-columns stk-block stk-8657999\" data-block-id=\"8657999\"><style>.stk-8657999 {padding-bottom:0px !important;margin-top:-30px !important;margin-bottom:0px !important;}@media screen and (max-width: 767px){.stk-8657999 {margin-top:-10% !important;}}<\/style><div class=\"stk-row stk-inner-blocks stk-block-content stk-content-align stk-8657999-column alignfull\">\n<div class=\"wp-block-stackable-column stk-block-column stk-column stk-block stk-914f03e\" data-v=\"4\" data-block-id=\"914f03e\"><div class=\"stk-column-wrapper stk-block-column__content stk-container stk-914f03e-container stk--no-background stk--no-padding\"><div class=\"stk-block-content stk-inner-blocks stk-914f03e-inner-blocks\"><style id=\"depicter-1-inline-pre-css\">\n\n.depicter-1:not(.depicter-ready){\n\theight:450px;\n}\n\n\/***** Tablet *****\/\n@media screen and (max-width: 1024px){\n\n.depicter-1:not(.depicter-ready){\n\theight:700px;\n}\n\n}\n\/***** Mobile *****\/\n@media screen and (max-width: 767px){\n\n.depicter-1:not(.depicter-ready){\n\theight:360px;\n}\n\n}\n<\/style>\n<div id=\"depicter-1\" class=\"depicter depicter-document depicter-revert depicter-1 depicter-layout-fullwidth\">\n\n<div class=\"depicter-loading-container depicter-loading dotFlashing-dark\"><div class=\"depicter-loading-dark depicter-dot-flashing\">\n   <span><\/span>\n   <span><\/span>\n   <span><\/span>\n<\/div>\n<\/div>\n<div id=\"depicter-1-section-1\" class=\"depicter-section depicter-1-section-1\" data-name=\"Section 1\" data-type=\"section\" data-local-id=\"section-1\">\n<picture class=\"depicter-bg\">\n<source data-depicter-srcset=\"https:\/\/www.ull.es\/grados\/pedagogia\/wp-content\/uploads\/sites\/9\/2025\/04\/Slider_Pedagogia-768x248.jpg, https:\/\/www.ull.es\/grados\/pedagogia\/wp-content\/uploads\/sites\/9\/2025\/04\/Slider_Pedagogia.jpg 2x\" srcset=\"data:image\/gif;base64,R0lGODlhAQABAIAAAAAAAP\/\/\/yH5BAEAAAAALAAAAAABAAEAAAIBRAA7\" media=\"(max-width: 1024px)\" \/>\n\n<source data-depicter-srcset=\"https:\/\/www.ull.es\/grados\/pedagogia\/wp-content\/uploads\/sites\/9\/2025\/04\/Slider_Pedagogia.jpg, https:\/\/www.ull.es\/grados\/pedagogia\/wp-content\/uploads\/sites\/9\/2025\/04\/Slider_Pedagogia-1921x620.jpg 2x\" srcset=\"data:image\/gif;base64,R0lGODlhAQABAIAAAAAAAP\/\/\/yH5BAEAAAAALAAAAAABAAEAAAIBRAA7\" media=\"(min-width: 1025px)\" \/>\n<img decoding=\"async\" src=\"data:image\/gif;base64,R0lGODlhAQABAIAAAAAAAP\/\/\/yH5BAEAAAAALAAAAAABAAEAAAIBRAA7\" data-ken-burns=\"false\" data-tablet-ken-burns=\"false\" data-mobile-ken-burns=\"false\" alt=\"\" data-depicter-src=\"https:\/\/www.ull.es\/grados\/pedagogia\/wp-content\/uploads\/sites\/9\/2025\/04\/Slider_Pedagogia.jpg\" data-object-fit=\"custom,custom,\" data-object-position=\"center top,,\" data-crop=\"{'focalPoint':{'x':0.5,'y':0.5},'mediaSize':{'width':1394.274193548387074770289473235607147216796875,'height':450}}\" data-tablet-crop=\"{'focalPoint':{'x':0.5,'y':0.5},'mediaSize':{'width':2168.87096774193560122512280941009521484375,'height':700.0000000000001136868377216160297393798828125}}\" data-mobile-crop=\"{'focalPoint':{'x':0.5,'y':0.5},'mediaSize':{'width':1115.41935483870975076570175588130950927734375,'height':360}}\" \/>\n<\/picture>\n\n\n<h1 id=\"depicter-1-element-5\" class=\"depicter-element depicter-layer depicter-1-element-5\" data-type=\"text\" data-wrap=\"true\" data-name=\"Text 2\" data-local-id=\"element-5\" data-offset=\"x:160px;y:175px;origin:tl\" data-tablet-offset=\"x:303px;y:321px;origin:tl\" data-mobile-offset=\"x:12px;y:-108px;origin:tl\" data-width=\"881px,418px,348px\" data-height=\"auto,auto,auto\" data-responsive-scale=\"true,,\">Grado en Pedagog\u00eda<\/h1>\n\n<div id=\"depicter-1-element-10\" class=\"depicter-element depicter-layer depicter-1-element-10\" data-type=\"shape\" data-wrap=\"true\" data-name=\"Shape 1\" data-local-id=\"element-10\" data-offset=\"x:173px;y:288px;origin:tl\" data-tablet-offset=\"x:303px;y:378px;origin:tl\" data-mobile-offset=\"x:6px;y:0px;origin:tl\" data-width=\"841px,395px,309px\" data-height=\"8px,8px,8px\" data-responsive-scale=\"true,,\"><\/div>\n<\/div>\n<\/div>\n<script>\n(window.depicterSetups = window.depicterSetups || []).push(function(){\n\tDepicter.basePath = 'https:\/\/www.ull.es\/grados\/pedagogia\/wp-content\/plugins\/depicter\/resources\/scripts\/player\/';\n\tconst dpPlayer = Depicter.setup('.depicter-1',\n\t\t{\"width\":[\"1200\",\"1024\",\"360\"],\"height\":[\"450\",\"700\",\"360\"],\"view\":\"basic\",\"keepAspectRatio\":true,\"preload\":0,\"layout\":\"fullwidth\",\"rtl\":false,\"initAfterAppear\":false,\"ajaxApiUrl\":\"https:\\\/\\\/www.ull.es\\\/grados\\\/pedagogia\\\/wp-admin\\\/admin-ajax.php\",\"mouseSwipe\":true,\"touchSwipe\":true,\"useWatermark\":false}\n\t);\n});\n<\/script><\/div><\/div><\/div>\n<\/div><\/div>\n\n\n\n<div class=\"wp-block-stackable-columns alignfull stk-block-columns stk--hide-mobile stk-block stk-ceecbdc stk-block-background\" data-block-id=\"ceecbdc\"><style>.stk-ceecbdc {background-color:#360060 !important;padding-top:35px !important;padding-right:0px !important;padding-bottom:2px !important;padding-left:0px !important;margin-top:-20px !important;margin-bottom:70px !important;}.stk-ceecbdc:before{background-color:#360060 !important;}<\/style><div class=\"stk-row stk-inner-blocks stk-block-content stk-content-align stk-ceecbdc-column alignfull\">\n<div class=\"wp-block-stackable-column stk-block-column stk-column stk-block stk-fc60a5d\" data-v=\"4\" data-block-id=\"fc60a5d\"><div class=\"stk-column-wrapper stk-block-column__content stk-container stk-fc60a5d-container stk--no-background stk--no-padding\"><div class=\"stk-block-content stk-inner-blocks stk-fc60a5d-inner-blocks\">\n<div class=\"wp-block-stackable-spacer stk-block-spacer stk--no-padding stk-block stk-a3a8a68\" data-block-id=\"a3a8a68\"><style>.stk-a3a8a68 {height:0px !important;}<\/style><\/div>\n<\/div><\/div><\/div>\n<\/div><\/div>\n\n\n\n<div class=\"wp-block-stackable-columns stk-block-columns stk-block stk-8b59b96\" data-block-id=\"8b59b96\"><style>.stk-8b59b96 .stk--block-align-8b59b96{align-items:flex-start !important;}.stk-8b59b96 {margin-top:25px !important;}.stk-8b59b96-column{--stk-columns-spacing:0px !important;--stk-column-gap:50px !important;}@media screen and (max-width: 767px){.stk-8b59b96-column{row-gap:var(--stk--preset--spacing--60, 2.25rem) !important;}}<\/style><div class=\"stk-row stk-inner-blocks stk--block-align-8b59b96 stk-block-content stk-content-align stk-8b59b96-column\">\n<div class=\"wp-block-stackable-column stk-block-column stk-column stk-block stk-dbb7e15\" data-v=\"4\" data-block-id=\"dbb7e15\"><div class=\"stk-column-wrapper stk-block-column__content stk-container stk-dbb7e15-container stk--no-background stk--no-padding\"><div class=\"stk-block-content stk-inner-blocks stk-dbb7e15-inner-blocks\">\n<div class=\"wp-block-stackable-heading stk-block-heading stk-block-heading--v2 stk-block stk-689c258\" id=\"coordinacion-docente\" data-block-id=\"689c258\"><style>.stk-689c258 .stk-block-heading__text{color:#5c068c !important;}<\/style><h1 class=\"stk-block-heading__text has-text-color\">Coordinaci\u00f3n docente<\/h1><\/div>\n\n\n\n<p>La coordinaci\u00f3n docente para el desarrollo del Grado se establecer\u00e1 en la l\u00ednea de lo que ya existe en las actuales titulaciones: la coordinaci\u00f3n comienza en las reuniones de \u00e1rea y Departamentos, donde se establecen las pautas de coordinaci\u00f3n del profesorado asignado a las distintas asignaturas.<\/p>\n\n\n\n<p>Las decisiones acordadas en las \u00e1reas respecto a las asignaturas, han de elevarse a las Comisiones de Curso, \u00f3rgano regulado por el Reglamento de R\u00e9gimen Interior (RRI) de esta Facultad, de tipo deliberativo, organizativo y de coordinaci\u00f3n.<\/p>\n\n\n\n<p>En el RRI aparece en el art. 35: \u201cLas Comisiones de curso se constituir\u00e1n en los primeros d\u00edas del inicio de cada semestre\u2026 estar\u00e1 formada por profesorado que imparte docencia en cada semestre y un no paritario de representantes del estudiantado por curso\u2026.. La Comisi\u00f3n de Curso analizar\u00e1 la actividad docente con el prop\u00f3sito de mejorar la calidad de la ense\u00f1anza. Se abrir\u00e1 un debate en torno a las metodolog\u00edas que se empleen en las aulas, al tipo de ex\u00e1menes que se realicen, etc. favoreciendo la discusi\u00f3n sobre los temas m\u00e1s propiamente pedag\u00f3gicos. Se armonizar\u00e1 los procesos de evaluaci\u00f3n tanto en lo que se refiere a criterios como a los instrumentos. En la Comisi\u00f3n hay un\/a coordinador\/a por cada curso y semestre y que se re\u00fane, al menos dos veces en cada semestre\u201d\u2026<\/p>\n\n\n\n<p>La Comisi\u00f3n de Curso intentar\u00e1 dar soluci\u00f3n a los problemas que se pudieran originar en los cursos, en lo referente al desarrollo de los mismos.<br>La Comisi\u00f3n de Docencia est\u00e1n formadas por los\/as coordinadores\/as de las Comisiones de Curso y el Vicedecano\/a correspondiente a cada T\u00edtulo, por lo que suponen un \u00e1mbito de coordinaci\u00f3n vertical de las ense\u00f1anzas correspondientes, y en ellas se desarrolla, igualmente, la coordinaci\u00f3n docente en las materias de cada curso.<\/p>\n\n\n\n<p>A su vez, todas las decisiones han de aprobarse, por \u00faltimo, en la Junta de Facultad, con competencias propias en materia de organizaci\u00f3n, coordinaci\u00f3n y gesti\u00f3n.<\/p>\n\n\n\n<p>Especialmente, cabe citar la necesaria coordinaci\u00f3n a establecer inter-\u00e1reas en las asignaturas denominadas actividades de integraci\u00f3n, para las que est\u00e1n siendo reguladas mecanismos particulares de coordinaci\u00f3n docente, que determinen el buen funcionamiento de las mismas y de las que ya se ha hecho alusi\u00f3n en p\u00e1ginas anteriores.<\/p>\n<\/div><\/div><\/div>\n<\/div><\/div>\n","protected":false},"excerpt":{"rendered":"<p>Coordinaci\u00f3n docente La coordinaci\u00f3n docente para el desarrollo del Grado se establecer\u00e1 en la l\u00ednea de lo que ya existe en las actuales titulaciones: la coordinaci\u00f3n comienza en las reuniones de \u00e1rea y Departamentos, donde se establecen las pautas de coordinaci\u00f3n del profesorado asignado a las distintas asignaturas. Las decisiones acordadas en las \u00e1reas respecto&#8230;<\/p>\n","protected":false},"author":1,"featured_media":0,"parent":252,"menu_order":6,"comment_status":"closed","ping_status":"closed","template":"templates\/template-frontpage.php","meta":{"footnotes":""},"class_list":["post-42","page","type-page","status-publish","hentry"],"_links":{"self":[{"href":"https:\/\/www.ull.es\/grados\/pedagogia\/wp-json\/wp\/v2\/pages\/42","targetHints":{"allow":["GET"]}}],"collection":[{"href":"https:\/\/www.ull.es\/grados\/pedagogia\/wp-json\/wp\/v2\/pages"}],"about":[{"href":"https:\/\/www.ull.es\/grados\/pedagogia\/wp-json\/wp\/v2\/types\/page"}],"author":[{"embeddable":true,"href":"https:\/\/www.ull.es\/grados\/pedagogia\/wp-json\/wp\/v2\/users\/1"}],"replies":[{"embeddable":true,"href":"https:\/\/www.ull.es\/grados\/pedagogia\/wp-json\/wp\/v2\/comments?post=42"}],"version-history":[{"count":16,"href":"https:\/\/www.ull.es\/grados\/pedagogia\/wp-json\/wp\/v2\/pages\/42\/revisions"}],"predecessor-version":[{"id":1270,"href":"https:\/\/www.ull.es\/grados\/pedagogia\/wp-json\/wp\/v2\/pages\/42\/revisions\/1270"}],"up":[{"embeddable":true,"href":"https:\/\/www.ull.es\/grados\/pedagogia\/wp-json\/wp\/v2\/pages\/252"}],"wp:attachment":[{"href":"https:\/\/www.ull.es\/grados\/pedagogia\/wp-json\/wp\/v2\/media?parent=42"}],"curies":[{"name":"wp","href":"https:\/\/api.w.org\/{rel}","templated":true}]}}