{"id":37,"date":"2017-06-28T12:58:45","date_gmt":"2017-06-28T12:58:45","guid":{"rendered":"http:\/\/www.ull.es\/masteres\/desarrollo-y-gestion-de-recursos-humanos\/?page_id=30"},"modified":"2025-11-19T09:44:57","modified_gmt":"2025-11-19T09:44:57","slug":"perfil-de-ingreso-y-egreso","status":"publish","type":"page","link":"https:\/\/www.ull.es\/grados\/psicologia\/en\/informacion-academica\/perfil-de-ingreso-y-egreso\/","title":{"rendered":"Admission and exit profile"},"content":{"rendered":"\n<div class=\"wp-block-stackable-columns alignfull stk-block-columns stk-block stk-8657999\" data-block-id=\"8657999\"><style>.stk-8657999 {padding-bottom:0px !important;margin-top:-30px !important;margin-bottom:0px !important;}@media screen and (max-width: 767px){.stk-8657999 {margin-top:-10% !important;}}<\/style><div class=\"stk-row stk-inner-blocks stk-block-content stk-content-align stk-8657999-column alignfull\">\n<div class=\"wp-block-stackable-column stk-block-column stk-column stk-block stk-914f03e\" data-v=\"4\" data-block-id=\"914f03e\"><div class=\"stk-column-wrapper stk-block-column__content stk-container stk-914f03e-container stk--no-background stk--no-padding\"><div class=\"stk-block-content stk-inner-blocks stk-914f03e-inner-blocks\"><style id=\"depicter-1-inline-pre-css\">\n\n.depicter-1:not(.depicter-ready){\n\theight:500px;\n}\n\n\/***** Tablet *****\/\n@media screen and (max-width: 1024px){\n\n.depicter-1:not(.depicter-ready){\n\theight:700px;\n}\n\n}\n\/***** Mobile *****\/\n@media screen and (max-width: 767px){\n\n.depicter-1:not(.depicter-ready){\n\theight:360px;\n}\n\n}\n<\/style>\n<div id=\"depicter-1\" class=\"depicter depicter-document depicter-revert depicter-1 depicter-layout-fullwidth\">\n\n<div class=\"depicter-loading-container depicter-loading dotFlashing-dark\"><div class=\"depicter-loading-dark depicter-dot-flashing\">\n   <span><\/span>\n   <span><\/span>\n   <span><\/span>\n<\/div>\n<\/div>\n<div id=\"depicter-1-section-1\" class=\"depicter-section depicter-1-section-1\" data-name=\"Section 1\" data-type=\"section\" data-local-id=\"section-1\">\n<picture class=\"depicter-bg\">\n<source data-depicter-srcset=\"https:\/\/www.ull.es\/grados\/psicologia\/wp-content\/uploads\/sites\/31\/2025\/03\/Slider_Psicologia-768x248.jpg, https:\/\/www.ull.es\/grados\/psicologia\/wp-content\/uploads\/sites\/31\/2025\/03\/Slider_Psicologia.jpg 2x\" srcset=\"data:image\/gif;base64,R0lGODlhAQABAIAAAAAAAP\/\/\/yH5BAEAAAAALAAAAAABAAEAAAIBRAA7\" media=\"(max-width: 1024px)\" \/>\n\n<source data-depicter-srcset=\"https:\/\/www.ull.es\/grados\/psicologia\/wp-content\/uploads\/sites\/31\/2025\/03\/Slider_Psicologia.jpg, https:\/\/www.ull.es\/grados\/psicologia\/wp-content\/uploads\/sites\/31\/2025\/03\/Slider_Psicologia-1920x620.jpg 2x\" srcset=\"data:image\/gif;base64,R0lGODlhAQABAIAAAAAAAP\/\/\/yH5BAEAAAAALAAAAAABAAEAAAIBRAA7\" media=\"(min-width: 1025px)\" \/>\n<img decoding=\"async\" src=\"data:image\/gif;base64,R0lGODlhAQABAIAAAAAAAP\/\/\/yH5BAEAAAAALAAAAAABAAEAAAIBRAA7\" data-ken-burns=\"false\" data-tablet-ken-burns=\"false\" data-mobile-ken-burns=\"false\" alt=\"\" data-depicter-src=\"https:\/\/www.ull.es\/grados\/psicologia\/wp-content\/uploads\/sites\/31\/2025\/03\/Slider_Psicologia.jpg\" data-object-fit=\"custom,custom,\" data-object-position=\"center top,,\" data-crop=\"{'focalPoint':{'x':0.5,'y':0.5},'mediaSize':{'width':1393.54838709677414954057894647121429443359375,'height':450}}\" data-tablet-crop=\"{'focalPoint':{'x':0.5,'y':0.5},'mediaSize':{'width':2167.7419354838712024502456188201904296875,'height':700.0000000000001136868377216160297393798828125}}\" data-mobile-crop=\"{'focalPoint':{'x':0.5,'y':0.5},'mediaSize':{'width':1114.8387096774195015314035117626190185546875,'height':360}}\" \/>\n<\/picture>\n\n\n<h1 id=\"depicter-1-element-5\" class=\"depicter-element depicter-layer depicter-1-element-5\" data-type=\"text\" data-wrap=\"true\" data-name=\"Text 2\" data-local-id=\"element-5\" data-offset=\"x:176px;y:200px;origin:tl\" data-tablet-offset=\"x:314px;y:321px;origin:tl\" data-mobile-offset=\"x:54px;y:-106px;origin:tl\" data-width=\"849px,392px,348px\" data-height=\"auto,auto,auto\" data-responsive-scale=\"true,,\">Grado en Psicolog\u00eda<\/h1>\n\n<div id=\"depicter-1-element-10\" class=\"depicter-element depicter-layer depicter-1-element-10\" data-type=\"shape\" data-wrap=\"true\" data-name=\"Shape 1\" data-local-id=\"element-10\" data-offset=\"x:190px;y:308px;origin:tl\" data-tablet-offset=\"x:314px;y:378px;origin:tl\" data-mobile-offset=\"x:54px;y:7px;origin:tl\" data-width=\"821px,377px,204px\" data-height=\"8px,8px,8px\" data-responsive-scale=\"true,,\"><\/div>\n<\/div>\n<\/div>\n<script>\n(window.depicterSetups = window.depicterSetups || []).push(function(){\n\tDepicter.basePath = 'https:\/\/www.ull.es\/grados\/psicologia\/wp-content\/plugins\/depicter\/resources\/scripts\/player\/';\n\tconst dpPlayer = Depicter.setup('.depicter-1',\n\t\t{\"width\":[\"1200\",\"1024\",\"360\"],\"height\":[\"500\",\"700\",\"360\"],\"view\":\"basic\",\"keepAspectRatio\":true,\"preload\":0,\"layout\":\"fullwidth\",\"rtl\":false,\"initAfterAppear\":false,\"ajaxApiUrl\":\"https:\\\/\\\/www.ull.es\\\/grados\\\/psicologia\\\/wp-admin\\\/admin-ajax.php\",\"mouseSwipe\":true,\"touchSwipe\":true,\"useWatermark\":false}\n\t);\n});\n<\/script><\/div><\/div><\/div>\n<\/div><\/div>\n\n\n\n<div class=\"wp-block-stackable-columns alignfull stk-block-columns stk--hide-mobile stk-block stk-ceecbdc stk-block-background\" data-block-id=\"ceecbdc\"><style>.stk-ceecbdc {background-color:#360060 !important;padding-top:35px !important;padding-right:0px !important;padding-bottom:2px !important;padding-left:0px !important;margin-top:-20px !important;margin-bottom:70px !important;}.stk-ceecbdc:before{background-color:#360060 !important;}<\/style><div class=\"stk-row stk-inner-blocks stk-block-content stk-content-align stk-ceecbdc-column alignfull\">\n<div class=\"wp-block-stackable-column stk-block-column stk-column stk-block stk-fc60a5d\" data-v=\"4\" data-block-id=\"fc60a5d\"><div class=\"stk-column-wrapper stk-block-column__content stk-container stk-fc60a5d-container stk--no-background stk--no-padding\"><div class=\"stk-block-content stk-inner-blocks stk-fc60a5d-inner-blocks\">\n<div class=\"wp-block-stackable-spacer stk-block-spacer stk--no-padding stk-block stk-a3a8a68\" data-block-id=\"a3a8a68\"><style>.stk-a3a8a68 {height:0px !important;}<\/style><\/div>\n<\/div><\/div><\/div>\n<\/div><\/div>\n\n\n\n<div class=\"wp-block-stackable-columns alignwide stk-block-columns stk-block stk-3627255\" data-block-id=\"3627255\"><style>.stk-3627255 {padding-right:16% !important;padding-left:16% !important;margin-bottom:18px !important;}<\/style><div class=\"stk-row stk-inner-blocks stk-block-content stk-content-align stk-3627255-column alignwide\">\n<div class=\"wp-block-stackable-column stk-block-column stk-column stk-block stk-81e665a\" data-v=\"4\" data-block-id=\"81e665a\"><div class=\"stk-column-wrapper stk-block-column__content stk-container stk-81e665a-container stk--no-background stk--no-padding\"><div class=\"stk-block-content stk-inner-blocks stk-81e665a-inner-blocks\">\n<div class=\"wp-block-stackable-heading stk-block-heading stk-block-heading--v2 stk-block stk-97878e6\" id=\"perfil-de-ingreso-y-egreso\" data-block-id=\"97878e6\"><style>.stk-97878e6 .stk-block-heading__text{color:#5c068c !important;}<\/style><h1 class=\"stk-block-heading__text has-text-color\">Perfil de ingreso y egreso<\/h1><\/div>\n\n\n\n<div class=\"wp-block-stackable-heading stk-block-heading stk-block-heading--v2 stk-block stk-c1637bd\" id=\"perfil-de-ingreso-recomendado\" data-block-id=\"c1637bd\"><style>.stk-c1637bd .stk-block-heading__text{color:#5c068c !important;}<\/style><h2 class=\"stk-block-heading__text has-text-color\">Perfil de ingreso recomendado<\/h2><\/div>\n\n\n\n<p>De acuerdo al perfil profesional del psic\u00f3logo\/a, el futuro alumnado que cursase esta titulaci\u00f3n, y de manera general, deber\u00edan tener definida su perspectiva vocacional en el \u00e1mbito de la Psicolog\u00eda, y en particular en sus \u00e1mbitos profesionales tradicionales: Psicolog\u00eda Cl\u00ednica y de la Salud, Psicolog\u00eda de la Educaci\u00f3n, Psicolog\u00eda del Trabajo, las Organizaciones y los Recursos Humanos y Psicolog\u00eda de la Intervenci\u00f3n Social y Comunitaria, as\u00ed como de aquellos otros que pueden calificarse de emergentes: Intervenci\u00f3n y mediaci\u00f3n Familiar, Intervenci\u00f3n en Emergencias y Cat\u00e1strofes, Psicogerontolog\u00eda, Tr\u00e1fico y Seguridad Vial\u2026 En este mismo contexto, deben presentar un vivo inter\u00e9s por la investigaci\u00f3n, tanto b\u00e1sica como aplicada, con especial atenci\u00f3n a los estudios funcionales del cerebro y su relaci\u00f3n con la conducta.<\/p>\n\n\n\n<p>Por tanto, ser\u00eda oportuno que evidenciaran inter\u00e9s por adquirir todos aquellos conocimientos que le permitieran situarse profesionalmente en el \u00e1mbito de la Psicolog\u00eda y, adem\u00e1s, poder mantener una actitud de an\u00e1lisis y de cr\u00edtica argumentada, desde el punto de vista cient\u00edfico y profesional, ante los avances y hallazgos de la Psicolog\u00eda cient\u00edfica tanto en el \u00e1mbito b\u00e1sico como aplicado, as\u00ed como con las t\u00e9cnicas y estrategias de evaluaci\u00f3n e intervenci\u00f3n disponibles para la resoluci\u00f3n de los problemas de \u00edndole psicol\u00f3gica que afecten al individuo o al grupo en la sociedad actual.<\/p>\n\n\n\n<p>De forma particular, debe considerarse como fundamental su decidido inter\u00e9s por conocer c\u00f3mo es el funcionamiento real de la conducta en los distintos contextos psicosociales, y c\u00f3mo se pueden afrontar los cometidos as\u00ed como los retos actuales y futuros en el campo de la psicolog\u00eda, a partir de criterios aut\u00e9nticamente profesionales.<\/p>\n\n\n\n<p>En consecuencia, los\/las alumnos\/as que optasen por formarse como psic\u00f3logos\/as mediante su incorporaci\u00f3n en el proyecto formativo articulado en este t\u00edtulo de Grado deber\u00edan manifestar inter\u00e9s:<\/p>\n\n\n\n<ul class=\"wp-block-list\">\n<li>Por los hallazgos de la investigaci\u00f3n cient\u00edfica en el \u00e1mbito de la Psicolog\u00eda, tanto en los \u00e1mbitos b\u00e1sicos como aplicados y destinados al conocimiento de los mecanismos biopsicosociales que explican y determinan la conducta.<\/li>\n\n\n\n<li>Por las estrategias y m\u00e9todos de intervenci\u00f3n propios de la psicolog\u00eda en su abordaje para la resoluci\u00f3n de la diversa problem\u00e1tica que afecta al individuo humano y al grupo en la sociedad actual.<\/li>\n\n\n\n<li>Por las t\u00e9cnicas y metodolog\u00eda de la investigaci\u00f3n cient\u00edfica en el \u00e1mbito de la Psicolog\u00eda, y su n\u00edtida separaci\u00f3n de de las denominadas pseudociencias asociadas a la ausencia de pensamiento cr\u00edtico.<\/li>\n<\/ul>\n\n\n\n<p>En t\u00e9rminos motivacionales, es importante la predisposici\u00f3n a la relaci\u00f3n interpersonal y grupal, al trabajo en grupo, as\u00ed como una buena disposici\u00f3n para el afrontamiento e intervenci\u00f3n de situaciones complejas de manera met\u00f3dica y planificada con el objeto de resolver los problemas biopsicosociales que competen a la psicolog\u00eda. Adicionalmente, disponer de un dominio adecuado de la expresi\u00f3n oral y escrita.<\/p>\n\n\n\n<div class=\"wp-block-stackable-divider stk-block-divider stk-block stk-9cf9731\" data-block-id=\"9cf9731\"><style>.stk-9cf9731 hr.stk-block-divider__hr{width:100% !important;}<\/style><hr class=\"stk-block-divider__hr\"\/><\/div>\n\n\n\n<div class=\"wp-block-stackable-heading stk-block-heading stk-block-heading--v2 stk-block stk-ed628e4\" id=\"perfil-de-egreso\" data-block-id=\"ed628e4\"><style>.stk-ed628e4 .stk-block-heading__text{color:#5c068c !important;}<\/style><h2 class=\"stk-block-heading__text has-text-color\">Perfil de egreso<\/h2><\/div>\n\n\n\n<p>Seg\u00fan el Libro Blanco del T\u00edtulo de Grado en Psicolog\u00eda (ANECA), el Graduado\/a en Psicolog\u00eda es un profesional con los conocimientos cient\u00edficos necesarios para comprender, interpretar, analizar y explicar el comportamiento humano, as\u00ed como, con las destrezas y habilidades para evaluar e intervenir a nivel b\u00e1sico en el \u00e1mbito individual y social con el fin de promover y mejorar la salud y la calidad de vida.<\/p>\n\n\n\n<p>Respecto a los \u00e1mbitos profesionales, los resultados de la Encuesta de Actividad Profesional muestran que la actividad profesional mayoritaria entre los titulados en Psicolog\u00eda es la Psicolog\u00eda Cl\u00ednica (Santolaya, Berdullas y Fern\u00e1ndez-Hermida, 2002). Su ejercicio se realiza fundamentalmente en el \u00e1mbito privado, pero su implantaci\u00f3n en el sector p\u00fablico no ha dejado de crecer, diversificarse y consolidarse.<\/p>\n\n\n\n<p>La segunda actividad profesional en importancia num\u00e9rica es la Psicolog\u00eda Educativa. El tercer y cuarto puesto lo ocupan la Psicolog\u00eda del Trabajo y de las Organizaciones y la Psicolog\u00eda Social y Comunitaria, respectivamente. A diferencia de los casos anteriores, la actividad en estos \u00e1mbitos se desarrolla en el marco de empresas de servicios y en el \u00e1mbito p\u00fablico.<\/p>\n\n\n\n<p>Para la definici\u00f3n del perfil de egreso, se han tenido en cuenta los debates, conclusiones y acuerdos de la Conferencia de Decanos\/as de Psicolog\u00eda de las universidades espa\u00f1olas relativos a los criterios de dise\u00f1o de los t\u00edtulos de Grado en el marco del RD 1393\/2007 (reuniones de septiembre y noviembre de 2007 y abril de 2008) y el \u201cobservatorio\u201d del proceso de adaptaci\u00f3n implementado por la citada Conferencia. Asimismo, se cont\u00f3 con la implicaci\u00f3n de los Colegios Oficiales de Psic\u00f3logos de Tenerife y Las Palmas que, representados por sus decanos\/as, formaron parte tanto de la Comisi\u00f3n T\u00e9cnica como de la Comisi\u00f3n para la Elaboraci\u00f3n del Plan de Estudios del grado. As\u00ed, se estableci\u00f3 que el\/la graduado\/a en Psicolog\u00eda tiene que ser un profesional capaz de ejercer en los \u00e1mbitos educativos, familiares, sociales, jur\u00eddicos, neuropsicol\u00f3gicos, etc., adem\u00e1s de poder incorporarse al \u00e1mbito cl\u00ednico y sanitario a trav\u00e9s del itinerario PIR o bien a trav\u00e9s del m\u00e1ster de Psicolog\u00eda General Sanitario. Esta doble adscripci\u00f3n a la rama de las Ciencias Sociales y al \u00e1mbito de la Salud, ha supuesto una meta compleja vinculada a una motivaci\u00f3n constante por evaluar, revisar y estar atentos a los posibles cambios necesarios para ajustar el perfil del egresado\/a definido en el t\u00edtulo con el perfil de egreso real.<\/p>\n\n\n\n<p><a href=\"https:\/\/drive.google.com\/open?id=1-Ln_fwP70P-sTr4Kip3R292qg2GaYSEV\" target=\"_blank\" rel=\"noreferrer noopener\" target=\"_blank\" rel=\"noopener\">Ambitos Profesionales del Graduado\/a en Psicologia<\/a><\/p>\n<\/div><\/div><\/div>\n<\/div><\/div>\n","protected":false},"excerpt":{"rendered":"<p>Perfil de ingreso y egreso Perfil de ingreso recomendado De acuerdo al perfil profesional del psic\u00f3logo\/a, el futuro alumnado que cursase esta titulaci\u00f3n, y de manera general, deber\u00edan tener definida su perspectiva vocacional en el \u00e1mbito de la Psicolog\u00eda, y en particular en sus \u00e1mbitos profesionales tradicionales: Psicolog\u00eda Cl\u00ednica y de la Salud, Psicolog\u00eda de&#8230;<\/p>","protected":false},"author":1,"featured_media":0,"parent":252,"menu_order":1,"comment_status":"closed","ping_status":"closed","template":"templates\/template-frontpage.php","meta":{"footnotes":""},"class_list":["post-37","page","type-page","status-publish","hentry"],"_links":{"self":[{"href":"https:\/\/www.ull.es\/grados\/psicologia\/en\/wp-json\/wp\/v2\/pages\/37","targetHints":{"allow":["GET"]}}],"collection":[{"href":"https:\/\/www.ull.es\/grados\/psicologia\/en\/wp-json\/wp\/v2\/pages"}],"about":[{"href":"https:\/\/www.ull.es\/grados\/psicologia\/en\/wp-json\/wp\/v2\/types\/page"}],"author":[{"embeddable":true,"href":"https:\/\/www.ull.es\/grados\/psicologia\/en\/wp-json\/wp\/v2\/users\/1"}],"replies":[{"embeddable":true,"href":"https:\/\/www.ull.es\/grados\/psicologia\/en\/wp-json\/wp\/v2\/comments?post=37"}],"version-history":[{"count":14,"href":"https:\/\/www.ull.es\/grados\/psicologia\/en\/wp-json\/wp\/v2\/pages\/37\/revisions"}],"predecessor-version":[{"id":1176,"href":"https:\/\/www.ull.es\/grados\/psicologia\/en\/wp-json\/wp\/v2\/pages\/37\/revisions\/1176"}],"up":[{"embeddable":true,"href":"https:\/\/www.ull.es\/grados\/psicologia\/en\/wp-json\/wp\/v2\/pages\/252"}],"wp:attachment":[{"href":"https:\/\/www.ull.es\/grados\/psicologia\/en\/wp-json\/wp\/v2\/media?parent=37"}],"curies":[{"name":"wp","href":"https:\/\/api.w.org\/{rel}","templated":true}]}}