{"id":37,"date":"2017-06-28T12:58:45","date_gmt":"2017-06-28T12:58:45","guid":{"rendered":"http:\/\/www.ull.es\/masteres\/desarrollo-y-gestion-de-recursos-humanos\/?page_id=30"},"modified":"2025-11-13T16:13:42","modified_gmt":"2025-11-13T16:13:42","slug":"perfil-de-ingreso-y-egreso","status":"publish","type":"page","link":"https:\/\/www.ull.es\/grados\/quimica\/en\/informacion-academica\/perfil-de-ingreso-y-egreso\/","title":{"rendered":"Admission and graduation profile"},"content":{"rendered":"\n<div class=\"wp-block-stackable-columns alignfull stk-block-columns stk-block stk-8657999\" data-block-id=\"8657999\"><style>.stk-8657999 {padding-bottom:0px !important;margin-top:-30px !important;margin-bottom:0px !important;}@media screen and (max-width: 767px){.stk-8657999 {margin-top:-10% !important;}}<\/style><div class=\"stk-row stk-inner-blocks stk-block-content stk-content-align stk-8657999-column alignfull\">\n<div class=\"wp-block-stackable-column stk-block-column stk-column stk-block stk-914f03e\" data-v=\"4\" data-block-id=\"914f03e\"><div class=\"stk-column-wrapper stk-block-column__content stk-container stk-914f03e-container stk--no-background stk--no-padding\"><div class=\"stk-block-content stk-inner-blocks stk-914f03e-inner-blocks\"><style id=\"depicter-1-inline-pre-css\">\n\n.depicter-1:not(.depicter-ready){\n\theight:500px;\n}\n\n\/***** Tablet *****\/\n@media screen and (max-width: 1024px){\n\n.depicter-1:not(.depicter-ready){\n\theight:700px;\n}\n\n}\n\/***** Mobile *****\/\n@media screen and (max-width: 767px){\n\n.depicter-1:not(.depicter-ready){\n\theight:360px;\n}\n\n}\n<\/style>\n<div id=\"depicter-1\" class=\"depicter depicter-document depicter-revert depicter-1 depicter-layout-fullwidth\">\n\n<div class=\"depicter-loading-container depicter-loading dotFlashing-dark\"><div class=\"depicter-loading-dark depicter-dot-flashing\">\n   <span><\/span>\n   <span><\/span>\n   <span><\/span>\n<\/div>\n<\/div>\n<div id=\"depicter-1-section-1\" class=\"depicter-section depicter-1-section-1\" data-name=\"Section 1\" data-type=\"section\" data-local-id=\"section-1\">\n<picture class=\"depicter-bg\">\n<source data-depicter-srcset=\"https:\/\/www.ull.es\/grados\/quimica\/wp-content\/uploads\/sites\/46\/2025\/02\/still-life-laboratory-samples-768x512.jpg, https:\/\/www.ull.es\/grados\/quimica\/wp-content\/uploads\/sites\/46\/2025\/02\/still-life-laboratory-samples.jpg 2x\" srcset=\"data:image\/gif;base64,R0lGODlhAQABAIAAAAAAAP\/\/\/yH5BAEAAAAALAAAAAABAAEAAAIBRAA7\" media=\"(max-width: 1024px)\" \/>\n\n<source data-depicter-srcset=\"https:\/\/www.ull.es\/grados\/quimica\/wp-content\/uploads\/sites\/46\/2025\/02\/still-life-laboratory-samples.jpg, https:\/\/www.ull.es\/grados\/quimica\/wp-content\/uploads\/sites\/46\/2025\/02\/still-life-laboratory-samples-2000x1333.jpg 2x\" srcset=\"data:image\/gif;base64,R0lGODlhAQABAIAAAAAAAP\/\/\/yH5BAEAAAAALAAAAAABAAEAAAIBRAA7\" media=\"(min-width: 1025px)\" \/>\n<img decoding=\"async\" src=\"data:image\/gif;base64,R0lGODlhAQABAIAAAAAAAP\/\/\/yH5BAEAAAAALAAAAAABAAEAAAIBRAA7\" data-ken-burns=\"false\" data-tablet-ken-burns=\"false\" data-mobile-ken-burns=\"false\" alt=\"\" data-depicter-src=\"https:\/\/www.ull.es\/grados\/quimica\/wp-content\/uploads\/sites\/46\/2025\/02\/still-life-laboratory-samples.jpg\" data-object-fit=\"custom,custom,\" data-object-position=\"center top,,\" data-crop=\"{'focalPoint':{'x':0.5,'y':0.58999999999999996891375531049561686813831329345703125},'mediaSize':{'width':1792,'height':1194}}\" data-tablet-crop=\"{'focalPoint':{'x':0.5,'y':0.5},'mediaSize':{'width':1050.262565641410446914960630238056182861328125,'height':700}}\" data-mobile-crop=\"{'focalPoint':{'x':0.5,'y':0.5},'mediaSize':{'width':540.1350337584395902013056911528110504150390625,'height':360}}\" \/>\n<\/picture>\n\n\n<h1 id=\"depicter-1-element-5\" class=\"depicter-element depicter-layer depicter-1-element-5\" data-type=\"text\" data-wrap=\"true\" data-name=\"Text 2\" data-local-id=\"element-5\" data-offset=\"x:212px;y:200px;origin:tl\" data-tablet-offset=\"x:331px;y:327px;origin:tl\" data-mobile-offset=\"x:67px;y:-108px;origin:tl\" data-width=\"777px,362px,348px\" data-height=\"auto,auto,auto\" data-responsive-scale=\"true,,\">Grado en Qu\u00edmica<\/h1>\n\n<div id=\"depicter-1-element-10\" class=\"depicter-element depicter-layer depicter-1-element-10\" data-type=\"shape\" data-wrap=\"true\" data-name=\"Shape 1\" data-local-id=\"element-10\" data-offset=\"x:226px;y:313px;origin:tl\" data-tablet-offset=\"x:338px;y:379px;origin:tl\" data-mobile-offset=\"x:67px;y:7px;origin:tl\" data-width=\"749px,337px,190px\" data-height=\"8px,8px,8px\" data-responsive-scale=\"true,,\"><\/div>\n<\/div>\n<\/div>\n<script>\n(window.depicterSetups = window.depicterSetups || []).push(function(){\n\tDepicter.basePath = 'https:\/\/www.ull.es\/grados\/quimica\/wp-content\/plugins\/depicter\/resources\/scripts\/player\/';\n\tconst dpPlayer = Depicter.setup('.depicter-1',\n\t\t{\"width\":[\"1200\",\"1024\",\"360\"],\"height\":[\"500\",\"700\",\"360\"],\"view\":\"basic\",\"keepAspectRatio\":true,\"preload\":0,\"layout\":\"fullwidth\",\"rtl\":false,\"initAfterAppear\":false,\"ajaxApiUrl\":\"https:\\\/\\\/www.ull.es\\\/grados\\\/quimica\\\/wp-admin\\\/admin-ajax.php\",\"mouseSwipe\":true,\"touchSwipe\":true,\"useWatermark\":false}\n\t);\n});\n<\/script><\/div><\/div><\/div>\n<\/div><\/div>\n\n\n\n<div class=\"wp-block-stackable-columns alignfull stk-block-columns stk--hide-mobile stk-block stk-ceecbdc stk-block-background\" data-block-id=\"ceecbdc\"><style>.stk-ceecbdc {background-color:#360060 !important;padding-top:35px !important;padding-right:0px !important;padding-bottom:2px !important;padding-left:0px !important;margin-top:-20px !important;margin-bottom:70px !important;}.stk-ceecbdc:before{background-color:#360060 !important;}<\/style><div class=\"stk-row stk-inner-blocks stk-block-content stk-content-align stk-ceecbdc-column alignfull\">\n<div class=\"wp-block-stackable-column stk-block-column stk-column stk-block stk-fc60a5d\" data-v=\"4\" data-block-id=\"fc60a5d\"><div class=\"stk-column-wrapper stk-block-column__content stk-container stk-fc60a5d-container stk--no-background stk--no-padding\"><div class=\"stk-block-content stk-inner-blocks stk-fc60a5d-inner-blocks\">\n<div class=\"wp-block-stackable-spacer stk-block-spacer stk--no-padding stk-block stk-a3a8a68\" data-block-id=\"a3a8a68\"><style>.stk-a3a8a68 {height:0px !important;}<\/style><\/div>\n<\/div><\/div><\/div>\n<\/div><\/div>\n\n\n\n<div class=\"wp-block-stackable-columns alignwide stk-block-columns stk-block stk-3627255\" data-block-id=\"3627255\"><style>.stk-3627255 {padding-right:16% !important;padding-left:16% !important;margin-bottom:18px !important;}<\/style><div class=\"stk-row stk-inner-blocks stk-block-content stk-content-align stk-3627255-column alignwide\">\n<div class=\"wp-block-stackable-column stk-block-column stk-column stk-block stk-81e665a\" data-v=\"4\" data-block-id=\"81e665a\"><div class=\"stk-column-wrapper stk-block-column__content stk-container stk-81e665a-container stk--no-background stk--no-padding\"><div class=\"stk-block-content stk-inner-blocks stk-81e665a-inner-blocks\">\n<div class=\"wp-block-stackable-heading stk-block-heading stk-block-heading--v2 stk-block stk-97878e6\" id=\"perfil-de-ingreso-y-egreso\" data-block-id=\"97878e6\"><style>.stk-97878e6 .stk-block-heading__text{color:#5c068c !important;}<\/style><h1 class=\"stk-block-heading__text has-text-color\">Perfil de ingreso y egreso<\/h1><\/div>\n\n\n\n<div class=\"wp-block-stackable-heading stk-block-heading stk-block-heading--v2 stk-block stk-c1637bd\" id=\"perfil-de-ingreso-recomendado\" data-block-id=\"c1637bd\"><style>.stk-c1637bd .stk-block-heading__text{color:#5c068c !important;}<\/style><h2 class=\"stk-block-heading__text has-text-color\">Perfil de ingreso recomendado<\/h2><\/div>\n\n\n\n<p>El estudiantado que re\u00fana\u00a0<a href=\"https:\/\/www.ull.es\/grados\/quimica\/informacion-academica\/acceso-admision-y-matricula\/#acceso\" target=\"_blank\" rel=\"noreferrer noopener\" target=\"_blank\" rel=\"noopener\">los requisitos de acceso establecidos por la Ley<\/a>\u00a0puede ser admitido al proceso de preinscripci\u00f3n del Grado en Qu\u00edmica. Ser\u00eda recomendable que tengan formaci\u00f3n preferiblemente de Ciencias o Ciencias de la Salud, con conocimientos b\u00e1sicos en Qu\u00edmica, F\u00edsica y Matem\u00e1ticas y cierto dominio de la lengua inglesa. Adem\u00e1s deben tener aptitudes personales tales como inter\u00e9s por la investigaci\u00f3n y la experimentaci\u00f3n, capacidad de an\u00e1lisis y comprensi\u00f3n abstracta, destreza num\u00e9rica, habilidad deductiva, m\u00e9todo y rigurosidad en el trabajo, y vocaci\u00f3n por la Qu\u00edmica.<\/p>\n\n\n\n<div class=\"wp-block-stackable-divider stk-block-divider stk-block stk-9cf9731\" data-block-id=\"9cf9731\"><style>.stk-9cf9731 hr.stk-block-divider__hr{width:100% !important;}<\/style><hr class=\"stk-block-divider__hr\"\/><\/div>\n\n\n\n<div class=\"wp-block-stackable-heading stk-block-heading stk-block-heading--v2 stk-block stk-ed628e4\" id=\"perfil-de-egreso\" data-block-id=\"ed628e4\"><style>.stk-ed628e4 .stk-block-heading__text{color:#5c068c !important;}<\/style><h2 class=\"stk-block-heading__text has-text-color\">Perfil de egreso<\/h2><\/div>\n\n\n\n<p>Los Graduados y Graduadas en Qu\u00edmica adquieren las competencias necesarias para el desarrollo de la profesi\u00f3n de qu\u00edmico o qu\u00edmica en diferentes \u00e1reas de trabajo:<\/p>\n\n\n\n<ul class=\"wp-block-list\">\n<li>Industria: qu\u00edmica, farmac\u00e9utica, biotecnol\u00f3gica, textil, agroalimentaria, cosm\u00e9tica, petroqu\u00edmica, energ\u00edas renovables, combustibles, de nuevos materiales, etc. Dise\u00f1o y obtenci\u00f3n de nuevos productos. Control de calidad y producci\u00f3n. Control de procesos industriales. Gesti\u00f3n: direcci\u00f3n t\u00e9cnica o general. Direcci\u00f3n comercial y marketing.<\/li>\n\n\n\n<li>An\u00e1lisis qu\u00edmico en laboratorios privados y p\u00fablicos: sanidad, agrarios, aduanas, an\u00e1lisis de estupefacientes, control de dopaje, identificaci\u00f3n y restauraci\u00f3n del patrimonio art\u00edstico\u2026<\/li>\n\n\n\n<li>Investigaci\u00f3n b\u00e1sica y aplicada, iniciaci\u00f3n en este \u00e1rea como futuros investigadores e investigadoras de I+D+i en la industria, en la Universidad y otros organismos p\u00fablicos de investigaci\u00f3n, una vez superada la titulaci\u00f3n de m\u00e1ster correspondiente (nivel MECES 3).<\/li>\n\n\n\n<li>Protecci\u00f3n y control medioambiental: an\u00e1lisis, tratamiento y depuraci\u00f3n de aguas. Detecci\u00f3n, an\u00e1lisis y tratamiento de sustancias contaminantes, residuos urbanos, agr\u00edcolas e industriales.<\/li>\n\n\n\n<li>Asesoramiento t\u00e9cnico, consultor\u00eda y prevenci\u00f3n de riesgos laborales e higiene industrial.<\/li>\n\n\n\n<li>Docencia en Educaci\u00f3n Secundaria Obligatoria, Bachillerato, Formaci\u00f3n Profesional y Universidad, una vez superado el M\u00e1ster universitario en Formaci\u00f3n del Profesorado que habilita para el ejercicio de actividades profesionales.<\/li>\n<\/ul>\n<\/div><\/div><\/div>\n<\/div><\/div>\n","protected":false},"excerpt":{"rendered":"<p>Perfil de ingreso y egreso Perfil de ingreso recomendado El estudiantado que re\u00fana\u00a0los requisitos de acceso establecidos por la Ley\u00a0puede ser admitido al proceso de preinscripci\u00f3n del Grado en Qu\u00edmica. Ser\u00eda recomendable que tengan formaci\u00f3n preferiblemente de Ciencias o Ciencias de la Salud, con conocimientos b\u00e1sicos en Qu\u00edmica, F\u00edsica y Matem\u00e1ticas y cierto dominio de&#8230;<\/p>","protected":false},"author":1,"featured_media":0,"parent":252,"menu_order":1,"comment_status":"closed","ping_status":"closed","template":"templates\/template-frontpage.php","meta":{"footnotes":""},"class_list":["post-37","page","type-page","status-publish","hentry"],"_links":{"self":[{"href":"https:\/\/www.ull.es\/grados\/quimica\/en\/wp-json\/wp\/v2\/pages\/37","targetHints":{"allow":["GET"]}}],"collection":[{"href":"https:\/\/www.ull.es\/grados\/quimica\/en\/wp-json\/wp\/v2\/pages"}],"about":[{"href":"https:\/\/www.ull.es\/grados\/quimica\/en\/wp-json\/wp\/v2\/types\/page"}],"author":[{"embeddable":true,"href":"https:\/\/www.ull.es\/grados\/quimica\/en\/wp-json\/wp\/v2\/users\/1"}],"replies":[{"embeddable":true,"href":"https:\/\/www.ull.es\/grados\/quimica\/en\/wp-json\/wp\/v2\/comments?post=37"}],"version-history":[{"count":20,"href":"https:\/\/www.ull.es\/grados\/quimica\/en\/wp-json\/wp\/v2\/pages\/37\/revisions"}],"predecessor-version":[{"id":1539,"href":"https:\/\/www.ull.es\/grados\/quimica\/en\/wp-json\/wp\/v2\/pages\/37\/revisions\/1539"}],"up":[{"embeddable":true,"href":"https:\/\/www.ull.es\/grados\/quimica\/en\/wp-json\/wp\/v2\/pages\/252"}],"wp:attachment":[{"href":"https:\/\/www.ull.es\/grados\/quimica\/en\/wp-json\/wp\/v2\/media?parent=37"}],"curies":[{"name":"wp","href":"https:\/\/api.w.org\/{rel}","templated":true}]}}