{"id":38,"date":"2017-06-28T13:01:07","date_gmt":"2017-06-28T13:01:07","guid":{"rendered":"http:\/\/www.ull.es\/masteres\/desarrollo-y-gestion-de-recursos-humanos\/?page_id=38"},"modified":"2025-11-13T18:12:28","modified_gmt":"2025-11-13T18:12:28","slug":"competencias","status":"publish","type":"page","link":"https:\/\/www.ull.es\/grados\/quimica\/fr\/plan-de-estudios\/competencias\/","title":{"rendered":"Comp\u00e9tences"},"content":{"rendered":"\n<div class=\"wp-block-stackable-columns alignfull stk-block-columns stk-block stk-8657999\" data-block-id=\"8657999\"><style>.stk-8657999 {padding-bottom:0px !important;margin-top:-30px !important;margin-bottom:0px !important;}@media screen and (max-width: 767px){.stk-8657999 {margin-top:-10% !important;}}<\/style><div class=\"stk-row stk-inner-blocks stk-block-content stk-content-align stk-8657999-column alignfull\">\n<div class=\"wp-block-stackable-column stk-block-column stk-column stk-block stk-914f03e\" data-v=\"4\" data-block-id=\"914f03e\"><div class=\"stk-column-wrapper stk-block-column__content stk-container stk-914f03e-container stk--no-background stk--no-padding\"><div class=\"stk-block-content stk-inner-blocks stk-914f03e-inner-blocks\"><style id=\"depicter-1-inline-pre-css\">\n\n.depicter-1:not(.depicter-ready){\n\theight:500px;\n}\n\n\/***** Tablet *****\/\n@media screen and (max-width: 1024px){\n\n.depicter-1:not(.depicter-ready){\n\theight:700px;\n}\n\n}\n\/***** Mobile *****\/\n@media screen and (max-width: 767px){\n\n.depicter-1:not(.depicter-ready){\n\theight:360px;\n}\n\n}\n<\/style>\n<div id=\"depicter-1\" class=\"depicter depicter-document depicter-revert depicter-1 depicter-layout-fullwidth\">\n\n<div class=\"depicter-loading-container depicter-loading dotFlashing-dark\"><div class=\"depicter-loading-dark depicter-dot-flashing\">\n   <span><\/span>\n   <span><\/span>\n   <span><\/span>\n<\/div>\n<\/div>\n<div id=\"depicter-1-section-1\" class=\"depicter-section depicter-1-section-1\" data-name=\"Section 1\" data-type=\"section\" data-local-id=\"section-1\">\n<picture class=\"depicter-bg\">\n<source data-depicter-srcset=\"https:\/\/www.ull.es\/grados\/quimica\/wp-content\/uploads\/sites\/46\/2025\/02\/still-life-laboratory-samples-768x512.jpg, https:\/\/www.ull.es\/grados\/quimica\/wp-content\/uploads\/sites\/46\/2025\/02\/still-life-laboratory-samples.jpg 2x\" srcset=\"data:image\/gif;base64,R0lGODlhAQABAIAAAAAAAP\/\/\/yH5BAEAAAAALAAAAAABAAEAAAIBRAA7\" media=\"(max-width: 1024px)\" \/>\n\n<source data-depicter-srcset=\"https:\/\/www.ull.es\/grados\/quimica\/wp-content\/uploads\/sites\/46\/2025\/02\/still-life-laboratory-samples.jpg, https:\/\/www.ull.es\/grados\/quimica\/wp-content\/uploads\/sites\/46\/2025\/02\/still-life-laboratory-samples-2000x1333.jpg 2x\" srcset=\"data:image\/gif;base64,R0lGODlhAQABAIAAAAAAAP\/\/\/yH5BAEAAAAALAAAAAABAAEAAAIBRAA7\" media=\"(min-width: 1025px)\" \/>\n<img decoding=\"async\" src=\"data:image\/gif;base64,R0lGODlhAQABAIAAAAAAAP\/\/\/yH5BAEAAAAALAAAAAABAAEAAAIBRAA7\" data-ken-burns=\"false\" data-tablet-ken-burns=\"false\" data-mobile-ken-burns=\"false\" alt=\"\" data-depicter-src=\"https:\/\/www.ull.es\/grados\/quimica\/wp-content\/uploads\/sites\/46\/2025\/02\/still-life-laboratory-samples.jpg\" data-object-fit=\"custom,custom,\" data-object-position=\"center top,,\" data-crop=\"{'focalPoint':{'x':0.5,'y':0.58999999999999996891375531049561686813831329345703125},'mediaSize':{'width':1792,'height':1194}}\" data-tablet-crop=\"{'focalPoint':{'x':0.5,'y':0.5},'mediaSize':{'width':1050.262565641410446914960630238056182861328125,'height':700}}\" data-mobile-crop=\"{'focalPoint':{'x':0.5,'y':0.5},'mediaSize':{'width':540.1350337584395902013056911528110504150390625,'height':360}}\" \/>\n<\/picture>\n\n\n<h1 id=\"depicter-1-element-5\" class=\"depicter-element depicter-layer depicter-1-element-5\" data-type=\"text\" data-wrap=\"true\" data-name=\"Text 2\" data-local-id=\"element-5\" data-offset=\"x:212px;y:200px;origin:tl\" data-tablet-offset=\"x:331px;y:327px;origin:tl\" data-mobile-offset=\"x:67px;y:-108px;origin:tl\" data-width=\"777px,362px,348px\" data-height=\"auto,auto,auto\" data-responsive-scale=\"true,,\">Grado en Qu\u00edmica<\/h1>\n\n<div id=\"depicter-1-element-10\" class=\"depicter-element depicter-layer depicter-1-element-10\" data-type=\"shape\" data-wrap=\"true\" data-name=\"Shape 1\" data-local-id=\"element-10\" data-offset=\"x:226px;y:313px;origin:tl\" data-tablet-offset=\"x:338px;y:379px;origin:tl\" data-mobile-offset=\"x:67px;y:7px;origin:tl\" data-width=\"749px,337px,190px\" data-height=\"8px,8px,8px\" data-responsive-scale=\"true,,\"><\/div>\n<\/div>\n<\/div>\n<script>\n(window.depicterSetups = window.depicterSetups || []).push(function(){\n\tDepicter.basePath = 'https:\/\/www.ull.es\/grados\/quimica\/wp-content\/plugins\/depicter\/resources\/scripts\/player\/';\n\tconst dpPlayer = Depicter.setup('.depicter-1',\n\t\t{\"width\":[\"1200\",\"1024\",\"360\"],\"height\":[\"500\",\"700\",\"360\"],\"view\":\"basic\",\"keepAspectRatio\":true,\"preload\":0,\"layout\":\"fullwidth\",\"rtl\":false,\"initAfterAppear\":false,\"ajaxApiUrl\":\"https:\\\/\\\/www.ull.es\\\/grados\\\/quimica\\\/wp-admin\\\/admin-ajax.php\",\"mouseSwipe\":true,\"touchSwipe\":true,\"useWatermark\":false}\n\t);\n});\n<\/script><\/div><\/div><\/div>\n<\/div><\/div>\n\n\n\n<div class=\"wp-block-stackable-columns alignfull stk-block-columns stk--hide-mobile stk-block stk-ceecbdc stk-block-background\" data-block-id=\"ceecbdc\"><style>.stk-ceecbdc {background-color:#360060 !important;padding-top:35px !important;padding-right:0px !important;padding-bottom:2px !important;padding-left:0px !important;margin-top:-20px !important;margin-bottom:70px !important;}.stk-ceecbdc:before{background-color:#360060 !important;}<\/style><div class=\"stk-row stk-inner-blocks stk-block-content stk-content-align stk-ceecbdc-column alignfull\">\n<div class=\"wp-block-stackable-column stk-block-column stk-column stk-block stk-fc60a5d\" data-v=\"4\" data-block-id=\"fc60a5d\"><div class=\"stk-column-wrapper stk-block-column__content stk-container stk-fc60a5d-container stk--no-background stk--no-padding\"><div class=\"stk-block-content stk-inner-blocks stk-fc60a5d-inner-blocks\">\n<div class=\"wp-block-stackable-spacer stk-block-spacer stk--no-padding stk-block stk-a3a8a68\" data-block-id=\"a3a8a68\"><style>.stk-a3a8a68 {height:0px !important;}<\/style><\/div>\n<\/div><\/div><\/div>\n<\/div><\/div>\n\n\n\n<div class=\"wp-block-stackable-columns stk-block-columns stk-block stk-8b59b96\" data-block-id=\"8b59b96\"><style>.stk-8b59b96 .stk--block-align-8b59b96{align-items:flex-start !important;}.stk-8b59b96 {margin-top:25px !important;}.stk-8b59b96-column{--stk-columns-spacing:0px !important;--stk-column-gap:50px !important;}@media screen and (max-width: 767px){.stk-8b59b96-column{row-gap:var(--stk--preset--spacing--60, 2.25rem) !important;}}<\/style><div class=\"stk-row stk-inner-blocks stk--block-align-8b59b96 stk-block-content stk-content-align stk-8b59b96-column\">\n<div class=\"wp-block-stackable-column stk-block-column stk-column stk-block stk-dbb7e15\" data-v=\"4\" data-block-id=\"dbb7e15\"><div class=\"stk-column-wrapper stk-block-column__content stk-container stk-dbb7e15-container stk--no-background stk--no-padding\"><div class=\"stk-block-content stk-inner-blocks stk-dbb7e15-inner-blocks\">\n<div class=\"wp-block-stackable-heading stk-block-heading stk-block-heading--v2 stk-block stk-689c258\" id=\"competencias\" data-block-id=\"689c258\"><style>.stk-689c258 .stk-block-heading__text{color:#5c068c !important;}<\/style><h1 class=\"stk-block-heading__text has-text-color\">Competencias<\/h1><\/div>\n\n\n\n<div class=\"wp-block-stackable-text stk-block-text stk-block stk-82992b2\" data-block-id=\"82992b2\"><p class=\"stk-block-text__text\">Las competencias son el conjunto de conocimientos, habilidades y actitudes a adquirir por el estudiantado, a lo largo de la titulaci\u00f3n, orientadas a la preparaci\u00f3n del ejercicio de actividades de car\u00e1cter profesional.<\/p><\/div>\n\n\n\n<details class=\"wp-block-stackable-accordion stk-block-accordion stk-inner-blocks stk-block-content stk-block stk-8b2d93c is-style-default\" id=\"competencias-generales\" data-block-id=\"8b2d93c\"><style>.stk-8b2d93c {border-style:solid !important;border-top-width:0px !important;border-right-width:0px !important;border-bottom-width:1px !important;border-left-width:0px !important;margin-bottom:11px !important;}<\/style>\n<summary class=\"wp-block-stackable-column stk-block-column stk-column stk-block stk-f6bf138 stk--container-small stk-block-accordion__heading\" data-v=\"4\" data-block-id=\"f6bf138\"><style>.stk-f6bf138 {padding-top:2px !important;padding-right:2px !important;padding-bottom:2px !important;padding-left:2px !important;}<\/style><div class=\"stk-column-wrapper stk-block-column__content stk-container stk-f6bf138-container stk--no-background stk--no-padding\"><div class=\"stk-block-content stk-inner-blocks stk-f6bf138-inner-blocks\">\n<div class=\"wp-block-stackable-icon-label stk-block-icon-label stk-block stk-94bb4b4\" data-block-id=\"94bb4b4\"><style>.stk-94bb4b4 .stk-inner-blocks{gap:39px !important;}@media screen and (max-width: 1023px){.stk-94bb4b4 .stk-inner-blocks{gap:39px !important;}}@media screen and (max-width: 767px){.stk-94bb4b4 .stk-inner-blocks{gap:39px !important;}}<\/style><div class=\"stk-row stk-inner-blocks stk-block-content\">\n<div class=\"wp-block-stackable-icon stk-block-icon stk-block stk-d82d3b9\" data-block-id=\"d82d3b9\"><style>.stk-d82d3b9 .stk--svg-wrapper .stk--inner-svg svg:last-child{height:25px !important;width:25px !important;}.stk-d82d3b9 .stk--svg-wrapper .stk--inner-svg svg:last-child, .stk-d82d3b9 .stk--svg-wrapper .stk--inner-svg svg:last-child :is(g, path, rect, polygon, ellipse){fill:#5c068c !important;}<\/style><span class=\"stk--svg-wrapper stk--has-icon2\"><div class=\"stk--inner-svg\"><svg style=\"height:0;width:0\"><defs><linearGradient id=\"linear-gradient-d82d3b9\" x1=\"0\" x2=\"100%\" y1=\"0\" y2=\"0\"><stop offset=\"0%\" style=\"stop-opacity:1;stop-color:var(--linear-gradient-d-82-d-3-b-9-color-1)\"><\/stop><stop offset=\"100%\" style=\"stop-opacity:1;stop-color:var(--linear-gradient-d-82-d-3-b-9-color-2)\"><\/stop><\/linearGradient><\/defs><\/svg><svg xmlns=\"http:\/\/www.w3.org\/2000\/svg\" viewBox=\"0 0 640 512\" aria-hidden=\"true\" width=\"32\" height=\"32\"><path d=\"M144 0a80 80 0 1 1 0 160A80 80 0 1 1 144 0zM512 0a80 80 0 1 1 0 160A80 80 0 1 1 512 0zM0 298.7C0 239.8 47.8 192 106.7 192h42.7c15.9 0 31 3.5 44.6 9.7c-1.3 7.2-1.9 14.7-1.9 22.3c0 38.2 16.8 72.5 43.3 96c-.2 0-.4 0-.7 0H21.3C9.6 320 0 310.4 0 298.7zM405.3 320c-.2 0-.4 0-.7 0c26.6-23.5 43.3-57.8 43.3-96c0-7.6-.7-15-1.9-22.3c13.6-6.3 28.7-9.7 44.6-9.7h42.7C592.2 192 640 239.8 640 298.7c0 11.8-9.6 21.3-21.3 21.3H405.3zM224 224a96 96 0 1 1 192 0 96 96 0 1 1 -192 0zM128 485.3C128 411.7 187.7 352 261.3 352H378.7C452.3 352 512 411.7 512 485.3c0 14.7-11.9 26.7-26.7 26.7H154.7c-14.7 0-26.7-11.9-26.7-26.7z\"><\/path><\/svg><\/div><div class=\"stk--inner-svg stk--icon-2\" style=\"display:none\"><svg style=\"height:0;width:0\"><defs><linearGradient id=\"linear-gradient-d82d3b9\" x1=\"0\" x2=\"100%\" y1=\"0\" y2=\"0\"><stop offset=\"0%\" style=\"stop-opacity:1;stop-color:var(--linear-gradient-d-82-d-3-b-9-color-1)\"><\/stop><stop offset=\"100%\" style=\"stop-opacity:1;stop-color:var(--linear-gradient-d-82-d-3-b-9-color-2)\"><\/stop><\/linearGradient><\/defs><\/svg><svg xmlns=\"http:\/\/www.w3.org\/2000\/svg\" viewBox=\"0 0 640 512\" aria-hidden=\"true\" width=\"32\" height=\"32\"><path d=\"M211.2 96a64 64 0 1 0 -128 0 64 64 0 1 0 128 0zM32 256c0 17.7 14.3 32 32 32h85.6c10.1-39.4 38.6-71.5 75.8-86.6c-9.7-6-21.2-9.4-33.4-9.4H96c-35.3 0-64 28.7-64 64zm461.6 32H576c17.7 0 32-14.3 32-32c0-35.3-28.7-64-64-64H448c-11.7 0-22.7 3.1-32.1 8.6c38.1 14.8 67.4 47.3 77.7 87.4zM391.2 226.4c-6.9-1.6-14.2-2.4-21.6-2.4h-96c-8.5 0-16.7 1.1-24.5 3.1c-30.8 8.1-55.6 31.1-66.1 60.9c-3.5 10-5.5 20.8-5.5 32c0 17.7 14.3 32 32 32h224c17.7 0 32-14.3 32-32c0-11.2-1.9-22-5.5-32c-10.8-30.7-36.8-54.2-68.9-61.6zM563.2 96a64 64 0 1 0 -128 0 64 64 0 1 0 128 0zM321.6 192a80 80 0 1 0 0-160 80 80 0 1 0 0 160zM32 416c-17.7 0-32 14.3-32 32s14.3 32 32 32H608c17.7 0 32-14.3 32-32s-14.3-32-32-32H32z\"><\/path><\/svg><\/div><\/span><\/div>\n\n\n\n<div class=\"wp-block-stackable-heading stk-block-heading stk-block-heading--v2 stk-block stk-d5e53a0\" id=\"span-style-color-000000-class-stk-highlight-competencias-generales-span\" data-block-id=\"d5e53a0\"><style>.stk-d5e53a0 .stk-block-heading__text{color:#000000 !important;font-weight:500 !important;font-family:\"ArgentumSans\", Sans-serif !important;}<\/style><h4 class=\"stk-block-heading__text has-text-color\"><span style=\"color: #000000;\" class=\"stk-highlight\">Competencias generales<\/span><\/h4><\/div>\n<\/div><\/div>\n<\/div><\/div><\/summary>\n\n\n\n<div class=\"wp-block-stackable-column stk-block-column stk-column stk-block stk-e54d8ba stk-block-accordion__content\" data-v=\"4\" data-block-id=\"e54d8ba\"><style>.stk-e54d8ba {margin-top:-30px !important;}<\/style><div class=\"stk-column-wrapper stk-block-column__content stk-container stk-e54d8ba-container stk--no-background stk--no-padding\"><div class=\"stk-block-content stk-inner-blocks stk-e54d8ba-inner-blocks\">\n<p>Se refiere a competencias transversales, transferibles a multitud de funciones y tareas. Se incluyen aqu\u00ed tanto las competencias instrumentales y las interpersonales como las sist\u00e9micas:<\/p>\n\n\n\n<ul class=\"wp-block-list\">\n<li>Capacidad de an\u00e1lisis y s\u00edntesis.<\/li>\n\n\n\n<li>Capacidad de organizaci\u00f3n y planificaci\u00f3n.<\/li>\n\n\n\n<li>Conocimiento de una lengua extranjera.<\/li>\n\n\n\n<li>Resoluci\u00f3n de problemas.<\/li>\n\n\n\n<li>Toma de decisiones.<\/li>\n\n\n\n<li>Trabajo en equipo.<\/li>\n\n\n\n<li>Trabajo en un equipo de car\u00e1cter interdisciplinar.<\/li>\n\n\n\n<li>Trabajo en un contexto internacional.<\/li>\n\n\n\n<li>Habilidades en las relaciones interpersonales.<\/li>\n\n\n\n<li>Reconocimiento a la diversidad y la multiculturalidad.<\/li>\n\n\n\n<li>Razonamiento cr\u00edtico.<\/li>\n\n\n\n<li>Compromiso \u00e9tico.<\/li>\n\n\n\n<li>Aprendizaje aut\u00f3nomo.<\/li>\n\n\n\n<li>Adaptaci\u00f3n a nuevas situaciones.<\/li>\n\n\n\n<li>Creatividad.<\/li>\n\n\n\n<li>Liderazgo.<\/li>\n\n\n\n<li>Motivaci\u00f3n por la calidad.<\/li>\n\n\n\n<li>Sensibilidad hacia temas medioambientales.<\/li>\n<\/ul>\n<\/div><\/div><\/div>\n<\/details>\n\n\n\n<details class=\"wp-block-stackable-accordion stk-block-accordion stk-inner-blocks stk-block-content stk-block stk-c85b35c is-style-default\" id=\"competencias-transversales\" data-block-id=\"c85b35c\"><style>.stk-c85b35c {border-style:solid !important;border-top-width:0px !important;border-right-width:0px !important;border-bottom-width:1px !important;border-left-width:0px !important;margin-bottom:45px !important;}<\/style>\n<summary class=\"wp-block-stackable-column stk-block-column stk-column stk-block stk-d23ef75 stk--container-small stk-block-accordion__heading\" data-v=\"4\" data-block-id=\"d23ef75\"><style>.stk-d23ef75 {padding-top:2px !important;padding-right:2px !important;padding-bottom:2px !important;padding-left:2px !important;}<\/style><div class=\"stk-column-wrapper stk-block-column__content stk-container stk-d23ef75-container stk--no-background stk--no-padding\"><div class=\"stk-block-content stk-inner-blocks stk-d23ef75-inner-blocks\">\n<div class=\"wp-block-stackable-icon-label stk-block-icon-label stk-block stk-cb369e7\" data-block-id=\"cb369e7\"><style>.stk-cb369e7 .stk-inner-blocks{gap:39px !important;}@media screen and (max-width: 1023px){.stk-cb369e7 .stk-inner-blocks{gap:39px !important;}}@media screen and (max-width: 767px){.stk-cb369e7 .stk-inner-blocks{gap:39px !important;}}<\/style><div class=\"stk-row stk-inner-blocks stk-block-content\">\n<div class=\"wp-block-stackable-icon stk-block-icon stk-block stk-81a94a5\" data-block-id=\"81a94a5\"><style>.stk-81a94a5 .stk--svg-wrapper .stk--inner-svg svg:last-child{height:25px !important;width:25px !important;}.stk-81a94a5 .stk--svg-wrapper .stk--inner-svg svg:last-child, .stk-81a94a5 .stk--svg-wrapper .stk--inner-svg svg:last-child :is(g, path, rect, polygon, ellipse){fill:#5c068c !important;}<\/style><span class=\"stk--svg-wrapper stk--has-icon2\"><div class=\"stk--inner-svg\"><svg style=\"height:0;width:0\"><defs><linearGradient id=\"linear-gradient-81a94a5\" x1=\"0\" x2=\"100%\" y1=\"0\" y2=\"0\"><stop offset=\"0%\" style=\"stop-opacity:1;stop-color:var(--linear-gradient-81-a-94-a-5-color-1)\"><\/stop><stop offset=\"100%\" style=\"stop-opacity:1;stop-color:var(--linear-gradient-81-a-94-a-5-color-2)\"><\/stop><\/linearGradient><\/defs><\/svg><svg xmlns=\"http:\/\/www.w3.org\/2000\/svg\" viewBox=\"0 0 640 512\" aria-hidden=\"true\" width=\"32\" height=\"32\"><path d=\"M96 0C43 0 0 43 0 96V416c0 53 43 96 96 96H544c53 0 96-43 96-96V96c0-53-43-96-96-96H96zM64 96c0-17.7 14.3-32 32-32H544c17.7 0 32 14.3 32 32V416c0 17.7-14.3 32-32 32H96c-17.7 0-32-14.3-32-32V96zm159.8 80a48 48 0 1 0 -96 0 48 48 0 1 0 96 0zM96 309.3c0 14.7 11.9 26.7 26.7 26.7h56.1c8-34.1 32.8-61.7 65.2-73.6c-7.5-4.1-16.2-6.4-25.3-6.4H149.3C119.9 256 96 279.9 96 309.3zM461.2 336h56.1c14.7 0 26.7-11.9 26.7-26.7c0-29.5-23.9-53.3-53.3-53.3H421.3c-9.2 0-17.8 2.3-25.3 6.4c32.4 11.9 57.2 39.5 65.2 73.6zM372 289c-3.9-.7-7.9-1-12-1H280c-4.1 0-8.1 .3-12 1c-26 4.4-47.3 22.7-55.9 47c-2.7 7.5-4.1 15.6-4.1 24c0 13.3 10.7 24 24 24H408c13.3 0 24-10.7 24-24c0-8.4-1.4-16.5-4.1-24c-8.6-24.3-29.9-42.6-55.9-47zM512 176a48 48 0 1 0 -96 0 48 48 0 1 0 96 0zM320 256a64 64 0 1 0 0-128 64 64 0 1 0 0 128z\"><\/path><\/svg><\/div><div class=\"stk--inner-svg stk--icon-2\" style=\"display:none\"><svg style=\"height:0;width:0\"><defs><linearGradient id=\"linear-gradient-81a94a5\" x1=\"0\" x2=\"100%\" y1=\"0\" y2=\"0\"><stop offset=\"0%\" style=\"stop-opacity:1;stop-color:var(--linear-gradient-81-a-94-a-5-color-1)\"><\/stop><stop offset=\"100%\" style=\"stop-opacity:1;stop-color:var(--linear-gradient-81-a-94-a-5-color-2)\"><\/stop><\/linearGradient><\/defs><\/svg><svg xmlns=\"http:\/\/www.w3.org\/2000\/svg\" viewBox=\"0 0 640 512\" aria-hidden=\"true\" width=\"32\" height=\"32\"><path d=\"M41 7C31.6-2.3 16.4-2.3 7 7S-2.3 31.6 7 41l72 72c9.4 9.4 24.6 9.4 33.9 0s9.4-24.6 0-33.9L41 7zM599 7L527 79c-9.4 9.4-9.4 24.6 0 33.9s24.6 9.4 33.9 0l72-72c9.4-9.4 9.4-24.6 0-33.9s-24.6-9.4-33.9 0zM7 505c9.4 9.4 24.6 9.4 33.9 0l72-72c9.4-9.4 9.4-24.6 0-33.9s-24.6-9.4-33.9 0L7 471c-9.4 9.4-9.4 24.6 0 33.9zm592 0c9.4 9.4 24.6 9.4 33.9 0s9.4-24.6 0-33.9l-72-72c-9.4-9.4-24.6-9.4-33.9 0s-9.4 24.6 0 33.9l72 72zM320 256a64 64 0 1 0 0-128 64 64 0 1 0 0 128zM212.1 336c-2.7 7.5-4.1 15.6-4.1 24c0 13.3 10.7 24 24 24H408c13.3 0 24-10.7 24-24c0-8.4-1.4-16.5-4.1-24c-.5-1.4-1-2.7-1.6-4c-9.4-22.3-29.8-38.9-54.3-43c-3.9-.7-7.9-1-12-1H280c-4.1 0-8.1 .3-12 1c-.8 .1-1.7 .3-2.5 .5c-24.9 5.1-45.1 23-53.4 46.5zM175.8 224a48 48 0 1 0 0-96 48 48 0 1 0 0 96zm-26.5 32C119.9 256 96 279.9 96 309.3c0 14.7 11.9 26.7 26.7 26.7h56.1c8-34.1 32.8-61.7 65.2-73.6c-7.5-4.1-16.2-6.4-25.3-6.4H149.3zm368 80c14.7 0 26.7-11.9 26.7-26.7c0-29.5-23.9-53.3-53.3-53.3H421.3c-9.2 0-17.8 2.3-25.3 6.4c32.4 11.9 57.2 39.5 65.2 73.6h56.1zM464 224a48 48 0 1 0 0-96 48 48 0 1 0 0 96z\"><\/path><\/svg><\/div><\/span><\/div>\n\n\n\n<div class=\"wp-block-stackable-heading stk-block-heading stk-block-heading--v2 stk-block stk-78dd743\" id=\"competencias-transversales\" data-block-id=\"78dd743\"><style>.stk-78dd743 .stk-block-heading__text{color:#000000 !important;font-weight:500 !important;font-family:\"ArgentumSans\", Sans-serif !important;}<\/style><h4 class=\"stk-block-heading__text has-text-color\"><span style=\"color: #000000;\" class=\"stk-highlight\">Competencias b\u00e1sicas y espec\u00edficas<\/span><\/h4><\/div>\n<\/div><\/div>\n<\/div><\/div><\/summary>\n\n\n\n<div class=\"wp-block-stackable-column stk-block-column stk-column stk-block stk-feeffb5 stk-block-accordion__content\" data-v=\"4\" data-block-id=\"feeffb5\"><style>.stk-feeffb5 {margin-top:-30px !important;}<\/style><div class=\"stk-column-wrapper stk-block-column__content stk-container stk-feeffb5-container stk--no-background stk--no-padding\"><div class=\"stk-block-content stk-inner-blocks stk-feeffb5-inner-blocks\">\n<p>Las siguientes competencias espec\u00edficas son las competencias directamente relacionadas con el T\u00edtulo Europeo de grado en Qu\u00edmica (Eurobachelor), representan la base del T\u00edtulo de Grado en Qu\u00edmica y han sido seleccionadas como las m\u00e1s importantes a partir de un estudio realizado entre acad\u00e9micos y acad\u00e9micas, miembros del Colegio Oficial de Qu\u00edmicos de Espa\u00f1a y los de la Asociaci\u00f3n Nacional de Qu\u00edmica de Espa\u00f1a. Las podemos dividir en:<\/p>\n\n\n\n<p><strong>B1.) Competencias Te\u00f3ricas<\/strong>:<\/p>\n\n\n\n<ul class=\"wp-block-list\">\n<li>Aspectos principales de terminolog\u00eda qu\u00edmica, nomenclatura, convenios y unidades.<\/li>\n\n\n\n<li>Variaci\u00f3n de las propiedades caracter\u00edsticas de los elementos qu\u00edmicos seg\u00fan la Tabla Peri\u00f3dica.<\/li>\n\n\n\n<li>Caracter\u00edsticas de los diferentes estados de la materia y las teor\u00edas empleadas para describirlos.<\/li>\n\n\n\n<li>Tipos principales de reacci\u00f3n qu\u00edmica y sus principales caracter\u00edsticas asociadas.<\/li>\n\n\n\n<li>Principios de termodin\u00e1mica y sus aplicaciones en Qu\u00edmica.<\/li>\n\n\n\n<li>Estudio de los elementos qu\u00edmicos y sus compuestos. Obtenci\u00f3n, estructura y reactividad.<\/li>\n\n\n\n<li>Propiedades de los compuestos org\u00e1nicos, inorg\u00e1nicos y \u00f3rgano met\u00e1licos.<\/li>\n\n\n\n<li>Estudio de las t\u00e9cnicas anal\u00edticas (electroqu\u00edmicas, \u00f3pticas,\u2026) y sus aplicaciones.<\/li>\n\n\n\n<li>Operaciones unitarias de Ingenier\u00eda Qu\u00edmica.<\/li>\n\n\n\n<li>Metrolog\u00eda de los procesos qu\u00edmicos incluyendo la gesti\u00f3n de calidad.<\/li>\n\n\n\n<li>Relaci\u00f3n entre propiedades macrosc\u00f3picas y propiedades de \u00e1tomos y mol\u00e9culas individuales: incluyendo macromol\u00e9culas (naturales y sint\u00e9ticas), pol\u00edmeros, coloides y otros materiales.<\/li>\n\n\n\n<li>Estructura y reactividad de las principales clases de biomol\u00e9culas y la qu\u00edmica de los principales procesos biol\u00f3gicos.<\/li>\n<\/ul>\n\n\n\n<p><strong>B2.) Competencias Pr\u00e1cticas<\/strong><\/p>\n\n\n\n<ul class=\"wp-block-list\">\n<li>Capacidad para demostrar el conocimiento y comprensi\u00f3n de los hechos esenciales, conceptos, principios y teor\u00edas relacionadas con las \u00e1reas de la Qu\u00edmica.<\/li>\n\n\n\n<li>Resoluci\u00f3n de problemas cualitativos y cuantitativos seg\u00fan modelos previamente desarrollados.<\/li>\n\n\n\n<li>Reconocer y analizar nuevos problemas y planear estrategias para solucionarlos.<\/li>\n\n\n\n<li>Evaluaci\u00f3n, interpretaci\u00f3n y s\u00edntesis de datos e informaci\u00f3n Qu\u00edmica.<\/li>\n\n\n\n<li>Manipular con seguridad materiales qu\u00edmicos.<\/li>\n\n\n\n<li>Llevar a cabo procedimientos est\u00e1ndares de laboratorios implicados en trabajos anal\u00edticos y sint\u00e9ticos, en relaci\u00f3n con sistemas org\u00e1nicos e inorg\u00e1nicos.<\/li>\n\n\n\n<li>Manejo de instrumentaci\u00f3n qu\u00edmica est\u00e1ndar como la que se utiliza para investigaciones estructurales y separaciones.<\/li>\n\n\n\n<li>Interpretaci\u00f3n de datos procedentes de observaciones y medidas en el laboratorio en t\u00e9rminos de su significaci\u00f3n y de las teor\u00edas que la sustentan.<\/li>\n\n\n\n<li>Valoraci\u00f3n de riesgos en el uso de sustancias qu\u00edmicas y procedimientos de laboratorio.<\/li>\n\n\n\n<li>Equilibrio entre teor\u00eda y experimentaci\u00f3n.<\/li>\n\n\n\n<li>Reconocer y valorar los procesos qu\u00edmicos en la vida diaria.<\/li>\n\n\n\n<li>Comprensi\u00f3n de los aspectos cualitativos y cuantitativos de los problemas qu\u00edmicos.<\/li>\n\n\n\n<li>Capacidad para relacionar la Qu\u00edmica con otras disciplinas.<\/li>\n<\/ul>\n<\/div><\/div><\/div>\n<\/details>\n<\/div><\/div><\/div>\n<\/div><\/div>\n","protected":false},"excerpt":{"rendered":"<p>Les comp\u00e9tences d\u00e9signent l&#039;ensemble des connaissances, des aptitudes et des attitudes que les \u00e9tudiants acqui\u00e8rent tout au long de leur cursus, en vue de les pr\u00e9parer \u00e0 exercer des activit\u00e9s professionnelles. Les comp\u00e9tences g\u00e9n\u00e9rales sont des comp\u00e9tences transversales, applicables \u00e0 de nombreuses fonctions et t\u00e2ches. Elles comprennent \u00e0 la fois les comp\u00e9tences instrumentales et\u2026<\/p>","protected":false},"author":1,"featured_media":0,"parent":270,"menu_order":1,"comment_status":"closed","ping_status":"closed","template":"templates\/template-frontpage.php","meta":{"footnotes":""},"class_list":["post-38","page","type-page","status-publish","hentry"],"_links":{"self":[{"href":"https:\/\/www.ull.es\/grados\/quimica\/fr\/wp-json\/wp\/v2\/pages\/38","targetHints":{"allow":["GET"]}}],"collection":[{"href":"https:\/\/www.ull.es\/grados\/quimica\/fr\/wp-json\/wp\/v2\/pages"}],"about":[{"href":"https:\/\/www.ull.es\/grados\/quimica\/fr\/wp-json\/wp\/v2\/types\/page"}],"author":[{"embeddable":true,"href":"https:\/\/www.ull.es\/grados\/quimica\/fr\/wp-json\/wp\/v2\/users\/1"}],"replies":[{"embeddable":true,"href":"https:\/\/www.ull.es\/grados\/quimica\/fr\/wp-json\/wp\/v2\/comments?post=38"}],"version-history":[{"count":18,"href":"https:\/\/www.ull.es\/grados\/quimica\/fr\/wp-json\/wp\/v2\/pages\/38\/revisions"}],"predecessor-version":[{"id":1571,"href":"https:\/\/www.ull.es\/grados\/quimica\/fr\/wp-json\/wp\/v2\/pages\/38\/revisions\/1571"}],"up":[{"embeddable":true,"href":"https:\/\/www.ull.es\/grados\/quimica\/fr\/wp-json\/wp\/v2\/pages\/270"}],"wp:attachment":[{"href":"https:\/\/www.ull.es\/grados\/quimica\/fr\/wp-json\/wp\/v2\/media?parent=38"}],"curies":[{"name":"wp","href":"https:\/\/api.w.org\/{rel}","templated":true}]}}