{"id":33,"date":"2017-06-28T12:48:33","date_gmt":"2017-06-28T12:48:33","guid":{"rendered":"http:\/\/www.ull.es\/masteres\/desarrollo-y-gestion-de-recursos-humanos\/?page_id=20"},"modified":"2025-12-04T13:57:46","modified_gmt":"2025-12-04T13:57:46","slug":"trabajo-fin-de-grado","status":"publish","type":"page","link":"https:\/\/www.ull.es\/grados\/relaciones-laborales\/en\/plan-de-estudios\/trabajo-fin-de-grado\/","title":{"rendered":"Final Degree Project"},"content":{"rendered":"\n<div class=\"wp-block-stackable-columns alignfull stk-block-columns stk-block stk-8657999\" data-block-id=\"8657999\"><style>.stk-8657999 {padding-bottom:0px !important;margin-top:-30px !important;margin-bottom:0px !important;}@media screen and (max-width: 767px){.stk-8657999 {margin-top:-10% !important;}}<\/style><div class=\"stk-row stk-inner-blocks stk-block-content stk-content-align stk-8657999-column alignfull\">\n<div class=\"wp-block-stackable-column stk-block-column stk-column stk-block stk-914f03e\" data-v=\"4\" data-block-id=\"914f03e\"><div class=\"stk-column-wrapper stk-block-column__content stk-container stk-914f03e-container stk--no-background stk--no-padding\"><div class=\"stk-block-content stk-inner-blocks stk-914f03e-inner-blocks\"><style id=\"depicter-1-inline-pre-css\">\n\n.depicter-1:not(.depicter-ready){\n\theight:500px;\n}\n\n\/***** Tablet *****\/\n@media screen and (max-width: 1024px){\n\n.depicter-1:not(.depicter-ready){\n\theight:700px;\n}\n\n}\n\/***** Mobile *****\/\n@media screen and (max-width: 767px){\n\n.depicter-1:not(.depicter-ready){\n\theight:360px;\n}\n\n}\n<\/style>\n<div id=\"depicter-1\" class=\"depicter depicter-document depicter-revert depicter-1 depicter-layout-fullwidth\">\n\n<div class=\"depicter-loading-container depicter-loading dotFlashing-dark\"><div class=\"depicter-loading-dark depicter-dot-flashing\">\n   <span><\/span>\n   <span><\/span>\n   <span><\/span>\n<\/div>\n<\/div>\n<div id=\"depicter-1-section-1\" class=\"depicter-section depicter-1-section-1\" data-name=\"Section 1\" data-type=\"section\" data-local-id=\"section-1\">\n<picture class=\"depicter-bg\">\n<source data-depicter-srcset=\"https:\/\/www.ull.es\/grados\/relaciones-laborales\/wp-content\/uploads\/sites\/18\/2025\/04\/Slider_Relaciones_laborales-768x248.jpg, https:\/\/www.ull.es\/grados\/relaciones-laborales\/wp-content\/uploads\/sites\/18\/2025\/04\/Slider_Relaciones_laborales.jpg 2x\" srcset=\"data:image\/gif;base64,R0lGODlhAQABAIAAAAAAAP\/\/\/yH5BAEAAAAALAAAAAABAAEAAAIBRAA7\" media=\"(max-width: 1024px)\" \/>\n\n<source data-depicter-srcset=\"https:\/\/www.ull.es\/grados\/relaciones-laborales\/wp-content\/uploads\/sites\/18\/2025\/04\/Slider_Relaciones_laborales.jpg, https:\/\/www.ull.es\/grados\/relaciones-laborales\/wp-content\/uploads\/sites\/18\/2025\/04\/Slider_Relaciones_laborales-1921x620.jpg 2x\" srcset=\"data:image\/gif;base64,R0lGODlhAQABAIAAAAAAAP\/\/\/yH5BAEAAAAALAAAAAABAAEAAAIBRAA7\" media=\"(min-width: 1025px)\" \/>\n<img decoding=\"async\" src=\"data:image\/gif;base64,R0lGODlhAQABAIAAAAAAAP\/\/\/yH5BAEAAAAALAAAAAABAAEAAAIBRAA7\" data-ken-burns=\"false\" data-tablet-ken-burns=\"false\" data-mobile-ken-burns=\"false\" alt=\"\" data-depicter-src=\"https:\/\/www.ull.es\/grados\/relaciones-laborales\/wp-content\/uploads\/sites\/18\/2025\/04\/Slider_Relaciones_laborales.jpg\" data-object-fit=\"custom,custom,\" data-object-position=\"center top,,\" data-crop=\"{'focalPoint':{'x':0.5,'y':0.5},'mediaSize':{'width':1394.274193548387074770289473235607147216796875,'height':450}}\" data-tablet-crop=\"{'focalPoint':{'x':0.5,'y':0.5},'mediaSize':{'width':2168.87096774193560122512280941009521484375,'height':700.0000000000001136868377216160297393798828125}}\" data-mobile-crop=\"{'focalPoint':{'x':0.5,'y':0.5},'mediaSize':{'width':1115.41935483870975076570175588130950927734375,'height':360}}\" \/>\n<\/picture>\n\n\n<h1 id=\"depicter-1-element-5\" class=\"depicter-element depicter-layer depicter-1-element-5\" data-type=\"text\" data-wrap=\"true\" data-name=\"Text 2\" data-local-id=\"element-5\" data-offset=\"x:88px;y:150px;origin:tl\" data-tablet-offset=\"x:232px;y:293px;origin:tl\" data-mobile-offset=\"x:6px;y:-136px;origin:tl\" data-width=\"967px,589px,348px\" data-height=\"auto,auto,auto\" data-responsive-scale=\"true,,\">Grado en Relaciones Laborales<\/h1>\n\n<div id=\"depicter-1-element-10\" class=\"depicter-element depicter-layer depicter-1-element-10\" data-type=\"shape\" data-wrap=\"true\" data-name=\"Shape 1\" data-local-id=\"element-10\" data-offset=\"x:97px;y:349px;origin:tl\" data-tablet-offset=\"x:232px;y:426px;origin:tl\" data-mobile-offset=\"x:6px;y:15px;origin:tl\" data-width=\"927px,555px,309px\" data-height=\"8px,8px,8px\" data-responsive-scale=\"true,,\"><\/div>\n<\/div>\n<\/div>\n<script>\n(window.depicterSetups = window.depicterSetups || []).push(function(){\n\tDepicter.basePath = 'https:\/\/www.ull.es\/grados\/relaciones-laborales\/wp-content\/plugins\/depicter\/resources\/scripts\/player\/';\n\tconst dpPlayer = Depicter.setup('.depicter-1',\n\t\t{\"width\":[\"1200\",\"1024\",\"360\"],\"height\":[\"500\",\"700\",\"360\"],\"view\":\"basic\",\"keepAspectRatio\":true,\"preload\":0,\"layout\":\"fullwidth\",\"rtl\":false,\"initAfterAppear\":false,\"ajaxApiUrl\":\"https:\\\/\\\/www.ull.es\\\/grados\\\/relaciones-laborales\\\/wp-admin\\\/admin-ajax.php\",\"mouseSwipe\":true,\"touchSwipe\":true,\"useWatermark\":false}\n\t);\n});\n<\/script><\/div><\/div><\/div>\n<\/div><\/div>\n\n\n\n<div class=\"wp-block-stackable-columns alignfull stk-block-columns stk--hide-mobile stk-block stk-ceecbdc stk-block-background\" data-block-id=\"ceecbdc\"><style>.stk-ceecbdc {background-color:#360060 !important;padding-top:35px !important;padding-right:0px !important;padding-bottom:2px !important;padding-left:0px !important;margin-top:-20px !important;margin-bottom:70px !important;}.stk-ceecbdc:before{background-color:#360060 !important;}<\/style><div class=\"stk-row stk-inner-blocks stk-block-content stk-content-align stk-ceecbdc-column alignfull\">\n<div class=\"wp-block-stackable-column stk-block-column stk-column stk-block stk-fc60a5d\" data-v=\"4\" data-block-id=\"fc60a5d\"><div class=\"stk-column-wrapper stk-block-column__content stk-container stk-fc60a5d-container stk--no-background stk--no-padding\"><div class=\"stk-block-content stk-inner-blocks stk-fc60a5d-inner-blocks\">\n<div class=\"wp-block-stackable-spacer stk-block-spacer stk--no-padding stk-block stk-a3a8a68\" data-block-id=\"a3a8a68\"><style>.stk-a3a8a68 {height:0px !important;}<\/style><\/div>\n<\/div><\/div><\/div>\n<\/div><\/div>\n\n\n\n<div class=\"wp-block-stackable-columns stk-block-columns stk-block stk-8b59b96\" data-block-id=\"8b59b96\"><style>.stk-8b59b96 .stk--block-align-8b59b96{align-items:flex-start !important;}.stk-8b59b96 {margin-top:25px !important;}.stk-8b59b96-column{--stk-columns-spacing:0px !important;--stk-column-gap:50px !important;}@media screen and (max-width: 767px){.stk-8b59b96-column{row-gap:var(--stk--preset--spacing--60, 2.25rem) !important;}}<\/style><div class=\"stk-row stk-inner-blocks stk--block-align-8b59b96 stk-block-content stk-content-align stk-8b59b96-column\">\n<div class=\"wp-block-stackable-column stk-block-column stk-column stk-block stk-dbb7e15\" data-v=\"4\" data-block-id=\"dbb7e15\"><div class=\"stk-column-wrapper stk-block-column__content stk-container stk-dbb7e15-container stk--no-background stk--no-padding\"><div class=\"stk-block-content stk-inner-blocks stk-dbb7e15-inner-blocks\">\n<div class=\"wp-block-stackable-heading stk-block-heading stk-block-heading--v2 stk-block stk-689c258\" id=\"trabajo-de-fin-de-grado\" data-block-id=\"689c258\"><style>.stk-689c258 .stk-block-heading__text{color:#5c068c !important;}<\/style><h1 class=\"stk-block-heading__text has-text-color\">Trabajo de Fin de Grado<\/h1><\/div>\n\n\n\n<p>Es un trabajo de investigaci\u00f3n de 6 cr\u00e9ditos ECTS sobre cualquier materia de las que componen el programa formativo y que el estudiante realizar\u00e1 una vez cursados todos los cr\u00e9ditos obligatorios en el segundo cuatrimestre del cuarto curso del Grado en Derecho.<\/p>\n\n\n\n<p>El Trabajo de fin de Grado ser\u00e1 tutorizado por un Profesor y deber\u00e1 defenderse p\u00fablicamente ante un tribunal formado por tres profesores del Grado en el caso de la modalidad espec\u00edfica, que es la adoptada para el Grado en Derecho, de acuerdo con lo previsto en el&nbsp;<a href=\"https:\/\/riull.ull.es\/xmlui\/handle\/915\/8218\" target=\"_blank\" rel=\"noreferrer noopener\" target=\"_blank\" rel=\"noopener\">Reglamento de Trabajo de Fin de Grado de la ULL.<\/a><\/p>\n\n\n\n<p>La regulaci\u00f3n aplicable a este trabajo de investigaci\u00f3n est\u00e1 disponible en el apartado \u201cnormativa\u201d de la secci\u00f3n \u201cInformaci\u00f3n general\u201d de esta p\u00e1gina.<\/p>\n\n\n\n<p><a href=\"https:\/\/drive.google.com\/drive\/folders\/1ZruyTmu0xIG3WL0QwMJl1o4jATzAghR1?usp=drive_link\" target=\"_blank\" rel=\"noreferrer noopener\" target=\"_blank\" rel=\"noopener\">Calendario de dep\u00f3sito y defensa de TFG 2025-2026<\/a><\/p>\n\n\n\n<details class=\"wp-block-stackable-accordion stk-block-accordion stk-inner-blocks stk-block-content stk-block stk-fd58aad is-style-default\" id=\"organizacion-tfg\" data-block-id=\"fd58aad\"><style>.stk-fd58aad {border-style:solid !important;border-top-width:0px !important;border-right-width:0px !important;border-bottom-width:1px !important;border-left-width:0px !important;margin-bottom:10px !important;}<\/style>\n<summary class=\"wp-block-stackable-column stk-block-column stk-column stk-block stk-afc4b72 stk--container-small stk-block-accordion__heading\" data-v=\"4\" data-block-id=\"afc4b72\"><style>.stk-afc4b72 {padding-top:2px !important;padding-right:2px !important;padding-bottom:2px !important;padding-left:2px !important;}<\/style><div class=\"stk-column-wrapper stk-block-column__content stk-container stk-afc4b72-container stk--no-background stk--no-padding\"><div class=\"stk-block-content stk-inner-blocks stk-afc4b72-inner-blocks\">\n<div class=\"wp-block-stackable-icon-label stk-block-icon-label stk-block stk-9b9beb2\" data-block-id=\"9b9beb2\"><style>.stk-9b9beb2 .stk-inner-blocks{gap:39px !important;}@media screen and (max-width: 1023px){.stk-9b9beb2 .stk-inner-blocks{gap:39px !important;}}@media screen and (max-width: 767px){.stk-9b9beb2 .stk-inner-blocks{gap:39px !important;}}<\/style><div class=\"stk-row stk-inner-blocks stk-block-content\">\n<div class=\"wp-block-stackable-icon stk-block-icon stk-block stk-ab59f2f\" data-block-id=\"ab59f2f\"><style>.stk-ab59f2f .stk--svg-wrapper .stk--inner-svg svg:last-child{height:25px !important;width:25px !important;}.stk-ab59f2f .stk--svg-wrapper .stk--inner-svg svg:last-child, .stk-ab59f2f .stk--svg-wrapper .stk--inner-svg svg:last-child :is(g, path, rect, polygon, ellipse){fill:#5c068c !important;}<\/style><span class=\"stk--svg-wrapper stk--has-icon2\"><div class=\"stk--inner-svg\"><svg style=\"height:0;width:0\"><defs><linearGradient id=\"linear-gradient-ab59f2f\" x1=\"0\" x2=\"100%\" y1=\"0\" y2=\"0\"><stop offset=\"0%\" style=\"stop-opacity:1;stop-color:var(--linear-gradient-ab-59-f-2-f-color-1)\"><\/stop><stop offset=\"100%\" style=\"stop-opacity:1;stop-color:var(--linear-gradient-ab-59-f-2-f-color-2)\"><\/stop><\/linearGradient><\/defs><\/svg><svg xmlns=\"http:\/\/www.w3.org\/2000\/svg\" viewBox=\"0 0 384 512\" aria-hidden=\"true\" width=\"32\" height=\"32\"><path d=\"M64 0C28.7 0 0 28.7 0 64V448c0 35.3 28.7 64 64 64H320c35.3 0 64-28.7 64-64V160H256c-17.7 0-32-14.3-32-32V0H64zM256 0V128H384L256 0zM112 256H272c8.8 0 16 7.2 16 16s-7.2 16-16 16H112c-8.8 0-16-7.2-16-16s7.2-16 16-16zm0 64H272c8.8 0 16 7.2 16 16s-7.2 16-16 16H112c-8.8 0-16-7.2-16-16s7.2-16 16-16zm0 64H272c8.8 0 16 7.2 16 16s-7.2 16-16 16H112c-8.8 0-16-7.2-16-16s7.2-16 16-16z\"><\/path><\/svg><\/div><div class=\"stk--inner-svg stk--icon-2\" style=\"display:none\"><svg style=\"height:0;width:0\"><defs><linearGradient id=\"linear-gradient-ab59f2f\" x1=\"0\" x2=\"100%\" y1=\"0\" y2=\"0\"><stop offset=\"0%\" style=\"stop-opacity:1;stop-color:var(--linear-gradient-ab-59-f-2-f-color-1)\"><\/stop><stop offset=\"100%\" style=\"stop-opacity:1;stop-color:var(--linear-gradient-ab-59-f-2-f-color-2)\"><\/stop><\/linearGradient><\/defs><\/svg><svg xmlns=\"http:\/\/www.w3.org\/2000\/svg\" viewBox=\"0 0 384 512\" aria-hidden=\"true\" width=\"32\" height=\"32\"><path d=\"M64 464c-8.8 0-16-7.2-16-16V64c0-8.8 7.2-16 16-16H224v80c0 17.7 14.3 32 32 32h80V448c0 8.8-7.2 16-16 16H64zM64 0C28.7 0 0 28.7 0 64V448c0 35.3 28.7 64 64 64H320c35.3 0 64-28.7 64-64V154.5c0-17-6.7-33.3-18.7-45.3L274.7 18.7C262.7 6.7 246.5 0 229.5 0H64zm56 256c-13.3 0-24 10.7-24 24s10.7 24 24 24H264c13.3 0 24-10.7 24-24s-10.7-24-24-24H120zm0 96c-13.3 0-24 10.7-24 24s10.7 24 24 24H264c13.3 0 24-10.7 24-24s-10.7-24-24-24H120z\"><\/path><\/svg><\/div><\/span><\/div>\n\n\n\n<div class=\"wp-block-stackable-heading stk-block-heading stk-block-heading--v2 stk-block stk-7068a70\" id=\"organizacion-del-tfg\" data-block-id=\"7068a70\"><style>.stk-7068a70 .stk-block-heading__text{color:#000000 !important;font-weight:500 !important;font-family:\"ArgentumSans\", Sans-serif !important;}<\/style><h4 class=\"stk-block-heading__text has-text-color\">Organizaci\u00f3n del TFG<\/h4><\/div>\n<\/div><\/div>\n<\/div><\/div><\/summary>\n\n\n\n<div class=\"wp-block-stackable-column stk-block-column stk-column stk-block stk-d32b351 stk-block-accordion__content\" data-v=\"4\" data-block-id=\"d32b351\"><style>.stk-d32b351 {margin-top:-30px !important;}<\/style><div class=\"stk-column-wrapper stk-block-column__content stk-container stk-d32b351-container stk--no-background stk--no-padding\"><div class=\"stk-block-content stk-inner-blocks stk-d32b351-inner-blocks\">\n<p>Para asegurar la adecuaci\u00f3n de los TFG a las caracter\u00edsticas del T\u00edtulo los estudiantes cuentan con la orientaci\u00f3n y direcci\u00f3n de sus trabajos a trav\u00e9s de uno o dos tutores asignados de entre la relaci\u00f3n de tutores y temas propuestos.<\/p>\n\n\n\n<p>El trabajo se realizar\u00e1 de manera aut\u00f3noma por el alumno, en grupos m\u00e1ximos de 3, y consistir\u00e1 en un trabajo de investigaci\u00f3n tutelado, con una asignaci\u00f3n de&nbsp;<strong>150 horas<\/strong>&nbsp;de trabajo del alumno\/a. El TFG ser\u00e1 recogido en una memoria impresa, que ser\u00e1 defendida oralmente ante una comisi\u00f3n evaluadora y calificado como otra asignatura del grado.<\/p>\n\n\n\n<p>Para mejorar el desarrollo de la asignatura y facilitar la elaboraci\u00f3n de la Memoria de TFG y defensa p\u00fablica de la misma, se establecen criterios espec\u00edficos que pueden consultarse en la Gu\u00eda Docente de la Asignatura y en el reglamento de TFG.<\/p>\n\n\n\n<p>La presentaci\u00f3n de las memorias del TFG se har\u00e1 por el procedimiento telem\u00e1tico, a trav\u00e9s de la&nbsp;<a href=\"https:\/\/sede.ull.es\/tfg\" target=\"_blank\" rel=\"noreferrer noopener\" target=\"_blank\" rel=\"noopener\">sede<\/a>. Una copia de la memoria se entregar\u00e1 tambi\u00e9n en el aula virtual de la asignatura de TFG. Ambas entregas se realizar\u00e1n una semana antes de la fecha de presentaci\u00f3n de los trabajos.<\/p>\n\n\n\n<p>Junto a la publicaci\u00f3n del calendario y composici\u00f3n de los tribunales encargados de la evaluaci\u00f3n de los TFG, se indicar\u00e1 la fecha l\u00edmite para la presentaci\u00f3n del documento de la memoria. Los trabajos presentados despu\u00e9s de la fecha l\u00edmite no ser\u00e1n tramitados, ni podr\u00e1n optar a su defensa ante tribunal.<\/p>\n\n\n\n<p>La gesti\u00f3n y coordinaci\u00f3n del Trabajo Fin de Grado se realiza a trav\u00e9s del&nbsp;<a href=\"https:\/\/campusderecho2425.ull.es\/course\/view.php?id=2425040102\" target=\"_blank\" rel=\"noreferrer noopener\" target=\"_blank\" rel=\"noopener\">aula virtual<\/a>.<\/p>\n<\/div><\/div><\/div>\n<\/details>\n\n\n\n<details class=\"wp-block-stackable-accordion stk-block-accordion stk-inner-blocks stk-block-content stk-block stk-df33710 is-style-default\" id=\"normativa\" data-block-id=\"df33710\"><style>.stk-df33710 {border-style:solid !important;border-top-width:0px !important;border-right-width:0px !important;border-bottom-width:1px !important;border-left-width:0px !important;margin-bottom:10px !important;}<\/style>\n<summary class=\"wp-block-stackable-column stk-block-column stk-column stk-block stk-6116fec stk--container-small stk-block-accordion__heading\" data-v=\"4\" data-block-id=\"6116fec\"><style>.stk-6116fec {padding-top:2px !important;padding-right:2px !important;padding-bottom:2px !important;padding-left:2px !important;}<\/style><div class=\"stk-column-wrapper stk-block-column__content stk-container stk-6116fec-container stk--no-background stk--no-padding\"><div class=\"stk-block-content stk-inner-blocks stk-6116fec-inner-blocks\">\n<div class=\"wp-block-stackable-icon-label stk-block-icon-label stk-block stk-e108ae0\" data-block-id=\"e108ae0\"><style>.stk-e108ae0 .stk-inner-blocks{gap:39px !important;}@media screen and (max-width: 1023px){.stk-e108ae0 .stk-inner-blocks{gap:39px !important;}}@media screen and (max-width: 767px){.stk-e108ae0 .stk-inner-blocks{gap:39px !important;}}<\/style><div class=\"stk-row stk-inner-blocks stk-block-content\">\n<div class=\"wp-block-stackable-icon stk-block-icon stk-block stk-6d9e4d5\" data-block-id=\"6d9e4d5\"><style>.stk-6d9e4d5 .stk--svg-wrapper .stk--inner-svg svg:last-child{height:25px !important;width:25px !important;}.stk-6d9e4d5 .stk--svg-wrapper .stk--inner-svg svg:last-child, .stk-6d9e4d5 .stk--svg-wrapper .stk--inner-svg svg:last-child :is(g, path, rect, polygon, ellipse){fill:#5c068c !important;}<\/style><span class=\"stk--svg-wrapper stk--has-icon2\"><div class=\"stk--inner-svg\"><svg style=\"height:0;width:0\"><defs><linearGradient id=\"linear-gradient-6d9e4d5\" x1=\"0\" x2=\"100%\" y1=\"0\" y2=\"0\"><stop offset=\"0%\" style=\"stop-opacity:1;stop-color:var(--linear-gradient-6-d-9-e-4-d-5-color-1)\"><\/stop><stop offset=\"100%\" style=\"stop-opacity:1;stop-color:var(--linear-gradient-6-d-9-e-4-d-5-color-2)\"><\/stop><\/linearGradient><\/defs><\/svg><svg xmlns=\"http:\/\/www.w3.org\/2000\/svg\" viewBox=\"0 0 448 512\" aria-hidden=\"true\" width=\"32\" height=\"32\"><path d=\"M96 0C43 0 0 43 0 96V416c0 53 43 96 96 96H384h32c17.7 0 32-14.3 32-32s-14.3-32-32-32V384c17.7 0 32-14.3 32-32V32c0-17.7-14.3-32-32-32H384 96zm0 384H352v64H96c-17.7 0-32-14.3-32-32s14.3-32 32-32zm32-240c0-8.8 7.2-16 16-16H336c8.8 0 16 7.2 16 16s-7.2 16-16 16H144c-8.8 0-16-7.2-16-16zm16 48H336c8.8 0 16 7.2 16 16s-7.2 16-16 16H144c-8.8 0-16-7.2-16-16s7.2-16 16-16z\"><\/path><\/svg><\/div><div class=\"stk--inner-svg stk--icon-2\" style=\"display:none\"><svg style=\"height:0;width:0\"><defs><linearGradient id=\"linear-gradient-6d9e4d5\" x1=\"0\" x2=\"100%\" y1=\"0\" y2=\"0\"><stop offset=\"0%\" style=\"stop-opacity:1;stop-color:var(--linear-gradient-6-d-9-e-4-d-5-color-1)\"><\/stop><stop offset=\"100%\" style=\"stop-opacity:1;stop-color:var(--linear-gradient-6-d-9-e-4-d-5-color-2)\"><\/stop><\/linearGradient><\/defs><\/svg><svg xmlns=\"http:\/\/www.w3.org\/2000\/svg\" viewBox=\"0 0 576 512\" aria-hidden=\"true\" width=\"32\" height=\"32\"><path d=\"M249.6 471.5c10.8 3.8 22.4-4.1 22.4-15.5V78.6c0-4.2-1.6-8.4-5-11C247.4 52 202.4 32 144 32C93.5 32 46.3 45.3 18.1 56.1C6.8 60.5 0 71.7 0 83.8V454.1c0 11.9 12.8 20.2 24.1 16.5C55.6 460.1 105.5 448 144 448c33.9 0 79 14 105.6 23.5zm76.8 0C353 462 398.1 448 432 448c38.5 0 88.4 12.1 119.9 22.6c11.3 3.8 24.1-4.6 24.1-16.5V83.8c0-12.1-6.8-23.3-18.1-27.6C529.7 45.3 482.5 32 432 32c-58.4 0-103.4 20-123 35.6c-3.3 2.6-5 6.8-5 11V456c0 11.4 11.7 19.3 22.4 15.5z\"><\/path><\/svg><\/div><\/span><\/div>\n\n\n\n<div class=\"wp-block-stackable-heading stk-block-heading stk-block-heading--v2 stk-block stk-9a79085\" id=\"span-style-color-000000-class-stk-highlight-normativa-span\" data-block-id=\"9a79085\"><style>.stk-9a79085 .stk-block-heading__text{color:#000000 !important;font-weight:500 !important;font-family:\"ArgentumSans\", Sans-serif !important;}<\/style><h4 class=\"stk-block-heading__text has-text-color\"><span style=\"color: #000000;\" class=\"stk-highlight\">Normativa<\/span><\/h4><\/div>\n<\/div><\/div>\n<\/div><\/div><\/summary>\n\n\n\n<div class=\"wp-block-stackable-column stk-block-column stk-column stk-block stk-971aaa2 stk-block-accordion__content\" data-v=\"4\" data-block-id=\"971aaa2\"><style>.stk-971aaa2 {margin-top:-30px !important;}<\/style><div class=\"stk-column-wrapper stk-block-column__content stk-container stk-971aaa2-container stk--no-background stk--no-padding\"><div class=\"stk-block-content stk-inner-blocks stk-971aaa2-inner-blocks\">\n<ul class=\"wp-block-list\">\n<li><a href=\"https:\/\/riull.ull.es\/xmlui\/bitstream\/handle\/915\/8218\/Modificaci%c3%b3n%20del%20Reglamento%20de%20TFG%20ULL%20diciembre%20de%202020.pdf?sequence=3&amp;isAllowed=y\" target=\"_blank\" rel=\"noreferrer noopener\" target=\"_blank\" rel=\"noopener\">Reglamento de la Asignatura \u201cTrabajo Fin de Grado\u201d de la Universidad de La Laguna<\/a>\u00a0(Aprobado en la sesi\u00f3n de Consejo de Gobierno de 2\/12\/2015 y Modificado en Consejo de Gobierno de 18 de diciembre de 2020).<\/li>\n\n\n\n<li><a href=\"https:\/\/riull.ull.es\/xmlui\/bitstream\/handle\/915\/17642\/R%20Modelo%20de%20Procedimiento%20de%20TFG%20-%20v3_General.docx.pdf\" target=\"_blank\" rel=\"noreferrer noopener\" target=\"_blank\" rel=\"noopener\">Procedimiento para la elaboraci\u00f3n, presentaci\u00f3n, evaluaci\u00f3n y gesti\u00f3n de los TFG<\/a><\/li>\n<\/ul>\n<\/div><\/div><\/div>\n<\/details>\n<\/div><\/div><\/div>\n<\/div><\/div>\n","protected":false},"excerpt":{"rendered":"<p>Trabajo de Fin de Grado Es un trabajo de investigaci\u00f3n de 6 cr\u00e9ditos ECTS sobre cualquier materia de las que componen el programa formativo y que el estudiante realizar\u00e1 una vez cursados todos los cr\u00e9ditos obligatorios en el segundo cuatrimestre del cuarto curso del Grado en Derecho. El Trabajo de fin de Grado ser\u00e1 tutorizado&#8230;<\/p>","protected":false},"author":1,"featured_media":0,"parent":270,"menu_order":3,"comment_status":"closed","ping_status":"closed","template":"templates\/template-frontpage.php","meta":{"footnotes":""},"class_list":["post-33","page","type-page","status-publish","hentry"],"_links":{"self":[{"href":"https:\/\/www.ull.es\/grados\/relaciones-laborales\/en\/wp-json\/wp\/v2\/pages\/33","targetHints":{"allow":["GET"]}}],"collection":[{"href":"https:\/\/www.ull.es\/grados\/relaciones-laborales\/en\/wp-json\/wp\/v2\/pages"}],"about":[{"href":"https:\/\/www.ull.es\/grados\/relaciones-laborales\/en\/wp-json\/wp\/v2\/types\/page"}],"author":[{"embeddable":true,"href":"https:\/\/www.ull.es\/grados\/relaciones-laborales\/en\/wp-json\/wp\/v2\/users\/1"}],"replies":[{"embeddable":true,"href":"https:\/\/www.ull.es\/grados\/relaciones-laborales\/en\/wp-json\/wp\/v2\/comments?post=33"}],"version-history":[{"count":33,"href":"https:\/\/www.ull.es\/grados\/relaciones-laborales\/en\/wp-json\/wp\/v2\/pages\/33\/revisions"}],"predecessor-version":[{"id":1278,"href":"https:\/\/www.ull.es\/grados\/relaciones-laborales\/en\/wp-json\/wp\/v2\/pages\/33\/revisions\/1278"}],"up":[{"embeddable":true,"href":"https:\/\/www.ull.es\/grados\/relaciones-laborales\/en\/wp-json\/wp\/v2\/pages\/270"}],"wp:attachment":[{"href":"https:\/\/www.ull.es\/grados\/relaciones-laborales\/en\/wp-json\/wp\/v2\/media?parent=33"}],"curies":[{"name":"wp","href":"https:\/\/api.w.org\/{rel}","templated":true}]}}