{"id":37,"date":"2017-06-28T12:58:45","date_gmt":"2017-06-28T12:58:45","guid":{"rendered":"http:\/\/www.ull.es\/masteres\/desarrollo-y-gestion-de-recursos-humanos\/?page_id=30"},"modified":"2025-12-04T13:01:03","modified_gmt":"2025-12-04T13:01:03","slug":"perfil-de-ingreso-y-egreso","status":"publish","type":"page","link":"https:\/\/www.ull.es\/grados\/relaciones-laborales\/en\/informacion-academica\/perfil-de-ingreso-y-egreso\/","title":{"rendered":"Admission and exit profile"},"content":{"rendered":"\n<div class=\"wp-block-stackable-columns alignfull stk-block-columns stk-block stk-8657999\" data-block-id=\"8657999\"><style>.stk-8657999 {padding-bottom:0px !important;margin-top:-30px !important;margin-bottom:0px !important;}@media screen and (max-width: 767px){.stk-8657999 {margin-top:-10% !important;}}<\/style><div class=\"stk-row stk-inner-blocks stk-block-content stk-content-align stk-8657999-column alignfull\">\n<div class=\"wp-block-stackable-column stk-block-column stk-column stk-block stk-914f03e\" data-v=\"4\" data-block-id=\"914f03e\"><div class=\"stk-column-wrapper stk-block-column__content stk-container stk-914f03e-container stk--no-background stk--no-padding\"><div class=\"stk-block-content stk-inner-blocks stk-914f03e-inner-blocks\"><style id=\"depicter-1-inline-pre-css\">\n\n.depicter-1:not(.depicter-ready){\n\theight:500px;\n}\n\n\/***** Tablet *****\/\n@media screen and (max-width: 1024px){\n\n.depicter-1:not(.depicter-ready){\n\theight:700px;\n}\n\n}\n\/***** Mobile *****\/\n@media screen and (max-width: 767px){\n\n.depicter-1:not(.depicter-ready){\n\theight:360px;\n}\n\n}\n<\/style>\n<div id=\"depicter-1\" class=\"depicter depicter-document depicter-revert depicter-1 depicter-layout-fullwidth\">\n\n<div class=\"depicter-loading-container depicter-loading dotFlashing-dark\"><div class=\"depicter-loading-dark depicter-dot-flashing\">\n   <span><\/span>\n   <span><\/span>\n   <span><\/span>\n<\/div>\n<\/div>\n<div id=\"depicter-1-section-1\" class=\"depicter-section depicter-1-section-1\" data-name=\"Section 1\" data-type=\"section\" data-local-id=\"section-1\">\n<picture class=\"depicter-bg\">\n<source data-depicter-srcset=\"https:\/\/www.ull.es\/grados\/relaciones-laborales\/wp-content\/uploads\/sites\/18\/2025\/04\/Slider_Relaciones_laborales-768x248.jpg, https:\/\/www.ull.es\/grados\/relaciones-laborales\/wp-content\/uploads\/sites\/18\/2025\/04\/Slider_Relaciones_laborales.jpg 2x\" srcset=\"data:image\/gif;base64,R0lGODlhAQABAIAAAAAAAP\/\/\/yH5BAEAAAAALAAAAAABAAEAAAIBRAA7\" media=\"(max-width: 1024px)\" \/>\n\n<source data-depicter-srcset=\"https:\/\/www.ull.es\/grados\/relaciones-laborales\/wp-content\/uploads\/sites\/18\/2025\/04\/Slider_Relaciones_laborales.jpg, https:\/\/www.ull.es\/grados\/relaciones-laborales\/wp-content\/uploads\/sites\/18\/2025\/04\/Slider_Relaciones_laborales-1921x620.jpg 2x\" srcset=\"data:image\/gif;base64,R0lGODlhAQABAIAAAAAAAP\/\/\/yH5BAEAAAAALAAAAAABAAEAAAIBRAA7\" media=\"(min-width: 1025px)\" \/>\n<img decoding=\"async\" src=\"data:image\/gif;base64,R0lGODlhAQABAIAAAAAAAP\/\/\/yH5BAEAAAAALAAAAAABAAEAAAIBRAA7\" data-ken-burns=\"false\" data-tablet-ken-burns=\"false\" data-mobile-ken-burns=\"false\" alt=\"\" data-depicter-src=\"https:\/\/www.ull.es\/grados\/relaciones-laborales\/wp-content\/uploads\/sites\/18\/2025\/04\/Slider_Relaciones_laborales.jpg\" data-object-fit=\"custom,custom,\" data-object-position=\"center top,,\" data-crop=\"{'focalPoint':{'x':0.5,'y':0.5},'mediaSize':{'width':1394.274193548387074770289473235607147216796875,'height':450}}\" data-tablet-crop=\"{'focalPoint':{'x':0.5,'y':0.5},'mediaSize':{'width':2168.87096774193560122512280941009521484375,'height':700.0000000000001136868377216160297393798828125}}\" data-mobile-crop=\"{'focalPoint':{'x':0.5,'y':0.5},'mediaSize':{'width':1115.41935483870975076570175588130950927734375,'height':360}}\" \/>\n<\/picture>\n\n\n<h1 id=\"depicter-1-element-5\" class=\"depicter-element depicter-layer depicter-1-element-5\" data-type=\"text\" data-wrap=\"true\" data-name=\"Text 2\" data-local-id=\"element-5\" data-offset=\"x:88px;y:150px;origin:tl\" data-tablet-offset=\"x:232px;y:293px;origin:tl\" data-mobile-offset=\"x:6px;y:-136px;origin:tl\" data-width=\"967px,589px,348px\" data-height=\"auto,auto,auto\" data-responsive-scale=\"true,,\">Grado en Relaciones Laborales<\/h1>\n\n<div id=\"depicter-1-element-10\" class=\"depicter-element depicter-layer depicter-1-element-10\" data-type=\"shape\" data-wrap=\"true\" data-name=\"Shape 1\" data-local-id=\"element-10\" data-offset=\"x:97px;y:349px;origin:tl\" data-tablet-offset=\"x:232px;y:426px;origin:tl\" data-mobile-offset=\"x:6px;y:15px;origin:tl\" data-width=\"927px,555px,309px\" data-height=\"8px,8px,8px\" data-responsive-scale=\"true,,\"><\/div>\n<\/div>\n<\/div>\n<script>\n(window.depicterSetups = window.depicterSetups || []).push(function(){\n\tDepicter.basePath = 'https:\/\/www.ull.es\/grados\/relaciones-laborales\/wp-content\/plugins\/depicter\/resources\/scripts\/player\/';\n\tconst dpPlayer = Depicter.setup('.depicter-1',\n\t\t{\"width\":[\"1200\",\"1024\",\"360\"],\"height\":[\"500\",\"700\",\"360\"],\"view\":\"basic\",\"keepAspectRatio\":true,\"preload\":0,\"layout\":\"fullwidth\",\"rtl\":false,\"initAfterAppear\":false,\"ajaxApiUrl\":\"https:\\\/\\\/www.ull.es\\\/grados\\\/relaciones-laborales\\\/wp-admin\\\/admin-ajax.php\",\"mouseSwipe\":true,\"touchSwipe\":true,\"useWatermark\":false}\n\t);\n});\n<\/script><\/div><\/div><\/div>\n<\/div><\/div>\n\n\n\n<div class=\"wp-block-stackable-columns alignfull stk-block-columns stk--hide-mobile stk-block stk-ceecbdc stk-block-background\" data-block-id=\"ceecbdc\"><style>.stk-ceecbdc {background-color:#360060 !important;padding-top:35px !important;padding-right:0px !important;padding-bottom:2px !important;padding-left:0px !important;margin-top:-20px !important;margin-bottom:70px !important;}.stk-ceecbdc:before{background-color:#360060 !important;}<\/style><div class=\"stk-row stk-inner-blocks stk-block-content stk-content-align stk-ceecbdc-column alignfull\">\n<div class=\"wp-block-stackable-column stk-block-column stk-column stk-block stk-fc60a5d\" data-v=\"4\" data-block-id=\"fc60a5d\"><div class=\"stk-column-wrapper stk-block-column__content stk-container stk-fc60a5d-container stk--no-background stk--no-padding\"><div class=\"stk-block-content stk-inner-blocks stk-fc60a5d-inner-blocks\">\n<div class=\"wp-block-stackable-spacer stk-block-spacer stk--no-padding stk-block stk-a3a8a68\" data-block-id=\"a3a8a68\"><style>.stk-a3a8a68 {height:0px !important;}<\/style><\/div>\n<\/div><\/div><\/div>\n<\/div><\/div>\n\n\n\n<div class=\"wp-block-stackable-columns alignwide stk-block-columns stk-block stk-3627255\" data-block-id=\"3627255\"><style>.stk-3627255 {padding-right:16% !important;padding-left:16% !important;margin-bottom:18px !important;}<\/style><div class=\"stk-row stk-inner-blocks stk-block-content stk-content-align stk-3627255-column alignwide\">\n<div class=\"wp-block-stackable-column stk-block-column stk-column stk-block stk-81e665a\" data-v=\"4\" data-block-id=\"81e665a\"><div class=\"stk-column-wrapper stk-block-column__content stk-container stk-81e665a-container stk--no-background stk--no-padding\"><div class=\"stk-block-content stk-inner-blocks stk-81e665a-inner-blocks\">\n<div class=\"wp-block-stackable-heading stk-block-heading stk-block-heading--v2 stk-block stk-97878e6\" id=\"perfil-de-ingreso-y-egreso\" data-block-id=\"97878e6\"><style>.stk-97878e6 .stk-block-heading__text{color:#5c068c !important;}<\/style><h1 class=\"stk-block-heading__text has-text-color\">Perfil de ingreso y egreso<\/h1><\/div>\n\n\n\n<div class=\"wp-block-stackable-heading stk-block-heading stk-block-heading--v2 stk-block stk-c3b8c5f\" id=\"perfil-de-ingreso-y-egreso\" data-block-id=\"c3b8c5f\"><style>.stk-c3b8c5f .stk-block-heading__text{color:#5c068c !important;}<\/style><h2 class=\"stk-block-heading__text has-text-color\">Perfil de ingreso y egreso<\/h2><\/div>\n\n\n\n<p>No se exige formaci\u00f3n previa espec\u00edfica para el ingreso en el Grado en Relaciones Laborales, si bien, la formaci\u00f3n del alumnado m\u00e1s adecuada se corresponde con la del alumnado que haya cursado el itinerario de Ciencias Sociales del Bachillerato, as\u00ed como el itinerario Cient\u00edfico-Tecnol\u00f3gico, sin perjuicio de que el de Humanidades sea apto tambi\u00e9n, siempre que haya incluido en su formaci\u00f3n las asignaturas de car\u00e1cter troncal de matem\u00e1ticas contempladas en el itinerario de Ciencias Sociales.<\/p>\n\n\n\n<p>Es aconsejable que el\/la estudiante muestre inter\u00e9s en aspectos relacionados con los objetivos formativos del t\u00edtulo y posea habilidades que le capaciten como persona receptiva a los resultados de aprendizaje que adquirir\u00e1 al cursar la titulaci\u00f3n. Entre las cualidades deseables del futuro estudiante del Grado del Grado en Relaciones Laborales se encuentran:<\/p>\n\n\n\n<ul class=\"wp-block-list\">\n<li>Que entre sus intereses se encuentren aspectos de \u00edndole econ\u00f3mica y social y aquellos relacionados con el mundo laboral.<\/li>\n\n\n\n<li>Que presente aptitudes para la comprensi\u00f3n-expresi\u00f3n oral y escrita, para la resoluci\u00f3n de problemas y toma de decisiones, as\u00ed como para el trato con el p\u00fablico. Y que posea una buena memoria.<\/li>\n\n\n\n<li>Que sea capaz de sintetizar y argumentar cr\u00edticamente, de trabajar en equipo, de ser responsable y constante en el trabajo y de abstraerse.<\/li>\n\n\n\n<li>Se recomienda que los estudiantes dispongan de un nivel adecuado de conocimiento del idioma ingl\u00e9s (B1 o equivalente: Bachillerato, FP, \u2026).<\/li>\n<\/ul>\n\n\n\n<div class=\"wp-block-stackable-divider stk-block-divider stk-block stk-e0aada8\" data-block-id=\"e0aada8\"><style>.stk-e0aada8 hr.stk-block-divider__hr{width:100% !important;}<\/style><hr class=\"stk-block-divider__hr\"\/><\/div>\n\n\n\n<h2 class=\"wp-block-heading\"><strong>Perfil de egreso<\/strong><\/h2>\n\n\n\n<p>La titulaci\u00f3n del Grado en Relaciones Laborales de la Universidad de La Laguna permite formar a profesionales de las Relaciones Laborales con capacidad para ejercer la profesi\u00f3n de graduado\/a social, para dedicarse a la gesti\u00f3n de recursos humanos en el sector p\u00fablico y privado, para ocuparse en el \u00e1mbito de la gesti\u00f3n, mediaci\u00f3n e intervenci\u00f3n en el mercado del trabajo, para impartir ense\u00f1anza e iniciarse en tareas de investigaci\u00f3n acad\u00e9mica, para dedicarse a la auditor\u00eda jur\u00eddico-laboral, para optar a puestos en la Inspecci\u00f3n de Trabajo y Seguridad Social (tanto como inspector\/a como subinspector\/a), as\u00ed como para optar a puestos en la Administraci\u00f3n de la Seguridad Social (en todos los niveles desde A1).<\/p>\n<\/div><\/div><\/div>\n<\/div><\/div>\n","protected":false},"excerpt":{"rendered":"<p>Perfil de ingreso y egreso Perfil de ingreso y egreso No se exige formaci\u00f3n previa espec\u00edfica para el ingreso en el Grado en Relaciones Laborales, si bien, la formaci\u00f3n del alumnado m\u00e1s adecuada se corresponde con la del alumnado que haya cursado el itinerario de Ciencias Sociales del Bachillerato, as\u00ed como el itinerario Cient\u00edfico-Tecnol\u00f3gico, sin&#8230;<\/p>","protected":false},"author":1,"featured_media":0,"parent":252,"menu_order":1,"comment_status":"closed","ping_status":"closed","template":"templates\/template-frontpage.php","meta":{"footnotes":""},"class_list":["post-37","page","type-page","status-publish","hentry"],"_links":{"self":[{"href":"https:\/\/www.ull.es\/grados\/relaciones-laborales\/en\/wp-json\/wp\/v2\/pages\/37","targetHints":{"allow":["GET"]}}],"collection":[{"href":"https:\/\/www.ull.es\/grados\/relaciones-laborales\/en\/wp-json\/wp\/v2\/pages"}],"about":[{"href":"https:\/\/www.ull.es\/grados\/relaciones-laborales\/en\/wp-json\/wp\/v2\/types\/page"}],"author":[{"embeddable":true,"href":"https:\/\/www.ull.es\/grados\/relaciones-laborales\/en\/wp-json\/wp\/v2\/users\/1"}],"replies":[{"embeddable":true,"href":"https:\/\/www.ull.es\/grados\/relaciones-laborales\/en\/wp-json\/wp\/v2\/comments?post=37"}],"version-history":[{"count":14,"href":"https:\/\/www.ull.es\/grados\/relaciones-laborales\/en\/wp-json\/wp\/v2\/pages\/37\/revisions"}],"predecessor-version":[{"id":1254,"href":"https:\/\/www.ull.es\/grados\/relaciones-laborales\/en\/wp-json\/wp\/v2\/pages\/37\/revisions\/1254"}],"up":[{"embeddable":true,"href":"https:\/\/www.ull.es\/grados\/relaciones-laborales\/en\/wp-json\/wp\/v2\/pages\/252"}],"wp:attachment":[{"href":"https:\/\/www.ull.es\/grados\/relaciones-laborales\/en\/wp-json\/wp\/v2\/media?parent=37"}],"curies":[{"name":"wp","href":"https:\/\/api.w.org\/{rel}","templated":true}]}}