{"id":35,"date":"2017-06-28T12:58:08","date_gmt":"2017-06-28T12:58:08","guid":{"rendered":"http:\/\/www.ull.es\/masteres\/desarrollo-y-gestion-de-recursos-humanos\/?page_id=26"},"modified":"2025-12-04T12:59:07","modified_gmt":"2025-12-04T12:59:07","slug":"descripcion-del-titulo","status":"publish","type":"page","link":"https:\/\/www.ull.es\/grados\/relaciones-laborales\/informacion-academica\/descripcion-del-titulo\/","title":{"rendered":"Descripci\u00f3n del t\u00edtulo"},"content":{"rendered":"\n<div class=\"wp-block-stackable-columns alignfull stk-block-columns stk-block stk-6cf555b\" data-block-id=\"6cf555b\"><style>.stk-6cf555b {padding-bottom:0px !important;margin-top:-30px !important;margin-bottom:0px !important;}@media screen and (max-width: 767px){.stk-6cf555b {margin-top:-10% !important;}}<\/style><div class=\"stk-row stk-inner-blocks stk-block-content stk-content-align stk-6cf555b-column alignfull\">\n<div class=\"wp-block-stackable-column stk-block-column stk-column stk-block stk-b90a43a\" data-v=\"4\" data-block-id=\"b90a43a\"><div class=\"stk-column-wrapper stk-block-column__content stk-container stk-b90a43a-container stk--no-background stk--no-padding\"><div class=\"stk-block-content stk-inner-blocks stk-b90a43a-inner-blocks\"><style id=\"depicter-1-inline-pre-css\">\n\n.depicter-1:not(.depicter-ready){\n\theight:500px;\n}\n\n\/***** Tablet *****\/\n@media screen and (max-width: 1024px){\n\n.depicter-1:not(.depicter-ready){\n\theight:700px;\n}\n\n}\n\/***** Mobile *****\/\n@media screen and (max-width: 767px){\n\n.depicter-1:not(.depicter-ready){\n\theight:360px;\n}\n\n}\n<\/style>\n<div id=\"depicter-1\" class=\"depicter depicter-document depicter-revert depicter-1 depicter-layout-fullwidth\">\n\n<div class=\"depicter-loading-container depicter-loading dotFlashing-dark\"><div class=\"depicter-loading-dark depicter-dot-flashing\">\n   <span><\/span>\n   <span><\/span>\n   <span><\/span>\n<\/div>\n<\/div>\n<div id=\"depicter-1-section-1\" class=\"depicter-section depicter-1-section-1\" data-name=\"Section 1\" data-type=\"section\" data-local-id=\"section-1\">\n<picture class=\"depicter-bg\">\n<source data-depicter-srcset=\"https:\/\/www.ull.es\/grados\/relaciones-laborales\/wp-content\/uploads\/sites\/18\/2025\/04\/Slider_Relaciones_laborales-768x248.jpg, https:\/\/www.ull.es\/grados\/relaciones-laborales\/wp-content\/uploads\/sites\/18\/2025\/04\/Slider_Relaciones_laborales.jpg 2x\" srcset=\"data:image\/gif;base64,R0lGODlhAQABAIAAAAAAAP\/\/\/yH5BAEAAAAALAAAAAABAAEAAAIBRAA7\" media=\"(max-width: 1024px)\" \/>\n\n<source data-depicter-srcset=\"https:\/\/www.ull.es\/grados\/relaciones-laborales\/wp-content\/uploads\/sites\/18\/2025\/04\/Slider_Relaciones_laborales.jpg, https:\/\/www.ull.es\/grados\/relaciones-laborales\/wp-content\/uploads\/sites\/18\/2025\/04\/Slider_Relaciones_laborales-1921x620.jpg 2x\" srcset=\"data:image\/gif;base64,R0lGODlhAQABAIAAAAAAAP\/\/\/yH5BAEAAAAALAAAAAABAAEAAAIBRAA7\" media=\"(min-width: 1025px)\" \/>\n<img decoding=\"async\" src=\"data:image\/gif;base64,R0lGODlhAQABAIAAAAAAAP\/\/\/yH5BAEAAAAALAAAAAABAAEAAAIBRAA7\" data-ken-burns=\"false\" data-tablet-ken-burns=\"false\" data-mobile-ken-burns=\"false\" alt=\"\" data-depicter-src=\"https:\/\/www.ull.es\/grados\/relaciones-laborales\/wp-content\/uploads\/sites\/18\/2025\/04\/Slider_Relaciones_laborales.jpg\" data-object-fit=\"custom,custom,\" data-object-position=\"center top,,\" data-crop=\"{'focalPoint':{'x':0.5,'y':0.5},'mediaSize':{'width':1394.274193548387074770289473235607147216796875,'height':450}}\" data-tablet-crop=\"{'focalPoint':{'x':0.5,'y':0.5},'mediaSize':{'width':2168.87096774193560122512280941009521484375,'height':700.0000000000001136868377216160297393798828125}}\" data-mobile-crop=\"{'focalPoint':{'x':0.5,'y':0.5},'mediaSize':{'width':1115.41935483870975076570175588130950927734375,'height':360}}\" \/>\n<\/picture>\n\n\n<h1 id=\"depicter-1-element-5\" class=\"depicter-element depicter-layer depicter-1-element-5\" data-type=\"text\" data-wrap=\"true\" data-name=\"Text 2\" data-local-id=\"element-5\" data-offset=\"x:88px;y:150px;origin:tl\" data-tablet-offset=\"x:232px;y:293px;origin:tl\" data-mobile-offset=\"x:6px;y:-136px;origin:tl\" data-width=\"967px,589px,348px\" data-height=\"auto,auto,auto\" data-responsive-scale=\"true,,\">Grado en Relaciones Laborales<\/h1>\n\n<div id=\"depicter-1-element-10\" class=\"depicter-element depicter-layer depicter-1-element-10\" data-type=\"shape\" data-wrap=\"true\" data-name=\"Shape 1\" data-local-id=\"element-10\" data-offset=\"x:97px;y:349px;origin:tl\" data-tablet-offset=\"x:232px;y:426px;origin:tl\" data-mobile-offset=\"x:6px;y:15px;origin:tl\" data-width=\"927px,555px,309px\" data-height=\"8px,8px,8px\" data-responsive-scale=\"true,,\"><\/div>\n<\/div>\n<\/div>\n<script>\n(window.depicterSetups = window.depicterSetups || []).push(function(){\n\tDepicter.basePath = 'https:\/\/www.ull.es\/grados\/relaciones-laborales\/wp-content\/plugins\/depicter\/resources\/scripts\/player\/';\n\tconst dpPlayer = Depicter.setup('.depicter-1',\n\t\t{\"width\":[\"1200\",\"1024\",\"360\"],\"height\":[\"500\",\"700\",\"360\"],\"view\":\"basic\",\"keepAspectRatio\":true,\"preload\":0,\"layout\":\"fullwidth\",\"rtl\":false,\"initAfterAppear\":false,\"ajaxApiUrl\":\"https:\\\/\\\/www.ull.es\\\/grados\\\/relaciones-laborales\\\/wp-admin\\\/admin-ajax.php\",\"mouseSwipe\":true,\"touchSwipe\":true,\"useWatermark\":false}\n\t);\n});\n<\/script><\/div><\/div><\/div>\n<\/div><\/div>\n\n\n\n<div class=\"wp-block-stackable-columns alignfull stk-block-columns stk--hide-mobile stk-block stk-ceecbdc stk-block-background\" data-block-id=\"ceecbdc\"><style>.stk-ceecbdc {background-color:#360060 !important;padding-top:35px !important;padding-right:0px !important;padding-bottom:2px !important;padding-left:0px !important;margin-top:-20px !important;margin-bottom:70px !important;z-index:0 !important;}.stk-ceecbdc:before{background-color:#360060 !important;}<\/style><div class=\"stk-row stk-inner-blocks stk-block-content stk-content-align stk-ceecbdc-column alignfull\">\n<div class=\"wp-block-stackable-column stk-block-column stk-column stk-block stk-fc60a5d\" data-v=\"4\" data-block-id=\"fc60a5d\"><div class=\"stk-column-wrapper stk-block-column__content stk-container stk-fc60a5d-container stk--no-background stk--no-padding\"><div class=\"stk-block-content stk-inner-blocks stk-fc60a5d-inner-blocks\">\n<div class=\"wp-block-stackable-spacer stk-block-spacer stk--no-padding stk-block stk-a3a8a68\" data-block-id=\"a3a8a68\"><style>.stk-a3a8a68 {height:0px !important;}<\/style><\/div>\n<\/div><\/div><\/div>\n<\/div><\/div>\n\n\n\n<div class=\"wp-block-stackable-columns alignwide stk-block-columns stk-block stk-3627255\" data-block-id=\"3627255\"><style>.stk-3627255 {padding-right:16% !important;padding-left:16% !important;margin-bottom:18px !important;}<\/style><div class=\"stk-row stk-inner-blocks stk-block-content stk-content-align stk-3627255-column alignwide\">\n<div class=\"wp-block-stackable-column stk-block-column stk-column stk-block stk-81e665a\" data-v=\"4\" data-block-id=\"81e665a\"><div class=\"stk-column-wrapper stk-block-column__content stk-container stk-81e665a-container stk--no-background stk--no-padding\"><div class=\"stk-block-content stk-inner-blocks stk-81e665a-inner-blocks\">\n<div class=\"wp-block-stackable-heading stk-block-heading stk-block-heading--v2 stk-block stk-97878e6\" id=\"descripcion-del-titulo\" data-block-id=\"97878e6\"><style>.stk-97878e6 .stk-block-heading__text{color:#5c068c !important;}<\/style><h1 class=\"stk-block-heading__text has-text-color\">Descripci\u00f3n del t\u00edtulo<\/h1><\/div>\n\n\n\n<style>\n.hoverable {\n  transition: transform 0.3s, box-shadow 0.3s;\n  cursor: pointer;\n}\n.hoverable:hover {\n  transform: scale(1.02);\n  box-shadow: 0 0.5rem 1rem rgba(0,0,0,0.25);\n  \/* Mantiene el color de fondo original *\/\n}\n<\/style>\n\n<!-- Tabla general con estilo similar -->\n<table class=\"table table-bordered table-striped align-middle text-center shadow-sm rounded overflow-hidden table-hover-effect\" style=\"border-collapse: separate; border-spacing: 0; box-shadow: 0 0.5rem 1rem rgba(0,0,0,0.15); border-radius:2rem; width:100%;\">\n  <tbody>\n    <tr style=\"background-color:#360060; color:#fff;\">\n      <td class=\"hoverable fw-bold\" style=\"width:30%; border-top-left-radius: 1.5rem; font-weight:bold;\">Nombre del t\u00edtulo:<\/td>\n      <td class=\"hoverable\" style=\"border-top-right-radius: 1.5rem; font-weight:bold;\">\tGraduado o Graduada en Relaciones Laborales por la Universidad de La Laguna<\/td>\n    <\/tr>\n    <tr style=\"background-color:#f8f9fa;\">\n      <td class=\"hoverable fw-bold\" style=\"font-weight:bold;\">Universidad y centros responsables:<\/td>\n      <td class=\"hoverable\">Universidad de La Laguna. Facultad de Derecho.<\/a><\/td>\n    <\/tr>\n    <tr style=\"background-color:#fff;\">\n      <td class=\"hoverable fw-bold\" style=\"font-weight:bold;\">Modalidad de ense\u00f1anza:<\/td>\n      <td class=\"hoverable\">Presencial<\/td>\n    <\/tr>\n    <tr style=\"background-color:#f8f9fa;\">\n      <td class=\"hoverable fw-bold\" style=\"font-weight:bold;\">Lugar de impartici\u00f3n<\/td>\n     <td class=\"hoverable\"><a href=\"https:\/\/www.ull.es\/centros\/facultad-derecho\" target=\"_blank\" rel=\"noopener\">Facultad de Derecho<\/a><\/td>\n    <\/tr>\n    <tr style=\"background-color:#fff;\">\n      <td class=\"hoverable fw-bold\" width=\"30%\" style=\"font-weight:bold;\">Plazas ofertadas:<\/td>\n      <td class=\"hoverable\" width=\"70%\">150 plazas de nuevo ingreso<\/td>\n    <\/tr>\n    <tr style=\"background-color:#f8f9fa;\">\n      <td class=\"hoverable fw-bold\" style=\"font-weight:bold;\">N\u00famero de cr\u00e9ditos:<\/td>\n      <td class=\"hoverable\">60 ECTS N\u00famero M\u00ednimo de Cr\u00e9ditos ECTS por Estudiante y Periodo Lectivo: 30 ECTS por curso para estudiantes de nuevo ingreso en la modalidad de tiempo parcial.<\/td>\n    <\/tr>\n    <tr style=\"background-color:#fff;\">\n      <td class=\"hoverable fw-bold\" style=\"font-weight:bold;\">Duraci\u00f3n del t\u00edtulo<\/td>\n      <td class=\"hoverable\">4 a\u00f1os<\/td>\n    <\/tr>\n    <tr style=\"background-color:#fff;\">\n      <td class=\"hoverable fw-bold\" style=\"font-weight:bold;\">Idiomas en los que se imparte:<\/td>\n      <td class=\"hoverable\">Espa\u00f1ol<\/td>\n    <\/tr>\n    <tr style=\"background-color:#f8f9fa;\">\n      <td class=\"hoverable fw-bold\" style=\"border-bottom-left-radius: 1.5rem; font-weight:bold;\">Justificaci\u00f3n del t\u00edtulo<\/td>\n      <td class=\"hoverable\" style=\"border-bottom-right-radius: 1.5rem;\"><a href=\"https:\/\/drive.google.com\/open?id=1HJ8oI_3Dsbmua3L55udbjwB1A1SDGfbE\" target=\"_blank\" rel=\"noopener\">Acceso a la justificaci\u00f3n<\/a><\/td>\n    <\/tr>\n  <\/tbody>\n<\/table>\n\n\n\n<h3 class=\"wp-block-heading\">Denominaci\u00f3n<\/h3>\n\n\n\n<p>Graduado\/Graduada en Relaciones Laborales por la Universidad de La Laguna.<\/p>\n\n\n\n<h3 class=\"wp-block-heading\"><strong>Centro responsable de la ense\u00f1anza conducente al t\u00edtulo<\/strong><\/h3>\n\n\n\n<p>Facultad de Derecho.<br>Universidad de La Laguna (ULL).<\/p>\n\n\n\n<h3 class=\"wp-block-heading\"><strong>Tipo de ense\u00f1anza<\/strong><\/h3>\n\n\n\n<p>Presencial<\/p>\n\n\n\n<h3 class=\"wp-block-heading\"><strong>N\u00famero de plazas de nuevo ingreso ofertadas<\/strong><\/h3>\n\n\n\n<p>Se realiza una estimaci\u00f3n para los 4 primeros a\u00f1os de implantaci\u00f3n del T\u00edtulo con base en los datos sobre primera matr\u00edcula de los cursos inmediatamente anteriores, la disponibilidad de aulas del centro y los requerimientos de las nuevas metodolog\u00edas propiciadas por el&nbsp; Espacio Europeo de Educaci\u00f3n Superior.<\/p>\n\n\n\n<style>\n.hoverable {\n  transition: transform 0.3s, box-shadow 0.3s;\n  cursor: pointer;\n}\n.hoverable:hover {\n  transform: scale(1.02);\n  box-shadow: 0 0.5rem 1rem rgba(0,0,0,0.25);\n  \/* Mantiene el color de fondo original *\/\n}\n<\/style>\n\n<!-- Tabla general con estilo similar -->\n<table class=\"table table-bordered table-striped align-middle text-center shadow-sm rounded overflow-hidden table-hover-effect\" style=\"border-collapse: separate; border-spacing: 0; box-shadow: 0 0.5rem 1rem rgba(0,0,0,0.15); border-radius:2rem; width:100%;\">\n  <tbody>\n    <tr style=\"background-color:#360060; color:#fff;\">\n      <td class=\"hoverable fw-bold\" style=\"width:30%; border-top-left-radius: 1.5rem; font-weight:bold;\">Curso 2020-2011<\/td>\n      <td class=\"hoverable fw-bold\" style=\"width:30%; font-weight:bold;\">Curso 2011-2012<\/td>\n      <td class=\"hoverable\" style=\"border-top-right-radius: 1.5rem; font-weight:bold;\">Curso 2013-2014<\/td>\n    <\/tr>\n    <tr style=\"background-color:#f8f9fa;\">\n      <td class=\"hoverable fw-bold\" style=\"border-bottom-left-radius: 1.5rem; font-weight:bold;\">160<\/td>\n      <td class=\"hoverable fw-bold\" style=\"font-weight:bold;\">160<\/td>\n      <td class=\"hoverable\" style=\"border-bottom-right-radius: 1.5rem;\">160<\/td>\n    <\/tr>\n  <\/tbody>\n<\/table>\n\n\n\n<h3 class=\"wp-block-heading\">Informe sobre acceso del alumnado en la Diplomatura en Relaciones<\/h3>\n\n\n\n<style>\n.hoverable {\n  transition: transform 0.3s, box-shadow 0.3s;\n  cursor: pointer;\n}\n.hoverable:hover {\n  transform: scale(1.02);\n  box-shadow: 0 0.5rem 1rem rgba(0,0,0,0.25);\n  \/* Mantiene el color de fondo original *\/\n}\n<\/style>\n\n<!-- Tabla general con estilo similar -->\n<table class=\"table table-bordered table-striped align-middle text-center shadow-sm rounded overflow-hidden table-hover-effect\" style=\"border-collapse: separate; border-spacing: 0; box-shadow: 0 0.5rem 1rem rgba(0,0,0,0.15); border-radius:2rem; width:100%;\">\n  <tbody>\n    <tr style=\"background-color:#360060; color:#fff;\">\n      <td colspan=\"2\" class=\"hoverable fw-bold\" style=\"width:30%; border-top-left-radius: 1.5rem; font-weight:bold;\">Curso 2004-2005<\/td>\n      <td colspan=\"2\" class=\"hoverable fw-bold\" style=\"width:30%; font-weight:bold;\">Curso 2005-2006<\/td>\n      <td colspan=\"2\" class=\"hoverable fw-bold\" style=\"width:30%; font-weight:bold;\">Curso 2006-2007<\/td>\n      <td colspan=\"2\" class=\"hoverable fw-bold\" style=\"width:30%; font-weight:bold;\">Curso 2007-2008<\/td>\n      <td colspan=\"2\" class=\"hoverable\" style=\"border-top-right-radius: 1.5rem; font-weight:bold;\">Curso 2008-2009<\/td>\n    <\/tr>\n    <tr>\n      <td class=\"td1\">Cupo<\/td>\n      <td class=\"td1\">Demanda<\/td>\n      <td class=\"td1\">Cupo<\/td>\n      <td class=\"td1\">Demanda<\/td>\n      <td class=\"td1\">Cupo<\/td>\n      <td class=\"td1\">Demanda<\/td>\n      <td class=\"td1\">Cupo<\/td>\n      <td class=\"td1\">Demanda<\/td>\n      <td class=\"td1\">Cupo<\/td>\n      <td class=\"td1\">Demanda<\/td>\n    <\/tr>\n    <tr style=\"background-color:#f8f9fa;\">\n      <td class=\"hoverable fw-bold\" style=\"border-bottom-left-radius: 1.5rem; font-weight:bold;\">180<\/td>\n        <td class=\"td2\">268<\/td>\n        <td class=\"td2\">210<\/td>\n        <td class=\"td2\">267<\/td>\n        <td class=\"td2\">210<\/td>\n        <td class=\"td2\">197<\/td>\n        <td class=\"td2\">210<\/td>\n        <td class=\"td2\">205<\/td>\n        <td class=\"td2\">210<\/td>\n        <td class=\"hoverable\" style=\"border-bottom-right-radius: 1.5rem;\">206<\/td>\n    <\/tr>\n  <\/tbody>\n<\/table>\n\n\n\n<p>(*) El Consejo de Gobierno de la Universidad de La Laguna determin\u00f3 que la oferta definitiva de plazas para esta titulaci\u00f3n desde su implantaci\u00f3n fuera de 150.<\/p>\n\n\n\n<p>Las razones por las cuales, y a pesar del n\u00famero de matriculados en los cursos precedentes, se ha decidido disminuir hasta 160 el n\u00famero de admitidos, al menos, para los 4 primeros a\u00f1os de implantaci\u00f3n del Grado, son las siguientes: en primer lugar, como todas las titulaciones de Grado de la Rama de Ciencias Sociales y Jur\u00eddicas pasa a 4 a\u00f1os, es previsible que aquel alumnado que optaran por una titulaci\u00f3n corta (una Diplomatura de 3 a\u00f1os) para ingresar antes en el mercado laboral, ya no tendr\u00e1n esa motivaci\u00f3n; en segundo lugar, para que la oferta de plazas corresponda m\u00e1s con la demanda en primera opci\u00f3n del estudiantado que optan por esta titulaci\u00f3n, lo que comportar\u00e1 unos mejores \u00edndices de rendimiento por parte del alumnado. Y en tercer lugar, el hecho de tener un n\u00famero muy elevado de estudiantes por grupo es incompatible con el nuevo m\u00e9todo de ense\u00f1anzaaprendizaje que comporta el Espacio Europeo de Educaci\u00f3n Superior, siempre que se pretenda realizar de forma correcta, con la finalidad de que suponga una mejora tanto de la docencia, como de los resultados-rendimiento por parte del alumnado.<\/p>\n\n\n\n<h3 class=\"wp-block-heading\"><strong>N\u00famero de cr\u00e9ditos de matr\u00edcula por estudiante y per\u00edodo lectivo y, en su caso, normas de permanencia<\/strong><\/h3>\n\n\n\n<h4 class=\"wp-block-heading\"><strong>N\u00famero m\u00ednimo de cr\u00e9ditos europeos de matr\u00edcula por estudiante y periodo lectivo<\/strong><\/h4>\n\n\n\n<p>El n\u00famero m\u00ednimo de cr\u00e9ditos de los que deber\u00e1n matricularse el alumnado que inicie la Titulaci\u00f3n se fija anualmente a trav\u00e9s de un Decreto de la Consejer\u00eda de Educaci\u00f3n, Universidades, Cultura y Deportes del Gobierno de Canarias. En virtud del alto n\u00famero de estudiantes que compagina estos estudios con otras actividades, se implantar\u00e1 un r\u00e9gimen de matr\u00edcula a tiempo completo y otro a tiempo parcial, para facilitar que cursen estos estudios personas ya incorporadas al mercado laboral, para favorecer su promoci\u00f3n o para consolidar su puesto de trabajo<\/p>\n\n\n\n<ul class=\"wp-block-list\">\n<li>Matr\u00edcula a tiempo completo: Para el Grado en Relaciones Laborales se establece como n\u00famero m\u00ednimo de cr\u00e9ditos a cursar el primer a\u00f1o 60 cr\u00e9ditos ECTS.<\/li>\n\n\n\n<li>Matr\u00edcula a tiempo parcial: Se establece tambi\u00e9n la posibilidad de que el estudiantado realice la titulaci\u00f3n a tiempo parcial, para lo cual el n\u00famero de cr\u00e9ditos a cursar el primer a\u00f1o ser\u00e1 de 30 ECTS.<\/li>\n<\/ul>\n\n\n\n<p>El alumnado que contin\u00fae sus estudios podr\u00e1n matricularse del n\u00famero de cr\u00e9ditos ECTS y asignaturas que deseen, de acuerdo con la norma auton\u00f3mica se\u00f1alada.<\/p>\n\n\n\n<p>Las \u00fanicas reglas aplicables ser\u00e1n las obligaciones acad\u00e9micas que establezca el plan de estudios: ordenaci\u00f3n temporal de los estudios, requisitos o prerrequisitos, compatibilidad horaria de las asignaturas matriculadas, etc.<\/p>\n\n\n\n<p>La ULL tiene unas normas de matr\u00edcula de car\u00e1cter gen\u00e9rico, que atienden a otras circunstancias del alumnado y que se recogen en una Circular de Secretar\u00eda General que se publica para cada curso acad\u00e9mico en el mes de julio. Estas normas quedan, a su vez, supeditadas, a las normas que sobre la materia aprueben el Gobierno Aut\u00f3nomo o la Universidad de La Laguna.<\/p>\n\n\n\n<h4 class=\"wp-block-heading\"><strong>Normas de permanencia<\/strong><\/h4>\n\n\n\n<p>La Ley Org\u00e1nica de Universidades (Ley 6\/2001, de 21 de diciembre, modificada por la LO 4\/2007, de 12 de abril) en su art\u00edculo 46 atribuye las competencias sobre la permanencia en la Universidad al Consejo Social. En este sentido, el Consejo Social de la ULL ha aprobado desde 1986 distintas resoluciones que se mantienen en vigor en la fecha actual. En la sesi\u00f3n celebrada el 26 de abril de 1999 se aprob\u00f3 la creaci\u00f3n de una \u201cComisi\u00f3n de normas de permanencia del alumnado\u201d. Mientras no estuviese concluido el trabajo de la comisi\u00f3n, y a los efectos de establecer unos criterios comunes de interpretaci\u00f3n de las citadas resoluciones del Consejo Social por parte de las Secretar\u00edas de los Centros, Secretar\u00eda General y Consejo Social, se dict\u00f3 una circular conjunta, con car\u00e1cter transitorio que desde entonces regula la permanencia del alumnado de la Universidad de La Laguna. Esta Circular establece la permanencia del alumnado de primer curso (deben aprobar al menos una asignatura), la limitaci\u00f3n de convocatorias de ex\u00e1menes a un m\u00e1ximo de 6 ordinarias y regula el \u201cnacimiento del derecho a la s\u00e9ptima convocatoria\u201d, que puede conceder el propio Consejo Social. En la actualidad el Consejo Social de La Laguna est\u00e1 regulando un nuevo r\u00e9gimen de permanencia.<\/p>\n\n\n\n<p>(*) Finalmente, el Consejo Social aprob\u00f3 la normativa reglamentaria en la materia el pasado 25 de junio de 2012.<\/p>\n\n\n\n<h3 class=\"wp-block-heading\">Necesidades Educativas Especiales<\/h3>\n\n\n\n<p>Desde el curso 1999\/2000, el Vicerrectorado de Alumnado de la Universidad de La Laguna ha puesto en marcha el Programa de Atenci\u00f3n a Estudiantes con Discapacidad, con el objetivo de garantizar la igualdad de condiciones del estudiantado con discapacidad con las del resto de estudiantes, integrando a estas personas en la Universidad en todos los aspectos que afecten a los estudios y la vida universitaria. Para ello anualmente se realizan una serie de proyectos y actuaciones que se resumen en:<\/p>\n\n\n\n<ul class=\"wp-block-list\">\n<li>Informar y asesorar al alumnado que vayan a acceder a la ULL.<\/li>\n\n\n\n<li>Realizar un censo del alumnado con discapacidades que estudian en nuestra<\/li>\n\n\n\n<li>Universidad, para garantizar una atenci\u00f3n personalizada.<\/li>\n\n\n\n<li>Atender los problemas de integraci\u00f3n que tengan los estudiantes, conocer sus\u00a0necesidades y darles respuesta.<\/li>\n\n\n\n<li>Promover la eliminaci\u00f3n de barreras arquitect\u00f3nicas y de la comunicaci\u00f3n, realizando estudios de accesibilidad a los edificios universitarios.<\/li>\n\n\n\n<li>Mantener un contacto y una atenci\u00f3n directa con todos aquel estudiantado que acuda al Programa.<\/li>\n\n\n\n<li>Informar y asesorar al profesorado sobre las dificultades de sus estudiantes y la did\u00e1ctica con la que se podr\u00edan superar.<\/li>\n\n\n\n<li>Ofertar las ayudas t\u00e9cnicas que necesite el estudiantado con discapacidad.<\/li>\n\n\n\n<li>Dar informaci\u00f3n sobre titulaciones, cursos de formaci\u00f3n, congresos, actividades deportivas y otras actividades relacionadas con el mundo de la discapacidad.<\/li>\n\n\n\n<li>Fomentar y apoyar el asociacionismo entre estudiantes con discapacidad.<\/li>\n\n\n\n<li>Realizar compa\u00f1as de sensibilizaci\u00f3n y formaci\u00f3n sobre temas de discapacidad dirigidas a la comunidad universitaria.<\/li>\n\n\n\n<li>Colaborar y coordinarnos con aquellas instituciones y organizaciones vinculadas<\/li>\n\n\n\n<li>al campo de la discapacidad.<\/li>\n<\/ul>\n\n\n\n<h4 class=\"wp-block-heading\"><strong>Resto de informaci\u00f3n necesaria para la expedici\u00f3n del Suplemento Europeo al t\u00edtulo de acuerdo con la normativa vigente<\/strong><\/h4>\n\n\n\n<p>Rama de conocimiento: Ciencias Sociales y Jur\u00eddicas.<\/p>\n\n\n\n<p>Naturaleza de la instituci\u00f3n que ha conferido el t\u00edtulo: Instituci\u00f3n P\u00fablica.<\/p>\n\n\n\n<p>Profesiones para las que capacita una vez obtenido el t\u00edtulo: La profesi\u00f3n de Graduado\/a Social.<\/p>\n\n\n\n<h4 class=\"wp-block-heading\"><strong>Idioma en el que se imparte el t\u00edtulo<\/strong><\/h4>\n\n\n\n<p>Lengua utilizada a lo largo del proceso formativo: Espa\u00f1ol.<\/p>\n\n\n\n<p>Sin embargo, distintas actividades dentro de cada asignatura se impartir\u00e1n en ingl\u00e9s y\/o en otro idioma europeo, constituyendo las actividades en idioma extranjero un m\u00ednimo de 12 cr\u00e9ditos ECTS.<\/p>\n<\/div><\/div><\/div>\n<\/div><\/div>\n","protected":false},"excerpt":{"rendered":"<p>Descripci\u00f3n del t\u00edtulo Nombre del t\u00edtulo: Graduado o Graduada en Relaciones Laborales por la Universidad de La Laguna Universidad y centros responsables: Universidad de La Laguna. Facultad de Derecho. Modalidad de ense\u00f1anza: Presencial Lugar de impartici\u00f3n Facultad de Derecho Plazas ofertadas: 150 plazas de nuevo ingreso N\u00famero de cr\u00e9ditos: 60 ECTS N\u00famero M\u00ednimo de Cr\u00e9ditos&#8230;<\/p>\n","protected":false},"author":1,"featured_media":0,"parent":252,"menu_order":0,"comment_status":"closed","ping_status":"closed","template":"templates\/template-frontpage.php","meta":{"footnotes":""},"class_list":["post-35","page","type-page","status-publish","hentry"],"_links":{"self":[{"href":"https:\/\/www.ull.es\/grados\/relaciones-laborales\/wp-json\/wp\/v2\/pages\/35","targetHints":{"allow":["GET"]}}],"collection":[{"href":"https:\/\/www.ull.es\/grados\/relaciones-laborales\/wp-json\/wp\/v2\/pages"}],"about":[{"href":"https:\/\/www.ull.es\/grados\/relaciones-laborales\/wp-json\/wp\/v2\/types\/page"}],"author":[{"embeddable":true,"href":"https:\/\/www.ull.es\/grados\/relaciones-laborales\/wp-json\/wp\/v2\/users\/1"}],"replies":[{"embeddable":true,"href":"https:\/\/www.ull.es\/grados\/relaciones-laborales\/wp-json\/wp\/v2\/comments?post=35"}],"version-history":[{"count":42,"href":"https:\/\/www.ull.es\/grados\/relaciones-laborales\/wp-json\/wp\/v2\/pages\/35\/revisions"}],"predecessor-version":[{"id":1252,"href":"https:\/\/www.ull.es\/grados\/relaciones-laborales\/wp-json\/wp\/v2\/pages\/35\/revisions\/1252"}],"up":[{"embeddable":true,"href":"https:\/\/www.ull.es\/grados\/relaciones-laborales\/wp-json\/wp\/v2\/pages\/252"}],"wp:attachment":[{"href":"https:\/\/www.ull.es\/grados\/relaciones-laborales\/wp-json\/wp\/v2\/media?parent=35"}],"curies":[{"name":"wp","href":"https:\/\/api.w.org\/{rel}","templated":true}]}}