{"id":42,"date":"2017-06-28T13:01:59","date_gmt":"2017-06-28T13:01:59","guid":{"rendered":"http:\/\/www.ull.es\/masteres\/desarrollo-y-gestion-de-recursos-humanos\/?page_id=42"},"modified":"2025-12-04T13:33:54","modified_gmt":"2025-12-04T13:33:54","slug":"coordinacion-docente","status":"publish","type":"page","link":"https:\/\/www.ull.es\/grados\/relaciones-laborales\/informacion-academica\/coordinacion-docente\/","title":{"rendered":"Coordinaci\u00f3n docente"},"content":{"rendered":"\n<div class=\"wp-block-stackable-columns alignfull stk-block-columns stk-block stk-8657999\" data-block-id=\"8657999\"><style>.stk-8657999 {padding-bottom:0px !important;margin-top:-30px !important;margin-bottom:0px !important;}@media screen and (max-width: 767px){.stk-8657999 {margin-top:-10% !important;}}<\/style><div class=\"stk-row stk-inner-blocks stk-block-content stk-content-align stk-8657999-column alignfull\">\n<div class=\"wp-block-stackable-column stk-block-column stk-column stk-block stk-914f03e\" data-v=\"4\" data-block-id=\"914f03e\"><div class=\"stk-column-wrapper stk-block-column__content stk-container stk-914f03e-container stk--no-background stk--no-padding\"><div class=\"stk-block-content stk-inner-blocks stk-914f03e-inner-blocks\"><style id=\"depicter-1-inline-pre-css\">\n\n.depicter-1:not(.depicter-ready){\n\theight:500px;\n}\n\n\/***** Tablet *****\/\n@media screen and (max-width: 1024px){\n\n.depicter-1:not(.depicter-ready){\n\theight:700px;\n}\n\n}\n\/***** Mobile *****\/\n@media screen and (max-width: 767px){\n\n.depicter-1:not(.depicter-ready){\n\theight:360px;\n}\n\n}\n<\/style>\n<div id=\"depicter-1\" class=\"depicter depicter-document depicter-revert depicter-1 depicter-layout-fullwidth\">\n\n<div class=\"depicter-loading-container depicter-loading dotFlashing-dark\"><div class=\"depicter-loading-dark depicter-dot-flashing\">\n   <span><\/span>\n   <span><\/span>\n   <span><\/span>\n<\/div>\n<\/div>\n<div id=\"depicter-1-section-1\" class=\"depicter-section depicter-1-section-1\" data-name=\"Section 1\" data-type=\"section\" data-local-id=\"section-1\">\n<picture class=\"depicter-bg\">\n<source data-depicter-srcset=\"https:\/\/www.ull.es\/grados\/relaciones-laborales\/wp-content\/uploads\/sites\/18\/2025\/04\/Slider_Relaciones_laborales-768x248.jpg, https:\/\/www.ull.es\/grados\/relaciones-laborales\/wp-content\/uploads\/sites\/18\/2025\/04\/Slider_Relaciones_laborales.jpg 2x\" srcset=\"data:image\/gif;base64,R0lGODlhAQABAIAAAAAAAP\/\/\/yH5BAEAAAAALAAAAAABAAEAAAIBRAA7\" media=\"(max-width: 1024px)\" \/>\n\n<source data-depicter-srcset=\"https:\/\/www.ull.es\/grados\/relaciones-laborales\/wp-content\/uploads\/sites\/18\/2025\/04\/Slider_Relaciones_laborales.jpg, https:\/\/www.ull.es\/grados\/relaciones-laborales\/wp-content\/uploads\/sites\/18\/2025\/04\/Slider_Relaciones_laborales-1921x620.jpg 2x\" srcset=\"data:image\/gif;base64,R0lGODlhAQABAIAAAAAAAP\/\/\/yH5BAEAAAAALAAAAAABAAEAAAIBRAA7\" media=\"(min-width: 1025px)\" \/>\n<img decoding=\"async\" src=\"data:image\/gif;base64,R0lGODlhAQABAIAAAAAAAP\/\/\/yH5BAEAAAAALAAAAAABAAEAAAIBRAA7\" data-ken-burns=\"false\" data-tablet-ken-burns=\"false\" data-mobile-ken-burns=\"false\" alt=\"\" data-depicter-src=\"https:\/\/www.ull.es\/grados\/relaciones-laborales\/wp-content\/uploads\/sites\/18\/2025\/04\/Slider_Relaciones_laborales.jpg\" data-object-fit=\"custom,custom,\" data-object-position=\"center top,,\" data-crop=\"{'focalPoint':{'x':0.5,'y':0.5},'mediaSize':{'width':1394.274193548387074770289473235607147216796875,'height':450}}\" data-tablet-crop=\"{'focalPoint':{'x':0.5,'y':0.5},'mediaSize':{'width':2168.87096774193560122512280941009521484375,'height':700.0000000000001136868377216160297393798828125}}\" data-mobile-crop=\"{'focalPoint':{'x':0.5,'y':0.5},'mediaSize':{'width':1115.41935483870975076570175588130950927734375,'height':360}}\" \/>\n<\/picture>\n\n\n<h1 id=\"depicter-1-element-5\" class=\"depicter-element depicter-layer depicter-1-element-5\" data-type=\"text\" data-wrap=\"true\" data-name=\"Text 2\" data-local-id=\"element-5\" data-offset=\"x:88px;y:150px;origin:tl\" data-tablet-offset=\"x:232px;y:293px;origin:tl\" data-mobile-offset=\"x:6px;y:-136px;origin:tl\" data-width=\"967px,589px,348px\" data-height=\"auto,auto,auto\" data-responsive-scale=\"true,,\">Grado en Relaciones Laborales<\/h1>\n\n<div id=\"depicter-1-element-10\" class=\"depicter-element depicter-layer depicter-1-element-10\" data-type=\"shape\" data-wrap=\"true\" data-name=\"Shape 1\" data-local-id=\"element-10\" data-offset=\"x:97px;y:349px;origin:tl\" data-tablet-offset=\"x:232px;y:426px;origin:tl\" data-mobile-offset=\"x:6px;y:15px;origin:tl\" data-width=\"927px,555px,309px\" data-height=\"8px,8px,8px\" data-responsive-scale=\"true,,\"><\/div>\n<\/div>\n<\/div>\n<script>\n(window.depicterSetups = window.depicterSetups || []).push(function(){\n\tDepicter.basePath = 'https:\/\/www.ull.es\/grados\/relaciones-laborales\/wp-content\/plugins\/depicter\/resources\/scripts\/player\/';\n\tconst dpPlayer = Depicter.setup('.depicter-1',\n\t\t{\"width\":[\"1200\",\"1024\",\"360\"],\"height\":[\"500\",\"700\",\"360\"],\"view\":\"basic\",\"keepAspectRatio\":true,\"preload\":0,\"layout\":\"fullwidth\",\"rtl\":false,\"initAfterAppear\":false,\"ajaxApiUrl\":\"https:\\\/\\\/www.ull.es\\\/grados\\\/relaciones-laborales\\\/wp-admin\\\/admin-ajax.php\",\"mouseSwipe\":true,\"touchSwipe\":true,\"useWatermark\":false}\n\t);\n});\n<\/script><\/div><\/div><\/div>\n<\/div><\/div>\n\n\n\n<div class=\"wp-block-stackable-columns alignfull stk-block-columns stk--hide-mobile stk-block stk-ceecbdc stk-block-background\" data-block-id=\"ceecbdc\"><style>.stk-ceecbdc {background-color:#360060 !important;padding-top:35px !important;padding-right:0px !important;padding-bottom:2px !important;padding-left:0px !important;margin-top:-20px !important;margin-bottom:70px !important;}.stk-ceecbdc:before{background-color:#360060 !important;}<\/style><div class=\"stk-row stk-inner-blocks stk-block-content stk-content-align stk-ceecbdc-column alignfull\">\n<div class=\"wp-block-stackable-column stk-block-column stk-column stk-block stk-fc60a5d\" data-v=\"4\" data-block-id=\"fc60a5d\"><div class=\"stk-column-wrapper stk-block-column__content stk-container stk-fc60a5d-container stk--no-background stk--no-padding\"><div class=\"stk-block-content stk-inner-blocks stk-fc60a5d-inner-blocks\">\n<div class=\"wp-block-stackable-spacer stk-block-spacer stk--no-padding stk-block stk-a3a8a68\" data-block-id=\"a3a8a68\"><style>.stk-a3a8a68 {height:0px !important;}<\/style><\/div>\n<\/div><\/div><\/div>\n<\/div><\/div>\n\n\n\n<div class=\"wp-block-stackable-columns stk-block-columns stk-block stk-8b59b96\" data-block-id=\"8b59b96\"><style>.stk-8b59b96 .stk--block-align-8b59b96{align-items:flex-start !important;}.stk-8b59b96 {margin-top:25px !important;}.stk-8b59b96-column{--stk-columns-spacing:0px !important;--stk-column-gap:50px !important;}@media screen and (max-width: 767px){.stk-8b59b96-column{row-gap:var(--stk--preset--spacing--60, 2.25rem) !important;}}<\/style><div class=\"stk-row stk-inner-blocks stk--block-align-8b59b96 stk-block-content stk-content-align stk-8b59b96-column\">\n<div class=\"wp-block-stackable-column stk-block-column stk-column stk-block stk-dbb7e15\" data-v=\"4\" data-block-id=\"dbb7e15\"><div class=\"stk-column-wrapper stk-block-column__content stk-container stk-dbb7e15-container stk--no-background stk--no-padding\"><div class=\"stk-block-content stk-inner-blocks stk-dbb7e15-inner-blocks\">\n<div class=\"wp-block-stackable-heading stk-block-heading stk-block-heading--v2 stk-block stk-689c258\" id=\"span-style-color-000000-class-stk-highlight-cuarto-curso-span\" data-block-id=\"689c258\"><style>.stk-689c258 .stk-block-heading__text{color:#5c068c !important;}<\/style><h1 class=\"stk-block-heading__text has-text-color\">Coordinaci\u00f3n docente<\/h1><\/div>\n\n\n\n<h2 class=\"wp-block-heading\">Coordinaci\u00f3n de grupo<\/h2>\n\n\n\n<p>La Junta de Facultad nombrar\u00e1 cada curso acad\u00e9mico a los\/as coordinadores\/as de grupo responsables de la coordinaci\u00f3n de la actividad docente entre las asignaturas de un mismo curso y entre las diversas partes de una misma asignatura. Preferentemente se intentar\u00e1 que sean nombrados&nbsp; profesorado con docencia en ambos cuatrimestres del curso acad\u00e9mico atendiendo al criterio de la rotaci\u00f3n entre las asignaturas del grupo. Cada cuatrimestre el Personal Coordinador del Grupo informar\u00e1 del desarrollo de la actividad docente en el mismo ante las comisiones competentes y a las que asistir\u00e1n el Personal Coordinador de Calidad y del Plan de Orientaci\u00f3n y Acci\u00f3n Tutorial (POAT).<\/p>\n\n\n\n<p><a href=\"https:\/\/www.ull.es\/centros\/facultad-derecho\/informacion-general\/sistema-de-garantia-de-calidad\/#coordinacion-grupos\" target=\"_blank\" rel=\"noreferrer noopener\" target=\"_blank\" rel=\"noopener\">M\u00e1s sobre coordinaci\u00f3n de curso\/grupo<\/a><\/p>\n\n\n\n<h2 class=\"wp-block-heading\">Coordinadores\/as de grupo del Grado en Relaciones Laborales para el curso vigente<a href=\"https:\/\/drive.google.com\/open?id=1H-gu2zQdsVW3Mnk4XSWqK4h0YAI3_jSS\" target=\"_blank\" rel=\"noreferrer noopener\" target=\"_blank\" rel=\"noopener\"><\/a><\/h2>\n\n\n\n<p><a href=\"https:\/\/drive.google.com\/drive\/folders\/12kis-fJgVvESZbpzu1hmD23KFwxhiSif?usp=drive_link\" target=\"_blank\" rel=\"noreferrer noopener\" target=\"_blank\" rel=\"noopener\">Coordinadores actuales<\/a><\/p>\n\n\n\n<p><a href=\"https:\/\/drive.google.com\/drive\/folders\/16SyIzP7UF9A6M-tHFmipnzS6XxQwuBHb?usp=drive_link\" target=\"_blank\" rel=\"noreferrer noopener\" target=\"_blank\" rel=\"noopener\">Consultar hist\u00f3rico<\/a><\/p>\n\n\n\n<h2 class=\"wp-block-heading\">Comisiones de curso<\/h2>\n\n\n\n<p>Con el prop\u00f3sito de crear un espacio de di\u00e1logo entre alumnado y profesorado con finalidad de coordinar la actividad acad\u00e9mica y como parte integrante de su Sistema Interno de Calidad la Facultad de Derecho de la Universidad de la Laguna se ha dotado de las Comisiones de Curso y de la figura del&nbsp; Profesor Coordinador o Profesora Coordinadora, figuras necesarias en el organigrama de dicho sistema, que si bien no cuentan con previsi\u00f3n en nuestro Reglamento de R\u00e9gimen Interior, es preciso, en espera de que se aborde su regulaci\u00f3n a trav\u00e9s de la futura revisi\u00f3n del mismo, dotar de un marco procedimental de referencia que posibilite el normal desarrollo de sus funciones.<\/p>\n\n\n\n<p>Composici\u00f3n.-Para cada curso y grupo de las titulaciones impartidas en la Facultad de Derecho, con una duraci\u00f3n igual a la de cada uno de los cuatrimestre en los que se distribuye la docencia en cada curso acad\u00e9mico, se formar\u00e1 una Comisi\u00f3n de coordinaci\u00f3n.<\/p>\n\n\n\n<p>Cada comisi\u00f3n de coordinaci\u00f3n estar\u00e1 integrada por todo el profesorado que imparte docencia en el cuatrimestre, as\u00ed como por los representantes del estudiantado, delegado y subdelegado de curso y grupo, designados seg\u00fan dispone el reglamento Regulador de los delegados de grupo o curso de la Universidad de La Laguna.<\/p>\n\n\n\n<p>Cada comisi\u00f3n estar\u00e1 coordinada por un profesor o profesora de una de las asignaturas impartidas en el cuatrimestre.<br>Sesiones y convocatoria.-Las comisiones tendr\u00e1n al menos dos reuniones ordinarias por cuatrimestre: una inicial de constituci\u00f3n, y otra final, de seguimiento y evaluaci\u00f3n del mismo.<\/p>\n\n\n\n<p>Podr\u00e1n, no obstante, convocarse cuantas reuniones extraordinarias de la Comisi\u00f3n sean precisas, a juicio del Coordinador o a solicitud del profesorado o alumnado integrantes de la misma.<\/p>\n\n\n\n<p>Funciones.- La Comisi\u00f3n de curso tendr\u00e1 como principal objetivo analizar la programaci\u00f3n y desarrollo de la actividad docente a fin de procurar que \u00e9sta se desempe\u00f1e en condiciones de calidad de la ense\u00f1anza y de un mejor aprendizaje, recogiendo las sugerencias o propuestas que sus miembros realicen a tales efectos y sean aprobadas por la Comisi\u00f3n, elev\u00e1ndolas , en su caso, a los \u00f3rganos de la Facultad competentes, cuando se trate de materias sobre las que la Comisi\u00f3n carece de competencias.<br>La Comisi\u00f3n de curso velar\u00e1 por el debido cumplimiento del calendario lectivo y de los acuerdos recogidos en la comisi\u00f3n de ordenaci\u00f3n acad\u00e9mica del centro, adoptando cuantas medidas sean conducentes a dicha funci\u00f3n, instando, en su caso, el ejercicio de las competencias de otros \u00f3rganos competentes por las v\u00edas y procedimientos previstos.<\/p>\n\n\n\n<p>La Comisi\u00f3n aprobar\u00e1 en su sesi\u00f3n final el Informe de Coordinaci\u00f3n que recoger\u00e1 el desarrollo del cuatrimestre, las incidencias detectadas as\u00ed como las medidas adoptadas, adem\u00e1s del resultado final y las propuestas de mejora que estimen pertinentes.<\/p>\n\n\n\n<h2 class=\"wp-block-heading\">Coordinador o Coordinadora del curso<\/h2>\n\n\n\n<p>El coordinador o coordinadora del curso, nombrado por la Junta de Facultad, tiene las siguientes funciones:<br>a) Convocar las reuniones de las comisiones de curso al menos dos veces en el cuatrimestre.<br>b) Recoger el acta de las reuniones, remitirlas a los miembros de la misma y al Decanato de la facultad,<br>c) Dinamizar las reuniones de la Comisi\u00f3n para que se cumpla el objetivo del curso<br>d) Canalizar las peticiones, quejas o sugerencias del alumnado y profesorado.<br>e) Planificar las actividades formativas de manera que no se solapen, ni interfieran el normal funcionamiento de la docencia de las restantes asignaturas.<br>f) Proceder a trav\u00e9s de la mediaci\u00f3n informal o la sugerencia a solventar las deficiencias o anomal\u00edas leves detectadas en el desarrollo o programaci\u00f3n de la docencia, dando cuenta a la Comisi\u00f3n de Coordinaci\u00f3n.<br>g) Proponer a la Comisi\u00f3n de coordinaci\u00f3n la adopci\u00f3n de cuantas medidas sean conducentes para el debido cumplimiento del calendario lectivo y de los acuerdos recogidos en la comisi\u00f3n de ordenaci\u00f3n acad\u00e9mica del centro, as\u00ed como de cuantas disposiciones regulen el r\u00e9gimen de impartici\u00f3n de la docencia.<br>h) Elevar al t\u00e9rmino del cuatrimestre el informe final de la Coordinaci\u00f3n dentro de los plazos y conforme al procedimiento que apruebe la Comisi\u00f3n de Calidad de la Facultad de Derecho.<br>Certificaci\u00f3n de la actividad.- Una vez enviado el Informe final de la coordinaci\u00f3n del curso, se certificar\u00e1 el m\u00e9rito correspondiente al coordinador o coordinadora del curso.<br>Derecho supletorio.<\/p>\n\n\n\n<p><a href=\"https:\/\/drive.google.com\/file\/d\/1KyDS7wIe-rI_oMQSdUsvv0_AN6XpHjdI\/view\" target=\"_blank\" rel=\"noreferrer noopener\" target=\"_blank\" rel=\"noopener\">Criterios para el nombramiento del profesor\/a coordinador\/a de curso<\/a><\/p>\n\n\n\n<h2 class=\"wp-block-heading\">Coordinaci\u00f3n de asignatura<\/h2>\n\n\n\n<p>Es el responsable de los aspectos organizativos de los grupos te\u00f3ricos y pr\u00e1cticos de la asignatura. Es el referente para la gesti\u00f3n de cualquier disfunci\u00f3n que pudiera darse a lo largo del curso poni\u00e9ndola en conocimiento del Director\/a del Departamento y\/o Vicedecano\/a de la Titulaci\u00f3n. Asimismo, es el encargado de comunicar al Personal Coordinador de curso cualquier aspecto relativo a la organizaci\u00f3n de la asignatura: modificaci\u00f3n de horarios, fechas de examen, etc\u00e9tera.<\/p>\n\n\n\n<p>El nombramiento de Coordinadores\/as corresponde al Director\/a del Departamento y debe ser previamente aprobado por los Consejos de Departamento de los Departamentos implicados en la asignatura.<\/p>\n\n\n\n<p>El\/la coordinador\/a puede delegar parte de su tarea en otros profesores de la asignatura (por ejemplo, si el Departamento lo estima conveniente, puede crear la figura de un\/a coordinador\/a de pr\u00e1cticas), pero ser\u00e1 el responsable de la asignatura frente al Personal Coordinador de curso y a la Junta de Facultad.<br>Sus funciones son:<\/p>\n\n\n\n<ul class=\"wp-block-list\">\n<li>Convocar y moderar las reuniones con el equipo docente de la asignatura, centralizando sus aportaciones.<\/li>\n\n\n\n<li>Establecer el procedimiento de trabajo a seguir: reparto de tareas y modo de funcionamiento.<\/li>\n\n\n\n<li>Acordar con el resto del equipo docente los contenidos, la elaboraci\u00f3n y\/o revisi\u00f3n del material did\u00e1ctico, las pruebas a realizar, los criterios de evaluaci\u00f3n de la asignatura y la organizaci\u00f3n de los grupos de pr\u00e1cticas si los hubiera.<\/li>\n\n\n\n<li>Asegurarse de que el programa impartido es com\u00fan en todos los grupos de teor\u00eda.<\/li>\n\n\n\n<li>Asegurarse de que no hay redundancia o carencias en el temario debidas a falta de coordinaci\u00f3n con otras asignaturas. En caso de ser detectada esta falta de coordinaci\u00f3n alertar de ello al Personal Coordinador de la Titulaci\u00f3n<\/li>\n\n\n\n<li>Coordinar la teor\u00eda, los seminarios, las pr\u00e1cticas\u2026. Adecuar los contenidos y la temporalizaci\u00f3n de las diferentes actividades con la teor\u00eda.<\/li>\n\n\n\n<li>Asegurarse de que los contenidos, las herramientas utilizadas, el nivel de exigencia y los criterios de correcci\u00f3n de las pr\u00e1cticas son comunes en todos los grupos de pr\u00e1cticas.<\/li>\n\n\n\n<li>Elaborar la Gu\u00eda Docente de la asignatura<\/li>\n\n\n\n<li>Elaborar los grupos de seminario, pr\u00e1cticas, tutor\u00edas, \u2026 de un tama\u00f1o homog\u00e9neo y asignar al alumnado dichos grupos. Esta labor debe ser realiza de forma coordinada con el resto de los\/as coordinadores\/as de asignaturas bajo la supervisi\u00f3n del Personal Coordinador del curso.<\/li>\n\n\n\n<li>Realizar un seguimiento de la publicaci\u00f3n de notas y firma de las actas.<\/li>\n\n\n\n<li>Convocar al resto del equipo docente de la asignatura a una reuni\u00f3n de balance del curso acad\u00e9mico.<\/li>\n\n\n\n<li>Como se indica en las Gu\u00edas Docentes de cada asignatura, el primer profesor que figura en el apartado \u00ab1.3 Profesorado que imparte la asignatura\u00bb se corresponde con el personal coordinador de la asignatura.<\/li>\n<\/ul>\n<\/div><\/div><\/div>\n<\/div><\/div>\n","protected":false},"excerpt":{"rendered":"<p>Coordinaci\u00f3n docente Coordinaci\u00f3n de grupo La Junta de Facultad nombrar\u00e1 cada curso acad\u00e9mico a los\/as coordinadores\/as de grupo responsables de la coordinaci\u00f3n de la actividad docente entre las asignaturas de un mismo curso y entre las diversas partes de una misma asignatura. Preferentemente se intentar\u00e1 que sean nombrados&nbsp; profesorado con docencia en ambos cuatrimestres del&#8230;<\/p>\n","protected":false},"author":1,"featured_media":0,"parent":252,"menu_order":6,"comment_status":"closed","ping_status":"closed","template":"templates\/template-frontpage.php","meta":{"footnotes":""},"class_list":["post-42","page","type-page","status-publish","hentry"],"_links":{"self":[{"href":"https:\/\/www.ull.es\/grados\/relaciones-laborales\/wp-json\/wp\/v2\/pages\/42","targetHints":{"allow":["GET"]}}],"collection":[{"href":"https:\/\/www.ull.es\/grados\/relaciones-laborales\/wp-json\/wp\/v2\/pages"}],"about":[{"href":"https:\/\/www.ull.es\/grados\/relaciones-laborales\/wp-json\/wp\/v2\/types\/page"}],"author":[{"embeddable":true,"href":"https:\/\/www.ull.es\/grados\/relaciones-laborales\/wp-json\/wp\/v2\/users\/1"}],"replies":[{"embeddable":true,"href":"https:\/\/www.ull.es\/grados\/relaciones-laborales\/wp-json\/wp\/v2\/comments?post=42"}],"version-history":[{"count":46,"href":"https:\/\/www.ull.es\/grados\/relaciones-laborales\/wp-json\/wp\/v2\/pages\/42\/revisions"}],"predecessor-version":[{"id":1265,"href":"https:\/\/www.ull.es\/grados\/relaciones-laborales\/wp-json\/wp\/v2\/pages\/42\/revisions\/1265"}],"up":[{"embeddable":true,"href":"https:\/\/www.ull.es\/grados\/relaciones-laborales\/wp-json\/wp\/v2\/pages\/252"}],"wp:attachment":[{"href":"https:\/\/www.ull.es\/grados\/relaciones-laborales\/wp-json\/wp\/v2\/media?parent=42"}],"curies":[{"name":"wp","href":"https:\/\/api.w.org\/{rel}","templated":true}]}}