{"id":33,"date":"2017-06-28T12:48:33","date_gmt":"2017-06-28T12:48:33","guid":{"rendered":"http:\/\/www.ull.es\/masteres\/desarrollo-y-gestion-de-recursos-humanos\/?page_id=20"},"modified":"2025-12-09T15:43:20","modified_gmt":"2025-12-09T15:43:20","slug":"trabajo-fin-de-grado","status":"publish","type":"page","link":"https:\/\/www.ull.es\/grados\/sociologia-y-antropologia\/en\/plan-de-estudios\/trabajo-fin-de-grado\/","title":{"rendered":"Final Degree Project"},"content":{"rendered":"\n<div class=\"wp-block-stackable-columns alignfull stk-block-columns stk-block stk-8657999\" data-block-id=\"8657999\"><style>.stk-8657999 {padding-bottom:0px !important;margin-top:-30px !important;margin-bottom:0px !important;}@media screen and (max-width: 767px){.stk-8657999 {margin-top:-10% !important;}}<\/style><div class=\"stk-row stk-inner-blocks stk-block-content stk-content-align stk-8657999-column alignfull\">\n<div class=\"wp-block-stackable-column stk-block-column stk-column stk-block stk-914f03e\" data-v=\"4\" data-block-id=\"914f03e\"><div class=\"stk-column-wrapper stk-block-column__content stk-container stk-914f03e-container stk--no-background stk--no-padding\"><div class=\"stk-block-content stk-inner-blocks stk-914f03e-inner-blocks\"><style id=\"depicter-1-inline-pre-css\">\n\n.depicter-1:not(.depicter-ready){\n\theight:500px;\n}\n\n\/***** Tablet *****\/\n@media screen and (max-width: 1024px){\n\n.depicter-1:not(.depicter-ready){\n\theight:700px;\n}\n\n}\n\/***** Mobile *****\/\n@media screen and (max-width: 767px){\n\n.depicter-1:not(.depicter-ready){\n\theight:360px;\n}\n\n}\n<\/style>\n<div id=\"depicter-1\" class=\"depicter depicter-document depicter-revert depicter-1 depicter-layout-fullwidth\">\n\n<div class=\"depicter-loading-container depicter-loading dotFlashing-dark\"><div class=\"depicter-loading-dark depicter-dot-flashing\">\n   <span><\/span>\n   <span><\/span>\n   <span><\/span>\n<\/div>\n<\/div>\n<div id=\"depicter-1-section-1\" class=\"depicter-section depicter-1-section-1\" data-name=\"Section 1\" data-type=\"section\" data-local-id=\"section-1\">\n<picture class=\"depicter-bg\">\n<source data-depicter-srcset=\"https:\/\/www.ull.es\/grados\/sociologia-y-antropologia\/wp-content\/uploads\/sites\/50\/2025\/05\/Imagenes_web_grados_Doble_Grado_en_Sociologia_y_Antropologia_Social_y_Cultural_2-768x248.jpg, https:\/\/www.ull.es\/grados\/sociologia-y-antropologia\/wp-content\/uploads\/sites\/50\/2025\/05\/Imagenes_web_grados_Doble_Grado_en_Sociologia_y_Antropologia_Social_y_Cultural_2.jpg 2x\" srcset=\"data:image\/gif;base64,R0lGODlhAQABAIAAAAAAAP\/\/\/yH5BAEAAAAALAAAAAABAAEAAAIBRAA7\" media=\"(max-width: 1024px)\" \/>\n\n<source data-depicter-srcset=\"https:\/\/www.ull.es\/grados\/sociologia-y-antropologia\/wp-content\/uploads\/sites\/50\/2025\/05\/Imagenes_web_grados_Doble_Grado_en_Sociologia_y_Antropologia_Social_y_Cultural_2.jpg, https:\/\/www.ull.es\/grados\/sociologia-y-antropologia\/wp-content\/uploads\/sites\/50\/2025\/05\/Imagenes_web_grados_Doble_Grado_en_Sociologia_y_Antropologia_Social_y_Cultural_2-1920x621.jpg 2x\" srcset=\"data:image\/gif;base64,R0lGODlhAQABAIAAAAAAAP\/\/\/yH5BAEAAAAALAAAAAABAAEAAAIBRAA7\" media=\"(min-width: 1025px)\" \/>\n<img decoding=\"async\" src=\"data:image\/gif;base64,R0lGODlhAQABAIAAAAAAAP\/\/\/yH5BAEAAAAALAAAAAABAAEAAAIBRAA7\" data-ken-burns=\"false\" data-tablet-ken-burns=\"false\" data-mobile-ken-burns=\"false\" alt=\"\" data-depicter-src=\"https:\/\/www.ull.es\/grados\/sociologia-y-antropologia\/wp-content\/uploads\/sites\/50\/2025\/05\/Imagenes_web_grados_Doble_Grado_en_Sociologia_y_Antropologia_Social_y_Cultural_2.jpg\" data-object-fit=\"custom,custom,\" data-object-position=\"center top,,\" data-crop=\"{'focalPoint':{'x':0.5,'y':0.5},'mediaSize':{'width':1391.3043478260869960649870336055755615234375,'height':450}}\" data-tablet-crop=\"{'focalPoint':{'x':0.5,'y':0.5},'mediaSize':{'width':2164.25120772946820579818449914455413818359375,'height':699.9999999999998863131622783839702606201171875}}\" data-mobile-crop=\"{'focalPoint':{'x':0.5,'y':0.5},'mediaSize':{'width':1113.04347826086950590251944959163665771484375,'height':360}}\" \/>\n<\/picture>\n\n\n<h1 id=\"depicter-1-element-5\" class=\"depicter-element depicter-layer depicter-1-element-5\" data-type=\"text\" data-wrap=\"true\" data-name=\"Text 2\" data-local-id=\"element-5\" data-offset=\"x:0px;y:101px;origin:tl\" data-tablet-offset=\"x:187px;y:264px;origin:tl\" data-mobile-offset=\"x:6px;y:-198px;origin:tl\" data-width=\"1200px,650px,348px\" data-height=\"auto,auto,auto\" data-responsive-scale=\"true,,\">Doble Grado en Sociolog\u00eda y en Antropolog\u00eda Social y Cultural<\/h1>\n\n<div id=\"depicter-1-element-10\" class=\"depicter-element depicter-layer depicter-1-element-10\" data-type=\"shape\" data-wrap=\"true\" data-name=\"Shape 1\" data-local-id=\"element-10\" data-offset=\"x:0px;y:403px;origin:tl\" data-tablet-offset=\"x:187px;y:436px;origin:tl\" data-mobile-offset=\"x:6px;y:32px;origin:tl\" data-width=\"1200px,635px,324px\" data-height=\"8px,8px,8px\" data-responsive-scale=\"true,,\"><\/div>\n<\/div>\n<\/div>\n<script>\n(window.depicterSetups = window.depicterSetups || []).push(function(){\n\tDepicter.basePath = 'https:\/\/www.ull.es\/grados\/sociologia-y-antropologia\/wp-content\/plugins\/depicter\/resources\/scripts\/player\/';\n\tconst dpPlayer = Depicter.setup('.depicter-1',\n\t\t{\"width\":[\"1200\",\"1024\",\"360\"],\"height\":[\"500\",\"700\",\"360\"],\"view\":\"basic\",\"keepAspectRatio\":true,\"preload\":0,\"layout\":\"fullwidth\",\"rtl\":false,\"initAfterAppear\":false,\"ajaxApiUrl\":\"https:\\\/\\\/www.ull.es\\\/grados\\\/sociologia-y-antropologia\\\/wp-admin\\\/admin-ajax.php\",\"mouseSwipe\":true,\"touchSwipe\":true,\"useWatermark\":false}\n\t);\n});\n<\/script><\/div><\/div><\/div>\n<\/div><\/div>\n\n\n\n<div class=\"wp-block-stackable-columns alignfull stk-block-columns stk--hide-mobile stk-block stk-ceecbdc stk-block-background\" data-block-id=\"ceecbdc\"><style>.stk-ceecbdc {background-color:#03256c !important;padding-top:35px !important;padding-right:0px !important;padding-bottom:2px !important;padding-left:0px !important;margin-top:-20px !important;margin-bottom:70px !important;}.stk-ceecbdc:before{background-color:#03256c !important;}<\/style><div class=\"stk-row stk-inner-blocks stk-block-content stk-content-align stk-ceecbdc-column alignfull\">\n<div class=\"wp-block-stackable-column stk-block-column stk-column stk-block stk-fc60a5d\" data-v=\"4\" data-block-id=\"fc60a5d\"><div class=\"stk-column-wrapper stk-block-column__content stk-container stk-fc60a5d-container stk--no-background stk--no-padding\"><div class=\"stk-block-content stk-inner-blocks stk-fc60a5d-inner-blocks\">\n<div class=\"wp-block-stackable-spacer stk-block-spacer stk--no-padding stk-block stk-a3a8a68\" data-block-id=\"a3a8a68\"><style>.stk-a3a8a68 {height:0px !important;}<\/style><\/div>\n<\/div><\/div><\/div>\n<\/div><\/div>\n\n\n\n<div class=\"wp-block-stackable-columns stk-block-columns stk-block stk-8b59b96\" data-block-id=\"8b59b96\"><style>.stk-8b59b96 .stk--block-align-8b59b96{align-items:flex-start !important;}.stk-8b59b96 {margin-top:25px !important;}.stk-8b59b96-column{--stk-columns-spacing:0px !important;--stk-column-gap:50px !important;}@media screen and (max-width: 767px){.stk-8b59b96-column{row-gap:var(--stk--preset--spacing--60, 2.25rem) !important;}}<\/style><div class=\"stk-row stk-inner-blocks stk--block-align-8b59b96 stk-block-content stk-content-align stk-8b59b96-column\">\n<div class=\"wp-block-stackable-column stk-block-column stk-column stk-block stk-dbb7e15\" data-v=\"4\" data-block-id=\"dbb7e15\"><div class=\"stk-column-wrapper stk-block-column__content stk-container stk-dbb7e15-container stk--no-background stk--no-padding\"><div class=\"stk-block-content stk-inner-blocks stk-dbb7e15-inner-blocks\">\n<div class=\"wp-block-stackable-heading stk-block-heading stk-block-heading--v2 stk-block stk-689c258\" id=\"trabajo-de-fin-de-grado\" data-block-id=\"689c258\"><style>.stk-689c258 .stk-block-heading__text{color:#03256c !important;}<\/style><h1 class=\"stk-block-heading__text has-text-color\">Trabajo de Fin de Grado<\/h1><\/div>\n\n\n\n<h3 class=\"wp-block-heading\">Grado en Sociolog\u00eda<\/h3>\n\n\n\n<p>La asignatura de Trabajo Fin de Grado (TFG) es de car\u00e1cter obligatorio y resulta clave en la titulaci\u00f3n, dado que en ella se recoge la evaluaci\u00f3n de un gran n\u00famero de competencias espec\u00edficas y gen\u00e9ricas del Grado.<\/p>\n\n\n\n<p><strong>Requisitos Matricula<\/strong><\/p>\n\n\n\n<p>S\u00f3lo podr\u00e1 matricularse en el Trabajo de Fin de Grado el alumnado que tenga pendientes como m\u00e1ximo 78 cr\u00e9ditos ECTS para terminar la titulaci\u00f3n y se matricule de todos los cr\u00e9ditos b\u00e1sicos y obligatorios que le resten para finalizar o bien los haya superado previamente. Tener superados 162 cr\u00e9ditos.<\/p>\n\n\n\n<p><strong>Requisitos Evaluaci\u00f3n<\/strong><\/p>\n\n\n\n<p>Una vez matriculado, cada estudiante tendr\u00e1 derecho a examen en las convocatorias establecidas a tal efecto, siempre que haya superado todos los cr\u00e9ditos ECTS correspondientes a las asignaturas b\u00e1sicas y obligatorias de la titulaci\u00f3n. Asimismo, deber\u00e1 tener realizadas las pr\u00e1cticas externas. Tener superados 210 cr\u00e9ditos.<\/p>\n\n\n\n<h3 class=\"wp-block-heading\">Grado en Antropolog\u00eda Social y Cultural<\/h3>\n\n\n\n<p>La asignatura de Trabajo Fin de Grado (TFG) es de car\u00e1cter obligatorio y resulta clave en la titulaci\u00f3n, dado que en ella se recoge la evaluaci\u00f3n de un gran n\u00famero de competencias espec\u00edficas y gen\u00e9ricas del Grado.<\/p>\n\n\n\n<p><strong>Requisitos Matricula<\/strong><\/p>\n\n\n\n<p>Para poder realizar el Trabajo Fin de Grado, el alumnado debe haber superado 180 cr\u00e9ditos correspondientes a los tres primeros a\u00f1os de Grado. Asimismo, deber\u00e1 matricularse de todos los cr\u00e9ditos de car\u00e1cter obligatorio y de las pr\u00e1cticas externas que le quede para finalizar<\/p>\n\n\n\n<p><strong>Requisitos Evaluaci\u00f3n<\/strong><\/p>\n\n\n\n<p>Art\u00edculo 4.3 Reglamento de Trabajo Fin de Grado (publicado BOULL 20\/04\/2022)<\/p>\n\n\n\n<details class=\"wp-block-stackable-accordion stk-block-accordion stk-inner-blocks stk-block-content stk-block stk-7c390cd is-style-default\" id=\"organizacion-tfg\" data-block-id=\"7c390cd\"><style>.stk-7c390cd {border-style:solid !important;border-top-width:0px !important;border-right-width:0px !important;border-bottom-width:1px !important;border-left-width:0px !important;margin-bottom:11px !important;}<\/style>\n<summary class=\"wp-block-stackable-column stk-block-column stk-column stk-block stk-c927805 stk--container-small stk-block-accordion__heading\" data-v=\"4\" data-block-id=\"c927805\"><style>.stk-c927805 {padding-top:2px !important;padding-right:2px !important;padding-bottom:2px !important;padding-left:2px !important;}<\/style><div class=\"stk-column-wrapper stk-block-column__content stk-container stk-c927805-container stk--no-background stk--no-padding\"><div class=\"stk-block-content stk-inner-blocks stk-c927805-inner-blocks\">\n<div class=\"wp-block-stackable-icon-label stk-block-icon-label stk-block stk-7935446\" data-block-id=\"7935446\"><style>.stk-7935446 .stk-inner-blocks{gap:39px !important;}@media screen and (max-width: 1023px){.stk-7935446 .stk-inner-blocks{gap:39px !important;}}@media screen and (max-width: 767px){.stk-7935446 .stk-inner-blocks{gap:39px !important;}}<\/style><div class=\"stk-row stk-inner-blocks stk-block-content\">\n<div class=\"wp-block-stackable-icon stk-block-icon stk-block stk-9a468d5\" data-block-id=\"9a468d5\"><style>.stk-9a468d5 .stk--svg-wrapper .stk--inner-svg svg:last-child{height:25px !important;width:25px !important;}.stk-9a468d5 .stk--svg-wrapper .stk--inner-svg svg:last-child, .stk-9a468d5 .stk--svg-wrapper .stk--inner-svg svg:last-child :is(g, path, rect, polygon, ellipse){fill:#03256c !important;}<\/style><span class=\"stk--svg-wrapper stk--has-icon2\"><div class=\"stk--inner-svg\"><svg style=\"height:0;width:0\"><defs><linearGradient id=\"linear-gradient-9a468d5\" x1=\"0\" x2=\"100%\" y1=\"0\" y2=\"0\"><stop offset=\"0%\" style=\"stop-opacity:1;stop-color:var(--linear-gradient-9-a-468-d-5-color-1)\"><\/stop><stop offset=\"100%\" style=\"stop-opacity:1;stop-color:var(--linear-gradient-9-a-468-d-5-color-2)\"><\/stop><\/linearGradient><\/defs><\/svg><svg xmlns=\"http:\/\/www.w3.org\/2000\/svg\" viewBox=\"0 0 448 512\" aria-hidden=\"true\" width=\"32\" height=\"32\"><path d=\"M219.3 .5c3.1-.6 6.3-.6 9.4 0l200 40C439.9 42.7 448 52.6 448 64s-8.1 21.3-19.3 23.5L352 102.9V160c0 70.7-57.3 128-128 128s-128-57.3-128-128V102.9L48 93.3v65.1l15.7 78.4c.9 4.7-.3 9.6-3.3 13.3s-7.6 5.9-12.4 5.9H16c-4.8 0-9.3-2.1-12.4-5.9s-4.3-8.6-3.3-13.3L16 158.4V86.6C6.5 83.3 0 74.3 0 64C0 52.6 8.1 42.7 19.3 40.5l200-40zM111.9 327.7c10.5-3.4 21.8 .4 29.4 8.5l71 75.5c6.3 6.7 17 6.7 23.3 0l71-75.5c7.6-8.1 18.9-11.9 29.4-8.5C401 348.6 448 409.4 448 481.3c0 17-13.8 30.7-30.7 30.7H30.7C13.8 512 0 498.2 0 481.3c0-71.9 47-132.7 111.9-153.6z\"><\/path><\/svg><\/div><div class=\"stk--inner-svg stk--icon-2\" style=\"display:none\"><svg style=\"height:0;width:0\"><defs><linearGradient id=\"linear-gradient-9a468d5\" x1=\"0\" x2=\"100%\" y1=\"0\" y2=\"0\"><stop offset=\"0%\" style=\"stop-opacity:1;stop-color:var(--linear-gradient-9-a-468-d-5-color-1)\"><\/stop><stop offset=\"100%\" style=\"stop-opacity:1;stop-color:var(--linear-gradient-9-a-468-d-5-color-2)\"><\/stop><\/linearGradient><\/defs><\/svg><svg xmlns=\"http:\/\/www.w3.org\/2000\/svg\" viewBox=\"0 0 640 512\" aria-hidden=\"true\" width=\"32\" height=\"32\"><path d=\"M320 32c-8.1 0-16.1 1.4-23.7 4.1L15.8 137.4C6.3 140.9 0 149.9 0 160s6.3 19.1 15.8 22.6l57.9 20.9C57.3 229.3 48 259.8 48 291.9v28.1c0 28.4-10.8 57.7-22.3 80.8c-6.5 13-13.9 25.8-22.5 37.6C0 442.7-.9 448.3 .9 453.4s6 8.9 11.2 10.2l64 16c4.2 1.1 8.7 .3 12.4-2s6.3-6.1 7.1-10.4c8.6-42.8 4.3-81.2-2.1-108.7C90.3 344.3 86 329.8 80 316.5V291.9c0-30.2 10.2-58.7 27.9-81.5c12.9-15.5 29.6-28 49.2-35.7l157-61.7c8.2-3.2 17.5 .8 20.7 9s-.8 17.5-9 20.7l-157 61.7c-12.4 4.9-23.3 12.4-32.2 21.6l159.6 57.6c7.6 2.7 15.6 4.1 23.7 4.1s16.1-1.4 23.7-4.1L624.2 182.6c9.5-3.4 15.8-12.5 15.8-22.6s-6.3-19.1-15.8-22.6L343.7 36.1C336.1 33.4 328.1 32 320 32zM128 408c0 35.3 86 72 192 72s192-36.7 192-72L496.7 262.6 354.5 314c-11.1 4-22.8 6-34.5 6s-23.5-2-34.5-6L143.3 262.6 128 408z\"><\/path><\/svg><\/div><\/span><\/div>\n\n\n\n<div class=\"wp-block-stackable-heading stk-block-heading stk-block-heading--v2 stk-block stk-31863c1\" id=\"organizacion-del-tfg\" data-block-id=\"31863c1\"><style>.stk-31863c1 .stk-block-heading__text{color:#000000 !important;font-weight:500 !important;font-family:\"ArgentumSans\", Sans-serif !important;}<\/style><h4 class=\"stk-block-heading__text has-text-color\">Organizaci\u00f3n del TFG<\/h4><\/div>\n<\/div><\/div>\n<\/div><\/div><\/summary>\n\n\n\n<div class=\"wp-block-stackable-column stk-block-column stk-column stk-block stk-5222666 stk-block-accordion__content\" data-v=\"4\" data-block-id=\"5222666\"><style>.stk-5222666 {margin-top:-30px !important;}<\/style><div class=\"stk-column-wrapper stk-block-column__content stk-container stk-5222666-container stk--no-background stk--no-padding\"><div class=\"stk-block-content stk-inner-blocks stk-5222666-inner-blocks\">\n<p>Para asegurar la adecuaci\u00f3n de los TFG a las caracter\u00edsticas del T\u00edtulo, el alumnado cuenta con la orientaci\u00f3n y direcci\u00f3n de sus trabajos a trav\u00e9s de uno o dos tutores\/as asignados de entre la relaci\u00f3n de tutores\/as y temas propuestos.<\/p>\n\n\n\n<p>El TFG consiste en un trabajo individual o en grupo de menos de 4 estudiantes realizado de forma aut\u00f3noma por el alumnado, con supervisi\u00f3n docente, con una asignaci\u00f3n de&nbsp;<strong>120 horas de trabajo<\/strong>&nbsp;del alumno\/a, en el caso del TFG del Grado en Antropolog\u00eda, y de&nbsp;<strong>60 horas de trabajo<\/strong>&nbsp;del alumno\/a en el caso del TFG del Grado en Sociolog\u00eda. Estar\u00e1 relacionado bien con el an\u00e1lisis de la pr\u00e1ctica profesional de las antrop\u00f3logas y antrop\u00f3logos, bien con el estudio de los fundamentos te\u00f3ricos de la Antropolog\u00eda Social y Cultural, pudiendo tambi\u00e9n tener un car\u00e1cter te\u00f3rico-emp\u00edrico. Para su evaluaci\u00f3n ser\u00e1 necesaria la realizaci\u00f3n de una Memoria escrita, adem\u00e1s de la exposici\u00f3n y la defensa oral de la misma.<\/p>\n\n\n\n<p>Para mejorar el desarrollo de la asignatura y facilitar la elaboraci\u00f3n de la Memoria de TFG y defensa p\u00fablica de la misma, se establecen criterios espec\u00edficos que pueden consultarse en la Gu\u00eda Docente de la Asignatura y en el Reglamento de TFG. La presentaci\u00f3n y defensa oral del TFG se realizar\u00e1 siguiendo el procedimiento establecido en la normativa aplicable.<\/p>\n\n\n\n<p>La entrega de las Memorias de TFG se har\u00e1 por el procedimiento telem\u00e1tico establecido, a trav\u00e9s del aula virtual de la asignatura de TFG.<\/p>\n\n\n\n<p>Junto a la publicaci\u00f3n del calendario y composici\u00f3n de los tribunales encargados de la evaluaci\u00f3n de los TFG, se indicar\u00e1 la fecha l\u00edmite para la presentaci\u00f3n del documento de la memoria. Los trabajos presentados despu\u00e9s de la fecha l\u00edmite no ser\u00e1n tramitados, ni podr\u00e1n optar a su defensa ante tribunal.<\/p>\n\n\n\n<p>Con respecto a la gesti\u00f3n y coordinaci\u00f3n del Trabajo Fin de Grado puede consultarse la&nbsp;gu\u00eda docente&nbsp;de dicha asignatura.<\/p>\n<\/div><\/div><\/div>\n<\/details>\n\n\n\n<details class=\"wp-block-stackable-accordion stk-block-accordion stk-inner-blocks stk-block-content stk-block stk-8b2d93c is-style-default\" id=\"normativa\" data-block-id=\"8b2d93c\"><style>.stk-8b2d93c {border-style:solid !important;border-top-width:0px !important;border-right-width:0px !important;border-bottom-width:1px !important;border-left-width:0px !important;margin-bottom:11px !important;}<\/style>\n<summary class=\"wp-block-stackable-column stk-block-column stk-column stk-block stk-f6bf138 stk--container-small stk-block-accordion__heading\" data-v=\"4\" data-block-id=\"f6bf138\"><style>.stk-f6bf138 {padding-top:2px !important;padding-right:2px !important;padding-bottom:2px !important;padding-left:2px !important;}<\/style><div class=\"stk-column-wrapper stk-block-column__content stk-container stk-f6bf138-container stk--no-background stk--no-padding\"><div class=\"stk-block-content stk-inner-blocks stk-f6bf138-inner-blocks\">\n<div class=\"wp-block-stackable-icon-label stk-block-icon-label stk-block stk-94bb4b4\" data-block-id=\"94bb4b4\"><style>.stk-94bb4b4 .stk-inner-blocks{gap:39px !important;}@media screen and (max-width: 1023px){.stk-94bb4b4 .stk-inner-blocks{gap:39px !important;}}@media screen and (max-width: 767px){.stk-94bb4b4 .stk-inner-blocks{gap:39px !important;}}<\/style><div class=\"stk-row stk-inner-blocks stk-block-content\">\n<div class=\"wp-block-stackable-icon stk-block-icon stk-block stk-d82d3b9\" data-block-id=\"d82d3b9\"><style>.stk-d82d3b9 .stk--svg-wrapper .stk--inner-svg svg:last-child{height:25px !important;width:25px !important;}.stk-d82d3b9 .stk--svg-wrapper .stk--inner-svg svg:last-child, .stk-d82d3b9 .stk--svg-wrapper .stk--inner-svg svg:last-child :is(g, path, rect, polygon, ellipse){fill:#03256c !important;}<\/style><span class=\"stk--svg-wrapper stk--has-icon2\"><div class=\"stk--inner-svg\"><svg style=\"height:0;width:0\"><defs><linearGradient id=\"linear-gradient-d82d3b9\" x1=\"0\" x2=\"100%\" y1=\"0\" y2=\"0\"><stop offset=\"0%\" style=\"stop-opacity:1;stop-color:var(--linear-gradient-d-82-d-3-b-9-color-1)\"><\/stop><stop offset=\"100%\" style=\"stop-opacity:1;stop-color:var(--linear-gradient-d-82-d-3-b-9-color-2)\"><\/stop><\/linearGradient><\/defs><\/svg><svg xmlns=\"http:\/\/www.w3.org\/2000\/svg\" viewBox=\"0 0 448 512\" aria-hidden=\"true\" width=\"32\" height=\"32\"><path d=\"M96 0C43 0 0 43 0 96V416c0 53 43 96 96 96H384h32c17.7 0 32-14.3 32-32s-14.3-32-32-32V384c17.7 0 32-14.3 32-32V32c0-17.7-14.3-32-32-32H384 96zm0 384H352v64H96c-17.7 0-32-14.3-32-32s14.3-32 32-32zm32-240c0-8.8 7.2-16 16-16H336c8.8 0 16 7.2 16 16s-7.2 16-16 16H144c-8.8 0-16-7.2-16-16zm16 48H336c8.8 0 16 7.2 16 16s-7.2 16-16 16H144c-8.8 0-16-7.2-16-16s7.2-16 16-16z\"><\/path><\/svg><\/div><div class=\"stk--inner-svg stk--icon-2\" style=\"display:none\"><svg style=\"height:0;width:0\"><defs><linearGradient id=\"linear-gradient-d82d3b9\" x1=\"0\" x2=\"100%\" y1=\"0\" y2=\"0\"><stop offset=\"0%\" style=\"stop-opacity:1;stop-color:var(--linear-gradient-d-82-d-3-b-9-color-1)\"><\/stop><stop offset=\"100%\" style=\"stop-opacity:1;stop-color:var(--linear-gradient-d-82-d-3-b-9-color-2)\"><\/stop><\/linearGradient><\/defs><\/svg><svg xmlns=\"http:\/\/www.w3.org\/2000\/svg\" viewBox=\"0 0 576 512\" aria-hidden=\"true\" width=\"32\" height=\"32\"><path d=\"M249.6 471.5c10.8 3.8 22.4-4.1 22.4-15.5V78.6c0-4.2-1.6-8.4-5-11C247.4 52 202.4 32 144 32C93.5 32 46.3 45.3 18.1 56.1C6.8 60.5 0 71.7 0 83.8V454.1c0 11.9 12.8 20.2 24.1 16.5C55.6 460.1 105.5 448 144 448c33.9 0 79 14 105.6 23.5zm76.8 0C353 462 398.1 448 432 448c38.5 0 88.4 12.1 119.9 22.6c11.3 3.8 24.1-4.6 24.1-16.5V83.8c0-12.1-6.8-23.3-18.1-27.6C529.7 45.3 482.5 32 432 32c-58.4 0-103.4 20-123 35.6c-3.3 2.6-5 6.8-5 11V456c0 11.4 11.7 19.3 22.4 15.5z\"><\/path><\/svg><\/div><\/span><\/div>\n\n\n\n<div class=\"wp-block-stackable-heading stk-block-heading stk-block-heading--v2 stk-block stk-d5e53a0\" id=\"span-style-color-000000-class-stk-highlight-normativa-span\" data-block-id=\"d5e53a0\"><style>.stk-d5e53a0 .stk-block-heading__text{color:#000000 !important;font-weight:500 !important;font-family:\"ArgentumSans\", Sans-serif !important;}<\/style><h4 class=\"stk-block-heading__text has-text-color\"><span style=\"color: #000000;\" class=\"stk-highlight\">Normativa<\/span><\/h4><\/div>\n<\/div><\/div>\n<\/div><\/div><\/summary>\n\n\n\n<div class=\"wp-block-stackable-column stk-block-column stk-column stk-block stk-e54d8ba stk-block-accordion__content\" data-v=\"4\" data-block-id=\"e54d8ba\"><style>.stk-e54d8ba {margin-top:-30px !important;}<\/style><div class=\"stk-column-wrapper stk-block-column__content stk-container stk-e54d8ba-container stk--no-background stk--no-padding\"><div class=\"stk-block-content stk-inner-blocks stk-e54d8ba-inner-blocks\">\n<ul class=\"wp-block-list\">\n<li><a href=\"https:\/\/riull.ull.es\/xmlui\/bitstream\/handle\/915\/8218\/Modificaci%c3%b3n%20del%20Reglamento%20de%20TFG%20ULL%20diciembre%20de%202020.pdf?sequence=3&amp;isAllowed=y\" target=\"_blank\" rel=\"noreferrer noopener\" target=\"_blank\" rel=\"noopener\">Reglamento de la Asignatura \u201cTrabajo Fin de Grado\u201d de la Universidad de La Laguna<\/a>\u00a0(Aprobado en la sesi\u00f3n de Consejo de Gobierno de 2\/12\/2015, y modificado en Consejo de Gobierno de 18\/12\/2020 y de 7\/4\/2022).<\/li>\n\n\n\n<li><a href=\"https:\/\/riull.ull.es\/xmlui\/bitstream\/handle\/915\/42007\/Reglamento%20de%20Trabajo%20Fin%20de%20Grado%20Facultad%20de%20Ciencias%20Sociales%20y%20de%20la%20Comunicaci%C3%B3n%202025.pdf\" target=\"_blank\" rel=\"noreferrer noopener\" target=\"_blank\" rel=\"noopener\">Reglamento espec\u00edfico de TFG de la Facultad de Ciencias Sociales y de la Comunicaci\u00f3n<\/a>\u00a0(Aprobado el 31\/03\/2025)<\/li>\n\n\n\n<li><a href=\"https:\/\/riull.ull.es\/xmlui\/bitstream\/handle\/915\/15724\/Acuerdo%201.%20NPPult.pdf?sequence=1&amp;isAllowed=y\" target=\"_blank\" rel=\"noreferrer noopener\" target=\"_blank\" rel=\"noopener\">Normativa Progreso y Permanencia<\/a>\u00a0(Acuerdo Consejo Social 27\/06\/2019)<\/li>\n<\/ul>\n<\/div><\/div><\/div>\n<\/details>\n<\/div><\/div><\/div>\n<\/div><\/div>\n","protected":false},"excerpt":{"rendered":"<p>Trabajo de Fin de Grado Grado en Sociolog\u00eda La asignatura de Trabajo Fin de Grado (TFG) es de car\u00e1cter obligatorio y resulta clave en la titulaci\u00f3n, dado que en ella se recoge la evaluaci\u00f3n de un gran n\u00famero de competencias espec\u00edficas y gen\u00e9ricas del Grado. Requisitos Matricula S\u00f3lo podr\u00e1 matricularse en el Trabajo de Fin&#8230;<\/p>","protected":false},"author":1,"featured_media":0,"parent":270,"menu_order":3,"comment_status":"closed","ping_status":"closed","template":"templates\/template-frontpage.php","meta":{"footnotes":""},"class_list":["post-33","page","type-page","status-publish","hentry"],"_links":{"self":[{"href":"https:\/\/www.ull.es\/grados\/sociologia-y-antropologia\/en\/wp-json\/wp\/v2\/pages\/33","targetHints":{"allow":["GET"]}}],"collection":[{"href":"https:\/\/www.ull.es\/grados\/sociologia-y-antropologia\/en\/wp-json\/wp\/v2\/pages"}],"about":[{"href":"https:\/\/www.ull.es\/grados\/sociologia-y-antropologia\/en\/wp-json\/wp\/v2\/types\/page"}],"author":[{"embeddable":true,"href":"https:\/\/www.ull.es\/grados\/sociologia-y-antropologia\/en\/wp-json\/wp\/v2\/users\/1"}],"replies":[{"embeddable":true,"href":"https:\/\/www.ull.es\/grados\/sociologia-y-antropologia\/en\/wp-json\/wp\/v2\/comments?post=33"}],"version-history":[{"count":35,"href":"https:\/\/www.ull.es\/grados\/sociologia-y-antropologia\/en\/wp-json\/wp\/v2\/pages\/33\/revisions"}],"predecessor-version":[{"id":1300,"href":"https:\/\/www.ull.es\/grados\/sociologia-y-antropologia\/en\/wp-json\/wp\/v2\/pages\/33\/revisions\/1300"}],"up":[{"embeddable":true,"href":"https:\/\/www.ull.es\/grados\/sociologia-y-antropologia\/en\/wp-json\/wp\/v2\/pages\/270"}],"wp:attachment":[{"href":"https:\/\/www.ull.es\/grados\/sociologia-y-antropologia\/en\/wp-json\/wp\/v2\/media?parent=33"}],"curies":[{"name":"wp","href":"https:\/\/api.w.org\/{rel}","templated":true}]}}