{"id":37,"date":"2017-06-28T12:58:45","date_gmt":"2017-06-28T12:58:45","guid":{"rendered":"http:\/\/www.ull.es\/masteres\/desarrollo-y-gestion-de-recursos-humanos\/?page_id=30"},"modified":"2025-12-09T13:40:01","modified_gmt":"2025-12-09T13:40:01","slug":"perfil-de-ingreso-y-egreso","status":"publish","type":"page","link":"https:\/\/www.ull.es\/grados\/sociologia-y-antropologia\/en\/informacion-academica\/perfil-de-ingreso-y-egreso\/","title":{"rendered":"Admission and exit profile"},"content":{"rendered":"\n<div class=\"wp-block-stackable-columns alignfull stk-block-columns stk-block stk-8657999\" data-block-id=\"8657999\"><style>.stk-8657999 {padding-bottom:0px !important;margin-top:-30px !important;margin-bottom:0px !important;}@media screen and (max-width: 767px){.stk-8657999 {margin-top:-10% !important;}}<\/style><div class=\"stk-row stk-inner-blocks stk-block-content stk-content-align stk-8657999-column alignfull\">\n<div class=\"wp-block-stackable-column stk-block-column stk-column stk-block stk-914f03e\" data-v=\"4\" data-block-id=\"914f03e\"><div class=\"stk-column-wrapper stk-block-column__content stk-container stk-914f03e-container stk--no-background stk--no-padding\"><div class=\"stk-block-content stk-inner-blocks stk-914f03e-inner-blocks\"><style id=\"depicter-1-inline-pre-css\">\n\n.depicter-1:not(.depicter-ready){\n\theight:500px;\n}\n\n\/***** Tablet *****\/\n@media screen and (max-width: 1024px){\n\n.depicter-1:not(.depicter-ready){\n\theight:700px;\n}\n\n}\n\/***** Mobile *****\/\n@media screen and (max-width: 767px){\n\n.depicter-1:not(.depicter-ready){\n\theight:360px;\n}\n\n}\n<\/style>\n<div id=\"depicter-1\" class=\"depicter depicter-document depicter-revert depicter-1 depicter-layout-fullwidth\">\n\n<div class=\"depicter-loading-container depicter-loading dotFlashing-dark\"><div class=\"depicter-loading-dark depicter-dot-flashing\">\n   <span><\/span>\n   <span><\/span>\n   <span><\/span>\n<\/div>\n<\/div>\n<div id=\"depicter-1-section-1\" class=\"depicter-section depicter-1-section-1\" data-name=\"Section 1\" data-type=\"section\" data-local-id=\"section-1\">\n<picture class=\"depicter-bg\">\n<source data-depicter-srcset=\"https:\/\/www.ull.es\/grados\/sociologia-y-antropologia\/wp-content\/uploads\/sites\/50\/2025\/05\/Imagenes_web_grados_Doble_Grado_en_Sociologia_y_Antropologia_Social_y_Cultural_2-768x248.jpg, https:\/\/www.ull.es\/grados\/sociologia-y-antropologia\/wp-content\/uploads\/sites\/50\/2025\/05\/Imagenes_web_grados_Doble_Grado_en_Sociologia_y_Antropologia_Social_y_Cultural_2.jpg 2x\" srcset=\"data:image\/gif;base64,R0lGODlhAQABAIAAAAAAAP\/\/\/yH5BAEAAAAALAAAAAABAAEAAAIBRAA7\" media=\"(max-width: 1024px)\" \/>\n\n<source data-depicter-srcset=\"https:\/\/www.ull.es\/grados\/sociologia-y-antropologia\/wp-content\/uploads\/sites\/50\/2025\/05\/Imagenes_web_grados_Doble_Grado_en_Sociologia_y_Antropologia_Social_y_Cultural_2.jpg, https:\/\/www.ull.es\/grados\/sociologia-y-antropologia\/wp-content\/uploads\/sites\/50\/2025\/05\/Imagenes_web_grados_Doble_Grado_en_Sociologia_y_Antropologia_Social_y_Cultural_2-1920x621.jpg 2x\" srcset=\"data:image\/gif;base64,R0lGODlhAQABAIAAAAAAAP\/\/\/yH5BAEAAAAALAAAAAABAAEAAAIBRAA7\" media=\"(min-width: 1025px)\" \/>\n<img decoding=\"async\" src=\"data:image\/gif;base64,R0lGODlhAQABAIAAAAAAAP\/\/\/yH5BAEAAAAALAAAAAABAAEAAAIBRAA7\" data-ken-burns=\"false\" data-tablet-ken-burns=\"false\" data-mobile-ken-burns=\"false\" alt=\"\" data-depicter-src=\"https:\/\/www.ull.es\/grados\/sociologia-y-antropologia\/wp-content\/uploads\/sites\/50\/2025\/05\/Imagenes_web_grados_Doble_Grado_en_Sociologia_y_Antropologia_Social_y_Cultural_2.jpg\" data-object-fit=\"custom,custom,\" data-object-position=\"center top,,\" data-crop=\"{'focalPoint':{'x':0.5,'y':0.5},'mediaSize':{'width':1391.3043478260869960649870336055755615234375,'height':450}}\" data-tablet-crop=\"{'focalPoint':{'x':0.5,'y':0.5},'mediaSize':{'width':2164.25120772946820579818449914455413818359375,'height':699.9999999999998863131622783839702606201171875}}\" data-mobile-crop=\"{'focalPoint':{'x':0.5,'y':0.5},'mediaSize':{'width':1113.04347826086950590251944959163665771484375,'height':360}}\" \/>\n<\/picture>\n\n\n<h1 id=\"depicter-1-element-5\" class=\"depicter-element depicter-layer depicter-1-element-5\" data-type=\"text\" data-wrap=\"true\" data-name=\"Text 2\" data-local-id=\"element-5\" data-offset=\"x:0px;y:101px;origin:tl\" data-tablet-offset=\"x:187px;y:264px;origin:tl\" data-mobile-offset=\"x:6px;y:-198px;origin:tl\" data-width=\"1200px,650px,348px\" data-height=\"auto,auto,auto\" data-responsive-scale=\"true,,\">Doble Grado en Sociolog\u00eda y en Antropolog\u00eda Social y Cultural<\/h1>\n\n<div id=\"depicter-1-element-10\" class=\"depicter-element depicter-layer depicter-1-element-10\" data-type=\"shape\" data-wrap=\"true\" data-name=\"Shape 1\" data-local-id=\"element-10\" data-offset=\"x:0px;y:403px;origin:tl\" data-tablet-offset=\"x:187px;y:436px;origin:tl\" data-mobile-offset=\"x:6px;y:32px;origin:tl\" data-width=\"1200px,635px,324px\" data-height=\"8px,8px,8px\" data-responsive-scale=\"true,,\"><\/div>\n<\/div>\n<\/div>\n<script>\n(window.depicterSetups = window.depicterSetups || []).push(function(){\n\tDepicter.basePath = 'https:\/\/www.ull.es\/grados\/sociologia-y-antropologia\/wp-content\/plugins\/depicter\/resources\/scripts\/player\/';\n\tconst dpPlayer = Depicter.setup('.depicter-1',\n\t\t{\"width\":[\"1200\",\"1024\",\"360\"],\"height\":[\"500\",\"700\",\"360\"],\"view\":\"basic\",\"keepAspectRatio\":true,\"preload\":0,\"layout\":\"fullwidth\",\"rtl\":false,\"initAfterAppear\":false,\"ajaxApiUrl\":\"https:\\\/\\\/www.ull.es\\\/grados\\\/sociologia-y-antropologia\\\/wp-admin\\\/admin-ajax.php\",\"mouseSwipe\":true,\"touchSwipe\":true,\"useWatermark\":false}\n\t);\n});\n<\/script><\/div><\/div><\/div>\n<\/div><\/div>\n\n\n\n<div class=\"wp-block-stackable-columns alignfull stk-block-columns stk--hide-mobile stk-block stk-ceecbdc stk-block-background\" data-block-id=\"ceecbdc\"><style>.stk-ceecbdc {background-color:#03256c !important;padding-top:35px !important;padding-right:0px !important;padding-bottom:2px !important;padding-left:0px !important;margin-top:-20px !important;margin-bottom:70px !important;}.stk-ceecbdc:before{background-color:#03256c !important;}<\/style><div class=\"stk-row stk-inner-blocks stk-block-content stk-content-align stk-ceecbdc-column alignfull\">\n<div class=\"wp-block-stackable-column stk-block-column stk-column stk-block stk-fc60a5d\" data-v=\"4\" data-block-id=\"fc60a5d\"><div class=\"stk-column-wrapper stk-block-column__content stk-container stk-fc60a5d-container stk--no-background stk--no-padding\"><div class=\"stk-block-content stk-inner-blocks stk-fc60a5d-inner-blocks\">\n<div class=\"wp-block-stackable-spacer stk-block-spacer stk--no-padding stk-block stk-a3a8a68\" data-block-id=\"a3a8a68\"><style>.stk-a3a8a68 {height:0px !important;}<\/style><\/div>\n<\/div><\/div><\/div>\n<\/div><\/div>\n\n\n\n<div class=\"wp-block-stackable-columns alignwide stk-block-columns stk-block stk-3627255\" data-block-id=\"3627255\"><style>.stk-3627255 {padding-right:16% !important;padding-left:16% !important;margin-bottom:18px !important;}<\/style><div class=\"stk-row stk-inner-blocks stk-block-content stk-content-align stk-3627255-column alignwide\">\n<div class=\"wp-block-stackable-column stk-block-column stk-column stk-block stk-81e665a\" data-v=\"4\" data-block-id=\"81e665a\"><div class=\"stk-column-wrapper stk-block-column__content stk-container stk-81e665a-container stk--no-background stk--no-padding\"><div class=\"stk-block-content stk-inner-blocks stk-81e665a-inner-blocks\">\n<div class=\"wp-block-stackable-heading stk-block-heading stk-block-heading--v2 stk-block stk-97878e6\" id=\"perfil-de-ingreso-y-egreso\" data-block-id=\"97878e6\"><style>.stk-97878e6 .stk-block-heading__text{color:#03256c !important;}<\/style><h1 class=\"stk-block-heading__text has-text-color\">Perfil de ingreso y egreso<\/h1><\/div>\n\n\n\n<div class=\"wp-block-stackable-heading stk-block-heading stk-block-heading--v2 stk-block stk-0b40cee\" id=\"perfil-de-ingreso\" data-block-id=\"0b40cee\"><style>.stk-0b40cee .stk-block-heading__text{color:#03256c !important;}<\/style><h2 class=\"stk-block-heading__text has-text-color\">Perfil de ingreso<\/h2><\/div>\n\n\n\n<p>El ejercicio de la Sociolog\u00eda y la Antropolog\u00eda implica mantener relaciones personales de forma constante en distintos \u00e1mbitos y niveles. Por ello, es deseable poseer habilidad para el contacto social y la interacci\u00f3n con las personas, para trabajar en equipo, y para aceptar la diversidad, sin prejuicios sexistas, xen\u00f3fobos-racistas, hom\u00f3fobos, por raz\u00f3n de edad y\/o discapacidad, ideolog\u00eda, y de cualquier otra diferencia entre las personas.<\/p>\n\n\n\n<p>As\u00ed, se podr\u00eda decir que las personas interesadas en cursar estos estudios deber\u00edan tener:<\/p>\n\n\n\n<ul class=\"wp-block-list\">\n<li>Intereses pol\u00edticos, sociales y econ\u00f3micos.<\/li>\n\n\n\n<li>Observadoras, curiosas y constantes<\/li>\n\n\n\n<li>Buena memoria y capacidad de concentraci\u00f3n.<\/li>\n\n\n\n<li>Capacidad de an\u00e1lisis y s\u00edntesis.<\/li>\n\n\n\n<li>Razonamiento l\u00f3gico e intuitivo.<\/li>\n\n\n\n<li>Dominio del lenguaje verbal y escrito.<\/li>\n\n\n\n<li>Disposici\u00f3n para el trabajo en equipo.<\/li>\n\n\n\n<li>Capacidad de liderazgo<\/li>\n<\/ul>\n\n\n\n<p>Concretamente, que muestren inter\u00e9s por:<\/p>\n\n\n\n<ul class=\"wp-block-list\">\n<li>La realidad social y por los procesos que en ella acontecen.<\/li>\n\n\n\n<li>La diversidad social y cultural en sus m\u00faltiples expresiones pol\u00edticas, econ\u00f3micas, religiosas, jur\u00eddicas, patrimoniales, est\u00e9ticas, etc.<\/li>\n\n\n\n<li>Los fen\u00f3menos de interculturalidad y multiculturalidad propios de las sociedades contempor\u00e1neas (migratorios, urbanos, de g\u00e9nero, laborales, educativos, etc.), y las nuevas situaciones de convivencia y\/o de conflicto a que estos fen\u00f3menos dan lugar.<\/li>\n\n\n\n<li>Alcanzar una mirada cr\u00edtica, competente y comprometida con las nuevas realidades sociales de presente y futuro.<\/li>\n<\/ul>\n\n\n\n<p>Si bien la normativa permite el acceso a la titulaci\u00f3n desde cualquier opci\u00f3n de bachillerato y desde un n\u00famero importante de ciclos de formaci\u00f3n profesional, los conocimientos que se adquieren en el&nbsp;<strong>Bachillerato de Ciencias Sociales y Humanidades<\/strong>&nbsp;son los m\u00e1s acordes a las materias que se estudiar\u00e1n en el grado, lo que contribuir\u00e1 a su mejor comprensi\u00f3n y a facilitar el progreso del estudiantado.<\/p>\n\n\n\n<h2 class=\"wp-block-heading\"><strong><span style=\"color: #03256c;\" class=\"stk-highlight\">Perfil de Egreso<\/span><\/strong><\/h2>\n\n\n\n<p>Relaciones interculturales y diversidad cultural.<\/p>\n\n\n\n<ul class=\"wp-block-list\">\n<li>Mediaci\u00f3n intercultural.<\/li>\n\n\n\n<li>T\u00e9cnicos\/as en relaciones interculturales y diversidad cultural. Intervenci\u00f3n en campa\u00f1as de sensibilizaci\u00f3n frente al racismo e intervenci\u00f3n directa en el \u00e1mbito municipal. Expertos en la resoluci\u00f3n de problemas derivados del multiculturalismo, el racismo y los conflictos religiosos.<\/li>\n\n\n\n<li>T\u00e9cnicas\/os en educaci\u00f3n multicultural e intercultural. T\u00e9cnicos en relaciones interculturales y diversidad cultural.<\/li>\n\n\n\n<li>Soporte multicultural al personal sanitario y de intervenci\u00f3n social para conseguir una mejor atenci\u00f3n y adecuarla a los distintos valores culturales.\u00a0<\/li>\n<\/ul>\n\n\n\n<p>Organizaci\u00f3n del trabajo.<\/p>\n\n\n\n<ul class=\"wp-block-list\">\n<li>Gesti\u00f3n de Recursos Humanos.<\/li>\n\n\n\n<li>Relaciones con clientes y usuarios.<\/li>\n\n\n\n<li>T\u00e9cnico de organizaci\u00f3n de los procesos de trabajo.<\/li>\n\n\n\n<li>Responsable de imagen corporativa.<\/li>\n<\/ul>\n\n\n\n<p>Patrimonio etnol\u00f3gico.<\/p>\n\n\n\n<ul class=\"wp-block-list\">\n<li>Conservadores del patrimonio etnol\u00f3gico y muse\u00f3logos expertos en etnolog\u00eda.<\/li>\n\n\n\n<li>T\u00e9cnicos\/as de museos etnol\u00f3gicos y de sociedad.<\/li>\n\n\n\n<li>Elaboraci\u00f3n de proyectos de museos, centros de gesti\u00f3n del patrimonio y exposiciones.<\/li>\n\n\n\n<li>T\u00e9cnicos en patrimonio etnol\u00f3gico. Documentaci\u00f3n en inventario del patrimonio etnol\u00f3gico. Acciones de conservaci\u00f3n.<\/li>\n\n\n\n<li>T\u00e9cnicos en turismo cultural. Promoci\u00f3n tur\u00edstica, planes de desarrollo de turismo cultural a partir del patrimonio cultural etnol\u00f3gico.<\/li>\n\n\n\n<li>Elaboraci\u00f3n de informes relativos al patrimonio cultural y pol\u00edticas culturales locales y regionales.<\/li>\n\n\n\n<li>Agentes de dinamizaci\u00f3n y desarrollo local.<\/li>\n\n\n\n<li>Gesti\u00f3n del conocimiento local: investigaci\u00f3n sobre aspectos de \u00e1mbito local como elementos de dinamizaci\u00f3n sociocultural. \u2013 T\u00e9cnicos en empresas de servicios culturales.<\/li>\n\n\n\n<li>Dinamizadores culturales a partir del patrimonio etnol\u00f3gico (conocimiento y organizaci\u00f3n de fiestas, patrimonio inmaterial material, etc.). Animadores socioculturales.<\/li>\n<\/ul>\n\n\n\n<p>Investigaci\u00f3n social aplicada.<\/p>\n\n\n\n<ul class=\"wp-block-list\">\n<li>Investigaci\u00f3n social de mercados.<\/li>\n\n\n\n<li>T\u00e9cnicos de marketing comercial.<\/li>\n\n\n\n<li>T\u00e9cnicos de estudios de opini\u00f3n.<\/li>\n\n\n\n<li>T\u00e9cnicos de estudios de consumo.<\/li>\n\n\n\n<li>T\u00e9cnicos de comunicaci\u00f3n publicitaria.<\/li>\n\n\n\n<li>Consultor (asesoramiento estrat\u00e9gico a instituciones tanto p\u00fablicas como privadas).<\/li>\n\n\n\n<li>T\u00e9cnicos de estudios de calidad.<\/li>\n\n\n\n<li>Big Data.<\/li>\n<\/ul>\n\n\n\n<p>Desarrollo territorial y cooperaci\u00f3n internacional.<\/p>\n\n\n\n<ul class=\"wp-block-list\">\n<li>Agentes y t\u00e9cnicos en desarrollo local y dinamizaci\u00f3n social.<\/li>\n\n\n\n<li>Asesores en desarrollo local y territorial.<\/li>\n\n\n\n<li>Elaboraci\u00f3n de planes estrat\u00e9gicos locales.<\/li>\n\n\n\n<li>Gesti\u00f3n de programas y programaci\u00f3n de actividades.<\/li>\n\n\n\n<li>Expertos en conocimiento local.<\/li>\n\n\n\n<li>Elaboraci\u00f3n y desarrollo de Agendas 21 locales.<\/li>\n\n\n\n<li>An\u00e1lisis de las condiciones sociales y culturales para el desarrollo.<\/li>\n\n\n\n<li>Cooperaci\u00f3n internacional. Agencias de ayuda y desarrollo. Mediadores interculturales. Expertos en sociedades ind\u00edgenas. Evaluadores\/as de proyectos de desarrollo.<\/li>\n<\/ul>\n\n\n\n<p>Pol\u00edticas P\u00fablicas.<\/p>\n\n\n\n<ul class=\"wp-block-list\">\n<li>Asesor\u00eda en Parlamentos, Corporaciones Locales y Auton\u00f3micas.<\/li>\n\n\n\n<li>Planificaci\u00f3n, evaluaci\u00f3n y desarrollo de programas y pol\u00edticas.<\/li>\n\n\n\n<li>Agentes de Desarrollo Local y de Cooperaci\u00f3n Internacional.<\/li>\n\n\n\n<li>Diagn\u00f3stico y evaluaci\u00f3n de programas y pol\u00edticas p\u00fablicas (sistema sanitario, ordenaci\u00f3n urbana, pol\u00edticas de igualdad o participaci\u00f3n ciudadana y conocimientos de gesti\u00f3n de los recursos p\u00fablicos).<\/li>\n\n\n\n<li>Tratamiento de bases de datos.<\/li>\n<\/ul>\n\n\n\n<p>Promoci\u00f3n y gesti\u00f3n cultural.<\/p>\n\n\n\n<ul class=\"wp-block-list\">\n<li>T\u00e9cnicos en promoci\u00f3n y gesti\u00f3n cultural.<\/li>\n\n\n\n<li>Asesoramiento de programas de pol\u00edticas culturales.<\/li>\n\n\n\n<li>Formaci\u00f3n de agentes socioculturales.<\/li>\n\n\n\n<li>Servicios de cultura.<\/li>\n\n\n\n<li>Promoci\u00f3n tur\u00edstica, planes de desarrollo de turismo cultural.<\/li>\n<\/ul>\n\n\n\n<p>Intervenci\u00f3n Social.<\/p>\n\n\n\n<ul class=\"wp-block-list\">\n<li>Coordinador de programas comunitarios.<\/li>\n\n\n\n<li>Coordinador de programas de cooperaci\u00f3n y desarrollo.<\/li>\n\n\n\n<li>T\u00e9cnico de reinserci\u00f3n y rehabilitaci\u00f3n de poblaci\u00f3n penitenciaria.<\/li>\n\n\n\n<li>T\u00e9cnico de gesti\u00f3n de servicios de salud.<\/li>\n<\/ul>\n\n\n\n<p>Asesor\u00edas e intervenci\u00f3n social.<\/p>\n\n\n\n<ul class=\"wp-block-list\">\n<li>Colaboraci\u00f3n en medios de comunicaci\u00f3n y editoriales.<\/li>\n\n\n\n<li>La Antropolog\u00eda Social y Cultural proporciona una perspectiva y un conjunto de herramientas para el an\u00e1lisis social que pueden aplicarse al dise\u00f1o, la implantaci\u00f3n, el seguimiento y la evaluaci\u00f3n de pol\u00edticas p\u00fablicas.<\/li>\n<\/ul>\n\n\n\n<p>Educaci\u00f3n.<\/p>\n\n\n\n<ul class=\"wp-block-list\">\n<li>Docentes en las ense\u00f1anzas de Formaci\u00f3n Profesional.<\/li>\n<\/ul>\n<\/div><\/div><\/div>\n<\/div><\/div>\n","protected":false},"excerpt":{"rendered":"<p>Perfil de ingreso y egreso Perfil de ingreso El ejercicio de la Sociolog\u00eda y la Antropolog\u00eda implica mantener relaciones personales de forma constante en distintos \u00e1mbitos y niveles. Por ello, es deseable poseer habilidad para el contacto social y la interacci\u00f3n con las personas, para trabajar en equipo, y para aceptar la diversidad, sin prejuicios&#8230;<\/p>","protected":false},"author":1,"featured_media":0,"parent":252,"menu_order":1,"comment_status":"closed","ping_status":"closed","template":"templates\/template-frontpage.php","meta":{"footnotes":""},"class_list":["post-37","page","type-page","status-publish","hentry"],"_links":{"self":[{"href":"https:\/\/www.ull.es\/grados\/sociologia-y-antropologia\/en\/wp-json\/wp\/v2\/pages\/37","targetHints":{"allow":["GET"]}}],"collection":[{"href":"https:\/\/www.ull.es\/grados\/sociologia-y-antropologia\/en\/wp-json\/wp\/v2\/pages"}],"about":[{"href":"https:\/\/www.ull.es\/grados\/sociologia-y-antropologia\/en\/wp-json\/wp\/v2\/types\/page"}],"author":[{"embeddable":true,"href":"https:\/\/www.ull.es\/grados\/sociologia-y-antropologia\/en\/wp-json\/wp\/v2\/users\/1"}],"replies":[{"embeddable":true,"href":"https:\/\/www.ull.es\/grados\/sociologia-y-antropologia\/en\/wp-json\/wp\/v2\/comments?post=37"}],"version-history":[{"count":17,"href":"https:\/\/www.ull.es\/grados\/sociologia-y-antropologia\/en\/wp-json\/wp\/v2\/pages\/37\/revisions"}],"predecessor-version":[{"id":1280,"href":"https:\/\/www.ull.es\/grados\/sociologia-y-antropologia\/en\/wp-json\/wp\/v2\/pages\/37\/revisions\/1280"}],"up":[{"embeddable":true,"href":"https:\/\/www.ull.es\/grados\/sociologia-y-antropologia\/en\/wp-json\/wp\/v2\/pages\/252"}],"wp:attachment":[{"href":"https:\/\/www.ull.es\/grados\/sociologia-y-antropologia\/en\/wp-json\/wp\/v2\/media?parent=37"}],"curies":[{"name":"wp","href":"https:\/\/api.w.org\/{rel}","templated":true}]}}