{"id":35,"date":"2017-06-28T12:58:08","date_gmt":"2017-06-28T12:58:08","guid":{"rendered":"http:\/\/www.ull.es\/masteres\/desarrollo-y-gestion-de-recursos-humanos\/?page_id=26"},"modified":"2025-12-09T13:38:33","modified_gmt":"2025-12-09T13:38:33","slug":"descripcion-del-titulo","status":"publish","type":"page","link":"https:\/\/www.ull.es\/grados\/sociologia-y-antropologia\/informacion-academica\/descripcion-del-titulo\/","title":{"rendered":"Descripci\u00f3n del t\u00edtulo"},"content":{"rendered":"\n<div class=\"wp-block-stackable-columns alignfull stk-block-columns stk-block stk-8657999\" data-block-id=\"8657999\"><style>.stk-8657999 {padding-bottom:0px !important;margin-top:-30px !important;margin-bottom:0px !important;}@media screen and (max-width: 767px){.stk-8657999 {margin-top:-10% !important;}}<\/style><div class=\"stk-row stk-inner-blocks stk-block-content stk-content-align stk-8657999-column alignfull\">\n<div class=\"wp-block-stackable-column stk-block-column stk-column stk-block stk-914f03e\" data-v=\"4\" data-block-id=\"914f03e\"><div class=\"stk-column-wrapper stk-block-column__content stk-container stk-914f03e-container stk--no-background stk--no-padding\"><div class=\"stk-block-content stk-inner-blocks stk-914f03e-inner-blocks\"><style id=\"depicter-1-inline-pre-css\">\n\n.depicter-1:not(.depicter-ready){\n\theight:500px;\n}\n\n\/***** Tablet *****\/\n@media screen and (max-width: 1024px){\n\n.depicter-1:not(.depicter-ready){\n\theight:700px;\n}\n\n}\n\/***** Mobile *****\/\n@media screen and (max-width: 767px){\n\n.depicter-1:not(.depicter-ready){\n\theight:360px;\n}\n\n}\n<\/style>\n<div id=\"depicter-1\" class=\"depicter depicter-document depicter-revert depicter-1 depicter-layout-fullwidth\">\n\n<div class=\"depicter-loading-container depicter-loading dotFlashing-dark\"><div class=\"depicter-loading-dark depicter-dot-flashing\">\n   <span><\/span>\n   <span><\/span>\n   <span><\/span>\n<\/div>\n<\/div>\n<div id=\"depicter-1-section-1\" class=\"depicter-section depicter-1-section-1\" data-name=\"Section 1\" data-type=\"section\" data-local-id=\"section-1\">\n<picture class=\"depicter-bg\">\n<source data-depicter-srcset=\"https:\/\/www.ull.es\/grados\/sociologia-y-antropologia\/wp-content\/uploads\/sites\/50\/2025\/05\/Imagenes_web_grados_Doble_Grado_en_Sociologia_y_Antropologia_Social_y_Cultural_2-768x248.jpg, https:\/\/www.ull.es\/grados\/sociologia-y-antropologia\/wp-content\/uploads\/sites\/50\/2025\/05\/Imagenes_web_grados_Doble_Grado_en_Sociologia_y_Antropologia_Social_y_Cultural_2.jpg 2x\" srcset=\"data:image\/gif;base64,R0lGODlhAQABAIAAAAAAAP\/\/\/yH5BAEAAAAALAAAAAABAAEAAAIBRAA7\" media=\"(max-width: 1024px)\" \/>\n\n<source data-depicter-srcset=\"https:\/\/www.ull.es\/grados\/sociologia-y-antropologia\/wp-content\/uploads\/sites\/50\/2025\/05\/Imagenes_web_grados_Doble_Grado_en_Sociologia_y_Antropologia_Social_y_Cultural_2.jpg, https:\/\/www.ull.es\/grados\/sociologia-y-antropologia\/wp-content\/uploads\/sites\/50\/2025\/05\/Imagenes_web_grados_Doble_Grado_en_Sociologia_y_Antropologia_Social_y_Cultural_2-1920x621.jpg 2x\" srcset=\"data:image\/gif;base64,R0lGODlhAQABAIAAAAAAAP\/\/\/yH5BAEAAAAALAAAAAABAAEAAAIBRAA7\" media=\"(min-width: 1025px)\" \/>\n<img decoding=\"async\" src=\"data:image\/gif;base64,R0lGODlhAQABAIAAAAAAAP\/\/\/yH5BAEAAAAALAAAAAABAAEAAAIBRAA7\" data-ken-burns=\"false\" data-tablet-ken-burns=\"false\" data-mobile-ken-burns=\"false\" alt=\"\" data-depicter-src=\"https:\/\/www.ull.es\/grados\/sociologia-y-antropologia\/wp-content\/uploads\/sites\/50\/2025\/05\/Imagenes_web_grados_Doble_Grado_en_Sociologia_y_Antropologia_Social_y_Cultural_2.jpg\" data-object-fit=\"custom,custom,\" data-object-position=\"center top,,\" data-crop=\"{'focalPoint':{'x':0.5,'y':0.5},'mediaSize':{'width':1391.3043478260869960649870336055755615234375,'height':450}}\" data-tablet-crop=\"{'focalPoint':{'x':0.5,'y':0.5},'mediaSize':{'width':2164.25120772946820579818449914455413818359375,'height':699.9999999999998863131622783839702606201171875}}\" data-mobile-crop=\"{'focalPoint':{'x':0.5,'y':0.5},'mediaSize':{'width':1113.04347826086950590251944959163665771484375,'height':360}}\" \/>\n<\/picture>\n\n\n<h1 id=\"depicter-1-element-5\" class=\"depicter-element depicter-layer depicter-1-element-5\" data-type=\"text\" data-wrap=\"true\" data-name=\"Text 2\" data-local-id=\"element-5\" data-offset=\"x:0px;y:101px;origin:tl\" data-tablet-offset=\"x:187px;y:264px;origin:tl\" data-mobile-offset=\"x:6px;y:-198px;origin:tl\" data-width=\"1200px,650px,348px\" data-height=\"auto,auto,auto\" data-responsive-scale=\"true,,\">Doble Grado en Sociolog\u00eda y en Antropolog\u00eda Social y Cultural<\/h1>\n\n<div id=\"depicter-1-element-10\" class=\"depicter-element depicter-layer depicter-1-element-10\" data-type=\"shape\" data-wrap=\"true\" data-name=\"Shape 1\" data-local-id=\"element-10\" data-offset=\"x:0px;y:403px;origin:tl\" data-tablet-offset=\"x:187px;y:436px;origin:tl\" data-mobile-offset=\"x:6px;y:32px;origin:tl\" data-width=\"1200px,635px,324px\" data-height=\"8px,8px,8px\" data-responsive-scale=\"true,,\"><\/div>\n<\/div>\n<\/div>\n<script>\n(window.depicterSetups = window.depicterSetups || []).push(function(){\n\tDepicter.basePath = 'https:\/\/www.ull.es\/grados\/sociologia-y-antropologia\/wp-content\/plugins\/depicter\/resources\/scripts\/player\/';\n\tconst dpPlayer = Depicter.setup('.depicter-1',\n\t\t{\"width\":[\"1200\",\"1024\",\"360\"],\"height\":[\"500\",\"700\",\"360\"],\"view\":\"basic\",\"keepAspectRatio\":true,\"preload\":0,\"layout\":\"fullwidth\",\"rtl\":false,\"initAfterAppear\":false,\"ajaxApiUrl\":\"https:\\\/\\\/www.ull.es\\\/grados\\\/sociologia-y-antropologia\\\/wp-admin\\\/admin-ajax.php\",\"mouseSwipe\":true,\"touchSwipe\":true,\"useWatermark\":false}\n\t);\n});\n<\/script><\/div><\/div><\/div>\n<\/div><\/div>\n\n\n\n<div class=\"wp-block-stackable-columns alignfull stk-block-columns stk--hide-mobile stk-block stk-ceecbdc stk-block-background\" data-block-id=\"ceecbdc\"><style>.stk-ceecbdc {background-color:#03256c !important;padding-top:35px !important;padding-right:0px !important;padding-bottom:2px !important;padding-left:0px !important;margin-top:-20px !important;margin-bottom:70px !important;}.stk-ceecbdc:before{background-color:#03256c !important;}<\/style><div class=\"stk-row stk-inner-blocks stk-block-content stk-content-align stk-ceecbdc-column alignfull\">\n<div class=\"wp-block-stackable-column stk-block-column stk-column stk-block stk-fc60a5d\" data-v=\"4\" data-block-id=\"fc60a5d\"><div class=\"stk-column-wrapper stk-block-column__content stk-container stk-fc60a5d-container stk--no-background stk--no-padding\"><div class=\"stk-block-content stk-inner-blocks stk-fc60a5d-inner-blocks\">\n<div class=\"wp-block-stackable-spacer stk-block-spacer stk--no-padding stk-block stk-a3a8a68\" data-block-id=\"a3a8a68\"><style>.stk-a3a8a68 {height:0px !important;}<\/style><\/div>\n<\/div><\/div><\/div>\n<\/div><\/div>\n\n\n\n<div class=\"wp-block-stackable-columns alignwide stk-block-columns stk-block stk-3627255\" data-block-id=\"3627255\"><style>.stk-3627255 {padding-right:16% !important;padding-left:16% !important;margin-bottom:18px !important;}<\/style><div class=\"stk-row stk-inner-blocks stk-block-content stk-content-align stk-3627255-column alignwide\">\n<div class=\"wp-block-stackable-column stk-block-column stk-column stk-block stk-81e665a\" data-v=\"4\" data-block-id=\"81e665a\"><div class=\"stk-column-wrapper stk-block-column__content stk-container stk-81e665a-container stk--no-background stk--no-padding\"><div class=\"stk-block-content stk-inner-blocks stk-81e665a-inner-blocks\">\n<div class=\"wp-block-stackable-heading stk-block-heading stk-block-heading--v2 stk-block stk-97878e6\" id=\"descripcion-del-titulo\" data-block-id=\"97878e6\"><style>.stk-97878e6 .stk-block-heading__text{color:#03256c !important;}<\/style><h1 class=\"stk-block-heading__text has-text-color\">Descripci\u00f3n del t\u00edtulo<\/h1><\/div>\n\n\n\n<style>\n.hoverable {\n  transition: transform 0.3s, box-shadow 0.3s;\n  cursor: pointer;\n}\n.hoverable:hover {\n  transform: scale(1.02);\n  box-shadow: 0 0.5rem 1rem rgba(0,0,0,0.25);\n  \/* Mantiene el color de fondo original *\/\n}\n<\/style>\n<table class=\"table table-bordered table-striped align-middle text-center shadow-sm rounded overflow-hidden table-hover-effect\" style=\"border-collapse: separate; border-spacing: 0; box-shadow: 0 0.5rem 1rem rgba(0,0,0,0.15); border-radius:2rem; width:100%;\">\n  <tbody>\n    <tr style=\"background-color:#03256C; color:#fff;\">\n      <td class=\"hoverable fw-bold\" style=\"width:30%; border-top-left-radius: 1.5rem; font-weight:bold;\">Nombre del t\u00edtulo:<\/td>\n      <td class=\"hoverable\" style=\"border-top-right-radius: 1.5rem; font-weight:bold;\">Doble Grado en Sociolog\u00eda y Antropolog\u00eda Social y Cultural por la Universidad de La Laguna<\/td>\n    <\/tr>\n    <tr style=\"background-color:#f8f9fa;\">\n      <td class=\"hoverable fw-bold\" style=\"font-weight:bold;\">Universidad y centros responsables:<\/td>\n      <td class=\"hoverable\">Facultad de Ciencias Sociales y de la Comunicaci\u00f3n de la Universidad de La Laguna.<\/a><\/td>\n    <\/tr>\n    <tr style=\"background-color:#fff;\">\n      <td class=\"hoverable fw-bold\" style=\"font-weight:bold;\">Modalidad de ense\u00f1anza:<\/td>\n      <td class=\"hoverable\">Presencial<\/td>\n    <\/tr>\n    <tr style=\"background-color:#fff;\">\n      <td class=\"hoverable fw-bold\" style=\"font-weight:bold;\">Nivel MECES:<\/td>\n      <td class=\"hoverable\">2<\/td>\n    <\/tr>\n    <tr style=\"background-color:#fff;\">\n      <td class=\"hoverable fw-bold\" style=\"font-weight:bold;\">Rama del Conocimiento:<\/td>\n      <td class=\"hoverable\">Ciencias Sociales y Jur\u00eddicas<\/td>\n    <\/tr>\n    <tr style=\"background-color:#fff;\">\n      <td class=\"hoverable fw-bold\" style=\"font-weight:bold;\">C\u00f3digo ISCED:<\/td>\n      <td class=\"hoverable\">312-Sociolog\u00eda, Antropolog\u00eda y Geograf\u00eda Social y Cultural<\/td>\n    <\/tr>\n    <tr style=\"background-color:#f8f9fa;\">\n      <td class=\"hoverable fw-bold\" style=\"font-weight:bold;\">Lugar de impartici\u00f3n<\/td>\n      <td class=\"hoverable\"><a href=\"https:\/\/www.ull.es\/centros\/facultad-de-ciencias-sociales-y-de-la-comunicacion\/\" target=\"_blank\" rel=\"noopener\">Facultad de Ciencias Sociales y de la Comunicaci\u00f3n<\/a><\/td>\n    <\/tr>\n    <tr style=\"background-color:#fff;\">\n      <td class=\"hoverable fw-bold\" width=\"30%\" style=\"font-weight:bold;\">Plazas ofertadas:<\/td>\n      <td class=\"hoverable\" width=\"70%\">35 plazas de nuevo ingreso<\/td>\n    <\/tr>\n    <tr style=\"background-color:#f8f9fa;\">\n      <td class=\"hoverable fw-bold\" style=\"font-weight:bold;\">N\u00famero de cr\u00e9ditos:<\/td>\n      <td class=\"hoverable\">300 ECTS<\/td>\n    <\/tr>\n    <tr style=\"background-color:#fff;\">\n      <td class=\"hoverable fw-bold\" style=\"font-weight:bold;\">Duraci\u00f3n del t\u00edtulo<\/td>\n      <td class=\"hoverable\">5 a\u00f1os<\/td>\n    <\/tr>\n    <tr style=\"background-color:#fff;\">\n      <td class=\"hoverable fw-bold\" style=\"font-weight:bold;\">Profesi\u00f3n regulada<\/td>\n      <td class=\"hoverable\">&#8211;<\/td>\n    <\/tr>\n    <tr style=\"background-color:#fff;\">\n      <td class=\"hoverable fw-bold\" style=\"font-weight:bold;\">Idiomas en los que se imparte:<\/td>\n      <td class=\"hoverable\">Espa\u00f1ol e ingl\u00e9s<\/td>\n    <\/tr>\n    <tr style=\"background-color:#f8f9fa;\">\n      <td class=\"hoverable fw-bold\" style=\"border-bottom-left-radius: 1.5rem; font-weight:bold;\">Justificaci\u00f3n del t\u00edtulo<\/td>\n      <td class=\"hoverable\" style=\"border-bottom-right-radius: 1.5rem;\"><a href=\"https:\/\/drive.google.com\/file\/d\/14u6u5GWOUQjMOwCGQsY83Ul3HB_sWDgP\/view?usp=sharing\" target=\"_blank\" rel=\"noopener\">Acceso a la justificaci\u00f3n de Sociolog\u00eda<\/a><br><a href=\"https:\/\/drive.google.com\/file\/d\/1IGbWGb8ad7QIzHOHkdshfo2-2mfahQIe\/view?usp=sharing\" target=\"_blank\" rel=\"noopener\">Acceso a la justificaci\u00f3n de Antropolog\u00eda Social y Cultural<\/a><\/td>\n    <\/tr>\n  <\/tbody>\n<\/table>\n\n\n\n<p>La Sociolog\u00eda, por una parte, se encarga del an\u00e1lisis de la realidad social de los distintos grupos sociales, instituciones y procesos sociales como la familia, los j\u00f3venes, los mayores, las migraciones o la incorporaci\u00f3n de las mujeres al mundo del empleo. Se estudian hechos y percepciones sociales, aportando diagn\u00f3sticos y propuestas de mejora. Para ello se cuenta con t\u00e9cnicas propias desarrolladas por la sociolog\u00eda, tanto de car\u00e1cter cuantitativo (encuesta o t\u00e9cnicas demogr\u00e1ficas) como de tipo cualitativo (grupos de discusi\u00f3n, entrevistas en profundidad u observaci\u00f3n participante).<\/p>\n\n\n\n<p>Por su parte, la Antropolog\u00eda se ocupa del estudio de la diversidad cultural y el patrimonio etnol\u00f3gico, lo que implica fomentar y desarrollar la capacidad de explicaci\u00f3n sobre las relaciones interculturales en el mundo social que nos rodea. Adem\u00e1s de su perspectiva transcultural y de su inter\u00e9s en las relaciones interculturales, la Antropolog\u00eda Social se caracteriza por el uso de la etnograf\u00eda basada en el trabajo de campo como forma de investigaci\u00f3n espec\u00edfica sobre el terreno. Estudia y analiza las desigualdades sociales y las identidades \u00e9tnicas, de clase, g\u00e9nero y edad; las variaciones culturales en interacci\u00f3n con los flujos sociales y, en especial, con el funcionamiento de organizaciones, instituciones y empresas.<\/p>\n\n\n\n<p>Este Doble Grado potenciar\u00e1 enormemente la empleabilidad de los egresados, cubriendo aquellos campos de especializaci\u00f3n que diferencian ambas disciplinas y que hasta el d\u00eda de hoy suponen barreras que limitan las posibilidades de alcanzar ciertos puestos de trabajo. De este modo, con la doble titulaci\u00f3n el alumnado egresado se vuelve mucho m\u00e1s atractivo para todo tipo de empleadores, desde las necesidades de la Administraci\u00f3n P\u00fablica hasta los intereses de la empresa privada.<\/p>\n\n\n\n<p>Todo esto convierte a este Doble Grado pr\u00e1cticamente en una necesidad para nuestros estudiantes, aumentando su formaci\u00f3n y eliminando las barreras disciplinares que limitan sus posibilidades de desarrollo profesional tanto en el contexto de las Islas Canarias como en el exterior.<\/p>\n<\/div><\/div><\/div>\n<\/div><\/div>\n","protected":false},"excerpt":{"rendered":"<p>Descripci\u00f3n del t\u00edtulo Nombre del t\u00edtulo: Doble Grado en Sociolog\u00eda y Antropolog\u00eda Social y Cultural por la Universidad de La Laguna Universidad y centros responsables: Facultad de Ciencias Sociales y de la Comunicaci\u00f3n de la Universidad de La Laguna. Modalidad de ense\u00f1anza: Presencial Nivel MECES: 2 Rama del Conocimiento: Ciencias Sociales y Jur\u00eddicas C\u00f3digo ISCED:&#8230;<\/p>\n","protected":false},"author":1,"featured_media":0,"parent":252,"menu_order":0,"comment_status":"closed","ping_status":"closed","template":"templates\/template-frontpage.php","meta":{"footnotes":""},"class_list":["post-35","page","type-page","status-publish","hentry"],"_links":{"self":[{"href":"https:\/\/www.ull.es\/grados\/sociologia-y-antropologia\/wp-json\/wp\/v2\/pages\/35","targetHints":{"allow":["GET"]}}],"collection":[{"href":"https:\/\/www.ull.es\/grados\/sociologia-y-antropologia\/wp-json\/wp\/v2\/pages"}],"about":[{"href":"https:\/\/www.ull.es\/grados\/sociologia-y-antropologia\/wp-json\/wp\/v2\/types\/page"}],"author":[{"embeddable":true,"href":"https:\/\/www.ull.es\/grados\/sociologia-y-antropologia\/wp-json\/wp\/v2\/users\/1"}],"replies":[{"embeddable":true,"href":"https:\/\/www.ull.es\/grados\/sociologia-y-antropologia\/wp-json\/wp\/v2\/comments?post=35"}],"version-history":[{"count":27,"href":"https:\/\/www.ull.es\/grados\/sociologia-y-antropologia\/wp-json\/wp\/v2\/pages\/35\/revisions"}],"predecessor-version":[{"id":1278,"href":"https:\/\/www.ull.es\/grados\/sociologia-y-antropologia\/wp-json\/wp\/v2\/pages\/35\/revisions\/1278"}],"up":[{"embeddable":true,"href":"https:\/\/www.ull.es\/grados\/sociologia-y-antropologia\/wp-json\/wp\/v2\/pages\/252"}],"wp:attachment":[{"href":"https:\/\/www.ull.es\/grados\/sociologia-y-antropologia\/wp-json\/wp\/v2\/media?parent=35"}],"curies":[{"name":"wp","href":"https:\/\/api.w.org\/{rel}","templated":true}]}}