{"id":37,"date":"2017-06-28T12:58:45","date_gmt":"2017-06-28T12:58:45","guid":{"rendered":"http:\/\/www.ull.es\/masteres\/desarrollo-y-gestion-de-recursos-humanos\/?page_id=30"},"modified":"2025-12-04T15:48:57","modified_gmt":"2025-12-04T15:48:57","slug":"perfil-de-ingreso-y-egreso","status":"publish","type":"page","link":"https:\/\/www.ull.es\/grados\/sociologia\/fr\/informacion-academica\/perfil-de-ingreso-y-egreso\/","title":{"rendered":"Profil d&#039;admission et de sortie"},"content":{"rendered":"\n<div class=\"wp-block-stackable-columns alignfull stk-block-columns stk-block stk-8657999\" data-block-id=\"8657999\"><style>.stk-8657999 {padding-bottom:0px !important;margin-top:-30px !important;margin-bottom:0px !important;}@media screen and (max-width: 767px){.stk-8657999 {margin-top:-10% !important;}}<\/style><div class=\"stk-row stk-inner-blocks stk-block-content stk-content-align stk-8657999-column alignfull\">\n<div class=\"wp-block-stackable-column stk-block-column stk-column stk-block stk-914f03e\" data-v=\"4\" data-block-id=\"914f03e\"><div class=\"stk-column-wrapper stk-block-column__content stk-container stk-914f03e-container stk--no-background stk--no-padding\"><div class=\"stk-block-content stk-inner-blocks stk-914f03e-inner-blocks\"><style id=\"depicter-1-inline-pre-css\">\n\n.depicter-1:not(.depicter-ready){\n\theight:500px;\n}\n\n\/***** Tablet *****\/\n@media screen and (max-width: 1024px){\n\n.depicter-1:not(.depicter-ready){\n\theight:700px;\n}\n\n}\n\/***** Mobile *****\/\n@media screen and (max-width: 767px){\n\n.depicter-1:not(.depicter-ready){\n\theight:360px;\n}\n\n}\n<\/style>\n<div id=\"depicter-1\" class=\"depicter depicter-document depicter-revert depicter-1 depicter-layout-fullwidth\">\n\n<div class=\"depicter-loading-container depicter-loading dotFlashing-dark\"><div class=\"depicter-loading-dark depicter-dot-flashing\">\n   <span><\/span>\n   <span><\/span>\n   <span><\/span>\n<\/div>\n<\/div>\n<div id=\"depicter-1-section-1\" class=\"depicter-section depicter-1-section-1\" data-name=\"Section 1\" data-type=\"section\" data-local-id=\"section-1\">\n<picture class=\"depicter-bg\">\n<source data-depicter-srcset=\"https:\/\/www.ull.es\/grados\/sociologia\/wp-content\/uploads\/sites\/21\/2025\/04\/Slider_Sociologia-768x248.jpg, https:\/\/www.ull.es\/grados\/sociologia\/wp-content\/uploads\/sites\/21\/2025\/04\/Slider_Sociologia.jpg 2x\" srcset=\"data:image\/gif;base64,R0lGODlhAQABAIAAAAAAAP\/\/\/yH5BAEAAAAALAAAAAABAAEAAAIBRAA7\" media=\"(max-width: 1024px)\" \/>\n\n<source data-depicter-srcset=\"https:\/\/www.ull.es\/grados\/sociologia\/wp-content\/uploads\/sites\/21\/2025\/04\/Slider_Sociologia.jpg, https:\/\/www.ull.es\/grados\/sociologia\/wp-content\/uploads\/sites\/21\/2025\/04\/Slider_Sociologia-1921x621.jpg 2x\" srcset=\"data:image\/gif;base64,R0lGODlhAQABAIAAAAAAAP\/\/\/yH5BAEAAAAALAAAAAABAAEAAAIBRAA7\" media=\"(min-width: 1025px)\" \/>\n<img decoding=\"async\" src=\"data:image\/gif;base64,R0lGODlhAQABAIAAAAAAAP\/\/\/yH5BAEAAAAALAAAAAABAAEAAAIBRAA7\" data-ken-burns=\"false\" data-tablet-ken-burns=\"false\" data-mobile-ken-burns=\"false\" alt=\"\" data-depicter-src=\"https:\/\/www.ull.es\/grados\/sociologia\/wp-content\/uploads\/sites\/21\/2025\/04\/Slider_Sociologia.jpg\" data-object-fit=\"custom,custom,\" data-object-position=\"center top,,\" data-crop=\"{'focalPoint':{'x':0.5,'y':0.5},'mediaSize':{'width':1392.028985507246261477121151983737945556640625,'height':450}}\" data-tablet-crop=\"{'focalPoint':{'x':0.5,'y':0.5},'mediaSize':{'width':2165.3784219001609017141163349151611328125,'height':699.9999999999998863131622783839702606201171875}}\" data-mobile-crop=\"{'focalPoint':{'x':0.5,'y':0.5},'mediaSize':{'width':1113.623188405797236555372364819049835205078125,'height':360}}\" \/>\n<\/picture>\n\n\n<h1 id=\"depicter-1-element-5\" class=\"depicter-element depicter-layer depicter-1-element-5\" data-type=\"text\" data-wrap=\"true\" data-name=\"Text 2\" data-local-id=\"element-5\" data-offset=\"x:184px;y:201px;origin:tl\" data-tablet-offset=\"x:254px;y:321px;origin:tl\" data-mobile-offset=\"x:6px;y:-136px;origin:tl\" data-width=\"833px,589px,348px\" data-height=\"auto,auto,auto\" data-responsive-scale=\"true,,\">Grado en Sociolog\u00eda<\/h1>\n\n<div id=\"depicter-1-element-10\" class=\"depicter-element depicter-layer depicter-1-element-10\" data-type=\"shape\" data-wrap=\"true\" data-name=\"Shape 1\" data-local-id=\"element-10\" data-offset=\"x:203px;y:311px;origin:tl\" data-tablet-offset=\"x:254px;y:388px;origin:tl\" data-mobile-offset=\"x:6px;y:15px;origin:tl\" data-width=\"795px,489px,309px\" data-height=\"8px,8px,8px\" data-responsive-scale=\"true,,\"><\/div>\n<\/div>\n<\/div>\n<script>\n(window.depicterSetups = window.depicterSetups || []).push(function(){\n\tDepicter.basePath = 'https:\/\/www.ull.es\/grados\/sociologia\/wp-content\/plugins\/depicter\/resources\/scripts\/player\/';\n\tconst dpPlayer = Depicter.setup('.depicter-1',\n\t\t{\"width\":[\"1200\",\"1024\",\"360\"],\"height\":[\"500\",\"700\",\"360\"],\"view\":\"basic\",\"keepAspectRatio\":true,\"preload\":0,\"layout\":\"fullwidth\",\"rtl\":false,\"initAfterAppear\":false,\"ajaxApiUrl\":\"https:\\\/\\\/www.ull.es\\\/grados\\\/sociologia\\\/wp-admin\\\/admin-ajax.php\",\"mouseSwipe\":true,\"touchSwipe\":true,\"useWatermark\":false}\n\t);\n});\n<\/script><\/div><\/div><\/div>\n<\/div><\/div>\n\n\n\n<div class=\"wp-block-stackable-columns alignfull stk-block-columns stk--hide-mobile stk-block stk-ceecbdc stk-block-background\" data-block-id=\"ceecbdc\"><style>.stk-ceecbdc {background-color:#360060 !important;padding-top:35px !important;padding-right:0px !important;padding-bottom:2px !important;padding-left:0px !important;margin-top:-20px !important;margin-bottom:70px !important;}.stk-ceecbdc:before{background-color:#360060 !important;}<\/style><div class=\"stk-row stk-inner-blocks stk-block-content stk-content-align stk-ceecbdc-column alignfull\">\n<div class=\"wp-block-stackable-column stk-block-column stk-column stk-block stk-fc60a5d\" data-v=\"4\" data-block-id=\"fc60a5d\"><div class=\"stk-column-wrapper stk-block-column__content stk-container stk-fc60a5d-container stk--no-background stk--no-padding\"><div class=\"stk-block-content stk-inner-blocks stk-fc60a5d-inner-blocks\">\n<div class=\"wp-block-stackable-spacer stk-block-spacer stk--no-padding stk-block stk-a3a8a68\" data-block-id=\"a3a8a68\"><style>.stk-a3a8a68 {height:0px !important;}<\/style><\/div>\n<\/div><\/div><\/div>\n<\/div><\/div>\n\n\n\n<div class=\"wp-block-stackable-columns alignwide stk-block-columns stk-block stk-3627255\" data-block-id=\"3627255\"><style>.stk-3627255 {padding-right:16% !important;padding-left:16% !important;margin-bottom:18px !important;}<\/style><div class=\"stk-row stk-inner-blocks stk-block-content stk-content-align stk-3627255-column alignwide\">\n<div class=\"wp-block-stackable-column stk-block-column stk-column stk-block stk-81e665a\" data-v=\"4\" data-block-id=\"81e665a\"><div class=\"stk-column-wrapper stk-block-column__content stk-container stk-81e665a-container stk--no-background stk--no-padding\"><div class=\"stk-block-content stk-inner-blocks stk-81e665a-inner-blocks\">\n<div class=\"wp-block-stackable-heading stk-block-heading stk-block-heading--v2 stk-block stk-97878e6\" id=\"perfil-de-ingreso-y-egreso\" data-block-id=\"97878e6\"><style>.stk-97878e6 .stk-block-heading__text{color:#5c068c !important;}<\/style><h1 class=\"stk-block-heading__text has-text-color\">Perfil de ingreso y egreso<\/h1><\/div>\n\n\n\n<div class=\"wp-block-stackable-heading stk-block-heading stk-block-heading--v2 stk-block stk-c3b8c5f\" id=\"perfil-de-ingreso\" data-block-id=\"c3b8c5f\"><style>.stk-c3b8c5f .stk-block-heading__text{color:#5c068c !important;}<\/style><h2 class=\"stk-block-heading__text has-text-color\">Perfil de ingreso<\/h2><\/div>\n\n\n\n<p>Dado que se trata de una titulaci\u00f3n con l\u00edmite de plazas (100 para primer curso) es necesario realizar preinscripci\u00f3n, ser\u00e1 de aplicaci\u00f3n lo previsto en el Real Decreto 1892\/2008 de 14 de noviembre, por el que se regulan las condiciones para el acceso a las ense\u00f1anzas universitarias oficiales de grado y los procedimientos de admisi\u00f3n a las universidades p\u00fablicas espa\u00f1olas, publicado en BOE el 24 de noviembre de 2008.<\/p>\n\n\n\n<p>Se puede acceder desde el bachillerato de ciencias sociales y humanidades, as\u00ed como de los m\u00f3dulos de integraci\u00f3n social y animaci\u00f3n sociocultural.<\/p>\n\n\n\n<p>El ejercicio de la Sociolog\u00eda implica mantener relaciones personales de forma constante en distintos \u00e1mbitos y niveles. Por ello, es deseable poseer habilidad para el contacto social y la interacci\u00f3n con las personas, para trabajar en equipo, y para aceptar la diversidad, sin prejuicios sexistas, xen\u00f3fobos-racistas, hom\u00f3fobos, por raz\u00f3n de edad y\/o discapacidad, ideolog\u00eda, y de cualquier otra diferencia entre las personas.<\/p>\n\n\n<p><iframe loading=\"lazy\" title=\"La sociolog\u00eda en marcha. V\u00eddeo sobre la profesi\u00f3n sociol\u00f3gica (versi\u00f3n 3 min)\" width=\"750\" height=\"422\" src=\"https:\/\/www.youtube.com\/embed\/ofo01arxEnI?feature=oembed\" frameborder=\"0\" allow=\"accelerometer; autoplay; clipboard-write; encrypted-media; gyroscope; picture-in-picture; web-share\" referrerpolicy=\"strict-origin-when-cross-origin\" allowfullscreen><\/iframe><\/p>\n\n\n\n<p>As\u00ed, se podr\u00eda decir que las personas interesadas en cursar los estudios de sociolog\u00eda, deber\u00edan tener:<\/p>\n\n\n\n<ul class=\"wp-block-list\">\n<li>Intereses pol\u00edticos, sociales y econ\u00f3micos.<\/li>\n\n\n\n<li>Observadoras, curiosas y constantes<\/li>\n\n\n\n<li>Buena memoria y capacidad de concentraci\u00f3n.<\/li>\n\n\n\n<li>Capacidad de an\u00e1lisis y s\u00edntesis.<\/li>\n\n\n\n<li>Razonamiento l\u00f3gico e intuitivo.<\/li>\n\n\n\n<li>Dominio del lenguaje verbal y escrito.<\/li>\n\n\n\n<li>Disposici\u00f3n para el trabajo en equipo.<\/li>\n\n\n\n<li>Capacidad de liderazgo<\/li>\n<\/ul>\n\n\n\n<h2 class=\"wp-block-heading\"><strong>Perfil de Egreso<\/strong><\/h2>\n\n\n\n<p>Las personas que obtengan el T\u00edtulo de Grado en Sociolog\u00eda ser\u00e1 capaces de:<\/p>\n\n\n\n<p>Al finalizar los estudios de Grado en Sociolog\u00eda las personas egresadas podr\u00e1n desarrollar su carrera profesional en cualquiera de los \u00e1mbitos que corresponden con los perfiles: Intervenci\u00f3n social, Investigaci\u00f3n Social Aplicada, Organizaci\u00f3n del Trabajo, Pol\u00edticas P\u00fablicas y Educaci\u00f3n.<\/p>\n\n\n\n<p>La Sociolog\u00eda tiene como objetivo general el conocimiento cient\u00edfico de la sociedad. El an\u00e1lisis de la realidad social requiere de elaboraci\u00f3n te\u00f3rica y pr\u00e1ctica. Se trata de explicar el mundo que nos rodea y de contribuir a la mejora del mismo.<\/p>\n\n\n\n<p>Con la Sociolog\u00eda se pretende analizar el funcionamiento de las sociedades, la sensibilizaci\u00f3n sobre los fen\u00f3menos sociales y sus diversas problem\u00e1ticas; pero tambi\u00e9n aportar an\u00e1lisis y reflexiones para la b\u00fasqueda de propuestas de intervenci\u00f3n social. Y colaborar con otros profesionales para el conocimiento y la transformaci\u00f3n del mundo social.<\/p>\n\n\n\n<p>Por ello, los\/as soci\u00f3logos\/as son profesionales polivalentes que aplican sus conocimientos y su capacidad de observaci\u00f3n y an\u00e1lisis en la toma de decisiones en asuntos de tipo colectivo.<\/p>\n\n\n\n<p>La profesi\u00f3n es \u00fatil en diversas ocupaciones tanto en el \u00e1mbito p\u00fablico como privado. Podemos englobar el perfil de egreso en cinco grandes \u00e1reas profesionales: Organizaci\u00f3n de trabajo, Investigaci\u00f3n social aplicada, Pol\u00edticas P\u00fablicas, Intervenci\u00f3n social, y Educaci\u00f3n. Y ello tiene una traducci\u00f3n en el \u00e1mbito p\u00fablico y en el privado.<\/p>\n\n\n\n<p>En el<strong>\u00e1mbito Privado<\/strong>, los\/as soci\u00f3logos\/as pueden trabajar en empresas cuyos puestos est\u00e9n orientados a la&nbsp;<strong>Organizaci\u00f3n del Trabajo<\/strong>. Este perfil capacita para el ejercicio profesional en ocupaciones como la&nbsp;<strong>Gesti\u00f3n de Recursos Humanos<\/strong>, relaciones con clientes y usuarios, t\u00e9cnico de organizaci\u00f3n de los procesos de trabajo, o responsable de imagen corporativa. Este perfil profesional comporta el pleno conocimiento de los recursos instrumentales (tecnolog\u00eda y conocimientos) y sociales (relaciones humanas, direcci\u00f3n y liderazgo de equipos) con los que cuentan las organizaciones laborales.<\/p>\n\n\n\n<p>Tambi\u00e9n pueden trabajar en empresas de investigaci\u00f3n social o de mercados. Aqu\u00ed el perfil se orienta a la&nbsp;<strong>Investigaci\u00f3n Social Aplicada&nbsp;<\/strong>y a la<strong>&nbsp;Investigaci\u00f3n de Mercados<\/strong>. Como campos de actividad fundamental destacan la investigaci\u00f3n social de mercados, los estudios de opini\u00f3n y los estudios sociales, propiamente dichos. En este campo, estos profesionales realizan estudios integradores de las pr\u00e1cticas sociales, as\u00ed como sus representaciones simb\u00f3licas, im\u00e1genes de marca, diferentes estrategias de marketing comercial, etc.<\/p>\n\n\n\n<p>La participaci\u00f3n en estos campos viene definida por la capacidad para identificar y definir problemas, as\u00ed como para generar y evaluar acciones de marketing pol\u00edtico o comercial, adem\u00e1s de analizar los medios a trav\u00e9s de los cuales las acciones y campa\u00f1as de comunicaci\u00f3n puedan ser m\u00e1s eficaces. En la actualidad existe toda una serie de puestos de trabajo t\u00e9cnico muy consolidados, por ejemplo, los&nbsp;<strong>t\u00e9cnicos de estudios de opini\u00f3n, en estudios de consumo y en comunicaci\u00f3n publicitaria<\/strong>. Tambi\u00e9n destaca la funci\u00f3n de consultor (asesoramiento estrat\u00e9gico a instituciones tanto p\u00fablicas como privadas) o de t\u00e9cnicos de estudios de calidad<\/p>\n\n\n\n<p>En el&nbsp;<strong>\u00e1mbito P\u00fablico<\/strong>, destaca el Perfil de&nbsp;<strong>Pol\u00edticas P\u00fablicas<\/strong>, que capacita para ejercer en ocupaciones como la&nbsp;<strong>asesor\u00eda en Parlamentos<\/strong>, Corporaciones Locales y Auton\u00f3micas, la planificaci\u00f3n, evaluaci\u00f3n y desarrollo de programas y pol\u00edticas; tambi\u00e9n los \u00e1mbitos del&nbsp;<strong>Desarrollo Local y de la Cooperaci\u00f3n Internacional<\/strong><strong>.&nbsp;<\/strong>Por otro lado, el profesional de la sociolog\u00eda tambi\u00e9n ser\u00eda una pieza clave en la realizaci\u00f3n de diagn\u00f3sticos previos a la aplicaci\u00f3n de programas y pol\u00edticas p\u00fablicas, as\u00ed como en la evaluaci\u00f3n una vez se hayan ejecutados \u00e9stos&nbsp;(sistema sanitario, ordenaci\u00f3n urbana, pol\u00edticas de igualdad o participaci\u00f3n ciudadana y conocimientos de gesti\u00f3n de los recursos p\u00fablicos).<\/p>\n\n\n\n<p>Tanto en el \u00e1mbito p\u00fablico como en el privado, el soci\u00f3logo\/a podr\u00eda dedicarse al&nbsp;<strong>tratamiento de bases de datos<\/strong>, tanto desde su creaci\u00f3n hasta la realizaci\u00f3n de los an\u00e1lisis para extraer patrones de comportamiento social, pasando por la depuraci\u00f3n de la misma y la preparaci\u00f3n para otras investigaciones. Sin duda, el campo de los an\u00e1lisis de datos es uno de los \u00e1mbitos con mayor proyecci\u00f3n futura, y los soci\u00f3logos\/as no deben perder la oportunidad de posicionarse adecuadamente para dicho escenario. De esta forma, el soci\u00f3logo\/a, una vez termine el grado, estar\u00eda en disposici\u00f3n de ir introduci\u00e9ndose poco a poco en el&nbsp;<strong>Big Data<\/strong>, lo cual implica que vaya viendo, a lo largo del Grado, t\u00e9cnicas avanzadas de an\u00e1lisis de datos que sin lugar a dudas puedan abrirle otras puertas profesionales.<\/p>\n\n\n\n<p>Este perfil se organiza a partir de la figura del Soci\u00f3logo como especialista conocedor del dise\u00f1o, la gesti\u00f3n, planificaci\u00f3n y evaluaci\u00f3n de las pol\u00edticas p\u00fablicas; con el objetivo de mejorar la calidad de vida y el bienestar de la poblaci\u00f3n, as\u00ed como de realizar el an\u00e1lisis de la situaci\u00f3n, causas, evoluci\u00f3n y prospectiva de problemas sociales. El Soci\u00f3logo se encarga tanto de gestionar los recursos p\u00fablicos, como de analizar los h\u00e1bitos de la poblaci\u00f3n en el uso y disfrute del tiempo libre, en los diferentes niveles individuales y colectivos, incluyendo los \u00e1mbitos geogr\u00e1ficos locales, nacionales e internacionales.<\/p>\n\n\n\n<p>Los\/as soci\u00f3logos\/as tambi\u00e9n pueden trabajar en el<strong>Tercer Sector<\/strong>, donde destaca el perfil de&nbsp;<strong>Intervenci\u00f3n Social<\/strong>. La creciente sensibilizaci\u00f3n social por los problemas de conflictos, desviaci\u00f3n social, interacci\u00f3n social y din\u00e1mica de grupos, se ha convertido en un campo de demanda de estos profesionales. El\/la soci\u00f3logo\/a llega al mercado laboral con conocimientos b\u00e1sicos sobre la problem\u00e1tica de las minor\u00edas sociales y grupos desfavorecidos, y conoce los hechos que conforman tales situaciones desde el punto de vista econ\u00f3mico, demogr\u00e1fico y cultural. La visi\u00f3n amplia del Soci\u00f3logo\/a, perteneciente a este perfil profesional, se valora en puestos de trabajo de la Administraci\u00f3n P\u00fablica, ONGs y Fundaciones. Por ejemplo, coordinador de programas comunitarios,&nbsp;<strong>coordinador de programas de cooperaci\u00f3n y desarrollo<\/strong>, t\u00e9cnico de reinserci\u00f3n y rehabilitaci\u00f3n de poblaci\u00f3n penitenciaria y t\u00e9cnico de gesti\u00f3n de servicios de salud.<\/p>\n\n\n\n<p>Por \u00faltimo, destaca el perfil en&nbsp;<strong>Educaci\u00f3n<\/strong>, en el que hay una clara orientaci\u00f3n a la formaci\u00f3n de la disciplina sociol\u00f3gica. Concretamente, el Grado en Sociolog\u00eda es un t\u00edtulo de acceso para la realizaci\u00f3n del Master de Formaci\u00f3n del Profesorado, concretamente para la especialidad de la Ense\u00f1anza de la Econom\u00eda, Empresa y el Turismo, tal y como se puede observar en este enlace: <a href=\"https:\/\/drive.google.com\/open?id=1A90PcMKT70qlefliSTki_l5pxKBjPRX0\" target=\"_blank\" rel=\"noopener\">Titulaciones que dan acceso directo al M\u00e1ster de Formaci\u00f3n del Profesorado<\/a><\/p>\n\n\n\n<p>Una vez obtenida dicha titulaci\u00f3n de M\u00e1ster, tal y como se recoge en el Anexo 5 del&nbsp;&nbsp;<em>Texto Consolidado de Real Decreto 1834\/2008, de 8 de noviembre, por el que se definen las condiciones de formaci\u00f3n para el ejercicio de la docencia en la educaci\u00f3n secundaria obligatoria, el bachillerato, la formaci\u00f3n profesional y las ense\u00f1anzas de r\u00e9gimen especial y se establecen las especialidades de los cuerpos docentes de ense\u00f1anza secundaria<\/em>; los docentes de la especialidad de Formaci\u00f3n y orientaci\u00f3n laboral podr\u00e1n impartir las materias Econom\u00eda, Econom\u00eda de la Empresa, e Iniciaci\u00f3n a la Actividad Emprendedora y Empresarial, siempre que se trate de licenciados o graduados en alguna especialidad de la rama de conocimientos de Ciencias Sociales y Jur\u00eddicas con formaci\u00f3n en Econom\u00eda. Por tanto, los soci\u00f3logos\/as pueden ser&nbsp;<strong>docentes en las ense\u00f1anzas de formaci\u00f3n profesional.<\/strong><\/p>\n<\/div><\/div><\/div>\n<\/div><\/div>\n","protected":false},"excerpt":{"rendered":"<p>Perfil de ingreso y egreso Perfil de ingreso Dado que se trata de una titulaci\u00f3n con l\u00edmite de plazas (100 para primer curso) es necesario realizar preinscripci\u00f3n, ser\u00e1 de aplicaci\u00f3n lo previsto en el Real Decreto 1892\/2008 de 14 de noviembre, por el que se regulan las condiciones para el acceso a las ense\u00f1anzas universitarias&#8230;<\/p>","protected":false},"author":1,"featured_media":0,"parent":252,"menu_order":1,"comment_status":"closed","ping_status":"closed","template":"templates\/template-frontpage.php","meta":{"footnotes":""},"class_list":["post-37","page","type-page","status-publish","hentry"],"_links":{"self":[{"href":"https:\/\/www.ull.es\/grados\/sociologia\/fr\/wp-json\/wp\/v2\/pages\/37","targetHints":{"allow":["GET"]}}],"collection":[{"href":"https:\/\/www.ull.es\/grados\/sociologia\/fr\/wp-json\/wp\/v2\/pages"}],"about":[{"href":"https:\/\/www.ull.es\/grados\/sociologia\/fr\/wp-json\/wp\/v2\/types\/page"}],"author":[{"embeddable":true,"href":"https:\/\/www.ull.es\/grados\/sociologia\/fr\/wp-json\/wp\/v2\/users\/1"}],"replies":[{"embeddable":true,"href":"https:\/\/www.ull.es\/grados\/sociologia\/fr\/wp-json\/wp\/v2\/comments?post=37"}],"version-history":[{"count":12,"href":"https:\/\/www.ull.es\/grados\/sociologia\/fr\/wp-json\/wp\/v2\/pages\/37\/revisions"}],"predecessor-version":[{"id":1174,"href":"https:\/\/www.ull.es\/grados\/sociologia\/fr\/wp-json\/wp\/v2\/pages\/37\/revisions\/1174"}],"up":[{"embeddable":true,"href":"https:\/\/www.ull.es\/grados\/sociologia\/fr\/wp-json\/wp\/v2\/pages\/252"}],"wp:attachment":[{"href":"https:\/\/www.ull.es\/grados\/sociologia\/fr\/wp-json\/wp\/v2\/media?parent=37"}],"curies":[{"name":"wp","href":"https:\/\/api.w.org\/{rel}","templated":true}]}}