{"id":32,"date":"2017-06-28T12:47:36","date_gmt":"2017-06-28T12:47:36","guid":{"rendered":"http:\/\/www.ull.es\/masteres\/desarrollo-y-gestion-de-recursos-humanos\/?page_id=18"},"modified":"2025-12-11T10:10:02","modified_gmt":"2025-12-11T10:10:02","slug":"apoyo-y-orientacion","status":"publish","type":"page","link":"https:\/\/www.ull.es\/grados\/tecnologias-marinas\/en\/informacion-academica\/apoyo-y-orientacion\/","title":{"rendered":"Support and guidance"},"content":{"rendered":"\n<div class=\"wp-block-stackable-columns alignfull stk-block-columns stk-block stk-8657999\" data-block-id=\"8657999\"><style>.stk-8657999 {padding-bottom:0px !important;margin-top:-30px !important;margin-bottom:0px !important;}@media screen and (max-width: 767px){.stk-8657999 {margin-top:-10% !important;}}<\/style><div class=\"stk-row stk-inner-blocks stk-block-content stk-content-align stk-8657999-column alignfull\">\n<div class=\"wp-block-stackable-column stk-block-column stk-column stk-block stk-914f03e\" data-v=\"4\" data-block-id=\"914f03e\"><div class=\"stk-column-wrapper stk-block-column__content stk-container stk-914f03e-container stk--no-background stk--no-padding\"><div class=\"stk-block-content stk-inner-blocks stk-914f03e-inner-blocks\"><style id=\"depicter-1-inline-pre-css\">\n\n.depicter-1:not(.depicter-ready){\n\theight:450px;\n}\n\n\/***** Tablet *****\/\n@media screen and (max-width: 1024px){\n\n.depicter-1:not(.depicter-ready){\n\theight:700px;\n}\n\n}\n\/***** Mobile *****\/\n@media screen and (max-width: 767px){\n\n.depicter-1:not(.depicter-ready){\n\theight:360px;\n}\n\n}\n<\/style>\n<div id=\"depicter-1\" class=\"depicter depicter-document depicter-revert depicter-1 depicter-layout-fullwidth\">\n\n<div class=\"depicter-loading-container depicter-loading dotFlashing-dark\"><div class=\"depicter-loading-dark depicter-dot-flashing\">\n   <span><\/span>\n   <span><\/span>\n   <span><\/span>\n<\/div>\n<\/div>\n<div id=\"depicter-1-section-1\" class=\"depicter-section depicter-1-section-1\" data-name=\"Section 1\" data-type=\"section\" data-local-id=\"section-1\">\n<picture class=\"depicter-bg\">\n<source data-depicter-srcset=\"https:\/\/www.ull.es\/grados\/tecnologias-marinas\/wp-content\/uploads\/sites\/13\/2025\/04\/Slider_Tecnologi\u0301as_Marinas-768x248.jpg, https:\/\/www.ull.es\/grados\/tecnologias-marinas\/wp-content\/uploads\/sites\/13\/2025\/04\/Slider_Tecnologi\u0301as_Marinas.jpg 2x\" srcset=\"data:image\/gif;base64,R0lGODlhAQABAIAAAAAAAP\/\/\/yH5BAEAAAAALAAAAAABAAEAAAIBRAA7\" media=\"(max-width: 1024px)\" \/>\n\n<source data-depicter-srcset=\"https:\/\/www.ull.es\/grados\/tecnologias-marinas\/wp-content\/uploads\/sites\/13\/2025\/04\/Slider_Tecnologi\u0301as_Marinas.jpg, https:\/\/www.ull.es\/grados\/tecnologias-marinas\/wp-content\/uploads\/sites\/13\/2025\/04\/Slider_Tecnologi\u0301as_Marinas-1921x621.jpg 2x\" srcset=\"data:image\/gif;base64,R0lGODlhAQABAIAAAAAAAP\/\/\/yH5BAEAAAAALAAAAAABAAEAAAIBRAA7\" media=\"(min-width: 1025px)\" \/>\n<img decoding=\"async\" src=\"data:image\/gif;base64,R0lGODlhAQABAIAAAAAAAP\/\/\/yH5BAEAAAAALAAAAAABAAEAAAIBRAA7\" data-ken-burns=\"false\" data-tablet-ken-burns=\"false\" data-mobile-ken-burns=\"false\" alt=\"\" data-depicter-src=\"https:\/\/www.ull.es\/grados\/tecnologias-marinas\/wp-content\/uploads\/sites\/13\/2025\/04\/Slider_Tecnologi\u0301as_Marinas.jpg\" data-object-fit=\"custom,custom,\" data-object-position=\"center top,,\" data-crop=\"{'focalPoint':{'x':0.5,'y':0.5},'mediaSize':{'width':1392.028985507246261477121151983737945556640625,'height':450}}\" data-tablet-crop=\"{'focalPoint':{'x':0.5,'y':0.5},'mediaSize':{'width':2165.3784219001609017141163349151611328125,'height':699.9999999999998863131622783839702606201171875}}\" data-mobile-crop=\"{'focalPoint':{'x':0.5,'y':0.5},'mediaSize':{'width':1113.623188405797236555372364819049835205078125,'height':360}}\" \/>\n<\/picture>\n\n\n<h1 id=\"depicter-1-element-5\" class=\"depicter-element depicter-layer depicter-1-element-5\" data-type=\"text\" data-wrap=\"true\" data-name=\"Text 2\" data-local-id=\"element-5\" data-offset=\"x:87px;y:125px;origin:tl\" data-tablet-offset=\"x:232px;y:293px;origin:tl\" data-mobile-offset=\"x:6px;y:-136px;origin:tl\" data-width=\"1027px,589px,348px\" data-height=\"auto,auto,auto\" data-responsive-scale=\"true,,\">Grado en Tecnolog\u00edas Marinas<\/h1>\n\n<div id=\"depicter-1-element-10\" class=\"depicter-element depicter-layer depicter-1-element-10\" data-type=\"shape\" data-wrap=\"true\" data-name=\"Shape 1\" data-local-id=\"element-10\" data-offset=\"x:87px;y:338px;origin:tl\" data-tablet-offset=\"x:232px;y:426px;origin:tl\" data-mobile-offset=\"x:6px;y:15px;origin:tl\" data-width=\"968px,555px,309px\" data-height=\"8px,8px,8px\" data-responsive-scale=\"true,,\"><\/div>\n<\/div>\n<\/div>\n<script>\n(window.depicterSetups = window.depicterSetups || []).push(function(){\n\tDepicter.basePath = 'https:\/\/www.ull.es\/grados\/tecnologias-marinas\/wp-content\/plugins\/depicter\/resources\/scripts\/player\/';\n\tconst dpPlayer = Depicter.setup('.depicter-1',\n\t\t{\"width\":[\"1200\",\"1024\",\"360\"],\"height\":[\"450\",\"700\",\"360\"],\"view\":\"basic\",\"keepAspectRatio\":true,\"preload\":0,\"layout\":\"fullwidth\",\"rtl\":false,\"initAfterAppear\":false,\"ajaxApiUrl\":\"https:\\\/\\\/www.ull.es\\\/grados\\\/tecnologias-marinas\\\/wp-admin\\\/admin-ajax.php\",\"mouseSwipe\":true,\"touchSwipe\":true,\"useWatermark\":false}\n\t);\n});\n<\/script><\/div><\/div><\/div>\n<\/div><\/div>\n\n\n\n<div class=\"wp-block-stackable-columns alignfull stk-block-columns stk--hide-mobile stk-block stk-ceecbdc stk-block-background\" data-block-id=\"ceecbdc\"><style>.stk-ceecbdc {background-color:#360060 !important;padding-top:35px !important;padding-right:0px !important;padding-bottom:2px !important;padding-left:0px !important;margin-top:-20px !important;margin-bottom:70px !important;}.stk-ceecbdc:before{background-color:#360060 !important;}<\/style><div class=\"stk-row stk-inner-blocks stk-block-content stk-content-align stk-ceecbdc-column alignfull\">\n<div class=\"wp-block-stackable-column stk-block-column stk-column stk-block stk-fc60a5d\" data-v=\"4\" data-block-id=\"fc60a5d\"><div class=\"stk-column-wrapper stk-block-column__content stk-container stk-fc60a5d-container stk--no-background stk--no-padding\"><div class=\"stk-block-content stk-inner-blocks stk-fc60a5d-inner-blocks\">\n<div class=\"wp-block-stackable-spacer stk-block-spacer stk--no-padding stk-block stk-a3a8a68\" data-block-id=\"a3a8a68\"><style>.stk-a3a8a68 {height:0px !important;}<\/style><\/div>\n<\/div><\/div><\/div>\n<\/div><\/div>\n\n\n\n<div class=\"wp-block-stackable-columns stk-block-columns stk-block stk-8b59b96\" data-block-id=\"8b59b96\"><style>.stk-8b59b96 .stk--block-align-8b59b96{align-items:flex-start !important;}.stk-8b59b96 {margin-top:25px !important;}.stk-8b59b96-column{--stk-columns-spacing:0px !important;--stk-column-gap:50px !important;}@media screen and (max-width: 767px){.stk-8b59b96-column{row-gap:var(--stk--preset--spacing--60, 2.25rem) !important;}}<\/style><div class=\"stk-row stk-inner-blocks stk--block-align-8b59b96 stk-block-content stk-content-align stk-8b59b96-column\">\n<div class=\"wp-block-stackable-column stk-block-column stk-column stk-block stk-dbb7e15\" data-v=\"4\" data-block-id=\"dbb7e15\"><div class=\"stk-column-wrapper stk-block-column__content stk-container stk-dbb7e15-container stk--no-background stk--no-padding\"><div class=\"stk-block-content stk-inner-blocks stk-dbb7e15-inner-blocks\">\n<div class=\"wp-block-stackable-heading stk-block-heading stk-block-heading--v2 stk-block stk-689c258\" id=\"apoyo-y-orientacion\" data-block-id=\"689c258\"><style>.stk-689c258 .stk-block-heading__text{color:#5c068c !important;}<\/style><h1 class=\"stk-block-heading__text has-text-color\">Apoyo y orientaci\u00f3n<\/h1><\/div>\n\n\n\n<p>Los centros de la ULL ponen en marcha, cada curso acad\u00e9mico, los Planes de Orientaci\u00f3n y Acci\u00f3n Tutorial (POAT) a desarrollar en sus titulaciones para proporcionar al alumnado sistemas de apoyo y orientaci\u00f3n una vez matriculados.<\/p>\n\n\n\n<p>Las actividades formativas, incluidas en el POAT, abordan diversas tem\u00e1ticas a trav\u00e9s de las que pretende facilitar al alumnado su toma de decisiones acad\u00e9mico-profesional en sus diferentes etapas (acogida e integraci\u00f3n en el centro y la universidad, orientaci\u00f3n a lo largo de la titulaci\u00f3n y para su incorporaci\u00f3n al mercado laboral), que le permita superar con \u00e9xito la titulaci\u00f3n y adaptarse a las nuevas demandas: estrategias de aprendizaje aut\u00f3nomo, trabajo en equipo, mejora de resultados de rendimiento acad\u00e9mico, resoluci\u00f3n de dificultades, informaci\u00f3n y asesoramiento sobre pr\u00e1cticas externas y trabajo fin de grado, orientaci\u00f3n sobre los programas de movilidad existentes, exigencias y caracter\u00edsticas del mercado laboral, etc.<\/p>\n\n\n\n<p>Al estar matriculado en la ULL el alumnado de la titulaci\u00f3n puede participar en el POAT de su centro, benefici\u00e1ndose de:<\/p>\n\n\n\n<ul class=\"wp-block-list\">\n<li>Las actividades de formaci\u00f3n e informaci\u00f3n proporcionadas a lo largo de la titulaci\u00f3n.<\/li>\n\n\n\n<li>El asesoramiento del profesorado-tutor\/a, que le apoyar\u00e1 en sus inquietudes intelectuales, acad\u00e9micas y profesionales.<\/li>\n\n\n\n<li>Su reconocimiento en cr\u00e9ditos ECTS \u2013 1 por curso acad\u00e9mico-, tal y como se recoge en el Reglamento de Reconocimiento de Cr\u00e9ditos por Participaci\u00f3n en Actividades Universitarias en Ense\u00f1anzas Oficiales de Grado.<\/li>\n<\/ul>\n\n\n\n<p>El Plan de Orientaci\u00f3n y Acci\u00f3n Tutorial (POAT) de la Secci\u00f3n de N\u00e1utica, M\u00e1quinas y Radioelectr\u00f3nica Naval, en la que se encuadra el Grado de Tecnolog\u00edas Marinas, se enmarca en los requisitos de mejora de la calidad de la ense\u00f1anza previstos en el Sistema de Garant\u00eda Interna de Calidad (SGIC) de la Escuela.<\/p>\n\n\n\n<p>La Garant\u00eda de la Calidad es un fin esencial de la pol\u00edtica universitaria y un eje sobre el que se articulan otros criterios de buenas pr\u00e1cticas fundamentales para la verificaci\u00f3n y acreditaci\u00f3n de las ense\u00f1anzas oficiales, en consonancia con lo establecido en la construcci\u00f3n del Espacio Europeo de Educaci\u00f3n Superior (EEES). En este contexto, la orientaci\u00f3n y la tutorizaci\u00f3n del alumnado se convierten en una necesidad y en un elemento clave de calidad.<\/p>\n\n\n\n<p>El POAT de la Secci\u00f3n &nbsp;se plantea como un esfuerzo sostenido con una perspectiva temporal amplia. El motivo, que justifica un plan de esta naturaleza, es el conocimiento cada vez mayor que se tiene sobre la relaci\u00f3n que existe entre, por un lado, el aprendizaje y los resultados del alumnado (a la par con el nivel de satisfacci\u00f3n del profesorado con su desempe\u00f1o) y por el otro, la orientaci\u00f3n, la acci\u00f3n tutorial de calidad y la informaci\u00f3n adecuada del alumnado.<\/p>\n\n\n\n<p>El POAT est\u00e1 coordinado en la Secci\u00f3n por&nbsp;M\u00aa del Cristo Adri\u00e1n de Ganzo&nbsp; y se integra en la Comisi\u00f3n de POAT&nbsp;de la Escuela Polit\u00e9cnica Superior de Ingenier\u00eda.<\/p>\n\n\n\n<p><a href=\"https:\/\/drive.google.com\/file\/d\/1g44qWff61_6QHU2l9wWKMmSqxPq_zmaZ\/view?usp=sharing\" target=\"_blank\" rel=\"noreferrer noopener\" target=\"_blank\" rel=\"noopener\">Listado de profesorado y tutores del Poat de la Escuela Polit\u00e9cnica Superior de Ingenier\u00eda del curso acad\u00e9mico 2021-2022<\/a><\/p>\n\n\n\n<p><strong>Actividades del curso 2020-2021<\/strong><\/p>\n\n\n\n<ul class=\"wp-block-list\">\n<li><a href=\"https:\/\/www.ull.es\/portal\/noticias\/2020\/jornada-de-bienvenida-para-el-alumnado-de-los-grados-en-nautica-y-transporte-maritimo-y-tecnologias-marinas\/\" target=\"_blank\" rel=\"noreferrer noopener\" target=\"_blank\" rel=\"noopener\">Acto de bienvenida\u00a0<\/a><\/li>\n<\/ul>\n\n\n\n<p><strong>Pendientes de realizar<\/strong><\/p>\n\n\n\n<ul class=\"wp-block-list\">\n<li>C\u00f3mo desarrollar las pr\u00e1cticas curriculares en una empresa\u00a0<\/li>\n\n\n\n<li>Elaboraci\u00f3n y gesti\u00f3n de formularios web con google forms: aplicaci\u00f3n al \u00e1mbito n\u00e1utico-mar\u00edtimo.\u00a0<\/li>\n\n\n\n<li>Requisitos para la pr\u00e1ctica profesional en marina mercante\u00a0<\/li>\n\n\n\n<li>Charla sobre la actividad de una naviera\u00a0<\/li>\n\n\n\n<li>Presentaci\u00f3n de salidas laborales dedicadas a la investigaci\u00f3n en el sector<\/li>\n\n\n\n<li>Charlas formativas con profesionales de la M.M, etc<\/li>\n<\/ul>\n\n\n\n<p><strong>Documentaci\u00f3n de inter\u00e9<\/strong><strong>s<\/strong><\/p>\n\n\n\n<ul class=\"wp-block-list\">\n<li><a href=\"https:\/\/www.ull.es\/estudios-docencia\/examenes\/#progreso-y-permanencia\" target=\"_blank\" rel=\"noreferrer noopener\" target=\"_blank\" rel=\"noopener\">Normativa de progreso y permanencia en las titulaciones oficiales de la ULL<\/a><\/li>\n<\/ul>\n<\/div><\/div><\/div>\n<\/div><\/div>\n","protected":false},"excerpt":{"rendered":"<p>Apoyo y orientaci\u00f3n Los centros de la ULL ponen en marcha, cada curso acad\u00e9mico, los Planes de Orientaci\u00f3n y Acci\u00f3n Tutorial (POAT) a desarrollar en sus titulaciones para proporcionar al alumnado sistemas de apoyo y orientaci\u00f3n una vez matriculados. Las actividades formativas, incluidas en el POAT, abordan diversas tem\u00e1ticas a trav\u00e9s de las que pretende&#8230;<\/p>","protected":false},"author":1,"featured_media":0,"parent":252,"menu_order":7,"comment_status":"closed","ping_status":"closed","template":"templates\/template-frontpage.php","meta":{"footnotes":""},"class_list":["post-32","page","type-page","status-publish","hentry"],"_links":{"self":[{"href":"https:\/\/www.ull.es\/grados\/tecnologias-marinas\/en\/wp-json\/wp\/v2\/pages\/32","targetHints":{"allow":["GET"]}}],"collection":[{"href":"https:\/\/www.ull.es\/grados\/tecnologias-marinas\/en\/wp-json\/wp\/v2\/pages"}],"about":[{"href":"https:\/\/www.ull.es\/grados\/tecnologias-marinas\/en\/wp-json\/wp\/v2\/types\/page"}],"author":[{"embeddable":true,"href":"https:\/\/www.ull.es\/grados\/tecnologias-marinas\/en\/wp-json\/wp\/v2\/users\/1"}],"replies":[{"embeddable":true,"href":"https:\/\/www.ull.es\/grados\/tecnologias-marinas\/en\/wp-json\/wp\/v2\/comments?post=32"}],"version-history":[{"count":23,"href":"https:\/\/www.ull.es\/grados\/tecnologias-marinas\/en\/wp-json\/wp\/v2\/pages\/32\/revisions"}],"predecessor-version":[{"id":1049,"href":"https:\/\/www.ull.es\/grados\/tecnologias-marinas\/en\/wp-json\/wp\/v2\/pages\/32\/revisions\/1049"}],"up":[{"embeddable":true,"href":"https:\/\/www.ull.es\/grados\/tecnologias-marinas\/en\/wp-json\/wp\/v2\/pages\/252"}],"wp:attachment":[{"href":"https:\/\/www.ull.es\/grados\/tecnologias-marinas\/en\/wp-json\/wp\/v2\/media?parent=32"}],"curies":[{"name":"wp","href":"https:\/\/api.w.org\/{rel}","templated":true}]}}