{"id":34,"date":"2017-06-28T12:52:52","date_gmt":"2017-06-28T12:52:52","guid":{"rendered":"http:\/\/www.ull.es\/masteres\/desarrollo-y-gestion-de-recursos-humanos\/?page_id=24"},"modified":"2025-12-17T07:52:44","modified_gmt":"2025-12-17T07:52:44","slug":"estructura-del-plan-de-estudios","status":"publish","type":"page","link":"https:\/\/www.ull.es\/grados\/tecnologias-marinas\/en\/plan-de-estudios\/estructura-del-plan-de-estudios\/","title":{"rendered":"Curriculum Structure"},"content":{"rendered":"\n<div class=\"wp-block-stackable-columns alignfull stk-block-columns stk-block stk-8657999\" data-block-id=\"8657999\"><style>.stk-8657999 {padding-bottom:0px !important;margin-top:-30px !important;margin-bottom:0px !important;}@media screen and (max-width: 767px){.stk-8657999 {margin-top:-10% !important;}}<\/style><div class=\"stk-row stk-inner-blocks stk-block-content stk-content-align stk-8657999-column alignfull\">\n<div class=\"wp-block-stackable-column stk-block-column stk-column stk-block stk-914f03e\" data-v=\"4\" data-block-id=\"914f03e\"><div class=\"stk-column-wrapper stk-block-column__content stk-container stk-914f03e-container stk--no-background stk--no-padding\"><div class=\"stk-block-content stk-inner-blocks stk-914f03e-inner-blocks\"><style id=\"depicter-1-inline-pre-css\">\n\n.depicter-1:not(.depicter-ready){\n\theight:450px;\n}\n\n\/***** Tablet *****\/\n@media screen and (max-width: 1024px){\n\n.depicter-1:not(.depicter-ready){\n\theight:700px;\n}\n\n}\n\/***** Mobile *****\/\n@media screen and (max-width: 767px){\n\n.depicter-1:not(.depicter-ready){\n\theight:360px;\n}\n\n}\n<\/style>\n<div id=\"depicter-1\" class=\"depicter depicter-document depicter-revert depicter-1 depicter-layout-fullwidth\">\n\n<div class=\"depicter-loading-container depicter-loading dotFlashing-dark\"><div class=\"depicter-loading-dark depicter-dot-flashing\">\n   <span><\/span>\n   <span><\/span>\n   <span><\/span>\n<\/div>\n<\/div>\n<div id=\"depicter-1-section-1\" class=\"depicter-section depicter-1-section-1\" data-name=\"Section 1\" data-type=\"section\" data-local-id=\"section-1\">\n<picture class=\"depicter-bg\">\n<source data-depicter-srcset=\"https:\/\/www.ull.es\/grados\/tecnologias-marinas\/wp-content\/uploads\/sites\/13\/2025\/04\/Slider_Tecnologi\u0301as_Marinas-768x248.jpg, https:\/\/www.ull.es\/grados\/tecnologias-marinas\/wp-content\/uploads\/sites\/13\/2025\/04\/Slider_Tecnologi\u0301as_Marinas.jpg 2x\" srcset=\"data:image\/gif;base64,R0lGODlhAQABAIAAAAAAAP\/\/\/yH5BAEAAAAALAAAAAABAAEAAAIBRAA7\" media=\"(max-width: 1024px)\" \/>\n\n<source data-depicter-srcset=\"https:\/\/www.ull.es\/grados\/tecnologias-marinas\/wp-content\/uploads\/sites\/13\/2025\/04\/Slider_Tecnologi\u0301as_Marinas.jpg, https:\/\/www.ull.es\/grados\/tecnologias-marinas\/wp-content\/uploads\/sites\/13\/2025\/04\/Slider_Tecnologi\u0301as_Marinas-1921x621.jpg 2x\" srcset=\"data:image\/gif;base64,R0lGODlhAQABAIAAAAAAAP\/\/\/yH5BAEAAAAALAAAAAABAAEAAAIBRAA7\" media=\"(min-width: 1025px)\" \/>\n<img decoding=\"async\" src=\"data:image\/gif;base64,R0lGODlhAQABAIAAAAAAAP\/\/\/yH5BAEAAAAALAAAAAABAAEAAAIBRAA7\" data-ken-burns=\"false\" data-tablet-ken-burns=\"false\" data-mobile-ken-burns=\"false\" alt=\"\" data-depicter-src=\"https:\/\/www.ull.es\/grados\/tecnologias-marinas\/wp-content\/uploads\/sites\/13\/2025\/04\/Slider_Tecnologi\u0301as_Marinas.jpg\" data-object-fit=\"custom,custom,\" data-object-position=\"center top,,\" data-crop=\"{'focalPoint':{'x':0.5,'y':0.5},'mediaSize':{'width':1392.028985507246261477121151983737945556640625,'height':450}}\" data-tablet-crop=\"{'focalPoint':{'x':0.5,'y':0.5},'mediaSize':{'width':2165.3784219001609017141163349151611328125,'height':699.9999999999998863131622783839702606201171875}}\" data-mobile-crop=\"{'focalPoint':{'x':0.5,'y':0.5},'mediaSize':{'width':1113.623188405797236555372364819049835205078125,'height':360}}\" \/>\n<\/picture>\n\n\n<h1 id=\"depicter-1-element-5\" class=\"depicter-element depicter-layer depicter-1-element-5\" data-type=\"text\" data-wrap=\"true\" data-name=\"Text 2\" data-local-id=\"element-5\" data-offset=\"x:87px;y:125px;origin:tl\" data-tablet-offset=\"x:232px;y:293px;origin:tl\" data-mobile-offset=\"x:6px;y:-136px;origin:tl\" data-width=\"1027px,589px,348px\" data-height=\"auto,auto,auto\" data-responsive-scale=\"true,,\">Grado en Tecnolog\u00edas Marinas<\/h1>\n\n<div id=\"depicter-1-element-10\" class=\"depicter-element depicter-layer depicter-1-element-10\" data-type=\"shape\" data-wrap=\"true\" data-name=\"Shape 1\" data-local-id=\"element-10\" data-offset=\"x:87px;y:338px;origin:tl\" data-tablet-offset=\"x:232px;y:426px;origin:tl\" data-mobile-offset=\"x:6px;y:15px;origin:tl\" data-width=\"968px,555px,309px\" data-height=\"8px,8px,8px\" data-responsive-scale=\"true,,\"><\/div>\n<\/div>\n<\/div>\n<script>\n(window.depicterSetups = window.depicterSetups || []).push(function(){\n\tDepicter.basePath = 'https:\/\/www.ull.es\/grados\/tecnologias-marinas\/wp-content\/plugins\/depicter\/resources\/scripts\/player\/';\n\tconst dpPlayer = Depicter.setup('.depicter-1',\n\t\t{\"width\":[\"1200\",\"1024\",\"360\"],\"height\":[\"450\",\"700\",\"360\"],\"view\":\"basic\",\"keepAspectRatio\":true,\"preload\":0,\"layout\":\"fullwidth\",\"rtl\":false,\"initAfterAppear\":false,\"ajaxApiUrl\":\"https:\\\/\\\/www.ull.es\\\/grados\\\/tecnologias-marinas\\\/wp-admin\\\/admin-ajax.php\",\"mouseSwipe\":true,\"touchSwipe\":true,\"useWatermark\":false}\n\t);\n});\n<\/script><\/div><\/div><\/div>\n<\/div><\/div>\n\n\n\n<div class=\"wp-block-stackable-columns alignfull stk-block-columns stk--hide-mobile stk-block stk-ceecbdc stk-block-background\" data-block-id=\"ceecbdc\"><style>.stk-ceecbdc {background-color:#360060 !important;padding-top:35px !important;padding-right:0px !important;padding-bottom:2px !important;padding-left:0px !important;margin-top:-20px !important;margin-bottom:70px !important;}.stk-ceecbdc:before{background-color:#360060 !important;}<\/style><div class=\"stk-row stk-inner-blocks stk-block-content stk-content-align stk-ceecbdc-column alignfull\">\n<div class=\"wp-block-stackable-column stk-block-column stk-column stk-block stk-fc60a5d\" data-v=\"4\" data-block-id=\"fc60a5d\"><div class=\"stk-column-wrapper stk-block-column__content stk-container stk-fc60a5d-container stk--no-background stk--no-padding\"><div class=\"stk-block-content stk-inner-blocks stk-fc60a5d-inner-blocks\">\n<div class=\"wp-block-stackable-spacer stk-block-spacer stk--no-padding stk-block stk-a3a8a68\" data-block-id=\"a3a8a68\"><style>.stk-a3a8a68 {height:0px !important;}<\/style><\/div>\n<\/div><\/div><\/div>\n<\/div><\/div>\n\n\n\n<div class=\"wp-block-stackable-columns stk-block-columns stk-block stk-8b59b96\" data-block-id=\"8b59b96\"><style>.stk-8b59b96 .stk--block-align-8b59b96{align-items:flex-start !important;}.stk-8b59b96 {margin-top:25px !important;}.stk-8b59b96-column{--stk-columns-spacing:0px !important;--stk-column-gap:50px !important;}@media screen and (max-width: 767px){.stk-8b59b96-column{row-gap:var(--stk--preset--spacing--60, 2.25rem) !important;}}<\/style><div class=\"stk-row stk-inner-blocks stk--block-align-8b59b96 stk-block-content stk-content-align stk-8b59b96-column\">\n<div class=\"wp-block-stackable-column stk-block-column stk-column stk-block stk-dbb7e15\" data-v=\"4\" data-block-id=\"dbb7e15\"><style>@media screen and (min-width: 768px){.stk-dbb7e15 {flex:var(--stk-flex-grow, 1) 1 calc(70% - var(--stk-column-gap, 0px) * 1 \/ 2 ) !important;}}<\/style><div class=\"stk-column-wrapper stk-block-column__content stk-container stk-dbb7e15-container stk--no-background stk--no-padding\"><div class=\"stk-block-content stk-inner-blocks stk-dbb7e15-inner-blocks\">\n<div class=\"wp-block-stackable-heading stk-block-heading stk-block-heading--v2 stk-block stk-689c258\" id=\"estructura-del-plan-de-estudios\" data-block-id=\"689c258\"><style>.stk-689c258 .stk-block-heading__text{color:#5c068c !important;}<\/style><h1 class=\"stk-block-heading__text has-text-color\">Estructura del Plan de estudios<\/h1><\/div>\n\n\n\n<p>La planificaci\u00f3n de las ense\u00f1anzas supone la vertebraci\u00f3n de contenidos, sistemas y metodolog\u00edas que hacen posible la adquisici\u00f3n de los conocimientos, capacidades, habilidades y destrezas b\u00e1sicas necesarias para que los graduados y graduadas puedan desarrollar su actividad en cualquiera de las l\u00edneas especificadas en el perfil profesional definido para la titulaci\u00f3n.<\/p>\n\n\n\n<div class=\"wp-block-stackable-spacer stk-block-spacer stk--no-padding stk-block stk-7352001\" data-block-id=\"7352001\"><\/div>\n\n\n\n<style>\n\/* Efectos hover globales *\/\ntable td, table th {\n  transition: transform 0.2s, box-shadow 0.2s;\n}\ntable td:hover, table th:hover {\n  transform: scale(1.02);\n  box-shadow: 0 0.75rem 1.5rem rgba(0,0,0,0.15);\n}\n\/* Estilo general de tabla *\/\ntable {\n  border-collapse: separate;\n  border-spacing: 0;\n  width: 100%;\n  box-shadow: 0 0.5rem 1rem rgba(0,0,0,0.15);\n  border-radius: 1.5rem;\n  overflow: hidden;\n  font-family: 'Segoe UI', Tahoma, Geneva, Verdana, sans-serif;\n  margin-bottom: 2rem;\n}\ntable th, table td {\n  border: 1px solid #dee2e6;\n  padding: 10px 12px;\n  vertical-align: middle;\n  text-align: center;\n}\ntable th {\n  background-color: #360060;\n  color: #fff;\n  font-weight: bold;\n}\ntr:nth-child(even) td {\n  background-color: #f8f8fc;\n}\n.th1 {\n  background-color: #490a79 !important;\n  color: #fff !important;\n  font-weight: bold;\n}\n.th2 {\n  background-color: #5C068C !important;\n  color: #fff !important;\n  font-weight: bold;\n}\n.td1 {\n  background-color: #ffffff;\n}\n.td2 {\n  background-color: #f8f8fc;\n}\n<\/style>\n<table class=\"style4\" border=\"0\" cellspacing=\"0\" cellpadding=\"0\">\n<tbody>\n<tr>\n<td class=\"td3\" colspan=\"5\">CURSO 1\u00ba<\/td>\n<\/tr>\n<tr>\n<th class=\"th2\" colspan=\"5\">Anual<\/th>\n<\/tr>\n<tr>\n<th class=\"th1\" colspan=\"4\">asignaturas<\/th>\n<th class=\"th1\">cr\u00e9d.<\/th>\n<\/tr>\n<tr>\n<td class=\"td1\" colspan=\"4\">Fundamentos F\u00edsicos aplicados a la Ingenier\u00eda<\/td>\n<td class=\"td1\"><b>12,0<\/b><\/td>\n<\/tr>\n<tr>\n<td class=\"td1\" colspan=\"4\">Fundamentos Matem\u00e1ticos Aplicados a la Ingenier\u00eda<\/td>\n<td class=\"td1\"><b>9,0<\/b><\/td>\n<\/tr>\n<tr>\n<td class=\"td1\" colspan=\"4\">Fundamentos Qu\u00edmicos Aplicados al buque<\/td>\n<td class=\"td1\"><b>9,0<\/b><\/td>\n<\/tr>\n<tr>\n<td class=\"td1\" colspan=\"4\">Fundamentos de Construcci\u00f3n Naval y Teor\u00eda del Buque<\/td>\n<td class=\"td1\"><b>9,0<\/b><\/td>\n<\/tr>\n<tr>\n<td class=\"td1\" colspan=\"4\">Sistemas Auxiliares del Buque<\/td>\n<td class=\"td1\"><b>9,0<\/b><\/td>\n<\/tr>\n<tr>\n<th class=\"th2\" colspan=\"2\">1\u00ba CUATRIMESTRE<\/th>\n<th class=\"th2\" colspan=\"3\"><b>2\u00ba CUATRIMESTRE<\/b><\/th>\n<\/tr>\n<tr>\n<th class=\"th1\">asignaturas<\/th>\n<th class=\"th1\">cr\u00e9d.<\/th>\n<th class=\"th1\" colspan=\"2\">asignaturas<\/th>\n<th class=\"th1\">cr\u00e9d.<\/th>\n<\/tr>\n<tr>\n<td class=\"td1\">Legislaci\u00f3n y Reglamentaci\u00f3n Mar\u00edtima<\/td>\n<td class=\"td1\"><b>6,0<\/b><\/td>\n<td class=\"td1\" colspan=\"2\">Expresi\u00f3n Gr\u00e1fica<\/td>\n<td class=\"td1\"><b>6,0<\/b><\/td>\n<\/tr>\n<tr>\n<td class=\"td2\">total 1\u00ba cuatrimestre<\/td>\n<td class=\"td2\"><b>30<\/b><\/td>\n<td class=\"td2\" colspan=\"2\"><b>total 2\u00ba cuatrimestre<\/b><\/td>\n<td class=\"td2\"><b>30<\/b><\/td>\n<\/tr>\n<tr>\n<td class=\"td3\" colspan=\"5\">CURSO 2\u00ba<\/td>\n<\/tr>\n<tr>\n<th class=\"th2\" colspan=\"5\">Anual<\/th>\n<\/tr>\n<tr>\n<th class=\"th1\" colspan=\"3\">asignaturas<\/th>\n<th class=\"th1\" colspan=\"2\">cr\u00e9d.<\/th>\n<\/tr>\n<tr>\n<td class=\"td1\" colspan=\"3\">Seguridad Mar\u00edtima, Contraincendios y Supervivencia en la Mar<\/td>\n<td class=\"td1\" colspan=\"2\"><b>12,0<\/b><\/td>\n<\/tr>\n<tr>\n<th class=\"th2\" colspan=\"2\">1\u00ba CUATRIMESTRE<\/th>\n<th class=\"th2\" colspan=\"3\"><b>2\u00ba CUATRIMESTRE<\/b><\/th>\n<\/tr>\n<tr>\n<th class=\"th1\">asignaturas<\/th>\n<th class=\"th1\">cr\u00e9d.<\/th>\n<th class=\"th1\" colspan=\"2\">Asignaturas<\/th>\n<th class=\"th1\">cr\u00e9d.<\/th>\n<\/tr>\n<tr>\n<td class=\"td1\">Fundamentos y Aplicaciones Inform\u00e1ticas<\/td>\n<td class=\"td1\"><b>6,0<\/b><\/td>\n<td class=\"td1\" colspan=\"2\">Ingl\u00e9s T\u00e9cnico Mar\u00edtimo<\/td>\n<td class=\"td1\"><b>6,0<\/b><\/td>\n<\/tr>\n<tr>\n<td class=\"td1\">Medicina Mar\u00edtima<\/td>\n<td class=\"td1\"><b>6,0<\/b><\/td>\n<td class=\"td1\" colspan=\"2\">Empresa<\/td>\n<td class=\"td1\"><b>6,0<\/b><\/td>\n<\/tr>\n<tr>\n<td class=\"td1\">Electrotecnia y Electr\u00f3nica<\/td>\n<td class=\"td1\"><b>6,0<\/b><\/td>\n<td class=\"td1\" colspan=\"2\">Fundamentos y Equipos Autom\u00e1ticos del Buque<\/td>\n<td class=\"td1\"><b>6,0<\/b><\/td>\n<\/tr>\n<tr>\n<td class=\"td1\">Resistencia de Materiales en m\u00e1quinas y estructuras navales<\/td>\n<td class=\"td1\"><b>6,0<\/b><\/td>\n<td class=\"td1\" colspan=\"2\">Termodin\u00e1mica y Mec\u00e1nica de Fluidos<\/td>\n<td class=\"td1\"><b>6,0<\/b><\/td>\n<\/tr>\n<tr>\n<td class=\"td2\">total 1\u00ba cuatrimestre<\/td>\n<td class=\"td2\"><b>30<\/b><\/td>\n<td class=\"td2\" colspan=\"2\"><b>total 2\u00ba cuatrimestre<\/b><\/td>\n<td class=\"td2\"><b>30<\/b><\/td>\n<\/tr>\n<\/tbody>\n<\/table>\n<table class=\"style4\" border=\"0\" cellspacing=\"0\" cellpadding=\"0\">\n<tbody>\n<tr>\n<td class=\"td3\" colspan=\"4\">CURSO 3\u00ba<\/td>\n<\/tr>\n<tr>\n<th class=\"th2\" colspan=\"4\">Anual<\/th>\n<\/tr>\n<tr>\n<th class=\"th1\" colspan=\"3\">Asignaturas<\/th>\n<th class=\"th1\">cr\u00e9d.<\/th>\n<\/tr>\n<tr>\n<td class=\"td1\" colspan=\"3\">M\u00e1quinas e Instalaciones de Vapor<\/td>\n<td class=\"td1\"><b>12<\/b><\/td>\n<\/tr>\n<tr>\n<td class=\"td1\" colspan=\"3\">Motores de Combusti\u00f3n Interna<\/td>\n<td class=\"td1\"><b>12<\/b><\/td>\n<\/tr>\n<tr>\n<td class=\"td1\" colspan=\"3\">Tecnolog\u00eda Mec\u00e1nica y Procesos de Fabricaci\u00f3n<\/td>\n<td class=\"td1\"><b>12<\/b><\/td>\n<\/tr>\n<tr>\n<th class=\"th2\" colspan=\"2\">1\u00ba CUATRIMESTRE<\/th>\n<th class=\"th2\" colspan=\"2\"><b>2\u00ba CUATRIMESTRE<\/b><\/th>\n<\/tr>\n<tr>\n<th class=\"th1\">asignaturas<\/th>\n<th class=\"th1\">cr\u00e9d.<\/th>\n<th class=\"th1\">Asignaturas<\/th>\n<th class=\"th1\">cr\u00e9d.<\/th>\n<\/tr>\n<tr>\n<td class=\"td1\">Fr\u00edo y Climatizaci\u00f3n Industrial<\/td>\n<td class=\"td1\"><b>6<\/b><\/td>\n<td class=\"td1\">Terminolog\u00eda Internacional en Ingenier\u00eda Mar\u00edtima<\/td>\n<td class=\"td1\"><b>6<\/b><\/td>\n<\/tr>\n<tr>\n<td class=\"td1\">Regulaci\u00f3n y Control de M\u00e1quinas Navales<\/td>\n<td class=\"td1\"><b>6<\/b><\/td>\n<td class=\"td1\">M\u00e1quinas e Instalaciones El\u00e9ctricas del Buque<\/td>\n<td class=\"td1\"><b>6<\/b><\/td>\n<\/tr>\n<tr>\n<td class=\"td2\" height=\"8\">Total 1\u00ba cuatrimestre<\/td>\n<td class=\"td2\"><b>30<\/b><\/td>\n<td class=\"td2\">Total 2\u00ba cuatrimestre<\/td>\n<td class=\"td2\"><b>30<\/b><\/td>\n<\/tr>\n<tr>\n<td class=\"td3\" colspan=\"4\">CURSO 4\u00ba<\/td>\n<\/tr>\n<tr>\n<th class=\"th2\" colspan=\"2\">1\u00ba CUATRIMESTRE<\/th>\n<th class=\"th2\" colspan=\"2\">2\u00ba CUATRIMESTRE<\/th>\n<\/tr>\n<tr>\n<th class=\"th1\">asignaturas<\/th>\n<th class=\"th1\">cr\u00e9d.<\/th>\n<th class=\"th1\">Asignaturas<\/th>\n<th class=\"th1\">cr\u00e9d.<\/th>\n<\/tr>\n<tr>\n<td class=\"td1\">Pr\u00e1cticas Profesionales optativas en Instalaciones Energ\u00e9ticas Simuladas<\/td>\n<td class=\"td1\"><b>6<\/b><\/td>\n<td class=\"td1\">Mantenimiento y Reparaci\u00f3n de Instalaciones Mar\u00edtimas<\/td>\n<td class=\"td1\"><b>6<\/b><\/td>\n<\/tr>\n<tr>\n<td class=\"td1\">Pr\u00e1cticas Profesionales optativas en Instalaciones Energ\u00e9ticas Mar\u00edtimas<\/td>\n<td class=\"td1\"><b>6<\/b><\/td>\n<td class=\"td1\">Inspecciones T\u00e9cnicas de Aver\u00edas<\/td>\n<td class=\"td1\"><b>6<\/b><\/td>\n<\/tr>\n<tr>\n<td class=\"td1\">Ingenier\u00eda de Calidad<\/td>\n<td class=\"td1\"><b>6<\/b><\/td>\n<td class=\"td1\">Turbinas de Gas<\/td>\n<td class=\"td1\"><b>6<\/b><\/td>\n<\/tr>\n<tr>\n<td class=\"td1\">Total pr\u00e1cticas optativas<\/td>\n<td class=\"td1\"><b>6<\/b><\/td>\n<td class=\"td1\">Corrosi\u00f3n y degradaci\u00f3n de materiales<\/td>\n<td class=\"td1\">6<\/td>\n<\/tr>\n<tr>\n<td class=\"td1\">Pr\u00e1cticas Profesionales Obligatorias Instalaciones Energ\u00e9ticas Mar\u00edtimas<\/td>\n<td class=\"td1\"><b>24<\/b><\/td>\n<td class=\"td1\">Total pr\u00e1cticas optativas<\/td>\n<td class=\"td1\">12<\/td>\n<\/tr>\n<tr>\n<td class=\"td2\">Total asignaturas optativas<\/td>\n<td class=\"td2\"><b>12<\/b><\/td>\n<td class=\"td2\">Trabajo Fin de Grado de Tecnolog\u00edas Marinas<\/td>\n<td class=\"td2\"><b>12<\/b><\/td>\n<\/tr>\n<tr>\n<td class=\"td2\">Total 1\u00ba cuatrimestre<\/td>\n<td class=\"td2\"><b>30<\/b><\/td>\n<td class=\"td2\"><b>Total 2\u00ba cuatrimestre<\/b><\/td>\n<td class=\"td2\"><b>30<\/b><\/td>\n<\/tr>\n<\/tbody>\n<\/table>\n<\/div><\/div><\/div>\n\n\n\n<div class=\"wp-block-stackable-column stk-block-column stk-column stk-block stk-6c73388\" data-v=\"4\" data-block-id=\"6c73388\"><style>@media screen and (min-width: 768px){.stk-6c73388 {flex:var(--stk-flex-grow, 1) 1 calc(30% - var(--stk-column-gap, 0px) * 1 \/ 2 ) !important;}}<\/style><div class=\"stk-column-wrapper stk-block-column__content stk-container stk-6c73388-container stk--no-background stk--no-padding\"><div class=\"stk-block-content stk-inner-blocks stk-6c73388-inner-blocks\">\n<div class=\"wp-block-stackable-icon-label stk-block-icon-label stk-block stk-e63cb4f stk-block-background\" data-block-id=\"e63cb4f\"><style>.stk-e63cb4f {background-color:#5c068c !important;padding-top:20px !important;padding-right:20px !important;padding-bottom:20px !important;padding-left:20px !important;}.stk-e63cb4f:hover{background-color:#0f0e17 !important;}.stk-e63cb4f:before{background-color:#5c068c !important;}.stk-e63cb4f:hover:before{background-color:#0f0e17 !important;}<\/style><div class=\"stk-row stk-inner-blocks stk-block-content\">\n<div class=\"wp-block-stackable-heading stk-block-heading stk-block-heading--v2 stk-block stk-68b185a\" id=\"a-href-https-www-boe-es-boe-dias-2012-03-16-pdfs-boe-a-2012-3808-pdf-span-style-color-fffffe-class-stk-highlight-plan-de-estudios-grado-en-tecnologias-marinas-span-a\" data-block-id=\"68b185a\"><style>.stk-68b185a .stk-block-heading__text{font-size:22px !important;color:#fffffe !important;line-height:1.3em !important;}@media screen and (max-width: 1023px){.stk-68b185a .stk-block-heading__text{font-size:22px !important;}}<\/style><p class=\"stk-block-heading__text has-text-color\"><a href=\"https:\/\/www.boe.es\/boe\/dias\/2012\/03\/16\/pdfs\/BOE-A-2012-3808.pdf\" target=\"_blank\" rel=\"noopener\"><span style=\"color: #fffffe;\" class=\"stk-highlight\">Plan de estudios Grado en Tecnolog\u00edas Marinas<\/span><\/a><\/p><\/div>\n\n\n\n<div class=\"wp-block-stackable-icon stk-block-icon has-text-align-left stk-block stk-34dedbe\" data-block-id=\"34dedbe\"><style>.stk-34dedbe .stk--svg-wrapper .stk--inner-svg svg:last-child{height:18px !important;width:18px !important;}.stk-34dedbe .stk--svg-wrapper .stk--inner-svg svg:last-child, .stk-34dedbe .stk--svg-wrapper .stk--inner-svg svg:last-child :is(g, path, rect, polygon, ellipse){fill:#fffffe !important;}<\/style><span class=\"stk--svg-wrapper\"><div class=\"stk--inner-svg\"><svg style=\"height:0;width:0\"><defs><linearGradient id=\"linear-gradient-34dedbe\" x1=\"0\" x2=\"100%\" y1=\"0\" y2=\"0\"><stop offset=\"0%\" style=\"stop-opacity:1;stop-color:var(--linear-gradient-34-dedbe-color-1)\"><\/stop><stop offset=\"100%\" style=\"stop-opacity:1;stop-color:var(--linear-gradient-34-dedbe-color-2)\"><\/stop><\/linearGradient><\/defs><\/svg><svg xmlns=\"http:\/\/www.w3.org\/2000\/svg\" viewBox=\"0 0 448 512\" aria-hidden=\"true\" width=\"32\" height=\"32\"><path d=\"M438.6 278.6c12.5-12.5 12.5-32.8 0-45.3l-160-160c-12.5-12.5-32.8-12.5-45.3 0s-12.5 32.8 0 45.3L338.8 224 32 224c-17.7 0-32 14.3-32 32s14.3 32 32 32l306.7 0L233.4 393.4c-12.5 12.5-12.5 32.8 0 45.3s32.8 12.5 45.3 0l160-160z\"><\/path><\/svg><\/div><\/span><\/div>\n<\/div><\/div>\n<\/div><\/div><\/div>\n<\/div><\/div>\n","protected":false},"excerpt":{"rendered":"<p>Estructura del Plan de estudios La planificaci\u00f3n de las ense\u00f1anzas supone la vertebraci\u00f3n de contenidos, sistemas y metodolog\u00edas que hacen posible la adquisici\u00f3n de los conocimientos, capacidades, habilidades y destrezas b\u00e1sicas necesarias para que los graduados y graduadas puedan desarrollar su actividad en cualquiera de las l\u00edneas especificadas en el perfil profesional definido para la&#8230;<\/p>","protected":false},"author":1,"featured_media":0,"parent":270,"menu_order":0,"comment_status":"closed","ping_status":"closed","template":"templates\/template-frontpage.php","meta":{"footnotes":""},"class_list":["post-34","page","type-page","status-publish","hentry"],"_links":{"self":[{"href":"https:\/\/www.ull.es\/grados\/tecnologias-marinas\/en\/wp-json\/wp\/v2\/pages\/34","targetHints":{"allow":["GET"]}}],"collection":[{"href":"https:\/\/www.ull.es\/grados\/tecnologias-marinas\/en\/wp-json\/wp\/v2\/pages"}],"about":[{"href":"https:\/\/www.ull.es\/grados\/tecnologias-marinas\/en\/wp-json\/wp\/v2\/types\/page"}],"author":[{"embeddable":true,"href":"https:\/\/www.ull.es\/grados\/tecnologias-marinas\/en\/wp-json\/wp\/v2\/users\/1"}],"replies":[{"embeddable":true,"href":"https:\/\/www.ull.es\/grados\/tecnologias-marinas\/en\/wp-json\/wp\/v2\/comments?post=34"}],"version-history":[{"count":18,"href":"https:\/\/www.ull.es\/grados\/tecnologias-marinas\/en\/wp-json\/wp\/v2\/pages\/34\/revisions"}],"predecessor-version":[{"id":1078,"href":"https:\/\/www.ull.es\/grados\/tecnologias-marinas\/en\/wp-json\/wp\/v2\/pages\/34\/revisions\/1078"}],"up":[{"embeddable":true,"href":"https:\/\/www.ull.es\/grados\/tecnologias-marinas\/en\/wp-json\/wp\/v2\/pages\/270"}],"wp:attachment":[{"href":"https:\/\/www.ull.es\/grados\/tecnologias-marinas\/en\/wp-json\/wp\/v2\/media?parent=34"}],"curies":[{"name":"wp","href":"https:\/\/api.w.org\/{rel}","templated":true}]}}