{"id":37,"date":"2017-06-28T12:58:45","date_gmt":"2017-06-28T12:58:45","guid":{"rendered":"http:\/\/www.ull.es\/masteres\/desarrollo-y-gestion-de-recursos-humanos\/?page_id=30"},"modified":"2025-12-11T10:00:10","modified_gmt":"2025-12-11T10:00:10","slug":"perfil-de-ingreso-y-egreso","status":"publish","type":"page","link":"https:\/\/www.ull.es\/grados\/tecnologias-marinas\/informacion-academica\/perfil-de-ingreso-y-egreso\/","title":{"rendered":"Perfil de ingreso y egreso"},"content":{"rendered":"\n<div class=\"wp-block-stackable-columns alignfull stk-block-columns stk-block stk-8657999\" data-block-id=\"8657999\"><style>.stk-8657999 {padding-bottom:0px !important;margin-top:-30px !important;margin-bottom:0px !important;}@media screen and (max-width: 767px){.stk-8657999 {margin-top:-10% !important;}}<\/style><div class=\"stk-row stk-inner-blocks stk-block-content stk-content-align stk-8657999-column alignfull\">\n<div class=\"wp-block-stackable-column stk-block-column stk-column stk-block stk-914f03e\" data-v=\"4\" data-block-id=\"914f03e\"><div class=\"stk-column-wrapper stk-block-column__content stk-container stk-914f03e-container stk--no-background stk--no-padding\"><div class=\"stk-block-content stk-inner-blocks stk-914f03e-inner-blocks\"><style id=\"depicter-1-inline-pre-css\">\n\n.depicter-1:not(.depicter-ready){\n\theight:450px;\n}\n\n\/***** Tablet *****\/\n@media screen and (max-width: 1024px){\n\n.depicter-1:not(.depicter-ready){\n\theight:700px;\n}\n\n}\n\/***** Mobile *****\/\n@media screen and (max-width: 767px){\n\n.depicter-1:not(.depicter-ready){\n\theight:360px;\n}\n\n}\n<\/style>\n<div id=\"depicter-1\" class=\"depicter depicter-document depicter-revert depicter-1 depicter-layout-fullwidth\">\n\n<div class=\"depicter-loading-container depicter-loading dotFlashing-dark\"><div class=\"depicter-loading-dark depicter-dot-flashing\">\n   <span><\/span>\n   <span><\/span>\n   <span><\/span>\n<\/div>\n<\/div>\n<div id=\"depicter-1-section-1\" class=\"depicter-section depicter-1-section-1\" data-name=\"Section 1\" data-type=\"section\" data-local-id=\"section-1\">\n<picture class=\"depicter-bg\">\n<source data-depicter-srcset=\"https:\/\/www.ull.es\/grados\/tecnologias-marinas\/wp-content\/uploads\/sites\/13\/2025\/04\/Slider_Tecnologi\u0301as_Marinas-768x248.jpg, https:\/\/www.ull.es\/grados\/tecnologias-marinas\/wp-content\/uploads\/sites\/13\/2025\/04\/Slider_Tecnologi\u0301as_Marinas.jpg 2x\" srcset=\"data:image\/gif;base64,R0lGODlhAQABAIAAAAAAAP\/\/\/yH5BAEAAAAALAAAAAABAAEAAAIBRAA7\" media=\"(max-width: 1024px)\" \/>\n\n<source data-depicter-srcset=\"https:\/\/www.ull.es\/grados\/tecnologias-marinas\/wp-content\/uploads\/sites\/13\/2025\/04\/Slider_Tecnologi\u0301as_Marinas.jpg, https:\/\/www.ull.es\/grados\/tecnologias-marinas\/wp-content\/uploads\/sites\/13\/2025\/04\/Slider_Tecnologi\u0301as_Marinas-1921x621.jpg 2x\" srcset=\"data:image\/gif;base64,R0lGODlhAQABAIAAAAAAAP\/\/\/yH5BAEAAAAALAAAAAABAAEAAAIBRAA7\" media=\"(min-width: 1025px)\" \/>\n<img decoding=\"async\" src=\"data:image\/gif;base64,R0lGODlhAQABAIAAAAAAAP\/\/\/yH5BAEAAAAALAAAAAABAAEAAAIBRAA7\" data-ken-burns=\"false\" data-tablet-ken-burns=\"false\" data-mobile-ken-burns=\"false\" alt=\"\" data-depicter-src=\"https:\/\/www.ull.es\/grados\/tecnologias-marinas\/wp-content\/uploads\/sites\/13\/2025\/04\/Slider_Tecnologi\u0301as_Marinas.jpg\" data-object-fit=\"custom,custom,\" data-object-position=\"center top,,\" data-crop=\"{'focalPoint':{'x':0.5,'y':0.5},'mediaSize':{'width':1392.028985507246261477121151983737945556640625,'height':450}}\" data-tablet-crop=\"{'focalPoint':{'x':0.5,'y':0.5},'mediaSize':{'width':2165.3784219001609017141163349151611328125,'height':699.9999999999998863131622783839702606201171875}}\" data-mobile-crop=\"{'focalPoint':{'x':0.5,'y':0.5},'mediaSize':{'width':1113.623188405797236555372364819049835205078125,'height':360}}\" \/>\n<\/picture>\n\n\n<h1 id=\"depicter-1-element-5\" class=\"depicter-element depicter-layer depicter-1-element-5\" data-type=\"text\" data-wrap=\"true\" data-name=\"Text 2\" data-local-id=\"element-5\" data-offset=\"x:87px;y:125px;origin:tl\" data-tablet-offset=\"x:232px;y:293px;origin:tl\" data-mobile-offset=\"x:6px;y:-136px;origin:tl\" data-width=\"1027px,589px,348px\" data-height=\"auto,auto,auto\" data-responsive-scale=\"true,,\">Grado en Tecnolog\u00edas Marinas<\/h1>\n\n<div id=\"depicter-1-element-10\" class=\"depicter-element depicter-layer depicter-1-element-10\" data-type=\"shape\" data-wrap=\"true\" data-name=\"Shape 1\" data-local-id=\"element-10\" data-offset=\"x:87px;y:338px;origin:tl\" data-tablet-offset=\"x:232px;y:426px;origin:tl\" data-mobile-offset=\"x:6px;y:15px;origin:tl\" data-width=\"968px,555px,309px\" data-height=\"8px,8px,8px\" data-responsive-scale=\"true,,\"><\/div>\n<\/div>\n<\/div>\n<script>\n(window.depicterSetups = window.depicterSetups || []).push(function(){\n\tDepicter.basePath = 'https:\/\/www.ull.es\/grados\/tecnologias-marinas\/wp-content\/plugins\/depicter\/resources\/scripts\/player\/';\n\tconst dpPlayer = Depicter.setup('.depicter-1',\n\t\t{\"width\":[\"1200\",\"1024\",\"360\"],\"height\":[\"450\",\"700\",\"360\"],\"view\":\"basic\",\"keepAspectRatio\":true,\"preload\":0,\"layout\":\"fullwidth\",\"rtl\":false,\"initAfterAppear\":false,\"ajaxApiUrl\":\"https:\\\/\\\/www.ull.es\\\/grados\\\/tecnologias-marinas\\\/wp-admin\\\/admin-ajax.php\",\"mouseSwipe\":true,\"touchSwipe\":true,\"useWatermark\":false}\n\t);\n});\n<\/script><\/div><\/div><\/div>\n<\/div><\/div>\n\n\n\n<div class=\"wp-block-stackable-columns alignfull stk-block-columns stk--hide-mobile stk-block stk-ceecbdc stk-block-background\" data-block-id=\"ceecbdc\"><style>.stk-ceecbdc {background-color:#360060 !important;padding-top:35px !important;padding-right:0px !important;padding-bottom:2px !important;padding-left:0px !important;margin-top:-20px !important;margin-bottom:70px !important;}.stk-ceecbdc:before{background-color:#360060 !important;}<\/style><div class=\"stk-row stk-inner-blocks stk-block-content stk-content-align stk-ceecbdc-column alignfull\">\n<div class=\"wp-block-stackable-column stk-block-column stk-column stk-block stk-fc60a5d\" data-v=\"4\" data-block-id=\"fc60a5d\"><div class=\"stk-column-wrapper stk-block-column__content stk-container stk-fc60a5d-container stk--no-background stk--no-padding\"><div class=\"stk-block-content stk-inner-blocks stk-fc60a5d-inner-blocks\">\n<div class=\"wp-block-stackable-spacer stk-block-spacer stk--no-padding stk-block stk-a3a8a68\" data-block-id=\"a3a8a68\"><style>.stk-a3a8a68 {height:0px !important;}<\/style><\/div>\n<\/div><\/div><\/div>\n<\/div><\/div>\n\n\n\n<div class=\"wp-block-stackable-columns alignwide stk-block-columns stk-block stk-3627255\" data-block-id=\"3627255\"><style>.stk-3627255 {padding-right:16% !important;padding-left:16% !important;margin-bottom:18px !important;}<\/style><div class=\"stk-row stk-inner-blocks stk-block-content stk-content-align stk-3627255-column alignwide\">\n<div class=\"wp-block-stackable-column stk-block-column stk-column stk-block stk-81e665a\" data-v=\"4\" data-block-id=\"81e665a\"><div class=\"stk-column-wrapper stk-block-column__content stk-container stk-81e665a-container stk--no-background stk--no-padding\"><div class=\"stk-block-content stk-inner-blocks stk-81e665a-inner-blocks\">\n<div class=\"wp-block-stackable-heading stk-block-heading stk-block-heading--v2 stk-block stk-97878e6\" id=\"perfil-de-ingreso-y-egreso\" data-block-id=\"97878e6\"><style>.stk-97878e6 .stk-block-heading__text{color:#5c068c !important;}<\/style><h1 class=\"stk-block-heading__text has-text-color\">Perfil de ingreso y egreso<\/h1><\/div>\n\n\n\n<h2 class=\"wp-block-heading\"><strong>Perfil de ingreso<\/strong><\/h2>\n\n\n\n<p>Cualquier estudiante que re\u00fana los requisitos de acceso establecido por la normativa vigente puede ser admitido en la Titulaci\u00f3n de Graduado\/a en Tecnolog\u00edas Marinas puesto que no se establece l\u00edmite de plazas. No obstante, es recomendable que el alumnado haya cursado la opci\u00f3n Cient\u00edfico \u2013 T\u00e9cnica del Bachillerato. A su vez, resulta recomendable haber cursado materias de: matem\u00e1ticas, f\u00edsica, qu\u00edmica, idioma ingl\u00e9s y expresi\u00f3n gr\u00e1fica.<\/p>\n\n\n\n<p>En l\u00edneas generales se define como perfil de ingreso ideal, el del aquel o aquella estudiante que tenga las siguientes caracter\u00edsticas:<\/p>\n\n\n\n<p>\u2013 Inter\u00e9s por las ciencias y t\u00e9cnicas aplicadas al mundo mar\u00edtimo.<\/p>\n\n\n\n<p>\u2013 Inter\u00e9s por las ciencias y t\u00e9cnicas aplicadas a M\u00e1quinas y Sistemas Industriales.<\/p>\n\n\n\n<p>\u2013 Capacidad de an\u00e1lisis y razonamiento l\u00f3gico.<\/p>\n\n\n\n<p>\u2013 Rigor y m\u00e9todo en el trabajo.<\/p>\n\n\n\n<p>\u2013 Vocaci\u00f3n de Marino Mercante.<\/p>\n\n\n\n<p>\u2013 Conocimiento de idioma ingl\u00e9s con el nivel de las Pruebas de Acceso a la Universidad<\/p>\n\n\n\n<h2 class=\"wp-block-heading\">ACCESO Y ADMISI\u00d3N<\/h2>\n\n\n\n<p>No se contemplan condiciones ni pruebas especiales de acceso para el T\u00edtulo de Graduado\/a en Tecnolog\u00edas Marinas. Aunque se informa al alumnado que para la obtenci\u00f3n del t\u00edtulo profesional de Oficial de M\u00e1quinas de segunda clase de la marina mercante, ha de cumplir con los siguientes requisitos externos a la Universidad:<\/p>\n\n\n\n<p>\u2013 Evaluaci\u00f3n de las aptitudes f\u00edsicas m\u00ednimas requeridas: Mantenimiento del equilibrio; subir y bajar escaleras; habilidad manual, dactilar y resistencia; levantar, arrastrar y transportar una carga; acuclillarse, arrodillarse y encorvarse; distinguir un objeto o forma determinada a distancia; o\u00edr un sonido de determinados decibelios en una frecuencia determinada; etc.<\/p>\n\n\n\n<p>\u2013 Haber superado el reconocimiento m\u00e9dico de embarque mar\u00edtimo realizado por el Instituto Social de la Marina. El Graduado\/a&nbsp;de esta titulaci\u00f3n, ha de realizar este requisito de forma externa y aut\u00f3noma a sus estudios universitarios.<\/p>\n\n\n\n<p>\u2013 Homologaci\u00f3n de certificados de especialidad profesional ante la DGMM<\/p>\n\n\n\n<p>\u2013 Tramitaci\u00f3n de la Libreta de Inscripci\u00f3n Mar\u00edtima expedida por la Capitan\u00eda Mar\u00edtima correspondiente.<\/p>\n\n\n\n<p>\u2013 Haber cumplido un per\u00edodo de embarque no inferior a 6 meses. El\/la alumno\/a que curse el t\u00edtulo de Graduado\/a en Ingenier\u00eda Mar\u00edtima de la Universidad de La Laguna podr\u00e1 homologar las pr\u00e1cticas profesionales realizadas durante sus estudios ante la DGMM.<\/p>\n\n\n\n<p>\u2013 Superar la prueba de idoneidad profesional determinada por el Ministerio de Fomento.<\/p>\n\n\n\n<p>El Procedimiento para la admisi\u00f3n y matriculaci\u00f3n de estudiantes en esta titulaci\u00f3n es el mismo que en cualquier titulaci\u00f3n sin l\u00edmite de plaza en la Universidad de La Laguna, por lo que no es necesario realizar el Procedimiento de Preinscripci\u00f3n.<\/p>\n\n\n\n<p>La nota de corte, entendiendo como tal la nota del \u00faltimo alumno o alumna que obtuvo plaza en una titulaci\u00f3n, no es de aplicaci\u00f3n para esta titulaci\u00f3n debido a que no se considerar\u00e1 limite de plazas. La normativa l\u00edmite de plazas se aplica tanto al alumnado que provienen del Bachillerato, como el que provienen de los ciclos Formativos de grado Superior de Formaci\u00f3n Profesional.<\/p>\n\n\n\n<p>Con respecto al acceso de mayores de 25 a\u00f1os, el alumnado interesado se ha de atener a la normativa vigente sobre cursos y pruebas de acceso para mayores de 25.<\/p>\n<\/div><\/div><\/div>\n<\/div><\/div>\n","protected":false},"excerpt":{"rendered":"<p>Perfil de ingreso y egreso Perfil de ingreso Cualquier estudiante que re\u00fana los requisitos de acceso establecido por la normativa vigente puede ser admitido en la Titulaci\u00f3n de Graduado\/a en Tecnolog\u00edas Marinas puesto que no se establece l\u00edmite de plazas. No obstante, es recomendable que el alumnado haya cursado la opci\u00f3n Cient\u00edfico \u2013 T\u00e9cnica del&#8230;<\/p>\n","protected":false},"author":1,"featured_media":0,"parent":252,"menu_order":1,"comment_status":"closed","ping_status":"closed","template":"templates\/template-frontpage.php","meta":{"footnotes":""},"class_list":["post-37","page","type-page","status-publish","hentry"],"_links":{"self":[{"href":"https:\/\/www.ull.es\/grados\/tecnologias-marinas\/wp-json\/wp\/v2\/pages\/37","targetHints":{"allow":["GET"]}}],"collection":[{"href":"https:\/\/www.ull.es\/grados\/tecnologias-marinas\/wp-json\/wp\/v2\/pages"}],"about":[{"href":"https:\/\/www.ull.es\/grados\/tecnologias-marinas\/wp-json\/wp\/v2\/types\/page"}],"author":[{"embeddable":true,"href":"https:\/\/www.ull.es\/grados\/tecnologias-marinas\/wp-json\/wp\/v2\/users\/1"}],"replies":[{"embeddable":true,"href":"https:\/\/www.ull.es\/grados\/tecnologias-marinas\/wp-json\/wp\/v2\/comments?post=37"}],"version-history":[{"count":10,"href":"https:\/\/www.ull.es\/grados\/tecnologias-marinas\/wp-json\/wp\/v2\/pages\/37\/revisions"}],"predecessor-version":[{"id":1039,"href":"https:\/\/www.ull.es\/grados\/tecnologias-marinas\/wp-json\/wp\/v2\/pages\/37\/revisions\/1039"}],"up":[{"embeddable":true,"href":"https:\/\/www.ull.es\/grados\/tecnologias-marinas\/wp-json\/wp\/v2\/pages\/252"}],"wp:attachment":[{"href":"https:\/\/www.ull.es\/grados\/tecnologias-marinas\/wp-json\/wp\/v2\/media?parent=37"}],"curies":[{"name":"wp","href":"https:\/\/api.w.org\/{rel}","templated":true}]}}