{"id":37,"date":"2017-06-28T12:58:45","date_gmt":"2017-06-28T12:58:45","guid":{"rendered":"http:\/\/www.ull.es\/masteres\/desarrollo-y-gestion-de-recursos-humanos\/?page_id=30"},"modified":"2025-12-05T10:43:29","modified_gmt":"2025-12-05T10:43:29","slug":"perfil-de-ingreso-y-egreso","status":"publish","type":"page","link":"https:\/\/www.ull.es\/grados\/trabajo-social\/fr\/informacion-academica\/perfil-de-ingreso-y-egreso\/","title":{"rendered":"Profil d&#039;admission et de sortie"},"content":{"rendered":"\n<div class=\"wp-block-stackable-columns alignfull stk-block-columns stk-block stk-6cf555b\" data-block-id=\"6cf555b\"><style>.stk-6cf555b {padding-bottom:0px !important;margin-top:-30px !important;margin-bottom:0px !important;}@media screen and (max-width: 767px){.stk-6cf555b {margin-top:-10% !important;}}<\/style><div class=\"stk-row stk-inner-blocks stk-block-content stk-content-align stk-6cf555b-column alignfull\">\n<div class=\"wp-block-stackable-column stk-block-column stk-column stk-block stk-b90a43a\" data-v=\"4\" data-block-id=\"b90a43a\"><div class=\"stk-column-wrapper stk-block-column__content stk-container stk-b90a43a-container stk--no-background stk--no-padding\"><div class=\"stk-block-content stk-inner-blocks stk-b90a43a-inner-blocks\"><style id=\"depicter-1-inline-pre-css\">\n\n.depicter-1:not(.depicter-ready){\n\theight:500px;\n}\n\n\/***** Tablet *****\/\n@media screen and (max-width: 1024px){\n\n.depicter-1:not(.depicter-ready){\n\theight:700px;\n}\n\n}\n\/***** Mobile *****\/\n@media screen and (max-width: 767px){\n\n.depicter-1:not(.depicter-ready){\n\theight:360px;\n}\n\n}\n<\/style>\n<div id=\"depicter-1\" class=\"depicter depicter-document depicter-revert depicter-1 depicter-layout-fullwidth\">\n\n<div class=\"depicter-loading-container depicter-loading dotFlashing-dark\"><div class=\"depicter-loading-dark depicter-dot-flashing\">\n   <span><\/span>\n   <span><\/span>\n   <span><\/span>\n<\/div>\n<\/div>\n<div id=\"depicter-1-section-1\" class=\"depicter-section depicter-1-section-1\" data-name=\"Section 1\" data-type=\"section\" data-local-id=\"section-1\">\n<picture class=\"depicter-bg\">\n<source data-depicter-srcset=\"https:\/\/www.ull.es\/grados\/trabajo-social\/wp-content\/uploads\/sites\/22\/2025\/04\/Slider_Trabajo_Social-768x248.jpg, https:\/\/www.ull.es\/grados\/trabajo-social\/wp-content\/uploads\/sites\/22\/2025\/04\/Slider_Trabajo_Social.jpg 2x\" srcset=\"data:image\/gif;base64,R0lGODlhAQABAIAAAAAAAP\/\/\/yH5BAEAAAAALAAAAAABAAEAAAIBRAA7\" media=\"(max-width: 1024px)\" \/>\n\n<source data-depicter-srcset=\"https:\/\/www.ull.es\/grados\/trabajo-social\/wp-content\/uploads\/sites\/22\/2025\/04\/Slider_Trabajo_Social.jpg, https:\/\/www.ull.es\/grados\/trabajo-social\/wp-content\/uploads\/sites\/22\/2025\/04\/Slider_Trabajo_Social-1921x621.jpg 2x\" srcset=\"data:image\/gif;base64,R0lGODlhAQABAIAAAAAAAP\/\/\/yH5BAEAAAAALAAAAAABAAEAAAIBRAA7\" media=\"(min-width: 1025px)\" \/>\n<img decoding=\"async\" src=\"data:image\/gif;base64,R0lGODlhAQABAIAAAAAAAP\/\/\/yH5BAEAAAAALAAAAAABAAEAAAIBRAA7\" data-ken-burns=\"false\" data-tablet-ken-burns=\"false\" data-mobile-ken-burns=\"false\" alt=\"\" data-depicter-src=\"https:\/\/www.ull.es\/grados\/trabajo-social\/wp-content\/uploads\/sites\/22\/2025\/04\/Slider_Trabajo_Social.jpg\" data-object-fit=\"custom,custom,\" data-object-position=\"center top,,\" data-crop=\"{'focalPoint':{'x':0.5,'y':0.5},'mediaSize':{'width':1392.028985507246261477121151983737945556640625,'height':450}}\" data-tablet-crop=\"{'focalPoint':{'x':0.5,'y':0.5},'mediaSize':{'width':2165.3784219001609017141163349151611328125,'height':699.9999999999998863131622783839702606201171875}}\" data-mobile-crop=\"{'focalPoint':{'x':0.5,'y':0.5},'mediaSize':{'width':1113.623188405797236555372364819049835205078125,'height':360}}\" \/>\n<\/picture>\n\n\n<h1 id=\"depicter-1-element-5\" class=\"depicter-element depicter-layer depicter-1-element-5\" data-type=\"text\" data-wrap=\"true\" data-name=\"Text 2\" data-local-id=\"element-5\" data-offset=\"x:87px;y:200px;origin:tl\" data-tablet-offset=\"x:232px;y:293px;origin:tl\" data-mobile-offset=\"x:6px;y:-136px;origin:tl\" data-width=\"1027px,589px,348px\" data-height=\"auto,auto,auto\" data-responsive-scale=\"true,,\">Grado en Trabajo Social<\/h1>\n\n<div id=\"depicter-1-element-10\" class=\"depicter-element depicter-layer depicter-1-element-10\" data-type=\"shape\" data-wrap=\"true\" data-name=\"Shape 1\" data-local-id=\"element-10\" data-offset=\"x:94px;y:301px;origin:tl\" data-tablet-offset=\"x:223px;y:386px;origin:tl\" data-mobile-offset=\"x:6px;y:15px;origin:tl\" data-width=\"968px,555px,309px\" data-height=\"8px,8px,8px\" data-responsive-scale=\"true,,\"><\/div>\n<\/div>\n<\/div>\n<script>\n(window.depicterSetups = window.depicterSetups || []).push(function(){\n\tDepicter.basePath = 'https:\/\/www.ull.es\/grados\/trabajo-social\/wp-content\/plugins\/depicter\/resources\/scripts\/player\/';\n\tconst dpPlayer = Depicter.setup('.depicter-1',\n\t\t{\"width\":[\"1200\",\"1024\",\"360\"],\"height\":[\"500\",\"700\",\"360\"],\"view\":\"basic\",\"keepAspectRatio\":true,\"preload\":0,\"layout\":\"fullwidth\",\"rtl\":false,\"initAfterAppear\":false,\"ajaxApiUrl\":\"https:\\\/\\\/www.ull.es\\\/grados\\\/trabajo-social\\\/wp-admin\\\/admin-ajax.php\",\"mouseSwipe\":true,\"touchSwipe\":true,\"useWatermark\":false}\n\t);\n});\n<\/script><\/div><\/div><\/div>\n<\/div><\/div>\n\n\n\n<div class=\"wp-block-stackable-columns alignfull stk-block-columns stk--hide-mobile stk-block stk-ceecbdc stk-block-background\" data-block-id=\"ceecbdc\"><style>.stk-ceecbdc {background-color:#360060 !important;padding-top:35px !important;padding-right:0px !important;padding-bottom:2px !important;padding-left:0px !important;margin-top:-20px !important;margin-bottom:70px !important;z-index:0 !important;}.stk-ceecbdc:before{background-color:#360060 !important;}<\/style><div class=\"stk-row stk-inner-blocks stk-block-content stk-content-align stk-ceecbdc-column alignfull\">\n<div class=\"wp-block-stackable-column stk-block-column stk-column stk-block stk-fc60a5d\" data-v=\"4\" data-block-id=\"fc60a5d\"><div class=\"stk-column-wrapper stk-block-column__content stk-container stk-fc60a5d-container stk--no-background stk--no-padding\"><div class=\"stk-block-content stk-inner-blocks stk-fc60a5d-inner-blocks\">\n<div class=\"wp-block-stackable-spacer stk-block-spacer stk--no-padding stk-block stk-a3a8a68\" data-block-id=\"a3a8a68\"><style>.stk-a3a8a68 {height:0px !important;}<\/style><\/div>\n<\/div><\/div><\/div>\n<\/div><\/div>\n\n\n\n<div class=\"wp-block-stackable-columns alignwide stk-block-columns stk-block stk-3627255\" data-block-id=\"3627255\"><style>.stk-3627255 {padding-right:16% !important;padding-left:16% !important;margin-bottom:18px !important;}<\/style><div class=\"stk-row stk-inner-blocks stk-block-content stk-content-align stk-3627255-column alignwide\">\n<div class=\"wp-block-stackable-column stk-block-column stk-column stk-block stk-81e665a\" data-v=\"4\" data-block-id=\"81e665a\"><div class=\"stk-column-wrapper stk-block-column__content stk-container stk-81e665a-container stk--no-background stk--no-padding\"><div class=\"stk-block-content stk-inner-blocks stk-81e665a-inner-blocks\">\n<div class=\"wp-block-stackable-heading stk-block-heading stk-block-heading--v2 stk-block stk-97878e6\" id=\"perfil-de-ingreso\" data-block-id=\"97878e6\"><style>.stk-97878e6 .stk-block-heading__text{color:#5c068c !important;}<\/style><h2 class=\"stk-block-heading__text has-text-color\">Perfil de Ingreso<\/h2><\/div>\n\n\n\n<p>Dado que se trata de una titulaci\u00f3n con l\u00edmite de plazas, ser\u00e1 de aplicaci\u00f3n lo previsto en el Real Decreto 1892\/2008 de 14 de noviembre, por el que se regulan las condiciones para el acceso a las ense\u00f1anzas universitarias oficiales de grado y los procedimientos de admisi\u00f3n a las universidades p\u00fablicas espa\u00f1olas, publicado en BOE el 24 de noviembre de 2008.<\/p>\n\n\n\n<p>Se puede acceder desde el bachillerato de ciencias sociales y humanidades, as\u00ed como en los m\u00f3dulos de integraci\u00f3n social y animaci\u00f3n sociocultural.<\/p>\n\n\n\n<p>El ejercicio del Trabajo Social implica mantener relaciones personales de forma constante en distintos \u00e1mbitos y niveles. Por ello, es deseable poseer habilidad para la comunicaci\u00f3n, el contacto social y la interacci\u00f3n con las personas, as\u00ed como para trabajar en equipo, y para aceptar la complejidad y la diversidad.<\/p>\n\n\n\n<p>As\u00ed se podr\u00eda decir que las personas que deseen cursar estudios de Trabajo Social, deber\u00edan tener:<\/p>\n\n\n\n<ul class=\"wp-block-list\">\n<li>Inquietud y curiosidad por los temas sociales.<\/li>\n\n\n\n<li>Habilidades para las relaciones interpersonales.<\/li>\n\n\n\n<li>Equilibrio emocional.<\/li>\n\n\n\n<li>Disposici\u00f3n para trabajar en equipo.<\/li>\n\n\n\n<li>Creatividad.<\/li>\n<\/ul>\n\n\n\n<h2 class=\"wp-block-heading\">Perfil de Egreso<\/h2>\n\n\n\n<p>Las personas que obtengan el T\u00edtulo de Grado en Trabajo Social ser\u00e1n capaces de:<\/p>\n\n\n\n<ul class=\"wp-block-list\">\n<li>Trabajar y valorar de manera conjunta con personas, familias, grupos, organizaciones y comunidades sus necesidades y circunstancias.<\/li>\n\n\n\n<li>Planificar, implementar, revisar y evaluar la pr\u00e1ctica del trabajo social con personas, familias, grupos, organizaciones, comunidades, y con otros profesionales.<\/li>\n\n\n\n<li>Apoyar a las personas para que sean capaces de manifestar las necesidades, puntos de vista y circunstancias.<\/li>\n\n\n\n<li>Actuar en la prevenci\u00f3n y la resoluci\u00f3n de las situaciones de riesgo.<\/li>\n\n\n\n<li>Administrar y ser responsable, con supervisi\u00f3n y apoyo, de la propia pr\u00e1ctica dentro de la organizaci\u00f3n.<\/li>\n\n\n\n<li>Demostrar competencia profesional en el ejercicio del Trabajo Social.<\/li>\n<\/ul>\n\n\n\n<p>Las personas graduadas en Trabajo Social, podr\u00e1n ejercer la profesi\u00f3n en los siguientes \u00e1mbitos:<\/p>\n\n\n\n<p><strong>Servicios Sociales<\/strong><\/p>\n\n\n\n<ul class=\"wp-block-list\">\n<li>Servicios sociales de atenci\u00f3n social b\u00e1sica y primaria. Dirigidos a toda la poblaci\u00f3n en general desde los servicios sociales de base existentes en todos los ayuntamientos o comunidades.<\/li>\n\n\n\n<li>Servicios de atenci\u00f3n permanente para atender emergencias sociales.<\/li>\n\n\n\n<li>Servicios de ayuda y atenci\u00f3n domiciliaria.<\/li>\n\n\n\n<li>Servicios sociales especializados (atenci\u00f3n a diferentes colectivos).<\/li>\n\n\n\n<li>Servicios de atenci\u00f3n a personas sin hogar: servicios de atenci\u00f3n en medio abierto; centros de acogida y comedores sociales; albergues; formaci\u00f3n e inserci\u00f3n socio-laboral.<\/li>\n\n\n\n<li>Servicios de atenci\u00f3n a personas mayores: centros sociales y clubes; asociacionismo; centros de estancia diurna; centros residenciales; atenci\u00f3n domiciliaria; voluntariado.<\/li>\n\n\n\n<li>Servicios de atenci\u00f3n a la infancia y a las familias: servicios de prevenci\u00f3n, diagn\u00f3stico y tratamiento para la protecci\u00f3n de la infancia y apoyo a las familias; acogimiento familiar y adopci\u00f3n; centros de acogida; centros residenciales; centros abiertos.<\/li>\n\n\n\n<li>Servicios de atenci\u00f3n a las mujeres: servicios de informaci\u00f3n y asesoramiento para las mujeres; intervenci\u00f3n en crisis y situaciones de emergencia para mujeres v\u00edctimas de violencia de g\u00e9nero; casas de acogida y pisos tutelados; apoyo para la formaci\u00f3n y la inserci\u00f3n socio-laboral; asociacionismo y grupos de auto-ayuda.<\/li>\n\n\n\n<li>Servicios de atenci\u00f3n a personas con discapacidad: servicios de asesoramiento, valoraci\u00f3n e informaci\u00f3n de recursos; servicios de atenci\u00f3n precoz; servicios de diagn\u00f3stico, tratamiento y rehabilitaci\u00f3n; formaci\u00f3n e inserci\u00f3n socio-laboral; asociacionismo de personas afectadas y de familiares o grupos sensibilizados; voluntariado; pisos protegidos; defensa y tutela de los bienes de personas con discapacidad.<\/li>\n\n\n\n<li>Servicios de acogida a personas inmigrantes y\/o refugiadas, con especial incidencia en Menores Extranjeros No Acompa\u00f1ados (MENA);\u00a0 servicios de informaci\u00f3n y asesoramiento para la poblaci\u00f3n inmigrante; servicios de acompa\u00f1amiento y orientaci\u00f3n sociolaboral.<\/li>\n<\/ul>\n\n\n\n<p><strong>Salud<\/strong><\/p>\n\n\n\n<ul class=\"wp-block-list\">\n<li>Servicios de atenci\u00f3n primaria y especializada de salud.<\/li>\n\n\n\n<li>Servicios de atenci\u00f3n socio-sanitaria domiciliaria a personas enfermas con patolog\u00edas cr\u00f3nicas y terminales.<\/li>\n\n\n\n<li>Hospitales generales. Hospitales maternales. Hospitales infantiles.<\/li>\n\n\n\n<li>Centros socio-sanitarios: atenci\u00f3n socio-sanitaria a personas con enfermedades cr\u00f3nicas y terminales; unidades de cuidados paliativos.<\/li>\n\n\n\n<li>Servicios de salud mental: servicios de prevenci\u00f3n, diagn\u00f3stico y tratamiento infantil y de personas adultas; hospital de d\u00eda; centros de d\u00eda; pisos protegidos; inserci\u00f3n socio-laboral; unidades de tratamiento de personas enfermas en fase aguda; centros residenciales para personas con enfermedades cr\u00f3nicas; asociacionismo de personas afectadas, de familiares y otros grupos; servicios de atenci\u00f3n a personas con demencias y trastornos neurol\u00f3gicos degenerativos.<\/li>\n\n\n\n<li>Servicios de atenci\u00f3n a las drogodependencias: prevenci\u00f3n; asistencia (informaci\u00f3n, diagn\u00f3stico y tratamiento); comunidades terap\u00e9uticas; centros de rehabilitaci\u00f3n y de reinserci\u00f3n social y laboral.<\/li>\n\n\n\n<li>En el tercer sector. Un amplio rango de asociaciones y organizaciones sin \u00e1nimo de lucro que trabajan con las personas que sufren enfermedades diversas y con sus familias. Por ejemplo, enfermedades que afectan los v\u00ednculos sociales y la calidad de vida de las personas, como pueden ser cuidadores\/as de personas dependientes; personas enfermas de c\u00e1ncer; personas afectadas por procesos de trasplante; personas que sufren SIDA; etc.<\/li>\n<\/ul>\n\n\n\n<p>&nbsp;<strong>Educaci\u00f3n<\/strong><\/p>\n\n\n\n<ul class=\"wp-block-list\">\n<li>Educaci\u00f3n reglada: servicios de asesoramiento social en el marco de los equipos de orientaci\u00f3n educativa y psicopedag\u00f3gicos en la ense\u00f1anza no universitaria; mediaci\u00f3n escolar y familiar; centros educativos de atenci\u00f3n preferente; centros de educaci\u00f3n especial para alumnado con necesidades espec\u00edficas de apoyo educativo; asociacionismo en el \u00e1mbito escolar; detecci\u00f3n y tratamiento del absentismo escolar y otras situaciones de riesgo.<\/li>\n\n\n\n<li>Educaci\u00f3n no reglada: escuelas-taller y otras iniciativas orientadas a compensar los d\u00e9ficits socio-educativos; servicios de atenci\u00f3n a la primera infancia, especialmente a familias que requieran apoyo psico-social.<\/li>\n<\/ul>\n\n\n\n<p>&nbsp;<strong>Justicia<\/strong><\/p>\n\n\n\n<ul class=\"wp-block-list\">\n<li>Justicia juvenil: servicios t\u00e9cnicos de asesoramiento social a los jueces; apoyo a las v\u00edctimas; programas de seguimiento de medidas en medio abierto; centros de internamiento de menores infractores; apoyo a las familias; inserci\u00f3n socio-laboral.<\/li>\n\n\n\n<li>Juzgados de familias: servicios de asesoramiento t\u00e9cnico a los jueces; mediaci\u00f3n familiar.<\/li>\n\n\n\n<li>Juzgados de violencia de g\u00e9nero: asesoramiento t\u00e9cnico a los jueces; valoraci\u00f3n del riesgo de las v\u00edctimas; atenci\u00f3n a la seguridad de las mujeres y los hijos e hijas.<\/li>\n\n\n\n<li>Instituciones penitenciarias: comisiones de asistencia social penitenciaria; programas espec\u00edficos de tratamiento de determinados delitos, drogodependencias, agresiones sexuales, etc.; programas de atenci\u00f3n materno-infantil para mujeres reclusas con hijos\/as en la prisi\u00f3n; acompa\u00f1amiento a personas reclusas en libertad condicional; servicios de reinserci\u00f3n socio-laboral para ex reclusos\/as.<\/li>\n<\/ul>\n\n\n\n<p>&nbsp;<strong>Empresas<\/strong><\/p>\n\n\n\n<ul class=\"wp-block-list\">\n<li>Atenci\u00f3n y prestaciones sociales a los trabajadores y trabajadoras de determinadas empresas que cuentan con este servicio. Por ejemplo: Iberia; Telef\u00f3nica; Titsa; Sestife; etc.<\/li>\n<\/ul>\n\n\n\n<p>&nbsp;<strong>Vivienda<\/strong><\/p>\n\n\n\n<ul class=\"wp-block-list\">\n<li>Programas de promoci\u00f3n, estudio y adjudicaci\u00f3n de viviendas de promoci\u00f3n p\u00fablica y\/o social; dinamizaci\u00f3n comunitaria de sectores de nueva construcci\u00f3n o en proceso de remodelaci\u00f3n; planificaci\u00f3n urbana.<\/li>\n<\/ul>\n\n\n\n<p>&nbsp;<strong>Tercer sector<\/strong><\/p>\n\n\n\n<ul class=\"wp-block-list\">\n<li>\u00c1mbito en expansi\u00f3n, integrado por organizaciones y entidades sin \u00e1nimo de lucro, que trabajan con programas preventivos, asistenciales, formativos, de inserci\u00f3n social y laboral a nivel local, para conseguir la inclusi\u00f3n social. En muchos casos, se desarrollan tambi\u00e9n programas de cooperaci\u00f3n internacional.<\/li>\n<\/ul>\n\n\n\n<p>&nbsp;<strong>Formaci\u00f3n y asesoramiento t\u00e9cnico<\/strong><\/p>\n\n\n\n<ul class=\"wp-block-list\">\n<li>Supervisi\u00f3n de las pr\u00e1cticas a estudiantes de Trabajo Social y otras disciplinas afines; formaci\u00f3n permanente; apoyo t\u00e9cnico.<\/li>\n\n\n\n<li>Docencia en el marco de distintas especialidades en Ciclos Formativos.<\/li>\n<\/ul>\n\n\n\n<p><strong>Otros \u00e1mbitos de intervenci\u00f3n de los trabajadores y trabajadoras sociales<\/strong><\/p>\n\n\n\n<p>Existen tambi\u00e9n otros espacios, que a diferencia de los que se han descrito, algunos de ellos se pueden considerar nuevos, en la medida que son reconocidos desde la propia profesi\u00f3n como tales.<\/p>\n\n\n\n<ul class=\"wp-block-list\">\n<li>Planificaci\u00f3n estrat\u00e9gica de Servicios de Bienestar.<\/li>\n\n\n\n<li>Promoci\u00f3n, gesti\u00f3n y evaluaci\u00f3n de\u00a0 pol\u00edticas y planes de igualdad de oportunidades.<\/li>\n\n\n\n<li>Evaluaci\u00f3n externa de programas y servicios.<\/li>\n\n\n\n<li>Validaci\u00f3n de buenas pr\u00e1cticas en el desarrollo de programas y servicios sociales.<\/li>\n\n\n\n<li>An\u00e1lisis y desarrollo organizacional.<\/li>\n\n\n\n<li>Asesoramiento en la direcci\u00f3n de pol\u00edticas de bienestar social.<\/li>\n\n\n\n<li>Marketing social.<\/li>\n\n\n\n<li>Comunicaci\u00f3n e imagen en relaci\u00f3n con temas sociales.<\/li>\n\n\n\n<li>Prevenci\u00f3n de riesgos laborales.<\/li>\n\n\n\n<li>Peritaje social.<\/li>\n\n\n\n<li>Gesti\u00f3n y direcci\u00f3n de servicios y equipamientos sociales.<\/li>\n<\/ul>\n<\/div><\/div><\/div>\n<\/div><\/div>\n","protected":false},"excerpt":{"rendered":"<p>Profil d\u2019admission \u00c9tant donn\u00e9 qu\u2019il s\u2019agit d\u2019un programme d\u2019\u00e9tudes \u00e0 nombre de places limit\u00e9, les dispositions du d\u00e9cret royal 1892\/2008 du 14 novembre, qui r\u00e9glemente les conditions d\u2019acc\u00e8s aux \u00e9tudes universitaires de premier cycle et les proc\u00e9dures d\u2019admission dans les universit\u00e9s publiques espagnoles, seront applicables\u2026<\/p>","protected":false},"author":1,"featured_media":0,"parent":252,"menu_order":1,"comment_status":"closed","ping_status":"closed","template":"templates\/template-frontpage.php","meta":{"footnotes":""},"class_list":["post-37","page","type-page","status-publish","hentry"],"_links":{"self":[{"href":"https:\/\/www.ull.es\/grados\/trabajo-social\/fr\/wp-json\/wp\/v2\/pages\/37","targetHints":{"allow":["GET"]}}],"collection":[{"href":"https:\/\/www.ull.es\/grados\/trabajo-social\/fr\/wp-json\/wp\/v2\/pages"}],"about":[{"href":"https:\/\/www.ull.es\/grados\/trabajo-social\/fr\/wp-json\/wp\/v2\/types\/page"}],"author":[{"embeddable":true,"href":"https:\/\/www.ull.es\/grados\/trabajo-social\/fr\/wp-json\/wp\/v2\/users\/1"}],"replies":[{"embeddable":true,"href":"https:\/\/www.ull.es\/grados\/trabajo-social\/fr\/wp-json\/wp\/v2\/comments?post=37"}],"version-history":[{"count":13,"href":"https:\/\/www.ull.es\/grados\/trabajo-social\/fr\/wp-json\/wp\/v2\/pages\/37\/revisions"}],"predecessor-version":[{"id":1161,"href":"https:\/\/www.ull.es\/grados\/trabajo-social\/fr\/wp-json\/wp\/v2\/pages\/37\/revisions\/1161"}],"up":[{"embeddable":true,"href":"https:\/\/www.ull.es\/grados\/trabajo-social\/fr\/wp-json\/wp\/v2\/pages\/252"}],"wp:attachment":[{"href":"https:\/\/www.ull.es\/grados\/trabajo-social\/fr\/wp-json\/wp\/v2\/media?parent=37"}],"curies":[{"name":"wp","href":"https:\/\/api.w.org\/{rel}","templated":true}]}}