{"id":37,"date":"2017-06-28T12:58:45","date_gmt":"2017-06-28T12:58:45","guid":{"rendered":"http:\/\/www.ull.es\/masteres\/desarrollo-y-gestion-de-recursos-humanos\/?page_id=30"},"modified":"2025-12-05T12:28:55","modified_gmt":"2025-12-05T12:28:55","slug":"perfil-de-ingreso-y-egreso","status":"publish","type":"page","link":"https:\/\/www.ull.es\/grados\/turismo\/en\/informacion-academica\/perfil-de-ingreso-y-egreso\/","title":{"rendered":"Admission and exit profile"},"content":{"rendered":"\n<div class=\"wp-block-stackable-columns alignfull stk-block-columns stk-block stk-8657999\" data-block-id=\"8657999\"><style>.stk-8657999 {padding-bottom:0px !important;margin-top:-30px !important;margin-bottom:0px !important;}@media screen and (max-width: 767px){.stk-8657999 {margin-top:-10% !important;}}<\/style><div class=\"stk-row stk-inner-blocks stk-block-content stk-content-align stk-8657999-column alignfull\">\n<div class=\"wp-block-stackable-column stk-block-column stk-column stk-block stk-914f03e\" data-v=\"4\" data-block-id=\"914f03e\"><div class=\"stk-column-wrapper stk-block-column__content stk-container stk-914f03e-container stk--no-background stk--no-padding\"><div class=\"stk-block-content stk-inner-blocks stk-914f03e-inner-blocks\"><style id=\"depicter-1-inline-pre-css\">\n\n.depicter-1:not(.depicter-ready){\n\theight:500px;\n}\n\n\/***** Tablet *****\/\n@media screen and (max-width: 1024px){\n\n.depicter-1:not(.depicter-ready){\n\theight:700px;\n}\n\n}\n\/***** Mobile *****\/\n@media screen and (max-width: 767px){\n\n.depicter-1:not(.depicter-ready){\n\theight:360px;\n}\n\n}\n<\/style>\n<div id=\"depicter-1\" class=\"depicter depicter-document depicter-revert depicter-1 depicter-layout-fullwidth\">\n\n<div class=\"depicter-loading-container depicter-loading dotFlashing-dark\"><div class=\"depicter-loading-dark depicter-dot-flashing\">\n   <span><\/span>\n   <span><\/span>\n   <span><\/span>\n<\/div>\n<\/div>\n<div id=\"depicter-1-section-1\" class=\"depicter-section depicter-1-section-1\" data-name=\"Section 1\" data-type=\"section\" data-local-id=\"section-1\">\n<picture class=\"depicter-bg\">\n<source data-depicter-srcset=\"https:\/\/www.ull.es\/grados\/turismo\/wp-content\/uploads\/sites\/40\/2025\/04\/Slider_Turismo_-768x248.jpg, https:\/\/www.ull.es\/grados\/turismo\/wp-content\/uploads\/sites\/40\/2025\/04\/Slider_Turismo_.jpg 2x\" srcset=\"data:image\/gif;base64,R0lGODlhAQABAIAAAAAAAP\/\/\/yH5BAEAAAAALAAAAAABAAEAAAIBRAA7\" media=\"(max-width: 1024px)\" \/>\n\n<source data-depicter-srcset=\"https:\/\/www.ull.es\/grados\/turismo\/wp-content\/uploads\/sites\/40\/2025\/04\/Slider_Turismo_.jpg, https:\/\/www.ull.es\/grados\/turismo\/wp-content\/uploads\/sites\/40\/2025\/04\/Slider_Turismo_-1921x621.jpg 2x\" srcset=\"data:image\/gif;base64,R0lGODlhAQABAIAAAAAAAP\/\/\/yH5BAEAAAAALAAAAAABAAEAAAIBRAA7\" media=\"(min-width: 1025px)\" \/>\n<img decoding=\"async\" src=\"data:image\/gif;base64,R0lGODlhAQABAIAAAAAAAP\/\/\/yH5BAEAAAAALAAAAAABAAEAAAIBRAA7\" data-ken-burns=\"false\" data-tablet-ken-burns=\"false\" data-mobile-ken-burns=\"false\" alt=\"\" data-depicter-src=\"https:\/\/www.ull.es\/grados\/turismo\/wp-content\/uploads\/sites\/40\/2025\/04\/Slider_Turismo_.jpg\" data-object-fit=\"custom,custom,\" data-object-position=\"center top,,\" data-crop=\"{'focalPoint':{'x':0.5,'y':0.429999999999999993338661852249060757458209991455078125},'mediaSize':{'width':1792,'height':579}}\" data-tablet-crop=\"{'focalPoint':{'x':0.67000000000000003996802888650563545525074005126953125,'y':0.5},'mediaSize':{'width':2165,'height':700}}\" data-mobile-crop=\"{'focalPoint':{'x':0.5,'y':0.5},'mediaSize':{'width':1113.623188405797236555372364819049835205078125,'height':360}}\" \/>\n<\/picture>\n\n\n<h1 id=\"depicter-1-element-5\" class=\"depicter-element depicter-layer depicter-1-element-5\" data-type=\"text\" data-wrap=\"true\" data-name=\"Text 2\" data-local-id=\"element-5\" data-offset=\"x:216px;y:175px;origin:tl\" data-tablet-offset=\"x:326px;y:327px;origin:tl\" data-mobile-offset=\"x:6px;y:-108px;origin:tl\" data-width=\"768px,372px,348px\" data-height=\"auto,auto,auto\" data-responsive-scale=\"true,,\">Grado en Turismo<\/h1>\n\n<div id=\"depicter-1-element-10\" class=\"depicter-element depicter-layer depicter-1-element-10\" data-type=\"shape\" data-wrap=\"true\" data-name=\"Shape 1\" data-local-id=\"element-10\" data-offset=\"x:230px;y:276px;origin:tl\" data-tablet-offset=\"x:326px;y:383px;origin:tl\" data-mobile-offset=\"x:6px;y:0px;origin:tl\" data-width=\"729px,334px,309px\" data-height=\"8px,8px,8px\" data-responsive-scale=\"true,,\"><\/div>\n<\/div>\n<\/div>\n<script>\n(window.depicterSetups = window.depicterSetups || []).push(function(){\n\tDepicter.basePath = 'https:\/\/www.ull.es\/grados\/turismo\/wp-content\/plugins\/depicter\/resources\/scripts\/player\/';\n\tconst dpPlayer = Depicter.setup('.depicter-1',\n\t\t{\"width\":[\"1200\",\"1024\",\"360\"],\"height\":[\"500\",\"700\",\"360\"],\"view\":\"basic\",\"keepAspectRatio\":true,\"preload\":0,\"layout\":\"fullwidth\",\"rtl\":false,\"initAfterAppear\":false,\"ajaxApiUrl\":\"https:\\\/\\\/www.ull.es\\\/grados\\\/turismo\\\/wp-admin\\\/admin-ajax.php\",\"mouseSwipe\":true,\"touchSwipe\":true,\"useWatermark\":false}\n\t);\n});\n<\/script><\/div><\/div><\/div>\n<\/div><\/div>\n\n\n\n<div class=\"wp-block-stackable-columns alignfull stk-block-columns stk--hide-mobile stk-block stk-ceecbdc stk-block-background\" data-block-id=\"ceecbdc\"><style>.stk-ceecbdc {background-color:#360060 !important;padding-top:35px !important;padding-right:0px !important;padding-bottom:2px !important;padding-left:0px !important;margin-top:-20px !important;margin-bottom:70px !important;}.stk-ceecbdc:before{background-color:#360060 !important;}<\/style><div class=\"stk-row stk-inner-blocks stk-block-content stk-content-align stk-ceecbdc-column alignfull\">\n<div class=\"wp-block-stackable-column stk-block-column stk-column stk-block stk-fc60a5d\" data-v=\"4\" data-block-id=\"fc60a5d\"><div class=\"stk-column-wrapper stk-block-column__content stk-container stk-fc60a5d-container stk--no-background stk--no-padding\"><div class=\"stk-block-content stk-inner-blocks stk-fc60a5d-inner-blocks\">\n<div class=\"wp-block-stackable-spacer stk-block-spacer stk--no-padding stk-block stk-a3a8a68\" data-block-id=\"a3a8a68\"><style>.stk-a3a8a68 {height:0px !important;}<\/style><\/div>\n<\/div><\/div><\/div>\n<\/div><\/div>\n\n\n\n<div class=\"wp-block-stackable-columns alignwide stk-block-columns stk-block stk-3627255\" data-block-id=\"3627255\"><style>.stk-3627255 {padding-right:16% !important;padding-left:16% !important;margin-bottom:18px !important;}<\/style><div class=\"stk-row stk-inner-blocks stk-block-content stk-content-align stk-3627255-column alignwide\">\n<div class=\"wp-block-stackable-column stk-block-column stk-column stk-block stk-81e665a\" data-v=\"4\" data-block-id=\"81e665a\"><div class=\"stk-column-wrapper stk-block-column__content stk-container stk-81e665a-container stk--no-background stk--no-padding\"><div class=\"stk-block-content stk-inner-blocks stk-81e665a-inner-blocks\">\n<div class=\"wp-block-stackable-heading stk-block-heading stk-block-heading--v2 stk-block stk-97878e6\" id=\"perfil-de-ingreso-y-egreso\" data-block-id=\"97878e6\"><style>.stk-97878e6 .stk-block-heading__text{color:#5c068c !important;}<\/style><h1 class=\"stk-block-heading__text has-text-color\">Perfil de ingreso y egreso<\/h1><\/div>\n\n\n\n<div class=\"wp-block-stackable-heading stk-block-heading stk-block-heading--v2 stk-block stk-c3b8c5f\" id=\"perfil-de-ingreso\" data-block-id=\"c3b8c5f\"><style>.stk-c3b8c5f .stk-block-heading__text{color:#5c068c !important;}<\/style><h2 class=\"stk-block-heading__text has-text-color\">Perfil de ingreso<\/h2><\/div>\n\n\n\n<p>Atendiendo a las caracter\u00edsticas y objetivos de estos estudios, el alumnado que acceda deber\u00e1 demostrar facilidad para las relaciones p\u00fablicas, habilidades para el aprendizaje de idiomas, respeto a la conservaci\u00f3n del patrimonio cultural y natural, poseer dotes de comunicaci\u00f3n social y laboral, ser capaz de trabajar en equipo y capacidad para llevar a la pr\u00e1ctica los conocimientos te\u00f3ricos adquiridos.<\/p>\n\n\n\n<h2 class=\"wp-block-heading\"><strong>Perfil de egreso<\/strong><\/h2>\n\n\n\n<p>Cuando el alumnado finalice el Grado de Turismo deber\u00e1 poseer una serie de competencias entre las que se destacan las siguientes:<\/p>\n\n\n\n<ul class=\"wp-block-list\">\n<li>Comprender los principios del turismo: su dimensi\u00f3n espacial, social, cultural, pol\u00edtica, laboral y econ\u00f3mica<\/li>\n\n\n\n<li>Comprender el car\u00e1cter din\u00e1mico y evolutivo del turismo y de la nueva sociedad del ocio<\/li>\n\n\n\n<li>Tener una marcada orientaci\u00f3n al mercado, agentes tur\u00edsticos,\u2026<\/li>\n\n\n\n<li>Dirigir y gestionar distintos tipos de entidades tur\u00edsticas y del ocio<\/li>\n\n\n\n<li>Manejar t\u00e9cnicas de comunicaci\u00f3n social, laboral y empresarial<\/li>\n\n\n\n<li>Comprender el marco legal que regula las actividades tur\u00edsticas<\/li>\n\n\n\n<li>Comunicarse en otros idiomas, al menos el ingl\u00e9s, y ser capaz de trabajar en entornos socioculturales diversos.<\/li>\n\n\n\n<li>Utilizar y analizar las tecnolog\u00edas de la informaci\u00f3n y las comunicaciones en los distintos \u00e1mbitos del sector tur\u00edstico<\/li>\n\n\n\n<li>Comprender el funcionamiento de los destinos, estructuras tur\u00edsticas y sus sectores empresariales en el \u00e1mbito mundial<\/li>\n\n\n\n<li>Conocer los objetivos, la estrategia y los instrumentos privados y\/o p\u00fablicos de la planificaci\u00f3n.<\/li>\n<\/ul>\n\n\n\n<h2 class=\"wp-block-heading\"><strong>Salidas profesionales<\/strong><\/h2>\n\n\n\n<p>Una vez adquiridas dichas competencias el alumnado podr\u00e1 continuar su recorrido formativo hacia el postgrado y la especializaci\u00f3n o doctorado, o bien optar por el mercado laboral. La diversidad de la actividad tur\u00edstica requiere para su desarrollo de un amplio abanico de profesiones tur\u00edsticas dentro de las cuales hay perfiles profesionales.<\/p>\n\n\n\n<p>Las \u00e1reas o \u00e1mbitos m\u00e1s habituales de trabajo del sector tur\u00edstico, para el graduado en turismo, son las siguientes: alojamiento, restauraci\u00f3n, intermediaci\u00f3n, transporte y log\u00edstica, planificaci\u00f3n y gesti\u00f3n p\u00fablica de destinos, productos y actividades tur\u00edsticas y formaci\u00f3n, investigaci\u00f3n y consultor\u00eda.<\/p>\n<\/div><\/div><\/div>\n<\/div><\/div>\n","protected":false},"excerpt":{"rendered":"<p>Perfil de ingreso y egreso Perfil de ingreso Atendiendo a las caracter\u00edsticas y objetivos de estos estudios, el alumnado que acceda deber\u00e1 demostrar facilidad para las relaciones p\u00fablicas, habilidades para el aprendizaje de idiomas, respeto a la conservaci\u00f3n del patrimonio cultural y natural, poseer dotes de comunicaci\u00f3n social y laboral, ser capaz de trabajar en&#8230;<\/p>","protected":false},"author":1,"featured_media":0,"parent":252,"menu_order":1,"comment_status":"closed","ping_status":"closed","template":"templates\/template-frontpage.php","meta":{"footnotes":""},"class_list":["post-37","page","type-page","status-publish","hentry"],"_links":{"self":[{"href":"https:\/\/www.ull.es\/grados\/turismo\/en\/wp-json\/wp\/v2\/pages\/37","targetHints":{"allow":["GET"]}}],"collection":[{"href":"https:\/\/www.ull.es\/grados\/turismo\/en\/wp-json\/wp\/v2\/pages"}],"about":[{"href":"https:\/\/www.ull.es\/grados\/turismo\/en\/wp-json\/wp\/v2\/types\/page"}],"author":[{"embeddable":true,"href":"https:\/\/www.ull.es\/grados\/turismo\/en\/wp-json\/wp\/v2\/users\/1"}],"replies":[{"embeddable":true,"href":"https:\/\/www.ull.es\/grados\/turismo\/en\/wp-json\/wp\/v2\/comments?post=37"}],"version-history":[{"count":11,"href":"https:\/\/www.ull.es\/grados\/turismo\/en\/wp-json\/wp\/v2\/pages\/37\/revisions"}],"predecessor-version":[{"id":1104,"href":"https:\/\/www.ull.es\/grados\/turismo\/en\/wp-json\/wp\/v2\/pages\/37\/revisions\/1104"}],"up":[{"embeddable":true,"href":"https:\/\/www.ull.es\/grados\/turismo\/en\/wp-json\/wp\/v2\/pages\/252"}],"wp:attachment":[{"href":"https:\/\/www.ull.es\/grados\/turismo\/en\/wp-json\/wp\/v2\/media?parent=37"}],"curies":[{"name":"wp","href":"https:\/\/api.w.org\/{rel}","templated":true}]}}