{"id":42,"date":"2017-06-28T13:01:59","date_gmt":"2017-06-28T13:01:59","guid":{"rendered":"http:\/\/www.ull.es\/masteres\/desarrollo-y-gestion-de-recursos-humanos\/?page_id=42"},"modified":"2025-12-05T12:48:49","modified_gmt":"2025-12-05T12:48:49","slug":"coordinacion-docente","status":"publish","type":"page","link":"https:\/\/www.ull.es\/grados\/turismo\/en\/informacion-academica\/coordinacion-docente\/","title":{"rendered":"Teaching coordination"},"content":{"rendered":"\n<div class=\"wp-block-stackable-columns alignfull stk-block-columns stk-block stk-8657999\" data-block-id=\"8657999\"><style>.stk-8657999 {padding-bottom:0px !important;margin-top:-30px !important;margin-bottom:0px !important;}@media screen and (max-width: 767px){.stk-8657999 {margin-top:-10% !important;}}<\/style><div class=\"stk-row stk-inner-blocks stk-block-content stk-content-align stk-8657999-column alignfull\">\n<div class=\"wp-block-stackable-column stk-block-column stk-column stk-block stk-914f03e\" data-v=\"4\" data-block-id=\"914f03e\"><div class=\"stk-column-wrapper stk-block-column__content stk-container stk-914f03e-container stk--no-background stk--no-padding\"><div class=\"stk-block-content stk-inner-blocks stk-914f03e-inner-blocks\"><style id=\"depicter-1-inline-pre-css\">\n\n.depicter-1:not(.depicter-ready){\n\theight:500px;\n}\n\n\/***** Tablet *****\/\n@media screen and (max-width: 1024px){\n\n.depicter-1:not(.depicter-ready){\n\theight:700px;\n}\n\n}\n\/***** Mobile *****\/\n@media screen and (max-width: 767px){\n\n.depicter-1:not(.depicter-ready){\n\theight:360px;\n}\n\n}\n<\/style>\n<div id=\"depicter-1\" class=\"depicter depicter-document depicter-revert depicter-1 depicter-layout-fullwidth\">\n\n<div class=\"depicter-loading-container depicter-loading dotFlashing-dark\"><div class=\"depicter-loading-dark depicter-dot-flashing\">\n   <span><\/span>\n   <span><\/span>\n   <span><\/span>\n<\/div>\n<\/div>\n<div id=\"depicter-1-section-1\" class=\"depicter-section depicter-1-section-1\" data-name=\"Section 1\" data-type=\"section\" data-local-id=\"section-1\">\n<picture class=\"depicter-bg\">\n<source data-depicter-srcset=\"https:\/\/www.ull.es\/grados\/turismo\/wp-content\/uploads\/sites\/40\/2025\/04\/Slider_Turismo_-768x248.jpg, https:\/\/www.ull.es\/grados\/turismo\/wp-content\/uploads\/sites\/40\/2025\/04\/Slider_Turismo_.jpg 2x\" srcset=\"data:image\/gif;base64,R0lGODlhAQABAIAAAAAAAP\/\/\/yH5BAEAAAAALAAAAAABAAEAAAIBRAA7\" media=\"(max-width: 1024px)\" \/>\n\n<source data-depicter-srcset=\"https:\/\/www.ull.es\/grados\/turismo\/wp-content\/uploads\/sites\/40\/2025\/04\/Slider_Turismo_.jpg, https:\/\/www.ull.es\/grados\/turismo\/wp-content\/uploads\/sites\/40\/2025\/04\/Slider_Turismo_-1921x621.jpg 2x\" srcset=\"data:image\/gif;base64,R0lGODlhAQABAIAAAAAAAP\/\/\/yH5BAEAAAAALAAAAAABAAEAAAIBRAA7\" media=\"(min-width: 1025px)\" \/>\n<img decoding=\"async\" src=\"data:image\/gif;base64,R0lGODlhAQABAIAAAAAAAP\/\/\/yH5BAEAAAAALAAAAAABAAEAAAIBRAA7\" data-ken-burns=\"false\" data-tablet-ken-burns=\"false\" data-mobile-ken-burns=\"false\" alt=\"\" data-depicter-src=\"https:\/\/www.ull.es\/grados\/turismo\/wp-content\/uploads\/sites\/40\/2025\/04\/Slider_Turismo_.jpg\" data-object-fit=\"custom,custom,\" data-object-position=\"center top,,\" data-crop=\"{'focalPoint':{'x':0.5,'y':0.429999999999999993338661852249060757458209991455078125},'mediaSize':{'width':1792,'height':579}}\" data-tablet-crop=\"{'focalPoint':{'x':0.67000000000000003996802888650563545525074005126953125,'y':0.5},'mediaSize':{'width':2165,'height':700}}\" data-mobile-crop=\"{'focalPoint':{'x':0.5,'y':0.5},'mediaSize':{'width':1113.623188405797236555372364819049835205078125,'height':360}}\" \/>\n<\/picture>\n\n\n<h1 id=\"depicter-1-element-5\" class=\"depicter-element depicter-layer depicter-1-element-5\" data-type=\"text\" data-wrap=\"true\" data-name=\"Text 2\" data-local-id=\"element-5\" data-offset=\"x:216px;y:175px;origin:tl\" data-tablet-offset=\"x:326px;y:327px;origin:tl\" data-mobile-offset=\"x:6px;y:-108px;origin:tl\" data-width=\"768px,372px,348px\" data-height=\"auto,auto,auto\" data-responsive-scale=\"true,,\">Grado en Turismo<\/h1>\n\n<div id=\"depicter-1-element-10\" class=\"depicter-element depicter-layer depicter-1-element-10\" data-type=\"shape\" data-wrap=\"true\" data-name=\"Shape 1\" data-local-id=\"element-10\" data-offset=\"x:230px;y:276px;origin:tl\" data-tablet-offset=\"x:326px;y:383px;origin:tl\" data-mobile-offset=\"x:6px;y:0px;origin:tl\" data-width=\"729px,334px,309px\" data-height=\"8px,8px,8px\" data-responsive-scale=\"true,,\"><\/div>\n<\/div>\n<\/div>\n<script>\n(window.depicterSetups = window.depicterSetups || []).push(function(){\n\tDepicter.basePath = 'https:\/\/www.ull.es\/grados\/turismo\/wp-content\/plugins\/depicter\/resources\/scripts\/player\/';\n\tconst dpPlayer = Depicter.setup('.depicter-1',\n\t\t{\"width\":[\"1200\",\"1024\",\"360\"],\"height\":[\"500\",\"700\",\"360\"],\"view\":\"basic\",\"keepAspectRatio\":true,\"preload\":0,\"layout\":\"fullwidth\",\"rtl\":false,\"initAfterAppear\":false,\"ajaxApiUrl\":\"https:\\\/\\\/www.ull.es\\\/grados\\\/turismo\\\/wp-admin\\\/admin-ajax.php\",\"mouseSwipe\":true,\"touchSwipe\":true,\"useWatermark\":false}\n\t);\n});\n<\/script><\/div><\/div><\/div>\n<\/div><\/div>\n\n\n\n<div class=\"wp-block-stackable-columns alignfull stk-block-columns stk--hide-mobile stk-block stk-ceecbdc stk-block-background\" data-block-id=\"ceecbdc\"><style>.stk-ceecbdc {background-color:#360060 !important;padding-top:35px !important;padding-right:0px !important;padding-bottom:2px !important;padding-left:0px !important;margin-top:-20px !important;margin-bottom:70px !important;}.stk-ceecbdc:before{background-color:#360060 !important;}<\/style><div class=\"stk-row stk-inner-blocks stk-block-content stk-content-align stk-ceecbdc-column alignfull\">\n<div class=\"wp-block-stackable-column stk-block-column stk-column stk-block stk-fc60a5d\" data-v=\"4\" data-block-id=\"fc60a5d\"><div class=\"stk-column-wrapper stk-block-column__content stk-container stk-fc60a5d-container stk--no-background stk--no-padding\"><div class=\"stk-block-content stk-inner-blocks stk-fc60a5d-inner-blocks\">\n<div class=\"wp-block-stackable-spacer stk-block-spacer stk--no-padding stk-block stk-a3a8a68\" data-block-id=\"a3a8a68\"><style>.stk-a3a8a68 {height:0px !important;}<\/style><\/div>\n<\/div><\/div><\/div>\n<\/div><\/div>\n\n\n\n<div class=\"wp-block-stackable-columns stk-block-columns stk-block stk-8b59b96\" data-block-id=\"8b59b96\"><style>.stk-8b59b96 .stk--block-align-8b59b96{align-items:flex-start !important;}.stk-8b59b96 {margin-top:25px !important;}.stk-8b59b96-column{--stk-columns-spacing:0px !important;--stk-column-gap:50px !important;}@media screen and (max-width: 767px){.stk-8b59b96-column{row-gap:var(--stk--preset--spacing--60, 2.25rem) !important;}}<\/style><div class=\"stk-row stk-inner-blocks stk--block-align-8b59b96 stk-block-content stk-content-align stk-8b59b96-column\">\n<div class=\"wp-block-stackable-column stk-block-column stk-column stk-block stk-dbb7e15\" data-v=\"4\" data-block-id=\"dbb7e15\"><div class=\"stk-column-wrapper stk-block-column__content stk-container stk-dbb7e15-container stk--no-background stk--no-padding\"><div class=\"stk-block-content stk-inner-blocks stk-dbb7e15-inner-blocks\">\n<div class=\"wp-block-stackable-heading stk-block-heading stk-block-heading--v2 stk-block stk-689c258\" id=\"span-style-color-000000-class-stk-highlight-cuarto-curso-span\" data-block-id=\"689c258\"><style>.stk-689c258 .stk-block-heading__text{color:#5c068c !important;}<\/style><h1 class=\"stk-block-heading__text has-text-color\">Coordinaci\u00f3n docente<\/h1><\/div>\n\n\n\n<p><strong>Coordinadora de Calidad del Grado en Contabilidad y Finanzas y del Grado de Turismo<\/strong><\/p>\n\n\n\n<p><a href=\"https:\/\/www.ull.es\/directorio\/search\/?busqueda=Zamira%20Del%20Rosario%20Acosta%20Rubio\" target=\"_blank\" rel=\"noreferrer noopener\" target=\"_blank\" rel=\"noopener\">Zamira Del Rosario Acosta Rubio<\/a>&nbsp;(<a href=\"mailto:cgperez@ull.edu.es\" target=\"_blank\" rel=\"noreferrer noopener\" target=\"_blank\" rel=\"noopener\">zacosta@ull.es<\/a>)<\/p>\n\n\n\n<p><strong>Coordinadora del Campus de Adeje<\/strong>:<\/p>\n\n\n\n<p>Vacante<\/p>\n\n\n\n<p><strong>Funciones del Coordinador\/a de Calidad:<\/strong><\/p>\n\n\n\n<p><a href=\"https:\/\/drive.google.com\/file\/d\/1XKPIxlgeawU7GX8tNQ2aJu1L-2ITn5C-\/view?usp=sharing\" target=\"_blank\" rel=\"noreferrer noopener\" target=\"_blank\" rel=\"noopener\">Fichero adjunto<\/a><\/p>\n\n\n\n<p>El t\u00edtulo cuenta con las estructuras de coordinaci\u00f3n en diferentes niveles, horizontal y vertical, para garantizar que la docencia se desarrolla seg\u00fan la memoria de verificaci\u00f3n\/modificaci\u00f3n:<\/p>\n\n\n\n<ul class=\"wp-block-list\">\n<li>Un\/a Coordinador\/a del T\u00edtulo,<\/li>\n\n\n\n<li>Coordinador\/a de curso,<\/li>\n\n\n\n<li>Coordinadores\/as espec\u00edficos para cada una de las asignaturas que unifican la metodolog\u00eda y los contenidos docentes, el sistema de evaluaci\u00f3n y las actividades formativas y, adem\u00e1s realizan un seguimiento peri\u00f3dico para sincronizar las explicaciones, ponderar las cargas de trabajo del alumnado, detectar debilidades, etc.<\/li>\n<\/ul>\n\n\n\n<p><strong>Coordinadores de Curso 2024-2025<\/strong>:<\/p>\n\n\n\n<p>1\u00ba curso: Jorge Dom\u00e9nech Reoyo&nbsp;<a href=\"mailto:jdomenec@ull.edu.es\" target=\"_blank\" rel=\"noreferrer noopener\" target=\"_blank\" rel=\"noopener\">jdomenec@ull.edu.es<\/a><\/p>\n\n\n\n<p>2\u00ba curso: \u00c1ngel Lobo Rodrigo&nbsp;<a href=\"mailto:aloboro@ull.edu.es\" target=\"_blank\" rel=\"noreferrer noopener\" target=\"_blank\" rel=\"noopener\">aloboro@ull.edu.es<\/a><\/p>\n\n\n\n<p>3\u00ba curso: Janet Hern\u00e1ndez M\u00e9ndez&nbsp;<a href=\"mailto:jhernmen@ull.es\" target=\"_blank\" rel=\"noreferrer noopener\" target=\"_blank\" rel=\"noopener\">jhernmen@ull.es<\/a><\/p>\n\n\n\n<p>4\u00ba curso:<\/p>\n\n\n\n<p><strong>Funciones Coordinaci\u00f3n de Curso:<\/strong><\/p>\n\n\n\n<p><a href=\"https:\/\/drive.google.com\/file\/d\/1PBoL-ND84ILwM6Vd5dlZv44RquOctjhb\/view?usp=sharing\" target=\"_blank\" rel=\"noreferrer noopener\" target=\"_blank\" rel=\"noopener\">Fichero adjunto<\/a><\/p>\n\n\n\n<p><strong>Personal Coordinador de Asignatura:<\/strong><\/p>\n\n\n\n<p><a href=\"https:\/\/www.ull.es\/apps\/guias\/guias\/view_degree\/Grado%20en%20Turismo\/\" target=\"_blank\" rel=\"noreferrer noopener\" target=\"_blank\" rel=\"noopener\">Fichero adjunto<\/a><\/p>\n\n\n\n<p><strong>Funciones Coordinaci\u00f3n Asignatura:<\/strong><\/p>\n\n\n\n<p><a href=\"https:\/\/drive.google.com\/file\/d\/1aTGwqSTTOQnWzGGv49Kdv63p0vkvtG1s\/view?usp=sharing\" target=\"_blank\" rel=\"noreferrer noopener\" target=\"_blank\" rel=\"noopener\">Fichero adjunto<\/a><\/p>\n\n\n\n<ul class=\"wp-block-list\">\n<li>Los\/las representantes del alumnado en las distintas comisiones y Junta de Facultad, el alumno\/a \u00abdelegado de clase\u00bb, que permiten a los coordinadores y equipo decanal conocer la opini\u00f3n del estudiantado sobre el curso, materias, etc., y, con ello responder a incidencias y mejorar la coordinaci\u00f3n.<\/li>\n<\/ul>\n\n\n\n<p><strong>Delegados\/as de Curso Campus Guajara:<\/strong><\/p>\n\n\n\n<style>\n.hoverable {\n  transition: transform 0.3s, box-shadow 0.3s;\n  cursor: pointer;\n}\n.hoverable:hover {\n  transform: scale(1.02);\n  box-shadow: 0 0.5rem 1rem rgba(0,0,0,0.25);\n  \/* Mantiene el color de fondo original *\/\n}\n<\/style>\n\n<!-- Tabla general con estilo similar -->\n<table class=\"table table-bordered table-striped align-middle text-center shadow-sm rounded overflow-hidden table-hover-effect\" style=\"border-collapse: separate; border-spacing: 0; box-shadow: 0 0.5rem 1rem rgba(0,0,0,0.15); border-radius:2rem; width:100%;\">\n  <tbody>\n    <tr style=\"background-color:#360060; color:#fff;\">\n      <td class=\"hoverable fw-bold\" style=\"width:30%; border-top-left-radius: 1.5rem; font-weight:bold;\">CURSO<\/td>\n      <td class=\"hoverable fw-bold\" style=\"width:30%; font-weight:bold;\">GRUPO<\/td>\n      <td class=\"hoverable fw-bold\" style=\"width:30%; font-weight:bold;\">DELEGADO\/A<\/td>\n      <td class=\"hoverable\" style=\"border-top-right-radius: 1.5rem; font-weight:bold;\">SUBDELEGADO\/A<\/td>\n    <\/tr>\n    <tr style=\"background-color:#f8f9fa;\">\n      <td class=\"hoverable fw-bold\" style=\"font-weight:bold;\">PRIMERO<\/td>\n      <td class=\"hoverable\">1<\/a><\/td>\n      <td class=\"hoverable\">Sheila Samar\u00edn Henao<br><a href=\"mailto:alu0101808444@ull.es\" target=\"_blank\" rel=\"noopener\">alu0101808444@ull.es<\/a><\/td>\n      <td class=\"hoverable\">Andrea Parodi Medina<br><a href=\"mailto:alu0101726021@ull.es\" target=\"_blank\" rel=\"noopener\">alu0101726021@ull.es<\/a><\/td>\n    <\/tr>\n    <tr style=\"background-color:#f8f9fa;\">\n      <td class=\"hoverable fw-bold\" style=\"font-weight:bold;\">SEGUNDO<\/td>\n      <td class=\"hoverable\">1<\/a><\/td>\n      <td class=\"hoverable\">Ricardo Vera Garc\u00eda<br><a href=\"mailto:alu01015663749@ull.es\" target=\"_blank\" rel=\"noopener\">alu01015663749@ull.es<\/a><\/td>\n      <td class=\"hoverable\">&#8211;<\/td>\n    <\/tr>\n    <tr style=\"background-color:#f8f9fa;\">\n      <td class=\"hoverable fw-bold\" style=\"font-weight:bold;\">TERCERO<\/td>\n      <td class=\"hoverable\">1<\/a><\/td>\n      <td class=\"hoverable\">Claudia Min Vargas Afonso<br><a href=\"mailto:alu0101649382@ull.es\" target=\"_blank\" rel=\"noopener\">alu0101649382@ull.es<\/a><\/td>\n      <td class=\"hoverable\">&#8211;<\/td>\n    <\/tr>\n    <tr style=\"background-color:#f8f9fa;\">\n      <td class=\"hoverable fw-bold\" style=\"border-bottom-left-radius: 1.5rem; font-weight:bold;\">CUARTO<\/td>\n      <td class=\"hoverable\">1<\/a><\/td>\n      <td class=\"hoverable\">Laura Moreira Guti\u00e9rrez<br><a href=\"mailto:alu0101554617@ull.es\" target=\"_blank\" rel=\"noopener\">alu0101554617@ull.es<\/a><\/td>\n      <td class=\"hoverable\" style=\"border-bottom-right-radius: 1.5rem;\">&#8211;<\/td>\n    <\/tr>\n  <\/tbody>\n<\/table>\n\n\n\n<p><strong>Delegados\/as de Curso Campus Adeje:<\/strong><\/p>\n\n\n\n<style>\n.hoverable {\n  transition: transform 0.3s, box-shadow 0.3s;\n  cursor: pointer;\n}\n.hoverable:hover {\n  transform: scale(1.02);\n  box-shadow: 0 0.5rem 1rem rgba(0,0,0,0.25);\n  \/* Mantiene el color de fondo original *\/\n}\n<\/style>\n\n<!-- Tabla general con estilo similar -->\n<table class=\"table table-bordered table-striped align-middle text-center shadow-sm rounded overflow-hidden table-hover-effect\" style=\"border-collapse: separate; border-spacing: 0; box-shadow: 0 0.5rem 1rem rgba(0,0,0,0.15); border-radius:2rem; width:100%;\">\n  <tbody>\n    <tr style=\"background-color:#360060; color:#fff;\">\n      <td class=\"hoverable fw-bold\" style=\"width:30%; border-top-left-radius: 1.5rem; font-weight:bold;\">CURSO<\/td>\n      <td class=\"hoverable fw-bold\" style=\"width:30%; font-weight:bold;\">GRUPO<\/td>\n      <td class=\"hoverable fw-bold\" style=\"width:30%; font-weight:bold;\">DELEGADO\/A<\/td>\n      <td class=\"hoverable\" style=\"border-top-right-radius: 1.5rem; font-weight:bold;\">SUBDELEGADO\/A<\/td>\n    <\/tr>\n    <tr style=\"background-color:#f8f9fa;\">\n      <td class=\"hoverable fw-bold\" style=\"font-weight:bold;\">PRIMERO<\/td>\n      <td class=\"hoverable\">1<\/a><\/td>\n      <td class=\"hoverable\">Raffaello Manfrini<br><a href=\"mailto:alu0101799926@ull.es\" target=\"_blank\" rel=\"noopener\">alu0101799926@ull.es<\/a><\/td>\n      <td class=\"hoverable\">&#8211;<\/td>\n    <\/tr>\n    <tr style=\"background-color:#f8f9fa;\">\n      <td class=\"hoverable fw-bold\" style=\"font-weight:bold;\">SEGUNDO<\/td>\n      <td class=\"hoverable\">1<\/a><\/td>\n      <td class=\"hoverable\">Brais Vieites Caama\u00f1o<br><a href=\"mailto:alu0101754604@ull.es\" target=\"_blank\" rel=\"noopener\">alu0101754604@ull.es<\/a><\/td>\n      <td class=\"hoverable\">&#8211;<\/td>\n    <\/tr>\n    <tr style=\"background-color:#f8f9fa;\">\n      <td class=\"hoverable fw-bold\" style=\"font-weight:bold;\">TERCERO<\/td>\n      <td class=\"hoverable\">1<\/a><\/td>\n      <td class=\"hoverable\">Lorenzo Gritti<br><a href=\"mailto:alu0101619606@ull.es\" target=\"_blank\" rel=\"noopener\">alu0101619606@ull.es<\/a><\/td>\n      <td class=\"hoverable\">&#8211;<\/td>\n    <\/tr>\n    <tr style=\"background-color:#f8f9fa;\">\n      <td class=\"hoverable fw-bold\" style=\"border-bottom-left-radius: 1.5rem; font-weight:bold;\">CUARTO<\/td>\n      <td class=\"hoverable\">1<\/a><\/td>\n      <td class=\"hoverable\">Alejandro Jos\u00e9 Dorante Arrocha<br><a href=\"mailto:alu0101518978@ull.es\" target=\"_blank\" rel=\"noopener\">alu0101518978@ull.es<\/a><\/td>\n      <td class=\"hoverable\" style=\"border-bottom-right-radius: 1.5rem;\">&#8211;<\/td>\n    <\/tr>\n  <\/tbody>\n<\/table>\n\n\n\n<p><strong>Representantes de alumnos<\/strong>&nbsp;en el Grado en Turismo en la Junta de Facultad:<\/p>\n\n\n\n<p>Ch\u00e1vez P\u00e9rez Victor<\/p>\n\n\n\n<p><a href=\"mailto:alu0101509150@ull.edu.es\" target=\"_blank\" rel=\"noreferrer noopener\" target=\"_blank\" rel=\"noopener\">alu0101509150@ull.es<\/a><\/p>\n\n\n\n<ul class=\"wp-block-list\">\n<li>Un Coordinador de Pr\u00e1cticas Externas de forma que cada estudiante est\u00e1 asistido por un Tutor Acad\u00e9mico en el Centro y un Tutor Externo en la empresa, organismo o instituci\u00f3n donde acomete y desarrolla sus pr\u00e1cticas. Las funciones de ambos tutores, del coordinador, as\u00ed como los derechos y obligaciones de los estudiantes se detallan en el Reglamento de Tutores Externos de Pr\u00e1cticas y en la Normativa de Gesti\u00f3n de Pr\u00e1cticas Externas de la Universidad de La Laguna. El coordinador de la asignatura es el que establece y unifica el procedimiento para la evaluaci\u00f3n de las pr\u00e1cticas, ajust\u00e1ndose a los preceptos de la mencionada normativa reguladora y dem\u00e1s normas y procedimientos que se acuerden en las Comisiones y \u00d3rganos de la Facultad.<\/li>\n\n\n\n<li>Un Coordinador del Plan de Orientaci\u00f3n y Acci\u00f3n Tutorial de apoyo al alumnado. Propone las acciones y la metodolog\u00eda formativa que el grupo de tutores debe aplicar en el asesoramiento, la informaci\u00f3n \u00fatil y relevante que deben comentar a los estudiantes para que les sirva de gu\u00eda y orientaci\u00f3n en su proceso formativo de aprendizaje, movilidad e inserci\u00f3n laboral. Igualmente el alumnado proporciona a los tutores informaci\u00f3n sobre la distribuci\u00f3n homog\u00e9nea de la carga acad\u00e9mica de trabajo, sincronizaci\u00f3n entre los contenidos te\u00f3ricos y las clases pr\u00e1cticas, propuestas de conferencias y mesas de debate sobre temas espec\u00edficos de inter\u00e9s general y de actualidad econ\u00f3mica.<\/li>\n\n\n\n<li>Comisiones que velan por el buen desarrollo del proceso de ense\u00f1anza-aprendizaje: Comisi\u00f3n Permanente, de Calidad, de Ordenaci\u00f3n Acad\u00e9mica, de Trabajo Fin de Grado, de Convalidaci\u00f3n y Reconocimiento de Cr\u00e9ditos. En cada una de ellas se acuerda un calendario de reuniones con un orden del d\u00eda que se establece previamente a las convocatorias y sobre el que se debate y toman acuerdos que se reflejan en un acta de la comisi\u00f3n correspondiente. El objetivo es que las resoluciones que dictan sirvan para identificar las debilidades, proponer soluciones, implementar innovaciones y contribuir al buen desarrollo y continuidad del t\u00edtulo progresivamente en cada curso acad\u00e9mico, en funci\u00f3n de las exigencias de la demanda social y otros grupos de inter\u00e9s.<\/li>\n<\/ul>\n<\/div><\/div><\/div>\n<\/div><\/div>\n","protected":false},"excerpt":{"rendered":"<p>Teaching Coordination Quality Coordinator for the Bachelor&#039;s Degree in Accounting and Finance and the Bachelor&#039;s Degree in Tourism Zamira Del Rosario Acosta Rubio (zacosta@ull.es) Adeje Campus Coordinator: Vacant Functions of the Quality Coordinator: Attached file The degree program has coordination structures at different levels, horizontal and vertical, to ensure that teaching is carried out\u2026<\/p>","protected":false},"author":1,"featured_media":0,"parent":252,"menu_order":6,"comment_status":"closed","ping_status":"closed","template":"templates\/template-frontpage.php","meta":{"footnotes":""},"class_list":["post-42","page","type-page","status-publish","hentry"],"_links":{"self":[{"href":"https:\/\/www.ull.es\/grados\/turismo\/en\/wp-json\/wp\/v2\/pages\/42","targetHints":{"allow":["GET"]}}],"collection":[{"href":"https:\/\/www.ull.es\/grados\/turismo\/en\/wp-json\/wp\/v2\/pages"}],"about":[{"href":"https:\/\/www.ull.es\/grados\/turismo\/en\/wp-json\/wp\/v2\/types\/page"}],"author":[{"embeddable":true,"href":"https:\/\/www.ull.es\/grados\/turismo\/en\/wp-json\/wp\/v2\/users\/1"}],"replies":[{"embeddable":true,"href":"https:\/\/www.ull.es\/grados\/turismo\/en\/wp-json\/wp\/v2\/comments?post=42"}],"version-history":[{"count":42,"href":"https:\/\/www.ull.es\/grados\/turismo\/en\/wp-json\/wp\/v2\/pages\/42\/revisions"}],"predecessor-version":[{"id":1111,"href":"https:\/\/www.ull.es\/grados\/turismo\/en\/wp-json\/wp\/v2\/pages\/42\/revisions\/1111"}],"up":[{"embeddable":true,"href":"https:\/\/www.ull.es\/grados\/turismo\/en\/wp-json\/wp\/v2\/pages\/252"}],"wp:attachment":[{"href":"https:\/\/www.ull.es\/grados\/turismo\/en\/wp-json\/wp\/v2\/media?parent=42"}],"curies":[{"name":"wp","href":"https:\/\/api.w.org\/{rel}","templated":true}]}}