{"id":34,"date":"2017-06-28T12:52:52","date_gmt":"2017-06-28T12:52:52","guid":{"rendered":"http:\/\/www.ull.es\/masteres\/desarrollo-y-gestion-de-recursos-humanos\/?page_id=24"},"modified":"2025-12-16T12:58:03","modified_gmt":"2025-12-16T12:58:03","slug":"estructura-del-plan-de-estudios","status":"publish","type":"page","link":"https:\/\/www.ull.es\/grados\/turismo\/fr\/plan-de-estudios\/estructura-del-plan-de-estudios\/","title":{"rendered":"Structure du programme"},"content":{"rendered":"\n<div class=\"wp-block-stackable-columns alignfull stk-block-columns stk-block stk-8657999\" data-block-id=\"8657999\"><style>.stk-8657999 {padding-bottom:0px !important;margin-top:-30px !important;margin-bottom:0px !important;}@media screen and (max-width: 767px){.stk-8657999 {margin-top:-10% !important;}}<\/style><div class=\"stk-row stk-inner-blocks stk-block-content stk-content-align stk-8657999-column alignfull\">\n<div class=\"wp-block-stackable-column stk-block-column stk-column stk-block stk-914f03e\" data-v=\"4\" data-block-id=\"914f03e\"><div class=\"stk-column-wrapper stk-block-column__content stk-container stk-914f03e-container stk--no-background stk--no-padding\"><div class=\"stk-block-content stk-inner-blocks stk-914f03e-inner-blocks\"><style id=\"depicter-1-inline-pre-css\">\n\n.depicter-1:not(.depicter-ready){\n\theight:500px;\n}\n\n\/***** Tablet *****\/\n@media screen and (max-width: 1024px){\n\n.depicter-1:not(.depicter-ready){\n\theight:700px;\n}\n\n}\n\/***** Mobile *****\/\n@media screen and (max-width: 767px){\n\n.depicter-1:not(.depicter-ready){\n\theight:360px;\n}\n\n}\n<\/style>\n<div id=\"depicter-1\" class=\"depicter depicter-document depicter-revert depicter-1 depicter-layout-fullwidth\">\n\n<div class=\"depicter-loading-container depicter-loading dotFlashing-dark\"><div class=\"depicter-loading-dark depicter-dot-flashing\">\n   <span><\/span>\n   <span><\/span>\n   <span><\/span>\n<\/div>\n<\/div>\n<div id=\"depicter-1-section-1\" class=\"depicter-section depicter-1-section-1\" data-name=\"Section 1\" data-type=\"section\" data-local-id=\"section-1\">\n<picture class=\"depicter-bg\">\n<source data-depicter-srcset=\"https:\/\/www.ull.es\/grados\/turismo\/wp-content\/uploads\/sites\/40\/2025\/04\/Slider_Turismo_-768x248.jpg, https:\/\/www.ull.es\/grados\/turismo\/wp-content\/uploads\/sites\/40\/2025\/04\/Slider_Turismo_.jpg 2x\" srcset=\"data:image\/gif;base64,R0lGODlhAQABAIAAAAAAAP\/\/\/yH5BAEAAAAALAAAAAABAAEAAAIBRAA7\" media=\"(max-width: 1024px)\" \/>\n\n<source data-depicter-srcset=\"https:\/\/www.ull.es\/grados\/turismo\/wp-content\/uploads\/sites\/40\/2025\/04\/Slider_Turismo_.jpg, https:\/\/www.ull.es\/grados\/turismo\/wp-content\/uploads\/sites\/40\/2025\/04\/Slider_Turismo_-1921x621.jpg 2x\" srcset=\"data:image\/gif;base64,R0lGODlhAQABAIAAAAAAAP\/\/\/yH5BAEAAAAALAAAAAABAAEAAAIBRAA7\" media=\"(min-width: 1025px)\" \/>\n<img decoding=\"async\" src=\"data:image\/gif;base64,R0lGODlhAQABAIAAAAAAAP\/\/\/yH5BAEAAAAALAAAAAABAAEAAAIBRAA7\" data-ken-burns=\"false\" data-tablet-ken-burns=\"false\" data-mobile-ken-burns=\"false\" alt=\"\" data-depicter-src=\"https:\/\/www.ull.es\/grados\/turismo\/wp-content\/uploads\/sites\/40\/2025\/04\/Slider_Turismo_.jpg\" data-object-fit=\"custom,custom,\" data-object-position=\"center top,,\" data-crop=\"{'focalPoint':{'x':0.5,'y':0.429999999999999993338661852249060757458209991455078125},'mediaSize':{'width':1792,'height':579}}\" data-tablet-crop=\"{'focalPoint':{'x':0.67000000000000003996802888650563545525074005126953125,'y':0.5},'mediaSize':{'width':2165,'height':700}}\" data-mobile-crop=\"{'focalPoint':{'x':0.5,'y':0.5},'mediaSize':{'width':1113.623188405797236555372364819049835205078125,'height':360}}\" \/>\n<\/picture>\n\n\n<h1 id=\"depicter-1-element-5\" class=\"depicter-element depicter-layer depicter-1-element-5\" data-type=\"text\" data-wrap=\"true\" data-name=\"Text 2\" data-local-id=\"element-5\" data-offset=\"x:216px;y:175px;origin:tl\" data-tablet-offset=\"x:326px;y:327px;origin:tl\" data-mobile-offset=\"x:6px;y:-108px;origin:tl\" data-width=\"768px,372px,348px\" data-height=\"auto,auto,auto\" data-responsive-scale=\"true,,\">Grado en Turismo<\/h1>\n\n<div id=\"depicter-1-element-10\" class=\"depicter-element depicter-layer depicter-1-element-10\" data-type=\"shape\" data-wrap=\"true\" data-name=\"Shape 1\" data-local-id=\"element-10\" data-offset=\"x:230px;y:276px;origin:tl\" data-tablet-offset=\"x:326px;y:383px;origin:tl\" data-mobile-offset=\"x:6px;y:0px;origin:tl\" data-width=\"729px,334px,309px\" data-height=\"8px,8px,8px\" data-responsive-scale=\"true,,\"><\/div>\n<\/div>\n<\/div>\n<script>\n(window.depicterSetups = window.depicterSetups || []).push(function(){\n\tDepicter.basePath = 'https:\/\/www.ull.es\/grados\/turismo\/wp-content\/plugins\/depicter\/resources\/scripts\/player\/';\n\tconst dpPlayer = Depicter.setup('.depicter-1',\n\t\t{\"width\":[\"1200\",\"1024\",\"360\"],\"height\":[\"500\",\"700\",\"360\"],\"view\":\"basic\",\"keepAspectRatio\":true,\"preload\":0,\"layout\":\"fullwidth\",\"rtl\":false,\"initAfterAppear\":false,\"ajaxApiUrl\":\"https:\\\/\\\/www.ull.es\\\/grados\\\/turismo\\\/wp-admin\\\/admin-ajax.php\",\"mouseSwipe\":true,\"touchSwipe\":true,\"useWatermark\":false}\n\t);\n});\n<\/script><\/div><\/div><\/div>\n<\/div><\/div>\n\n\n\n<div class=\"wp-block-stackable-columns alignfull stk-block-columns stk--hide-mobile stk-block stk-ceecbdc stk-block-background\" data-block-id=\"ceecbdc\"><style>.stk-ceecbdc {background-color:#360060 !important;padding-top:35px !important;padding-right:0px !important;padding-bottom:2px !important;padding-left:0px !important;margin-top:-20px !important;margin-bottom:70px !important;}.stk-ceecbdc:before{background-color:#360060 !important;}<\/style><div class=\"stk-row stk-inner-blocks stk-block-content stk-content-align stk-ceecbdc-column alignfull\">\n<div class=\"wp-block-stackable-column stk-block-column stk-column stk-block stk-fc60a5d\" data-v=\"4\" data-block-id=\"fc60a5d\"><div class=\"stk-column-wrapper stk-block-column__content stk-container stk-fc60a5d-container stk--no-background stk--no-padding\"><div class=\"stk-block-content stk-inner-blocks stk-fc60a5d-inner-blocks\">\n<div class=\"wp-block-stackable-spacer stk-block-spacer stk--no-padding stk-block stk-a3a8a68\" data-block-id=\"a3a8a68\"><style>.stk-a3a8a68 {height:0px !important;}<\/style><\/div>\n<\/div><\/div><\/div>\n<\/div><\/div>\n\n\n\n<div class=\"wp-block-stackable-columns stk-block-columns stk-block stk-8b59b96\" data-block-id=\"8b59b96\"><style>.stk-8b59b96 .stk--block-align-8b59b96{align-items:flex-start !important;}.stk-8b59b96 {margin-top:25px !important;}.stk-8b59b96-column{--stk-columns-spacing:0px !important;--stk-column-gap:50px !important;}@media screen and (max-width: 767px){.stk-8b59b96-column{row-gap:var(--stk--preset--spacing--60, 2.25rem) !important;}}<\/style><div class=\"stk-row stk-inner-blocks stk--block-align-8b59b96 stk-block-content stk-content-align stk-8b59b96-column\">\n<div class=\"wp-block-stackable-column stk-block-column stk-column stk-block stk-dbb7e15\" data-v=\"4\" data-block-id=\"dbb7e15\"><style>@media screen and (min-width: 768px){.stk-dbb7e15 {flex:var(--stk-flex-grow, 1) 1 calc(70% - var(--stk-column-gap, 0px) * 1 \/ 2 ) !important;}}<\/style><div class=\"stk-column-wrapper stk-block-column__content stk-container stk-dbb7e15-container stk--no-background stk--no-padding\"><div class=\"stk-block-content stk-inner-blocks stk-dbb7e15-inner-blocks\">\n<div class=\"wp-block-stackable-heading stk-block-heading stk-block-heading--v2 stk-block stk-689c258\" id=\"estructura-del-plan-de-estudios\" data-block-id=\"689c258\"><style>.stk-689c258 .stk-block-heading__text{color:#5c068c !important;}<\/style><h1 class=\"stk-block-heading__text has-text-color\">Estructura del Plan de estudios<\/h1><\/div>\n\n\n\n<p>El&nbsp;<a href=\"https:\/\/drive.google.com\/file\/d\/1HdbRR1hk6Ua4aZ7rIu4WVaxU7cAFxk9Q\/view?usp=sharing\" target=\"_blank\" rel=\"noreferrer noopener\" target=\"_blank\" rel=\"noopener\">plan de estudios del Grado en Turismo por la Universidad de La Laguna<\/a>&nbsp;tendr\u00e1 un total de 240 cr\u00e9ditos ECTS, distribuidos en 4 cursos, divididos en 2 semestres, que incluyen toda la formaci\u00f3n te\u00f3rica y pr\u00e1ctica que el estudiante debe adquirir, as\u00ed como las Pr\u00e1cticas Externas y Trabajo Fin de Grado.<\/p>\n\n\n\n<p>Calendario de implantaci\u00f3n del Grado en Turismo:<\/p>\n\n\n\n<ul class=\"wp-block-list\">\n<li>2009 \u2013 2010 Primer curso<\/li>\n\n\n\n<li>2010 \u2013 2011 Segundo curso<\/li>\n\n\n\n<li>2011 \u2013 2012 Tercer curso<\/li>\n\n\n\n<li>2012 \u2013 2013 Cuarto curso<\/li>\n<\/ul>\n\n\n\n<p>La distribuci\u00f3n temporal de las asignaturas del plan de estudios, por cursos, se recoge en la siguiente tabla:<\/p>\n\n\n\n<p><strong>OBSERVACIONES:<\/strong><br>*Para obtener los c\u00f3digos de las asignaturas del&nbsp;GRADO EN TURISMO(La Laguna)&nbsp;a las (<strong>xxx<\/strong>) hay que sustituirlas por un (<strong>902<\/strong>) y para obtener los c\u00f3digos de las asignaturas del&nbsp;GRADO EN TURISMO (Adeje)&nbsp;a las (<strong>xxx<\/strong>) hay que sustituirlas por un (<strong>950<\/strong>).<\/p>\n\n\n\n<p>Ejemplo c\u00f3digo de la Asignatura: (16<strong>xxx<\/strong>1101 ECONOM\u00cdA)<br>**Para obtener el c\u00f3digo de dicha asignatura para el&nbsp;GRADO EN TURISMO(La Laguna)&nbsp;hay que a\u00f1adirle un (<strong>902<\/strong>), con lo que quedar\u00eda dicho c\u00f3digo as\u00ed: (16<strong>902<\/strong>1101 ECONOM\u00cdA).<br>***Para obtener el c\u00f3digo de dicha asignatura para el&nbsp;GRADO EN TURISMO(Adeje)&nbsp;hay que a\u00f1adirle un (<strong>950<\/strong>), con lo que quedar\u00eda dicho c\u00f3digo as\u00ed: (16<strong>950<\/strong>1101 ECONOM\u00cdA).<br><strong>EXCEPCI\u00d3N:<\/strong><br>**** GRADO EN TURISMO(La Laguna) C\u00f3digo Asignatura: (169024202 Trabajo Fin de Grado)<br>**** GRADO EN TURISMO(Adeje) C\u00f3digo Asignatura: (169504101 Trabajo Fin de Grado)<\/p>\n\n\n\n<h3 class=\"wp-block-heading\">Distribuci\u00f3n del plan de estudios por tipo de asignatura.<\/h3>\n\n\n\n<p>El Plan de Estudios del Grado en Turismo por la Universidad de La Laguna tiene un total de 240 cr\u00e9ditos de acuerdo con la distribuci\u00f3n que figura en el cuadro siguiente teniendo en cuenta las materias b\u00e1sicas, obligatorias y optativas, trabajo fin de grado y pr\u00e1cticas externas.<\/p>\n\n\n\n<div class=\"wp-block-stackable-spacer stk-block-spacer stk--no-padding stk-block stk-7352001\" data-block-id=\"7352001\"><\/div>\n\n\n\n<style>\ntable td, table th {\n  transition: transform 0.2s, box-shadow 0.2s;\n}\ntable td:hover, table th:hover {\n  transform: scale(1.02);\n  box-shadow: 0 0.75rem 1.5rem rgba(0,0,0,0.15);\n}\n<\/style>\n<table class=\"table table-bordered table-striped align-middle text-center shadow\" style=\"border-collapse: separate; border-spacing: 0; box-shadow: 0 0.5rem 1rem rgba(0,0,0,0.15); border-radius:2rem;\">\n  <thead style=\"background-color: #360060; color: #fff;\">\n    <tr>\n      <th scope=\"col\" colspan=\"10\" style=\"text-align:center; border-top-left-radius: 1.5rem; border-top-right-radius: 1.5rem;\">Distribuci\u00f3n del plan de estudios por tipo de materia<\/th>\n    <\/tr>\n  <\/thead>\n  <tbody>\n    <tr class=\"fw-bold text-white\" style=\"background-color: #490a79; color:#fff;\">\n      <td style=\"color:#fff; font-weight:bold;\">&#8211;<\/td>\n      <td style=\"font-weight:bold;\">Cr\u00e9ditos<\/td>\n    <\/tr>\n    <tr>\n      <td>Formaci\u00f3n b\u00e1sica<\/td>\n      <td>60<\/td>\n    <\/tr>\n    <tr class=\"table-light\">\n      <td>Obligatorias<\/td>\n      <td>144<\/td>\n    <\/tr>\n    <tr>\n      <td>Optativas*<\/td>\n      <td>24<\/td>\n    <\/tr>\n    <tr class=\"table-light\">\n      <td>(16xxx4201) \u2013 Pr\u00e1cticas Externas<\/td>\n      <td>18<\/td>\n    <\/tr>\n    <tr>\n      <td>(****) Trabajo Fin de Grado<\/td>\n      <td>6<\/td>\n    <\/tr>\n    <tr class=\"fw-bold text-white\" style=\"background-color: #490a79; color:#fff;\">\n      <td style=\"border-bottom-left-radius: 1.5rem; color:#fff; font-weight:bold;\">Cr\u00e9ditos totales<\/td>\n      <td style=\"font-weight:bold; border-bottom-right-radius: 1.5rem;\">240<\/td>\n    <\/tr>\n  <\/tbody>\n<\/table>\n\n\n\n<h3 class=\"wp-block-heading\">M\u00f3dulos y materias de que consta el plan de estudios.<\/h3>\n\n\n\n<p>En la siguiente tabla se recogen los m\u00f3dulos que componen el plan de estudios del Grado de Turismo y dentro de cada m\u00f3dulo las asignaturas que lo forman<\/p>\n\n\n\n<style>\n\/* Efectos hover globales *\/\ntable td, table th {\n  transition: transform 0.2s, box-shadow 0.2s;\n}\ntable td:hover, table th:hover {\n  transform: scale(1.02);\n  box-shadow: 0 0.75rem 1.5rem rgba(0,0,0,0.15);\n}\n\/* Estilo general de tabla *\/\ntable {\n  border-collapse: separate;\n  border-spacing: 0;\n  width: 100%;\n  box-shadow: 0 0.5rem 1rem rgba(0,0,0,0.15);\n  border-radius: 1.5rem;\n  overflow: hidden;\n  font-family: 'Segoe UI', Tahoma, Geneva, Verdana, sans-serif;\n  margin-bottom: 2rem;\n}\ntable th, table td {\n  border: 1px solid #dee2e6;\n  padding: 10px 12px;\n  vertical-align: middle;\n  text-align: center;\n}\ntable th {\n  background-color: #360060;\n  color: #fff;\n  font-weight: bold;\n}\ntr:nth-child(even) td {\n  background-color: #f8f8fc;\n}\n.th1 {\n  background-color: #490a79 !important;\n  color: #fff !important;\n  font-weight: bold;\n}\n.th2 {\n  background-color: #5C068C !important;\n  color: #fff !important;\n  font-weight: bold;\n}\n.td1 {\n  background-color: #ffffff;\n}\n.td2 {\n  background-color: #f8f8fc;\n}\n<\/style>\n<table>\n<tbody>\n<tr>\n<th class=\"th1\">M\u00f3dulo<\/th>\n<th class=\"th1\">Car\u00e1cter<\/th>\n<th class=\"th1\">Asignatura<\/th>\n<\/tr>\n<tr>\n<th class=\"th1\" rowspan=\"7\">M\u00f3dulo 1: Fundamentos del Turismo<\/th>\n<td class=\"td1\">B\u00e1sica<\/td>\n<td class=\"td1\">(16xxx1105) &#8211; Derecho Privado<\/td>\n<\/tr>\n<tr>\n<td class=\"td1\">B\u00e1sica<\/td>\n<td class=\"td1\">(16xxx1101) &#8211; Econom\u00eda<\/td>\n<\/tr>\n<tr>\n<td class=\"td1\">B\u00e1sica<\/td>\n<td class=\"td1\">(16xxx1102) &#8211; T\u00e9cnicas Estad\u00edsticas<\/td>\n<\/tr>\n<tr>\n<td class=\"td1\">B\u00e1sica<\/td>\n<td class=\"td1\">(16xxx1103) &#8211; Sociolog\u00eda<\/td>\n<\/tr>\n<tr>\n<td class=\"td1\">B\u00e1sica<\/td>\n<td class=\"td1\">(16xxx1202) &#8211; Antropolog\u00eda del Turismo<\/td>\n<\/tr>\n<tr>\n<td class=\"td1\">Obligatoria<\/td>\n<td class=\"td1\">(16xxx2205) &#8211; Derecho Administrativo del Turismo<\/td>\n<\/tr>\n<tr>\n<td class=\"td1\">Obligatoria<\/td>\n<td class=\"td1\">(16xxx1204) &#8211; Estructura de Mercados<\/td>\n<\/tr>\n<tr>\n<th class=\"th1\" rowspan=\"8\">M\u00f3dulo 2: Gesti\u00f3n de Empresas Tur\u00edsticas<\/th>\n<td class=\"td1\">B\u00e1sica<\/td>\n<td class=\"td1\">(16xxx1104) &#8211; Administraci\u00f3n de Empresas<\/td>\n<\/tr>\n<tr>\n<td class=\"td1\">B\u00e1sica<\/td>\n<td class=\"td1\">(16xxx1205) &#8211; Derecho Mercantil y Financiero<\/td>\n<\/tr>\n<tr>\n<td class=\"td1\">Obligatoria<\/td>\n<td class=\"td1\">(16xxx4102) &#8211; Gesti\u00f3n Financiera de Empresas Tur\u00edsticas<\/td>\n<\/tr>\n<tr>\n<td class=\"td1\">Obligatoria<\/td>\n<td class=\"td1\">(16xxx2204) &#8211; Direcci\u00f3n de Empresas Tur\u00edsticas<\/td>\n<\/tr>\n<tr>\n<td class=\"td1\">Obligatoria<\/td>\n<td class=\"td1\">(16xxx3203) &#8211; Gesti\u00f3n de RRHH en la Empresa Tur\u00edstica<\/td>\n<\/tr>\n<tr>\n<td class=\"td1\">Obligatoria<\/td>\n<td class=\"td1\">(16xxx2201) &#8211; Contabilidad Financiera<\/td>\n<\/tr>\n<tr>\n<td class=\"td1\">Obligatoria<\/td>\n<td class=\"td1\">(16xxx2105) &#8211; Marketing Tur\u00edstico<\/td>\n<\/tr>\n<tr>\n<td class=\"td1\">Optativa<\/td>\n<td class=\"td1\">(16xxx0902) &#8211; Habilidades Psicosociales para el Desempe\u00f1o Profesional en Turismo<\/td>\n<\/tr>\n<tr>\n<th class=\"th1\" rowspan=\"5\">M\u00f3dulo 3: Producci\u00f3n de Servicios Tur\u00edsticos<\/th>\n<td class=\"td1\">Obligatoria<\/td>\n<td class=\"td1\">(16xxx3101) &#8211; Contabilidad para el C\u00e1lculo y Control de Costes<\/td>\n<\/tr>\n<tr>\n<td class=\"td1\">Obligatoria<\/td>\n<td class=\"td1\">(16xxx3201) &#8211; Planificaci\u00f3n y Gesti\u00f3n Territorial de Destinos Tur\u00edsticos<\/td>\n<\/tr>\n<tr>\n<td class=\"td1\">Obligatoria<\/td>\n<td class=\"td1\">(16xxx3104) &#8211; Operaciones y Procesos de Producci\u00f3n<\/td>\n<\/tr>\n<tr>\n<td class=\"td1\">Obligatoria<\/td>\n<td class=\"td1\">(16xxx3204) &#8211; Sistemas de Informaci\u00f3n para la Gesti\u00f3n de la Empresa Tur\u00edstica<\/td>\n<\/tr>\n<tr>\n<td class=\"td1\">Obligatoria<\/td>\n<td class=\"td1\">(16xxx3105) &#8211; Investigaci\u00f3n Comercial<\/td>\n<\/tr>\n<tr>\n<th class=\"th1\" rowspan=\"4\">M\u00f3dulo 4: Recursos Tur\u00edsticos<\/th>\n<td class=\"td1\">Obligatoria<\/td>\n<td class=\"td1\">(16xxx3203) &#8211; Gesti\u00f3n P\u00fablica de los Recursos Tur\u00edsticos<\/td>\n<\/tr>\n<tr>\n<td class=\"td1\">Obligatoria<\/td>\n<td class=\"td1\">(16xxx2104) &#8211; Patrimonio Cultural<\/td>\n<\/tr>\n<tr>\n<td class=\"td1\">Obligatoria<\/td>\n<td class=\"td1\">(16xxx4103) &#8211; Patrimonio Arqueol\u00f3gico e Hist\u00f3rico Art\u00edstico<\/td>\n<\/tr>\n<tr>\n<td class=\"td1\">Optativa<\/td>\n<td class=\"td1\">(16xxx0903) &#8211; Tecnolog\u00eda de la Informaci\u00f3n Geogr\u00e1fica Orientada al An\u00e1lisis y Diagn\u00f3stico de los Recursos Tur\u00edsticos<\/td>\n<\/tr>\n<tr>\n<th class=\"th1\" rowspan=\"7\">M\u00f3dulo 5: Destinos Tur\u00edsticos<\/th>\n<td class=\"td1\">B\u00e1sica<\/td>\n<td class=\"td1\">(16xxx1201) &#8211; Geograf\u00eda del Mundo Actual<\/td>\n<\/tr>\n<tr>\n<td class=\"td1\">Obligatoria<\/td>\n<td class=\"td1\">(16xxx4105) &#8211; Pol\u00edtica Tur\u00edstica<\/td>\n<\/tr>\n<tr>\n<td class=\"td1\">Obligatoria<\/td>\n<td class=\"td1\">(16xxx3205) &#8211; Promoci\u00f3n de Destinos y Productos Tur\u00edsticos<\/td>\n<\/tr>\n<tr>\n<td class=\"td1\">Obligatoria<\/td>\n<td class=\"td1\">(16xxx4104) &#8211; Direcci\u00f3n Estrat\u00e9gica de la Actividad Tur\u00edstica<\/td>\n<\/tr>\n<tr>\n<td class=\"td1\">Obligatoria<\/td>\n<td class=\"td1\">(16xxx2101) &#8211; Interpretaci\u00f3n del Patrimonio Geogr\u00e1fico<\/td>\n<\/tr>\n<tr>\n<td class=\"td1\">Optativa<\/td>\n<td class=\"td1\">(16xxx0901) &#8211; Desarrollo Sostenible del Destino Tur\u00edstico<\/td>\n<\/tr>\n<tr>\n<td class=\"td1\">Optativa<\/td>\n<td class=\"td1\">(16xxx0904) &#8211; Tecnolog\u00eda de la Informaci\u00f3n Geogr\u00e1fica Orientada a la Gesti\u00f3n del Destino Tur\u00edstico<\/td>\n<\/tr>\n<tr>\n<th class=\"th1\" rowspan=\"7\">M\u00f3dulo 6: Idiomas<\/th>\n<td class=\"td1\">B\u00e1sica<\/td>\n<td class=\"td1\">(16xxx1203) &#8211; Ingl\u00e9s para la Comunicaci\u00f3n Tur\u00edstica I<\/td>\n<\/tr>\n<tr>\n<td class=\"td1\">B\u00e1sica<\/td>\n<td class=\"td1\">(16xxx2102) &#8211; Alem\u00e1n\u00a0para la Comunicaci\u00f3n Tur\u00edstica I<\/td>\n<\/tr>\n<tr>\n<td class=\"td1\">Obligatoria<\/td>\n<td class=\"td1\">(16xxx2103) &#8211; Ingl\u00e9s para la Comunicaci\u00f3n Tur\u00edstica II<\/td>\n<\/tr>\n<tr>\n<td class=\"td1\">Obligatoria<\/td>\n<td class=\"td1\">(16xxx2202) &#8211; Alem\u00e1n para la Comunicaci\u00f3n Tur\u00edstica II<\/td>\n<\/tr>\n<tr>\n<td class=\"td1\">Obligatoria<\/td>\n<td class=\"td1\">(16xxx2203) &#8211; Ingl\u00e9s para la Comunicaci\u00f3n Tur\u00edstica III<\/td>\n<\/tr>\n<tr>\n<td class=\"td1\">Obligatoria<\/td>\n<td class=\"td1\">(16xxx3102) &#8211; Alem\u00e1n\u00a0para la Comunicaci\u00f3n Tur\u00edstica III<\/td>\n<\/tr>\n<tr>\n<td class=\"td1\">Obligatoria<\/td>\n<td class=\"td1\">(16xxx3103) &#8211; Ingl\u00e9s para la Comunicaci\u00f3n Tur\u00edstica IV<\/td>\n<\/tr>\n<tr>\n<th class=\"th1\" rowspan=\"2\">M\u00f3dulo 7: Pr\u00e1cticas Externas<\/th>\n<td class=\"td1\">Obligatoria<\/td>\n<td class=\"td1\">Departamento de Econom\u00eda y Direcci\u00f3n de Empresas<\/td>\n<\/tr>\n<tr>\n<td class=\"td1\">Obligatoria<\/td>\n<td class=\"td1\">Departamento de Geograf\u00eda<\/td>\n<\/tr>\n<tr>\n<th class=\"th1\" rowspan=\"1\">M\u00f3dulo 8: Proyecto Fin de Grado<\/th>\n<td class=\"td1\">Obligatoria<\/td>\n<td class=\"td1\"><strong>L\u00edneas de Investigaci\u00f3n<\/strong>\n<ul>\n<li>Fundamentos del Turismo<\/li>\n<li>Gesti\u00f3n de Empresas Tur\u00edsticas<\/li>\n<li>Gesti\u00f3n de Destinos<\/li>\n<li>Producci\u00f3n de Servicios Tur\u00edsticos<\/li>\n<li>Recursos<\/li>\n<\/ul>\n<\/td>\n<\/tr>\n<\/tbody>\n<\/table>\n<\/div><\/div><\/div>\n\n\n\n<div class=\"wp-block-stackable-column stk-block-column stk-column stk-block stk-751d09d\" data-v=\"4\" data-block-id=\"751d09d\"><style>@media screen and (min-width: 768px){.stk-751d09d {flex:var(--stk-flex-grow, 1) 1 calc(30% - var(--stk-column-gap, 0px) * 1 \/ 2 ) !important;}}<\/style><div class=\"stk-column-wrapper stk-block-column__content stk-container stk-751d09d-container stk--no-background stk--no-padding\"><div class=\"stk-block-content stk-inner-blocks stk-751d09d-inner-blocks\">\n<div class=\"wp-block-stackable-icon-label stk-block-icon-label stk-block stk-ca7193c stk-block-background\" data-block-id=\"ca7193c\"><style>.stk-ca7193c {background-color:#5c068c !important;padding-top:20px !important;padding-right:20px !important;padding-bottom:20px !important;padding-left:20px !important;}.stk-ca7193c:hover{background-color:#0f0e17 !important;}.stk-ca7193c:before{background-color:#5c068c !important;}.stk-ca7193c:hover:before{background-color:#0f0e17 !important;}<\/style><div class=\"stk-row stk-inner-blocks stk-block-content\">\n<div class=\"wp-block-stackable-heading stk-block-heading stk-block-heading--v2 stk-block stk-c20cee9\" id=\"a-href-https-www-boe-es-boe-dias-2010-06-24-pdfs-boe-a-2010-10096-pdf-span-style-color-fffffe-class-stk-highlight-plan-de-estudios-grado-en-turismo-span-a\" data-block-id=\"c20cee9\"><style>.stk-c20cee9 .stk-block-heading__text{font-size:22px !important;color:#fffffe !important;line-height:1.3em !important;}@media screen and (max-width: 1023px){.stk-c20cee9 .stk-block-heading__text{font-size:22px !important;}}<\/style><p class=\"stk-block-heading__text has-text-color\"><a href=\"https:\/\/www.boe.es\/boe\/dias\/2010\/06\/24\/pdfs\/BOE-A-2010-10096.pdf\" target=\"_blank\" rel=\"noopener\"><span style=\"color: #fffffe;\" class=\"stk-highlight\">Plan de estudios Grado en Turismo<\/span><\/a><\/p><\/div>\n\n\n\n<div class=\"wp-block-stackable-icon stk-block-icon has-text-align-left stk-block stk-67d55f8\" data-block-id=\"67d55f8\"><style>.stk-67d55f8 .stk--svg-wrapper .stk--inner-svg svg:last-child{height:18px !important;width:18px !important;}.stk-67d55f8 .stk--svg-wrapper .stk--inner-svg svg:last-child, .stk-67d55f8 .stk--svg-wrapper .stk--inner-svg svg:last-child :is(g, path, rect, polygon, ellipse){fill:#fffffe !important;}<\/style><span class=\"stk--svg-wrapper\"><div class=\"stk--inner-svg\"><svg style=\"height:0;width:0\"><defs><linearGradient id=\"linear-gradient-67d55f8\" x1=\"0\" x2=\"100%\" y1=\"0\" y2=\"0\"><stop offset=\"0%\" style=\"stop-opacity:1;stop-color:var(--linear-gradient-67-d-55-f-8-color-1)\"><\/stop><stop offset=\"100%\" style=\"stop-opacity:1;stop-color:var(--linear-gradient-67-d-55-f-8-color-2)\"><\/stop><\/linearGradient><\/defs><\/svg><svg xmlns=\"http:\/\/www.w3.org\/2000\/svg\" viewBox=\"0 0 448 512\" aria-hidden=\"true\" width=\"32\" height=\"32\"><path d=\"M438.6 278.6c12.5-12.5 12.5-32.8 0-45.3l-160-160c-12.5-12.5-32.8-12.5-45.3 0s-12.5 32.8 0 45.3L338.8 224 32 224c-17.7 0-32 14.3-32 32s14.3 32 32 32l306.7 0L233.4 393.4c-12.5 12.5-12.5 32.8 0 45.3s32.8 12.5 45.3 0l160-160z\"><\/path><\/svg><\/div><\/span><\/div>\n<\/div><\/div>\n<\/div><\/div><\/div>\n<\/div><\/div>\n","protected":false},"excerpt":{"rendered":"<p>Structure du programme Le programme de licence en tourisme de l&#039;Universit\u00e9 de La Laguna comprend un total de 240 cr\u00e9dits ECTS, r\u00e9partis sur 4 ans, divis\u00e9s en 2 semestres, qui incluent toute la formation th\u00e9orique et pratique que l&#039;\u00e9tudiant doit acqu\u00e9rir, ainsi que des stages externes et un projet de fin d&#039;\u00e9tudes\u2026.<\/p>","protected":false},"author":1,"featured_media":0,"parent":270,"menu_order":0,"comment_status":"closed","ping_status":"closed","template":"templates\/template-frontpage.php","meta":{"footnotes":""},"class_list":["post-34","page","type-page","status-publish","hentry"],"_links":{"self":[{"href":"https:\/\/www.ull.es\/grados\/turismo\/fr\/wp-json\/wp\/v2\/pages\/34","targetHints":{"allow":["GET"]}}],"collection":[{"href":"https:\/\/www.ull.es\/grados\/turismo\/fr\/wp-json\/wp\/v2\/pages"}],"about":[{"href":"https:\/\/www.ull.es\/grados\/turismo\/fr\/wp-json\/wp\/v2\/types\/page"}],"author":[{"embeddable":true,"href":"https:\/\/www.ull.es\/grados\/turismo\/fr\/wp-json\/wp\/v2\/users\/1"}],"replies":[{"embeddable":true,"href":"https:\/\/www.ull.es\/grados\/turismo\/fr\/wp-json\/wp\/v2\/comments?post=34"}],"version-history":[{"count":29,"href":"https:\/\/www.ull.es\/grados\/turismo\/fr\/wp-json\/wp\/v2\/pages\/34\/revisions"}],"predecessor-version":[{"id":1149,"href":"https:\/\/www.ull.es\/grados\/turismo\/fr\/wp-json\/wp\/v2\/pages\/34\/revisions\/1149"}],"up":[{"embeddable":true,"href":"https:\/\/www.ull.es\/grados\/turismo\/fr\/wp-json\/wp\/v2\/pages\/270"}],"wp:attachment":[{"href":"https:\/\/www.ull.es\/grados\/turismo\/fr\/wp-json\/wp\/v2\/media?parent=34"}],"curies":[{"name":"wp","href":"https:\/\/api.w.org\/{rel}","templated":true}]}}