{"id":148,"date":"2020-11-30T12:17:32","date_gmt":"2020-11-30T12:17:32","guid":{"rendered":"http:\/\/www.ull.es\/institutos\/instituto-tecnologias-biomedicas\/?page_id=148"},"modified":"2021-03-18T14:08:26","modified_gmt":"2021-03-18T14:08:26","slug":"training-programme-for-researchers","status":"publish","type":"page","link":"https:\/\/www.ull.es\/institutos\/institute-biomedical-technologies\/training-programme-for-researchers\/","title":{"rendered":"Training programme for researchers"},"content":{"rendered":"<p>[vc_row full_width=\u00bbstretch_row_content\u00bb el_class=\u00bbprincipio-marcha\u00bb][vc_column css=\u00bb.vc_custom_1588939369209{padding-top: 40px !important;}\u00bb][vc_custom_heading text=\u00bbTraining programme for researchers\u00bb font_container=\u00bbtag:h2|text_align:center|color:%23ffffff\u00bb use_theme_fonts=\u00bbyes\u00bb css_animation=\u00bbfadeInDownBig\u00bb][\/vc_column][\/vc_row][vc_row full_width=\u00bbstretch_row_content\u00bb equal_height=\u00bbyes\u00bb css=\u00bb.vc_custom_1606911916904{background-image: url(http:\/\/www.ull.es\/institutos\/institute-biomedical-technologies\/wp-content\/uploads\/sites\/17\/2020\/12\/fondo-cabecera-01.jpg?id=213) !important;background-position: center !important;background-repeat: no-repeat !important;background-size: cover !important;}\u00bb][vc_column css=\u00bb.vc_custom_1606911766306{padding-top: 5% !important;padding-right: 10% !important;padding-bottom: 5% !important;padding-left: 10% !important;}\u00bb][vc_column_text]<\/p>\n<h2 class=\"\">Training programme for researchers<\/h2>\n<section id=\"section-id-1537520112\" class=\"sppb-section \">\n<div class=\"sppb-row-container\">\n<div class=\"sppb-row\">\n<div class=\"sppb-col-sm-12\">\n<div id=\"column-id-1537520113\" class=\"sppb-column\">\n<div class=\"sppb-column-addons\">\n<div id=\"sppb-addon-1537520114\" class=\"clearfix\">\n<div class=\"vs_heading tCenter \">\n<p>The ITB professors and researchers participate extensively in the post-graduate programmes at the ULL related to biomedicine, biotechnology and health sciences. To complement this, the institute organizes a programme of weekly research seminars, with the participation of national and international researchers in scientific areas of interest. Most of the ITB researchers participate as professors and\/or tutors in these post-graduate programmes, whose academic direction is the responsibility of Dr Guadalberto Hern\u00e1ndez (PhD in Health Sciences) and Dr \u00c1ngel Acebes (Master\u2019s in Biomedicine), who are members of the institute. In addition, there is a strong participation of ITB professors and researchers in the Academic Committee of both programmes, and all the research groups at the institute are ascribed as official research lines for both programmes, acting as recipient laboratories for the corresponding students.<\/p>\n<\/div>\n<\/div>\n<\/div>\n<\/div>\n<\/div>\n<\/div>\n<\/div>\n<\/section>\n<p>[\/vc_column_text][\/vc_column][\/vc_row][vc_row full_width=\u00bbstretch_row_content\u00bb equal_height=\u00bbyes\u00bb][vc_column css=\u00bb.vc_custom_1588945461556{background-color: #f2f2f2 !important;}\u00bb][vc_column_text]<\/p>\n<h3 class=\"sppb-title-heading\" style=\"text-align: center;\">ACTIVITIES 2019<\/h3>\n<p>[\/vc_column_text][vc_tta_accordion active_section=\u00bb0&#8243; css_animation=\u00bbfadeInDown\u00bb collapsible_all=\u00bbtrue\u00bb][vc_tta_section title=\u00bbOrganisation of Courses and Seminars\u00bb tab_id=\u00bbOrganizacion-de-cursos-y-seminarios\u00bb][vc_empty_space height=\u00bb20px\u00bb][vc_column_text css=\u00bb.vc_custom_1616072931241{padding-right: 3% !important;padding-left: 3% !important;}\u00bb]The ITB works together with the Medical School on the Health Sciences Campus to organize a programme of courses and scientific seminars, co-funded by other public and private entities (Bioavance Foundation, Spanish Ministry of Economy and Competiveness -MINECO, Institute of Health Carlos III, ULL, EU, etc.). The Institute has organized 14 of these seminars and courses that were included in the programme for 2019, as listed below:<\/p>\n<ol class=\"panel01\">\n<li><em>Deciphering the brain: From its anatomy and activity to pathologies.\u00a0<\/em>Scientific Conferences at the Institute of Biomedical Technologies (ITB). University of La Laguna, School of Medicine (17\/05\/2019). Dr Francisco G\u00f3mez Scholl (Department of Medical Physiology and Biophysics, Institute for Biomedicine in Seville (IBiS), Dr Javier De Felipe (Cajal Cortical Circuit Laboratory, Centre for Biomedical Technolgy, Technical University of Madrid).<\/li>\n<li><em>Advanced Systems for a better future<\/em>. Simposium en honor al Dr Nicholas A. Peppas (University of Texas, Austin, USA). Faculty of Pharmacy, University of La Laguna (15-16\/05\/2019).<\/li>\n<li><em>Seminars on neurodegeneration<\/em>. Scientific Conferences at the Institute of Biomedical Technologies (ITB). University of La Laguna, Medical School (24\/05\/2019). Dr Adolfo L\u00f3pez de Muna\u00edn (University Hospital of Donostia, Biodonostia), Dr Jos\u00e9 J. Lucas (Centre for Molecular Biology \u201cSevero Ochoa\u201d, CSIC).<\/li>\n<li><em>Nuevas perspectivas en el tratamiento de las enfermedades neurodegenerativas\u00a0<\/em>(New perspectives for the treatment of neurodegenerative diseases). Scientific Conferences at the ITB. ULL, School of Medicine (10\/05\/2019). Dr Jos\u00e9 Luis Lanciego P\u00e9rez (Applied Medical Research Centre (CIMA, University of Navarre), Dr Jordi Alberch Vi\u00e9, Institute of Neurocience, University of Barcelona).<\/li>\n<li><em>Update in digestive disease for general practitioners internal residents<\/em>. University Hospital of the Canary Islands, San Crist\u00f3bal de La Laguna (06-08 and 13-15 May 2019). Dr Manuel Hern\u00e1ndez-Guerra.<\/li>\n<li><em>Update in gastroenterology and liver diseases<\/em>. University Hospital of the Canary Islands, San Crist\u00f3bal de La Laguna (June-November 2019). Dr Manuel Hern\u00e1ndez-Guerra, Dr Enrique Quintero.<\/li>\n<li><em>Orfan Biotech SL: Primeros pasos de una empresa farmac\u00e9utica en Tenerife<\/em>\u00a0(First steps of a pharmaceutical company in Tenerife). End-of Master&#8217;s project, \u00abCommunication Skills\u00bb Seminar. Health Sciences Campus, School of Medicine, University of La Laguna (05\/11\/2019). Dr Miguel X. Fernandes.<\/li>\n<li><em>Perspectiva gen\u00f3mica del aislamiento y adaptaci\u00f3n en las poblaciones humanas contempor\u00e1neas de Canarias<\/em>\u00a0(Genomic perspective on isolation and adaptation in the contemporary human population of the Canary Islands). University of La Laguna (06\/11\/2019). Dr Jos\u00e9 Miguel Lorenzo (Genomics Unit at the Technological and Renewable Energy Institute).<\/li>\n<li><em>De la Universidad a la empresa privada y vice versa<\/em>\u00a0(From the University to the private sector and back). School of Medicine, University of La Laguna (07\/11\/2019). Dr J.C. Luis Jorge (Applications of Plant Biology group, ULL).<\/li>\n<li><em>An\u00e1lisis de los factores gen\u00e9ticos asociados con la enfermedad de Chagas mediante un estudio amplio del genoma &#8211; GWAS<\/em>\u00a0(Analysis of genetic factors associated with Chagas disease through a genome-wide association study -GWAS). Biology Section, Faculty of Sciences, University of La Laguna (08\/11\/2019). Dr Marialbert Acosta Herrera (\u00abL\u00f3pez Neira\u00bbParasitology and Biomedicine Institute, CSIC, Granada).<\/li>\n<li><em>Descifrando un genoma milenario: la historia de un c\u00e1ncer transmisible<\/em>\u00a0(Deciphering a millennial genome: the story of a transmissible cancer) School of Medicine, ULL (09\/11\/2019). Dr Adri\u00e1n B\u00e1ez Ortega (University of Cambridge).<\/li>\n<li><em>DNA-protein crosslink proteolysis repair: from molecular insight to cancer therapy<\/em>. School of Medicine, University of La Laguna (11\/12\/2019). Dr Kristijan Ramadan, Oxford Institute for Radiation Oncology, University of Oxford, UK).<\/li>\n<li><em>Co-translational association of mRNAs encoding components of the action potential<\/em>\u00a0(Gail A Robertson, School of Medicine and Public Health, University of Wisconsin &#8211; Madison). School of Medicine, University of La Laguna (16\/12\/2019). Dr Guadalberto Hern\u00e1ndez.<\/li>\n<li><em>The K+ homeostasis machinery in a bacterium<\/em>\u00a0(Joao Cabral, Instituto de Investiga\u00e7ao a Inova\u00e7ao em Sa\u00fade and Instituto de Biologia Celular e Molecular, Porto, Portugal). School of Medicine, University of La Laguna (17\/12\/2019). Dr Guadalberto Hern\u00e1ndez.<\/li>\n<\/ol>\n<p>[\/vc_column_text][vc_empty_space height=\u00bb20px\u00bb][\/vc_tta_section][vc_tta_section title=\u00bbPhD Theses Directed or co-directed by Members of the Institute\u00bb tab_id=\u00bbTesis-doctorales-dirigidas-o-codirigidas-por-miembros-del-instituto\u00bb][vc_column_text css=\u00bb.vc_custom_1616076504219{padding-right: 3% !important;padding-left: 3% !important;}\u00bb]<\/p>\n<section id=\"sp-main-body\">\n<div class=\"row\">\n<div id=\"sp-component\" class=\"col-sm-12 col-md-12\">\n<div class=\"sp-column \">\n<div id=\"sp-page-builder\" class=\"sp-page-builder page-18\">\n<div class=\"page-content\">\n<section id=\"section-id-1537545565744\" class=\"sppb-section \">\n<div class=\"sppb-row-container\">\n<div class=\"sppb-row\">\n<div class=\"sppb-col-md-12\">\n<div id=\"column-id-1477309431054\" class=\"sppb-column\">\n<div class=\"sppb-column-addons\">\n<div id=\"sppb-addon-1477309431104\" class=\"clearfix\">\n<div class=\"sppb-addon sppb-addon-accordion \">\n<div class=\"sppb-addon-content\">\n<div class=\"sppb-panel-group\">\n<div class=\"sppb-panel sppb-panel-faq\">\n<div class=\"sppb-panel-collapse\">\n<div class=\"sppb-panel-body\">\n<ol class=\"panel01\">\n<li>Title:\u00a0<em>Behavioral consequences of electrical versus chemical synapse restoration in a Drosophila model of neurodegeneration<\/em>. Author: Ana Ninovska Romero Luis. Supervisor: \u00c1ngel Acebes Vindel. Host Institution: University of La Laguna. Date of thesis defence: 12\/07\/2019. Qualification: Summa Cum Laude<\/li>\n<li>Title:\u00a0<em>Aldosterone-induced morphological and functional remodeling of colon epithelium in health and disease<\/em>. Author: Natalia Serrano Morillas. Supervisors: Diego \u00c1lvarez de la Rosa and Teresa Gir\u00e1ldez. Host Institution: University of La Laguna. Date of thesis defence: 12\/04\/2019. Qualification: Summa Cum Laude<\/li>\n<li>Title:\u00a0<em>Optoelectrical Dynamics of Ion Channels and Subcellular Calcium Nanodomains<\/em>. Author: Roger Gimeno Llobet. Supervisors: Teresa Gir\u00e1ldez and Diego \u00c1lvarez de la Rosa. Host Institution: University of La Laguna. Date of thesis defence: 01\/02\/2019. Qualification: Summa Cum Laude<\/li>\n<li>Title:\u00a0<em>Hidrogeles bioactivos para la regeneraci\u00f3n \u00f3sea en osteoporosis<\/em>\u00a0(\u00ab<em>Bioactive hydrogels for bone regeneration in osteoporosis<\/em>\u00ab). Author: Elisabet Segredo Morales. Supervisors: Araceli Delgado and Carmen M. \u00c9vora. Host Institution: University of La Laguna. Date of thesis defence: 21\/05\/2019. Qualification: Summa Cum Laude<\/li>\n<li>Title:\u00a0<em>Investigating TDP-43 mutations in mouse and developing a knockin humanised TDP-43 mouse model of Amyotrophic Lateral Sclerosis<\/em>. Author: Francesca De Giorgio. Supervisor: Abraham Acevedo. Host Institution: University College London. Date of thesis defence: 28\/08\/2019.<\/li>\n<li>Title:\u00a0<em>Post-translational modifications in the DNA damage response<\/em>. Author: Ignacio Alonso de Vega. Supervisor: Veronique Smits. Host Institution: University of La Laguna. Date of thesis defence: 12\/12\/2019. Qualification: Summa Cum Laude.<\/li>\n<\/ol>\n<\/div>\n<\/div>\n<\/div>\n<\/div>\n<\/div>\n<\/div>\n<\/div>\n<\/div>\n<\/div>\n<\/div>\n<\/div>\n<\/div>\n<\/section>\n<\/div>\n<\/div>\n<\/div>\n<\/div>\n<\/div>\n<\/section>\n<section id=\"sp-bottom\">\n<div class=\"container\">\n<div class=\"row\">\n<div id=\"sp-bottom1\" class=\"col-sm-6 col-md-4\">\n<div class=\"sp-column \">\n<div class=\"sp-module \">\n<div class=\"sp-module-content\">\n<div class=\"custom\">\n<p><strong>For any questions related to our activity, do not hesitate to contact us.<\/strong><\/p>\n<p>Email :\u00a0<a href=\"mailto:infoiutb@ull.edu.es\" target=\"_blank\" rel=\"noopener\">infoiutb@ull.edu.es<\/a><\/p>\n<p>Phone : (+34) 922.31.65.02 ext. 6032<\/p>\n<p>Twitter :\u00a0<a href=\"https:\/\/twitter.com\/ITB_ULL\" target=\"_blank\" rel=\"noopener noreferrer\" target=\"_blank\" rel=\"noopener\">@ITB_ULL<\/a><\/p>\n<p><a class=\"btn btn-primary \" href=\"https:\/\/www.institutotecnologiasbiomedicas.com\/contacto.html\" target=\"_blank\" rel=\"noopener\">CONTACT FORM<\/a><\/p>\n<\/div>\n<\/div>\n<\/div>\n<\/div>\n<\/div>\n<div id=\"sp-bottom2\" class=\"col-sm-6 col-md-2\">\n<div class=\"sp-column \">\n<div class=\"sp-module \"><\/div>\n<\/div>\n<\/div>\n<\/div>\n<\/div>\n<\/section>\n<p>[\/vc_column_text][vc_empty_space height=\u00bb20px\u00bb][\/vc_tta_section][\/vc_tta_accordion][vc_empty_space height=\u00bb120px\u00bb][\/vc_column][\/vc_row]<\/p>\n","protected":false},"excerpt":{"rendered":"<p>[vc_row full_width=\u00bbstretch_row_content\u00bb el_class=\u00bbprincipio-marcha\u00bb][vc_column css=\u00bb.vc_custom_1588939369209{padding-top: 40px !important;}\u00bb][vc_custom_heading text=\u00bbTraining programme for researchers\u00bb font_container=\u00bbtag:h2|text_align:center|color:%23ffffff\u00bb use_theme_fonts=\u00bbyes\u00bb css_animation=\u00bbfadeInDownBig\u00bb][\/vc_column][\/vc_row][vc_row full_width=\u00bbstretch_row_content\u00bb equal_height=\u00bbyes\u00bb css=\u00bb.vc_custom_1606911916904{background-image: url(http:\/\/www.ull.es\/institutos\/institute-biomedical-technologies\/wp-content\/uploads\/sites\/17\/2020\/12\/fondo-cabecera-01.jpg?id=213) !important;background-position: center !important;background-repeat: no-repeat !important;background-size: cover !important;}\u00bb][vc_column css=\u00bb.vc_custom_1606911766306{padding-top: 5% !important;padding-right: 10% !important;padding-bottom: 5% !important;padding-left: 10% !important;}\u00bb][vc_column_text] Training programme for researchers The ITB professors and researchers participate extensively in the post-graduate programmes at the ULL related to biomedicine, biotechnology&#8230;<\/p>\n","protected":false},"author":4,"featured_media":0,"parent":0,"menu_order":0,"comment_status":"closed","ping_status":"closed","template":"templates\/template-no-title.php","meta":[],"_links":{"self":[{"href":"https:\/\/www.ull.es\/institutos\/institute-biomedical-technologies\/wp-json\/wp\/v2\/pages\/148"}],"collection":[{"href":"https:\/\/www.ull.es\/institutos\/institute-biomedical-technologies\/wp-json\/wp\/v2\/pages"}],"about":[{"href":"https:\/\/www.ull.es\/institutos\/institute-biomedical-technologies\/wp-json\/wp\/v2\/types\/page"}],"author":[{"embeddable":true,"href":"https:\/\/www.ull.es\/institutos\/institute-biomedical-technologies\/wp-json\/wp\/v2\/users\/4"}],"replies":[{"embeddable":true,"href":"https:\/\/www.ull.es\/institutos\/institute-biomedical-technologies\/wp-json\/wp\/v2\/comments?post=148"}],"version-history":[{"count":4,"href":"https:\/\/www.ull.es\/institutos\/institute-biomedical-technologies\/wp-json\/wp\/v2\/pages\/148\/revisions"}],"predecessor-version":[{"id":308,"href":"https:\/\/www.ull.es\/institutos\/institute-biomedical-technologies\/wp-json\/wp\/v2\/pages\/148\/revisions\/308"}],"wp:attachment":[{"href":"https:\/\/www.ull.es\/institutos\/institute-biomedical-technologies\/wp-json\/wp\/v2\/media?parent=148"}],"curies":[{"name":"wp","href":"https:\/\/api.w.org\/{rel}","templated":true}]}}