{"id":20,"date":"2020-11-27T11:16:40","date_gmt":"2020-11-27T11:16:40","guid":{"rendered":"http:\/\/www.ull.es\/institutos\/instituto-tecnologias-biomedicas\/?page_id=20"},"modified":"2021-11-25T12:16:32","modified_gmt":"2021-11-25T12:16:32","slug":"inicio","status":"publish","type":"page","link":"https:\/\/www.ull.es\/institutos\/institute-biomedical-technologies\/","title":{"rendered":"Home"},"content":{"rendered":"<p>[vc_row full_width=\u00bbstretch_row_content_no_spaces\u00bb content_placement=\u00bbmiddle\u00bb css=\u00bb.vc_custom_1606477415927{background-color: #f4f4f4 !important;background-position: center !important;background-repeat: no-repeat !important;background-size: cover !important;}\u00bb el_class=\u00bbtitle-departamento\u00bb][vc_column css=\u00bb.vc_custom_1605179589940{margin-top: 0px !important;padding-top: 0px !important;}\u00bb][rev_slider_vc alias=\u00bbhome\u00bb][\/vc_column][\/vc_row][vc_row full_width=\u00bbstretch_row\u00bb css=\u00bb.vc_custom_1606477448069{padding-top: 50px !important;padding-bottom: 50px !important;background-color: #dbdbdb !important;}\u00bb el_class=\u00bbvc-bloque-destacado bloque-destacado\u00bb][vc_column][vc_row_inner][vc_column_inner width=\u00bb1\/3&#8243;][vc_column_text]<a class=\"btn-destacado\" style=\"background: linear-gradient(90deg, rgba(251,206,2,1) 0%, rgba(255,155,0,1) 98%); color: #ffffff; border-radius: 2px;\" href=\"https:\/\/www.ull.es\/institutos\/institute-biomedical-technologies\/programmes-groups-and-research-lines\/\" target=\"_blank\" rel=\"noopener\">Programmes, groups and research lines<i class=\"fa fa-arrow-right\"><\/i><\/a>[\/vc_column_text][\/vc_column_inner][vc_column_inner width=\u00bb1\/3&#8243;][vc_column_text]<a class=\"btn-destacado\" style=\"background: linear-gradient(90deg, rgba(253,158,29,1) 0%, rgba(253,29,29,1) 23%, rgba(131,58,180,1) 62%, rgba(8,19,246,1) 100%); color: #ffffff; border-radius: 2px;\" href=\"https:\/\/www.ull.es\/institutos\/institute-biomedical-technologies\/biomedical-innovation-and-services-platforms\/\" target=\"_blank\" rel=\"noopener noreferrer\" target=\"_blank\" rel=\"noopener\">Biomedical Innovation and Services Platforms<i class=\"fa fa-book\"><\/i><\/a>[\/vc_column_text][\/vc_column_inner][vc_column_inner width=\u00bb1\/3&#8243;][vc_column_text]<a class=\"btn-destacado\" style=\"background: linear-gradient(90deg, rgba(8,19,246,1) 0%, rgba(169,58,180,1) 100%, rgba(8,19,246,1) 100%); color: #ffffff; border-radius: 2px;\" href=\"https:\/\/portalciencia.ull.es\/unidades\/3684\/publicaciones\" target=\"_blank\" rel=\"noopener\">Publications<i class=\"fa fa-flask\"><\/i><\/a>[\/vc_column_text][\/vc_column_inner][\/vc_row_inner][\/vc_column][\/vc_row][vc_row][vc_column width=\u00bb1\/3&#8243;][vc_column_text]<style>\n    .news-group .bg-size {\n        background-position: center;\n        background-size: cover;\n        width: 100%;\n        height: 48px;\n    }\n    .news-group .list-group-item-text {\n        font-size: 13px;\n    }\n    .news-group .col-md-3 {\n        padding-right: 0;\n    }\n    .news-group .list-group-item-date {\n        font-size: 11px;\n        color: #A4A4A4;\n        margin-bottom: 2px;\n        text-transform: uppercase;\n    }\n\n    .mensaje.alert-warning{\n        font-size: 12px;\n        margin: 14px !important;\n        padding: 4px 8px;\n        color: #cca60b;\n    }\n<\/style>\n\n<div class=\"panel panel-default\">\n    <div class=\"panel-heading\">\n        <h3 class=\"panel-title\">Noticias<\/h3>\n    <\/div>\n\n    <div class=\"list-group news-group\">\n                    <a href=\"https:\/\/www.ull.es\/portal\/noticias\/2026\/ull-lanza-programa-estable-seminarios-biomedicina\/\" class=\"list-group-item\">\n                <div class=\"row\">\n                    <div class=\"col-md-3\">\n                        <div class=\"bg-size\" style=\"background-image: url('https:\/\/www.ull.es\/portal\/noticias\/wp-content\/uploads\/sites\/13\/2026\/03\/lucia-tabares-300x201.jpg');\"><\/div>\n                    <\/div>\n                    <div class=\"col-md-9\">\n                        <p class=\"list-group-item-date\">\n                            18 Mar 2026 - 09:37 UTC                        <\/p>\n                        <p class=\"list-group-item-text\">La ULL lanza un programa estable de seminarios sobre biomedicina para reforzar su proyecci\u00f3n cient\u00edfica<\/p>\n                    <\/div>\n                <\/div>\n            <\/a>\n                    <a href=\"https:\/\/www.ull.es\/portal\/noticias\/2026\/el-cabildo-la-ull-y-bioavance-impulsan-la-segunda-fase-del-instituto-de-tecnologias-biomedicas-con-una-ampliacion-de-seis-plantas\/\" class=\"list-group-item\">\n                <div class=\"row\">\n                    <div class=\"col-md-3\">\n                        <div class=\"bg-size\" style=\"background-image: url('https:\/\/www.ull.es\/portal\/noticias\/wp-content\/uploads\/sites\/13\/2026\/03\/CONVENIO_CIBICAN_grupo-300x225.jpg');\"><\/div>\n                    <\/div>\n                    <div class=\"col-md-9\">\n                        <p class=\"list-group-item-date\">\n                            06 Mar 2026 - 14:37 UTC                        <\/p>\n                        <p class=\"list-group-item-text\">El Cabildo, la ULL y Bioavance impulsan la segunda fase del Instituto de Tecnolog\u00edas Biom\u00e9dicas con una ampliaci\u00f3n de seis plantas<\/p>\n                    <\/div>\n                <\/div>\n            <\/a>\n                    <a href=\"https:\/\/www.ull.es\/portal\/noticias\/2026\/dalmau-insta-a-los-estudiantes-de-la-ull-a-navegar-entre-la-investigacion-y-la-asistencia-para-transformar-la-practica-clinica\/\" class=\"list-group-item\">\n                <div class=\"row\">\n                    <div class=\"col-md-3\">\n                        <div class=\"bg-size\" style=\"background-image: url('https:\/\/www.ull.es\/portal\/noticias\/wp-content\/uploads\/sites\/13\/2026\/02\/Conf-Josep-Dalmau-19-300x200.jpg');\"><\/div>\n                    <\/div>\n                    <div class=\"col-md-9\">\n                        <p class=\"list-group-item-date\">\n                            12 Feb 2026 - 14:02 UTC                        <\/p>\n                        <p class=\"list-group-item-text\">Dalmau insta a los estudiantes de la ULL a \u00abnavegar entre la investigaci\u00f3n y la asistencia\u00bb para transformar la pr\u00e1ctica cl\u00ednica<\/p>\n                    <\/div>\n                <\/div>\n            <\/a>\n                    <a href=\"https:\/\/www.ull.es\/portal\/noticias\/2026\/premio-nacional-investigacion-medicina-josep-dalmau-conferencia-ull\/\" class=\"list-group-item\">\n                <div class=\"row\">\n                    <div class=\"col-md-3\">\n                        <div class=\"bg-size\" style=\"background-image: url('https:\/\/www.ull.es\/portal\/noticias\/wp-content\/uploads\/sites\/13\/2026\/02\/josep-dalmau-foro_hospital-clinic-300x200.jpg');\"><\/div>\n                    <\/div>\n                    <div class=\"col-md-9\">\n                        <p class=\"list-group-item-date\">\n                            10 Feb 2026 - 09:40 UTC                        <\/p>\n                        <p class=\"list-group-item-text\">El Premio Nacional de Investigaci\u00f3n y Medicina Josep Dalmau impartir\u00e1 una conferencia en la ULL<\/p>\n                    <\/div>\n                <\/div>\n            <\/a>\n                    <a href=\"https:\/\/www.ull.es\/portal\/noticias\/2026\/la-ull-participa-en-una-investigacion-que-actualiza-el-legado-de-ramon-y-cajal-en-neurobiologia-celular-y-molecular\/\" class=\"list-group-item\">\n                <div class=\"row\">\n                    <div class=\"col-md-3\">\n                        <div class=\"bg-size\" style=\"background-image: url('https:\/\/www.ull.es\/portal\/noticias\/wp-content\/uploads\/sites\/13\/2026\/02\/20260109_FotoGrupo_800-1-300x200.jpg');\"><\/div>\n                    <\/div>\n                    <div class=\"col-md-9\">\n                        <p class=\"list-group-item-date\">\n                            04 Feb 2026 - 09:06 UTC                        <\/p>\n                        <p class=\"list-group-item-text\">La ULL participa en una investigaci\u00f3n que actualiza el legado de Ram\u00f3n y Cajal en neurobiolog\u00eda celular y molecular<\/p>\n                    <\/div>\n                <\/div>\n            <\/a>\n            <\/div>\n    <div class=\"panel-footer\">\n        <a href=\"https:\/\/www.ull.es\/portal\/noticias\/?cat=4131\">M\u00c1S NOTICIAS <i class=\"fa fa-chevron-right\"><\/i><\/a>\n    <\/div>\n\n\n<\/div>[\/vc_column_text][\/vc_column][vc_column width=\u00bb1\/3&#8243;][vc_column_text]\n<style>\n    .events-group .bg-size {\n        background-position: center;\n        background-size: cover;\n        width: 100%;\n        height: 48px;\n    }\n    .events-group .list-group-item-text {\n        font-size: 13px;\n    }\n    .events-group .col-md-3 {\n        padding-right: 0;\n    }\n    .events-group .list-group-item-date {\n        font-size: 11px;\n        color: #A4A4A4;\n        margin-bottom: 2px;\n        text-transform: uppercase;\n    }\n\n    .mensaje.alert-warning{\n        font-size: 12px;\n        margin: 14px !important;\n        padding: 4px 8px;\n        color: #cca60b;\n    }\n\n<\/style>\n\n<div class=\"panel panel-default\">\n    <div class=\"panel-heading\">\n        <h3 class=\"panel-title\">Eventos<\/h3>\n    <\/div>\n\n    <div class=\"list-group events-group\">\n                    <a href=\"https:\/\/www.ull.es\/portal\/agenda\/evento\/seminario-itb-new-insights-into-rejuvenation-using-cellular-reprogramming\/\" class=\"list-group-item\">\n                <div class=\"row\">\n                    <div class=\"col-md-3\">\n                        <div class=\"bg-size\" style=\"background-image: url('https:\/\/www.ull.es\/portal\/agenda\/wp-content\/uploads\/sites\/12\/2026\/03\/web-750x370_Seminarios_7A_ManuelSerrano.jpg');\"><\/div>\n                    <\/div>\n                    <div class=\"col-md-9\">\n                        <p class=\"list-group-item-date\">\n                            07\/04\/26 - 07\/04\/26                        <\/p>\n                        <p class=\"list-group-item-text\">Seminario ITB: \"New insights into rejuvenation using cellular reprogramming\"<\/p>\n                    <\/div>\n\n                <\/div>\n            <\/a>\n                    <a href=\"https:\/\/www.ull.es\/portal\/agenda\/evento\/seminarios-de-investigacion-itb-de-nanoparticulas-a-andamios-tisulares-estrategias-avanzadas-para-el-tratamiento-de-patologias-asociadas-a-la-edad\/\" class=\"list-group-item\">\n                <div class=\"row\">\n                    <div class=\"col-md-3\">\n                        <div class=\"bg-size\" style=\"background-image: url('https:\/\/www.ull.es\/portal\/agenda\/wp-content\/uploads\/sites\/12\/2026\/04\/web-750x370_Seminarios_28A_PatriciaDiaz.jpg');\"><\/div>\n                    <\/div>\n                    <div class=\"col-md-9\">\n                        <p class=\"list-group-item-date\">\n                            28\/04\/26 - 28\/04\/26                        <\/p>\n                        <p class=\"list-group-item-text\">Seminarios de Investigaci\u00f3n ITB: \u00a0\"De nanopart\u00edculas a andamios tisulares: estrategias avanzadas para el tratamiento de patolog\u00edas asociadas a la edad\"<\/p>\n                    <\/div>\n\n                <\/div>\n            <\/a>\n        \n    <\/div>\n    <div class=\"panel-footer\">\n        <a href=\"https:\/\/www.ull.es\/portal\/agenda\/eventos\/categoria\/instituto-tecnologias-biomedicas\">M\u00c1S EVENTOS <i class=\"fa fa-chevron-right\"><\/i><\/a>\n    <\/div>\n\n\n<\/div>\n[\/vc_column_text][\/vc_column][vc_column css_animation=\u00bbfadeInDown\u00bb width=\u00bb1\/3&#8243;][vc_row_inner][vc_column_inner][vc_raw_html]JTNDYSUyMGNsYXNzJTNEJTIydHdpdHRlci10aW1lbGluZSUyMiUyMGRhdGEtaGVpZ2h0JTNEJTIyNjAwJTIyJTIwaHJlZiUzRCUyMmh0dHBzJTNBJTJGJTJGdHdpdHRlci5jb20lMkZJVEJfVUxMJTNGcmVmX3NyYyUzRHR3c3JjJTI1NUV0ZnclMjU3Q3R3Y2FtcCUyNTVFZW1iZWRkZWR0aW1lbGluZSUyNTdDdHd0ZXJtJTI1NUVwcm9maWxlJTI1M0FJVEJfVUxMJTI2cmVmX3VybCUzRGh0dHBzJTI1M0ElMjUyRiUyNTJGd3d3Lmluc3RpdHV0b3RlY25vbG9naWFzYmlvbWVkaWNhcy5jb20lMjUyRiUyMiUzRVR3ZWV0cyUyMGJ5JTIwSVRCX1VMTCUzQyUyRmElM0UlMjAlMEElM0NzY3JpcHQlM0UlMjFmdW5jdGlvbiUyOGQlMkNzJTJDaWQlMjklN0J2YXIlMjBqcyUyQ2ZqcyUzRGQuZ2V0RWxlbWVudHNCeVRhZ05hbWUlMjhzJTI5JTVCMCU1RCUzQmlmJTI4JTIxZC5nZXRFbGVtZW50QnlJZCUyOGlkJTI5JTI5JTdCanMlM0RkLmNyZWF0ZUVsZW1lbnQlMjhzJTI5JTNCanMuaWQlM0RpZCUzQmpzLnNyYyUzRCUyMmh0dHBzJTNBJTJGJTJGcGxhdGZvcm0udHdpdHRlci5jb20lMkZ3aWRnZXRzLmpzJTIyJTNCZmpzLnBhcmVudE5vZGUuaW5zZXJ0QmVmb3JlJTI4anMlMkNmanMlMjklM0IlN0QlN0QlMjhkb2N1bWVudCUyQyUyMnNjcmlwdCUyMiUyQyUyMnR3aXR0ZXItd2pzJTIyJTI5JTNCJTNDJTJGc2NyaXB0JTNF[\/vc_raw_html][\/vc_column_inner][\/vc_row_inner][\/vc_column][\/vc_row][vc_row][vc_column][vc_empty_space][\/vc_column][\/vc_row]<\/p>\n","protected":false},"excerpt":{"rendered":"<p>[vc_row full_width=\u00bbstretch_row_content_no_spaces\u00bb content_placement=\u00bbmiddle\u00bb css=\u00bb.vc_custom_1606477415927{background-color: #f4f4f4 !important;background-position: center !important;background-repeat: no-repeat !important;background-size: cover !important;}\u00bb el_class=\u00bbtitle-departamento\u00bb][vc_column css=\u00bb.vc_custom_1605179589940{margin-top: 0px !important;padding-top: 0px !important;}\u00bb][rev_slider_vc alias=\u00bbhome\u00bb][\/vc_column][\/vc_row][vc_row full_width=\u00bbstretch_row\u00bb css=\u00bb.vc_custom_1606477448069{padding-top: 50px !important;padding-bottom: 50px !important;background-color: #dbdbdb !important;}\u00bb el_class=\u00bbvc-bloque-destacado bloque-destacado\u00bb][vc_column][vc_row_inner][vc_column_inner width=\u00bb1\/3&#8243;][vc_column_text]Programmes, groups and research lines[\/vc_column_text][\/vc_column_inner][vc_column_inner width=\u00bb1\/3&#8243;][vc_column_text]Biomedical Innovation and Services Platforms[\/vc_column_text][\/vc_column_inner][vc_column_inner width=\u00bb1\/3&#8243;][vc_column_text]Publications[\/vc_column_text][\/vc_column_inner][\/vc_row_inner][\/vc_column][\/vc_row][vc_row][vc_column width=\u00bb1\/3&#8243;][vc_column_text][\/vc_column_text][\/vc_column][vc_column width=\u00bb1\/3&#8243;][vc_column_text][\/vc_column_text][\/vc_column][vc_column css_animation=\u00bbfadeInDown\u00bb width=\u00bb1\/3&#8243;][vc_row_inner][vc_column_inner][vc_raw_html]JTNDYSUyMGNsYXNzJTNEJTIydHdpdHRlci10aW1lbGluZSUyMiUyMGRhdGEtaGVpZ2h0JTNEJTIyNjAwJTIyJTIwaHJlZiUzRCUyMmh0dHBzJTNBJTJGJTJGdHdpdHRlci5jb20lMkZJVEJfVUxMJTNGcmVmX3NyYyUzRHR3c3JjJTI1NUV0ZnclMjU3Q3R3Y2FtcCUyNTVFZW1iZWRkZWR0aW1lbGluZSUyNTdDdHd0ZXJtJTI1NUVwcm9maWxlJTI1M0FJVEJfVUxMJTI2cmVmX3VybCUzRGh0dHBzJTI1M0ElMjUyRiUyNTJGd3d3Lmluc3RpdHV0b3RlY25vbG9naWFzYmlvbWVkaWNhcy5jb20lMjUyRiUyMiUzRVR3ZWV0cyUyMGJ5JTIwSVRCX1VMTCUzQyUyRmElM0UlMjAlMEElM0NzY3JpcHQlM0UlMjFmdW5jdGlvbiUyOGQlMkNzJTJDaWQlMjklN0J2YXIlMjBqcyUyQ2ZqcyUzRGQuZ2V0RWxlbWVudHNCeVRhZ05hbWUlMjhzJTI5JTVCMCU1RCUzQmlmJTI4JTIxZC5nZXRFbGVtZW50QnlJZCUyOGlkJTI5JTI5JTdCanMlM0RkLmNyZWF0ZUVsZW1lbnQlMjhzJTI5JTNCanMuaWQlM0RpZCUzQmpzLnNyYyUzRCUyMmh0dHBzJTNBJTJGJTJGcGxhdGZvcm0udHdpdHRlci5jb20lMkZ3aWRnZXRzLmpzJTIyJTNCZmpzLnBhcmVudE5vZGUuaW5zZXJ0QmVmb3JlJTI4anMlMkNmanMlMjklM0IlN0QlN0QlMjhkb2N1bWVudCUyQyUyMnNjcmlwdCUyMiUyQyUyMnR3aXR0ZXItd2pzJTIyJTI5JTNCJTNDJTJGc2NyaXB0JTNF[\/vc_raw_html][\/vc_column_inner][\/vc_row_inner][\/vc_column][\/vc_row][vc_row][vc_column][vc_empty_space][\/vc_column][\/vc_row]<\/p>\n","protected":false},"author":4,"featured_media":0,"parent":0,"menu_order":0,"comment_status":"closed","ping_status":"closed","template":"templates\/template-frontpage.php","meta":[],"_links":{"self":[{"href":"https:\/\/www.ull.es\/institutos\/institute-biomedical-technologies\/wp-json\/wp\/v2\/pages\/20"}],"collection":[{"href":"https:\/\/www.ull.es\/institutos\/institute-biomedical-technologies\/wp-json\/wp\/v2\/pages"}],"about":[{"href":"https:\/\/www.ull.es\/institutos\/institute-biomedical-technologies\/wp-json\/wp\/v2\/types\/page"}],"author":[{"embeddable":true,"href":"https:\/\/www.ull.es\/institutos\/institute-biomedical-technologies\/wp-json\/wp\/v2\/users\/4"}],"replies":[{"embeddable":true,"href":"https:\/\/www.ull.es\/institutos\/institute-biomedical-technologies\/wp-json\/wp\/v2\/comments?post=20"}],"version-history":[{"count":5,"href":"https:\/\/www.ull.es\/institutos\/institute-biomedical-technologies\/wp-json\/wp\/v2\/pages\/20\/revisions"}],"predecessor-version":[{"id":412,"href":"https:\/\/www.ull.es\/institutos\/institute-biomedical-technologies\/wp-json\/wp\/v2\/pages\/20\/revisions\/412"}],"wp:attachment":[{"href":"https:\/\/www.ull.es\/institutos\/institute-biomedical-technologies\/wp-json\/wp\/v2\/media?parent=20"}],"curies":[{"name":"wp","href":"https:\/\/api.w.org\/{rel}","templated":true}]}}