{"id":282,"date":"2021-03-18T12:30:35","date_gmt":"2021-03-18T12:30:35","guid":{"rendered":"http:\/\/www.ull.es\/institutos\/institute-biomedical-technologies\/?page_id=282"},"modified":"2021-03-18T12:30:49","modified_gmt":"2021-03-18T12:30:49","slug":"checkpoint-response-to-dna-damage-and-human-deseases","status":"publish","type":"page","link":"https:\/\/www.ull.es\/institutos\/institute-biomedical-technologies\/checkpoint-response-to-dna-damage-and-human-deseases\/","title":{"rendered":"Checkpoint response to DNA damage and human deseases"},"content":{"rendered":"<p>[vc_row][vc_column][vc_column_text]<\/p>\n<div class=\"page-header\">\n<h1>Checkpoint response to DNA damage and human deseases<\/h1>\n<\/div>\n<div class=\"content\">\n<h4>PRINCIPAL INVESTIGATOR<\/h4>\n<table class=\"jefe\">\n<tbody>\n<tr>\n<td class=\"provisional\"><\/td>\n<td><strong>Veronique Smits PhD<\/strong><\/p>\n<p>Contracted investigator SCS\/FIISC, HUC Research Unit<\/td>\n<\/tr>\n<\/tbody>\n<\/table>\n<h4>POSTDOCTORAL RESEARCHERS:<\/h4>\n<ul>\n<li>David Gillespie, PhD (Contracted investigator, Agust\u00edn de Betancourt programme, ULL)<\/li>\n<\/ul>\n<h4>PHD STUDENTS AND TRAINEES:<\/h4>\n<ul>\n<li>Ignacio Alonso de Vega (Health Sciences Doctoral Programme, The Canary Islands Agency of Research, Innovation and Information Sciences, ACIISI)<\/li>\n<li>Yeray Hern\u00e1ndez Reyes (Health Sciences Doctoral Programme, The Canary Islands Health Research Foundation, FIISC. Project SAF2016-80626-R)<\/li>\n<\/ul>\n<h4>TECHNICAL AND ADMINISTRATIVE STAFF:<\/h4>\n<ul>\n<li>Cristina Paz Cabrera<\/li>\n<\/ul>\n<h4>RESEARCH LINES:<\/h4>\n<p>We study the cellular mechanisms of the response to DNA damage, specifically post-translational modifications like the ubiquitination, SUMOylation and acetylation of proteins in these pathways, and of histones. These modifications seem to be crucial to relax the chromatin structure, and to allow DNA damage to be identified and repaired by DNA damage response proteins. We intend to identify new proteins regulating chromatin modifying enzymes in order to reveal their role in the cellular response to DNA damage.<\/p>\n<h4>FUNDED PROJECTS:<\/h4>\n<ul>\n<li>Regulation of the cellular response to DNA damage and replicative stress: molecular mechanisms and the role of tumorigeneses (SAF2016-80626-R \u201cRegulaci\u00f3n de la respuesta celular al da\u00f1o del DNA y al estr\u00e9s replicativo: Mecanismos moleculares e implicaciones en tumorigenesis\u201d). PIs: Raimundo Freire, Veronique Smits. Ministry of Economy and Competitiveness MINECO (2017-2019, 229,900 \u20ac).<\/li>\n<li>Dynamics and chromosome stability (BFU2017-90889-REDT \u201cNetworks of Excellence\u201d). PI: Veronique Smits (Network coordinator: Felix Prado). Ministry of Economy and Competitiveness, MINECO (2018-2019, 10,000 \u20ac)<\/li>\n<li>Study of the sensitivity of ovarian cancer cells to chemotherapy by the control of PHF2 (PIFUN 16\/18). IP: Veronique Smits. FIISC (2019-2020, 19,314.34 \u20ac)<\/li>\n<li>In vivo screening based on the reversal of cellular phenotypes to find new drugs that inhibit the Chk1 kinase involved in cancer. Project Agust\u00edn de Betancourt \u201cRastreo in vivo basado en la reversi\u00f3n de fenotipo celular para encontrar nuevos f\u00e1rmacos inhibidores contra la quinasa Chk1 implicada en c\u00e1ncer\u201d. PI: David Gillespie; Supervisor: Eduardo Salido Ruiz. Tenerife regional Government (2017-2021, 160,000 \u20ac).<\/li>\n<\/ul>\n<h4>PUBLICATIONS IN 2019:<\/h4>\n<ul>\n<li>Alonso-de Vega I, Paz-Cabrera MC, Wiegant WW, Checa-Rodr\u00edguez C, Huertas P, Freire R, van Attikum H, Smits VAJ. PHF2 regulates homology-directed DNA repair by controlling the resection of DNA double strand breaks. BioRxiv, 2019. doi:1101\/782490<\/li>\n<li>Sinha D, Nag P, Nanayakkara D, Duijf PHG, Burgess A, Raninga P, Smits VAJ, Bain AL, Subramanian G, Wall M, Finnie JW, Kalimutho M, Khanna KK. Cep55 overexpression promotes genomic instability and tumorigenesis in mice. BioRxiv, 2019. doi: 10.1101\/780775<\/li>\n<li>Smits VAJ, Cabrera E, Freire R, Gillespie DA (2019). Claspin &#8211; checkpoint adaptor and DNA replication factor. FEBS J. 2019 Feb;286(3):441-455. doi: 10.1111\/febs.14594<\/li>\n<\/ul>\n<h4>OTHER SELECTED PUBLICATIONS FROM THE LAST 10 YEARS:<\/h4>\n<ul>\n<li>Smits VAJ, Gillespie DA. DNA damage control: regulation and functions of checkpoint kinase 1. FEBS J. 2015 Oct;282(19):3681-92. doi: 10.1111\/febs.13387<\/li>\n<li>Delgado-D\u00edaz MR, Mart\u00edn Y, Berg A, Freire R, Smits VAJ. Dub3 controls DNA damage signalling by direct deubiquitination of H2AX. Mol. Oncol. 2014 Jul;8(5):884-93. doi: 10.1016\/j.molonc.2014.03.003<\/li>\n<li>Alonso de Vega I, Mart\u00edn Y, Smits VAJ. USP7 controls Chk1 protein stability by direct deubiquitination. Cell Cycle. 2014;13(24):3921-6. doi: 10.4161\/15384101.2014.973324<\/li>\n<li>Warmerdam DO, Brinkman EK, Marteijn JA, Medema RH, Kanaar R, Smits VA. UV-induced G2 checkpoint depends on p38 MAPK and minimal activation of ATR-Chk1 pathway. J Cell Science. 2013 May 1;126(Pt 9):1923-30. doi: 10.1242\/jcs.118265<\/li>\n<li>Smits VAJ. EDD induces cell cycle arrest by increasing p53 levels. Cell Cycle. 2012 Feb 15;11(4):715-20. doi: 10.4161\/cc.11.4.19154<\/li>\n<\/ul>\n<\/div>\n<p>[\/vc_column_text][\/vc_column][\/vc_row]<\/p>\n","protected":false},"excerpt":{"rendered":"<p>[vc_row][vc_column][vc_column_text] Checkpoint response to DNA damage and human deseases PRINCIPAL INVESTIGATOR Veronique Smits PhD Contracted investigator SCS\/FIISC, HUC Research Unit POSTDOCTORAL RESEARCHERS: David Gillespie, PhD (Contracted investigator, Agust\u00edn de Betancourt programme, ULL) PHD STUDENTS AND TRAINEES: Ignacio Alonso de Vega (Health Sciences Doctoral Programme, The Canary Islands Agency of Research, Innovation and Information Sciences, ACIISI)&#8230;<\/p>\n","protected":false},"author":2,"featured_media":0,"parent":0,"menu_order":0,"comment_status":"closed","ping_status":"closed","template":"templates\/template-no-title.php","meta":[],"_links":{"self":[{"href":"https:\/\/www.ull.es\/institutos\/institute-biomedical-technologies\/wp-json\/wp\/v2\/pages\/282"}],"collection":[{"href":"https:\/\/www.ull.es\/institutos\/institute-biomedical-technologies\/wp-json\/wp\/v2\/pages"}],"about":[{"href":"https:\/\/www.ull.es\/institutos\/institute-biomedical-technologies\/wp-json\/wp\/v2\/types\/page"}],"author":[{"embeddable":true,"href":"https:\/\/www.ull.es\/institutos\/institute-biomedical-technologies\/wp-json\/wp\/v2\/users\/2"}],"replies":[{"embeddable":true,"href":"https:\/\/www.ull.es\/institutos\/institute-biomedical-technologies\/wp-json\/wp\/v2\/comments?post=282"}],"version-history":[{"count":1,"href":"https:\/\/www.ull.es\/institutos\/institute-biomedical-technologies\/wp-json\/wp\/v2\/pages\/282\/revisions"}],"predecessor-version":[{"id":283,"href":"https:\/\/www.ull.es\/institutos\/institute-biomedical-technologies\/wp-json\/wp\/v2\/pages\/282\/revisions\/283"}],"wp:attachment":[{"href":"https:\/\/www.ull.es\/institutos\/institute-biomedical-technologies\/wp-json\/wp\/v2\/media?parent=282"}],"curies":[{"name":"wp","href":"https:\/\/api.w.org\/{rel}","templated":true}]}}