{"id":294,"date":"2021-03-18T12:41:15","date_gmt":"2021-03-18T12:41:15","guid":{"rendered":"http:\/\/www.ull.es\/institutos\/institute-biomedical-technologies\/?page_id=294"},"modified":"2021-03-18T12:41:15","modified_gmt":"2021-03-18T12:41:15","slug":"developmental-biology","status":"publish","type":"page","link":"https:\/\/www.ull.es\/institutos\/institute-biomedical-technologies\/developmental-biology\/","title":{"rendered":"Developmental biology"},"content":{"rendered":"<p>[vc_row][vc_column][vc_column_text]<\/p>\n<div class=\"page-header\">\n<h1>Developmental biology<\/h1>\n<\/div>\n<div class=\"content\">\n<h4>PRINCIPAL INVESTIGATOR<\/h4>\n<table class=\"jefe\">\n<tbody>\n<tr>\n<td class=\"provisional\"><\/td>\n<td><strong>Julio T. \u00c1vila Marrero<\/strong><\/p>\n<p>Professor of Biochemistry and Molecular Biology, Department of Biochemistry, Microbiology, Cellular Biology and Genetics, ULL<\/td>\n<\/tr>\n<\/tbody>\n<\/table>\n<table class=\"jefe\">\n<tbody>\n<tr>\n<td class=\"provisional\"><\/td>\n<td><strong>Pablo Mart\u00edn Vasallo<\/strong><\/p>\n<p>Professor of Biochemistry and Molecular Biology, Department of Biochemistry, Microbiology, Cellular Biology and Genetics, ULL<\/td>\n<\/tr>\n<\/tbody>\n<\/table>\n<h4>EXTERNAL COLLABORATORS:<\/h4>\n<ul>\n<li>Manuel Jos\u00e9 Morales Gonz\u00e1lez (Associate Lecturer in Internal Medicine, Head of the Medical Oncology Service, HUNSC)<\/li>\n<li>\u00c1ngela Palumbo (Medical Director, In vitro Fertilization Centre)<\/li>\n<li>Jairo Hern\u00e1ndez Hern\u00e1ndez (Laboratory Director, In vitro Fertilization Centre)<\/li>\n<li>Deborah Rotoli (Visiting Investigator)<\/li>\n<li>Rebeca Gonz\u00e1lez Fern\u00e1ndez (SEGAI technician, ULL)<\/li>\n<\/ul>\n<h4>PHD STUDENTS AND TRAINEES:<\/h4>\n<ul>\n<li>Rita Marleny Mart\u00edn Ram\u00edrez (PhD student, The Canary Islands Agency of Research, Innovation and Information Sciences, ACIISI)<\/li>\n<li>Fabi\u00e1n Leopoldo Poletti Serafini (Traumatology service H. San Juan de Dios, Doctorate Program in Health Sciences)<\/li>\n<li>Mar\u00eda Adela Rodr\u00edguez Fuentes (Radiology Service HUC, Doctorate Program in Health Sciences)<\/li>\n<li>Miriam Dorta Su\u00e1rez (Medical Oncology-HUNSC)<\/li>\n<\/ul>\n<h4>RESEARCH LINES:<\/h4>\n<ul>\n<li>Gene expression in granulose and cumulus cells during follicular ovarian cancer development in humans.<\/li>\n<li>Study of the changes in gene expression associated with the administration of chemotherapy to cancer patients.<\/li>\n<li>Molecular Biology and the cellular Na<sup>+<\/sup>\/K<sup>+<\/sup>-ATPase<\/li>\n<\/ul>\n<h4>PUBLICATIONS 2019:<\/h4>\n<ul>\n<li>Rotoli D,Morales M,Maeso MD,\u00c1vila J,P\u00e9rez-Rodr\u00edguez ND,Mobasheri A,vanNoorden CJF,Mart\u00edn-Vasallo P. IQGAP1, AmotL2, and FKBP51 Scaffoldins in the Glioblastoma Microenvironment. J Histochem Cytochem. 2019 Jul;67(7):481-494. doi: 10.1369\/0022155419833334<\/li>\n<li>Mobasheri A, Matta C, Uzielien\u00e8 I, Budd E, Mart\u00edn-Vasallo P, Bernotiene E. The chondrocyte \u201cchannelome\u201d: A narrative review. [Le \u00abchannelome\u00bb du chondrocyte. Revue narrative]. Revue du Rhumatisme (Edition Francaise). 2019 Mar;86(2):147-154. doi: 10.1016\/j.rhum.2018.08.001<\/li>\n<li>Mobasheri A,Matta C,Uzielien\u00e8 I,Budd E, Mart\u00edn-Vasallo P,Bernotiene E. The chondrocyte channelome: A narrative review. Joint Bone Spine. 2019 Jan;86(1):29-35. doi: 10.1016\/j.jbspin.2018.01.012<\/li>\n<\/ul>\n<h4>OTHER SELECTED PUBLICATIONS FROM THE LAST 10 YEARS:<\/h4>\n<ul>\n<li>Rotoli D, Morales M, Del Carmen Maeso M, Del Pino Garcia M, Morales A, Avila J, Martin-Vasallo P. Expression and localization of the immunophilin FKBP51 in colorectal carcinomas and primary metastases, and alterations following oxaliplatin chemotherapy. Oncol Lett. 2016 Aug;12(2):1351-1322. doi: 3892\/ol.2016.4772<\/li>\n<li>Baker Bechmann M, Rotoli D, Morales M, Maeso M del C, Garcia M, \u00c1vila J, Mobasheri A, Mart\u00edn-Vasallo P. Na,K-ATPase Isozymes in Colorectal Cancer and Liver Metastases. Front Physiol. 2016 Jan 29;7:9. doi: 10.3389\/fphys.2016.00009<\/li>\n<li>Gonz\u00e1lez-Fern\u00e1ndez R, \u00c1vila J, Arteaga MF, Canessa CM, Mart\u00edn-Vasallo P. The neuronal-specific SGK1.1 (SGK1_v2) kinase as a transcriptional modulator of BAG4, Brox, and PPP1CB genes expression. Int J Mol. Sci. 2015 Apr 2;16(4):7462-77. doi:10.3390\/ijms16047462<\/li>\n<li>Gonz\u00e1lez-Fern\u00e1ndez R, Morales M, Avila J, Mart\u00edn-Vasallo P. Changes in leukocyte gene expression profiles induced by antineoplastic chemotherapy. Oncol Lett. 2012Jun; 3(6):1341-1349. doi: 3892\/ol.2012.669<\/li>\n<li>Mobasheri A, Trujillo E, Arteaga MF, Mart\u00edn-Vasallo P. Na(+), K(+)-ATPase Subunit Composition in a Human Chondrocyte Cell Line; evidence for the Presence of A1, A3, B1, B2 and B3 Isoforms. Int J Mol Sci. 2012;13(4):5019-34. doi: 10.3390\/ijms13045019<\/li>\n<\/ul>\n<\/div>\n<p>[\/vc_column_text][\/vc_column][\/vc_row]<\/p>\n","protected":false},"excerpt":{"rendered":"<p>[vc_row][vc_column][vc_column_text] Developmental biology PRINCIPAL INVESTIGATOR Julio T. \u00c1vila Marrero Professor of Biochemistry and Molecular Biology, Department of Biochemistry, Microbiology, Cellular Biology and Genetics, ULL Pablo Mart\u00edn Vasallo Professor of Biochemistry and Molecular Biology, Department of Biochemistry, Microbiology, Cellular Biology and Genetics, ULL EXTERNAL COLLABORATORS: Manuel Jos\u00e9 Morales Gonz\u00e1lez (Associate Lecturer in Internal Medicine, Head of&#8230;<\/p>\n","protected":false},"author":2,"featured_media":0,"parent":0,"menu_order":0,"comment_status":"closed","ping_status":"closed","template":"templates\/template-no-title.php","meta":[],"_links":{"self":[{"href":"https:\/\/www.ull.es\/institutos\/institute-biomedical-technologies\/wp-json\/wp\/v2\/pages\/294"}],"collection":[{"href":"https:\/\/www.ull.es\/institutos\/institute-biomedical-technologies\/wp-json\/wp\/v2\/pages"}],"about":[{"href":"https:\/\/www.ull.es\/institutos\/institute-biomedical-technologies\/wp-json\/wp\/v2\/types\/page"}],"author":[{"embeddable":true,"href":"https:\/\/www.ull.es\/institutos\/institute-biomedical-technologies\/wp-json\/wp\/v2\/users\/2"}],"replies":[{"embeddable":true,"href":"https:\/\/www.ull.es\/institutos\/institute-biomedical-technologies\/wp-json\/wp\/v2\/comments?post=294"}],"version-history":[{"count":1,"href":"https:\/\/www.ull.es\/institutos\/institute-biomedical-technologies\/wp-json\/wp\/v2\/pages\/294\/revisions"}],"predecessor-version":[{"id":295,"href":"https:\/\/www.ull.es\/institutos\/institute-biomedical-technologies\/wp-json\/wp\/v2\/pages\/294\/revisions\/295"}],"wp:attachment":[{"href":"https:\/\/www.ull.es\/institutos\/institute-biomedical-technologies\/wp-json\/wp\/v2\/media?parent=294"}],"curies":[{"name":"wp","href":"https:\/\/api.w.org\/{rel}","templated":true}]}}