{"id":311,"date":"2021-03-18T14:33:38","date_gmt":"2021-03-18T14:33:38","guid":{"rendered":"http:\/\/www.ull.es\/institutos\/institute-biomedical-technologies\/?page_id=311"},"modified":"2021-03-18T14:33:38","modified_gmt":"2021-03-18T14:33:38","slug":"nutrahlipisa-group-lipidsphysiology-and-their-derivatives-in-animal-and-human-nutrition","status":"publish","type":"page","link":"https:\/\/www.ull.es\/institutos\/institute-biomedical-technologies\/nutrahlipisa-group-lipidsphysiology-and-their-derivatives-in-animal-and-human-nutrition\/","title":{"rendered":"Nutrahlipisa group. Lipids\u00b4physiology and their derivatives in animal and human nutrition"},"content":{"rendered":"<p>[vc_row][vc_column][vc_column_text]<\/p>\n<div class=\"page-header\">\n<h1>Nutrahlipisa group. Lipids\u00b4physiology and their derivatives in animal and human nutrition<\/h1>\n<\/div>\n<div class=\"content\">\n<h4>INVESTIGADORA RESPONSABLES<\/h4>\n<table class=\"jefe\">\n<tbody>\n<tr>\n<td class=\"provisional\"><\/td>\n<td><strong>Covadonga Rodr\u00edguez Gonz\u00e1lez, PhD<\/strong><\/p>\n<p>Profesora Titular de Zoolog\u00eda; Departamento de Biolog\u00eda Animal, Edafolog\u00eda y Ecolog\u00eda, ULL<\/td>\n<\/tr>\n<\/tbody>\n<\/table>\n<h4>INVESTIGADORES COLABORADORES DOCTORES<\/h4>\n<ul>\n<li>Ana Bola\u00f1os Mart\u00edn, PhD (Profesora Titular de Zoolog\u00eda; Departamento de Biolog\u00eda Animal, Edafolog\u00eda y Ecolog\u00eda, ULL)<\/li>\n<li>Jos\u00e9 Antonio P\u00e9rez P\u00e9rez, PhD (Investigador postdoctoral; Departamento de Biolog\u00eda Animal, Edafolog\u00eda y Ecolog\u00eda, ULL)<\/li>\n<li>Diego Garrido Lorenzo, PhD (Investigador postdoctoral; Departamento de Biolog\u00eda Animal, Edafolog\u00eda y Ecolog\u00eda, ULL)<\/li>\n<\/ul>\n<h4>ESTUDIANTES DE DOCTORADO, BECARIOS E INVESTIGADORES EN FORMACI\u00d3N:<\/h4>\n<ul>\n<li>Sara Garc\u00eda Ravelo (Contratada pre-doctoral; Fundaci\u00f3n La Caixa &#8211; Fundaci\u00f3n Caja-Canarias)<\/li>\n<\/ul>\n<h4>PERSONAL T\u00c9CNICO O DE GESTI\u00d3N:<\/h4>\n<ul>\n<li>Nieves Guadalupe Acosta Gonz\u00e1lez (T\u00e9cnica de Laboratorio)<\/li>\n<\/ul>\n<h4>L\u00cdNEAS DE INVESTIGACI\u00d3N<\/h4>\n<p>Contribuir al desarrollo de la tecnolog\u00eda de cultivo de especies marinas de una manera sostenible, a trav\u00e9s del conocimiento en profundidad de sus requerimientos nutricionales y de varias funciones fisiol\u00f3gicas relacionadas con la nutrici\u00f3n. La tecnolog\u00eda anal\u00edtica desarrollada en lipid\u00f3mica tiene aplicaci\u00f3n en cualquier campo de la nutrici\u00f3n, incluyendo la nutrici\u00f3n humana.<\/p>\n<h4>PROYECTOS FINANCIADOS<\/h4>\n<ul>\n<li>Proyecto demostrativo y de transferencia tecnol\u00f3gica para ayudar a las empresas a desarrollar nuevos productos y procesos en el \u00e1mbito de la biotecnolog\u00eda azul de la Macaronesia (Macbioblue. MAC\/1.1.b\/086, Interreg). IP: Covadonga Rodr\u00edguez. Fondo europeo de desarrollo regional, FEDER (2017-2019, subproyecto ULL: 137.234,69 \u20ac; cuant\u00eda total proyecto: 1.499.699,96 \u20ac)<\/li>\n<\/ul>\n<h4>PUBLICACIONES REPRESENTATIVAS DE LOS \u00daLTIMOS 10 A\u00d1OS<\/h4>\n<ul>\n<li>Jose Luis Herrera, Lara Ordo\u00f1ez-Gutierrez, Gemma Fabrias, Josefina Casas, Araceli Morales,\u00a0<strong>Guadalberto Hernandez<\/strong>, Nieves G. Acosta,\u00a0<strong>Covadonga Rodriguez<\/strong>, Luis Prieto-Valiente, Luis M. Garcia-Segura, Francisco G. Wandosell, Rafael Alonso. Ovarian Hormone-Dependent Effects of Dietary Lipids on APP\/PS1 Mouse Brain. Frontiers in Aging Neuroscience. 2019 Dec 19; 11:346. doi: 10.3389\/fnagi.2019.00346<\/li>\n<li>Sara Garc\u00eda-Ravelo, Nieves Marta D\u00edaz-G\u00f3mez, Mar\u00eda Virginia Mart\u00edn, Roberto Dorta-Guerra, Mercedes Murray, Diana Escuder,\u00a0<strong>Covadonga Rodr\u00edguez<\/strong>. Breastfeeding Fatty Acid Composition and Eicosanoid Levels (LTE4 and PGE2) of Human Milk from Normal Weight and Overweight Mothers. 2018 Dec;13(10):702-710. doi: 10.1089\/bfm.2017.0214<\/li>\n<li>Jose L. Herrera, Lara Ordo\u00f1ez-Gutierrez, Gemma Fabrias, Josefina Casas, Araceli Morales,\u00a0<strong>Guadalberto Hernandez<\/strong>, Nieves G. Acosta,\u00a0<strong>Covadonga Rodriguez<\/strong>, Luis Prieto-Valiente, Luis M. Garcia-Segura, Rafael Alonso, Francisco G. Wandosell. Ovarian Function Modulates the Effects of Long-Chain Polyunsaturated Fatty Acids on the Mouse Cerebral Cortex. Frontiers in Cellular Neuroscience. 2018 Apr 24;12:103. doi: 10.3389\/fncel.2018.00103<\/li>\n<li>Rafael Z\u00e1rate, Nabil el Jaber-Vazdekis, Noemi Tejera, Jos\u00e9 A. P\u00e9rez,\u00a0<strong>Covadonga Rodr\u00edguez<\/strong>. Significance of long chain polyunsaturated fatty acids in human health. Clinical and Translational Medicine. 2017 Dec;6(1):25.\u00a0 doi: 10.1186\/s40169-017-0153-6<\/li>\n<\/ul>\n<\/div>\n<p>[\/vc_column_text][\/vc_column][\/vc_row]<\/p>\n","protected":false},"excerpt":{"rendered":"<p>[vc_row][vc_column][vc_column_text] Nutrahlipisa group. Lipids\u00b4physiology and their derivatives in animal and human nutrition INVESTIGADORA RESPONSABLES Covadonga Rodr\u00edguez Gonz\u00e1lez, PhD Profesora Titular de Zoolog\u00eda; Departamento de Biolog\u00eda Animal, Edafolog\u00eda y Ecolog\u00eda, ULL INVESTIGADORES COLABORADORES DOCTORES Ana Bola\u00f1os Mart\u00edn, PhD (Profesora Titular de Zoolog\u00eda; Departamento de Biolog\u00eda Animal, Edafolog\u00eda y Ecolog\u00eda, ULL) Jos\u00e9 Antonio P\u00e9rez P\u00e9rez, PhD (Investigador&#8230;<\/p>\n","protected":false},"author":2,"featured_media":0,"parent":0,"menu_order":0,"comment_status":"closed","ping_status":"closed","template":"templates\/template-no-title.php","meta":[],"_links":{"self":[{"href":"https:\/\/www.ull.es\/institutos\/institute-biomedical-technologies\/wp-json\/wp\/v2\/pages\/311"}],"collection":[{"href":"https:\/\/www.ull.es\/institutos\/institute-biomedical-technologies\/wp-json\/wp\/v2\/pages"}],"about":[{"href":"https:\/\/www.ull.es\/institutos\/institute-biomedical-technologies\/wp-json\/wp\/v2\/types\/page"}],"author":[{"embeddable":true,"href":"https:\/\/www.ull.es\/institutos\/institute-biomedical-technologies\/wp-json\/wp\/v2\/users\/2"}],"replies":[{"embeddable":true,"href":"https:\/\/www.ull.es\/institutos\/institute-biomedical-technologies\/wp-json\/wp\/v2\/comments?post=311"}],"version-history":[{"count":1,"href":"https:\/\/www.ull.es\/institutos\/institute-biomedical-technologies\/wp-json\/wp\/v2\/pages\/311\/revisions"}],"predecessor-version":[{"id":312,"href":"https:\/\/www.ull.es\/institutos\/institute-biomedical-technologies\/wp-json\/wp\/v2\/pages\/311\/revisions\/312"}],"wp:attachment":[{"href":"https:\/\/www.ull.es\/institutos\/institute-biomedical-technologies\/wp-json\/wp\/v2\/media?parent=311"}],"curies":[{"name":"wp","href":"https:\/\/api.w.org\/{rel}","templated":true}]}}