{"id":321,"date":"2021-03-19T08:09:46","date_gmt":"2021-03-19T08:09:46","guid":{"rendered":"http:\/\/www.ull.es\/institutos\/institute-biomedical-technologies\/?page_id=321"},"modified":"2021-03-19T08:09:46","modified_gmt":"2021-03-19T08:09:46","slug":"inflammatory-and-neoplastic-disease-of-the-gastrointestinal-tract-prevalent-liver-diseases","status":"publish","type":"page","link":"https:\/\/www.ull.es\/institutos\/institute-biomedical-technologies\/inflammatory-and-neoplastic-disease-of-the-gastrointestinal-tract-prevalent-liver-diseases\/","title":{"rendered":"Inflammatory and neoplastic disease of the gastrointestinal tract, Prevalent Liver Diseases"},"content":{"rendered":"<p>[vc_row][vc_column][vc_column_text]<\/p>\n<div class=\"page-header\">\n<h1>Inflammatory and neoplastic disease of the gastrointestinal tract, Prevalent Liver Diseases<\/h1>\n<\/div>\n<div class=\"content\">\n<h4>INVESTIGADORES RESPONSABLES<\/h4>\n<table class=\"jefe\">\n<tbody>\n<tr>\n<td class=\"provisional\"><\/td>\n<td><strong>Enrique Quintero Carri\u00f3n, MD, PhD<\/strong><\/p>\n<p>Professor of Medicine, Department of Internal Medicine, Dermatology and Psychiatry, ULL \u2013 Head of Gastroenterology Service until December 2019, HUC<\/td>\n<\/tr>\n<\/tbody>\n<\/table>\n<table class=\"jefe\">\n<tbody>\n<tr>\n<td class=\"provisional\"><\/td>\n<td><strong>Manuel Hern\u00e1ndez-Guerra de Aguilar, MD, PhD<\/strong><\/p>\n<p>Associate Lecturer, Department of Internal Medicine, Dermatology and Psychiatry, ULL \u2013 Head of Gastroenterology Service since December 2019, HUC<\/td>\n<\/tr>\n<\/tbody>\n<\/table>\n<table class=\"jefe\">\n<tbody>\n<tr>\n<td class=\"provisional\"><\/td>\n<td><strong>Antonio Z. Gimeno Garc\u00eda, MD, PhD<\/strong><\/p>\n<p>Attending Physician in Gastroenterology, HUC<\/td>\n<\/tr>\n<\/tbody>\n<\/table>\n<h4>COLLABORATORS AND CLINICAL RESEARCHERS:<\/h4>\n<ul>\n<li>David Nicol\u00e1s P\u00e9rez, MD, PhD (Head of the Endoscopy Section, HUC)<\/li>\n<li>Laura Ramos, MD, PhD (Attending Physician, HUC)<\/li>\n<li>Marta Carrillo Palau, MD, PhD (Attending Physician, HUC)<\/li>\n<li>Inmaculada Alonso Abreu, MD, PhD (Attending Physician, HUC)<\/li>\n<li>Zaida Adri\u00e1n de Ganzo, MD, PhD (Attending Physician, HUC)<\/li>\n<li>Yanira Gonz\u00e1lez M\u00e9ndez, MD, PhD (Attending Physician, HUC)<\/li>\n<li>Goretti Hern\u00e1ndez Mesa, MD (HUC)<\/li>\n<li>Onofre Alarc\u00f3n Fern\u00e1ndez, MD (HUC)<\/li>\n<li>Noemi Hern\u00e1ndez Bouilla, MD (HUC)<\/li>\n<li>Eduardo Rodr\u00edguez Hern\u00e1ndez, MD (HUC)<\/li>\n<li>Dalia Elena Morales Arr\u00e1ez, MD (HUC)<\/li>\n<li>Carlos Gonz\u00e1lez Alay\u00f3n, MD (HUC)<\/li>\n<li>Cristina Reygosa (MIR, HUC)<\/li>\n<li>Alberto Hern\u00e1ndez Bustabad (MIR, HUC)<\/li>\n<li>Francisco Javier P\u00e9rez Hern\u00e1ndez (MIR, Communityand Family Medicine)<\/li>\n<li>Natalia Gonz\u00e1lez L\u00f3pez (D.U.E., HUC)<\/li>\n<\/ul>\n<h4>PHD STUDENTS AND TRAINEES:<\/h4>\n<ul>\n<li>Carlos Gonz\u00e1lez Alay\u00f3n, (PhD student, MD, HUC)<\/li>\n<li>Natalia Gonz\u00e1lez L\u00f3pez (PhD student, DUE, HUC)<\/li>\n<li>Cristina Reygosa (Alumna de Doctorado, MIR, HUC)<\/li>\n<\/ul>\n<h4>TECHNICAL AND ADMINISTRATIVE STAFF:<\/h4>\n<ul>\n<li>Jos\u00e9 Luis Baute Dorta (DUE, HUC)<\/li>\n<li>Beatriz P\u00e9rez Abrante (Laboratory technician in Experimental techniques, HUC)<\/li>\n<li>Eladio Fr\u00edas Arrocha (Data Manager)<\/li>\n<\/ul>\n<h4>RESEARCH LINES:<\/h4>\n<ul>\n<li>Gastrointestinal cancer prognostic factors and prevention strategies (\u201cFactores pron\u00f3sticos y estrategias para la prevenci\u00f3n del c\u00e1ncer gastrointestinal\u201d).<\/li>\n<li>Physiopathology of portal hypertension and new treatments (\u201cFisiopatolog\u00eda de la hipertensi\u00f3n portal y nuevos tratamientos\u201d).<\/li>\n<li>Immunogenicity and vaccine response of hepatic disease patients (\u201cInmunogenicidad y respuesta a vacunas en pacientes con enfermedad hep\u00e1tica\u201d).<\/li>\n<li>New functional markers of cirrhosis and ascite physiopathology, and markers of non-alcoholic steatohepatitis (\u201cNuevos marcadores de funci\u00f3n renal en el cirr\u00f3tico y fisiopatolog\u00eda de la ascitis, as\u00ed como marcadores de esteatohepatitis no alcoh\u00f3lica\u201d).<\/li>\n<li>Pathogenic factors and new treatments for Chronic Inflammatory Disease (\u201cFactores patog\u00e9nicos y nuevos tratamientos en la Enfermedad Inflamatoria Cr\u00f3nica\u201d).<\/li>\n<li>Projects for the micro-elimination of hepatitis C virus (\u201cProyectos de microeliminaci\u00f3n del virus de la hepatitis C\u201d).<\/li>\n<\/ul>\n<h4>FUNDED PROJECTS:<\/h4>\n<ul>\n<li>Identification of new biomarkers for the prevention of colorectal cancer (\u201cIdentificaci\u00f3n de nuevos biomarcadores para la prevenci\u00f3n del c\u00e1ncer colorrectal\u201d). PI: Enrique Quintero. Spanish Association against Cancer (2013-2019, 183,896 \u20ac).<\/li>\n<li>Immunological faecal blood test to diagnose iron-deficiency anaemia (PI16\/02011- \u201cEvaluaci\u00f3n del test inmunol\u00f3gico de sangre oculta en heces en el proceso diagn\u00f3stico pacientes con anemia ferrop\u00e9nica\u201d). PI: Enrique Quintero. Heath Institute Carlos III (2017-2019, 57,475 \u20ac).<\/li>\n<li>Improvement of clinical practice management and\/or of training within the Foundation, to benefit and improve patient care (\u201cMejora de la gesti\u00f3n de la pr\u00e1ctica cl\u00ednica y\/o, formaci\u00f3n dentro de la Fundaci\u00f3n, al objeto de beneficiar y mejorar la pr\u00e1ctica de la medicina en los pacientes\u201d). PI: Enrique Quintero. ABBVIE (2018, 40,000 \u20ac)<\/li>\n<li>Comparison fecal occult blood test and colonoscopy in familial colorectal cancer screening: adherence, diagnostic yield and cost-effectiveness (PI15\/01257). PI: Antonio Z. Gimeno. Institute of Health Carlos III (2016-2019, 110,352 \u20ac).<\/li>\n<\/ul>\n<h4>PUBLICATIONS 2019:<\/h4>\n<ul>\n<li>Mangas-Sanjuan C,Jover R,Cubiella J,Marzo-Castillejo M,Balaguer F,Bessa X,Bujanda L, Bustamante M,Castells A, Diaz-Tasende J,D\u00edez-Redondo P,Herr\u00e1iz M,Mascort-Roca JJ, Pellis\u00e9 M,Quintero E;Grupo de Cribado del C\u00e1ncer Colorrectal de la Sociedad Espa\u00f1ola de Epidemiolog\u00eda. Endoscopic surveillance after colonic polyps and colorrectal cancer resection. 2018 update [Vigilancia tras resecci\u00f3n de p\u00f3lipos de colon y de c\u00e1ncer colorrectal. Actualizaci\u00f3n 2018]. Gastroenterol Hepatol. 2019 Mar;42(3):188-201. doi: 10.1016\/j.gastrohep.2018.11.001<\/li>\n<li>Herreros-Villanueva M,Duran-Sanchon S,Mart\u00edn AC,P\u00e9rez-Palacios R,Vila-Navarro E, Marcuello M,Diaz-Centeno M,Cubiella J,Diez MS,Bujanda L,Lanas A,Jover R, Hern\u00e1ndez V,Quintero E,Jos\u00e9 Lozano J,Garc\u00eda-Cougil M,Mart\u00ednez-Arranz I,Castells A, Gironella M,Arroyo R. Plasma MicroRNA Signature Validation for Early Detection of Colorectal Cancer. Clin Transl Gastroenterol. 2019 Jan;10(1):e00003. doi:10.14309\/ctg.0000000000000003<\/li>\n<li>Gargallo CJ,Lanas \u00c1,Carrera-Lasfuentes P,Ferrandez \u00c1,Quintero E,Carrillo M,Alonso-Abreu I,Garc\u00eda-Gonzalez MA.Genetic susceptibility in the development of colorectal adenomas according to family history of colorectal cancer. Int J Cancer. 2019 Feb 1;144(3):489-502. doi: 10.1002\/ijc.31858<\/li>\n<li>Rodr\u00edguez-Alcalde D,Carballal S,Moreira L, Hern\u00e1ndez L,Rodr\u00edguez-Alonso L, Rodr\u00edguez-Moranta F,Gonzalo V,Bujanda L,Bessa X, Poves C,Cubiella J,Castro I, Gonz\u00e1lez M,Moya E,Oqui\u00f1ena S, Clofent J,Quintero E,Esteban P,Pi\u00f1ol V,Fern\u00e1ndez FJ,Jover R, Cid L, Saperas E,L\u00f3pez-Cer\u00f3n M,Cuatrecasas M,L\u00f3pez-Vicente J,Rivero-S\u00e1nchez L,Jung G,Vila-Casades\u00fas M,S\u00e1nchez A,Castells A,Pellis\u00e9 M,Balaguer F;Gastrointestinal Oncology Group of the Spanish Gastroenterological Association. High incidence of advanced colorectal neoplasia during endoscopic surveillance in serrated polyposis syndrome. 2019 Feb;51(2):142-151. doi:10.1055\/a-0656-5557<\/li>\n<li>Morales-Arraez D, Alonso-Larruga A, Diaz-Flores F, Garc\u00eda Dopico JA, de Vera A, Quintero E, Hern\u00e1ndez-Guerra M. Predictive factors for not undergoing RNA testing in patients found to have hepatitis C serology and impact of an automatic alert. Journal of Viral Hepatitis. 2019 Sep;26(9):1117-1123. doi: 10.1111\/jvh.13122<\/li>\n<li>Morales-Arraez D, Hernandez-Guerra M, Diaz-Flores F, Nieto-Bujalance Y, Garcia- Dopico J, Jimenez A, Quintero E. Hepatitis C virus media coverage favorably impacts on antibody testing in the non-interferon era. J Public Health (Oxf). 2019 Nov 30. pii:fdz149. doi: 10.1093\/pubmed\/fdz14 [Epub ahead of print]<\/li>\n<li>G\u00f3mez L, Reygosa C, Morales-Arr\u00e1ez DE, Ramos R, P\u00e9rez A, Hern\u00e1ndez A, Quintero E, Guti\u00e9rrez F, Diaz-Flores F, Hern\u00e1ndez-Guerra M. Diagnostic test accuracy of the cobas 6800 system for detection of hepatitis c virus viraemia levels from dried blood spots. Enferm Infecc Microbiol Clin. 2019 Dec 4. pii: S0213-005X(19)30300-3. doi: 10.1016\/j.eimc.2019.10.009 [Epub ahead of print]<\/li>\n<li>Morales-Arraez D, Nieto Bujalance Y, Diaz-Flores F, de Vera A, Jim\u00e9nez A, Garcia Dopico JA, Quintero E, Hern\u00e1ndez-Guerra M. Risk of liver fibrosis progression inpatients with suboptimal diagnosis of hepatitis C virus infection. Eur J Gastroenterol Hepatol. 2019 Sep 3. doi: 10.1097\/MEG.0000000000001534. [Epub ahead of print]<\/li>\n<li>Morales-Arraez D, Diaz-Flores F, Alonso A, de Vera A, Jimenez A, Garcia Dopico JA, Quintero E, Hern\u00e1ndez-Guerra M. Patients with suboptimal hepatitis B virusdiagnostic characterization are at risk of liver fibrosis progression. Eur J Gastroenterol Hepatol. 2019 Sep 3. doi: 10.1097\/MEG.0000000000001527. [Epub ahead of print]<\/li>\n<li>Hern\u00e1ndez G, Gimeno-Garc\u00eda AZ, Quintero E. Strategies to optimise the quality of bowel cleansing [Estrategias para optimizar la calidad de la limpieza col\u00f3nica]. Gastroenterol Hepatol. 2019 May;42(5):326-338. doi: 10.1016\/j.gastrohep.2019.01.010<\/li>\n<li>Hern\u00e1ndez G, Gimeno-Garc\u00eda AZ, Quintero E. Strategies to Improve Inadequate Bowel Preparation for Colonoscopy. Front Med (Lausanne). 2019 Nov 8;6:245. doi: 10.3389\/fmed.2019.00245<\/li>\n<li>Gimeno-Garc\u00eda AZ,de la Barreda Heuser R, Reygosa C,Hernandez A,Mascare\u00f1o I, Nicol\u00e1s-P\u00e9rez D,Jim\u00e9nez A,Lara AJ,Alarcon-Fern\u00e1ndez O,Hernandez-Guerra M, Romero R,Alonso I,Gonz\u00e1lez Y,Adrian Z,Hernandez G,Hernandez D,DelgadoR, Quintero E. Impact of a 1-day versus 3-day low-residue diet on bowel cleansing quality before colonoscopy:A randomized controlled trial. 2019 Jul;51(7):628-636. doi: 10.1055\/a-0864-1942<\/li>\n<li>Hern\u00e1ndez-Guerra M, Hadjihambi A, Jalan R. Gap junctions in liver disease: Implications for pathogenesis and therapy. J Hepatol. 2019 Apr;70(4):759-772. doi:10.1016\/j.jhep.2018.12.023<\/li>\n<li>Luis-Lima S,Escamilla-Cabrera B,Negr\u00edn-Mena N,Estupi\u00f1\u00e1n S,Delgado-Mall\u00e9n P,Marrero-Miranda D,Gonz\u00e1lez-Rinne A, Miquel-Rodr\u00edguez R,Cobo-CasoM\u00c1,Hern\u00e1ndez-Guerra M, Oramas J,Batista N,Aldea-Perona A,Jorge-P\u00e9rez P,Gonz\u00e1lez-Alay\u00f3n C,Moreno-Sanfiel M,Gonz\u00e1lez-Rodr\u00edguez JA,Henr\u00edquez L,Alonso-Pescoso R,D\u00edaz-Mart\u00edn L, Gonz\u00e1lez-Rinne F,Lav\u00edn-G\u00f3mez BA, Galindo-Hern\u00e1ndez J, S\u00e1nchez-Gallego M,Gonz\u00e1lez-Delgado A,Jim\u00e9nez-Sosa A,Torres A,Porrini E. Chronic kidney disease staging with cystatin C or creatinine-based formulas: Flipping the coin. Nephrol Dial Transplant. 2019 Feb 1;34(2):287-294. doi: 10.1093\/ndt\/gfy086<\/li>\n<li>Llaneras J,Riveiro-Barciela M,Lens S,Diago M,Cachero A,Garc\u00eda-Samaniego J,Conde I, Arencibia A,Arenas J,Gea F,Torras X,Luis Calleja J,Antonio Carri\u00f3n J,Fern\u00e1ndez I, Mar\u00eda Morillas R,Rosales JM,Carmona I,Fern\u00e1ndez-Rodr\u00edguez C,Hern\u00e1ndez-GuerraM, Llerena S,Bernal V,Turnes J,Gonz\u00e1lez-Santiago JM,Montoliu S,Figueruela B,Badia E, Delgado M,Fern\u00e1ndez-Bermejo M,I\u00f1arrairaegui M,Pascasio JM,Esteban R,Mari\u00f1o Z, Buti M. Effectiveness and safety of sofosbuvir\/velpatasvir\/voxilaprevir in patients with chronic hepatitis C previously treated with DAAs. J Hepatol. 2019 Oct;71(4):666-672. doi: 10.1016\/j.jhep.2019.06.002<\/li>\n<li>Fern\u00e1ndez Rodr\u00edguez CM,Aller R, Guti\u00e9rrez Garc\u00eda ML,Ampuero J,G\u00f3mez-Camarero J, Mart\u00edn-Mateos RM\u00aa, Burgos-Santamar\u00eda D,Rosales JM,Aspichueta P,Buque X, Latorre M,Andrade RJ,Hern\u00e1ndez-Guerra M,Romero-G\u00f3mez M. Higher levels of serum uric acid influences hepatic damage in patients with non-alcoholic fatty liver disease (NAFLD). Rev Esp Enferm Dig. 2019 Apr;111(4):264-269. doi:10.17235\/reed.2019.5965\/2018<\/li>\n<li>Crespo J, Albillos A, Buti M, Calleja JL, Garc\u00eda-Samaniego J, Hern\u00e1ndez-Guerra M, Serrano T, Turnes J, Ac\u00edn E, Berenguer J, Berenguer M, Colom J, Fern\u00e1ndez I, Fern\u00e1ndez Rodr\u00edguez C, Forns X, Garc\u00eda F, Granados R, Lazarus J, Molero JM, Molina E, P\u00e9rez Escanilla F, Pineda JA, Rodr\u00edguez M, Romero M, Roncero C, Saiz de la Hoya P, S\u00e1nchez Antol\u00edn G. Elimination of hepatitis C. Positioning document of the Spanish Association for the Study of the Liver (AEEH). Gastroenterol Hepatol. 2019 Nov;42(9):579-592. doi:10.1016\/j.gastrohep.2019.09.002<\/li>\n<li>Hern\u00e1ndez-Gea V,Procopet B,Gir\u00e1ldez \u00c1,Amitrano L,Villanueva C,Thabut D,Iba\u00f1ez-Samaniego L,Silva-Junior G,Martinez J,Genesc\u00e0 J,Bureau C,Trebicka J,Llop E, Laleman W,Palazon JM,Castellote J,Rodrigues S,Gluud LL,Noronha Ferreira C, Barcelo R,Ca\u00f1ete N,Rodr\u00edguez M,Ferlitsch A,Mundi JL,Gronbaek H, Hern\u00e1ndez-Guerra M,Sassatelli R,Dell\u2019Era A,Senzolo M,Abraldes JG,Romero-G\u00f3mez M,Zipprich A, Casas M, Masnou H,Primignani M,Krag A,Nevens F,Calleja JL,Jansen C,RobicMA,Conejo I,Catalina MV,Albillos A,Rudler M,Alvarado E,Guardascione MA,Tantau M,Bosch J, Torres F,Garcia-Pag\u00e1n JC;International Variceal Bleeding Observational Study Group and Baveno Cooperation. Preemptive-TIPS Improves Outcome in High-Risk Variceal Bleeding: An Observational Study. 2019 Jan;69(1):282-293. doi: 10.1002\/hep.30182<\/li>\n<li>Crespo J, Albillos A, Buti M, Calleja JL, Garc\u00eda-Samaniego J, Hern\u00e1ndez-Guerra M, Serrano T, Turnes J, Ac\u00edn E, Berenguer J, Berenguer M, Colom J, Fern\u00e1ndez I, Fern\u00e1ndez Rodr\u00edguez C, Forns X, Garc\u00eda F, Granados R, Lazarus J, Molero JM, Molina E, P\u00e9rez Escanilla F, Pineda JA, Rodr\u00edguez M, Romero M, Roncero C, Saiz de la Hoya P, S\u00e1nchez Antol\u00edn G. Elimination of hepatitis C. Positioning document of the Spanish Association for the Study of the Liver (AEEH). Rev Esp Enferm Dig. 2019 Nov;111(11):862-873. doi: 10.17235\/reed.2019.6700\/2019<\/li>\n<li>Bataller R, Cabezas J, Aller R, Ventura-Cots M, Abad J, Albillos A, Altamirano J, Arias-Loste MT, Ba\u00f1ares R, Caballer\u00eda J, Caballer\u00eda L, Carri\u00f3n JA, Diago M, Fern\u00e1ndez Rodr\u00edguez C, Gallego R, Garc\u00eda-Cortes M, Garc\u00eda-Monz\u00f3n C, Genesc\u00e0 J, Gin\u00e9s P, Hernandez-Guerra M, Jorquera F, Lligo\u00f1a A, Molina E, Pareja MJ, Planas R, Tom\u00e9 S, Salmer\u00f3n J, Romero-G\u00f3mez M. Alcohol-related liver disease. Clinical practice guidelines. Consensus document sponsored by AEEH. Gastroenterol Hepatol. 2019 Dec;42(10):657-676. doi: 10.1016\/j.gastrohep.2019.09.006<\/li>\n<li>Manuel Sousa J, Vergara M, Pulido F, S\u00e1nchez Antol\u00edn G, Hijona L, Carnicer F, Rinc\u00f3n D, Salmer\u00f3n J, Mateos-Mu\u00f1oz B, Jou A, Polo-Lorduy B, Rub\u00edn \u00c1, Escarda A, Aguilar P, Ald\u00e1miz-Echevarr\u00eda T, Garc\u00eda-Buey L, Carri\u00f3n JA, Hern\u00e1ndez-Guerra M, Chimeno-Hern\u00e1ndez S, Espinosa N, Morillas RM, Andrade RJ, Delgado M, Gallego A, Magaz M, Moreno-Planas JM, Est\u00e9banez \u00c1, Rico M, Men\u00e9ndez F, Sampedro B, Morano L, Izquierdo S, Zozaya JM, Rodr\u00edguez M, Mor\u00e1n-S\u00e1nchez S, Lorente S, Mart\u00edn-Granizo I, Von-Wichmann M\u00c1, Delgado M, Manzanares A. Real-world evidence of the effectiveness of ombitasvir-paritaprevir\/r \u00b1 dasabuvir \u00b1 ribavirin in patients monoinfected with chronic hepatitis C or coinfected with human immunodeficiency virus-1 in Spain. PLoS One. 2019 Nov 12;14(11):e0225061. doi: 10.1371\/journal.pone.0225061<\/li>\n<li>Orive M,Aguirre U,Gonzalez N,L\u00e1zaro S,Redondo M,Bare M,Anula R,Briones E, Escobar A,Sarasqueta C, Garcia-Gutierrez S,Quintana JM;REDISSEC-CARESS\/CCRgroup (Gimeno-Garcia AZ). Risk factors affecting hospital stay among patients undergoing colon cancer surgery: a prospective cohort study. Support Care Cancer. 2019 Nov;27(11):4133-4144. doi: 10.1007\/s00520-019-04683-7<\/li>\n<li>T\u00e9llez T,Abitei C,Padilla-Ruiz MDC,Rivas-Ruiz F,F\u00fanez R,Pereda T,Rodrigo I,Alcaide J, Bar\u00e9 ML,Morales Su\u00e1rez-Varela MM,Zabalza I,S\u00e1nchez Del Charco M,Borrero Mart\u00edn JJ,Garc\u00eda Del Moral R,Escobar A,Quintana JM,Aguirre U,Redondo M;REDISSEC-CARESS\/CCR group (Gimeno-Garcia AZ). Biological and prognostic differences between symptomatic colorectal carcinomas and those detected by screening. Eur J Surg Oncol. 2019 Oct;45(10):1876-1881. doi: 10.1016\/j.ejso.2019.05.027<\/li>\n<li>Martin-Cardona A,Fernandez-Esparrach G,Subtil JC,Iglesias-Garcia J,Garcia-Guix M,Barturen Barroso A,Gimeno-Garcia AZ,Esteban JM,Pardo Balteiro A,Velasco-Guardado A,Vazquez-Sequeiros E,Loras C,Martinez-Moreno B,Castellot A,Huertas C, Martinez-Lapiedra M,Sanchez-Yague A,Teran A,Morales-Alvarado VJ,Betes M,de la Iglesia D,S\u00e1nchez-Montes C,Lozano MD,Lari\u00f1o-Noia J,Gines A,Tebe C,Gornals JB;On belhaf of Spanish Group for EUS-Guided TA in the adrenal gland. EUS-guided tissue acquisition in the study of the adrenal glands: Results of a nationwide multicenter study. PLoS One. 2019 Jun 6;14(6):e0216658. doi: 10.1371\/journal.pone.0216658<\/li>\n<li>Puig I,L\u00f3pez-Cer\u00f3n M,Arnau A,Rosi\u00f1ol \u00d2, Cuatrecasas M,Herreros-de-Tejada A, Ferr\u00e1ndez \u00c1,Serra-Burriel M,Nogales \u00d3,Vida F, de Castro L,L\u00f3pez-Vicente J,VegaP,\u00c1lvarez-Gonz\u00e1lez MA,Gonz\u00e1lez-Santiago J,Hern\u00e1ndez-Conde M,D\u00edez-RedondoP,Rivero-S\u00e1nchez L,Gimeno-Garc\u00eda AZ,Burgos A,Garc\u00eda-Alonso FJ,Bustamante-Bal\u00e9n M,Mart\u00ednez-Bauer E,Pe\u00f1as B,Pellise M;EndoCAR group, Spanish Gastroenterological Association and the Spanish Digestive Endoscopy Society. Accuracy of the Narrow-Band Imaging International Colorectal Endoscopic Classification System in Identification of DeepInvasion in Colorectal Polyps. 2019 Jan;156(1):75-87. doi: 10.1053\/j.gastro.2018.10.004<\/li>\n<li>Alb\u00e9niz E, Gimeno-Garc\u00eda AZ, Fraile M, Ib\u00e1\u00f1ez B, Guarner-Argente C, Alonso-Aguirre P, \u00c1lvarez MA, Gargallo CJ, Pellis\u00e9 M, Ramos Zabala F, Herreros de Tejada A, Nogales \u00d3, Mart\u00ednez-Ares D, M\u00fagica F, de la Pe\u00f1a J, Espin\u00f3s J, Huerta A, \u00c1lvarez A, Gonzalez-Santiago JM, Navajas F, Mart\u00ednez-Cara JG, Redondo-Cerezo E, Merlo Mas J, S\u00e1bado F, Rivero L, Saperas E, Soto S, Rodr\u00edguez-S\u00e1nchez J, L\u00f3pez-Roses L, Rodr\u00edguez-T\u00e9llez M, Rull\u00e1n Iriarte M, Elosua Gonz\u00e1lez A, Pardeiro R, Valdivielso Cort\u00e1zar E, Concepci\u00f3n-Mart\u00edn M, Huelin \u00c1lvarez P, Col\u00e1n Hern\u00e1ndez J, Cobian J, Santiago J, Jim\u00e9nez A, Remedios D, L\u00f3pez-Viedma B, Garc\u00eda O, Mart\u00ednez-Alcal\u00e1 F, P\u00e9rez-Rold\u00e1n F, Carb\u00f3 J, Enguita M. Clinical validation of risk scoring systems to predict risk of delayed bleeding after EMR of large colorectal lesions. Gastrointest Endosc. 2019 Oct 23. pii: S0016-5107(19)32382-X. doi: 10.1016\/j.gie.2019.10.013 [Epub ahead of print]<\/li>\n<\/ul>\n<h4>OTHER SELECTED PUBLICATIONS FROM THE LAST 10 YEARS:<\/h4>\n<ul>\n<li>Quintero E, Castells A, Bujanda L. et al. Colonoscopy versus fecal immunochemical testing in colorectal-cancer screening. N Engl J Med. 2012 Feb 23;366(8):697-706. doi:10.1056\/NEJMoa1108895<\/li>\n<li>Quintero E, Carrillo M, Leoz ML, Cubiella J, Gargallo C, Lanas A, Bujanda L, Gimeno-Garc\u00eda AZ, Hern\u00e1ndez-Guerra M, Nicolas-Perez D, Alonso-Abreu I, Morillas JD, Balaguer F, Muriel A; Oncology Group of the Asociacion Espa\u00f1ola de Gastroenterolog\u00eda (AEG). Risk of Advanced Neoplasia in First-Degree Relatives with Colorectal Cancer: A Large Multicenter Cross-Sectional Study. PLoS Medicine 2016 May 3;13(5):e1002008. doi: 10.1371\/journal.pmed.1002008<\/li>\n<li>Jover R, Zapater P, Bujanda L, Hernandez V, Cubiella J, Pellise M, Ponce M,Ono A, Lanas A, Seoane A, Marin-Gabriel JC, Chaparro M, Cacho G, Herreros-de-Tejada A, Fernandez-Diez S, Peris A, Nicolas-Perez D, Murcia O, Castells A, Quintero E; COLONPREV Study Investigators. Endoscopist characteristics that influence the quality of colonoscopy. Endoscopy 2016 Mar;48(3):241-7. doi: 10.1055\/s-0042-100185<\/li>\n<li>Castells A, Bessa X, Quintero E, et al. Risk of Advanced Proximal Neoplasms According to Distal Colorectal Findings: Comparison of Sigmoidoscopy-Based Strategies. J Natl Cancer Inst. 2013 Jun 19;105(12):878-886<\/li>\n<li>Quintero E,Carrillo M,Gimeno-Garc\u00eda AZ,Hern\u00e1ndez-Guerra M,Nicol\u00e1s-P\u00e9rezD,Alonso-Abreu I,D\u00edez-Fuentes ML,Abraira V. Equivalency of Fecal Immunochemical Tests and Colonoscopy in Familial Colorectal Cancer Screening. 2014 Nov;147(5):1021-30.e1; quiz e16-7. doi: 10.1053\/j.gastro.2014.08.004<\/li>\n<li>Abraldes JG,Villanueva C, Aracil C,Turnes J,Hernandez-Guerra M,Genesca J, Rodriguez M,Castellote J,Garc\u00eda-Pag\u00e1n JC,Torres F,Calleja JL,Albillos A,BoschJ; BLEPS Study Group.Addition of Simvastatin to Standard Therapy for the Prevention of Variceal Rebleeding Does Not Reduce Rebleeding but Increases Survival in Patients with Cirrhosis. Gastroenterology. 2016 May; 150(5): 1160-1170. doi: 10.1053\/j.gastro.2016.01.004<\/li>\n<li>Hern\u00e1ndez-Guerra M, de Ganzo ZA, Gonzalez-Mendez Y, Salido E, Abreu P, Moreno M, Felipe V, Abrante B, Quintero E. Chronic intermittent hypoxia aggravates intrahepatic endothelial dysfunction in cirrhotic rats. 2013 Apr;57(4):1564-74. doi: 10.1002\/hep.26152<\/li>\n<\/ul>\n<\/div>\n<div class=\"foot_content\">\n<div class=\"row\">\n<div class=\"col-sm-6\"><\/div>\n<div class=\"col-sm-6\">\n<div class=\"helix-social-share\">\n<div class=\"helix-social-share-icon\">\n<ul>\n<li>\n<div class=\"facebook\" title=\"\" data-toggle=\"tooltip\" data-placement=\"top\" data-original-title=\"Share On Facebook\"><\/div>\n<\/li>\n<\/ul>\n<\/div>\n<\/div>\n<\/div>\n<\/div>\n<\/div>\n<p>[\/vc_column_text][\/vc_column][\/vc_row]<\/p>\n","protected":false},"excerpt":{"rendered":"<p>[vc_row][vc_column][vc_column_text] Inflammatory and neoplastic disease of the gastrointestinal tract, Prevalent Liver Diseases INVESTIGADORES RESPONSABLES Enrique Quintero Carri\u00f3n, MD, PhD Professor of Medicine, Department of Internal Medicine, Dermatology and Psychiatry, ULL \u2013 Head of Gastroenterology Service until December 2019, HUC Manuel Hern\u00e1ndez-Guerra de Aguilar, MD, PhD Associate Lecturer, Department of Internal Medicine, Dermatology and Psychiatry, ULL&#8230;<\/p>\n","protected":false},"author":2,"featured_media":0,"parent":0,"menu_order":0,"comment_status":"closed","ping_status":"closed","template":"templates\/template-no-title.php","meta":[],"_links":{"self":[{"href":"https:\/\/www.ull.es\/institutos\/institute-biomedical-technologies\/wp-json\/wp\/v2\/pages\/321"}],"collection":[{"href":"https:\/\/www.ull.es\/institutos\/institute-biomedical-technologies\/wp-json\/wp\/v2\/pages"}],"about":[{"href":"https:\/\/www.ull.es\/institutos\/institute-biomedical-technologies\/wp-json\/wp\/v2\/types\/page"}],"author":[{"embeddable":true,"href":"https:\/\/www.ull.es\/institutos\/institute-biomedical-technologies\/wp-json\/wp\/v2\/users\/2"}],"replies":[{"embeddable":true,"href":"https:\/\/www.ull.es\/institutos\/institute-biomedical-technologies\/wp-json\/wp\/v2\/comments?post=321"}],"version-history":[{"count":1,"href":"https:\/\/www.ull.es\/institutos\/institute-biomedical-technologies\/wp-json\/wp\/v2\/pages\/321\/revisions"}],"predecessor-version":[{"id":322,"href":"https:\/\/www.ull.es\/institutos\/institute-biomedical-technologies\/wp-json\/wp\/v2\/pages\/321\/revisions\/322"}],"wp:attachment":[{"href":"https:\/\/www.ull.es\/institutos\/institute-biomedical-technologies\/wp-json\/wp\/v2\/media?parent=321"}],"curies":[{"name":"wp","href":"https:\/\/api.w.org\/{rel}","templated":true}]}}