{"id":351,"date":"2021-03-19T08:31:42","date_gmt":"2021-03-19T08:31:42","guid":{"rendered":"http:\/\/www.ull.es\/institutos\/institute-biomedical-technologies\/?page_id=351"},"modified":"2021-03-19T08:31:42","modified_gmt":"2021-03-19T08:31:42","slug":"electrical-engineering-and-bioengineering","status":"publish","type":"page","link":"https:\/\/www.ull.es\/institutos\/institute-biomedical-technologies\/electrical-engineering-and-bioengineering\/","title":{"rendered":"Electrical engineering and bioengineering"},"content":{"rendered":"<p>[vc_row][vc_column][vc_column_text]<\/p>\n<div class=\"page-header\">\n<h1>Electrical engineering and bioengineering<\/h1>\n<\/div>\n<div class=\"content\">\n<h4>INVESTIGADORES RESPONSABLES<\/h4>\n<table class=\"jefe\">\n<tbody>\n<tr>\n<td class=\"provisional\"><\/td>\n<td><strong>Ernesto Pereda de Pablo, PhD<\/strong><\/p>\n<p>Professor of Electrical Engineering, Department of Industrial Engineering, ULL<\/td>\n<\/tr>\n<\/tbody>\n<\/table>\n<table class=\"jefe\">\n<tbody>\n<tr>\n<td class=\"provisional\"><\/td>\n<td><strong>Jos\u00e9 Fco. G\u00f3mez Gonz\u00e1lez, PhD<\/strong><\/p>\n<p>Contracted Lecturer, Department of Industrial Engineering, ULL<\/td>\n<\/tr>\n<\/tbody>\n<\/table>\n<h4>PHD STUDENTS AND TRAINEES:<\/h4>\n<ul>\n<li>Juan Garc\u00eda-Prieto Cuesta (Contracted Researcher, Department of Industrial Engineering, ULL)<\/li>\n<\/ul>\n<h4>RESEARCH LINES:<\/h4>\n<p>In this laboratory we use bioengineering techniques to develop experimental techniques and software programmes for biological simulation, and to measure brain activity from multivariate neurological data. These tools aim to determine functional connectivity patterns and to implement new analysis tools for the study of complex systems.<\/p>\n<h4>FUNDED PROJECTS:<\/h4>\n<ul>\n<li>Improving optic data decoding in fibre networks using neuromorphic photonic devices (TEC2016-80063-C3-2-R \u201cMejorando la descodificaci\u00f3n de datos de forma \u00f3ptica en redes de comunicaciones por fibra utilizando dispositivos fot\u00f3nicos neuro-inspirados\u201d). PI: Alex Arenas (Ernesto Pereda de Pablo, ULL). Ministry of Economy and Competitiveness, MINECO (2016-2019, 35,000 \u20ac).<\/li>\n<li>Extraction and classification of brain activity information via portable electroencephalographs: application to brain-machine interface systems for patients with restricted mobility. (ProID2017010100 &#8211; Extracci\u00f3n y clasificaci\u00f3n de la informaci\u00f3n de la actividad cerebral detectada con electroencefal\u00f3grafo port\u00e1til. Aplicaci\u00f3n a sistemas de interface cerebrom\u00e1quina para pacientes con movilidad reducida\u201d). PI: Jos\u00e9 F. G\u00f3mez Gonz\u00e1lez. The Canary Islands Agency of Research, Innovation and Information Sciences (2017-2020, 69,996.33 \u20ac).<\/li>\n<\/ul>\n<h4>PUBLICATIONS 2019:<\/h4>\n<ul>\n<li>Hughes LE, Henson RN,Pereda E,Bru\u00f1a R,L\u00f3pez-Sanz D,Quinn AJ,WoolrichMW,Nobre AC,Rowe JB, Maest\u00fa F;BioFIND Working Group. Biomagnetic biomarkers for dementia: A pilot multicentre study with a recommended methodological framework for magnetoencephalography. Alzheimers Dement(Amst). 2019 Jun 14;11:450-462. doi: 10.1016\/j.dadm.2019.04.009<\/li>\n<li>Camara C, Warwick K, Bru\u00f1a R, Aziz T, Pereda E. Closed-loop deep brain stimulation based on a stream-clustering system. Expert Systems with Applications. 2019 Jul;126:187-199. doi: 1016\/j.eswa.2019.02.024<\/li>\n<li>Camara C, Warwick K, Aziz T, Pereda E. Non-linear dynamical analysis of resting tremor for demand-driven deep brain stimulation. Sensors (Basel). 2019 May 31;19(11). pii: E2507. doi: 10.3390\/s19112507<\/li>\n<li>L\u00f3pez ME,Pusil S,Pereda E, Maest\u00fa F,Barcel\u00f3 F.Dynamic low frequency EEG phase synchronization patterns during proactive control of task switching. 2019 Feb 1;186:70-82. doi: 10.1016\/j.neuroimage.2018.10.068<\/li>\n<li>Dimitriadis SI,L\u00f3pez ME,Maestu F,Pereda E.Modeling the switching behavior of functional connectivity microstates(fc\u03bcstates) as a novel biomarker for mild cognitive impairment. Front Neurosci. 2019 Jun 11;13:542. doi: 10.3389\/fnins.2019.00542<\/li>\n<li>Pusil S,Dimitriadis SI,L\u00f3pez ME,Pereda E,Maest\u00fa F.Aberrant MEG multi- frequency phase temporal synchronization predicts conversion from mild cognitive impairment-to-Alzheimer\u2019s disease. Neuroimage Clin. 2019;24:101972. doi: 10.1016\/j.nicl.2019.101972<\/li>\n<\/ul>\n<h4>OTHER SELECTED PUBLICATIONS FROM THE LAST 10 YEARS:<\/h4>\n<ul>\n<li>Garc\u00e9s P,Pereda E,Hern\u00e1ndez-Tamames JA,Del-Pozo F,Maest\u00fa F,Pineda-Pardo J\u00c1. Multimodal description of whole brain connectivity: A comparison of resting state MEG, fMRI, and DWI. Hum Brain Mapp. 2016 Jan;37(1):20-34. doi: 10.1002\/hbm.22995<\/li>\n<li>Niso G, Carrasco S, Gudin M, Maestu F, Del-Pozo F, Pereda E. What graph theory tells about resting state interictal MEG epileptic activity. Neuroimage Clin. 2015 May 23;8:503-15. doi: 10.1016\/j.nicl.2015.05.008<\/li>\n<li>Niso G, Bruna R, Pereda E, Gutierrez R, Bajo R, Maestu F, del-Pozo F, HERMES: towards an integrated toolbox to characterize functional and effective brain connectivity. Neuroinformatics. 2013 Oct;11(4):405-34. doi: 10.1007\/s12021-013-9186-1<\/li>\n<li>Gonzalez JJ, Manas S, De Vera L, Mendez LD, Lopez S, Garrido JM, Pereda E. Assessmentof electroencephalographic functional connectivity in term and preterm neonates. Clin Neurophysiol. 2011 Apr;122(4):696-702. doi: 10.1016\/j.clinph.2010.08.025<\/li>\n<li>Mart\u00edn-Mateos I, M\u00e9ndez P\u00e9rez JA,Reboso Morales JA,G\u00f3mez-Gonz\u00e1lez JF.Adaptive pharmacokinetic and pharmacodynamic modelling to predict propofol effect using BIS-guided anesthesia. Comput Biol Med. 2016 Aug 1;75:173-80. doi: 10.1016\/j.compbiomed.2016.06.007<\/li>\n<li>G\u00f3mez Gonz\u00e1lez JF,Mel BW,Poirazi P. Distinguishing Linear vs. Non-Linear Integration in CA1 Radial Oblique Dendrites: It\u2019s about Time. Front Comput 2011 Nov 14;5:44. doi: 10.3389\/fncom.2011.00044<\/li>\n<\/ul>\n<\/div>\n<p>[\/vc_column_text][\/vc_column][\/vc_row]<\/p>\n","protected":false},"excerpt":{"rendered":"<p>[vc_row][vc_column][vc_column_text] Electrical engineering and bioengineering INVESTIGADORES RESPONSABLES Ernesto Pereda de Pablo, PhD Professor of Electrical Engineering, Department of Industrial Engineering, ULL Jos\u00e9 Fco. G\u00f3mez Gonz\u00e1lez, PhD Contracted Lecturer, Department of Industrial Engineering, ULL PHD STUDENTS AND TRAINEES: Juan Garc\u00eda-Prieto Cuesta (Contracted Researcher, Department of Industrial Engineering, ULL) RESEARCH LINES: In this laboratory we use bioengineering&#8230;<\/p>\n","protected":false},"author":2,"featured_media":0,"parent":0,"menu_order":0,"comment_status":"closed","ping_status":"closed","template":"templates\/template-no-title.php","meta":[],"_links":{"self":[{"href":"https:\/\/www.ull.es\/institutos\/institute-biomedical-technologies\/wp-json\/wp\/v2\/pages\/351"}],"collection":[{"href":"https:\/\/www.ull.es\/institutos\/institute-biomedical-technologies\/wp-json\/wp\/v2\/pages"}],"about":[{"href":"https:\/\/www.ull.es\/institutos\/institute-biomedical-technologies\/wp-json\/wp\/v2\/types\/page"}],"author":[{"embeddable":true,"href":"https:\/\/www.ull.es\/institutos\/institute-biomedical-technologies\/wp-json\/wp\/v2\/users\/2"}],"replies":[{"embeddable":true,"href":"https:\/\/www.ull.es\/institutos\/institute-biomedical-technologies\/wp-json\/wp\/v2\/comments?post=351"}],"version-history":[{"count":1,"href":"https:\/\/www.ull.es\/institutos\/institute-biomedical-technologies\/wp-json\/wp\/v2\/pages\/351\/revisions"}],"predecessor-version":[{"id":352,"href":"https:\/\/www.ull.es\/institutos\/institute-biomedical-technologies\/wp-json\/wp\/v2\/pages\/351\/revisions\/352"}],"wp:attachment":[{"href":"https:\/\/www.ull.es\/institutos\/institute-biomedical-technologies\/wp-json\/wp\/v2\/media?parent=351"}],"curies":[{"name":"wp","href":"https:\/\/api.w.org\/{rel}","templated":true}]}}