{"id":355,"date":"2021-03-19T08:33:59","date_gmt":"2021-03-19T08:33:59","guid":{"rendered":"http:\/\/www.ull.es\/institutos\/institute-biomedical-technologies\/?page_id=355"},"modified":"2021-03-19T08:33:59","modified_gmt":"2021-03-19T08:33:59","slug":"neurochemistry-and-neuroimagen","status":"publish","type":"page","link":"https:\/\/www.ull.es\/institutos\/institute-biomedical-technologies\/neurochemistry-and-neuroimagen\/","title":{"rendered":"Neurochemistry and Neuroimagen"},"content":{"rendered":"<p>[vc_row][vc_column][vc_column_text]<\/p>\n<div class=\"page-header\">\n<h1>\u00a0Neurochemistry and Neuroimagen<\/h1>\n<\/div>\n<div class=\"content\">\n<h4>PRINCIPAL INVESTIGATOR<\/h4>\n<table class=\"jefe\">\n<tbody>\n<tr>\n<td class=\"provisional\"><\/td>\n<td><strong>Jos\u00e9 Luis Gonz\u00e1lez Mora<\/strong><\/p>\n<p>Professor of Physiology; Department of Basic Medical Sciences, ULL<\/td>\n<\/tr>\n<\/tbody>\n<\/table>\n<h4>POSTDOCTORAL RESEARCHERS:<\/h4>\n<ul>\n<li>Cristi\u00e1n D. Modro\u00f1o Pascual (Assistant Lecturer, Department of Basic Medical Sciences, ULL)<\/li>\n<\/ul>\n<h4>POSTDOCTORAL COLLABORATING RESEARCHERS:<\/h4>\n<ul>\n<li>Francisco Marcano Serrano (Agust\u00edn de Betancourt programme Investigator; Department of Basic Medical Sciences, ULL)<\/li>\n<li>David D\u00edaz Hern\u00e1ndez (Contracted by MACBIOIDI project)<\/li>\n<li>Marcial Galv\u00e1n Sosa (Researcher contracted by MACBIOIDI, ULL)<\/li>\n<li>I\u00f1igo Fern\u00e1ndez Bats (Agust\u00edn de Betancourt programme Investigator; Department of Basic Medical Sciences, ULL)<\/li>\n<li>Estefan\u00eda Hern\u00e1ndez Mart\u00edn (Postdoctoral Researcher, University of Southern California, Los Angeles CA, USA)<\/li>\n<li>Carmen Jim\u00e9nez Espinoza (Postdoctoral Researcher in Karolinska Institutet, Suecia)<\/li>\n<li>Pedro Salazar Carballo (Assistant Lecturer, ULL)<\/li>\n<li>Julio Plata Bello (Assistant lecturer ULL, Physician HUC)<\/li>\n<\/ul>\n<h4>PHD STUDENTS AND TRAINEES:<\/h4>\n<ul>\n<li>Tania Pacheco Ramos (Doctorate program, TEA Project)<\/li>\n<li>Carolina Romero Gonz\u00e1lez (Peripheral Neuropathy Project)<\/li>\n<\/ul>\n<h4>TECHNICAL AND ADMINISTRATIVE STAFF:<\/h4>\n<ul>\n<li>Idaira Hueso Falc\u00f3n (SRMIB-SEGAI technician, ULL)<\/li>\n<li>Jos\u00e9 Maria P\u00e9rez Gonz\u00e1lez (SRMIB-SEGAI technician, ULL e IMETISA)<\/li>\n<\/ul>\n<h4>RESEARCH LINES:<\/h4>\n<ul>\n<li>Development of biomedical technologies for rehabilitation and sensory restoration.<\/li>\n<li>Development of immuno sensors and biosensors for application in medical diagnosis.<\/li>\n<li>Development of techniques and methods in Biomedical Engineering.<\/li>\n<li>Diagnostic methods for autism spectrum disorders (ASD).<\/li>\n<\/ul>\n<h4>FUNDED PROJECTS:<\/h4>\n<ul>\n<li>Magnetic resonance imaging of active neuronal tracts (SAF2017-91824- EXP &#8211; \u00abImagen de resonancia magn\u00e9tica de tractos neuronales activos\u00bb). PI: Jos\u00e9 Luis Gonz\u00e1lez Mora. Ministry of Science, Innovation and Universities (2018-2019, 40,000 \u20ac).<\/li>\n<li>Boosting the cohesion of the Macaronesian ORs through a common ICT platform for the management of scientific data (MacBioIDi &#8211; \u00abImpulsando la cohesi\u00f3n de las RUPs macaron\u00e9sicas mediante una plataforma TIC com\u00fan para el manejo de datos cient\u00edficos\u00bb). PI (sub-proyect ULL): Jos\u00e9 Luis Gonz\u00e1lez Mora. European Community &#8211; FEDER (2017-2020, total amount: 2,900,000 \u20ac; sub-project ULL: 350,000 \u20ac).<\/li>\n<li>Upgrade of the 3.0T Magnetic Resonance Equipment for Biomedical Research (EQC2018-004106-P &#8211; \u00abActualizaci\u00f3n del Equipo de Resonancia Magn\u00e9tica de 3.0T para Investigaci\u00f3n Biom\u00e9dica\u00bb). Research Infrastructures and Scientific-Technical Equipment (State Plan I+D+i 2017-2020) PI: Jos\u00e9 Luis Gonzalez Mora (2020, 996,019.42 \u20ac).<\/li>\n<li>Desarrollo de un prototipo avanzado de alta calidad cient\u00edfica y tecnol\u00f3gica para aplicaciones biom\u00e9dicas basado en reconstrucci\u00f3n de im\u00e1genes de infrarrojo cercano DOT-NIR (\u00abDevelopment of an advanced high-quality scientific-technological prototype for biomedical applications based on DOT near-infrared (NIR) image reconstruction\u00bb). Agust\u00edn de Betancourt programme. PI: Francisco J. Marcano Serrano; PI-ULL: Justo Roberto P\u00e9rez Cruz. Regional Government of Tenerife (2017-2021, 160,000 \u20ac).<\/li>\n<li>Development and application of nanostructured magnetic platforms in the detection of pathogens: environmental applications in the agri-food industry and in water intended for human consumption (\u00abDesarrollo y aplicaci\u00f3n de plataformas magn\u00e9ticas nanoestructuradas en la detecci\u00f3n de agentes pat\u00f3genos: aplicaciones medioambientales, en la industria agroalimentaria y en aguas de consumo humano\u00bb). Agust\u00edn de Betancourt programme. PI: \u00cd\u00f1igo Fern\u00e1ndez Bats; PI-ULL: Jos\u00e9 Luis Gonz\u00e1lez Mora. Government of Tenerife (2019-2023, 160,000 \u20ac).<\/li>\n<\/ul>\n<h4>PUBLICATIONS 2019:<\/h4>\n<ul>\n<li>Modro\u00f1o C,Navarrete G, Nicolle A,Gonz\u00e1lez-Mora JL,Smith KW,Marling M,Goel V. Developmental grey matter changes in superior parietal cortex accompany improved transitive reasoning. Think Reason. 2018 Oct 3;25(2):151-170. doi: 10.1080\/13546783.2018.1481144<\/li>\n<li>Salazar P, Mart\u00edn M, Gonz\u00e1lez-Mora JL. In situ electrodeposition of cholesterol oxidase-modified polydopamine thin film on nanostructured screen printed electrodes for free cholesterol determination. Journal of Electroanalytical Chemistry. March 2019; 837:191-199. doi: 1016\/j.jelechem.2019.02.032<\/li>\n<li>Plata Bello J,Garc\u00eda-Pe\u00f1a C,Modro\u00f1o C,Hern\u00e1ndez-Mart\u00edn E,P\u00e9rez-Mart\u00edn Y,Marcano F,Gonz\u00e1lez-Mora JL. Visual inputs decrease brain activity in frontal areas during silent lipreading. PLoS One. 2019 Oct 10;14(10):e0223782. doi: 10.1371\/journal.pone.022378<\/li>\n<li>Hernandez-Martin E, Marcano F, Modro\u00f1o-Pascual C, Casanova-Gonz\u00e1lez O, Plata-Bello J, Gonz\u00e1lez-Mora JL. Is it possible to measure hemodynamic changes in the prefrontal cortex through the frontal sinus using continuous wave DOT systems. Biomedical Optics Express. 2019 Jan 24;10(2):817-837. doi: 10.1364\/BOE.10.000817<\/li>\n<li>Vartanian O, Navarrete G, Chatterjee A, Fich LB, Leder H, Modro\u00f1o C, Rostrup N, Skov M, Corradi G, Nadal M. Preference for curvilinear contour in interior architectural spaces: Evidence from experts and nonexperts. Psychology of Aesthetics, Creativity, and the Arts. 2019 Feb;13(1):110-116. doi: 10.1037\/aca0000150<\/li>\n<li>Le\u00f3n I, Rodrigo MJ, El-Deredy W, Modro\u00f1o C, Hern\u00e1ndez-Cabrera JA, Qui\u00f1ones I. Limbic-visual attenuation to crying faces underlies neglectful mothering. Sci Rep. 2019 Apr 23;9(1):6373. doi: 10.1038\/s41598-019-42908-1<\/li>\n<li>Modro\u00f1o C,Berm\u00fadez S,Cameir\u00e3o M,Pereira F,Paulino T,Marcano F,Hern\u00e1ndez-Mart\u00edn E,Plata-Bello J, Palenzuela N,N\u00fa\u00f1ez-P\u00e1dron D,P\u00e9rez-Gonz\u00e1lez JM,Gonz\u00e1lez-Mora JL.Is it necessary to show virtual limbs in action observation neurorehabilitation systems? J Rehabil Assist Technol Eng. 2019 Jul 16;6:2055668319859140. doi: 10.1177\/2055668319859140<\/li>\n<\/ul>\n<h4>OTHER SELECTED PUBLICATIONS FROM THE LAST 10 YEARS:<\/h4>\n<ul>\n<li>Limongi R,P\u00e9rez FJ,Modro\u00f1o C,Gonz\u00e1lez-Mora JL.Temporal Uncertainty and Temporal Estimation Errors Affect Insular Activity and the Frontostriatal Indirect Pathway during Action Update: A Predictive Coding Study. Front Hum Neurosci. 2016 Jun 27;10:276. doi: 10.3389\/fnhum.2016.00276<\/li>\n<li>Modro\u00f1o C,Plata-Bello J,Zelaya F,Garc\u00eda S,Galv\u00e1n I,Marcano F,Navarrete G, Casanova \u00d3,Mas M,Gonz\u00e1lez-Mora JL.Enhancing Sensorimotor Activity by Controlling Virtual Objects with Gaze. PLoS One. 2015 Mar 23;10(3):e0121562. doi: 10.1371\/journal.pone.0121562<\/li>\n<li>Vartanian O, Navarrete G, Chatterjee A, Fich LB, Gonzalez-Mora JL, Leder H, Modro\u00f1o C, Nadal M, Rostrup N, Skov M: Architectural Design and the Brain: Effects of Ceiling Height and Perceived Enclosure on Beauty Judgments and Approach-avoidance Decisions. Journal of Environmental Psychology 2014 Nov; 41. doi: 10.1016\/j.jenvp.2014.11.006<\/li>\n<li>Plata Bello J,Modro\u00f1o C,Marcano F,Gonz\u00e1lez-Mora JL: The Mirror Neuron System and Motor Dexterity: What happens? 2014 Sep 5;275:285-95. doi: 10.1016\/j.neuroscience.2014.06.010<\/li>\n<li>Salazar P,Mart\u00edn M,Gonz\u00e1lez-Mora JL,Gonz\u00e1lez-Elipe AR: Application of Prussian Blue electrodes for amperometric detection of free chlorine in water samples using Flow Injection Analy Talanta. 2016;146:410-6. doi: 10.1016\/j.talanta.2015.08.072<\/li>\n<\/ul>\n<\/div>\n<div class=\"foot_content\"><\/div>\n<p>[\/vc_column_text][\/vc_column][\/vc_row]<\/p>\n","protected":false},"excerpt":{"rendered":"<p>[vc_row][vc_column][vc_column_text] \u00a0Neurochemistry and Neuroimagen PRINCIPAL INVESTIGATOR Jos\u00e9 Luis Gonz\u00e1lez Mora Professor of Physiology; Department of Basic Medical Sciences, ULL POSTDOCTORAL RESEARCHERS: Cristi\u00e1n D. Modro\u00f1o Pascual (Assistant Lecturer, Department of Basic Medical Sciences, ULL) POSTDOCTORAL COLLABORATING RESEARCHERS: Francisco Marcano Serrano (Agust\u00edn de Betancourt programme Investigator; Department of Basic Medical Sciences, ULL) David D\u00edaz Hern\u00e1ndez (Contracted by&#8230;<\/p>\n","protected":false},"author":2,"featured_media":0,"parent":0,"menu_order":0,"comment_status":"closed","ping_status":"closed","template":"templates\/template-no-title.php","meta":[],"_links":{"self":[{"href":"https:\/\/www.ull.es\/institutos\/institute-biomedical-technologies\/wp-json\/wp\/v2\/pages\/355"}],"collection":[{"href":"https:\/\/www.ull.es\/institutos\/institute-biomedical-technologies\/wp-json\/wp\/v2\/pages"}],"about":[{"href":"https:\/\/www.ull.es\/institutos\/institute-biomedical-technologies\/wp-json\/wp\/v2\/types\/page"}],"author":[{"embeddable":true,"href":"https:\/\/www.ull.es\/institutos\/institute-biomedical-technologies\/wp-json\/wp\/v2\/users\/2"}],"replies":[{"embeddable":true,"href":"https:\/\/www.ull.es\/institutos\/institute-biomedical-technologies\/wp-json\/wp\/v2\/comments?post=355"}],"version-history":[{"count":1,"href":"https:\/\/www.ull.es\/institutos\/institute-biomedical-technologies\/wp-json\/wp\/v2\/pages\/355\/revisions"}],"predecessor-version":[{"id":356,"href":"https:\/\/www.ull.es\/institutos\/institute-biomedical-technologies\/wp-json\/wp\/v2\/pages\/355\/revisions\/356"}],"wp:attachment":[{"href":"https:\/\/www.ull.es\/institutos\/institute-biomedical-technologies\/wp-json\/wp\/v2\/media?parent=355"}],"curies":[{"name":"wp","href":"https:\/\/api.w.org\/{rel}","templated":true}]}}