{"id":88,"date":"2020-11-27T13:50:03","date_gmt":"2020-11-27T13:50:03","guid":{"rendered":"http:\/\/www.ull.es\/institutos\/instituto-tecnologias-biomedicas\/?page_id=88"},"modified":"2021-03-26T10:50:40","modified_gmt":"2021-03-26T10:50:40","slug":"external-evaluations","status":"publish","type":"page","link":"https:\/\/www.ull.es\/institutos\/institute-biomedical-technologies\/external-evaluations\/","title":{"rendered":"External evaluations"},"content":{"rendered":"<p>[vc_row full_width=\u00bbstretch_row_content\u00bb el_class=\u00bbprincipio-marcha\u00bb][vc_column css=\u00bb.vc_custom_1588939369209{padding-top: 40px !important;}\u00bb][vc_custom_heading text=\u00bbExternal evaluations\u00bb font_container=\u00bbtag:h2|text_align:center|color:%23ffffff\u00bb use_theme_fonts=\u00bbyes\u00bb css_animation=\u00bbfadeInDownBig\u00bb][\/vc_column][\/vc_row][vc_row full_width=\u00bbstretch_row_content\u00bb equal_height=\u00bbyes\u00bb][vc_column css=\u00bb.vc_custom_1588945461556{background-color: #f2f2f2 !important;}\u00bb][vc_tta_accordion active_section=\u00bb0&#8243; css_animation=\u00bbfadeInDown\u00bb collapsible_all=\u00bbtrue\u00bb][vc_tta_section title=\u00bbImbrain project external evaluation (2016)\u00bb tab_id=\u00bb8e8e8e8e8enwbw\u00bb][vc_empty_space height=\u00bb20px\u00bb][vc_column_text css=\u00bb.vc_custom_1616755630536{padding-right: 3% !important;padding-left: 3% !important;}\u00bb]<\/p>\n<ul>\n<li><strong>External evaluation report prepared by the evaluation committee appointed by the European Commission after the end of the project.<\/strong>According to the regulations of the call, REGPOT program\u2019s projects of the European Commission (EC) had the option of undergoing an independent evaluation of the quality and global research capacity by an international experts\u2019 board appointed by the EC.As indicated in the call (European Commission C-2011-5023), \u201cthe results of this evaluation should be discussed jointly with the representatives of the national agencies and regional authorities to determine the most appropriate ways and methods to preserve the \u201cexcellence\u201d of the beneficiary institution and explore its contribution to regional and european sustainable development \u201d. The evaluation will use the appropriate means of the beneficiary institution, in order to facilitate the activities of the experts. This will include: (i) Mobilization of the available means and human resources; (ii) Organization of the evaluation committee visits; (iii) Organization of the meetings proposed by the evaluators with the members of the project&#8217;s steering committee and its external advisory committee; and (iv) Reception of the results and presentation to the main stakeholders at regional and national levels.After the activities developed by the evaluation committee between March and May 2016, on May 16th and 17th the results of the evaluation were discussed with the different academic and social agents, presenting a summary of the final report and the recommendations of the evaluation committee.\n<ul>\n<li>To download the\u00a0<a href=\"http:\/\/www.ull.es\/institutos\/institute-biomedical-technologies\/wp-content\/uploads\/sites\/17\/2021\/03\/2016-evaluacion-inbrain_compressed.pdf\" target=\"_blank\" rel=\"noopener noreferrer\" target=\"_blank\" rel=\"noopener\">FULL REPORT<\/a>, click on\u00a0<a href=\"http:\/\/www.ull.es\/institutos\/institute-biomedical-technologies\/wp-content\/uploads\/sites\/17\/2021\/03\/2016-evaluacion-inbrain_compressed.pdf\" target=\"_blank\" rel=\"noopener noreferrer\" target=\"_blank\" rel=\"noopener\">THIS LINK<\/a><\/li>\n<\/ul>\n<\/li>\n<\/ul>\n<p>[\/vc_column_text][vc_empty_space height=\u00bb20px\u00bb][\/vc_tta_section][vc_tta_section title=\u00bbScientific advisory board report 2019&#8243; tab_id=\u00bbScientific-advisory-board-report-2019&#8243;][vc_column_text css=\u00bb.vc_custom_1616755838538{padding-right: 3% !important;padding-left: 3% !important;}\u00bb]<strong>Executive Summary<\/strong><\/p>\n<p>The Scientific Advisory Board (SAB) conducted a comprehensive site visit of the ITB on November 29-31, 2019. During the visit, the SAB attended scientific presentations by the Program leaders and selected Group Leaders and visited the ITB facilities. In addition, the SAB met with postdoctoral and predoctoral researchers. Furthermore, the SAB carried out a closed evaluation session and a final executive session to present recommendations to the ITB Director, Professor Tom\u00e1s Gonz\u00e1lez Hern\u00e1ndez and discuss future plans for the ITB. The SAB was impressed by the ITB\u2019s accomplishments over the past several years. In particular, by the creation of a biomedical research community with local medical practitioners, and the ITB\u2019s success in securing supporting grants and international cooperation.<\/p>\n<p>&nbsp;<\/p>\n<ul>\n<li>Para descargar el<strong>\u00a0<a href=\"http:\/\/www.ull.es\/institutos\/institute-biomedical-technologies\/wp-content\/uploads\/sites\/17\/2021\/03\/2019-evaluacion-advisory-board_compressed.pdf\" target=\"_blank\" rel=\"noopener noreferrer\" target=\"_blank\" rel=\"noopener\">informe completo<\/a>,\u00a0<\/strong>pulse en\u00a0<a href=\"http:\/\/www.ull.es\/institutos\/institute-biomedical-technologies\/wp-content\/uploads\/sites\/17\/2021\/03\/2019-evaluacion-advisory-board_compressed.pdf\" target=\"_blank\" rel=\"noopener noreferrer\" target=\"_blank\" rel=\"noopener\">ESTE ENLACE<\/a><\/li>\n<\/ul>\n<p>[\/vc_column_text][vc_empty_space height=\u00bb20px\u00bb][\/vc_tta_section][\/vc_tta_accordion][vc_empty_space height=\u00bb120px\u00bb][vc_empty_space height=\u00bb100px\u00bb][\/vc_column][\/vc_row]<\/p>\n","protected":false},"excerpt":{"rendered":"<p>[vc_row full_width=\u00bbstretch_row_content\u00bb el_class=\u00bbprincipio-marcha\u00bb][vc_column css=\u00bb.vc_custom_1588939369209{padding-top: 40px !important;}\u00bb][vc_custom_heading text=\u00bbExternal evaluations\u00bb font_container=\u00bbtag:h2|text_align:center|color:%23ffffff\u00bb use_theme_fonts=\u00bbyes\u00bb css_animation=\u00bbfadeInDownBig\u00bb][\/vc_column][\/vc_row][vc_row full_width=\u00bbstretch_row_content\u00bb equal_height=\u00bbyes\u00bb][vc_column css=\u00bb.vc_custom_1588945461556{background-color: #f2f2f2 !important;}\u00bb][vc_tta_accordion active_section=\u00bb0&#8243; css_animation=\u00bbfadeInDown\u00bb collapsible_all=\u00bbtrue\u00bb][vc_tta_section title=\u00bbImbrain project external evaluation (2016)\u00bb tab_id=\u00bb8e8e8e8e8enwbw\u00bb][vc_empty_space height=\u00bb20px\u00bb][vc_column_text css=\u00bb.vc_custom_1616755630536{padding-right: 3% !important;padding-left: 3% !important;}\u00bb] External evaluation report prepared by the evaluation committee appointed by the European Commission after the end of the project.According to the regulations of the&#8230;<\/p>\n","protected":false},"author":4,"featured_media":0,"parent":0,"menu_order":0,"comment_status":"closed","ping_status":"closed","template":"templates\/template-no-title.php","meta":[],"_links":{"self":[{"href":"https:\/\/www.ull.es\/institutos\/institute-biomedical-technologies\/wp-json\/wp\/v2\/pages\/88"}],"collection":[{"href":"https:\/\/www.ull.es\/institutos\/institute-biomedical-technologies\/wp-json\/wp\/v2\/pages"}],"about":[{"href":"https:\/\/www.ull.es\/institutos\/institute-biomedical-technologies\/wp-json\/wp\/v2\/types\/page"}],"author":[{"embeddable":true,"href":"https:\/\/www.ull.es\/institutos\/institute-biomedical-technologies\/wp-json\/wp\/v2\/users\/4"}],"replies":[{"embeddable":true,"href":"https:\/\/www.ull.es\/institutos\/institute-biomedical-technologies\/wp-json\/wp\/v2\/comments?post=88"}],"version-history":[{"count":6,"href":"https:\/\/www.ull.es\/institutos\/institute-biomedical-technologies\/wp-json\/wp\/v2\/pages\/88\/revisions"}],"predecessor-version":[{"id":372,"href":"https:\/\/www.ull.es\/institutos\/institute-biomedical-technologies\/wp-json\/wp\/v2\/pages\/88\/revisions\/372"}],"wp:attachment":[{"href":"https:\/\/www.ull.es\/institutos\/institute-biomedical-technologies\/wp-json\/wp\/v2\/media?parent=88"}],"curies":[{"name":"wp","href":"https:\/\/api.w.org\/{rel}","templated":true}]}}