{"id":259,"date":"2021-10-13T13:24:04","date_gmt":"2021-10-13T12:24:04","guid":{"rendered":"https:\/\/www.ull.es\/institutos\/instituto-enfermedades-tropicales-salud-publica-canarias\/?page_id=259"},"modified":"2021-10-15T11:41:12","modified_gmt":"2021-10-15T10:41:12","slug":"listado-de-servicios","status":"publish","type":"page","link":"https:\/\/www.ull.es\/institutos\/instituto-enfermedades-tropicales-salud-publica-canarias\/listado-de-servicios\/","title":{"rendered":"Listado de servicios"},"content":{"rendered":"<p>[vc_row full_width=\u00bbstretch_row_content\u00bb el_class=\u00bbprincipio-marcha\u00bb][vc_column css=\u00bb.vc_custom_1588939369209{padding-top: 40px !important;}\u00bb][vc_custom_heading text=\u00bbListado de servicios\u00bb font_container=\u00bbtag:h2|text_align:center|color:%23ffffff\u00bb use_theme_fonts=\u00bbyes\u00bb css_animation=\u00bbfadeInDownBig\u00bb][\/vc_column][\/vc_row][vc_row][vc_column][vc_column_text]<\/p>\n<h3>Servicios del laboratorio de Alertas Biol\u00f3gicas<\/h3>\n<p>&nbsp;<\/p>\n<table>\n<tbody>\n<tr>\n<td><b>C\u00f3digo<\/b><\/td>\n<td><b>Concepto<\/b><\/td>\n<td><b>IGIC<\/b><\/td>\n<\/tr>\n<tr>\n<td><span style=\"font-weight: 400;\">1<\/span><\/td>\n<td><span style=\"font-weight: 400;\">Diagn\u00f3stico de COVID19 PCR<\/span><\/td>\n<td><span style=\"font-weight: 400;\">General<\/span><\/td>\n<\/tr>\n<\/tbody>\n<\/table>\n<p><b>Tarifas<\/b><\/p>\n<table>\n<tbody>\n<tr>\n<td><span style=\"font-weight: 400;\">T3<\/span><\/td>\n<td><span style=\"font-weight: 400;\">90,00 \u20ac<\/span><\/td>\n<\/tr>\n<tr>\n<td><span style=\"font-weight: 400;\">T4<\/span><\/td>\n<td><span style=\"font-weight: 400;\">120,00 \u20ac<\/span><\/td>\n<\/tr>\n<\/tbody>\n<\/table>\n<p>&nbsp;<\/p>\n<table>\n<tbody>\n<tr>\n<td><b>C\u00f3digo<\/b><\/td>\n<td><b>Concepto<\/b><\/td>\n<td><b>IGIC<\/b><\/td>\n<\/tr>\n<tr>\n<td><span style=\"font-weight: 400;\">2<\/span><\/td>\n<td>Diagn\u00f3stico de COVID19 tira reactiva<\/td>\n<td><span style=\"font-weight: 400;\">General<\/span><\/td>\n<\/tr>\n<\/tbody>\n<\/table>\n<p>&nbsp;<\/p>\n<p><b>Tarifas<\/b><\/p>\n<table>\n<tbody>\n<tr>\n<td><span style=\"font-weight: 400;\">T3<\/span><\/td>\n<td><span style=\"font-weight: 400;\">20,00 \u20ac<\/span><\/td>\n<\/tr>\n<tr>\n<td><span style=\"font-weight: 400;\">T4<\/span><\/td>\n<td><span style=\"font-weight: 400;\">25,00 \u20ac<\/span><\/td>\n<\/tr>\n<\/tbody>\n<\/table>\n<p>&nbsp;<\/p>\n<table>\n<tbody>\n<tr>\n<td><b>C\u00f3digo<\/b><\/td>\n<td><b>Concepto<\/b><\/td>\n<td><b>IGIC<\/b><\/td>\n<\/tr>\n<tr>\n<td><span style=\"font-weight: 400;\">6<\/span><\/td>\n<td>Diagn\u00f3stico Express COVID19<\/td>\n<td><span style=\"font-weight: 400;\">General<\/span><\/td>\n<\/tr>\n<\/tbody>\n<\/table>\n<p><b>Tarifas<\/b><\/p>\n<table>\n<tbody>\n<tr>\n<td><span style=\"font-weight: 400;\">T3<\/span><\/td>\n<td><span style=\"font-weight: 400;\">150,00\u20ac<\/span><\/td>\n<\/tr>\n<tr>\n<td><span style=\"font-weight: 400;\">T4<\/span><\/td>\n<td><span style=\"font-weight: 400;\">180,00 \u20ac<\/span><\/td>\n<\/tr>\n<\/tbody>\n<\/table>\n<p>&nbsp;<\/p>\n<table>\n<tbody>\n<tr>\n<td><b>C\u00f3digo<\/b><\/td>\n<td><b>Concepto<\/b><\/td>\n<td><b>IGIC<\/b><\/td>\n<\/tr>\n<tr>\n<td><span style=\"font-weight: 400;\">7<\/span><\/td>\n<td>Diagnostico Pool COVID19<\/td>\n<td><span style=\"font-weight: 400;\">General<\/span><\/td>\n<\/tr>\n<\/tbody>\n<\/table>\n<p><b>Tarifas<\/b><\/p>\n<table>\n<tbody>\n<tr>\n<td><span style=\"font-weight: 400;\">T3<\/span><\/td>\n<td><span style=\"font-weight: 400;\">110,00 \u20ac<\/span><\/td>\n<\/tr>\n<tr>\n<td><span style=\"font-weight: 400;\">T4<\/span><\/td>\n<td><span style=\"font-weight: 400;\">145,00 \u20ac<\/span><\/td>\n<\/tr>\n<\/tbody>\n<\/table>\n<p>&nbsp;<\/p>\n<table>\n<tbody>\n<tr>\n<td><b>C\u00f3digo<\/b><\/td>\n<td><b>Concepto<\/b><\/td>\n<td><b>IGIC<\/b><\/td>\n<\/tr>\n<tr>\n<td><span style=\"font-weight: 400;\">8<\/span><\/td>\n<td>Diagn\u00f3stico de COVID19 en saliva<\/td>\n<td><span style=\"font-weight: 400;\">General<\/span><\/td>\n<\/tr>\n<\/tbody>\n<\/table>\n<p><b>Tarifas<\/b><\/p>\n<table>\n<tbody>\n<tr>\n<td><span style=\"font-weight: 400;\">T3<\/span><\/td>\n<td><span style=\"font-weight: 400;\">80,00 \u20ac<\/span><\/td>\n<\/tr>\n<tr>\n<td><span style=\"font-weight: 400;\">T4<\/span><\/td>\n<td><span style=\"font-weight: 400;\">100,00 \u20ac<\/span><\/td>\n<\/tr>\n<\/tbody>\n<\/table>\n<p>&nbsp;<\/p>\n<table>\n<tbody>\n<tr>\n<td><b>C\u00f3digo<\/b><\/td>\n<td><b>Concepto<\/b><\/td>\n<td><b>IGIC<\/b><\/td>\n<\/tr>\n<tr>\n<td><span style=\"font-weight: 400;\">9<\/span><\/td>\n<td>Asistencia de t\u00e9cnico doctor \/ hora<\/td>\n<td><span style=\"font-weight: 400;\">General<\/span><\/td>\n<\/tr>\n<\/tbody>\n<\/table>\n<p><b>Tarifas<\/b><\/p>\n<table>\n<tbody>\n<tr>\n<td><span style=\"font-weight: 400;\">T3<\/span><\/td>\n<td><span style=\"font-weight: 400;\">50,00 \u20ac<\/span><\/td>\n<\/tr>\n<tr>\n<td><span style=\"font-weight: 400;\">T4<\/span><\/td>\n<td><span style=\"font-weight: 400;\">100,00 \u20ac<\/span><\/td>\n<\/tr>\n<\/tbody>\n<\/table>\n<p>&nbsp;<\/p>\n<table>\n<tbody>\n<tr>\n<td><b>C\u00f3digo<\/b><\/td>\n<td><b>Concepto<\/b><\/td>\n<td><b>IGIC<\/b><\/td>\n<\/tr>\n<tr>\n<td><span style=\"font-weight: 400;\">10<\/span><\/td>\n<td>Asistencia de t\u00e9cnico de grado superior \/ hora<\/td>\n<td><span style=\"font-weight: 400;\">General<\/span><\/td>\n<\/tr>\n<\/tbody>\n<\/table>\n<p><b>Tarifas<\/b><\/p>\n<table>\n<tbody>\n<tr>\n<td><span style=\"font-weight: 400;\">T3<\/span><\/td>\n<td><span style=\"font-weight: 400;\">42,00 \u20ac<\/span><\/td>\n<\/tr>\n<tr>\n<td><span style=\"font-weight: 400;\">T4<\/span><\/td>\n<td><span style=\"font-weight: 400;\">80,00 \u20ac<\/span><\/td>\n<\/tr>\n<\/tbody>\n<\/table>\n<p>&nbsp;<\/p>\n<table>\n<tbody>\n<tr>\n<td><b>C\u00f3digo<\/b><\/td>\n<td><b>Concepto<\/b><\/td>\n<td><b>IGIC<\/b><\/td>\n<\/tr>\n<tr>\n<td><span style=\"font-weight: 400;\">11<\/span><\/td>\n<td>Asistencia de t\u00e9cnico de grado medio o t\u00e9cnico especialista \/ hora<\/td>\n<td><span style=\"font-weight: 400;\">General<\/span><\/td>\n<\/tr>\n<\/tbody>\n<\/table>\n<p><b>Tarifas<\/b><\/p>\n<table>\n<tbody>\n<tr>\n<td><span style=\"font-weight: 400;\">T3<\/span><\/td>\n<td><span style=\"font-weight: 400;\">35,00 \u20ac<\/span><\/td>\n<\/tr>\n<tr>\n<td><span style=\"font-weight: 400;\">T4<\/span><\/td>\n<td><span style=\"font-weight: 400;\">70,00 \u20ac<\/span><\/td>\n<\/tr>\n<\/tbody>\n<\/table>\n<p>&nbsp;<\/p>\n<table>\n<tbody>\n<tr>\n<td><b>C\u00f3digo<\/b><\/td>\n<td><b>Concepto<\/b><\/td>\n<td><b>IGIC<\/b><\/td>\n<\/tr>\n<tr>\n<td><span style=\"font-weight: 400;\">12<\/span><\/td>\n<td>Elaboraci\u00f3n de informes de an\u00e1lisis de resultados \/ hora<\/td>\n<td><span style=\"font-weight: 400;\">General<\/span><\/td>\n<\/tr>\n<\/tbody>\n<\/table>\n<p><b>Tarifas<\/b><\/p>\n<table>\n<tbody>\n<tr>\n<td><span style=\"font-weight: 400;\">T3<\/span><\/td>\n<td><span style=\"font-weight: 400;\">100,00 \u20ac<\/span><\/td>\n<\/tr>\n<tr>\n<td><span style=\"font-weight: 400;\">T4<\/span><\/td>\n<td><span style=\"font-weight: 400;\">120,00 \u20ac<\/span><\/td>\n<\/tr>\n<\/tbody>\n<\/table>\n<p>&nbsp;<\/p>\n<table>\n<tbody>\n<tr>\n<td><b>C\u00f3digo<\/b><\/td>\n<td><b>Concepto<\/b><\/td>\n<td><b>IGIC<\/b><\/td>\n<\/tr>\n<tr>\n<td><span style=\"font-weight: 400;\">13<\/span><\/td>\n<td>Desplazamientos \/ hora<\/td>\n<td><span style=\"font-weight: 400;\">General<\/span><\/td>\n<\/tr>\n<\/tbody>\n<\/table>\n<p><b>Tarifas<\/b><\/p>\n<table>\n<tbody>\n<tr>\n<td><span style=\"font-weight: 400;\">T3<\/span><\/td>\n<td><span style=\"font-weight: 400;\">35,00 \u20ac<\/span><\/td>\n<\/tr>\n<tr>\n<td><span style=\"font-weight: 400;\">T4<\/span><\/td>\n<td><span style=\"font-weight: 400;\">70,00 \u20ac<\/span><\/td>\n<\/tr>\n<\/tbody>\n<\/table>\n<p>&nbsp;<\/p>\n<table>\n<tbody>\n<tr>\n<td><b>C\u00f3digo<\/b><\/td>\n<td><b>Concepto<\/b><\/td>\n<td><b>IGIC<\/b><\/td>\n<\/tr>\n<tr>\n<td><span style=\"font-weight: 400;\">14<\/span><\/td>\n<td>C\u00e1lculo de CT RT-PCR SARS-Cov2<\/td>\n<td><span style=\"font-weight: 400;\">General<\/span><\/td>\n<\/tr>\n<\/tbody>\n<\/table>\n<p><b>Tarifas<\/b><\/p>\n<table>\n<tbody>\n<tr>\n<td><span style=\"font-weight: 400;\">T3<\/span><\/td>\n<td><span style=\"font-weight: 400;\">40,00 \u20ac<\/span><\/td>\n<\/tr>\n<tr>\n<td><span style=\"font-weight: 400;\">T4<\/span><\/td>\n<td><span style=\"font-weight: 400;\">80,00 \u20ac<\/span><\/td>\n<\/tr>\n<\/tbody>\n<\/table>\n<p>&nbsp;<\/p>\n<table>\n<tbody>\n<tr>\n<td><b>C\u00f3digo<\/b><\/td>\n<td><b>Concepto<\/b><\/td>\n<td><b>IGIC<\/b><\/td>\n<\/tr>\n<tr>\n<td><span style=\"font-weight: 400;\">15<\/span><\/td>\n<td>Detecci\u00f3n de variante de SARS-Cov-2<\/td>\n<td><span style=\"font-weight: 400;\">General<\/span><\/td>\n<\/tr>\n<\/tbody>\n<\/table>\n<p><b>Tarifas<\/b><\/p>\n<table>\n<tbody>\n<tr>\n<td><span style=\"font-weight: 400;\">T3<\/span><\/td>\n<td><span style=\"font-weight: 400;\">80,00 \u20ac<\/span><\/td>\n<\/tr>\n<tr>\n<td><span style=\"font-weight: 400;\">T4<\/span><\/td>\n<td><span style=\"font-weight: 400;\">110,00 \u20ac<\/span><\/td>\n<\/tr>\n<\/tbody>\n<\/table>\n<p>&nbsp;<\/p>\n<p><strong>Laboratorio de Alertas Biol\u00f3gicas <\/strong><br \/>\n<strong>Correo electr\u00f3nico<\/strong>: <a href=\"mailto:jmlorenz@ull.edu.es\" target=\"_blank\" rel=\"noopener\">jmlorenz@ull.edu.es<\/a><br \/>\n<strong>Tel\u00e9fono<\/strong>: 922 316502 ext. 6578<\/p>\n<p>&nbsp;<\/p>\n<h3>Servicios del laboratorio de Quimioterapia Antiparasitaria y laboratorio de Amebas de Vida Libre<\/h3>\n<p>&nbsp;<\/p>\n<table>\n<tbody>\n<tr>\n<td><b>C\u00f3digo<\/b><\/td>\n<td><b>Concepto<\/b><\/td>\n<td><b>IGIC<\/b><\/td>\n<\/tr>\n<tr>\n<td><span style=\"font-weight: 400;\">3<\/span><\/td>\n<td>Diagn\u00f3stico Acanthamoeba PCR<\/td>\n<td><span style=\"font-weight: 400;\">General<\/span><\/td>\n<\/tr>\n<\/tbody>\n<\/table>\n<p><b>Tarifas<\/b><\/p>\n<table>\n<tbody>\n<tr>\n<td><span style=\"font-weight: 400;\">T3<\/span><\/td>\n<td><span style=\"font-weight: 400;\">55,00 \u20ac<\/span><\/td>\n<\/tr>\n<tr>\n<td><span style=\"font-weight: 400;\">T4<\/span><\/td>\n<td><span style=\"font-weight: 400;\">70,00 \u20ac<\/span><\/td>\n<\/tr>\n<\/tbody>\n<\/table>\n<p>&nbsp;<\/p>\n<table>\n<tbody>\n<tr>\n<td><b>C\u00f3digo<\/b><\/td>\n<td><b>Concepto<\/b><\/td>\n<td><b>IGIC<\/b><\/td>\n<\/tr>\n<tr>\n<td><span style=\"font-weight: 400;\">4<\/span><\/td>\n<td>Diagn\u00f3stico Naegleria fowleri PCR<\/td>\n<td><span style=\"font-weight: 400;\">General<\/span><\/td>\n<\/tr>\n<\/tbody>\n<\/table>\n<p><b>Tarifas<\/b><\/p>\n<table>\n<tbody>\n<tr>\n<td><span style=\"font-weight: 400;\">T3<\/span><\/td>\n<td><span style=\"font-weight: 400;\">55,00 \u20ac<\/span><\/td>\n<\/tr>\n<tr>\n<td><span style=\"font-weight: 400;\">T4<\/span><\/td>\n<td><span style=\"font-weight: 400;\">70,00 \u20ac<\/span><\/td>\n<\/tr>\n<\/tbody>\n<\/table>\n<p>&nbsp;<\/p>\n<table>\n<tbody>\n<tr>\n<td><b>C\u00f3digo<\/b><\/td>\n<td><b>Concepto<\/b><\/td>\n<td><b>IGIC<\/b><\/td>\n<\/tr>\n<tr>\n<td><span style=\"font-weight: 400;\">5<\/span><\/td>\n<td>Diagn\u00f3stico Amebas de vida libre (Cultivo)<\/td>\n<td><span style=\"font-weight: 400;\">General<\/span><\/td>\n<\/tr>\n<\/tbody>\n<\/table>\n<p><b>Tarifas<\/b><\/p>\n<table>\n<tbody>\n<tr>\n<td><span style=\"font-weight: 400;\">T3<\/span><\/td>\n<td><span style=\"font-weight: 400;\">40,00 \u20ac<\/span><\/td>\n<\/tr>\n<tr>\n<td><span style=\"font-weight: 400;\">T4<\/span><\/td>\n<td><span style=\"font-weight: 400;\">55,00 \u20ac<\/span><\/td>\n<\/tr>\n<\/tbody>\n<\/table>\n<p>&nbsp;<\/p>\n<p><strong>Laboratorio de Amebas de Vida Libre y Quimioterapia Antiparasitaria <\/strong><br \/>\n<strong>Correo electr\u00f3nico<\/strong>: <a href=\"mailto:jmlorenz@ull.edu.es\" target=\"_blank\" rel=\"noopener\">jmlorenz@ull.edu.es<\/a><br \/>\n<strong>Tel\u00e9fono<\/strong>: 922 316502 ext. 6111<\/p>\n<p>&nbsp;<\/p>\n<h3>Servicios del laboratorio de Aguas y Medio Ambiente<\/h3>\n<ul>\n<li style=\"font-weight: 400;\" aria-level=\"1\"><span style=\"font-weight: 400;\">Detecci\u00f3n y recuento de <\/span><span style=\"font-weight: 400;\"><span style=\"text-decoration: underline;\">bacterias indicadora<\/span>s<\/span><span style=\"font-weight: 400;\"> mediante <\/span><span style=\"text-decoration: underline;\"><span style=\"font-weight: 400;\">cultivo<\/span><\/span><span style=\"font-weight: 400;\"> (Coliformes fecales, <\/span><i><span style=\"font-weight: 400;\">E. coli<\/span><\/i><span style=\"font-weight: 400;\">, Enterococos intestinales, <\/span><i><span style=\"font-weight: 400;\">Pseudomonas <\/span><\/i><span style=\"font-weight: 400;\">spp., <\/span><i><span style=\"font-weight: 400;\">Clostridium perfringens<\/span><\/i><span style=\"font-weight: 400;\">, etc.)<\/span><\/li>\n<li style=\"font-weight: 400;\" aria-level=\"1\"><span style=\"font-weight: 400;\">Detecci\u00f3n e identificaci\u00f3n de <\/span><span style=\"font-weight: 400;\"><span style=\"text-decoration: underline;\">bacterias pat\u00f3genas<\/span><\/span><span style=\"font-weight: 400;\"> (<\/span><i><span style=\"font-weight: 400;\">Legionella, Salmonella, Campylobacter<\/span><\/i><span style=\"font-weight: 400;\">, <\/span><i><span style=\"font-weight: 400;\">Vibrio<\/span><\/i><span style=\"font-weight: 400;\">, etc.) mediante <\/span><span style=\"font-weight: 400;\">cultivo y pruebas bioqu\u00edmicas<\/span><\/li>\n<li style=\"font-weight: 400;\" aria-level=\"1\"><span style=\"font-weight: 400;\">Detecci\u00f3n e identificaci\u00f3n de <\/span><span style=\"text-decoration: underline;\"><span style=\"font-weight: 400;\">bacterias<\/span><\/span><span style=\"font-weight: 400;\"> mediante <\/span><span style=\"font-weight: 400;\"><span style=\"text-decoration: underline;\">biolog\u00eda<\/span> <span style=\"text-decoration: underline;\">molecular<\/span><\/span><\/li>\n<li style=\"font-weight: 400;\" aria-level=\"1\"><span style=\"font-weight: 400;\">An\u00e1lisis de formas de dispersi\u00f3n de <\/span><span style=\"font-weight: 400;\"><span style=\"text-decoration: underline;\">helmintos<\/span> <span style=\"text-decoration: underline;\">par\u00e1sitos<\/span><\/span><span style=\"font-weight: 400;\"> intestinales en muestras de agua<\/span><\/li>\n<li aria-level=\"1\"><span style=\"font-weight: 400;\">An\u00e1lisis de formas de dispersi\u00f3n de <\/span><span style=\"font-weight: 400;\"><span style=\"text-decoration: underline;\">protozoos<\/span> <span style=\"text-decoration: underline;\">par\u00e1sitos<\/span><\/span><span style=\"font-weight: 400;\"> intestinales en muestras de agua (regenerada, depurada) mediante <\/span><span style=\"font-weight: 400;\"><span style=\"text-decoration: underline;\">inmunofluorescencia<\/span> <span style=\"text-decoration: underline;\">directa<\/span><\/span><span style=\"text-decoration: underline;\"><span style=\"font-weight: 400;\">\u00a0<\/span><\/span><\/li>\n<li aria-level=\"1\"><span style=\"font-weight: 400;\">An\u00e1lisis de formas de dispersi\u00f3n de <\/span><span style=\"font-weight: 400;\"><span style=\"text-decoration: underline;\">protozoos<\/span> <span style=\"text-decoration: underline;\">par\u00e1sitos<\/span><\/span><span style=\"font-weight: 400;\"> intestinales en muestras de agua (regenerada, depurada, potables, piscina, etc.) mediante <\/span><span style=\"font-weight: 400;\"><span style=\"text-decoration: underline;\">biolog\u00eda<\/span> <span style=\"text-decoration: underline;\">molecular<\/span><\/span><\/li>\n<li aria-level=\"1\"><span style=\"font-weight: 400;\">An\u00e1lisis de virus <\/span><span style=\"text-decoration: underline;\"><span style=\"font-weight: 400;\">bacteri\u00f3fagos<\/span><\/span><span style=\"font-weight: 400;\"> mediante <\/span><span style=\"text-decoration: underline;\"><span style=\"font-weight: 400;\">cultivo<\/span><\/span><span style=\"font-weight: 400;\"> en doble capa<\/span><\/li>\n<li aria-level=\"1\"><span style=\"font-weight: 400;\">An\u00e1lisis de virus <\/span><span style=\"text-decoration: underline;\"><span style=\"font-weight: 400;\">bacteri\u00f3fagos<\/span><\/span><span style=\"font-weight: 400;\"> mediante <\/span><span style=\"font-weight: 400;\"><span style=\"text-decoration: underline;\">biolog\u00eda<\/span> <span style=\"text-decoration: underline;\">molecular<\/span><\/span><\/li>\n<li aria-level=\"1\"><span style=\"font-weight: 400;\">Detecci\u00f3n y recuento de <\/span><span style=\"text-decoration: underline;\"><span style=\"font-weight: 400;\">virus intestinales humanos<\/span><\/span><span style=\"font-weight: 400;\"> (Rotavirus, Enterovirus, Adenovirus, etc.) en muestras de agua limpia (piscinas, potable) mediante <\/span><span style=\"text-decoration: underline;\"><span style=\"font-weight: 400;\">concentraci\u00f3n<\/span><\/span><span style=\"font-weight: 400;\"> en filtros de carga p<\/span><span style=\"font-weight: 400;\">ositiva y <\/span><span style=\"font-weight: 400;\"><span style=\"text-decoration: underline;\">biolog\u00eda<\/span> <span style=\"text-decoration: underline;\">molecular<\/span><\/span><\/li>\n<li aria-level=\"1\"><span style=\"font-weight: 400;\">An\u00e1lisis del virus <\/span><span style=\"text-decoration: underline;\"><span style=\"font-weight: 400;\">SARS-CoV-2<\/span><\/span><span style=\"font-weight: 400;\"> en aguas residuales seg\u00fan protocolo del <\/span><span style=\"text-decoration: underline;\"><span style=\"font-weight: 400;\">MITECO<\/span><\/span><\/li>\n<li aria-level=\"1\">An\u00e1lisis de <span style=\"text-decoration: underline;\">hongos y levaduras<\/span> mediante recuento en placa<\/li>\n<li aria-level=\"1\">An\u00e1lisis de <span style=\"text-decoration: underline;\">hongos<\/span> mediante <span style=\"text-decoration: underline;\">biolog\u00eda molecular<\/span><\/li>\n<\/ul>\n<p>NOTA: Realizamos muestreos in situ. Si est\u00e1 interesado\/a en alguno de estos servicios, o quiere realizar una consulta sobre otro\/s que no figure en este listado, no dude en contactar con el laboratorio:<\/p>\n<p>&nbsp;<\/p>\n<p><strong>Laboratorio de Aguas y Medio Ambiente <\/strong><br \/>\n<strong>Correo electr\u00f3nico<\/strong>: <a href=\"mailto:iuetspc.laboratoriodeaguas@gmail.com\" target=\"_blank\" rel=\"noopener\">iuetspc.laboratoriodeaguas@gmail.com<\/a><br \/>\n<strong>Tel\u00e9fono<\/strong>: 922 316502 ext. 6112<\/p>\n<p>&nbsp;<\/p>\n<h3>Servicios del laboratorio de Inmunolog\u00eda y Biolog\u00eda Molecular de Par\u00e1sitos<\/h3>\n<p><strong>Servicios que se llevan a cabo<\/strong><\/p>\n<ul>\n<li>High-throughput RTqPCR para an\u00e1lisis transcripcional a gran escala<\/li>\n<li>Determinaci\u00f3n de biomarcadores mediante High-throughput RTqPCR<\/li>\n<li>PCR para determinaci\u00f3n de microorganismos<\/li>\n<\/ul>\n<p>[\/vc_column_text][vc_empty_space][\/vc_column][\/vc_row]<\/p>\n","protected":false},"excerpt":{"rendered":"<p>[vc_row full_width=\u00bbstretch_row_content\u00bb el_class=\u00bbprincipio-marcha\u00bb][vc_column css=\u00bb.vc_custom_1588939369209{padding-top: 40px !important;}\u00bb][vc_custom_heading text=\u00bbListado de servicios\u00bb font_container=\u00bbtag:h2|text_align:center|color:%23ffffff\u00bb use_theme_fonts=\u00bbyes\u00bb css_animation=\u00bbfadeInDownBig\u00bb][\/vc_column][\/vc_row][vc_row][vc_column][vc_column_text] Servicios del laboratorio de Alertas Biol\u00f3gicas &nbsp; C\u00f3digo Concepto IGIC 1 Diagn\u00f3stico de COVID19 PCR General Tarifas T3 90,00 \u20ac T4 120,00 \u20ac &nbsp; C\u00f3digo Concepto IGIC 2 Diagn\u00f3stico de COVID19 tira reactiva General &nbsp; Tarifas T3 20,00 \u20ac T4 25,00 \u20ac &nbsp;&#8230;<\/p>\n","protected":false},"author":2,"featured_media":0,"parent":0,"menu_order":0,"comment_status":"closed","ping_status":"closed","template":"templates\/template-no-title.php","meta":[],"_links":{"self":[{"href":"https:\/\/www.ull.es\/institutos\/instituto-enfermedades-tropicales-salud-publica-canarias\/wp-json\/wp\/v2\/pages\/259"}],"collection":[{"href":"https:\/\/www.ull.es\/institutos\/instituto-enfermedades-tropicales-salud-publica-canarias\/wp-json\/wp\/v2\/pages"}],"about":[{"href":"https:\/\/www.ull.es\/institutos\/instituto-enfermedades-tropicales-salud-publica-canarias\/wp-json\/wp\/v2\/types\/page"}],"author":[{"embeddable":true,"href":"https:\/\/www.ull.es\/institutos\/instituto-enfermedades-tropicales-salud-publica-canarias\/wp-json\/wp\/v2\/users\/2"}],"replies":[{"embeddable":true,"href":"https:\/\/www.ull.es\/institutos\/instituto-enfermedades-tropicales-salud-publica-canarias\/wp-json\/wp\/v2\/comments?post=259"}],"version-history":[{"count":11,"href":"https:\/\/www.ull.es\/institutos\/instituto-enfermedades-tropicales-salud-publica-canarias\/wp-json\/wp\/v2\/pages\/259\/revisions"}],"predecessor-version":[{"id":293,"href":"https:\/\/www.ull.es\/institutos\/instituto-enfermedades-tropicales-salud-publica-canarias\/wp-json\/wp\/v2\/pages\/259\/revisions\/293"}],"wp:attachment":[{"href":"https:\/\/www.ull.es\/institutos\/instituto-enfermedades-tropicales-salud-publica-canarias\/wp-json\/wp\/v2\/media?parent=259"}],"curies":[{"name":"wp","href":"https:\/\/api.w.org\/{rel}","templated":true}]}}