{"id":50,"date":"2021-08-24T12:02:21","date_gmt":"2021-08-24T11:02:21","guid":{"rendered":"https:\/\/www.ull.es\/institutos\/instituto-enfermedades-tropicales-salud-publica-canarias\/?page_id=50"},"modified":"2021-10-26T12:13:00","modified_gmt":"2021-10-26T11:13:00","slug":"inicio","status":"publish","type":"page","link":"https:\/\/www.ull.es\/institutos\/instituto-enfermedades-tropicales-salud-publica-canarias\/","title":{"rendered":"Inicio"},"content":{"rendered":"<p>[vc_row full_width=\u00bbstretch_row_content_no_spaces\u00bb content_placement=\u00bbmiddle\u00bb css=\u00bb.vc_custom_1606477415927{background-color: #f4f4f4 !important;background-position: center !important;background-repeat: no-repeat !important;background-size: cover !important;}\u00bb el_class=\u00bbtitle-departamento\u00bb][vc_column css=\u00bb.vc_custom_1605179589940{margin-top: 0px !important;padding-top: 0px !important;}\u00bb][rev_slider_vc alias=\u00bbhome1&#8243;][\/vc_column][\/vc_row][vc_row][vc_column][vc_column_text][\/vc_column_text][vc_empty_space][vc_column_text]<\/p>\n<div id=\"presentacion\" class=\"wpb_text_column wpb_content_element \">\n<div class=\"wpb_wrapper\">\n<div class=\"shortcode-descripcion\">\n<p>El Instituto Universitario de Enfermedades Tropicales y Salud P\u00fablica de Canarias es una instituci\u00f3n multidisciplinar, dependiente de la Universidad de La Laguna, integrada por profesores, investigadores y profesionales relacionados con el \u00e1mbito de la Salud P\u00fablica y la Biotecnolog\u00eda, y cuya funci\u00f3n principal es la investigaci\u00f3n, el desarrollo y la innovaci\u00f3n en estos campos. Por el decreto 59\/2013, de 16 de mayo, se le ha concedido la Medalla de Oro de Canarias al Instituto Universitario de Enfermedades Tropicales y Salud P\u00fablica de Canarias.<\/p>\n<\/div>\n<\/div>\n<\/div>\n<p>[\/vc_column_text][vc_empty_space][\/vc_column][\/vc_row][vc_row][vc_column][vc_column_text][vc_row][vc_column width=\u00bb1\/1&#8243;][vc_column_text]<\/p>\n<p><!-- \/wp:paragraph -->[\/vc_column_text][\/vc_column][\/vc_row][vc_row full_width=\u00bbstretch_row\u00bb disable_element=\u00bbyes\u00bb css=\u00bb.vc_custom_1633350668242{padding-top: 50px !important;padding-bottom: 50px !important;background-color: #dbdbdb !important;}\u00bb el_class=\u00bbvc-bloque-destacado bloque-destacado\u00bb][vc_column][vc_row_inner][vc_column_inner width=\u00bb1\/4&#8243;][vc_column_text]<a class=\"btn-destacado\" style=\"background: linear-gradient(90deg, rgba(251,206,2,1) 0%, rgba(255,155,0,1) 98%); color: #ffffff; -webkit-box-shadow: 1px 2px 5px 0px rgba(181,179,181,1); -moz-box-shadow: 1px 2px 5px 0px rgba(181,179,181,1); box-shadow: 1px 2px 5px 0px rgba(181,179,181,1); border-radius: 2px;\" href=\"#\" target=\"_blank\" rel=\"noopener\">????<\/a>[\/vc_column_text][\/vc_column_inner][vc_column_inner width=\u00bb1\/4&#8243;][vc_column_text]<a class=\"btn-destacado\" style=\"background: linear-gradient(90deg, rgba(253,158,29,1) 0%, rgba(253,29,29,1) 23%, rgba(131,58,180,1) 62%, rgba(8,19,246,1) 100%); color: #ffffff; -webkit-box-shadow: 1px 2px 5px 0px rgba(181,179,181,1); -moz-box-shadow: 1px 2px 5px 0px rgba(181,179,181,1); box-shadow: 1px 2px 5px 0px rgba(181,179,181,1); border-radius: 2px;\" href=\"#\" target=\"_blank\" rel=\"noopener\">????<\/a>[\/vc_column_text][\/vc_column_inner][vc_column_inner width=\u00bb1\/4&#8243;][vc_column_text]<a class=\"btn-destacado\" style=\"background: linear-gradient(90deg, rgba(8,19,246,1) 0%, rgba(169,58,180,1) 100%, rgba(8,19,246,1) 100%); color: #ffffff; -webkit-box-shadow: 1px 2px 5px 0px rgba(181,179,181,1); -moz-box-shadow: 1px 2px 5px 0px rgba(181,179,181,1); box-shadow: 1px 2px 5px 0px rgba(181,179,181,1); border-radius: 2px;\" href=\"#\" target=\"_blank\" rel=\"noopener\">????<\/a>[\/vc_column_text][\/vc_column_inner][vc_column_inner width=\u00bb1\/4&#8243;][vc_column_text]<a class=\"btn-destacado\" style=\"background: linear-gradient(90deg, rgba(8,19,246,1) 0%, rgba(169,58,180,1) 100%, rgba(8,19,246,1) 100%); color: #ffffff; -webkit-box-shadow: 1px 2px 5px 0px rgba(181,179,181,1); -moz-box-shadow: 1px 2px 5px 0px rgba(181,179,181,1); box-shadow: 1px 2px 5px 0px rgba(181,179,181,1); border-radius: 2px;\" href=\"#\" target=\"_blank\" rel=\"noopener\">????<\/a>[\/vc_column_text][\/vc_column_inner][\/vc_row_inner][vc_empty_space height=\u00bb20px\u00bb][\/vc_column][\/vc_row][vc_row][vc_column][vc_column_text]<!-- wp:paragraph -->[\/vc_column_text][vc_column_text]<!-- wp:paragraph -->[\/vc_column_text][\/vc_column][\/vc_row][vc_row][vc_column width=\u00bb1\/3&#8243;][vc_column_text]<style>\n    .news-group .bg-size {\n        background-position: center;\n        background-size: cover;\n        width: 100%;\n        height: 48px;\n    }\n    .news-group .list-group-item-text {\n        font-size: 13px;\n    }\n    .news-group .col-md-3 {\n        padding-right: 0;\n    }\n    .news-group .list-group-item-date {\n        font-size: 11px;\n        color: #A4A4A4;\n        margin-bottom: 2px;\n        text-transform: uppercase;\n    }\n\n    .mensaje.alert-warning{\n        font-size: 12px;\n        margin: 14px !important;\n        padding: 4px 8px;\n        color: #cca60b;\n    }\n<\/style>\n\n<div class=\"panel panel-default\">\n    <div class=\"panel-heading\">\n        <h3 class=\"panel-title\">Noticias<\/h3>\n    <\/div>\n\n    <div class=\"list-group news-group\">\n                    <a href=\"https:\/\/www.ull.es\/portal\/noticias\/2026\/la-ull-lanza-un-nuevo-numero-de-hipotesis-2-0-con-un-especial-sobre-el-instituto-universitario-de-enfermedades-tropicales\/\" class=\"list-group-item\">\n                <div class=\"row\">\n                    <div class=\"col-md-3\">\n                        <div class=\"bg-size\" style=\"background-image: url('https:\/\/www.ull.es\/portal\/noticias\/wp-content\/uploads\/sites\/13\/2026\/01\/hipotesis_2.0_enero-2026-300x209.jpg');\"><\/div>\n                    <\/div>\n                    <div class=\"col-md-9\">\n                        <p class=\"list-group-item-date\">\n                            14 Jan 2026 - 10:42 UTC                        <\/p>\n                        <p class=\"list-group-item-text\">La ULL lanza un nuevo n\u00famero de Hip\u00f3tesis 2.0 con un especial sobre el Instituto Universitario de Enfermedades Tropicales<\/p>\n                    <\/div>\n                <\/div>\n            <\/a>\n                    <a href=\"https:\/\/www.ull.es\/portal\/noticias\/2025\/la-ull-indica-que-la-ultima-mortalidad-masiva-del-erizo-de-mar-diadema-africanum-en-canarias-fue-por-una-pandemia-mundial\/\" class=\"list-group-item\">\n                <div class=\"row\">\n                    <div class=\"col-md-3\">\n                        <div class=\"bg-size\" style=\"background-image: url('https:\/\/www.ull.es\/portal\/noticias\/wp-content\/uploads\/sites\/13\/2025\/12\/erizo-de-mar-300x199.jpg');\"><\/div>\n                    <\/div>\n                    <div class=\"col-md-9\">\n                        <p class=\"list-group-item-date\">\n                            11 Dec 2025 - 14:09 UTC                        <\/p>\n                        <p class=\"list-group-item-text\">La ULL indica que la \u00faltima mortalidad masiva del erizo de mar &#8216;Diadema africanum&#8217; en Canarias fue por una pandemia mundial<\/p>\n                    <\/div>\n                <\/div>\n            <\/a>\n                    <a href=\"https:\/\/www.ull.es\/portal\/noticias\/2025\/la-ull-colabora-con-sanidad-en-nuevas-detecciones-de-mosquito-tigre-en-tenerife\/\" class=\"list-group-item\">\n                <div class=\"row\">\n                    <div class=\"col-md-3\">\n                        <div class=\"bg-size\" style=\"background-image: url('https:\/\/www.ull.es\/portal\/noticias\/wp-content\/uploads\/sites\/13\/2020\/01\/Enferm.-Tropicales-04-300x200.jpeg');\"><\/div>\n                    <\/div>\n                    <div class=\"col-md-9\">\n                        <p class=\"list-group-item-date\">\n                            10 Dec 2025 - 13:02 UTC                        <\/p>\n                        <p class=\"list-group-item-text\">La ULL colabora con Sanidad en nuevas detecciones del mosquito de la fiebre amarilla en Tenerife<\/p>\n                    <\/div>\n                <\/div>\n            <\/a>\n                    <a href=\"https:\/\/www.ull.es\/portal\/noticias\/2025\/ull-participa-congreso-internacional-amebas-vida-libre-mexico\/\" class=\"list-group-item\">\n                <div class=\"row\">\n                    <div class=\"col-md-3\">\n                        <div class=\"bg-size\" style=\"background-image: url('https:\/\/www.ull.es\/portal\/noticias\/wp-content\/uploads\/sites\/13\/2025\/11\/equipo-iuetspc-grupo-300x200.jpg');\"><\/div>\n                    <\/div>\n                    <div class=\"col-md-9\">\n                        <p class=\"list-group-item-date\">\n                            03 Nov 2025 - 11:19 UTC                        <\/p>\n                        <p class=\"list-group-item-text\">La ULL participa en Congreso Internacional sobre Biolog\u00eda y Patogenicidad de Amebas de Vida Libre celebrado en M\u00e9xico<\/p>\n                    <\/div>\n                <\/div>\n            <\/a>\n                    <a href=\"https:\/\/www.ull.es\/portal\/noticias\/2025\/el-instituto-de-enfermedades-tropicales-de-la-ull-colabora-en-una-nueva-deteccion-de-mosquito-tigre-en-fuerteventura\/\" class=\"list-group-item\">\n                <div class=\"row\">\n                    <div class=\"col-md-3\">\n                        <div class=\"bg-size\" style=\"background-image: url('https:\/\/www.ull.es\/portal\/noticias\/wp-content\/uploads\/sites\/13\/2020\/01\/Enferm.-Tropicales-04-300x200.jpeg');\"><\/div>\n                    <\/div>\n                    <div class=\"col-md-9\">\n                        <p class=\"list-group-item-date\">\n                            02 Oct 2025 - 14:00 UTC                        <\/p>\n                        <p class=\"list-group-item-text\">El Instituto de Enfermedades Tropicales de la ULL colabora en una nueva detecci\u00f3n de &#8216;mosquito tigre&#8217; en Fuerteventura<\/p>\n                    <\/div>\n                <\/div>\n            <\/a>\n            <\/div>\n    <div class=\"panel-footer\">\n        <a href=\"https:\/\/www.ull.es\/portal\/noticias\/?cat=4132\">M\u00c1S NOTICIAS <i class=\"fa fa-chevron-right\"><\/i><\/a>\n    <\/div>\n\n\n<\/div>[\/vc_column_text][\/vc_column][vc_column width=\u00bb1\/3&#8243;][vc_column_text]\n<style>\n    .events-group .bg-size {\n        background-position: center;\n        background-size: cover;\n        width: 100%;\n        height: 48px;\n    }\n    .events-group .list-group-item-text {\n        font-size: 13px;\n    }\n    .events-group .col-md-3 {\n        padding-right: 0;\n    }\n    .events-group .list-group-item-date {\n        font-size: 11px;\n        color: #A4A4A4;\n        margin-bottom: 2px;\n        text-transform: uppercase;\n    }\n\n    .mensaje.alert-warning{\n        font-size: 12px;\n        margin: 14px !important;\n        padding: 4px 8px;\n        color: #cca60b;\n    }\n\n<\/style>\n\n<div class=\"panel panel-default\">\n    <div class=\"panel-heading\">\n        <h3 class=\"panel-title\">Eventos<\/h3>\n    <\/div>\n\n    <div class=\"list-group events-group\">\n\n        <div class=\"mensaje alert alert-warning\">No hay eventos disponibles.<\/div>\n    <\/div>\n\n\n<\/div>\n[\/vc_column_text][\/vc_column][vc_column width=\u00bb1\/3&#8243;][vc_column_text]<style>\n    .news-group .bg-size {\n        background-position: center;\n        background-size: cover;\n        width: 100%;\n        height: 48px;\n    }\n    .news-group .list-group-item-text {\n        font-size: 13px;\n    }\n    .news-group .col-md-3 {\n        padding-right: 0;\n    }\n    .news-group .list-group-item-date {\n        font-size: 11px;\n        color: #A4A4A4;\n        margin-bottom: 2px;\n        text-transform: uppercase;\n    }\n\n    .mensaje.alert-warning{\n        font-size: 12px;\n        margin: 14px !important;\n        padding: 4px 8px;\n        color: #cca60b;\n    }\n\n<\/style>\n\n<div class=\"panel panel-default\">\n    <div class=\"panel-heading\">\n        <h3 class=\"panel-title\">Notificaciones<\/h3>\n    <\/div>\n\n    <div class=\"list-group news-group\">\n                            <a href=\"https:\/\/www.ull.es\/portal\/noticias\/2024\/acto-de-defensa-de-la-tesis-doctoral-de-inigo-arberas-jimenez\/\" class=\"list-group-item\">\n                    <div class=\"row\">\n                        <div class=\"col-md-12\">\n                            <p class=\"list-group-item-date\">\n                                19 Mar 2024 - 11:14 UTC                            <\/p>\n                            <p class=\"list-group-item-text\">Acto de defensa de la tesis doctoral de I\u00f1igo Arberas Jim\u00e9nez<\/p>\n                        <\/div>\n                    <\/div>\n                <\/a>\n                            <a href=\"https:\/\/www.ull.es\/portal\/noticias\/2022\/una-delegacion-de-la-ull-en-la-reunion-final-del-proyecto-forward-para-fomentar-la-investigacion-en-regiones-ultraperifericas\/\" class=\"list-group-item\">\n                    <div class=\"row\">\n                        <div class=\"col-md-12\">\n                            <p class=\"list-group-item-date\">\n                                06 Jun 2022 - 11:43 UTC                            <\/p>\n                            <p class=\"list-group-item-text\">Una delegaci\u00f3n de la ULL, en la reuni\u00f3n final del proyecto FORWARD para fomentar la investigaci\u00f3n en regiones ultraperif\u00e9ricas<\/p>\n                        <\/div>\n                    <\/div>\n                <\/a>\n                            <a href=\"https:\/\/www.ull.es\/portal\/noticias\/2022\/el-instituto-de-enfermedades-tropicales-de-la-ull-recibe-un-nuevo-equipamiento-cientifico-del-cabildo-de-tenerife\/\" class=\"list-group-item\">\n                    <div class=\"row\">\n                        <div class=\"col-md-12\">\n                            <p class=\"list-group-item-date\">\n                                24 Mar 2022 - 14:22 UTC                            <\/p>\n                            <p class=\"list-group-item-text\">El Instituto de Enfermedades Tropicales de la ULL recibe un nuevo equipamiento cient\u00edfico del Cabildo de Tenerife<\/p>\n                        <\/div>\n                    <\/div>\n                <\/a>\n                            <a href=\"https:\/\/www.ull.es\/portal\/noticias\/2021\/el-consejo-general-de-colegios-oficiales-de-biologos-reconoce-al-investigador-de-la-ull-jacob-lorenzo-en-la-lucha-contra-la-covid-19\/\" class=\"list-group-item\">\n                    <div class=\"row\">\n                        <div class=\"col-md-12\">\n                            <p class=\"list-group-item-date\">\n                                24 Nov 2021 - 10:29 UTC                            <\/p>\n                            <p class=\"list-group-item-text\">El Consejo General de Colegios Oficiales de Bi\u00f3logos reconoce al investigador de la ULL Jacob Lorenzo en la lucha contra la Covid-19<\/p>\n                        <\/div>\n                    <\/div>\n                <\/a>\n                <\/div>\n    <div class=\"panel-footer\">\n        <a href=\"https:\/\/www.ull.es\/portal\/noticias\/?cat=6855\">M\u00c1S NOTIFICACIONES <i class=\"fa fa-chevron-right\"><\/i><\/a>\n    <\/div>\n\n\n<\/div>[\/vc_column_text][\/vc_column][\/vc_row][vc_row][vc_column][vc_empty_space][\/vc_column][\/vc_row]<\/p>\n","protected":false},"excerpt":{"rendered":"<p>[vc_row full_width=\u00bbstretch_row_content_no_spaces\u00bb content_placement=\u00bbmiddle\u00bb css=\u00bb.vc_custom_1606477415927{background-color: #f4f4f4 !important;background-position: center !important;background-repeat: no-repeat !important;background-size: cover !important;}\u00bb el_class=\u00bbtitle-departamento\u00bb][vc_column css=\u00bb.vc_custom_1605179589940{margin-top: 0px !important;padding-top: 0px !important;}\u00bb][rev_slider_vc alias=\u00bbhome1&#8243;][\/vc_column][\/vc_row][vc_row][vc_column][vc_column_text][\/vc_column_text][vc_empty_space][vc_column_text] El Instituto Universitario de Enfermedades Tropicales y Salud P\u00fablica de Canarias es una instituci\u00f3n multidisciplinar, dependiente de la Universidad de La Laguna, integrada por profesores, investigadores y profesionales relacionados con el \u00e1mbito de la Salud P\u00fablica&#8230;<\/p>\n","protected":false},"author":2,"featured_media":0,"parent":0,"menu_order":0,"comment_status":"closed","ping_status":"closed","template":"templates\/template-frontpage.php","meta":[],"_links":{"self":[{"href":"https:\/\/www.ull.es\/institutos\/instituto-enfermedades-tropicales-salud-publica-canarias\/wp-json\/wp\/v2\/pages\/50"}],"collection":[{"href":"https:\/\/www.ull.es\/institutos\/instituto-enfermedades-tropicales-salud-publica-canarias\/wp-json\/wp\/v2\/pages"}],"about":[{"href":"https:\/\/www.ull.es\/institutos\/instituto-enfermedades-tropicales-salud-publica-canarias\/wp-json\/wp\/v2\/types\/page"}],"author":[{"embeddable":true,"href":"https:\/\/www.ull.es\/institutos\/instituto-enfermedades-tropicales-salud-publica-canarias\/wp-json\/wp\/v2\/users\/2"}],"replies":[{"embeddable":true,"href":"https:\/\/www.ull.es\/institutos\/instituto-enfermedades-tropicales-salud-publica-canarias\/wp-json\/wp\/v2\/comments?post=50"}],"version-history":[{"count":14,"href":"https:\/\/www.ull.es\/institutos\/instituto-enfermedades-tropicales-salud-publica-canarias\/wp-json\/wp\/v2\/pages\/50\/revisions"}],"predecessor-version":[{"id":306,"href":"https:\/\/www.ull.es\/institutos\/instituto-enfermedades-tropicales-salud-publica-canarias\/wp-json\/wp\/v2\/pages\/50\/revisions\/306"}],"wp:attachment":[{"href":"https:\/\/www.ull.es\/institutos\/instituto-enfermedades-tropicales-salud-publica-canarias\/wp-json\/wp\/v2\/media?parent=50"}],"curies":[{"name":"wp","href":"https:\/\/api.w.org\/{rel}","templated":true}]}}