{"id":80,"date":"2021-08-24T13:33:42","date_gmt":"2021-08-24T12:33:42","guid":{"rendered":"https:\/\/www.ull.es\/institutos\/instituto-enfermedades-tropicales-salud-publica-canarias\/?page_id=80"},"modified":"2021-12-20T10:44:18","modified_gmt":"2021-12-20T10:44:18","slug":"politica-de-calidad-y-objetivos","status":"publish","type":"page","link":"https:\/\/www.ull.es\/institutos\/instituto-enfermedades-tropicales-salud-publica-canarias\/politica-de-calidad-y-objetivos\/","title":{"rendered":"Pol\u00edtica de Calidad y Objetivos"},"content":{"rendered":"<p>[vc_row full_width=\u00bbstretch_row_content\u00bb el_class=\u00bbprincipio-marcha\u00bb][vc_column css=\u00bb.vc_custom_1588939369209{padding-top: 40px !important;}\u00bb][vc_custom_heading text=\u00bbPol\u00edtica de Calidad\u00bb font_container=\u00bbtag:h2|text_align:center|color:%23ffffff\u00bb use_theme_fonts=\u00bbyes\u00bb css_animation=\u00bbfadeInDownBig\u00bb][\/vc_column][\/vc_row][vc_row full_width=\u00bbstretch_row_content\u00bb equal_height=\u00bbyes\u00bb][vc_column width=\u00bb1\/2&#8243; css=\u00bb.vc_custom_1588936329456{padding-top: 5% !important;padding-right: 10% !important;padding-bottom: 5% !important;padding-left: 10% !important;background-color: #f2f2f2 !important;}\u00bb][vc_column_text]<\/p>\n<p>El <strong>IUETSPC<\/strong> es una instituci\u00f3n multidisciplinar, dependiente de la Universidad de La Laguna, integrada por profesores, investigadores y profesionales relacionados con el \u00e1mbito de la salud p\u00fablica y la biotecnolog\u00eda, y cuya funci\u00f3n principal es la investigaci\u00f3n, el desarrollo y la innovaci\u00f3n en estos campos. Atendiendo a estas funciones, nuestros principios son los siguientes:<\/p>\n<ul>\n<li>Conseguir la total satisfacci\u00f3n de nuestros clientes, tanto particulares como institucionales, en cuanto a la calidad de los servicios ofrecidos y los resultados de los ensayos realizados.<br \/>\nComprometernos con la realizaci\u00f3n de una buena pr\u00e1ctica de todos los integrantes del IUETSPC<\/li>\n<li>Realizaci\u00f3n de ensayos apropiados para la utilizaci\u00f3n prevista por nuestros clientes.<\/li>\n<li>Reconocer c\u00f3mo Calidad todos nuestros compromisos con el cliente, con la legislaci\u00f3n y los requisitos de las normas internacionales.<\/li>\n<li>Dirigir nuestro esfuerzo a la mejora continua de la Eficacia de nuestro sistema de gesti\u00f3n de la Calidad, logrando que cada integrante del IUETSPC sea el promotor de mejoras para el cliente y de oportunidades para el grupo.<\/li>\n<li>Cumplir con los requisitos legales, contractuales y reglamentarios que nos son de aplicaci\u00f3n.<\/li>\n<li>Promover el desarrollo continuo del potencial de los integrantes del IUETSPC como pilar fundamental para el desarrollo de \u00e9sta.<\/li>\n<li>Promover la mejora continua de nuestros servicios con una clara orientaci\u00f3n hacia la calidad y valor a\u00f1adido.<\/li>\n<li>Asignar los recursos humanos y materiales necesarios para alcanzar los objetivos de calidad.<\/li>\n<li>Promover el cumplimiento de los protocolos de Seguridad y Salud en el IUETSPC dotando de los recursos necesarios.<\/li>\n<li>Orientaci\u00f3n hacia una transformaci\u00f3n digital.<\/li>\n<\/ul>\n<p>[\/vc_column_text][\/vc_column][vc_column width=\u00bb1\/2&#8243; css=\u00bb.vc_custom_1633602545933{background: #e5e5e5 url(http:\/\/www.ull.es\/institutos\/instituto-enfermedades-tropicales-salud-publica-canarias\/wp-content\/uploads\/sites\/23\/2021\/10\/image002-2.jpeg?id=221) !important;background-position: center !important;background-repeat: no-repeat !important;background-size: cover !important;}\u00bb][vc_empty_space height=\u00bb500px\u00bb][\/vc_column][\/vc_row][vc_row][vc_column][vc_column_text]<!-- \/wp:paragraph -->[\/vc_column_text][\/vc_column][\/vc_row][vc_row][vc_column][vc_empty_space][\/vc_column][\/vc_row][vc_row full_width=\u00bbstretch_row_content\u00bb el_class=\u00bbprincipio-marcha\u00bb][vc_column css=\u00bb.vc_custom_1588939369209{padding-top: 40px !important;}\u00bb][vc_custom_heading text=\u00bbObjetivos de Calidad\u00bb font_container=\u00bbtag:h2|text_align:center|color:%23ffffff\u00bb use_theme_fonts=\u00bbyes\u00bb css_animation=\u00bbfadeInDownBig\u00bb][\/vc_column][\/vc_row][vc_row full_width=\u00bbstretch_row_content\u00bb equal_height=\u00bbyes\u00bb][vc_column width=\u00bb1\/2&#8243; css=\u00bb.vc_custom_1639997000400{background: #e5e5e5 url(http:\/\/www.ull.es\/institutos\/instituto-enfermedades-tropicales-salud-publica-canarias\/wp-content\/uploads\/sites\/23\/2021\/10\/image003-scaled.jpeg?id=201) !important;background-position: center !important;background-repeat: no-repeat !important;background-size: cover !important;}\u00bb][vc_empty_space height=\u00bb500px\u00bb][\/vc_column][vc_column width=\u00bb1\/2&#8243; css=\u00bb.vc_custom_1588936329456{padding-top: 5% !important;padding-right: 10% !important;padding-bottom: 5% !important;padding-left: 10% !important;background-color: #f2f2f2 !important;}\u00bb][vc_column_text]<\/p>\n<ul>\n<li>Objetivo 1: Captaci\u00f3n de fondos p\u00fablicos y privados para el desarrollo de la actividad del instituto<\/li>\n<li>Objetivo 2: Desarrollo de una investigaci\u00f3n especializada y de calidad<\/li>\n<li>Objetivo 3: Optimizaci\u00f3n del funcionamiento y organizaci\u00f3n interno<\/li>\n<li>Objetivo 4: Desarrollo del car\u00e1cter integrador e internacional del instituto<\/li>\n<\/ul>\n<p>[\/vc_column_text][\/vc_column][\/vc_row]<\/p>\n","protected":false},"excerpt":{"rendered":"<p>[vc_row full_width=\u00bbstretch_row_content\u00bb el_class=\u00bbprincipio-marcha\u00bb][vc_column css=\u00bb.vc_custom_1588939369209{padding-top: 40px !important;}\u00bb][vc_custom_heading text=\u00bbPol\u00edtica de Calidad\u00bb font_container=\u00bbtag:h2|text_align:center|color:%23ffffff\u00bb use_theme_fonts=\u00bbyes\u00bb css_animation=\u00bbfadeInDownBig\u00bb][\/vc_column][\/vc_row][vc_row full_width=\u00bbstretch_row_content\u00bb equal_height=\u00bbyes\u00bb][vc_column width=\u00bb1\/2&#8243; css=\u00bb.vc_custom_1588936329456{padding-top: 5% !important;padding-right: 10% !important;padding-bottom: 5% !important;padding-left: 10% !important;background-color: #f2f2f2 !important;}\u00bb][vc_column_text] El IUETSPC es una instituci\u00f3n multidisciplinar, dependiente de la Universidad de La Laguna, integrada por profesores, investigadores y profesionales relacionados con el \u00e1mbito de la salud p\u00fablica y la&#8230;<\/p>\n","protected":false},"author":2,"featured_media":0,"parent":0,"menu_order":0,"comment_status":"closed","ping_status":"closed","template":"templates\/template-no-title.php","meta":[],"_links":{"self":[{"href":"https:\/\/www.ull.es\/institutos\/instituto-enfermedades-tropicales-salud-publica-canarias\/wp-json\/wp\/v2\/pages\/80"}],"collection":[{"href":"https:\/\/www.ull.es\/institutos\/instituto-enfermedades-tropicales-salud-publica-canarias\/wp-json\/wp\/v2\/pages"}],"about":[{"href":"https:\/\/www.ull.es\/institutos\/instituto-enfermedades-tropicales-salud-publica-canarias\/wp-json\/wp\/v2\/types\/page"}],"author":[{"embeddable":true,"href":"https:\/\/www.ull.es\/institutos\/instituto-enfermedades-tropicales-salud-publica-canarias\/wp-json\/wp\/v2\/users\/2"}],"replies":[{"embeddable":true,"href":"https:\/\/www.ull.es\/institutos\/instituto-enfermedades-tropicales-salud-publica-canarias\/wp-json\/wp\/v2\/comments?post=80"}],"version-history":[{"count":13,"href":"https:\/\/www.ull.es\/institutos\/instituto-enfermedades-tropicales-salud-publica-canarias\/wp-json\/wp\/v2\/pages\/80\/revisions"}],"predecessor-version":[{"id":309,"href":"https:\/\/www.ull.es\/institutos\/instituto-enfermedades-tropicales-salud-publica-canarias\/wp-json\/wp\/v2\/pages\/80\/revisions\/309"}],"wp:attachment":[{"href":"https:\/\/www.ull.es\/institutos\/instituto-enfermedades-tropicales-salud-publica-canarias\/wp-json\/wp\/v2\/media?parent=80"}],"curies":[{"name":"wp","href":"https:\/\/api.w.org\/{rel}","templated":true}]}}