{"id":20,"date":"2020-11-27T11:16:40","date_gmt":"2020-11-27T11:16:40","guid":{"rendered":"http:\/\/www.ull.es\/institutos\/instituto-matematicas-aplicaciones\/?page_id=20"},"modified":"2024-09-02T09:41:27","modified_gmt":"2024-09-02T09:41:27","slug":"inicio","status":"publish","type":"page","link":"https:\/\/www.ull.es\/institutos\/instituto-matematicas-aplicaciones\/","title":{"rendered":"Inicio"},"content":{"rendered":"<p>[vc_row full_width=\u00bbstretch_row_content_no_spaces\u00bb content_placement=\u00bbmiddle\u00bb css=\u00bb.vc_custom_1606477415927{background-color: #f4f4f4 !important;background-position: center !important;background-repeat: no-repeat !important;background-size: cover !important;}\u00bb el_class=\u00bbtitle-departamento\u00bb][vc_column css=\u00bb.vc_custom_1605179589940{margin-top: 0px !important;padding-top: 0px !important;}\u00bb][rev_slider_vc alias=\u00bbslider-home\u00bb][\/vc_column][\/vc_row][vc_row][vc_column][vc_column_text]<\/p>\n<h4 style=\"text-align: center;\">Instituto Universitario de investigaci\u00f3n en la Universidad de La Laguna para aglutinar y fortalecer diversos grupos de investigaci\u00f3n que trabajan en diversas \u00e1reas de las matem\u00e1ticas, tanto en aspectos te\u00f3ricos como en sus aplicaciones.<\/h4>\n<p>[\/vc_column_text][vc_empty_space][\/vc_column][\/vc_row][vc_row full_width=\u00bbstretch_row\u00bb disable_element=\u00bbyes\u00bb css=\u00bb.vc_custom_1643018359395{padding-top: 50px !important;padding-bottom: 50px !important;background-color: #dbdbdb !important;}\u00bb el_class=\u00bbvc-bloque-destacado bloque-destacado\u00bb][vc_column][vc_row_inner][vc_column_inner width=\u00bb1\/3&#8243;][vc_column_text]<a class=\"btn-destacado\" style=\"background: linear-gradient(90deg, rgba(251,206,2,1) 0%, rgba(255,155,0,1) 98%); color: #ffffff; -webkit-box-shadow: 1px 2px 5px 0px rgba(181,179,181,1); -moz-box-shadow: 1px 2px 5px 0px rgba(181,179,181,1); box-shadow: 1px 2px 5px 0px rgba(181,179,181,1); border-radius: 2px;\" href=\"https:\/\/www.ull.es\/institutos\/instituto-tecnologias-biomedicas\/programas-grupos-y-lineas-de-investigacion\/\" target=\"_blank\" rel=\"noopener\">Programas, grupos y l\u00edneas de investigaci\u00f3n<i class=\"fa fa-arrow-right\"><\/i><\/a>[\/vc_column_text][\/vc_column_inner][vc_column_inner width=\u00bb1\/3&#8243;][vc_column_text]<a class=\"btn-destacado\" style=\"background: linear-gradient(90deg, rgba(253,158,29,1) 0%, rgba(253,29,29,1) 23%, rgba(131,58,180,1) 62%, rgba(8,19,246,1) 100%); color: #ffffff; -webkit-box-shadow: 1px 2px 5px 0px rgba(181,179,181,1); -moz-box-shadow: 1px 2px 5px 0px rgba(181,179,181,1); box-shadow: 1px 2px 5px 0px rgba(181,179,181,1); border-radius: 2px;\" href=\"https:\/\/www.ull.es\/institutos\/instituto-tecnologias-biomedicas\/plataformas-de-servicios-e-innovacion-biosanitaria\/\" target=\"_blank\" rel=\"noopener noreferrer\" target=\"_blank\" rel=\"noopener\">Plataformas de Servicios e Innovaci\u00f3n Biosanitaria<i class=\"fa fa-book\"><\/i><\/a>[\/vc_column_text][\/vc_column_inner][vc_column_inner width=\u00bb1\/3&#8243;][vc_column_text]<a class=\"btn-destacado\" style=\"background: linear-gradient(90deg, rgba(8,19,246,1) 0%, rgba(169,58,180,1) 100%, rgba(8,19,246,1) 100%); color: #ffffff; -webkit-box-shadow: 1px 2px 5px 0px rgba(181,179,181,1); -moz-box-shadow: 1px 2px 5px 0px rgba(181,179,181,1); box-shadow: 1px 2px 5px 0px rgba(181,179,181,1); border-radius: 2px;\" href=\"https:\/\/portalciencia.ull.es\/unidades\/3684\/publicaciones\" target=\"_blank\" rel=\"noopener\" target=\"_blank\" rel=\"noopener\">Publicaciones<i class=\"fa fa-flask\"><\/i><\/a>[\/vc_column_text][\/vc_column_inner][\/vc_row_inner][\/vc_column][\/vc_row][vc_row][vc_column width=\u00bb1\/3&#8243;][vc_column_text]<style>\n    .news-group .bg-size {\n        background-position: center;\n        background-size: cover;\n        width: 100%;\n        height: 48px;\n    }\n    .news-group .list-group-item-text {\n        font-size: 13px;\n    }\n    .news-group .col-md-3 {\n        padding-right: 0;\n    }\n    .news-group .list-group-item-date {\n        font-size: 11px;\n        color: #A4A4A4;\n        margin-bottom: 2px;\n        text-transform: uppercase;\n    }\n\n    .mensaje.alert-warning{\n        font-size: 12px;\n        margin: 14px !important;\n        padding: 4px 8px;\n        color: #cca60b;\n    }\n<\/style>\n\n<div class=\"panel panel-default\">\n    <div class=\"panel-heading\">\n        <h3 class=\"panel-title\">Noticias<\/h3>\n    <\/div>\n\n    <div class=\"list-group news-group\">\n                    <a href=\"https:\/\/www.ull.es\/portal\/noticias\/2025\/ull-recibira-425-escolares-rutas-cientificas-macaronight-2025\/\" class=\"list-group-item\">\n                <div class=\"row\">\n                    <div class=\"col-md-3\">\n                        <div class=\"bg-size\" style=\"background-image: url('https:\/\/www.ull.es\/portal\/noticias\/wp-content\/uploads\/sites\/13\/2025\/09\/banner-rutas-cientificas-macaronight-300x158.jpg');\"><\/div>\n                    <\/div>\n                    <div class=\"col-md-9\">\n                        <p class=\"list-group-item-date\">\n                            11 Sep 2025 - 08:21 UTC                        <\/p>\n                        <p class=\"list-group-item-text\">La ULL recibir\u00e1 la visita de 425 escolares en sus rutas cient\u00edficas dentro de Macaronight 2025<\/p>\n                    <\/div>\n                <\/div>\n            <\/a>\n                    <a href=\"https:\/\/www.ull.es\/portal\/noticias\/2024\/enrique-gonzalez-davila-director-instituto-matematicas-aplicaciones\/\" class=\"list-group-item\">\n                <div class=\"row\">\n                    <div class=\"col-md-3\">\n                        <div class=\"bg-size\" style=\"background-image: url('https:\/\/www.ull.es\/portal\/noticias\/wp-content\/uploads\/sites\/13\/2024\/12\/toma-posesion-matematicas-v2-300x200.jpg');\"><\/div>\n                    <\/div>\n                    <div class=\"col-md-9\">\n                        <p class=\"list-group-item-date\">\n                            18 Dec 2024 - 09:31 UTC                        <\/p>\n                        <p class=\"list-group-item-text\">Enrique Gonz\u00e1lez D\u00e1vila toma posesi\u00f3n como director del Instituto de Matem\u00e1ticas y Aplicaciones de la ULL<\/p>\n                    <\/div>\n                <\/div>\n            <\/a>\n                    <a href=\"https:\/\/www.ull.es\/portal\/noticias\/2024\/la-versatilidad-de-las-matematicas\/\" class=\"list-group-item\">\n                <div class=\"row\">\n                    <div class=\"col-md-3\">\n                        <div class=\"bg-size\" style=\"background-image: url('https:\/\/www.ull.es\/portal\/noticias\/wp-content\/uploads\/sites\/13\/2024\/03\/Dia-de-las-matematicas-03-300x200.jpg');\"><\/div>\n                    <\/div>\n                    <div class=\"col-md-9\">\n                        <p class=\"list-group-item-date\">\n                            13 Mar 2024 - 10:22 UTC                        <\/p>\n                        <p class=\"list-group-item-text\">La versatilidad de las Matem\u00e1ticas<\/p>\n                    <\/div>\n                <\/div>\n            <\/a>\n                    <a href=\"https:\/\/www.ull.es\/portal\/noticias\/2023\/centenar-actividades-sexta-edicion-macaronight\/\" class=\"list-group-item\">\n                <div class=\"row\">\n                    <div class=\"col-md-3\">\n                        <div class=\"bg-size\" style=\"background-image: url('https:\/\/www.ull.es\/portal\/noticias\/wp-content\/uploads\/sites\/13\/2023\/09\/macaronight_23_imagen-300x169.jpg');\"><\/div>\n                    <\/div>\n                    <div class=\"col-md-9\">\n                        <p class=\"list-group-item-date\">\n                            25 Sep 2023 - 09:04 UTC                        <\/p>\n                        <p class=\"list-group-item-text\">La ULL organiza un centenar de actividades en la sexta edici\u00f3n de Macaronight<\/p>\n                    <\/div>\n                <\/div>\n            <\/a>\n                    <a href=\"https:\/\/www.ull.es\/portal\/noticias\/2023\/ull-cabildo-crean-talentum-transferencia-investigacion\/\" class=\"list-group-item\">\n                <div class=\"row\">\n                    <div class=\"col-md-3\">\n                        <div class=\"bg-size\" style=\"background-image: url('https:\/\/www.ull.es\/portal\/noticias\/wp-content\/uploads\/sites\/13\/2023\/02\/Firma-convenio-Cabildo-05-300x200.jpg');\"><\/div>\n                    <\/div>\n                    <div class=\"col-md-9\">\n                        <p class=\"list-group-item-date\">\n                            09 Feb 2023 - 13:33 UTC                        <\/p>\n                        <p class=\"list-group-item-text\">ULL y Cabildo crean el programa Talentum para incentivar la transferencia de la investigaci\u00f3n<\/p>\n                    <\/div>\n                <\/div>\n            <\/a>\n            <\/div>\n    <div class=\"panel-footer\">\n        <a href=\"https:\/\/www.ull.es\/portal\/noticias\/?cat=8249\">M\u00c1S NOTICIAS <i class=\"fa fa-chevron-right\"><\/i><\/a>\n    <\/div>\n\n\n<\/div>[\/vc_column_text][\/vc_column][vc_column width=\u00bb1\/3&#8243;][vc_column_text]\n<style>\n    .events-group .bg-size {\n        background-position: center;\n        background-size: cover;\n        width: 100%;\n        height: 48px;\n    }\n    .events-group .list-group-item-text {\n        font-size: 13px;\n    }\n    .events-group .col-md-3 {\n        padding-right: 0;\n    }\n    .events-group .list-group-item-date {\n        font-size: 11px;\n        color: #A4A4A4;\n        margin-bottom: 2px;\n        text-transform: uppercase;\n    }\n\n    .mensaje.alert-warning{\n        font-size: 12px;\n        margin: 14px !important;\n        padding: 4px 8px;\n        color: #cca60b;\n    }\n\n<\/style>\n\n<div class=\"panel panel-default\">\n    <div class=\"panel-heading\">\n        <h3 class=\"panel-title\">Eventos<\/h3>\n    <\/div>\n\n    <div class=\"list-group events-group\">\n                    <a href=\"https:\/\/www.ull.es\/portal\/agenda\/evento\/seminario-de-analisis-matematico-y-matematica-aplicada-2025-2026\/\" class=\"list-group-item\">\n                <div class=\"row\">\n                    <div class=\"col-md-3\">\n                        <div class=\"bg-size\" style=\"background-image: url('https:\/\/www.ull.es\/portal\/agenda\/wp-content\/uploads\/sites\/12\/2025\/09\/Seminarios-de-analisis-matematico-y-matematica-aplicada-2025-2026_Banner-eventos.png');\"><\/div>\n                    <\/div>\n                    <div class=\"col-md-9\">\n                        <p class=\"list-group-item-date\">\n                            23\/04\/26 - 23\/04\/26                        <\/p>\n                        <p class=\"list-group-item-text\">Seminario de An\u00e1lisis Matem\u00e1tico y Matem\u00e1tica Aplicada 2025-2026<\/p>\n                    <\/div>\n\n                <\/div>\n            <\/a>\n                    <a href=\"https:\/\/www.ull.es\/portal\/agenda\/evento\/seminario-de-algebra-geometria-algebraica-y-singularidades-curso-2025-2026\/\" class=\"list-group-item\">\n                <div class=\"row\">\n                    <div class=\"col-md-3\">\n                        <div class=\"bg-size\" style=\"background-image: url('https:\/\/www.ull.es\/portal\/agenda\/wp-content\/uploads\/sites\/12\/2025\/10\/Seminario-de-especializacion-de-algebra-geometria-algebraica-y-singularidades-2025-2026_Banner-eventos.jpg');\"><\/div>\n                    <\/div>\n                    <div class=\"col-md-9\">\n                        <p class=\"list-group-item-date\">\n                            13\/05\/26 - 13\/05\/26                        <\/p>\n                        <p class=\"list-group-item-text\">Seminario de \u00c1lgebra, Geometr\u00eda algebraica y Singularidades, curso 2025-2026<\/p>\n                    <\/div>\n\n                <\/div>\n            <\/a>\n        \n    <\/div>\n    <div class=\"panel-footer\">\n        <a href=\"https:\/\/www.ull.es\/portal\/agenda\/eventos\/categoria\/instituto-matematicas-aplicaciones\">M\u00c1S EVENTOS <i class=\"fa fa-chevron-right\"><\/i><\/a>\n    <\/div>\n\n\n<\/div>\n[\/vc_column_text][\/vc_column][vc_column css_animation=\u00bbfadeInDown\u00bb width=\u00bb1\/3&#8243;][vc_column_text]<\/p>\n<ul class=\"widget-box\" style=\"margin: 0px !important; padding: 0px !important;\">\n<li class=\"contacto-header\">Informaci\u00f3n de contacto<\/li>\n<li><i class=\"fa fa-map-marker\"><\/i> Avenida Astrof\u00edsico Francisco S\u00e1nchez s\/n. Edificio Calabaza. 38200 San Crist\u00f3bal de La Laguna, Santa Cruz de Tenerife<\/li>\n<li><i class=\"fa fa-envelope\"><\/i><a href=\"mailto:infoiutb@ull.edu.es\" target=\"_blank\" rel=\"noopener\"> imaull@ull.es<\/a><\/li>\n<\/ul>\n<p>[\/vc_column_text][\/vc_column][\/vc_row][vc_row][vc_column][vc_empty_space][\/vc_column][\/vc_row]<\/p>\n","protected":false},"excerpt":{"rendered":"<p>[vc_row full_width=\u00bbstretch_row_content_no_spaces\u00bb content_placement=\u00bbmiddle\u00bb css=\u00bb.vc_custom_1606477415927{background-color: #f4f4f4 !important;background-position: center !important;background-repeat: no-repeat !important;background-size: cover !important;}\u00bb el_class=\u00bbtitle-departamento\u00bb][vc_column css=\u00bb.vc_custom_1605179589940{margin-top: 0px !important;padding-top: 0px !important;}\u00bb][rev_slider_vc alias=\u00bbslider-home\u00bb][\/vc_column][\/vc_row][vc_row][vc_column][vc_column_text] Instituto Universitario de investigaci\u00f3n en la Universidad de La Laguna para aglutinar y fortalecer diversos grupos de investigaci\u00f3n que trabajan en diversas \u00e1reas de las matem\u00e1ticas, tanto en aspectos te\u00f3ricos como en sus aplicaciones. [\/vc_column_text][vc_empty_space][\/vc_column][\/vc_row][vc_row full_width=\u00bbstretch_row\u00bb&#8230;<\/p>\n","protected":false},"author":2,"featured_media":0,"parent":0,"menu_order":0,"comment_status":"closed","ping_status":"closed","template":"templates\/template-frontpage.php","meta":[],"_links":{"self":[{"href":"https:\/\/www.ull.es\/institutos\/instituto-matematicas-aplicaciones\/wp-json\/wp\/v2\/pages\/20"}],"collection":[{"href":"https:\/\/www.ull.es\/institutos\/instituto-matematicas-aplicaciones\/wp-json\/wp\/v2\/pages"}],"about":[{"href":"https:\/\/www.ull.es\/institutos\/instituto-matematicas-aplicaciones\/wp-json\/wp\/v2\/types\/page"}],"author":[{"embeddable":true,"href":"https:\/\/www.ull.es\/institutos\/instituto-matematicas-aplicaciones\/wp-json\/wp\/v2\/users\/2"}],"replies":[{"embeddable":true,"href":"https:\/\/www.ull.es\/institutos\/instituto-matematicas-aplicaciones\/wp-json\/wp\/v2\/comments?post=20"}],"version-history":[{"count":29,"href":"https:\/\/www.ull.es\/institutos\/instituto-matematicas-aplicaciones\/wp-json\/wp\/v2\/pages\/20\/revisions"}],"predecessor-version":[{"id":626,"href":"https:\/\/www.ull.es\/institutos\/instituto-matematicas-aplicaciones\/wp-json\/wp\/v2\/pages\/20\/revisions\/626"}],"wp:attachment":[{"href":"https:\/\/www.ull.es\/institutos\/instituto-matematicas-aplicaciones\/wp-json\/wp\/v2\/media?parent=20"}],"curies":[{"name":"wp","href":"https:\/\/api.w.org\/{rel}","templated":true}]}}