{"id":25,"date":"2020-11-27T11:28:54","date_gmt":"2020-11-27T11:28:54","guid":{"rendered":"http:\/\/www.ull.es\/institutos\/instituto-matematicas-aplicaciones\/?page_id=25"},"modified":"2024-06-17T13:03:20","modified_gmt":"2024-06-17T13:03:20","slug":"presentacion","status":"publish","type":"page","link":"https:\/\/www.ull.es\/institutos\/instituto-matematicas-aplicaciones\/presentacion\/","title":{"rendered":"Presentaci\u00f3n"},"content":{"rendered":"<p>[vc_row full_width=\u00bbstretch_row_content\u00bb el_class=\u00bbprincipio-marcha\u00bb][vc_column css=\u00bb.vc_custom_1588939369209{padding-top: 40px !important;}\u00bb][vc_custom_heading text=\u00bbPresentaci\u00f3n\u00bb font_container=\u00bbtag:h2|text_align:center|color:%23ffffff\u00bb use_theme_fonts=\u00bbyes\u00bb css_animation=\u00bbfadeInDownBig\u00bb][\/vc_column][\/vc_row][vc_row full_width=\u00bbstretch_row_content\u00bb equal_height=\u00bbyes\u00bb][vc_column width=\u00bb1\/2&#8243; css=\u00bb.vc_custom_1588936329456{padding-top: 5% !important;padding-right: 10% !important;padding-bottom: 5% !important;padding-left: 10% !important;background-color: #f2f2f2 !important;}\u00bb][vc_column_text]El instituto persigue unir esfuerzos y entusiasmo en la investigaci\u00f3n y uso de la Matem\u00e1ticas en las Islas Canarias. Incluye equipos de investigaci\u00f3n que trabajan en An\u00e1lisis, Geometr\u00eda, Topolog\u00eda, Algebra, Investigaci\u00f3n Operativa, Estad\u00edstica, y otras \u00e1reas relacionadas de la Ingenier\u00eda, Econom\u00eda, F\u00edsica, etc. El principal objetivo del instituto es promover la investigaci\u00f3n y la transferencia de resultados, a la vez que tambi\u00e9n pretende captar y formar investigadores j\u00f3venes investigadores que garantizar\u00e1n la futura investigaci\u00f3n y docencia que actualmente desarrolla la Universidad de La Laguna.<\/p>\n<p>El 1 de diciembre de 2023, el Bolet\u00edn Oficial de Canarias public\u00f3 la resoluci\u00f3n por la que se da publicidad a la c<a href=\"https:\/\/www.gobiernodecanarias.org\/boc\/2023\/248\/012.html\" target=\"_blank\" rel=\"noopener\" target=\"_blank\" rel=\"noopener\">reaci\u00f3n del Instituto Universitario de Matem\u00e1ticas y Aplicaciones<\/a>.[\/vc_column_text][\/vc_column][vc_column width=\u00bb1\/2&#8243; css=\u00bb.vc_custom_1642597891683{background: #e5e5e5 url(http:\/\/www.ull.es\/institutos\/instituto-matematicas-aplicaciones\/wp-content\/uploads\/sites\/26\/2022\/01\/matematicas-2.jpg?id=477) !important;background-position: center !important;background-repeat: no-repeat !important;background-size: cover !important;}\u00bb][vc_empty_space height=\u00bb500px\u00bb][\/vc_column][\/vc_row]<\/p>\n","protected":false},"excerpt":{"rendered":"<p>[vc_row full_width=\u00bbstretch_row_content\u00bb el_class=\u00bbprincipio-marcha\u00bb][vc_column css=\u00bb.vc_custom_1588939369209{padding-top: 40px !important;}\u00bb][vc_custom_heading text=\u00bbPresentaci\u00f3n\u00bb font_container=\u00bbtag:h2|text_align:center|color:%23ffffff\u00bb use_theme_fonts=\u00bbyes\u00bb css_animation=\u00bbfadeInDownBig\u00bb][\/vc_column][\/vc_row][vc_row full_width=\u00bbstretch_row_content\u00bb equal_height=\u00bbyes\u00bb][vc_column width=\u00bb1\/2&#8243; css=\u00bb.vc_custom_1588936329456{padding-top: 5% !important;padding-right: 10% !important;padding-bottom: 5% !important;padding-left: 10% !important;background-color: #f2f2f2 !important;}\u00bb][vc_column_text]El instituto persigue unir esfuerzos y entusiasmo en la investigaci\u00f3n y uso de la Matem\u00e1ticas en las Islas Canarias. Incluye equipos de investigaci\u00f3n que trabajan en An\u00e1lisis, Geometr\u00eda, Topolog\u00eda, Algebra, Investigaci\u00f3n Operativa,&#8230;<\/p>\n","protected":false},"author":2,"featured_media":0,"parent":0,"menu_order":0,"comment_status":"closed","ping_status":"closed","template":"templates\/template-no-title.php","meta":[],"_links":{"self":[{"href":"https:\/\/www.ull.es\/institutos\/instituto-matematicas-aplicaciones\/wp-json\/wp\/v2\/pages\/25"}],"collection":[{"href":"https:\/\/www.ull.es\/institutos\/instituto-matematicas-aplicaciones\/wp-json\/wp\/v2\/pages"}],"about":[{"href":"https:\/\/www.ull.es\/institutos\/instituto-matematicas-aplicaciones\/wp-json\/wp\/v2\/types\/page"}],"author":[{"embeddable":true,"href":"https:\/\/www.ull.es\/institutos\/instituto-matematicas-aplicaciones\/wp-json\/wp\/v2\/users\/2"}],"replies":[{"embeddable":true,"href":"https:\/\/www.ull.es\/institutos\/instituto-matematicas-aplicaciones\/wp-json\/wp\/v2\/comments?post=25"}],"version-history":[{"count":10,"href":"https:\/\/www.ull.es\/institutos\/instituto-matematicas-aplicaciones\/wp-json\/wp\/v2\/pages\/25\/revisions"}],"predecessor-version":[{"id":625,"href":"https:\/\/www.ull.es\/institutos\/instituto-matematicas-aplicaciones\/wp-json\/wp\/v2\/pages\/25\/revisions\/625"}],"wp:attachment":[{"href":"https:\/\/www.ull.es\/institutos\/instituto-matematicas-aplicaciones\/wp-json\/wp\/v2\/media?parent=25"}],"curies":[{"name":"wp","href":"https:\/\/api.w.org\/{rel}","templated":true}]}}