{"id":536,"date":"2022-03-23T09:48:53","date_gmt":"2022-03-23T09:48:53","guid":{"rendered":"https:\/\/www.ull.es\/institutos\/instituto-matematicas-aplicaciones\/?page_id=536"},"modified":"2025-10-17T07:07:12","modified_gmt":"2025-10-17T07:07:12","slug":"seminarios","status":"publish","type":"page","link":"https:\/\/www.ull.es\/institutos\/instituto-matematicas-aplicaciones\/seminarios\/","title":{"rendered":"Seminarios"},"content":{"rendered":"<p>[vc_row full_width=\u00bbstretch_row_content\u00bb el_class=\u00bbprincipio-marcha\u00bb][vc_column css=\u00bb.vc_custom_1588939369209{padding-top: 40px !important;}\u00bb][vc_custom_heading text=\u00bbSeminarios habituales\u00bb font_container=\u00bbtag:h2|text_align:center|color:%23ffffff\u00bb use_theme_fonts=\u00bbyes\u00bb css_animation=\u00bbfadeInDownBig\u00bb][\/vc_column][\/vc_row][vc_row full_width=\u00bbstretch_row_content\u00bb equal_height=\u00bbyes\u00bb][vc_column width=\u00bb1\/2&#8243; css=\u00bb.vc_custom_1588936329456{padding-top: 5% !important;padding-right: 10% !important;padding-bottom: 5% !important;padding-left: 10% !important;background-color: #f2f2f2 !important;}\u00bb][vc_column_text]<\/p>\n<h2>Seminarios de An\u00e1lisis Matem\u00e1tico y Matem\u00e1tica Aplicada<\/h2>\n<p>El Departamento de An\u00e1lisis Matem\u00e1tico y el Instituto de Matem\u00e1ticas y Aplicaciones de la Universidad de La Laguna organizan Seminarios de An\u00e1lisis Matem\u00e1tico y Matem\u00e1tica Aplicada con car\u00e1cter semanal.<\/p>\n<ul>\n<li><a href=\"https:\/\/www.ull.es\/portal\/agenda\/evento\/seminario-de-analisis-matematico-y-matematica-aplicada-2025-2026\/\" target=\"_blank\" rel=\"noopener\" target=\"_blank\" rel=\"noopener\"><strong>Seminarios 2025-26<\/strong><\/a><\/li>\n<li><a href=\"https:\/\/www.ull.es\/portal\/agenda\/evento\/seminario-de-especializacion-de-algebra-geometria-algebraica-y-singularidades-2024-2025\/\" target=\"_blank\" rel=\"noopener\" target=\"_blank\" rel=\"noopener\"><strong>Seminarios 2024-25<\/strong><\/a><\/li>\n<li><a href=\"https:\/\/www.ull.es\/portal\/agenda\/evento\/seminario-de-analisis-matematico-y-matematica-aplicada-2023-2024\/\" target=\"_blank\" rel=\"noopener\" target=\"_blank\" rel=\"noopener\"><strong>Seminarios 2023-24<\/strong><\/a><\/li>\n<li><a href=\"https:\/\/www.ull.es\/portal\/agenda\/evento\/seminario-de-analisis-matematico-y-matematica-aplicada-2022-2023\/\" target=\"_blank\" rel=\"noopener\" target=\"_blank\" rel=\"noopener\"><strong>Seminarios 2022-23<\/strong><\/a><\/li>\n<li><strong><a href=\"https:\/\/www.ull.es\/portal\/agenda\/evento\/seminarios-de-analisis-matematico-y-matematica-aplicada\/\" target=\"_blank\" rel=\"noopener\" target=\"_blank\" rel=\"noopener\">Seminarios 2021-22<\/a><\/strong><\/li>\n<li><a href=\"https:\/\/www.ull.es\/portal\/agenda\/evento\/seminario-de-analisis-matematico-y-matematica-aplicada-2020-2021\/\" target=\"_blank\" rel=\"noopener\" target=\"_blank\" rel=\"noopener\"><strong>Seminarios 2020-21<\/strong><\/a><\/li>\n<\/ul>\n<p>[\/vc_column_text][\/vc_column][vc_column width=\u00bb1\/2&#8243; css=\u00bb.vc_custom_1648045498634{background: #e5e5e5 url(http:\/\/www.ull.es\/institutos\/instituto-matematicas-aplicaciones\/wp-content\/uploads\/sites\/26\/2022\/03\/Seminario-Analisis-Matematico-1.jpg?id=541) !important;background-position: center !important;background-repeat: no-repeat !important;background-size: contain !important;}\u00bb][vc_empty_space height=\u00bb500px\u00bb][\/vc_column][\/vc_row][vc_row full_width=\u00bbstretch_row_content\u00bb equal_height=\u00bbyes\u00bb][vc_column width=\u00bb1\/2&#8243; css=\u00bb.vc_custom_1648045549593{background: #e5e5e5 url(http:\/\/www.ull.es\/institutos\/instituto-matematicas-aplicaciones\/wp-content\/uploads\/sites\/26\/2022\/03\/Especializacion-de-algebra_banner-1.jpg?id=540) !important;background-position: center !important;background-repeat: no-repeat !important;background-size: contain !important;}\u00bb][vc_empty_space height=\u00bb500px\u00bb][\/vc_column][vc_column width=\u00bb1\/2&#8243; css=\u00bb.vc_custom_1588936329456{padding-top: 5% !important;padding-right: 10% !important;padding-bottom: 5% !important;padding-left: 10% !important;background-color: #f2f2f2 !important;}\u00bb][vc_column_text]<\/p>\n<h2>Seminarios de especializaci\u00f3n de \u00c1lgebra, Geometr\u00eda Algebraica y Singularidades<\/h2>\n<p>El Grupo de Investigaci\u00f3n Geometr\u00eda Algebraica: singularidades e invariantes organiza el Seminario online de Especializaci\u00f3n Permanente de \u00c1lgebra, Geometr\u00eda algebraica y Singularidades.<\/p>\n<p>El objetivo de este seminario es reunir a expertos en \u00c1lgebra y Geometr\u00eda Algebraica, reconocidos internacionalmente, que hablar\u00e1n sobre los \u00faltimos avances en la investigaci\u00f3n que desarrollan y que se encuadren en las \u00e1reas tem\u00e1ticas de este seminario. El presente seminario est\u00e1 vinculado al programa de Doctorado de Matem\u00e1ticas y Estad\u00edstica de la ULL y est\u00e1 subvencionado por el Vicerrectorado de Investigaci\u00f3n, Transferencia y Campus Santa Cruz y Sur.<\/p>\n<ul>\n<li><strong><a href=\"https:\/\/www.ull.es\/portal\/agenda\/evento\/seminario-de-algebra-geometria-algebraica-y-singularidades-curso-2025-2026\/\" target=\"_blank\" rel=\"noopener\">Seminarios 2025-26<\/a><\/strong><\/li>\n<li><strong><a href=\"https:\/\/www.ull.es\/portal\/agenda\/evento\/seminario-de-especializacion-de-algebra-geometria-algebraica-y-singularidades-2024-2025\/\" target=\"_blank\" rel=\"noopener\">Seminarios 2024-25<\/a><\/strong><\/li>\n<li><strong><a href=\"https:\/\/www.ull.es\/portal\/agenda\/evento\/seminario-de-especializacion-de-algebra-geometria-algebraica-y-singularidades-2023-2024\/\" target=\"_blank\" rel=\"noopener\">Seminarios 2023-24<\/a><\/strong><\/li>\n<li><a href=\"https:\/\/www.ull.es\/portal\/agenda\/evento\/seminario-de-especializacion-de-algebra-geometria-algebraica-y-singularidades-2022-2023\/\" target=\"_blank\" rel=\"noopener\" target=\"_blank\" rel=\"noopener\"><strong>Seminarios 2022-23<\/strong><\/a><\/li>\n<li><strong><a href=\"https:\/\/www.ull.es\/portal\/agenda\/evento\/seminario-de-especializacion-de-algebra-geometria-algebraica-y-singularidades\/\" target=\"_blank\" rel=\"noopener\" target=\"_blank\" rel=\"noopener\">Seminarios 2021-22<\/a><\/strong><\/li>\n<li><a href=\"https:\/\/www.ull.es\/portal\/agenda\/evento\/seminario-de-especializacion-de-algebra-geometria-algebraica-y-singularidades-2020-2021\/\" target=\"_blank\" rel=\"noopener\" target=\"_blank\" rel=\"noopener\"><strong>Seminarios 2020-21<\/strong><\/a><\/li>\n<\/ul>\n<p>[\/vc_column_text][\/vc_column][\/vc_row][vc_row][vc_column][vc_empty_space height=\u00bb64px\u00bb][\/vc_column][\/vc_row][vc_row full_width=\u00bbstretch_row_content\u00bb el_class=\u00bbprincipio-marcha\u00bb][vc_column css=\u00bb.vc_custom_1588939369209{padding-top: 40px !important;}\u00bb][vc_custom_heading text=\u00bbOtros seminarios\u00bb font_container=\u00bbtag:h2|text_align:center|color:%23ffffff\u00bb use_theme_fonts=\u00bbyes\u00bb css_animation=\u00bbfadeInDownBig\u00bb][\/vc_column][\/vc_row][vc_row full_width=\u00bbstretch_row_content\u00bb equal_height=\u00bbyes\u00bb][vc_column css=\u00bb.vc_custom_1588936329456{padding-top: 5% !important;padding-right: 10% !important;padding-bottom: 5% !important;padding-left: 10% !important;background-color: #f2f2f2 !important;}\u00bb][vc_column_text]<em>La informaci\u00f3n sobre los seminarios se ir\u00e1 publicando en este espacio<\/em>[\/vc_column_text][\/vc_column][\/vc_row]<\/p>\n","protected":false},"excerpt":{"rendered":"<p>[vc_row full_width=\u00bbstretch_row_content\u00bb el_class=\u00bbprincipio-marcha\u00bb][vc_column css=\u00bb.vc_custom_1588939369209{padding-top: 40px !important;}\u00bb][vc_custom_heading text=\u00bbSeminarios habituales\u00bb font_container=\u00bbtag:h2|text_align:center|color:%23ffffff\u00bb use_theme_fonts=\u00bbyes\u00bb css_animation=\u00bbfadeInDownBig\u00bb][\/vc_column][\/vc_row][vc_row full_width=\u00bbstretch_row_content\u00bb equal_height=\u00bbyes\u00bb][vc_column width=\u00bb1\/2&#8243; css=\u00bb.vc_custom_1588936329456{padding-top: 5% !important;padding-right: 10% !important;padding-bottom: 5% !important;padding-left: 10% !important;background-color: #f2f2f2 !important;}\u00bb][vc_column_text] Seminarios de An\u00e1lisis Matem\u00e1tico y Matem\u00e1tica Aplicada El Departamento de An\u00e1lisis Matem\u00e1tico y el Instituto de Matem\u00e1ticas y Aplicaciones de la Universidad de La Laguna organizan Seminarios de An\u00e1lisis Matem\u00e1tico&#8230;<\/p>\n","protected":false},"author":6,"featured_media":0,"parent":0,"menu_order":0,"comment_status":"closed","ping_status":"closed","template":"","meta":[],"_links":{"self":[{"href":"https:\/\/www.ull.es\/institutos\/instituto-matematicas-aplicaciones\/wp-json\/wp\/v2\/pages\/536"}],"collection":[{"href":"https:\/\/www.ull.es\/institutos\/instituto-matematicas-aplicaciones\/wp-json\/wp\/v2\/pages"}],"about":[{"href":"https:\/\/www.ull.es\/institutos\/instituto-matematicas-aplicaciones\/wp-json\/wp\/v2\/types\/page"}],"author":[{"embeddable":true,"href":"https:\/\/www.ull.es\/institutos\/instituto-matematicas-aplicaciones\/wp-json\/wp\/v2\/users\/6"}],"replies":[{"embeddable":true,"href":"https:\/\/www.ull.es\/institutos\/instituto-matematicas-aplicaciones\/wp-json\/wp\/v2\/comments?post=536"}],"version-history":[{"count":16,"href":"https:\/\/www.ull.es\/institutos\/instituto-matematicas-aplicaciones\/wp-json\/wp\/v2\/pages\/536\/revisions"}],"predecessor-version":[{"id":632,"href":"https:\/\/www.ull.es\/institutos\/instituto-matematicas-aplicaciones\/wp-json\/wp\/v2\/pages\/536\/revisions\/632"}],"wp:attachment":[{"href":"https:\/\/www.ull.es\/institutos\/instituto-matematicas-aplicaciones\/wp-json\/wp\/v2\/media?parent=536"}],"curies":[{"name":"wp","href":"https:\/\/api.w.org\/{rel}","templated":true}]}}